{"id":13072,"date":"2024-02-29T08:38:39","date_gmt":"2024-02-29T08:38:39","guid":{"rendered":"https:\/\/projekt.vombat.ee\/eco\/?post_type=product&#038;p=13072"},"modified":"2024-05-26T18:49:36","modified_gmt":"2024-05-26T18:49:36","slug":"engwe-y10-elektriline-toukeratas-65-km","status":"publish","type":"product","link":"https:\/\/projekt.vombat.ee\/eco\/pood\/brandid\/engwe\/engwe-y10-elektriline-toukeratas-65-km\/","title":{"rendered":"ENGWE Y10 elektriline t\u00f5ukeratas, 65 km"},"content":{"rendered":"<h1>ENGWE Y10 elektriline t\u00f5ukeratas<\/h1>\n<p>Muuda oma igap\u00e4evane liikumine mugavamaks ja stiilsemaks ENGWE Y10 elektrit\u00f5ukerattaga, mis pakub tipptasemel omadusi, ideaalne nii linnas liiklemiseks kui ka kaugemate vahemaade l\u00e4bimiseks!<\/p>\n<p><img fetchpriority=\"high\" decoding=\"async\" class=\"alignnone\" src=\"https:\/\/a.allegroimg.com\/original\/11eebe\/ac6fa07b41a081ebffff7b28856e\/Hulajnoga-Elektryczna-ENGWE-Y10-500W-65km-Cechy-dodatkowe-licznik-oswietlenie-predkosciomierz-skladana-wodoodpornosc\" alt=\"ENGWE Y10 elektriline t\u00f5ukeratas\" width=\"737\" height=\"853\" \/><\/p>\n<h3>Info<\/h3>\n<ul>\n<li>350W harjadeta mootor<\/li>\n<li>65 km \u00fche laadimise kohta (PAS re\u017eiim)<\/li>\n<li>Suunatuled<\/li>\n<li>V\u00e4rviline LED-ekraan<\/li>\n<li>Kokkupandav raam<\/li>\n<li>Paksud 10 x 3,0 tolli rehvid<\/li>\n<li>Trummelpidurid E-ABS pidurid&#8221;<\/li>\n<\/ul>\n<p><span style=\"color: #2f2f2f; font-size: 24px; font-weight: 600;\">Elektriline aku 36V 13Ah<\/span><\/p>\n<p>BMS-s\u00fcsteem j\u00e4lgib pidevalt ja toetab \u00fclelaadimise ja t\u00fchjenemise eest.<\/p>\n<ul>\n<li>L\u00fchisekaitse<\/li>\n<li>\u00dclekoormuskaitse<\/li>\n<li>\u00dclelaadimiskaitse<\/li>\n<li>Temperatuurikaitse<\/li>\n<\/ul>\n<p><img decoding=\"async\" class=\"\" src=\"https:\/\/a.allegroimg.com\/original\/114f60\/a8a6a4474964925d4a0b527f77a7\/Hulajnoga-Elektryczna-ENGWE-Y10-500W-65km-Kolor-czarny\" alt=\"ENGWE Y10 Electric Scooter 500W 65km Black color\" width=\"433\" height=\"433\" \/><img decoding=\"async\" class=\"\" src=\"https:\/\/a.allegroimg.com\/original\/110652\/17db2c5548fdbad736fca9d4fc13\/Hulajnoga-Elektryczna-ENGWE-Y10-500W-65km-Waga-17-2-kg\" alt=\"ENGWE Y10 Electric Scooter 500W 65km Weight 17.2 kg\" width=\"433\" height=\"433\" \/><\/p>\n<h3>Sisseehitatud kaitse\u00fcmbris turvalisuse jaoks<\/h3>\n<p>Kaitsetehnika pikendatud kaitseks ja lisaturvalisuseks<\/p>\n<ul>\n<li>Kuumuskahanev foolium<\/li>\n<li>Epoksiidplaat<\/li>\n<li>Odrapaber<\/li>\n<li>Kaitsev\u00f5rk<\/li>\n<li>Sideklamber<\/li>\n<\/ul>\n<h3>Kokkupandav ja kerge disain<\/h3>\n<p>ENGWE Y10-l on alumiiniumsulamist korpus. See kaalub ainult 15 kg aga sellel on kandev\u00f5ime kuni 150 kg. Seda elektrilist t\u00f5ukeratast saab h\u00f5lpsasti kolmes etapis kokku panna ja selle kerge korpus v\u00f5imaldab t\u00f5stmist ilma j\u00f5udu kasutamata.<\/p>\n<p><img loading=\"lazy\" decoding=\"async\" class=\"alignnone\" src=\"https:\/\/a.allegroimg.com\/original\/111504\/66a0062c487188a23c0d11effadc\/Hulajnoga-Elektryczna-ENGWE-Y10-500W-65km-Srednica-kol-cale-10\" alt=\"ENGWE Y10 elektriline t\u00f5ukeratas\" width=\"665\" height=\"909\" \/><\/p>\n","protected":false},"excerpt":{"rendered":"<p><strong>ENGWE Y10 elektriline t\u00f5ukeratas<\/strong><\/p>\n<ul>\n<li><strong>Aku: 36V 13Ah<\/strong><\/li>\n<li><strong>Maksimaalne kiirus: 25 km\/h (piirajaga)\u00a0<\/strong><\/li>\n<li><strong>Ulatus \u00fche laadimisega: 65 km<\/strong><\/li>\n<li><strong>Raam: Kokkupandav, alumiiniumsulamist<\/strong><\/li>\n<li><strong>Rehvid: Paksud 10 x 3,0 tolli<\/strong><\/li>\n<li><strong>Pidurid: Trummelpidurid koos E-ABS s\u00fcsteemiga<\/strong><\/li>\n<li><strong>Kandev\u00f5ime: 150 kg<\/strong><\/li>\n<li><strong>Ekstra funktsioonid: V\u00e4rviline LED-ekraan, suunatuled, ECO re\u017eiim<\/strong><\/li>\n<\/ul>\n<p>&nbsp;<\/p>\n<p><strong>\u2666 Tarneaeg 2-7 p\u00e4eva<\/strong><br \/>\n<strong>\u2666 Laos<\/strong><\/p>\n","protected":false},"featured_media":14808,"template":"","meta":[],"product_cat":[53,909,56],"product_tag":[],"class_list":{"0":"post-13072","1":"product","2":"type-product","3":"status-publish","4":"has-post-thumbnail","6":"product_cat-elektritoukerattad","7":"product_cat-linna-toukerattad","8":"product_cat-engwe","9":"product_shipping_class-suured-pakid","11":"first","12":"instock","13":"sale","14":"taxable","15":"shipping-taxable","16":"purchasable","17":"product-type-simple"},"yoast_head":"<!-- This site is optimized with the Yoast SEO plugin v23.8 - https:\/\/yoast.com\/wordpress\/plugins\/seo\/ -->\n<title>ENGWE Y10 elektriline t\u00f5ukeratas, 65 km - Ecocruiser<\/title>\n<meta name=\"description\" content=\"ENGWE Y10 elektriline t\u00f5ukeratas, \u00fchendab endas kerge ja kokkupandava disaini, vastupidav alumiiniumsulamist korpus ja muljetavaldav 150 kg kandev\u00f5ime teevad sellest ideaalse valiku igap\u00e4evaseks liikumiseks!\" \/>\n<meta name=\"robots\" content=\"noindex, follow, max-snippet:-1, max-image-preview:large, max-video-preview:-1\" \/>\n<meta property=\"og:locale\" content=\"en_GB\" \/>\n<meta property=\"og:type\" content=\"article\" \/>\n<meta property=\"og:title\" content=\"ENGWE Y10 elektriline t\u00f5ukeratas, 65 km - Ecocruiser\" \/>\n<meta property=\"og:description\" content=\"ENGWE Y10 elektriline t\u00f5ukeratas, \u00fchendab endas kerge ja kokkupandava disaini, vastupidav alumiiniumsulamist korpus ja muljetavaldav 150 kg kandev\u00f5ime teevad sellest ideaalse valiku igap\u00e4evaseks liikumiseks!\" \/>\n<meta property=\"og:url\" content=\"https:\/\/projekt.vombat.ee\/eco\/pood\/brandid\/engwe\/engwe-y10-elektriline-toukeratas-65-km\/\" \/>\n<meta property=\"og:site_name\" content=\"Ecocruiser\" \/>\n<meta property=\"article:modified_time\" content=\"2024-05-26T18:49:36+00:00\" \/>\n<meta property=\"og:image\" content=\"https:\/\/projekt.vombat.ee\/eco\/wp-content\/uploads\/2024\/01\/1-16-scaled.webp\" \/>\n\t<meta property=\"og:image:width\" content=\"1838\" \/>\n\t<meta property=\"og:image:height\" content=\"2560\" \/>\n\t<meta property=\"og:image:type\" content=\"image\/webp\" \/>\n<meta name=\"twitter:card\" content=\"summary_large_image\" \/>\n<meta name=\"twitter:label1\" content=\"Estimated reading time\" \/>\n\t<meta name=\"twitter:data1\" content=\"2 minutes\" \/>\n<script type=\"application\/ld+json\" class=\"yoast-schema-graph\">{\"@context\":\"https:\/\/schema.org\",\"@graph\":[{\"@type\":\"WebPage\",\"@id\":\"https:\/\/projekt.vombat.ee\/eco\/pood\/brandid\/engwe\/engwe-y10-elektriline-toukeratas-65-km\/\",\"url\":\"https:\/\/projekt.vombat.ee\/eco\/pood\/brandid\/engwe\/engwe-y10-elektriline-toukeratas-65-km\/\",\"name\":\"ENGWE Y10 elektriline t\u00f5ukeratas, 65 km - Ecocruiser\",\"isPartOf\":{\"@id\":\"https:\/\/projekt.vombat.ee\/eco\/#website\"},\"primaryImageOfPage\":{\"@id\":\"https:\/\/projekt.vombat.ee\/eco\/pood\/brandid\/engwe\/engwe-y10-elektriline-toukeratas-65-km\/#primaryimage\"},\"image\":{\"@id\":\"https:\/\/projekt.vombat.ee\/eco\/pood\/brandid\/engwe\/engwe-y10-elektriline-toukeratas-65-km\/#primaryimage\"},\"thumbnailUrl\":\"https:\/\/projekt.vombat.ee\/eco\/wp-content\/uploads\/2024\/01\/1-16-scaled.webp\",\"datePublished\":\"2024-02-29T08:38:39+00:00\",\"dateModified\":\"2024-05-26T18:49:36+00:00\",\"description\":\"ENGWE Y10 elektriline t\u00f5ukeratas, \u00fchendab endas kerge ja kokkupandava disaini, vastupidav alumiiniumsulamist korpus ja muljetavaldav 150 kg kandev\u00f5ime teevad sellest ideaalse valiku igap\u00e4evaseks liikumiseks!\",\"breadcrumb\":{\"@id\":\"https:\/\/projekt.vombat.ee\/eco\/pood\/brandid\/engwe\/engwe-y10-elektriline-toukeratas-65-km\/#breadcrumb\"},\"inLanguage\":\"en-GB\",\"potentialAction\":[{\"@type\":\"ReadAction\",\"target\":[\"https:\/\/projekt.vombat.ee\/eco\/pood\/brandid\/engwe\/engwe-y10-elektriline-toukeratas-65-km\/\"]}]},{\"@type\":\"ImageObject\",\"inLanguage\":\"en-GB\",\"@id\":\"https:\/\/projekt.vombat.ee\/eco\/pood\/brandid\/engwe\/engwe-y10-elektriline-toukeratas-65-km\/#primaryimage\",\"url\":\"https:\/\/projekt.vombat.ee\/eco\/wp-content\/uploads\/2024\/01\/1-16-scaled.webp\",\"contentUrl\":\"https:\/\/projekt.vombat.ee\/eco\/wp-content\/uploads\/2024\/01\/1-16-scaled.webp\",\"width\":1838,\"height\":2560},{\"@type\":\"BreadcrumbList\",\"@id\":\"https:\/\/projekt.vombat.ee\/eco\/pood\/brandid\/engwe\/engwe-y10-elektriline-toukeratas-65-km\/#breadcrumb\",\"itemListElement\":[{\"@type\":\"ListItem\",\"position\":1,\"name\":\"Home\",\"item\":\"https:\/\/projekt.vombat.ee\/eco\/\"},{\"@type\":\"ListItem\",\"position\":2,\"name\":\"Pood\",\"item\":\"https:\/\/projekt.vombat.ee\/eco\/pood\/\"},{\"@type\":\"ListItem\",\"position\":3,\"name\":\"ENGWE Y10 elektriline t\u00f5ukeratas, 65 km\"}]},{\"@type\":\"WebSite\",\"@id\":\"https:\/\/projekt.vombat.ee\/eco\/#website\",\"url\":\"https:\/\/projekt.vombat.ee\/eco\/\",\"name\":\"Ecocruiser\",\"description\":\"\",\"publisher\":{\"@id\":\"https:\/\/projekt.vombat.ee\/eco\/#organization\"},\"potentialAction\":[{\"@type\":\"SearchAction\",\"target\":{\"@type\":\"EntryPoint\",\"urlTemplate\":\"https:\/\/projekt.vombat.ee\/eco\/?s={search_term_string}\"},\"query-input\":{\"@type\":\"PropertyValueSpecification\",\"valueRequired\":true,\"valueName\":\"search_term_string\"}}],\"inLanguage\":\"en-GB\"},{\"@type\":\"Organization\",\"@id\":\"https:\/\/projekt.vombat.ee\/eco\/#organization\",\"name\":\"Ecocruiser\",\"url\":\"https:\/\/projekt.vombat.ee\/eco\/\",\"logo\":{\"@type\":\"ImageObject\",\"inLanguage\":\"en-GB\",\"@id\":\"https:\/\/projekt.vombat.ee\/eco\/#\/schema\/logo\/image\/\",\"url\":\"https:\/\/projekt.vombat.ee\/eco\/wp-content\/uploads\/2023\/03\/ECOCRUISER_5.png\",\"contentUrl\":\"https:\/\/projekt.vombat.ee\/eco\/wp-content\/uploads\/2023\/03\/ECOCRUISER_5.png\",\"width\":234,\"height\":91,\"caption\":\"Ecocruiser\"},\"image\":{\"@id\":\"https:\/\/projekt.vombat.ee\/eco\/#\/schema\/logo\/image\/\"}}]}<\/script>\n<!-- \/ Yoast SEO plugin. -->","yoast_head_json":{"title":"ENGWE Y10 elektriline t\u00f5ukeratas, 65 km - Ecocruiser","description":"ENGWE Y10 elektriline t\u00f5ukeratas, \u00fchendab endas kerge ja kokkupandava disaini, vastupidav alumiiniumsulamist korpus ja muljetavaldav 150 kg kandev\u00f5ime teevad sellest ideaalse valiku igap\u00e4evaseks liikumiseks!","robots":{"index":"noindex","follow":"follow","max-snippet":"max-snippet:-1","max-image-preview":"max-image-preview:large","max-video-preview":"max-video-preview:-1"},"og_locale":"en_GB","og_type":"article","og_title":"ENGWE Y10 elektriline t\u00f5ukeratas, 65 km - Ecocruiser","og_description":"ENGWE Y10 elektriline t\u00f5ukeratas, \u00fchendab endas kerge ja kokkupandava disaini, vastupidav alumiiniumsulamist korpus ja muljetavaldav 150 kg kandev\u00f5ime teevad sellest ideaalse valiku igap\u00e4evaseks liikumiseks!","og_url":"https:\/\/projekt.vombat.ee\/eco\/pood\/brandid\/engwe\/engwe-y10-elektriline-toukeratas-65-km\/","og_site_name":"Ecocruiser","article_modified_time":"2024-05-26T18:49:36+00:00","og_image":[{"width":1838,"height":2560,"url":"https:\/\/projekt.vombat.ee\/eco\/wp-content\/uploads\/2024\/01\/1-16-scaled.webp","type":"image\/webp"}],"twitter_card":"summary_large_image","twitter_misc":{"Estimated reading time":"2 minutes"},"schema":{"@context":"https:\/\/schema.org","@graph":[{"@type":"WebPage","@id":"https:\/\/projekt.vombat.ee\/eco\/pood\/brandid\/engwe\/engwe-y10-elektriline-toukeratas-65-km\/","url":"https:\/\/projekt.vombat.ee\/eco\/pood\/brandid\/engwe\/engwe-y10-elektriline-toukeratas-65-km\/","name":"ENGWE Y10 elektriline t\u00f5ukeratas, 65 km - Ecocruiser","isPartOf":{"@id":"https:\/\/projekt.vombat.ee\/eco\/#website"},"primaryImageOfPage":{"@id":"https:\/\/projekt.vombat.ee\/eco\/pood\/brandid\/engwe\/engwe-y10-elektriline-toukeratas-65-km\/#primaryimage"},"image":{"@id":"https:\/\/projekt.vombat.ee\/eco\/pood\/brandid\/engwe\/engwe-y10-elektriline-toukeratas-65-km\/#primaryimage"},"thumbnailUrl":"https:\/\/projekt.vombat.ee\/eco\/wp-content\/uploads\/2024\/01\/1-16-scaled.webp","datePublished":"2024-02-29T08:38:39+00:00","dateModified":"2024-05-26T18:49:36+00:00","description":"ENGWE Y10 elektriline t\u00f5ukeratas, \u00fchendab endas kerge ja kokkupandava disaini, vastupidav alumiiniumsulamist korpus ja muljetavaldav 150 kg kandev\u00f5ime teevad sellest ideaalse valiku igap\u00e4evaseks liikumiseks!","breadcrumb":{"@id":"https:\/\/projekt.vombat.ee\/eco\/pood\/brandid\/engwe\/engwe-y10-elektriline-toukeratas-65-km\/#breadcrumb"},"inLanguage":"en-GB","potentialAction":[{"@type":"ReadAction","target":["https:\/\/projekt.vombat.ee\/eco\/pood\/brandid\/engwe\/engwe-y10-elektriline-toukeratas-65-km\/"]}]},{"@type":"ImageObject","inLanguage":"en-GB","@id":"https:\/\/projekt.vombat.ee\/eco\/pood\/brandid\/engwe\/engwe-y10-elektriline-toukeratas-65-km\/#primaryimage","url":"https:\/\/projekt.vombat.ee\/eco\/wp-content\/uploads\/2024\/01\/1-16-scaled.webp","contentUrl":"https:\/\/projekt.vombat.ee\/eco\/wp-content\/uploads\/2024\/01\/1-16-scaled.webp","width":1838,"height":2560},{"@type":"BreadcrumbList","@id":"https:\/\/projekt.vombat.ee\/eco\/pood\/brandid\/engwe\/engwe-y10-elektriline-toukeratas-65-km\/#breadcrumb","itemListElement":[{"@type":"ListItem","position":1,"name":"Home","item":"https:\/\/projekt.vombat.ee\/eco\/"},{"@type":"ListItem","position":2,"name":"Pood","item":"https:\/\/projekt.vombat.ee\/eco\/pood\/"},{"@type":"ListItem","position":3,"name":"ENGWE Y10 elektriline t\u00f5ukeratas, 65 km"}]},{"@type":"WebSite","@id":"https:\/\/projekt.vombat.ee\/eco\/#website","url":"https:\/\/projekt.vombat.ee\/eco\/","name":"Ecocruiser","description":"","publisher":{"@id":"https:\/\/projekt.vombat.ee\/eco\/#organization"},"potentialAction":[{"@type":"SearchAction","target":{"@type":"EntryPoint","urlTemplate":"https:\/\/projekt.vombat.ee\/eco\/?s={search_term_string}"},"query-input":{"@type":"PropertyValueSpecification","valueRequired":true,"valueName":"search_term_string"}}],"inLanguage":"en-GB"},{"@type":"Organization","@id":"https:\/\/projekt.vombat.ee\/eco\/#organization","name":"Ecocruiser","url":"https:\/\/projekt.vombat.ee\/eco\/","logo":{"@type":"ImageObject","inLanguage":"en-GB","@id":"https:\/\/projekt.vombat.ee\/eco\/#\/schema\/logo\/image\/","url":"https:\/\/projekt.vombat.ee\/eco\/wp-content\/uploads\/2023\/03\/ECOCRUISER_5.png","contentUrl":"https:\/\/projekt.vombat.ee\/eco\/wp-content\/uploads\/2023\/03\/ECOCRUISER_5.png","width":234,"height":91,"caption":"Ecocruiser"},"image":{"@id":"https:\/\/projekt.vombat.ee\/eco\/#\/schema\/logo\/image\/"}}]}},"lang":"et","translations":{"et":13072,"ru":16237},"pll_sync_post":[],"_links":{"self":[{"href":"https:\/\/projekt.vombat.ee\/eco\/wp-json\/wp\/v2\/product\/13072"}],"collection":[{"href":"https:\/\/projekt.vombat.ee\/eco\/wp-json\/wp\/v2\/product"}],"about":[{"href":"https:\/\/projekt.vombat.ee\/eco\/wp-json\/wp\/v2\/types\/product"}],"version-history":[{"count":12,"href":"https:\/\/projekt.vombat.ee\/eco\/wp-json\/wp\/v2\/product\/13072\/revisions"}],"predecessor-version":[{"id":17367,"href":"https:\/\/projekt.vombat.ee\/eco\/wp-json\/wp\/v2\/product\/13072\/revisions\/17367"}],"wp:featuredmedia":[{"embeddable":true,"href":"https:\/\/projekt.vombat.ee\/eco\/wp-json\/wp\/v2\/media\/14808"}],"wp:attachment":[{"href":"https:\/\/projekt.vombat.ee\/eco\/wp-json\/wp\/v2\/media?parent=13072"}],"wp:term":[{"taxonomy":"product_cat","embeddable":true,"href":"https:\/\/projekt.vombat.ee\/eco\/wp-json\/wp\/v2\/product_cat?post=13072"},{"taxonomy":"product_tag","embeddable":true,"href":"https:\/\/projekt.vombat.ee\/eco\/wp-json\/wp\/v2\/product_tag?post=13072"}],"curies":[{"name":"wp","href":"https:\/\/api.w.org\/{rel}","templated":true}]}}