{"id":13071,"date":"2024-01-04T12:36:50","date_gmt":"2024-01-04T12:36:50","guid":{"rendered":"https:\/\/projekt.vombat.ee\/eco\/?post_type=product&#038;p=13071"},"modified":"2024-05-02T17:19:48","modified_gmt":"2024-05-02T17:19:48","slug":"fafrees-fm8-elektrijalgratas","status":"publish","type":"product","link":"https:\/\/projekt.vombat.ee\/eco\/pood\/elektrirattad\/linnarattad\/fafrees-fm8-elektrijalgratas\/","title":{"rendered":"Fafrees FM8 Elektrijalgratas, 120km"},"content":{"rendered":"<h3>Fafrees FM8 Elektrijalgratas<\/h3>\n<p>Keskmise k\u00e4iguga elektrijalgratas Fafrees FM8 on ideaalne kaaslane puhkuseks, treenimiseks ja asjade transportimiseks. Aktiivne geomeetria koos madala astmega raamiga loob l\u00f5busa ja elava kogemuse, mis sobib suurep\u00e4raselt linnas\u00f5itudeks ja seiklusteks. Integreeritud keskmootor, p\u00f6\u00f6rdemomendi andur ja v\u00e4ndamehhanism tagavad sujuva, vaikse ja sujuva s\u00f5idu, samas kui mootori p\u00f5hikontroller kasutab t\u00e4ielikult \u00e4ra elektroonilist lisatoite valikud. Peidetud aku tagab suurep\u00e4rase veekindluse. Komplekt sisaldab t\u00e4ielikult laiendatud poritiibasid, LED-tulesid ja kohandatud HD-tagaraami. Vajutage pedaali ja minge tundma tuult oma n\u00e4os, \u00f5hku kopsudes ja k\u00f5ike seda, mida elu kahel rattal pakub.<\/p>\n<p>&nbsp;<\/p>\n<p><img fetchpriority=\"high\" decoding=\"async\" class=\"\" src=\"https:\/\/www.geekmaxi.com\/img\/p\/2\/6\/6\/9\/2\/26692-thickbox_default.webp\" alt=\"FAFREES FM8 Pro 27.5 Inch Air Tires Electric Bike, 36V 250W ...\" width=\"893\" height=\"893\" \/><\/p>\n<p>&nbsp;<\/p>\n<ul>\n<li>Mootor 250 W, 36 V keskmine ajam ANANDA M60<\/li>\n<li>Maksimaalne p\u00f6\u00f6rdemoment 70N.M<\/li>\n<li>36 V liitiumioonaku, 14,5 Ah (522 Wh)<\/li>\n<li>Laadija 36V 2AH Laadija, laadimine 6-8 tundi<\/li>\n<li>Ekraan Smart LCD ekraan APP juhtimisega<\/li>\n<li>Andur P\u00f6\u00f6rdemomendi andur<\/li>\n<li>Raam 6061 Topeltaukudega alumiiniumsulam<\/li>\n<li>Alumiiniumist rool 22,2mm, 660mm<\/li>\n<li>Kahvel H\u00fcdrauliline vedrustus Kahvel, 100 mm k\u00e4ik lukuga<\/li>\n<li>Pidurid TEKTRO h\u00fcdraulilised ketaspidurid<\/li>\n<li>K\u00e4igukast SHIMANO ALTUS 9 kiirust<\/li>\n<li>Topeltseintega rattad, alumiinium, 36H<\/li>\n<li>Torud but\u00fc\u00fclkummist, Schraderi ventiil<\/li>\n<li>Esitule LED pirn<\/li>\n<li>M\u00f5\u00f5dud LED pirn<\/li>\n<li>Ketir\u00f5ngas 170mm 38T-ga<\/li>\n<li>Pedaalid Platvormi pedaalid<\/li>\n<li>Istmeposti alumiiniumsulamist, 30,4 mm, L \/ 300 mm<\/li>\n<li>Ratta kaal: 25 kg<\/li>\n<li>Statiiv, kaasas tagumine kronstein<\/li>\n<li>36 V 14,4 Ah Liitium aku<\/li>\n<li>250 W mootor<\/li>\n<li>Maksimaalne s\u00f5iduulatus 120 km<\/li>\n<li>S\u00fcsinikkiust raam<\/li>\n<li>Nutikas LCD ekraan<\/li>\n<li>Kiirus 25 km\/h<\/li>\n<\/ul>\n","protected":false},"excerpt":{"rendered":"<h4>Fafrees FM8 Elektrijalgratas<\/h4>\n<ul>\n<li>S\u00f5iduulatus 120 km<\/li>\n<li>Vaikimisi on kiirus 25 km\/h<\/li>\n<li>Pedal Assist 5 taset<\/li>\n<li>Vedrustus H\u00fcdrauliline vedrustuskahvel<\/li>\n<li>K\u00e4igukast SHIMANO ALTUS 9 kiirust<\/li>\n<li>Rehvid CST 27,5&#8243;*2,25<\/li>\n<li>Jalgratta kaal on 25 kg<\/li>\n<li>Kaal Kandev\u00f5ime 150 kg<\/li>\n<li>Sobib s\u00f5itjale pikkusega: 168-210cm<\/li>\n<li>Mootor 250 W, 36 V keskmine ajam ANANDA M60<\/li>\n<li>AKU: 36 V liitiumioonaku, 14,5 Ah (522 Wh)<\/li>\n<li>Laadija 36V 2AH Laadija, laadimine 6-8 tundi<\/li>\n<\/ul>\n<p><strong>Tarneaeg: 2-6 p\u00e4eva<\/strong><\/p>\n<p><strong>Laos<\/strong><\/p>\n","protected":false},"featured_media":14938,"template":"","meta":[],"product_cat":[52,903,905],"product_tag":[],"class_list":{"0":"post-13071","1":"product","2":"type-product","3":"status-publish","4":"has-post-thumbnail","6":"product_cat-elektrirattad","7":"product_cat-linnarattad","8":"product_cat-maastikurattad","9":"product_shipping_class-suured-pakid","11":"first","12":"instock","13":"taxable","14":"shipping-taxable","15":"purchasable","16":"product-type-variable"},"yoast_head":"<!-- This site is optimized with the Yoast SEO plugin v23.8 - https:\/\/yoast.com\/wordpress\/plugins\/seo\/ -->\n<title>Fafrees FM8 Elektrijalgratas, 120km - Ecocruiser<\/title>\n<meta name=\"description\" content=\"Stiilne ja trendikas elektriratas treeninguks v\u00f5i lihtsalt t\u00e4navas\u00f5iduks ja asjade transportimiseks, tagab vaikse ja sujuva s\u00f5idu.\" \/>\n<meta name=\"robots\" content=\"noindex, follow, max-snippet:-1, max-image-preview:large, max-video-preview:-1\" \/>\n<meta property=\"og:locale\" content=\"en_GB\" \/>\n<meta property=\"og:type\" content=\"article\" \/>\n<meta property=\"og:title\" content=\"Fafrees FM8 Elektrijalgratas, 120km - Ecocruiser\" \/>\n<meta property=\"og:description\" content=\"Stiilne ja trendikas elektriratas treeninguks v\u00f5i lihtsalt t\u00e4navas\u00f5iduks ja asjade transportimiseks, tagab vaikse ja sujuva s\u00f5idu.\" \/>\n<meta property=\"og:url\" content=\"https:\/\/projekt.vombat.ee\/eco\/pood\/elektrirattad\/linnarattad\/fafrees-fm8-elektrijalgratas\/\" \/>\n<meta property=\"og:site_name\" content=\"Ecocruiser\" \/>\n<meta property=\"article:modified_time\" content=\"2024-05-02T17:19:48+00:00\" \/>\n<meta property=\"og:image\" content=\"https:\/\/projekt.vombat.ee\/eco\/wp-content\/uploads\/2024\/01\/Untitled-design-62.png\" \/>\n\t<meta property=\"og:image:width\" content=\"1000\" \/>\n\t<meta property=\"og:image:height\" content=\"1000\" \/>\n\t<meta property=\"og:image:type\" content=\"image\/png\" \/>\n<meta name=\"twitter:card\" content=\"summary_large_image\" \/>\n<meta name=\"twitter:label1\" content=\"Estimated reading time\" \/>\n\t<meta name=\"twitter:data1\" content=\"2 minutes\" \/>\n<script type=\"application\/ld+json\" class=\"yoast-schema-graph\">{\"@context\":\"https:\/\/schema.org\",\"@graph\":[{\"@type\":\"WebPage\",\"@id\":\"https:\/\/projekt.vombat.ee\/eco\/pood\/elektrirattad\/linnarattad\/fafrees-fm8-elektrijalgratas\/\",\"url\":\"https:\/\/projekt.vombat.ee\/eco\/pood\/elektrirattad\/linnarattad\/fafrees-fm8-elektrijalgratas\/\",\"name\":\"Fafrees FM8 Elektrijalgratas, 120km - Ecocruiser\",\"isPartOf\":{\"@id\":\"https:\/\/projekt.vombat.ee\/eco\/#website\"},\"primaryImageOfPage\":{\"@id\":\"https:\/\/projekt.vombat.ee\/eco\/pood\/elektrirattad\/linnarattad\/fafrees-fm8-elektrijalgratas\/#primaryimage\"},\"image\":{\"@id\":\"https:\/\/projekt.vombat.ee\/eco\/pood\/elektrirattad\/linnarattad\/fafrees-fm8-elektrijalgratas\/#primaryimage\"},\"thumbnailUrl\":\"https:\/\/projekt.vombat.ee\/eco\/wp-content\/uploads\/2024\/01\/Untitled-design-62.png\",\"datePublished\":\"2024-01-04T12:36:50+00:00\",\"dateModified\":\"2024-05-02T17:19:48+00:00\",\"description\":\"Stiilne ja trendikas elektriratas treeninguks v\u00f5i lihtsalt t\u00e4navas\u00f5iduks ja asjade transportimiseks, tagab vaikse ja sujuva s\u00f5idu.\",\"breadcrumb\":{\"@id\":\"https:\/\/projekt.vombat.ee\/eco\/pood\/elektrirattad\/linnarattad\/fafrees-fm8-elektrijalgratas\/#breadcrumb\"},\"inLanguage\":\"en-GB\",\"potentialAction\":[{\"@type\":\"ReadAction\",\"target\":[\"https:\/\/projekt.vombat.ee\/eco\/pood\/elektrirattad\/linnarattad\/fafrees-fm8-elektrijalgratas\/\"]}]},{\"@type\":\"ImageObject\",\"inLanguage\":\"en-GB\",\"@id\":\"https:\/\/projekt.vombat.ee\/eco\/pood\/elektrirattad\/linnarattad\/fafrees-fm8-elektrijalgratas\/#primaryimage\",\"url\":\"https:\/\/projekt.vombat.ee\/eco\/wp-content\/uploads\/2024\/01\/Untitled-design-62.png\",\"contentUrl\":\"https:\/\/projekt.vombat.ee\/eco\/wp-content\/uploads\/2024\/01\/Untitled-design-62.png\",\"width\":1000,\"height\":1000},{\"@type\":\"BreadcrumbList\",\"@id\":\"https:\/\/projekt.vombat.ee\/eco\/pood\/elektrirattad\/linnarattad\/fafrees-fm8-elektrijalgratas\/#breadcrumb\",\"itemListElement\":[{\"@type\":\"ListItem\",\"position\":1,\"name\":\"Home\",\"item\":\"https:\/\/projekt.vombat.ee\/eco\/\"},{\"@type\":\"ListItem\",\"position\":2,\"name\":\"Pood\",\"item\":\"https:\/\/projekt.vombat.ee\/eco\/pood\/\"},{\"@type\":\"ListItem\",\"position\":3,\"name\":\"Fafrees FM8 Elektrijalgratas, 120km\"}]},{\"@type\":\"WebSite\",\"@id\":\"https:\/\/projekt.vombat.ee\/eco\/#website\",\"url\":\"https:\/\/projekt.vombat.ee\/eco\/\",\"name\":\"Ecocruiser\",\"description\":\"\",\"publisher\":{\"@id\":\"https:\/\/projekt.vombat.ee\/eco\/#organization\"},\"potentialAction\":[{\"@type\":\"SearchAction\",\"target\":{\"@type\":\"EntryPoint\",\"urlTemplate\":\"https:\/\/projekt.vombat.ee\/eco\/?s={search_term_string}\"},\"query-input\":{\"@type\":\"PropertyValueSpecification\",\"valueRequired\":true,\"valueName\":\"search_term_string\"}}],\"inLanguage\":\"en-GB\"},{\"@type\":\"Organization\",\"@id\":\"https:\/\/projekt.vombat.ee\/eco\/#organization\",\"name\":\"Ecocruiser\",\"url\":\"https:\/\/projekt.vombat.ee\/eco\/\",\"logo\":{\"@type\":\"ImageObject\",\"inLanguage\":\"en-GB\",\"@id\":\"https:\/\/projekt.vombat.ee\/eco\/#\/schema\/logo\/image\/\",\"url\":\"https:\/\/projekt.vombat.ee\/eco\/wp-content\/uploads\/2023\/03\/ECOCRUISER_5.png\",\"contentUrl\":\"https:\/\/projekt.vombat.ee\/eco\/wp-content\/uploads\/2023\/03\/ECOCRUISER_5.png\",\"width\":234,\"height\":91,\"caption\":\"Ecocruiser\"},\"image\":{\"@id\":\"https:\/\/projekt.vombat.ee\/eco\/#\/schema\/logo\/image\/\"}}]}<\/script>\n<!-- \/ Yoast SEO plugin. -->","yoast_head_json":{"title":"Fafrees FM8 Elektrijalgratas, 120km - Ecocruiser","description":"Stiilne ja trendikas elektriratas treeninguks v\u00f5i lihtsalt t\u00e4navas\u00f5iduks ja asjade transportimiseks, tagab vaikse ja sujuva s\u00f5idu.","robots":{"index":"noindex","follow":"follow","max-snippet":"max-snippet:-1","max-image-preview":"max-image-preview:large","max-video-preview":"max-video-preview:-1"},"og_locale":"en_GB","og_type":"article","og_title":"Fafrees FM8 Elektrijalgratas, 120km - Ecocruiser","og_description":"Stiilne ja trendikas elektriratas treeninguks v\u00f5i lihtsalt t\u00e4navas\u00f5iduks ja asjade transportimiseks, tagab vaikse ja sujuva s\u00f5idu.","og_url":"https:\/\/projekt.vombat.ee\/eco\/pood\/elektrirattad\/linnarattad\/fafrees-fm8-elektrijalgratas\/","og_site_name":"Ecocruiser","article_modified_time":"2024-05-02T17:19:48+00:00","og_image":[{"width":1000,"height":1000,"url":"https:\/\/projekt.vombat.ee\/eco\/wp-content\/uploads\/2024\/01\/Untitled-design-62.png","type":"image\/png"}],"twitter_card":"summary_large_image","twitter_misc":{"Estimated reading time":"2 minutes"},"schema":{"@context":"https:\/\/schema.org","@graph":[{"@type":"WebPage","@id":"https:\/\/projekt.vombat.ee\/eco\/pood\/elektrirattad\/linnarattad\/fafrees-fm8-elektrijalgratas\/","url":"https:\/\/projekt.vombat.ee\/eco\/pood\/elektrirattad\/linnarattad\/fafrees-fm8-elektrijalgratas\/","name":"Fafrees FM8 Elektrijalgratas, 120km - Ecocruiser","isPartOf":{"@id":"https:\/\/projekt.vombat.ee\/eco\/#website"},"primaryImageOfPage":{"@id":"https:\/\/projekt.vombat.ee\/eco\/pood\/elektrirattad\/linnarattad\/fafrees-fm8-elektrijalgratas\/#primaryimage"},"image":{"@id":"https:\/\/projekt.vombat.ee\/eco\/pood\/elektrirattad\/linnarattad\/fafrees-fm8-elektrijalgratas\/#primaryimage"},"thumbnailUrl":"https:\/\/projekt.vombat.ee\/eco\/wp-content\/uploads\/2024\/01\/Untitled-design-62.png","datePublished":"2024-01-04T12:36:50+00:00","dateModified":"2024-05-02T17:19:48+00:00","description":"Stiilne ja trendikas elektriratas treeninguks v\u00f5i lihtsalt t\u00e4navas\u00f5iduks ja asjade transportimiseks, tagab vaikse ja sujuva s\u00f5idu.","breadcrumb":{"@id":"https:\/\/projekt.vombat.ee\/eco\/pood\/elektrirattad\/linnarattad\/fafrees-fm8-elektrijalgratas\/#breadcrumb"},"inLanguage":"en-GB","potentialAction":[{"@type":"ReadAction","target":["https:\/\/projekt.vombat.ee\/eco\/pood\/elektrirattad\/linnarattad\/fafrees-fm8-elektrijalgratas\/"]}]},{"@type":"ImageObject","inLanguage":"en-GB","@id":"https:\/\/projekt.vombat.ee\/eco\/pood\/elektrirattad\/linnarattad\/fafrees-fm8-elektrijalgratas\/#primaryimage","url":"https:\/\/projekt.vombat.ee\/eco\/wp-content\/uploads\/2024\/01\/Untitled-design-62.png","contentUrl":"https:\/\/projekt.vombat.ee\/eco\/wp-content\/uploads\/2024\/01\/Untitled-design-62.png","width":1000,"height":1000},{"@type":"BreadcrumbList","@id":"https:\/\/projekt.vombat.ee\/eco\/pood\/elektrirattad\/linnarattad\/fafrees-fm8-elektrijalgratas\/#breadcrumb","itemListElement":[{"@type":"ListItem","position":1,"name":"Home","item":"https:\/\/projekt.vombat.ee\/eco\/"},{"@type":"ListItem","position":2,"name":"Pood","item":"https:\/\/projekt.vombat.ee\/eco\/pood\/"},{"@type":"ListItem","position":3,"name":"Fafrees FM8 Elektrijalgratas, 120km"}]},{"@type":"WebSite","@id":"https:\/\/projekt.vombat.ee\/eco\/#website","url":"https:\/\/projekt.vombat.ee\/eco\/","name":"Ecocruiser","description":"","publisher":{"@id":"https:\/\/projekt.vombat.ee\/eco\/#organization"},"potentialAction":[{"@type":"SearchAction","target":{"@type":"EntryPoint","urlTemplate":"https:\/\/projekt.vombat.ee\/eco\/?s={search_term_string}"},"query-input":{"@type":"PropertyValueSpecification","valueRequired":true,"valueName":"search_term_string"}}],"inLanguage":"en-GB"},{"@type":"Organization","@id":"https:\/\/projekt.vombat.ee\/eco\/#organization","name":"Ecocruiser","url":"https:\/\/projekt.vombat.ee\/eco\/","logo":{"@type":"ImageObject","inLanguage":"en-GB","@id":"https:\/\/projekt.vombat.ee\/eco\/#\/schema\/logo\/image\/","url":"https:\/\/projekt.vombat.ee\/eco\/wp-content\/uploads\/2023\/03\/ECOCRUISER_5.png","contentUrl":"https:\/\/projekt.vombat.ee\/eco\/wp-content\/uploads\/2023\/03\/ECOCRUISER_5.png","width":234,"height":91,"caption":"Ecocruiser"},"image":{"@id":"https:\/\/projekt.vombat.ee\/eco\/#\/schema\/logo\/image\/"}}]}},"lang":"et","translations":{"et":13071},"pll_sync_post":[],"_links":{"self":[{"href":"https:\/\/projekt.vombat.ee\/eco\/wp-json\/wp\/v2\/product\/13071"}],"collection":[{"href":"https:\/\/projekt.vombat.ee\/eco\/wp-json\/wp\/v2\/product"}],"about":[{"href":"https:\/\/projekt.vombat.ee\/eco\/wp-json\/wp\/v2\/types\/product"}],"version-history":[{"count":4,"href":"https:\/\/projekt.vombat.ee\/eco\/wp-json\/wp\/v2\/product\/13071\/revisions"}],"predecessor-version":[{"id":16782,"href":"https:\/\/projekt.vombat.ee\/eco\/wp-json\/wp\/v2\/product\/13071\/revisions\/16782"}],"wp:featuredmedia":[{"embeddable":true,"href":"https:\/\/projekt.vombat.ee\/eco\/wp-json\/wp\/v2\/media\/14938"}],"wp:attachment":[{"href":"https:\/\/projekt.vombat.ee\/eco\/wp-json\/wp\/v2\/media?parent=13071"}],"wp:term":[{"taxonomy":"product_cat","embeddable":true,"href":"https:\/\/projekt.vombat.ee\/eco\/wp-json\/wp\/v2\/product_cat?post=13071"},{"taxonomy":"product_tag","embeddable":true,"href":"https:\/\/projekt.vombat.ee\/eco\/wp-json\/wp\/v2\/product_tag?post=13071"}],"curies":[{"name":"wp","href":"https:\/\/api.w.org\/{rel}","templated":true}]}}