{"id":13062,"date":"2024-01-04T10:19:12","date_gmt":"2024-01-04T10:19:12","guid":{"rendered":"https:\/\/projekt.vombat.ee\/eco\/?post_type=product&#038;p=13062"},"modified":"2024-05-02T17:00:23","modified_gmt":"2024-05-02T17:00:23","slug":"fafrees-f26-carbonm-elektrijalgratas","status":"publish","type":"product","link":"https:\/\/projekt.vombat.ee\/eco\/pood\/elektrirattad\/linnarattad\/fafrees-f26-carbonm-elektrijalgratas\/","title":{"rendered":"Fafrees F26 CarbonM Elektrijalgratas, 100 km"},"content":{"rendered":"<p>&nbsp;<\/p>\n<h3>Fafrees F26 CarbonM Elektrijalgratas<\/h3>\n<p><img decoding=\"async\" src=\"https:\/\/imgaz.staticbg.com\/thumb\/large\/oaupload\/banggood\/images\/41\/7C\/7c1ae318-8655-48c5-a50a-8a2e59a26ea1.jpg.webp\" \/><\/p>\n<ul>\n<li>Br\u00e4nd: Fafrees<\/li>\n<li>Kiirus: 25km\/h<\/li>\n<li>S\u00f5iduulatus: 100 km<\/li>\n<li>Mootor: 250W, 48V harjadeta tagarummu<\/li>\n<li>Rehvid\u00a0 26&#8243;*4.8&#8243;<\/li>\n<li><span class=\"Y2IQFc\" lang=\"et\">Liitiumioon Samsung 48V 22,5Ah<\/span><\/li>\n<li>Laadimisaeg 7 tundi<\/li>\n<li>Kaal: 37KG<\/li>\n<li>Raam: s\u00fcsinikkiud<\/li>\n<li>Ergonoomiline sadul<\/li>\n<li>Pidurid: h\u00fcdraulilised ketaspidurid<\/li>\n<li>SHIMAN0 9 kiirust<\/li>\n<li>Rehvid: 26*4,8-tollised Fat Air rehvid<\/li>\n<li>T\u00f5usunurk: 30<\/li>\n<li>LCD-ekraan<\/li>\n<li>LED esituli, taga pidurituli<\/li>\n<li>Vedrustus: H\u00fcdrauliline vedrustuskahvel<\/li>\n<li>M\u00f5\u00f5dud: 196 cm x 112 cm<\/li>\n<li>Kandev\u00f5ime: 180kg<\/li>\n<li>Sobib s\u00f5itjale pikkusega: 175-210 CM<\/li>\n<\/ul>\n<p><img fetchpriority=\"high\" decoding=\"async\" class=\"\" src=\"https:\/\/cdn.shopify.com\/s\/files\/1\/0666\/5004\/6756\/files\/3-1.jpg?v=1694435985\" width=\"735\" height=\"735\" \/><\/p>\n<h3>250 W mootor<\/h3>\n<p>Maksimaalne p\u00f6\u00f6rdemoment on 95 Nm. See mootor ei taga mitte ainult sujuvat s\u00f5itu mis tahes maastikul, vaid v\u00f5imaldab ka kiiret kiirendamist, muutes selle ideaalseks adrenaliini otsijatele ja \u00f5ues\u00f5pradele.<\/p>\n<p><img decoding=\"async\" class=\"\" src=\"https:\/\/cdn.shopify.com\/s\/files\/1\/0666\/5004\/6756\/files\/2_a9ab925e-adaa-45a0-a946-21b4e90aa96f.jpg?v=1694435986\" width=\"742\" height=\"742\" \/><\/p>\n<h3>Nutikas LCD ekraan<\/h3>\n<p>Kuvab s\u00f5itjale teavet EBike&#8217;i j\u00f5udluse kohta. Saate h\u00f5lpsalt kontrollida oma kiirust, ulatust, v\u00f5imsust, aku taset ja palju muud. USB-port v\u00f5imaldab teil telefoni teel olles laadida.<\/p>\n<p><img decoding=\"async\" class=\"\" src=\"https:\/\/cdn.shopify.com\/s\/files\/1\/0666\/5004\/6756\/files\/4_b3c49416-c3b6-46e0-96a6-4b1e9aae6497.jpg?v=1694435986\" width=\"738\" height=\"738\" \/><\/p>\n<h3>Kvaliteetne K\u00e4igus\u00fcsteem<\/h3>\n<p>Shimano 9-k\u00e4iguline k\u00e4iguvahetuss\u00fcsteem h\u00f5lbustab reageerimist \u00fclesm\u00e4ge s\u00f5itmise stsenaariumidele, tasasel tasapinnal allapoole v\u00f5i lihtsalt peatus- ja v\u00e4ljass\u00f5itmisel. Erinevates s\u00f5iduoludes t\u00f5husalt kasutades v\u00f5ib see aidata aku t\u00f6\u00f6ulatust kuni 15% suurendada.<\/p>\n<p>&nbsp;<\/p>\n<ul>\n<li><img loading=\"lazy\" decoding=\"async\" class=\"\" style=\"font-size: inherit;\" src=\"https:\/\/cdn.shopify.com\/s\/files\/1\/0666\/5004\/6756\/files\/8_1137eec1-8778-418f-8079-5b33de919cde.jpg?v=1694436375\" width=\"700\" height=\"700\" \/><\/li>\n<\/ul>\n<h3>Rehvid<\/h3>\n<p>26&#8243;* 4,8&#8243; tollised rattad pakuvad palju paremat haardumist ja l\u00f6\u00f6gisummutust kui tavalised paksud rehvid. S\u00f5itmine iga ilmaga v\u00f5i mis tahes marsruudil on vaevatu.<\/p>\n<p><img loading=\"lazy\" decoding=\"async\" class=\"\" src=\"https:\/\/cdn.shopify.com\/s\/files\/1\/0666\/5004\/6756\/files\/7_7efe4213-1015-4082-8e97-03e1a8efbc11.jpg?v=1694435986\" width=\"740\" height=\"740\" \/><\/p>\n<h3>H\u00fcdrauliline piduris\u00fcsteem<\/h3>\n<p>koos 180 mm kauakestvate klotside ja balrampide ajamiga annab kangile siidiselt sujuva tunde ja uskumatu haardej\u00f5ud v\u00e4hendab m\u00e4rkimisv\u00e4\u00e4rselt pidurdusteekonda vaid \u00fche meetrini ja meie reaktsiooniaega \u00fche sekundini.<\/p>\n<p><img loading=\"lazy\" decoding=\"async\" class=\"\" src=\"https:\/\/cdn.shopify.com\/s\/files\/1\/0666\/5004\/6756\/files\/6_8cd7b38e-8ee3-4de2-a145-f79ae0914bbd.jpg?v=1694435986\" width=\"737\" height=\"737\" \/><\/p>\n<h3>H\u00fcdruliline vedrustus<\/h3>\n<p>K\u00f5ige ebatasasemad teekatted on mugavad.. Ilma lukustuse reguleerimiseta saate reguleerida pehmet ja tugevat l\u00f6\u00f6ki vastavalt erinevatele teeoludele.<\/p>\n<p><img loading=\"lazy\" decoding=\"async\" class=\"\" src=\"https:\/\/cdn.shopify.com\/s\/files\/1\/0666\/5004\/6756\/files\/5_afe90dae-bb1c-4900-bf14-1cb5b552f430.jpg?v=1694435986\" width=\"735\" height=\"735\" \/><\/p>\n<h3>Tuled<\/h3>\n<p>Suur esituli (48V 5,5W) on 20% heledam kui tavalised LED-tuled.Parem n\u00e4htavus tagab teie ohutuse \u00f6\u00f6sel s\u00f5ites.<\/p>\n<p><img loading=\"lazy\" decoding=\"async\" class=\"\" src=\"https:\/\/cdn.shopify.com\/s\/files\/1\/0666\/5004\/6756\/files\/10_516d0a51-e044-4394-a823-5d43e133677a.jpg?v=1694435985\" width=\"735\" height=\"735\" \/><\/p>\n<h3>Silikoonsadul<\/h3>\n<p>Survet leevendava disainiga, mis on \u00fchtaegu mugav ja ergonoomiline.<\/p>\n<p><img loading=\"lazy\" decoding=\"async\" class=\"\" src=\"https:\/\/cdn.shopify.com\/s\/files\/1\/0666\/5004\/6756\/files\/9_1ce13658-38f6-4de9-81c6-418861b990ab.jpg?v=1694435986\" width=\"733\" height=\"733\" \/><\/p>\n<h3>S\u00fcsinikkiust raam<\/h3>\n<p>Mitte ainult ei kergenda jalgratast, vaid parandab ka amortisatsiooni ja j\u00e4ikust. S\u00f5idu ajal neelab see l\u00f6\u00f6ke ja vibratsiooni.<\/p>\n<p>&nbsp;<\/p>\n<p><img loading=\"lazy\" decoding=\"async\" class=\"\" src=\"https:\/\/cdn.shopify.com\/s\/files\/1\/0666\/5004\/6756\/files\/1-1_57d0c010-f01a-4522-960b-6059c187c6b9.jpg?v=1694435986\" width=\"732\" height=\"732\" \/><\/p>\n","protected":false},"excerpt":{"rendered":"<h4>Fafrees F26 CarbonM Elektrijalgratas<\/h4>\n<ul>\n<li>Kiirus: 25km\/h(piirajaga)<\/li>\n<li>S\u00f5iduulatus: 100 km<\/li>\n<li>Rehvid\u00a0 26&#8243;*4.8&#8243;<\/li>\n<li><span class=\"Y2IQFc\" lang=\"et\">Liitiumioon Samsung 48V 22,5Ah<\/span><\/li>\n<li>Laadimisaeg 7 tundi<\/li>\n<li>Kaal: 37KG<\/li>\n<li>Pidurid: h\u00fcdraulilised ketaspidurid<\/li>\n<li>SHIMAN0 9 kiirust<\/li>\n<li>Rehvid: 26*4,8-tollised Fat Air rehvid<\/li>\n<li>LCD-ekraan<\/li>\n<li>M\u00f5\u00f5dud: 196 cm x 112 cm<\/li>\n<li>Kandev\u00f5ime: 180kg<\/li>\n<li>Sobib s\u00f5itjale pikkusega: 175-210 CM<\/li>\n<\/ul>\n<p>&nbsp;<\/p>\n<p><strong>Tarneaeg: 2-6 p\u00e4eva<\/strong><\/p>\n<p><strong>Laos<\/strong><\/p>\n","protected":false},"featured_media":14940,"template":"","meta":[],"product_cat":[52,903,905],"product_tag":[],"class_list":{"0":"post-13062","1":"product","2":"type-product","3":"status-publish","4":"has-post-thumbnail","6":"product_cat-elektrirattad","7":"product_cat-linnarattad","8":"product_cat-maastikurattad","9":"product_shipping_class-suured-pakid","11":"first","12":"instock","13":"sale","14":"taxable","15":"shipping-taxable","16":"purchasable","17":"product-type-simple"},"yoast_head":"<!-- This site is optimized with the Yoast SEO plugin v23.8 - https:\/\/yoast.com\/wordpress\/plugins\/seo\/ -->\n<title>Fafrees F26 CarbonM Elektrijalgratas, 100 km - Ecocruiser<\/title>\n<meta name=\"description\" content=\"Tipptasemel elektrijalgratas, millel kerge s\u00fcsinikraam ja v\u00f5imas elektrimootor, pikk s\u00f5iduulatus, kiire laadimisaeg ja t\u00e4pne k\u00e4iguvahetus.\" \/>\n<meta name=\"robots\" content=\"noindex, follow, max-snippet:-1, max-image-preview:large, max-video-preview:-1\" \/>\n<meta property=\"og:locale\" content=\"en_GB\" \/>\n<meta property=\"og:type\" content=\"article\" \/>\n<meta property=\"og:title\" content=\"Fafrees F26 CarbonM Elektrijalgratas, 100 km - Ecocruiser\" \/>\n<meta property=\"og:description\" content=\"Tipptasemel elektrijalgratas, millel kerge s\u00fcsinikraam ja v\u00f5imas elektrimootor, pikk s\u00f5iduulatus, kiire laadimisaeg ja t\u00e4pne k\u00e4iguvahetus.\" \/>\n<meta property=\"og:url\" content=\"https:\/\/projekt.vombat.ee\/eco\/pood\/elektrirattad\/linnarattad\/fafrees-f26-carbonm-elektrijalgratas\/\" \/>\n<meta property=\"og:site_name\" content=\"Ecocruiser\" \/>\n<meta property=\"article:modified_time\" content=\"2024-05-02T17:00:23+00:00\" \/>\n<meta property=\"og:image\" content=\"https:\/\/projekt.vombat.ee\/eco\/wp-content\/uploads\/2024\/01\/Untitled-design-63.png\" \/>\n\t<meta property=\"og:image:width\" content=\"1000\" \/>\n\t<meta property=\"og:image:height\" content=\"1000\" \/>\n\t<meta property=\"og:image:type\" content=\"image\/png\" \/>\n<meta name=\"twitter:card\" content=\"summary_large_image\" \/>\n<meta name=\"twitter:label1\" content=\"Estimated reading time\" \/>\n\t<meta name=\"twitter:data1\" content=\"4 minutes\" \/>\n<script type=\"application\/ld+json\" class=\"yoast-schema-graph\">{\"@context\":\"https:\/\/schema.org\",\"@graph\":[{\"@type\":\"WebPage\",\"@id\":\"https:\/\/projekt.vombat.ee\/eco\/pood\/elektrirattad\/linnarattad\/fafrees-f26-carbonm-elektrijalgratas\/\",\"url\":\"https:\/\/projekt.vombat.ee\/eco\/pood\/elektrirattad\/linnarattad\/fafrees-f26-carbonm-elektrijalgratas\/\",\"name\":\"Fafrees F26 CarbonM Elektrijalgratas, 100 km - Ecocruiser\",\"isPartOf\":{\"@id\":\"https:\/\/projekt.vombat.ee\/eco\/#website\"},\"primaryImageOfPage\":{\"@id\":\"https:\/\/projekt.vombat.ee\/eco\/pood\/elektrirattad\/linnarattad\/fafrees-f26-carbonm-elektrijalgratas\/#primaryimage\"},\"image\":{\"@id\":\"https:\/\/projekt.vombat.ee\/eco\/pood\/elektrirattad\/linnarattad\/fafrees-f26-carbonm-elektrijalgratas\/#primaryimage\"},\"thumbnailUrl\":\"https:\/\/projekt.vombat.ee\/eco\/wp-content\/uploads\/2024\/01\/Untitled-design-63.png\",\"datePublished\":\"2024-01-04T10:19:12+00:00\",\"dateModified\":\"2024-05-02T17:00:23+00:00\",\"description\":\"Tipptasemel elektrijalgratas, millel kerge s\u00fcsinikraam ja v\u00f5imas elektrimootor, pikk s\u00f5iduulatus, kiire laadimisaeg ja t\u00e4pne k\u00e4iguvahetus.\",\"breadcrumb\":{\"@id\":\"https:\/\/projekt.vombat.ee\/eco\/pood\/elektrirattad\/linnarattad\/fafrees-f26-carbonm-elektrijalgratas\/#breadcrumb\"},\"inLanguage\":\"en-GB\",\"potentialAction\":[{\"@type\":\"ReadAction\",\"target\":[\"https:\/\/projekt.vombat.ee\/eco\/pood\/elektrirattad\/linnarattad\/fafrees-f26-carbonm-elektrijalgratas\/\"]}]},{\"@type\":\"ImageObject\",\"inLanguage\":\"en-GB\",\"@id\":\"https:\/\/projekt.vombat.ee\/eco\/pood\/elektrirattad\/linnarattad\/fafrees-f26-carbonm-elektrijalgratas\/#primaryimage\",\"url\":\"https:\/\/projekt.vombat.ee\/eco\/wp-content\/uploads\/2024\/01\/Untitled-design-63.png\",\"contentUrl\":\"https:\/\/projekt.vombat.ee\/eco\/wp-content\/uploads\/2024\/01\/Untitled-design-63.png\",\"width\":1000,\"height\":1000,\"caption\":\"Fafrees F26 CarbonM\"},{\"@type\":\"BreadcrumbList\",\"@id\":\"https:\/\/projekt.vombat.ee\/eco\/pood\/elektrirattad\/linnarattad\/fafrees-f26-carbonm-elektrijalgratas\/#breadcrumb\",\"itemListElement\":[{\"@type\":\"ListItem\",\"position\":1,\"name\":\"Home\",\"item\":\"https:\/\/projekt.vombat.ee\/eco\/\"},{\"@type\":\"ListItem\",\"position\":2,\"name\":\"Pood\",\"item\":\"https:\/\/projekt.vombat.ee\/eco\/pood\/\"},{\"@type\":\"ListItem\",\"position\":3,\"name\":\"Fafrees F26 CarbonM Elektrijalgratas, 100 km\"}]},{\"@type\":\"WebSite\",\"@id\":\"https:\/\/projekt.vombat.ee\/eco\/#website\",\"url\":\"https:\/\/projekt.vombat.ee\/eco\/\",\"name\":\"Ecocruiser\",\"description\":\"\",\"publisher\":{\"@id\":\"https:\/\/projekt.vombat.ee\/eco\/#organization\"},\"potentialAction\":[{\"@type\":\"SearchAction\",\"target\":{\"@type\":\"EntryPoint\",\"urlTemplate\":\"https:\/\/projekt.vombat.ee\/eco\/?s={search_term_string}\"},\"query-input\":{\"@type\":\"PropertyValueSpecification\",\"valueRequired\":true,\"valueName\":\"search_term_string\"}}],\"inLanguage\":\"en-GB\"},{\"@type\":\"Organization\",\"@id\":\"https:\/\/projekt.vombat.ee\/eco\/#organization\",\"name\":\"Ecocruiser\",\"url\":\"https:\/\/projekt.vombat.ee\/eco\/\",\"logo\":{\"@type\":\"ImageObject\",\"inLanguage\":\"en-GB\",\"@id\":\"https:\/\/projekt.vombat.ee\/eco\/#\/schema\/logo\/image\/\",\"url\":\"https:\/\/projekt.vombat.ee\/eco\/wp-content\/uploads\/2023\/03\/ECOCRUISER_5.png\",\"contentUrl\":\"https:\/\/projekt.vombat.ee\/eco\/wp-content\/uploads\/2023\/03\/ECOCRUISER_5.png\",\"width\":234,\"height\":91,\"caption\":\"Ecocruiser\"},\"image\":{\"@id\":\"https:\/\/projekt.vombat.ee\/eco\/#\/schema\/logo\/image\/\"}}]}<\/script>\n<!-- \/ Yoast SEO plugin. -->","yoast_head_json":{"title":"Fafrees F26 CarbonM Elektrijalgratas, 100 km - Ecocruiser","description":"Tipptasemel elektrijalgratas, millel kerge s\u00fcsinikraam ja v\u00f5imas elektrimootor, pikk s\u00f5iduulatus, kiire laadimisaeg ja t\u00e4pne k\u00e4iguvahetus.","robots":{"index":"noindex","follow":"follow","max-snippet":"max-snippet:-1","max-image-preview":"max-image-preview:large","max-video-preview":"max-video-preview:-1"},"og_locale":"en_GB","og_type":"article","og_title":"Fafrees F26 CarbonM Elektrijalgratas, 100 km - Ecocruiser","og_description":"Tipptasemel elektrijalgratas, millel kerge s\u00fcsinikraam ja v\u00f5imas elektrimootor, pikk s\u00f5iduulatus, kiire laadimisaeg ja t\u00e4pne k\u00e4iguvahetus.","og_url":"https:\/\/projekt.vombat.ee\/eco\/pood\/elektrirattad\/linnarattad\/fafrees-f26-carbonm-elektrijalgratas\/","og_site_name":"Ecocruiser","article_modified_time":"2024-05-02T17:00:23+00:00","og_image":[{"width":1000,"height":1000,"url":"https:\/\/projekt.vombat.ee\/eco\/wp-content\/uploads\/2024\/01\/Untitled-design-63.png","type":"image\/png"}],"twitter_card":"summary_large_image","twitter_misc":{"Estimated reading time":"4 minutes"},"schema":{"@context":"https:\/\/schema.org","@graph":[{"@type":"WebPage","@id":"https:\/\/projekt.vombat.ee\/eco\/pood\/elektrirattad\/linnarattad\/fafrees-f26-carbonm-elektrijalgratas\/","url":"https:\/\/projekt.vombat.ee\/eco\/pood\/elektrirattad\/linnarattad\/fafrees-f26-carbonm-elektrijalgratas\/","name":"Fafrees F26 CarbonM Elektrijalgratas, 100 km - Ecocruiser","isPartOf":{"@id":"https:\/\/projekt.vombat.ee\/eco\/#website"},"primaryImageOfPage":{"@id":"https:\/\/projekt.vombat.ee\/eco\/pood\/elektrirattad\/linnarattad\/fafrees-f26-carbonm-elektrijalgratas\/#primaryimage"},"image":{"@id":"https:\/\/projekt.vombat.ee\/eco\/pood\/elektrirattad\/linnarattad\/fafrees-f26-carbonm-elektrijalgratas\/#primaryimage"},"thumbnailUrl":"https:\/\/projekt.vombat.ee\/eco\/wp-content\/uploads\/2024\/01\/Untitled-design-63.png","datePublished":"2024-01-04T10:19:12+00:00","dateModified":"2024-05-02T17:00:23+00:00","description":"Tipptasemel elektrijalgratas, millel kerge s\u00fcsinikraam ja v\u00f5imas elektrimootor, pikk s\u00f5iduulatus, kiire laadimisaeg ja t\u00e4pne k\u00e4iguvahetus.","breadcrumb":{"@id":"https:\/\/projekt.vombat.ee\/eco\/pood\/elektrirattad\/linnarattad\/fafrees-f26-carbonm-elektrijalgratas\/#breadcrumb"},"inLanguage":"en-GB","potentialAction":[{"@type":"ReadAction","target":["https:\/\/projekt.vombat.ee\/eco\/pood\/elektrirattad\/linnarattad\/fafrees-f26-carbonm-elektrijalgratas\/"]}]},{"@type":"ImageObject","inLanguage":"en-GB","@id":"https:\/\/projekt.vombat.ee\/eco\/pood\/elektrirattad\/linnarattad\/fafrees-f26-carbonm-elektrijalgratas\/#primaryimage","url":"https:\/\/projekt.vombat.ee\/eco\/wp-content\/uploads\/2024\/01\/Untitled-design-63.png","contentUrl":"https:\/\/projekt.vombat.ee\/eco\/wp-content\/uploads\/2024\/01\/Untitled-design-63.png","width":1000,"height":1000,"caption":"Fafrees F26 CarbonM"},{"@type":"BreadcrumbList","@id":"https:\/\/projekt.vombat.ee\/eco\/pood\/elektrirattad\/linnarattad\/fafrees-f26-carbonm-elektrijalgratas\/#breadcrumb","itemListElement":[{"@type":"ListItem","position":1,"name":"Home","item":"https:\/\/projekt.vombat.ee\/eco\/"},{"@type":"ListItem","position":2,"name":"Pood","item":"https:\/\/projekt.vombat.ee\/eco\/pood\/"},{"@type":"ListItem","position":3,"name":"Fafrees F26 CarbonM Elektrijalgratas, 100 km"}]},{"@type":"WebSite","@id":"https:\/\/projekt.vombat.ee\/eco\/#website","url":"https:\/\/projekt.vombat.ee\/eco\/","name":"Ecocruiser","description":"","publisher":{"@id":"https:\/\/projekt.vombat.ee\/eco\/#organization"},"potentialAction":[{"@type":"SearchAction","target":{"@type":"EntryPoint","urlTemplate":"https:\/\/projekt.vombat.ee\/eco\/?s={search_term_string}"},"query-input":{"@type":"PropertyValueSpecification","valueRequired":true,"valueName":"search_term_string"}}],"inLanguage":"en-GB"},{"@type":"Organization","@id":"https:\/\/projekt.vombat.ee\/eco\/#organization","name":"Ecocruiser","url":"https:\/\/projekt.vombat.ee\/eco\/","logo":{"@type":"ImageObject","inLanguage":"en-GB","@id":"https:\/\/projekt.vombat.ee\/eco\/#\/schema\/logo\/image\/","url":"https:\/\/projekt.vombat.ee\/eco\/wp-content\/uploads\/2023\/03\/ECOCRUISER_5.png","contentUrl":"https:\/\/projekt.vombat.ee\/eco\/wp-content\/uploads\/2023\/03\/ECOCRUISER_5.png","width":234,"height":91,"caption":"Ecocruiser"},"image":{"@id":"https:\/\/projekt.vombat.ee\/eco\/#\/schema\/logo\/image\/"}}]}},"lang":"et","translations":{"et":13062},"pll_sync_post":[],"_links":{"self":[{"href":"https:\/\/projekt.vombat.ee\/eco\/wp-json\/wp\/v2\/product\/13062"}],"collection":[{"href":"https:\/\/projekt.vombat.ee\/eco\/wp-json\/wp\/v2\/product"}],"about":[{"href":"https:\/\/projekt.vombat.ee\/eco\/wp-json\/wp\/v2\/types\/product"}],"version-history":[{"count":4,"href":"https:\/\/projekt.vombat.ee\/eco\/wp-json\/wp\/v2\/product\/13062\/revisions"}],"predecessor-version":[{"id":16775,"href":"https:\/\/projekt.vombat.ee\/eco\/wp-json\/wp\/v2\/product\/13062\/revisions\/16775"}],"wp:featuredmedia":[{"embeddable":true,"href":"https:\/\/projekt.vombat.ee\/eco\/wp-json\/wp\/v2\/media\/14940"}],"wp:attachment":[{"href":"https:\/\/projekt.vombat.ee\/eco\/wp-json\/wp\/v2\/media?parent=13062"}],"wp:term":[{"taxonomy":"product_cat","embeddable":true,"href":"https:\/\/projekt.vombat.ee\/eco\/wp-json\/wp\/v2\/product_cat?post=13062"},{"taxonomy":"product_tag","embeddable":true,"href":"https:\/\/projekt.vombat.ee\/eco\/wp-json\/wp\/v2\/product_tag?post=13062"}],"curies":[{"name":"wp","href":"https:\/\/api.w.org\/{rel}","templated":true}]}}