{"id":13045,"date":"2024-01-04T09:31:01","date_gmt":"2024-01-04T09:31:01","guid":{"rendered":"https:\/\/projekt.vombat.ee\/eco\/?post_type=product&#038;p=13045"},"modified":"2024-05-02T17:08:56","modified_gmt":"2024-05-02T17:08:56","slug":"fafrees-f26-carbonx-elektrijalgratas-100-km","status":"publish","type":"product","link":"https:\/\/projekt.vombat.ee\/eco\/pood\/elektrirattad\/linnarattad\/fafrees-f26-carbonx-elektrijalgratas-100-km\/","title":{"rendered":"Fafrees F26 CarbonX elektrijalgratas, 100 km"},"content":{"rendered":"<h1>Fafrees F26 CarbonX elektrijalgratas<\/h1>\n<p>&nbsp;<\/p>\n<p>F26 CarbonX jalgratastel on gradueeritud s\u00fcsinikkiust raam, 250 W rummu mootor ja 9-k\u00e4iguline Shimano ALTUS k\u00e4igukast, mis annab teile palju j\u00f5udu mis tahes m\u00e4est \u00fcles ronimiseks, kuid tunnete end valides kerge maastikurattana. l\u00fclita mootor v\u00e4lja. 1200-vatise tippv\u00f5imsusega F26 CarbonX suudab \u00fche laadimisega l\u00e4bida 80\u2013100 kilomeetrit ning varrele kinnitatud LCD-juhtimiskeskus v\u00f5imaldab teil s\u00f5ites olulist statistikat j\u00e4lgida. Samsungi aku, mis on eemaldatav ja laeb 7 tunniga, sulandub sujuvalt rattaraamiga. Selle jalgratta esmaklassiliste osade kombinatsioon loob erilise toote, mis pakub parimat v\u00e4\u00e4rtust ja vastupidavust.<\/p>\n<p>&nbsp;<\/p>\n<p><strong>INFO<\/strong><\/p>\n<ul>\n<li>Br\u00e4nd: Fafrees<\/li>\n<li>S\u00f5iduulatus 80-100 km<\/li>\n<li>Vaikimisi on kiirus 25 km\/h<\/li>\n<li>Pedal Assist 5 taset<\/li>\n<li>Vedrustus H\u00fcdrauliline vedrustuskahvel<\/li>\n<li>K\u00e4igukast SHIMANO 9 kiirust<\/li>\n<li>Rehvid 26&#8243;*4,8&#8243; paksud rehvid<\/li>\n<li>Jalgratta kaal on 37 kg<\/li>\n<li>Kaal Kandev\u00f5ime 180 kg<\/li>\n<li>S\u00f5itja pikkus 170-210cm<\/li>\n<li>Mootor 250W<\/li>\n<li>Maksimaalne p\u00f6\u00f6rdemoment 95 N.M<\/li>\n<li>Liitiumioonaku 48 V, 22,5 Ah (1080 Wh) Samsungi elementidega<\/li>\n<li>Gaasihoob P\u00f6idla Drossel<\/li>\n<li>Laadija 48V 3AH Laadija, laadimine 7 tundi<\/li>\n<li>Ekraan Integreeritud LCD ekraan<\/li>\n<li>Andur Cadensi andur<\/li>\n<li>S\u00fcsinikkiust raam<\/li>\n<li>Alumiiniumist rool 31,8mm, 650mm<\/li>\n<li>Kahvel H\u00fcdrauliline vedrustus Kahvel, k\u00e4iguvahe 60 mm<\/li>\n<li>Pidurid H\u00fcdraulilised ketaspidurid, 180mm<\/li>\n<li>K\u00e4igukast SHIMANO 9 kiirust<\/li>\n<li>Alumiiniumveljed 36h ees ja taga<\/li>\n<li>Torud but\u00fc\u00fclkummist, Schraderi ventiil<\/li>\n<li>Esitule LED pirn<\/li>\n<li>M\u00f5\u00f5dud LED pirn<\/li>\n<li>Ketir\u00f5ngas 170mm 52T-ga<\/li>\n<li>Pedaalid Platvormi pedaalid<\/li>\n<li>Iste Silikoonist Iste<\/li>\n<li>Istmepost Alumiiniumisulam, 30,8*300mm<\/li>\n<li>Statiiv, kaasas tagumine kronstein<\/li>\n<\/ul>\n<p><img decoding=\"async\" src=\"https:\/\/cdn.shopify.com\/s\/files\/1\/0666\/5004\/6756\/files\/8_f329d27b-94de-4b2d-9b4f-6fa42a567cbe.jpg?v=1694437260\" \/><\/p>\n<h3>Aku<\/h3>\n<p>Liitiumioonaku 48 V, 22,5 Ah (1080 Wh) Samsung<\/p>\n<p><img decoding=\"async\" src=\"https:\/\/cdn.shopify.com\/s\/files\/1\/0666\/5004\/6756\/files\/3_2e954eea-909c-4408-99d1-d340e193c94a.jpg?v=1694437260\" \/><\/p>\n<h3>Mootor<\/h3>\n<p>250W, 48V harjadeta tagumise rummu mootor, Maksimaalne p\u00f6\u00f6rdemoment 95 N.M<\/p>\n<p><img decoding=\"async\" src=\"https:\/\/cdn.shopify.com\/s\/files\/1\/0666\/5004\/6756\/files\/2_7534c29c-397e-431d-bef4-6c0de319308a.jpg?v=1694437260\" \/><\/p>\n<h3>Piduris\u00fcsteem<\/h3>\n<p>H\u00fcdraulilised ketaspidurid, 180mm<\/p>\n<p><img decoding=\"async\" src=\"https:\/\/cdn.shopify.com\/s\/files\/1\/0666\/5004\/6756\/files\/6_dde66ee1-e4a3-4fce-b50d-94706ebf9884.jpg?v=1694437260\" \/><\/p>\n<h3><strong>Amortisaatorid<\/strong><\/h3>\n<p>H\u00fcdrauliline vedrustuskahvel.<\/p>\n<p><img decoding=\"async\" src=\"https:\/\/cdn.shopify.com\/s\/files\/1\/0666\/5004\/6756\/files\/5_ac4656a6-7faa-4069-a094-619ea326021a.jpg?v=1694437260\" \/><\/p>\n<h3>Rehvid<\/h3>\n<p>CST Rehvid 26&#8243;*4,8&#8243;\u00a0 \u00f5hkrehvid suudavad kohaneda erineva s\u00f5idukeskkonnaga, nagu lumetee, liivatee, pinnastee, kruusatee ja ka sile maastik.<\/p>\n<p><img decoding=\"async\" src=\"https:\/\/cdn.shopify.com\/s\/files\/1\/0666\/5004\/6756\/files\/7_b44f5cc7-6cc5-4ac2-920a-f779f147ac7d.jpg?v=1694437260\" \/><\/p>\n<p>&nbsp;<\/p>\n<p><img decoding=\"async\" src=\"https:\/\/cdn.shopify.com\/s\/files\/1\/0666\/5004\/6756\/files\/4_d176d014-04ec-4213-a5d0-5ae4a812f796.jpg?v=1694437260\" \/><\/p>\n<p>&nbsp;<\/p>\n<p><img decoding=\"async\" src=\"https:\/\/cdn.shopify.com\/s\/files\/1\/0666\/5004\/6756\/files\/10_00ae44c1-e260-491d-8d70-2ae1fab73184.jpg?v=1694437260\" \/><\/p>\n<h3>Sadul<\/h3>\n<p>Silikoonsadul on survet leevendava disainiga, mis on mugav ja ergonoomiline.<\/p>\n<p><img decoding=\"async\" src=\"https:\/\/cdn.shopify.com\/s\/files\/1\/0666\/5004\/6756\/files\/9_283a5b04-a998-4e11-b00f-d0a5338608d5.jpg?v=1694437260\" \/><\/p>\n<h3><strong>Raami<\/strong> materjal<\/h3>\n<p>S\u00fcsinikkiust raam mitte ainult ei muuda jalgratast kergemaks, vaid parandab ka polsterdust ja j\u00e4ikust. See neelab l\u00f6\u00f6ke ja summutab vibratsiooni s\u00f5idu ajal.<\/p>\n<p><img decoding=\"async\" src=\"https:\/\/cdn.shopify.com\/s\/files\/1\/0666\/5004\/6756\/files\/1_54efd1e6-6a85-49bf-85e8-81b1337f0301.jpg?v=1694437259\" \/><\/p>\n","protected":false},"excerpt":{"rendered":"<h4>Fafrees F26 CarbonX Elektrijalgratas<\/h4>\n<ul>\n<li>S\u00f5iduulatus 100 km<\/li>\n<li>Vaikimisi on kiirus 25 km\/h<\/li>\n<li>Pedal Assist 5 taset<\/li>\n<li>K\u00e4igukast SHIMANO 9 kiirust<\/li>\n<li>Rehvid 26&#8243;*4,8&#8243; paksud rehvid<\/li>\n<li>Jalgratta kaal on 37 kg<\/li>\n<li>Kaal Kandev\u00f5ime 180 kg<\/li>\n<li>Maksimaalne p\u00f6\u00f6rdemoment 95 N.M<\/li>\n<li>Liitiumioonaku 48 V, 22,5 Ah (1080 Wh) Samsung<\/li>\n<li>Laadija 48V 3AH Laadija, laadimine 7 tundi<\/li>\n<li>Ekraan Integreeritud LCD ekraan<\/li>\n<li>Sobib s\u00f5itjale pikkusega: 170-210cm<\/li>\n<\/ul>\n<p>&nbsp;<\/p>\n<p><strong>Tarneaeg: 2-6 p\u00e4eva<\/strong><\/p>\n<p><strong>Laos<\/strong><\/p>\n","protected":false},"featured_media":14943,"template":"","meta":[],"product_cat":[52,903,905],"product_tag":[],"class_list":{"0":"post-13045","1":"product","2":"type-product","3":"status-publish","4":"has-post-thumbnail","6":"product_cat-elektrirattad","7":"product_cat-linnarattad","8":"product_cat-maastikurattad","9":"product_shipping_class-suured-pakid","11":"first","12":"instock","13":"taxable","14":"shipping-taxable","15":"purchasable","16":"product-type-simple"},"yoast_head":"<!-- This site is optimized with the Yoast SEO plugin v23.8 - https:\/\/yoast.com\/wordpress\/plugins\/seo\/ -->\n<title>Fafrees F26 CarbonX elektrijalgratas, 100 km - Ecocruiser<\/title>\n<meta name=\"description\" content=\"Tipptasemel elektrijalgratas, millel kerge s\u00fcsinikraam ja v\u00f5imas elektrimootor, pikk s\u00f5iduulatus, kiire laadimisaeg ja t\u00e4pne k\u00e4iguvahetus.\" \/>\n<meta name=\"robots\" content=\"noindex, follow, max-snippet:-1, max-image-preview:large, max-video-preview:-1\" \/>\n<meta property=\"og:locale\" content=\"en_GB\" \/>\n<meta property=\"og:type\" content=\"article\" \/>\n<meta property=\"og:title\" content=\"Fafrees F26 CarbonX elektrijalgratas, 100 km - Ecocruiser\" \/>\n<meta property=\"og:description\" content=\"Tipptasemel elektrijalgratas, millel kerge s\u00fcsinikraam ja v\u00f5imas elektrimootor, pikk s\u00f5iduulatus, kiire laadimisaeg ja t\u00e4pne k\u00e4iguvahetus.\" \/>\n<meta property=\"og:url\" content=\"https:\/\/projekt.vombat.ee\/eco\/pood\/elektrirattad\/linnarattad\/fafrees-f26-carbonx-elektrijalgratas-100-km\/\" \/>\n<meta property=\"og:site_name\" content=\"Ecocruiser\" \/>\n<meta property=\"article:modified_time\" content=\"2024-05-02T17:08:56+00:00\" \/>\n<meta property=\"og:image\" content=\"https:\/\/projekt.vombat.ee\/eco\/wp-content\/uploads\/2024\/01\/Untitled-design-64.png\" \/>\n\t<meta property=\"og:image:width\" content=\"1000\" \/>\n\t<meta property=\"og:image:height\" content=\"1000\" \/>\n\t<meta property=\"og:image:type\" content=\"image\/png\" \/>\n<meta name=\"twitter:card\" content=\"summary_large_image\" \/>\n<meta name=\"twitter:label1\" content=\"Estimated reading time\" \/>\n\t<meta name=\"twitter:data1\" content=\"4 minutes\" \/>\n<script type=\"application\/ld+json\" class=\"yoast-schema-graph\">{\"@context\":\"https:\/\/schema.org\",\"@graph\":[{\"@type\":\"WebPage\",\"@id\":\"https:\/\/projekt.vombat.ee\/eco\/pood\/elektrirattad\/linnarattad\/fafrees-f26-carbonx-elektrijalgratas-100-km\/\",\"url\":\"https:\/\/projekt.vombat.ee\/eco\/pood\/elektrirattad\/linnarattad\/fafrees-f26-carbonx-elektrijalgratas-100-km\/\",\"name\":\"Fafrees F26 CarbonX elektrijalgratas, 100 km - Ecocruiser\",\"isPartOf\":{\"@id\":\"https:\/\/projekt.vombat.ee\/eco\/#website\"},\"primaryImageOfPage\":{\"@id\":\"https:\/\/projekt.vombat.ee\/eco\/pood\/elektrirattad\/linnarattad\/fafrees-f26-carbonx-elektrijalgratas-100-km\/#primaryimage\"},\"image\":{\"@id\":\"https:\/\/projekt.vombat.ee\/eco\/pood\/elektrirattad\/linnarattad\/fafrees-f26-carbonx-elektrijalgratas-100-km\/#primaryimage\"},\"thumbnailUrl\":\"https:\/\/projekt.vombat.ee\/eco\/wp-content\/uploads\/2024\/01\/Untitled-design-64.png\",\"datePublished\":\"2024-01-04T09:31:01+00:00\",\"dateModified\":\"2024-05-02T17:08:56+00:00\",\"description\":\"Tipptasemel elektrijalgratas, millel kerge s\u00fcsinikraam ja v\u00f5imas elektrimootor, pikk s\u00f5iduulatus, kiire laadimisaeg ja t\u00e4pne k\u00e4iguvahetus.\",\"breadcrumb\":{\"@id\":\"https:\/\/projekt.vombat.ee\/eco\/pood\/elektrirattad\/linnarattad\/fafrees-f26-carbonx-elektrijalgratas-100-km\/#breadcrumb\"},\"inLanguage\":\"en-GB\",\"potentialAction\":[{\"@type\":\"ReadAction\",\"target\":[\"https:\/\/projekt.vombat.ee\/eco\/pood\/elektrirattad\/linnarattad\/fafrees-f26-carbonx-elektrijalgratas-100-km\/\"]}]},{\"@type\":\"ImageObject\",\"inLanguage\":\"en-GB\",\"@id\":\"https:\/\/projekt.vombat.ee\/eco\/pood\/elektrirattad\/linnarattad\/fafrees-f26-carbonx-elektrijalgratas-100-km\/#primaryimage\",\"url\":\"https:\/\/projekt.vombat.ee\/eco\/wp-content\/uploads\/2024\/01\/Untitled-design-64.png\",\"contentUrl\":\"https:\/\/projekt.vombat.ee\/eco\/wp-content\/uploads\/2024\/01\/Untitled-design-64.png\",\"width\":1000,\"height\":1000},{\"@type\":\"BreadcrumbList\",\"@id\":\"https:\/\/projekt.vombat.ee\/eco\/pood\/elektrirattad\/linnarattad\/fafrees-f26-carbonx-elektrijalgratas-100-km\/#breadcrumb\",\"itemListElement\":[{\"@type\":\"ListItem\",\"position\":1,\"name\":\"Home\",\"item\":\"https:\/\/projekt.vombat.ee\/eco\/\"},{\"@type\":\"ListItem\",\"position\":2,\"name\":\"Pood\",\"item\":\"https:\/\/projekt.vombat.ee\/eco\/pood\/\"},{\"@type\":\"ListItem\",\"position\":3,\"name\":\"Fafrees F26 CarbonX elektrijalgratas, 100 km\"}]},{\"@type\":\"WebSite\",\"@id\":\"https:\/\/projekt.vombat.ee\/eco\/#website\",\"url\":\"https:\/\/projekt.vombat.ee\/eco\/\",\"name\":\"Ecocruiser\",\"description\":\"\",\"publisher\":{\"@id\":\"https:\/\/projekt.vombat.ee\/eco\/#organization\"},\"potentialAction\":[{\"@type\":\"SearchAction\",\"target\":{\"@type\":\"EntryPoint\",\"urlTemplate\":\"https:\/\/projekt.vombat.ee\/eco\/?s={search_term_string}\"},\"query-input\":{\"@type\":\"PropertyValueSpecification\",\"valueRequired\":true,\"valueName\":\"search_term_string\"}}],\"inLanguage\":\"en-GB\"},{\"@type\":\"Organization\",\"@id\":\"https:\/\/projekt.vombat.ee\/eco\/#organization\",\"name\":\"Ecocruiser\",\"url\":\"https:\/\/projekt.vombat.ee\/eco\/\",\"logo\":{\"@type\":\"ImageObject\",\"inLanguage\":\"en-GB\",\"@id\":\"https:\/\/projekt.vombat.ee\/eco\/#\/schema\/logo\/image\/\",\"url\":\"https:\/\/projekt.vombat.ee\/eco\/wp-content\/uploads\/2023\/03\/ECOCRUISER_5.png\",\"contentUrl\":\"https:\/\/projekt.vombat.ee\/eco\/wp-content\/uploads\/2023\/03\/ECOCRUISER_5.png\",\"width\":234,\"height\":91,\"caption\":\"Ecocruiser\"},\"image\":{\"@id\":\"https:\/\/projekt.vombat.ee\/eco\/#\/schema\/logo\/image\/\"}}]}<\/script>\n<!-- \/ Yoast SEO plugin. -->","yoast_head_json":{"title":"Fafrees F26 CarbonX elektrijalgratas, 100 km - Ecocruiser","description":"Tipptasemel elektrijalgratas, millel kerge s\u00fcsinikraam ja v\u00f5imas elektrimootor, pikk s\u00f5iduulatus, kiire laadimisaeg ja t\u00e4pne k\u00e4iguvahetus.","robots":{"index":"noindex","follow":"follow","max-snippet":"max-snippet:-1","max-image-preview":"max-image-preview:large","max-video-preview":"max-video-preview:-1"},"og_locale":"en_GB","og_type":"article","og_title":"Fafrees F26 CarbonX elektrijalgratas, 100 km - Ecocruiser","og_description":"Tipptasemel elektrijalgratas, millel kerge s\u00fcsinikraam ja v\u00f5imas elektrimootor, pikk s\u00f5iduulatus, kiire laadimisaeg ja t\u00e4pne k\u00e4iguvahetus.","og_url":"https:\/\/projekt.vombat.ee\/eco\/pood\/elektrirattad\/linnarattad\/fafrees-f26-carbonx-elektrijalgratas-100-km\/","og_site_name":"Ecocruiser","article_modified_time":"2024-05-02T17:08:56+00:00","og_image":[{"width":1000,"height":1000,"url":"https:\/\/projekt.vombat.ee\/eco\/wp-content\/uploads\/2024\/01\/Untitled-design-64.png","type":"image\/png"}],"twitter_card":"summary_large_image","twitter_misc":{"Estimated reading time":"4 minutes"},"schema":{"@context":"https:\/\/schema.org","@graph":[{"@type":"WebPage","@id":"https:\/\/projekt.vombat.ee\/eco\/pood\/elektrirattad\/linnarattad\/fafrees-f26-carbonx-elektrijalgratas-100-km\/","url":"https:\/\/projekt.vombat.ee\/eco\/pood\/elektrirattad\/linnarattad\/fafrees-f26-carbonx-elektrijalgratas-100-km\/","name":"Fafrees F26 CarbonX elektrijalgratas, 100 km - Ecocruiser","isPartOf":{"@id":"https:\/\/projekt.vombat.ee\/eco\/#website"},"primaryImageOfPage":{"@id":"https:\/\/projekt.vombat.ee\/eco\/pood\/elektrirattad\/linnarattad\/fafrees-f26-carbonx-elektrijalgratas-100-km\/#primaryimage"},"image":{"@id":"https:\/\/projekt.vombat.ee\/eco\/pood\/elektrirattad\/linnarattad\/fafrees-f26-carbonx-elektrijalgratas-100-km\/#primaryimage"},"thumbnailUrl":"https:\/\/projekt.vombat.ee\/eco\/wp-content\/uploads\/2024\/01\/Untitled-design-64.png","datePublished":"2024-01-04T09:31:01+00:00","dateModified":"2024-05-02T17:08:56+00:00","description":"Tipptasemel elektrijalgratas, millel kerge s\u00fcsinikraam ja v\u00f5imas elektrimootor, pikk s\u00f5iduulatus, kiire laadimisaeg ja t\u00e4pne k\u00e4iguvahetus.","breadcrumb":{"@id":"https:\/\/projekt.vombat.ee\/eco\/pood\/elektrirattad\/linnarattad\/fafrees-f26-carbonx-elektrijalgratas-100-km\/#breadcrumb"},"inLanguage":"en-GB","potentialAction":[{"@type":"ReadAction","target":["https:\/\/projekt.vombat.ee\/eco\/pood\/elektrirattad\/linnarattad\/fafrees-f26-carbonx-elektrijalgratas-100-km\/"]}]},{"@type":"ImageObject","inLanguage":"en-GB","@id":"https:\/\/projekt.vombat.ee\/eco\/pood\/elektrirattad\/linnarattad\/fafrees-f26-carbonx-elektrijalgratas-100-km\/#primaryimage","url":"https:\/\/projekt.vombat.ee\/eco\/wp-content\/uploads\/2024\/01\/Untitled-design-64.png","contentUrl":"https:\/\/projekt.vombat.ee\/eco\/wp-content\/uploads\/2024\/01\/Untitled-design-64.png","width":1000,"height":1000},{"@type":"BreadcrumbList","@id":"https:\/\/projekt.vombat.ee\/eco\/pood\/elektrirattad\/linnarattad\/fafrees-f26-carbonx-elektrijalgratas-100-km\/#breadcrumb","itemListElement":[{"@type":"ListItem","position":1,"name":"Home","item":"https:\/\/projekt.vombat.ee\/eco\/"},{"@type":"ListItem","position":2,"name":"Pood","item":"https:\/\/projekt.vombat.ee\/eco\/pood\/"},{"@type":"ListItem","position":3,"name":"Fafrees F26 CarbonX elektrijalgratas, 100 km"}]},{"@type":"WebSite","@id":"https:\/\/projekt.vombat.ee\/eco\/#website","url":"https:\/\/projekt.vombat.ee\/eco\/","name":"Ecocruiser","description":"","publisher":{"@id":"https:\/\/projekt.vombat.ee\/eco\/#organization"},"potentialAction":[{"@type":"SearchAction","target":{"@type":"EntryPoint","urlTemplate":"https:\/\/projekt.vombat.ee\/eco\/?s={search_term_string}"},"query-input":{"@type":"PropertyValueSpecification","valueRequired":true,"valueName":"search_term_string"}}],"inLanguage":"en-GB"},{"@type":"Organization","@id":"https:\/\/projekt.vombat.ee\/eco\/#organization","name":"Ecocruiser","url":"https:\/\/projekt.vombat.ee\/eco\/","logo":{"@type":"ImageObject","inLanguage":"en-GB","@id":"https:\/\/projekt.vombat.ee\/eco\/#\/schema\/logo\/image\/","url":"https:\/\/projekt.vombat.ee\/eco\/wp-content\/uploads\/2023\/03\/ECOCRUISER_5.png","contentUrl":"https:\/\/projekt.vombat.ee\/eco\/wp-content\/uploads\/2023\/03\/ECOCRUISER_5.png","width":234,"height":91,"caption":"Ecocruiser"},"image":{"@id":"https:\/\/projekt.vombat.ee\/eco\/#\/schema\/logo\/image\/"}}]}},"lang":"et","translations":{"et":13045},"pll_sync_post":[],"_links":{"self":[{"href":"https:\/\/projekt.vombat.ee\/eco\/wp-json\/wp\/v2\/product\/13045"}],"collection":[{"href":"https:\/\/projekt.vombat.ee\/eco\/wp-json\/wp\/v2\/product"}],"about":[{"href":"https:\/\/projekt.vombat.ee\/eco\/wp-json\/wp\/v2\/types\/product"}],"version-history":[{"count":3,"href":"https:\/\/projekt.vombat.ee\/eco\/wp-json\/wp\/v2\/product\/13045\/revisions"}],"predecessor-version":[{"id":16776,"href":"https:\/\/projekt.vombat.ee\/eco\/wp-json\/wp\/v2\/product\/13045\/revisions\/16776"}],"wp:featuredmedia":[{"embeddable":true,"href":"https:\/\/projekt.vombat.ee\/eco\/wp-json\/wp\/v2\/media\/14943"}],"wp:attachment":[{"href":"https:\/\/projekt.vombat.ee\/eco\/wp-json\/wp\/v2\/media?parent=13045"}],"wp:term":[{"taxonomy":"product_cat","embeddable":true,"href":"https:\/\/projekt.vombat.ee\/eco\/wp-json\/wp\/v2\/product_cat?post=13045"},{"taxonomy":"product_tag","embeddable":true,"href":"https:\/\/projekt.vombat.ee\/eco\/wp-json\/wp\/v2\/product_tag?post=13045"}],"curies":[{"name":"wp","href":"https:\/\/api.w.org\/{rel}","templated":true}]}}