{"id":13003,"date":"2024-01-03T07:31:12","date_gmt":"2024-01-03T07:31:12","guid":{"rendered":"https:\/\/projekt.vombat.ee\/eco\/?post_type=product&#038;p=13003"},"modified":"2024-05-09T14:00:40","modified_gmt":"2024-05-09T14:00:40","slug":"fafrees-ff20-polar-elektrijalgratas-115-km","status":"publish","type":"product","link":"https:\/\/projekt.vombat.ee\/eco\/pood\/elektrirattad\/linnarattad\/fafrees-ff20-polar-elektrijalgratas-115-km\/","title":{"rendered":"Fafrees FF20 Polar Elektrijalgratas, 115 km"},"content":{"rendered":"<h1>Fafrees FF20 Polar Elektrijalgratas<\/h1>\n<p>&nbsp;<\/p>\n<p><img decoding=\"async\" src=\"https:\/\/www.fafreesebike.com\/cdn\/shop\/files\/FF20Polar-_1.jpg?v=1706750444&amp;width=900\" \/><img decoding=\"async\" src=\"https:\/\/www.fafreesebike.com\/cdn\/shop\/files\/FF20Polar-_1_d79d5484-5aec-433f-8f23-65ebf6be5faf.jpg?v=1706750444&amp;width=1\" alt=\"Fafrees FF20 Polar\" \/><\/p>\n<p>&nbsp;<\/p>\n<p><strong>INFO<\/strong><\/p>\n<ul>\n<li>Br\u00e4nd: Fafrees<\/li>\n<li>Mootor: 250W 48V<\/li>\n<li>Aku: 48V 10,4Ah*2 Kahekordne aku<\/li>\n<li>Laadimisaeg: 7-8 tundi<\/li>\n<li>Maksimaalne vahemaa abistatavas re\u017eiimis: 115km<\/li>\n<li>Kiirus: 25 km\/h(piirajaga)<\/li>\n<li>Ronimisnurk: 25\u00b0<\/li>\n<li>Ratta l\u00e4bim\u00f5\u00f5t: 20&#8243;<\/li>\n<li>Raami materjal: alumiiniumisulam<\/li>\n<li>Kokkupandav vars: jah<\/li>\n<li>Digitaalne ekraan: jah, spidomeeter, l\u00e4bis\u00f5idum\u00f5\u00f5dik, kellaaeg, valgus, aku kasutusaja n\u00e4it<\/li>\n<li>S\u00f5idure\u017eiimid: 3 re\u017eiimi<\/li>\n<li>K\u00e4igukast: 7-k\u00e4iguline k\u00e4ik<\/li>\n<li>Pidurid: mehaanilised ketaspidurid<\/li>\n<li>Esituled: ere LED pirn<\/li>\n<li>Maksimaalne kasutaja kaal: 150 kg<\/li>\n<li>Sobib s\u00f5itjale pikkusega: 160-195 cm<\/li>\n<li>T\u00f6\u00f6temperatuur: -10&#8221;C-45&#8221;C<\/li>\n<li>Rehvim\u00f5\u00f5t: 20*4,0<\/li>\n<li>Rehvi t\u00fc\u00fcp: \u00f5hkrehv<\/li>\n<li>Netokaal: 34 kg<\/li>\n<li>Pakendi kaal: 41,9 kg<\/li>\n<li>M\u00f5\u00f5dud lahtivoltituna: 179 x 121 x 68 cm<\/li>\n<li>Pakendi suurus: 90 x 45 x 79 cm<\/li>\n<\/ul>\n<p><strong>Pakend sisaldab:<\/strong><\/p>\n<p>FAFREES elektrijalgratas, akulaadija, t\u00f6\u00f6riistakomplekt, kasutusjuhend<\/p>\n<p>&nbsp;<\/p>\n","protected":false},"excerpt":{"rendered":"<h4>Fafrees FF20 Polar Elektrijalgratas<\/h4>\n<ul>\n<li>Mootor: 250W 48V<\/li>\n<li>Aku: 48V 10,4Ah*2 Kahekordne aku<\/li>\n<li>Laadimisaeg: 7-8 tundi<\/li>\n<li>Maksimaalne vahemaa abistatavas re\u017eiimis: 115km<\/li>\n<li>Kiirus: 25 km\/h(piirajaga)<\/li>\n<li>Raami materjal: alumiiniumisulam<\/li>\n<li>K\u00e4igukast: 7-k\u00e4iguline k\u00e4ik<\/li>\n<li>Esituled: ere LED pirn<\/li>\n<li>Maksimaalne kasutaja kaal: 150 kg<\/li>\n<li>Sobib s\u00f5itjale pikkusega: 160-195 cm<\/li>\n<li>Rehvim\u00f5\u00f5t: 20*4,0<\/li>\n<li>Netokaal: 34 kg<\/li>\n<li>M\u00f5\u00f5dud: 179 x 121 x 68 cm<\/li>\n<\/ul>\n<p>&nbsp;<\/p>\n<p><strong>Tarneaeg: 2-6 p\u00e4eva<\/strong><\/p>\n<p><strong>Laos<\/strong><\/p>\n","protected":false},"featured_media":14956,"template":"","meta":[],"product_cat":[52,907,903,905],"product_tag":[],"class_list":{"0":"post-13003","1":"product","2":"type-product","3":"status-publish","4":"has-post-thumbnail","6":"product_cat-elektrirattad","7":"product_cat-kokkupandavad-rattad","8":"product_cat-linnarattad","9":"product_cat-maastikurattad","10":"product_shipping_class-suured-pakid","12":"first","13":"instock","14":"sale","15":"taxable","16":"shipping-taxable","17":"purchasable","18":"product-type-variable"},"yoast_head":"<!-- This site is optimized with the Yoast SEO plugin v23.8 - https:\/\/yoast.com\/wordpress\/plugins\/seo\/ -->\n<title>Fafrees FF20 Polar Elektrijalgratas, 115 km - Ecocruiser<\/title>\n<meta name=\"description\" content=\"Suure s\u00f5iduulatusega mugav ratas nii kaubaveoks kui ka reisimiseks, telkimiseks, ringi uitamisek, LCD h\u00f5lpsasti loetav v\u00e4rviline ekraan.\" \/>\n<meta name=\"robots\" content=\"noindex, follow, max-snippet:-1, max-image-preview:large, max-video-preview:-1\" \/>\n<meta property=\"og:locale\" content=\"en_GB\" \/>\n<meta property=\"og:type\" content=\"article\" \/>\n<meta property=\"og:title\" content=\"Fafrees FF20 Polar Elektrijalgratas, 115 km - Ecocruiser\" \/>\n<meta property=\"og:description\" content=\"Suure s\u00f5iduulatusega mugav ratas nii kaubaveoks kui ka reisimiseks, telkimiseks, ringi uitamisek, LCD h\u00f5lpsasti loetav v\u00e4rviline ekraan.\" \/>\n<meta property=\"og:url\" content=\"https:\/\/projekt.vombat.ee\/eco\/pood\/elektrirattad\/linnarattad\/fafrees-ff20-polar-elektrijalgratas-115-km\/\" \/>\n<meta property=\"og:site_name\" content=\"Ecocruiser\" \/>\n<meta property=\"article:modified_time\" content=\"2024-05-09T14:00:40+00:00\" \/>\n<meta property=\"og:image\" content=\"https:\/\/projekt.vombat.ee\/eco\/wp-content\/uploads\/2024\/01\/Untitled-design-65.png\" \/>\n\t<meta property=\"og:image:width\" content=\"1000\" \/>\n\t<meta property=\"og:image:height\" content=\"1000\" \/>\n\t<meta property=\"og:image:type\" content=\"image\/png\" \/>\n<meta name=\"twitter:card\" content=\"summary_large_image\" \/>\n<meta name=\"twitter:label1\" content=\"Estimated reading time\" \/>\n\t<meta name=\"twitter:data1\" content=\"2 minutes\" \/>\n<script type=\"application\/ld+json\" class=\"yoast-schema-graph\">{\"@context\":\"https:\/\/schema.org\",\"@graph\":[{\"@type\":\"WebPage\",\"@id\":\"https:\/\/projekt.vombat.ee\/eco\/pood\/elektrirattad\/linnarattad\/fafrees-ff20-polar-elektrijalgratas-115-km\/\",\"url\":\"https:\/\/projekt.vombat.ee\/eco\/pood\/elektrirattad\/linnarattad\/fafrees-ff20-polar-elektrijalgratas-115-km\/\",\"name\":\"Fafrees FF20 Polar Elektrijalgratas, 115 km - Ecocruiser\",\"isPartOf\":{\"@id\":\"https:\/\/projekt.vombat.ee\/eco\/#website\"},\"primaryImageOfPage\":{\"@id\":\"https:\/\/projekt.vombat.ee\/eco\/pood\/elektrirattad\/linnarattad\/fafrees-ff20-polar-elektrijalgratas-115-km\/#primaryimage\"},\"image\":{\"@id\":\"https:\/\/projekt.vombat.ee\/eco\/pood\/elektrirattad\/linnarattad\/fafrees-ff20-polar-elektrijalgratas-115-km\/#primaryimage\"},\"thumbnailUrl\":\"https:\/\/projekt.vombat.ee\/eco\/wp-content\/uploads\/2024\/01\/Untitled-design-65.png\",\"datePublished\":\"2024-01-03T07:31:12+00:00\",\"dateModified\":\"2024-05-09T14:00:40+00:00\",\"description\":\"Suure s\u00f5iduulatusega mugav ratas nii kaubaveoks kui ka reisimiseks, telkimiseks, ringi uitamisek, LCD h\u00f5lpsasti loetav v\u00e4rviline ekraan.\",\"breadcrumb\":{\"@id\":\"https:\/\/projekt.vombat.ee\/eco\/pood\/elektrirattad\/linnarattad\/fafrees-ff20-polar-elektrijalgratas-115-km\/#breadcrumb\"},\"inLanguage\":\"en-GB\",\"potentialAction\":[{\"@type\":\"ReadAction\",\"target\":[\"https:\/\/projekt.vombat.ee\/eco\/pood\/elektrirattad\/linnarattad\/fafrees-ff20-polar-elektrijalgratas-115-km\/\"]}]},{\"@type\":\"ImageObject\",\"inLanguage\":\"en-GB\",\"@id\":\"https:\/\/projekt.vombat.ee\/eco\/pood\/elektrirattad\/linnarattad\/fafrees-ff20-polar-elektrijalgratas-115-km\/#primaryimage\",\"url\":\"https:\/\/projekt.vombat.ee\/eco\/wp-content\/uploads\/2024\/01\/Untitled-design-65.png\",\"contentUrl\":\"https:\/\/projekt.vombat.ee\/eco\/wp-content\/uploads\/2024\/01\/Untitled-design-65.png\",\"width\":1000,\"height\":1000},{\"@type\":\"BreadcrumbList\",\"@id\":\"https:\/\/projekt.vombat.ee\/eco\/pood\/elektrirattad\/linnarattad\/fafrees-ff20-polar-elektrijalgratas-115-km\/#breadcrumb\",\"itemListElement\":[{\"@type\":\"ListItem\",\"position\":1,\"name\":\"Home\",\"item\":\"https:\/\/projekt.vombat.ee\/eco\/\"},{\"@type\":\"ListItem\",\"position\":2,\"name\":\"Pood\",\"item\":\"https:\/\/projekt.vombat.ee\/eco\/pood\/\"},{\"@type\":\"ListItem\",\"position\":3,\"name\":\"Fafrees FF20 Polar Elektrijalgratas, 115 km\"}]},{\"@type\":\"WebSite\",\"@id\":\"https:\/\/projekt.vombat.ee\/eco\/#website\",\"url\":\"https:\/\/projekt.vombat.ee\/eco\/\",\"name\":\"Ecocruiser\",\"description\":\"\",\"publisher\":{\"@id\":\"https:\/\/projekt.vombat.ee\/eco\/#organization\"},\"potentialAction\":[{\"@type\":\"SearchAction\",\"target\":{\"@type\":\"EntryPoint\",\"urlTemplate\":\"https:\/\/projekt.vombat.ee\/eco\/?s={search_term_string}\"},\"query-input\":{\"@type\":\"PropertyValueSpecification\",\"valueRequired\":true,\"valueName\":\"search_term_string\"}}],\"inLanguage\":\"en-GB\"},{\"@type\":\"Organization\",\"@id\":\"https:\/\/projekt.vombat.ee\/eco\/#organization\",\"name\":\"Ecocruiser\",\"url\":\"https:\/\/projekt.vombat.ee\/eco\/\",\"logo\":{\"@type\":\"ImageObject\",\"inLanguage\":\"en-GB\",\"@id\":\"https:\/\/projekt.vombat.ee\/eco\/#\/schema\/logo\/image\/\",\"url\":\"https:\/\/projekt.vombat.ee\/eco\/wp-content\/uploads\/2023\/03\/ECOCRUISER_5.png\",\"contentUrl\":\"https:\/\/projekt.vombat.ee\/eco\/wp-content\/uploads\/2023\/03\/ECOCRUISER_5.png\",\"width\":234,\"height\":91,\"caption\":\"Ecocruiser\"},\"image\":{\"@id\":\"https:\/\/projekt.vombat.ee\/eco\/#\/schema\/logo\/image\/\"}}]}<\/script>\n<!-- \/ Yoast SEO plugin. -->","yoast_head_json":{"title":"Fafrees FF20 Polar Elektrijalgratas, 115 km - Ecocruiser","description":"Suure s\u00f5iduulatusega mugav ratas nii kaubaveoks kui ka reisimiseks, telkimiseks, ringi uitamisek, LCD h\u00f5lpsasti loetav v\u00e4rviline ekraan.","robots":{"index":"noindex","follow":"follow","max-snippet":"max-snippet:-1","max-image-preview":"max-image-preview:large","max-video-preview":"max-video-preview:-1"},"og_locale":"en_GB","og_type":"article","og_title":"Fafrees FF20 Polar Elektrijalgratas, 115 km - Ecocruiser","og_description":"Suure s\u00f5iduulatusega mugav ratas nii kaubaveoks kui ka reisimiseks, telkimiseks, ringi uitamisek, LCD h\u00f5lpsasti loetav v\u00e4rviline ekraan.","og_url":"https:\/\/projekt.vombat.ee\/eco\/pood\/elektrirattad\/linnarattad\/fafrees-ff20-polar-elektrijalgratas-115-km\/","og_site_name":"Ecocruiser","article_modified_time":"2024-05-09T14:00:40+00:00","og_image":[{"width":1000,"height":1000,"url":"https:\/\/projekt.vombat.ee\/eco\/wp-content\/uploads\/2024\/01\/Untitled-design-65.png","type":"image\/png"}],"twitter_card":"summary_large_image","twitter_misc":{"Estimated reading time":"2 minutes"},"schema":{"@context":"https:\/\/schema.org","@graph":[{"@type":"WebPage","@id":"https:\/\/projekt.vombat.ee\/eco\/pood\/elektrirattad\/linnarattad\/fafrees-ff20-polar-elektrijalgratas-115-km\/","url":"https:\/\/projekt.vombat.ee\/eco\/pood\/elektrirattad\/linnarattad\/fafrees-ff20-polar-elektrijalgratas-115-km\/","name":"Fafrees FF20 Polar Elektrijalgratas, 115 km - Ecocruiser","isPartOf":{"@id":"https:\/\/projekt.vombat.ee\/eco\/#website"},"primaryImageOfPage":{"@id":"https:\/\/projekt.vombat.ee\/eco\/pood\/elektrirattad\/linnarattad\/fafrees-ff20-polar-elektrijalgratas-115-km\/#primaryimage"},"image":{"@id":"https:\/\/projekt.vombat.ee\/eco\/pood\/elektrirattad\/linnarattad\/fafrees-ff20-polar-elektrijalgratas-115-km\/#primaryimage"},"thumbnailUrl":"https:\/\/projekt.vombat.ee\/eco\/wp-content\/uploads\/2024\/01\/Untitled-design-65.png","datePublished":"2024-01-03T07:31:12+00:00","dateModified":"2024-05-09T14:00:40+00:00","description":"Suure s\u00f5iduulatusega mugav ratas nii kaubaveoks kui ka reisimiseks, telkimiseks, ringi uitamisek, LCD h\u00f5lpsasti loetav v\u00e4rviline ekraan.","breadcrumb":{"@id":"https:\/\/projekt.vombat.ee\/eco\/pood\/elektrirattad\/linnarattad\/fafrees-ff20-polar-elektrijalgratas-115-km\/#breadcrumb"},"inLanguage":"en-GB","potentialAction":[{"@type":"ReadAction","target":["https:\/\/projekt.vombat.ee\/eco\/pood\/elektrirattad\/linnarattad\/fafrees-ff20-polar-elektrijalgratas-115-km\/"]}]},{"@type":"ImageObject","inLanguage":"en-GB","@id":"https:\/\/projekt.vombat.ee\/eco\/pood\/elektrirattad\/linnarattad\/fafrees-ff20-polar-elektrijalgratas-115-km\/#primaryimage","url":"https:\/\/projekt.vombat.ee\/eco\/wp-content\/uploads\/2024\/01\/Untitled-design-65.png","contentUrl":"https:\/\/projekt.vombat.ee\/eco\/wp-content\/uploads\/2024\/01\/Untitled-design-65.png","width":1000,"height":1000},{"@type":"BreadcrumbList","@id":"https:\/\/projekt.vombat.ee\/eco\/pood\/elektrirattad\/linnarattad\/fafrees-ff20-polar-elektrijalgratas-115-km\/#breadcrumb","itemListElement":[{"@type":"ListItem","position":1,"name":"Home","item":"https:\/\/projekt.vombat.ee\/eco\/"},{"@type":"ListItem","position":2,"name":"Pood","item":"https:\/\/projekt.vombat.ee\/eco\/pood\/"},{"@type":"ListItem","position":3,"name":"Fafrees FF20 Polar Elektrijalgratas, 115 km"}]},{"@type":"WebSite","@id":"https:\/\/projekt.vombat.ee\/eco\/#website","url":"https:\/\/projekt.vombat.ee\/eco\/","name":"Ecocruiser","description":"","publisher":{"@id":"https:\/\/projekt.vombat.ee\/eco\/#organization"},"potentialAction":[{"@type":"SearchAction","target":{"@type":"EntryPoint","urlTemplate":"https:\/\/projekt.vombat.ee\/eco\/?s={search_term_string}"},"query-input":{"@type":"PropertyValueSpecification","valueRequired":true,"valueName":"search_term_string"}}],"inLanguage":"en-GB"},{"@type":"Organization","@id":"https:\/\/projekt.vombat.ee\/eco\/#organization","name":"Ecocruiser","url":"https:\/\/projekt.vombat.ee\/eco\/","logo":{"@type":"ImageObject","inLanguage":"en-GB","@id":"https:\/\/projekt.vombat.ee\/eco\/#\/schema\/logo\/image\/","url":"https:\/\/projekt.vombat.ee\/eco\/wp-content\/uploads\/2023\/03\/ECOCRUISER_5.png","contentUrl":"https:\/\/projekt.vombat.ee\/eco\/wp-content\/uploads\/2023\/03\/ECOCRUISER_5.png","width":234,"height":91,"caption":"Ecocruiser"},"image":{"@id":"https:\/\/projekt.vombat.ee\/eco\/#\/schema\/logo\/image\/"}}]}},"lang":"et","translations":{"et":13003},"pll_sync_post":[],"_links":{"self":[{"href":"https:\/\/projekt.vombat.ee\/eco\/wp-json\/wp\/v2\/product\/13003"}],"collection":[{"href":"https:\/\/projekt.vombat.ee\/eco\/wp-json\/wp\/v2\/product"}],"about":[{"href":"https:\/\/projekt.vombat.ee\/eco\/wp-json\/wp\/v2\/types\/product"}],"version-history":[{"count":4,"href":"https:\/\/projekt.vombat.ee\/eco\/wp-json\/wp\/v2\/product\/13003\/revisions"}],"predecessor-version":[{"id":16780,"href":"https:\/\/projekt.vombat.ee\/eco\/wp-json\/wp\/v2\/product\/13003\/revisions\/16780"}],"wp:featuredmedia":[{"embeddable":true,"href":"https:\/\/projekt.vombat.ee\/eco\/wp-json\/wp\/v2\/media\/14956"}],"wp:attachment":[{"href":"https:\/\/projekt.vombat.ee\/eco\/wp-json\/wp\/v2\/media?parent=13003"}],"wp:term":[{"taxonomy":"product_cat","embeddable":true,"href":"https:\/\/projekt.vombat.ee\/eco\/wp-json\/wp\/v2\/product_cat?post=13003"},{"taxonomy":"product_tag","embeddable":true,"href":"https:\/\/projekt.vombat.ee\/eco\/wp-json\/wp\/v2\/product_tag?post=13003"}],"curies":[{"name":"wp","href":"https:\/\/api.w.org\/{rel}","templated":true}]}}