{"id":12993,"date":"2024-01-02T11:53:20","date_gmt":"2024-01-02T11:53:20","guid":{"rendered":"https:\/\/projekt.vombat.ee\/eco\/?post_type=product&#038;p=12993"},"modified":"2024-05-02T16:56:43","modified_gmt":"2024-05-02T16:56:43","slug":"fafrees-f20-master-elektrijalgratas","status":"publish","type":"product","link":"https:\/\/projekt.vombat.ee\/eco\/pood\/elektrirattad\/linnarattad\/fafrees-f20-master-elektrijalgratas\/","title":{"rendered":"Fafrees F20 Master Elektrijalgratas, 120 km"},"content":{"rendered":"<h1>Fafrees F20 Master elektrijalgratas<\/h1>\n<p><img decoding=\"async\" src=\"https:\/\/epedals.eu\/cdn\/shop\/files\/3_bc2db323-df9a-47c9-a1a6-607e90168ee2.jpg?v=1692872869&amp;width=1946\" \/><\/p>\n<p>&nbsp;<\/p>\n<p>&nbsp;<\/p>\n<p>&nbsp;<\/p>\n<p><img decoding=\"async\" src=\"https:\/\/epedals.eu\/cdn\/shop\/files\/3_c8d59b57-1618-429e-bf4d-b3e710d147cf.webp?v=1692356523&amp;width=1420\" \/><\/p>\n<h3>Mootori v\u00f5imsus 500 W<\/h3>\n<p>mootori abil saab s\u00f5ita enesekindlalt mis tahes maastikul. Eemaldatava gaasihoova abil saab igal ajal l\u00fclituda puhtalt elektrire\u017eiimi ja abire\u017eiimi vahel.<\/p>\n<p><img decoding=\"async\" src=\"https:\/\/epedals.eu\/cdn\/shop\/files\/2_6868d610-13fa-439f-8a66-5befce81fe3d.webp?v=1692356426&amp;width=1420\" \/><\/p>\n<p>&nbsp;<\/p>\n<p><img decoding=\"async\" src=\"https:\/\/epedals.eu\/cdn\/shop\/files\/4_1d321fe2-e30c-4663-b55c-61befb3d70f0.webp?v=1692356624&amp;width=1420\" \/><\/p>\n<p><img decoding=\"async\" src=\"https:\/\/epedals.eu\/cdn\/shop\/files\/1_3356855b-cd8d-40e6-9694-de06a2e912ae.webp?v=1692356367&amp;width=1420\" \/><\/p>\n<h3>INFO<\/h3>\n<ul>\n<li>M\u00f5\u00f5dud:: 172*111*66cm<\/li>\n<li>Reguleeritav istme k\u00f5rgus: 88-102cm<\/li>\n<li>Rehvim\u00f5\u00f5t: 20&#8243;*4,0<\/li>\n<li>Pedaali ja maapinna vaheline kaugus: 12 cm<\/li>\n<li>Sobib s\u00f5itjale pikkusega: 165-200cm<\/li>\n<li>Netokaal: 32 kg<\/li>\n<li>Kandev\u00f5ime: 150 kg<\/li>\n<li>Raami materjal: s\u00fcsinikkiud<\/li>\n<li>Rehvi t\u00fc\u00fcp: \u00f5hkrehv<\/li>\n<li>Maksimaalne vahemaa abistatavas re\u017eiimis: 120 km<\/li>\n<li>Maksimaalne ronimisaste: 25\u00b0<\/li>\n<li>Aku t\u00fc\u00fcp: liitiumioon Samsung cell 21700<\/li>\n<li>Mootori nimiv\u00f5imsus: 500W<\/li>\n<li>Mootori asukoht: tagumine ajam<\/li>\n<li>Maksimaalne p\u00f6\u00f6rdemoment: (N.m) 60N.m<\/li>\n<li>Laadimisaeg: 7h<\/li>\n<li>Kahvli t\u00fc\u00fcp: lukustusega vedrustus<\/li>\n<li>Kahvli kaugus: 50 mm<\/li>\n<li>Ekraani t\u00fc\u00fcp: LCD ekraan<\/li>\n<li>6 km\/h k\u00f5ndimise abire\u017eiim: jah<\/li>\n<li>P\u00fcsikiiruse hoidja: Jah<\/li>\n<li>K\u00e4igukast: Shimano 7S<\/li>\n<li>Piduri t\u00fc\u00fcp: h\u00fcdraulilised ketaspidurid<\/li>\n<li>S\u00f5idure\u017eiimid: inimene\/abiline\/puhas j\u00f5ud<\/li>\n<li>T\u00f6\u00f6temperatuur: -10 \u2103 &#8211; 40 \u2103<\/li>\n<li>Veekindlusklass: IPX5<\/li>\n<\/ul>\n<p><strong>Pakend sisaldab:<\/strong><\/p>\n<p>F20 Master elektriratas,\u00a0laadija karp,\u00a0laadimisliin,\u00a0t\u00f6\u00f6riistakomplekt,\u00a0 kasutusjuhend,\u00a02 ratta helkurit,\u00a02 pedaali<\/p>\n","protected":false},"excerpt":{"rendered":"<h4>Fafrees F20 Master Elektrijalgratas<\/h4>\n<ul>\n<li style=\"list-style-type: none;\">\n<ul>\n<li>M\u00f5\u00f5dud:: 172*111*66cm<\/li>\n<li>Rehvim\u00f5\u00f5t: 20&#8243;*4,0<\/li>\n<li>Sobib s\u00f5itjale pikkusega: 165-200cm<\/li>\n<li>Netokaal: 32 kg<\/li>\n<li>Kandev\u00f5ime: 150 kg<\/li>\n<li>Rehvi t\u00fc\u00fcp: \u00f5hkrehv<\/li>\n<li>Maksimaalne vahemaa abistatavas re\u017eiimis: 120 km<\/li>\n<li>Aku t\u00fc\u00fcp: liitiumioon Samsung cell 21700<\/li>\n<li>Mootori nimiv\u00f5imsus: 250W<\/li>\n<li>Laadimisaeg: 7h<\/li>\n<li>Ekraani t\u00fc\u00fcp: LCD ekraan<\/li>\n<li>P\u00fcsikiiruse hoidja: Jah<\/li>\n<li>K\u00e4igukast: Shimano 7S<\/li>\n<li>Piduri t\u00fc\u00fcp: h\u00fcdraulilised ketaspidurid<\/li>\n<li>Veekindlusklass: IPX5<\/li>\n<\/ul>\n<\/li>\n<\/ul>\n<p>&nbsp;<\/p>\n<p><strong>Tarneaeg: 2-6 p\u00e4eva<\/strong><\/p>\n<p><strong>Laos<\/strong><\/p>\n","protected":false},"featured_media":14988,"template":"","meta":[],"product_cat":[52,903,905,15],"product_tag":[],"class_list":{"0":"post-12993","1":"product","2":"type-product","3":"status-publish","4":"has-post-thumbnail","6":"product_cat-elektrirattad","7":"product_cat-linnarattad","8":"product_cat-maastikurattad","9":"product_cat-uued-tooted","10":"product_shipping_class-suured-pakid","12":"first","13":"instock","14":"taxable","15":"shipping-taxable","16":"purchasable","17":"product-type-variable"},"yoast_head":"<!-- This site is optimized with the Yoast SEO plugin v23.8 - https:\/\/yoast.com\/wordpress\/plugins\/seo\/ -->\n<title>Fafrees F20 Master Elektrijalgratas, 120 km - Ecocruiser<\/title>\n<meta name=\"description\" content=\"F20 Masteri s\u00fcsinikkiust raam, rummumootor ja kahekordsed amortisaatorid ning polsterdatud sadul tagavad sujuva ja nauditava s\u00f5idu.\" \/>\n<meta name=\"robots\" content=\"noindex, follow, max-snippet:-1, max-image-preview:large, max-video-preview:-1\" \/>\n<meta property=\"og:locale\" content=\"en_GB\" \/>\n<meta property=\"og:type\" content=\"article\" \/>\n<meta property=\"og:title\" content=\"Fafrees F20 Master Elektrijalgratas, 120 km - Ecocruiser\" \/>\n<meta property=\"og:description\" content=\"F20 Masteri s\u00fcsinikkiust raam, rummumootor ja kahekordsed amortisaatorid ning polsterdatud sadul tagavad sujuva ja nauditava s\u00f5idu.\" \/>\n<meta property=\"og:url\" content=\"https:\/\/projekt.vombat.ee\/eco\/pood\/elektrirattad\/linnarattad\/fafrees-f20-master-elektrijalgratas\/\" \/>\n<meta property=\"og:site_name\" content=\"Ecocruiser\" \/>\n<meta property=\"article:modified_time\" content=\"2024-05-02T16:56:43+00:00\" \/>\n<meta property=\"og:image\" content=\"https:\/\/projekt.vombat.ee\/eco\/wp-content\/uploads\/2024\/01\/Untitled-design-66.png\" \/>\n\t<meta property=\"og:image:width\" content=\"1000\" \/>\n\t<meta property=\"og:image:height\" content=\"1000\" \/>\n\t<meta property=\"og:image:type\" content=\"image\/png\" \/>\n<meta name=\"twitter:card\" content=\"summary_large_image\" \/>\n<meta name=\"twitter:label1\" content=\"Estimated reading time\" \/>\n\t<meta name=\"twitter:data1\" content=\"2 minutes\" \/>\n<script type=\"application\/ld+json\" class=\"yoast-schema-graph\">{\"@context\":\"https:\/\/schema.org\",\"@graph\":[{\"@type\":\"WebPage\",\"@id\":\"https:\/\/projekt.vombat.ee\/eco\/pood\/elektrirattad\/linnarattad\/fafrees-f20-master-elektrijalgratas\/\",\"url\":\"https:\/\/projekt.vombat.ee\/eco\/pood\/elektrirattad\/linnarattad\/fafrees-f20-master-elektrijalgratas\/\",\"name\":\"Fafrees F20 Master Elektrijalgratas, 120 km - Ecocruiser\",\"isPartOf\":{\"@id\":\"https:\/\/projekt.vombat.ee\/eco\/#website\"},\"primaryImageOfPage\":{\"@id\":\"https:\/\/projekt.vombat.ee\/eco\/pood\/elektrirattad\/linnarattad\/fafrees-f20-master-elektrijalgratas\/#primaryimage\"},\"image\":{\"@id\":\"https:\/\/projekt.vombat.ee\/eco\/pood\/elektrirattad\/linnarattad\/fafrees-f20-master-elektrijalgratas\/#primaryimage\"},\"thumbnailUrl\":\"https:\/\/projekt.vombat.ee\/eco\/wp-content\/uploads\/2024\/01\/Untitled-design-66.png\",\"datePublished\":\"2024-01-02T11:53:20+00:00\",\"dateModified\":\"2024-05-02T16:56:43+00:00\",\"description\":\"F20 Masteri s\u00fcsinikkiust raam, rummumootor ja kahekordsed amortisaatorid ning polsterdatud sadul tagavad sujuva ja nauditava s\u00f5idu.\",\"breadcrumb\":{\"@id\":\"https:\/\/projekt.vombat.ee\/eco\/pood\/elektrirattad\/linnarattad\/fafrees-f20-master-elektrijalgratas\/#breadcrumb\"},\"inLanguage\":\"en-GB\",\"potentialAction\":[{\"@type\":\"ReadAction\",\"target\":[\"https:\/\/projekt.vombat.ee\/eco\/pood\/elektrirattad\/linnarattad\/fafrees-f20-master-elektrijalgratas\/\"]}]},{\"@type\":\"ImageObject\",\"inLanguage\":\"en-GB\",\"@id\":\"https:\/\/projekt.vombat.ee\/eco\/pood\/elektrirattad\/linnarattad\/fafrees-f20-master-elektrijalgratas\/#primaryimage\",\"url\":\"https:\/\/projekt.vombat.ee\/eco\/wp-content\/uploads\/2024\/01\/Untitled-design-66.png\",\"contentUrl\":\"https:\/\/projekt.vombat.ee\/eco\/wp-content\/uploads\/2024\/01\/Untitled-design-66.png\",\"width\":1000,\"height\":1000,\"caption\":\"Fafrees F20 Master\"},{\"@type\":\"BreadcrumbList\",\"@id\":\"https:\/\/projekt.vombat.ee\/eco\/pood\/elektrirattad\/linnarattad\/fafrees-f20-master-elektrijalgratas\/#breadcrumb\",\"itemListElement\":[{\"@type\":\"ListItem\",\"position\":1,\"name\":\"Home\",\"item\":\"https:\/\/projekt.vombat.ee\/eco\/\"},{\"@type\":\"ListItem\",\"position\":2,\"name\":\"Pood\",\"item\":\"https:\/\/projekt.vombat.ee\/eco\/pood\/\"},{\"@type\":\"ListItem\",\"position\":3,\"name\":\"Fafrees F20 Master Elektrijalgratas, 120 km\"}]},{\"@type\":\"WebSite\",\"@id\":\"https:\/\/projekt.vombat.ee\/eco\/#website\",\"url\":\"https:\/\/projekt.vombat.ee\/eco\/\",\"name\":\"Ecocruiser\",\"description\":\"\",\"publisher\":{\"@id\":\"https:\/\/projekt.vombat.ee\/eco\/#organization\"},\"potentialAction\":[{\"@type\":\"SearchAction\",\"target\":{\"@type\":\"EntryPoint\",\"urlTemplate\":\"https:\/\/projekt.vombat.ee\/eco\/?s={search_term_string}\"},\"query-input\":{\"@type\":\"PropertyValueSpecification\",\"valueRequired\":true,\"valueName\":\"search_term_string\"}}],\"inLanguage\":\"en-GB\"},{\"@type\":\"Organization\",\"@id\":\"https:\/\/projekt.vombat.ee\/eco\/#organization\",\"name\":\"Ecocruiser\",\"url\":\"https:\/\/projekt.vombat.ee\/eco\/\",\"logo\":{\"@type\":\"ImageObject\",\"inLanguage\":\"en-GB\",\"@id\":\"https:\/\/projekt.vombat.ee\/eco\/#\/schema\/logo\/image\/\",\"url\":\"https:\/\/projekt.vombat.ee\/eco\/wp-content\/uploads\/2023\/03\/ECOCRUISER_5.png\",\"contentUrl\":\"https:\/\/projekt.vombat.ee\/eco\/wp-content\/uploads\/2023\/03\/ECOCRUISER_5.png\",\"width\":234,\"height\":91,\"caption\":\"Ecocruiser\"},\"image\":{\"@id\":\"https:\/\/projekt.vombat.ee\/eco\/#\/schema\/logo\/image\/\"}}]}<\/script>\n<!-- \/ Yoast SEO plugin. -->","yoast_head_json":{"title":"Fafrees F20 Master Elektrijalgratas, 120 km - Ecocruiser","description":"F20 Masteri s\u00fcsinikkiust raam, rummumootor ja kahekordsed amortisaatorid ning polsterdatud sadul tagavad sujuva ja nauditava s\u00f5idu.","robots":{"index":"noindex","follow":"follow","max-snippet":"max-snippet:-1","max-image-preview":"max-image-preview:large","max-video-preview":"max-video-preview:-1"},"og_locale":"en_GB","og_type":"article","og_title":"Fafrees F20 Master Elektrijalgratas, 120 km - Ecocruiser","og_description":"F20 Masteri s\u00fcsinikkiust raam, rummumootor ja kahekordsed amortisaatorid ning polsterdatud sadul tagavad sujuva ja nauditava s\u00f5idu.","og_url":"https:\/\/projekt.vombat.ee\/eco\/pood\/elektrirattad\/linnarattad\/fafrees-f20-master-elektrijalgratas\/","og_site_name":"Ecocruiser","article_modified_time":"2024-05-02T16:56:43+00:00","og_image":[{"width":1000,"height":1000,"url":"https:\/\/projekt.vombat.ee\/eco\/wp-content\/uploads\/2024\/01\/Untitled-design-66.png","type":"image\/png"}],"twitter_card":"summary_large_image","twitter_misc":{"Estimated reading time":"2 minutes"},"schema":{"@context":"https:\/\/schema.org","@graph":[{"@type":"WebPage","@id":"https:\/\/projekt.vombat.ee\/eco\/pood\/elektrirattad\/linnarattad\/fafrees-f20-master-elektrijalgratas\/","url":"https:\/\/projekt.vombat.ee\/eco\/pood\/elektrirattad\/linnarattad\/fafrees-f20-master-elektrijalgratas\/","name":"Fafrees F20 Master Elektrijalgratas, 120 km - Ecocruiser","isPartOf":{"@id":"https:\/\/projekt.vombat.ee\/eco\/#website"},"primaryImageOfPage":{"@id":"https:\/\/projekt.vombat.ee\/eco\/pood\/elektrirattad\/linnarattad\/fafrees-f20-master-elektrijalgratas\/#primaryimage"},"image":{"@id":"https:\/\/projekt.vombat.ee\/eco\/pood\/elektrirattad\/linnarattad\/fafrees-f20-master-elektrijalgratas\/#primaryimage"},"thumbnailUrl":"https:\/\/projekt.vombat.ee\/eco\/wp-content\/uploads\/2024\/01\/Untitled-design-66.png","datePublished":"2024-01-02T11:53:20+00:00","dateModified":"2024-05-02T16:56:43+00:00","description":"F20 Masteri s\u00fcsinikkiust raam, rummumootor ja kahekordsed amortisaatorid ning polsterdatud sadul tagavad sujuva ja nauditava s\u00f5idu.","breadcrumb":{"@id":"https:\/\/projekt.vombat.ee\/eco\/pood\/elektrirattad\/linnarattad\/fafrees-f20-master-elektrijalgratas\/#breadcrumb"},"inLanguage":"en-GB","potentialAction":[{"@type":"ReadAction","target":["https:\/\/projekt.vombat.ee\/eco\/pood\/elektrirattad\/linnarattad\/fafrees-f20-master-elektrijalgratas\/"]}]},{"@type":"ImageObject","inLanguage":"en-GB","@id":"https:\/\/projekt.vombat.ee\/eco\/pood\/elektrirattad\/linnarattad\/fafrees-f20-master-elektrijalgratas\/#primaryimage","url":"https:\/\/projekt.vombat.ee\/eco\/wp-content\/uploads\/2024\/01\/Untitled-design-66.png","contentUrl":"https:\/\/projekt.vombat.ee\/eco\/wp-content\/uploads\/2024\/01\/Untitled-design-66.png","width":1000,"height":1000,"caption":"Fafrees F20 Master"},{"@type":"BreadcrumbList","@id":"https:\/\/projekt.vombat.ee\/eco\/pood\/elektrirattad\/linnarattad\/fafrees-f20-master-elektrijalgratas\/#breadcrumb","itemListElement":[{"@type":"ListItem","position":1,"name":"Home","item":"https:\/\/projekt.vombat.ee\/eco\/"},{"@type":"ListItem","position":2,"name":"Pood","item":"https:\/\/projekt.vombat.ee\/eco\/pood\/"},{"@type":"ListItem","position":3,"name":"Fafrees F20 Master Elektrijalgratas, 120 km"}]},{"@type":"WebSite","@id":"https:\/\/projekt.vombat.ee\/eco\/#website","url":"https:\/\/projekt.vombat.ee\/eco\/","name":"Ecocruiser","description":"","publisher":{"@id":"https:\/\/projekt.vombat.ee\/eco\/#organization"},"potentialAction":[{"@type":"SearchAction","target":{"@type":"EntryPoint","urlTemplate":"https:\/\/projekt.vombat.ee\/eco\/?s={search_term_string}"},"query-input":{"@type":"PropertyValueSpecification","valueRequired":true,"valueName":"search_term_string"}}],"inLanguage":"en-GB"},{"@type":"Organization","@id":"https:\/\/projekt.vombat.ee\/eco\/#organization","name":"Ecocruiser","url":"https:\/\/projekt.vombat.ee\/eco\/","logo":{"@type":"ImageObject","inLanguage":"en-GB","@id":"https:\/\/projekt.vombat.ee\/eco\/#\/schema\/logo\/image\/","url":"https:\/\/projekt.vombat.ee\/eco\/wp-content\/uploads\/2023\/03\/ECOCRUISER_5.png","contentUrl":"https:\/\/projekt.vombat.ee\/eco\/wp-content\/uploads\/2023\/03\/ECOCRUISER_5.png","width":234,"height":91,"caption":"Ecocruiser"},"image":{"@id":"https:\/\/projekt.vombat.ee\/eco\/#\/schema\/logo\/image\/"}}]}},"lang":"et","translations":{"et":12993},"pll_sync_post":[],"_links":{"self":[{"href":"https:\/\/projekt.vombat.ee\/eco\/wp-json\/wp\/v2\/product\/12993"}],"collection":[{"href":"https:\/\/projekt.vombat.ee\/eco\/wp-json\/wp\/v2\/product"}],"about":[{"href":"https:\/\/projekt.vombat.ee\/eco\/wp-json\/wp\/v2\/types\/product"}],"version-history":[{"count":5,"href":"https:\/\/projekt.vombat.ee\/eco\/wp-json\/wp\/v2\/product\/12993\/revisions"}],"predecessor-version":[{"id":16772,"href":"https:\/\/projekt.vombat.ee\/eco\/wp-json\/wp\/v2\/product\/12993\/revisions\/16772"}],"wp:featuredmedia":[{"embeddable":true,"href":"https:\/\/projekt.vombat.ee\/eco\/wp-json\/wp\/v2\/media\/14988"}],"wp:attachment":[{"href":"https:\/\/projekt.vombat.ee\/eco\/wp-json\/wp\/v2\/media?parent=12993"}],"wp:term":[{"taxonomy":"product_cat","embeddable":true,"href":"https:\/\/projekt.vombat.ee\/eco\/wp-json\/wp\/v2\/product_cat?post=12993"},{"taxonomy":"product_tag","embeddable":true,"href":"https:\/\/projekt.vombat.ee\/eco\/wp-json\/wp\/v2\/product_tag?post=12993"}],"curies":[{"name":"wp","href":"https:\/\/api.w.org\/{rel}","templated":true}]}}