{"id":12673,"date":"2023-11-22T10:47:42","date_gmt":"2023-11-22T10:47:42","guid":{"rendered":"https:\/\/projekt.vombat.ee\/eco\/?post_type=product&#038;p=12673"},"modified":"2023-11-24T09:27:17","modified_gmt":"2023-11-24T09:27:17","slug":"ecocruiser-k8-laste-elektriratas-15km","status":"publish","type":"product","link":"https:\/\/projekt.vombat.ee\/eco\/pood\/laste-elektrisoidukid\/laste-elektrirattad\/ecocruiser-k8-laste-elektriratas-15km\/","title":{"rendered":"Ecocruiser K8 laste elektriratas, 15km"},"content":{"rendered":"<h1>Ecocruiser K8<\/h1>\n<p><img decoding=\"async\" class=\"msub_k4 mupj_5k mjru_k4 mse2_k4 mp7g_f6 mq1m_0 mj7u_0 m7er_k4 lazyloaded\" src=\"https:\/\/a.allegroimg.com\/original\/11e4b2\/c8c3dfb548939683469d7aa57960\/12-Dzieciecy-rower-elektryczny-200W-4AH-25km-h-Rozmiar-kola-12\" sizes=\"100vw\" srcset=\"https:\/\/a.allegroimg.com\/s360\/11e4b2\/c8c3dfb548939683469d7aa57960\/12-Dzieciecy-rower-elektryczny-200W-4AH-25km-h-Rozmiar-kola-12 360w,https:\/\/a.allegroimg.com\/s720\/11e4b2\/c8c3dfb548939683469d7aa57960\/12-Dzieciecy-rower-elektryczny-200W-4AH-25km-h-Rozmiar-kola-12 720w,https:\/\/a.allegroimg.com\/s1024\/11e4b2\/c8c3dfb548939683469d7aa57960\/12-Dzieciecy-rower-elektryczny-200W-4AH-25km-h-Rozmiar-kola-12 999w,https:\/\/a.allegroimg.com\/original\/11e4b2\/c8c3dfb548939683469d7aa57960\/12-Dzieciecy-rower-elektryczny-200W-4AH-25km-h-Rozmiar-kola-12 999w\" alt=\"12&quot; Children's electric bike 200W 4AH 25km\/h Wheel size (&quot;) 12\" width=\"999px\" data-src=\"https:\/\/a.allegroimg.com\/original\/11e4b2\/c8c3dfb548939683469d7aa57960\/12-Dzieciecy-rower-elektryczny-200W-4AH-25km-h-Rozmiar-kola-12\" data-srcset=\"https:\/\/a.allegroimg.com\/s360\/11e4b2\/c8c3dfb548939683469d7aa57960\/12-Dzieciecy-rower-elektryczny-200W-4AH-25km-h-Rozmiar-kola-12 360w,https:\/\/a.allegroimg.com\/s720\/11e4b2\/c8c3dfb548939683469d7aa57960\/12-Dzieciecy-rower-elektryczny-200W-4AH-25km-h-Rozmiar-kola-12 720w,https:\/\/a.allegroimg.com\/s1024\/11e4b2\/c8c3dfb548939683469d7aa57960\/12-Dzieciecy-rower-elektryczny-200W-4AH-25km-h-Rozmiar-kola-12 999w,https:\/\/a.allegroimg.com\/original\/11e4b2\/c8c3dfb548939683469d7aa57960\/12-Dzieciecy-rower-elektryczny-200W-4AH-25km-h-Rozmiar-kola-12 999w\" \/><\/p>\n<h3>Sobib 90\u2013160 cm pikkustele lastele.<\/h3>\n<h3>Ratta lenks ja istmed on reguleeritava k\u00f5rgusega.<\/h3>\n<p>&nbsp;<\/p>\n<p><img fetchpriority=\"high\" decoding=\"async\" class=\"\" src=\"https:\/\/a.allegroimg.com\/original\/11ff85\/b06c1e784f30be59dd75cce70995-Brakes-mechanical-disc\" alt=\" Brakes mechanical disc\" width=\"470\" height=\"470\" \/><\/p>\n<h3>200 W rummu mootor<\/h3>\n<p>Tugev v\u00f5imsus, sujuv, vaikne k\u00e4ivitus ja kiirendus.<\/p>\n<p><img decoding=\"async\" class=\"\" src=\"https:\/\/i.gyazo.com\/d395a5eacc104624a2d06d8ee74c6f1b.png\" width=\"516\" height=\"423\" \/><\/p>\n<h3>Aku t\u00f6\u00f6iga ja vastupidavus<\/h3>\n<p>Eemaldatav aku. Suure mahutavusega aku tagab tugeva ja kestva v\u00f5imsuse, 18650 liitiumioonaku, suur mahutavus, pikk kasutusiga (\u00fcle kahe korra pikem kui tavalised akud), elektriohutuse kaitse<\/p>\n<p><img decoding=\"async\" class=\"\" src=\"https:\/\/i.gyazo.com\/428cbbd94e3b2deaf3decb5d37dfcba0.png\" width=\"545\" height=\"453\" \/><\/p>\n<h3>Amordid<\/h3>\n<p>Kahekordne esi- ja tagaamortisaator, professionaalsed summutavad vedruamortisaatorid.<\/p>\n<h3>Kahekordne piduris\u00fcsteem<\/h3>\n<p>Eesmine ketaspidur ja tagumine elektrooniline pidur, tulevad kergesti toime keeruliste teeoludega, pidurdavad ja peatuvad koheselt, tagades sinu lapse ohutuse.<\/p>\n<p><img loading=\"lazy\" decoding=\"async\" class=\"\" src=\"https:\/\/a.allegroimg.com\/original\/115dbf\/b0a4b55442deb54ec7b62520648e-Kid-s-age-6-year\" alt=\" Kid's age 6 year +\" width=\"634\" height=\"434\" \/><\/p>\n<h3>Ohutu s\u00f5it<\/h3>\n<p>K8-l on kaks k\u00e4ivitusre\u017eiimi ning kolm kiirusre\u017eiimi: madal: 10 km\/h, keskmine: 18 km\/h ja k\u00f5rge: 25 km\/h, maksimaalne s\u00f5iduulatus 12-15 km , tagades teie lapsele parima v\u00f5imaliku kogemuse ja turvalisuse.<\/p>\n<p>Smart APP, saab piirata kiirust, kontrollida kiirust, kontrollida v\u00f5imsust, kontrollida kogu l\u00e4bitud vahemaad. Vanemad saavad seadistada, lapsed ei saa kiirusre\u017eiimi lihtsalt muuta.<\/p>\n<p><img loading=\"lazy\" decoding=\"async\" class=\"\" src=\"https:\/\/a.allegroimg.com\/original\/111861\/90ee5cd2459887866bb224b6c3b0-Frame-Size-smaller\" alt=\" Frame Size smaller\" width=\"690\" height=\"459\" \/><\/p>\n<p>&nbsp;<\/p>\n<h3>Toote spetsifikatsioonid:<\/h3>\n<p>Maksimaalne koormus: 70 kg<br \/>\nMaksimaalne kiirus: 25 km\/h (saab m\u00e4\u00e4rata rakenduses)<br \/>\nMaksimaalne l\u00e4bis\u00f5it: 15 kilomeetrit<br \/>\nKiirusre\u017eiim: 3 taset (10 km\/h, 18 km\/h ja 25 km\/h)<br \/>\nMootor: 200W<br \/>\nP\u00f6\u00f6rdemoment: 60 Hz<br \/>\nVeekindel: IP54<br \/>\nKahekordne piduris\u00fcsteem: eesmine ketaspidur, tagumine elektrooniline pidur<br \/>\nRehvid: Kummist \u00f5hkrehvid<br \/>\nRehvi suurus: 12 x 3,0&#8243;<br \/>\nRaami materjal: teras<br \/>\nAku: Li-Ion 24V\/4Ah<br \/>\nlaadija: 24V 1,5A<br \/>\nMaksimaalne kaldenurk: 10\u00b0<br \/>\nRakendus: Jah<br \/>\nToote kaal: 14 kg<br \/>\nMaksimaalne koormus: 70 kg<br \/>\nToote suurus (pikkus x laius x k\u00f5rgus): 1175*791*520mm<\/p>\n<p>&nbsp;<\/p>\n<p>Pakk sisaldab:<\/p>\n<p>1x Laste jalgratas<br \/>\n1x kasutusjuhend<br \/>\n1x pedaalid<br \/>\n1x t\u00f6\u00f6riistakomplekt<br \/>\n1x vahetatav aku<br \/>\n1x digitaalsed sildid (valikulised numbrid 1\u20139)<\/p>\n<p><img loading=\"lazy\" decoding=\"async\" class=\"\" src=\"https:\/\/a.allegroimg.com\/original\/11839c\/c9fb964e4bdfb525c2e21300b104-Color-orange\" alt=\" Color orange\" width=\"703\" height=\"467\" \/><\/p>\n<p>&nbsp;<\/p>\n","protected":false},"excerpt":{"rendered":"<p><strong> Ecocruiser K8<\/strong> laste elektriratas<\/p>\n<ul>\n<li>Sobib 90\u2013160 cm pikkustele lastele<\/li>\n<li>Maksimaalne l\u00e4bis\u00f5it: 15 kilomeetrit<\/li>\n<li>Kiirusre\u017eiim: 3 taset (10 km\/h, 18 km\/h ja 25 km\/h)<\/li>\n<li>Mootor: 200W<\/li>\n<li>Aku: Li-Ion 24V\/4Ah<\/li>\n<li>Toote kaal: 14 kg<\/li>\n<li>Maksimaalne kandev\u00f5ime: 70 kg<\/li>\n<\/ul>\n<p><strong>\u2666 Tarneaeg 3-7 p\u00e4eva<\/strong><br \/>\n<strong>\u2666 Laos<\/strong><\/p>\n","protected":false},"featured_media":12679,"template":"","meta":[],"product_cat":[1905],"product_tag":[],"class_list":{"0":"post-12673","1":"product","2":"type-product","3":"status-publish","4":"has-post-thumbnail","6":"product_cat-laste-elektrirattad","8":"first","9":"instock","10":"sale","11":"taxable","12":"shipping-taxable","13":"purchasable","14":"product-type-variable"},"yoast_head":"<!-- This site is optimized with the Yoast SEO plugin v23.8 - https:\/\/yoast.com\/wordpress\/plugins\/seo\/ -->\n<title>Ecocruiser K8 laste elektriratas, 15km - Ecocruiser<\/title>\n<meta name=\"description\" content=\"Ecocruiser K8 laste elektriratasSobib 90\u2013160 cm pikkustele lasteleMaksimaalne l\u00e4bis\u00f5it: 15 kilomeetritKiirusre\u017eiim: 3 taset (10 km\/h, 18 km\/h ja 25 km\/h)Mootor: 200WAku: Li-Ion 24V\/4AhToote kaal: 14 kg\" \/>\n<meta name=\"robots\" content=\"noindex, follow, max-snippet:-1, max-image-preview:large, max-video-preview:-1\" \/>\n<meta property=\"og:locale\" content=\"en_GB\" \/>\n<meta property=\"og:type\" content=\"article\" \/>\n<meta property=\"og:title\" content=\"Ecocruiser K8 laste elektriratas, 15km - Ecocruiser\" \/>\n<meta property=\"og:description\" content=\"Ecocruiser K8 laste elektriratasSobib 90\u2013160 cm pikkustele lasteleMaksimaalne l\u00e4bis\u00f5it: 15 kilomeetritKiirusre\u017eiim: 3 taset (10 km\/h, 18 km\/h ja 25 km\/h)Mootor: 200WAku: Li-Ion 24V\/4AhToote kaal: 14 kg\" \/>\n<meta property=\"og:url\" content=\"https:\/\/projekt.vombat.ee\/eco\/pood\/laste-elektrisoidukid\/laste-elektrirattad\/ecocruiser-k8-laste-elektriratas-15km\/\" \/>\n<meta property=\"og:site_name\" content=\"Ecocruiser\" \/>\n<meta property=\"article:modified_time\" content=\"2023-11-24T09:27:17+00:00\" \/>\n<meta property=\"og:image\" content=\"https:\/\/projekt.vombat.ee\/eco\/wp-content\/uploads\/2023\/11\/44r.png\" \/>\n\t<meta property=\"og:image:width\" content=\"543\" \/>\n\t<meta property=\"og:image:height\" content=\"551\" \/>\n\t<meta property=\"og:image:type\" content=\"image\/png\" \/>\n<meta name=\"twitter:card\" content=\"summary_large_image\" \/>\n<meta name=\"twitter:label1\" content=\"Estimated reading time\" \/>\n\t<meta name=\"twitter:data1\" content=\"3 minutes\" \/>\n<script type=\"application\/ld+json\" class=\"yoast-schema-graph\">{\"@context\":\"https:\/\/schema.org\",\"@graph\":[{\"@type\":\"WebPage\",\"@id\":\"https:\/\/projekt.vombat.ee\/eco\/pood\/laste-elektrisoidukid\/laste-elektrirattad\/ecocruiser-k8-laste-elektriratas-15km\/\",\"url\":\"https:\/\/projekt.vombat.ee\/eco\/pood\/laste-elektrisoidukid\/laste-elektrirattad\/ecocruiser-k8-laste-elektriratas-15km\/\",\"name\":\"Ecocruiser K8 laste elektriratas, 15km - Ecocruiser\",\"isPartOf\":{\"@id\":\"https:\/\/projekt.vombat.ee\/eco\/#website\"},\"primaryImageOfPage\":{\"@id\":\"https:\/\/projekt.vombat.ee\/eco\/pood\/laste-elektrisoidukid\/laste-elektrirattad\/ecocruiser-k8-laste-elektriratas-15km\/#primaryimage\"},\"image\":{\"@id\":\"https:\/\/projekt.vombat.ee\/eco\/pood\/laste-elektrisoidukid\/laste-elektrirattad\/ecocruiser-k8-laste-elektriratas-15km\/#primaryimage\"},\"thumbnailUrl\":\"https:\/\/projekt.vombat.ee\/eco\/wp-content\/uploads\/2023\/11\/44r.png\",\"datePublished\":\"2023-11-22T10:47:42+00:00\",\"dateModified\":\"2023-11-24T09:27:17+00:00\",\"description\":\"Ecocruiser K8 laste elektriratasSobib 90\u2013160 cm pikkustele lasteleMaksimaalne l\u00e4bis\u00f5it: 15 kilomeetritKiirusre\u017eiim: 3 taset (10 km\/h, 18 km\/h ja 25 km\/h)Mootor: 200WAku: Li-Ion 24V\/4AhToote kaal: 14 kg\",\"breadcrumb\":{\"@id\":\"https:\/\/projekt.vombat.ee\/eco\/pood\/laste-elektrisoidukid\/laste-elektrirattad\/ecocruiser-k8-laste-elektriratas-15km\/#breadcrumb\"},\"inLanguage\":\"en-GB\",\"potentialAction\":[{\"@type\":\"ReadAction\",\"target\":[\"https:\/\/projekt.vombat.ee\/eco\/pood\/laste-elektrisoidukid\/laste-elektrirattad\/ecocruiser-k8-laste-elektriratas-15km\/\"]}]},{\"@type\":\"ImageObject\",\"inLanguage\":\"en-GB\",\"@id\":\"https:\/\/projekt.vombat.ee\/eco\/pood\/laste-elektrisoidukid\/laste-elektrirattad\/ecocruiser-k8-laste-elektriratas-15km\/#primaryimage\",\"url\":\"https:\/\/projekt.vombat.ee\/eco\/wp-content\/uploads\/2023\/11\/44r.png\",\"contentUrl\":\"https:\/\/projekt.vombat.ee\/eco\/wp-content\/uploads\/2023\/11\/44r.png\",\"width\":543,\"height\":551},{\"@type\":\"BreadcrumbList\",\"@id\":\"https:\/\/projekt.vombat.ee\/eco\/pood\/laste-elektrisoidukid\/laste-elektrirattad\/ecocruiser-k8-laste-elektriratas-15km\/#breadcrumb\",\"itemListElement\":[{\"@type\":\"ListItem\",\"position\":1,\"name\":\"Home\",\"item\":\"https:\/\/projekt.vombat.ee\/eco\/\"},{\"@type\":\"ListItem\",\"position\":2,\"name\":\"Pood\",\"item\":\"https:\/\/projekt.vombat.ee\/eco\/pood\/\"},{\"@type\":\"ListItem\",\"position\":3,\"name\":\"Ecocruiser K8 laste elektriratas, 15km\"}]},{\"@type\":\"WebSite\",\"@id\":\"https:\/\/projekt.vombat.ee\/eco\/#website\",\"url\":\"https:\/\/projekt.vombat.ee\/eco\/\",\"name\":\"Ecocruiser\",\"description\":\"\",\"publisher\":{\"@id\":\"https:\/\/projekt.vombat.ee\/eco\/#organization\"},\"potentialAction\":[{\"@type\":\"SearchAction\",\"target\":{\"@type\":\"EntryPoint\",\"urlTemplate\":\"https:\/\/projekt.vombat.ee\/eco\/?s={search_term_string}\"},\"query-input\":{\"@type\":\"PropertyValueSpecification\",\"valueRequired\":true,\"valueName\":\"search_term_string\"}}],\"inLanguage\":\"en-GB\"},{\"@type\":\"Organization\",\"@id\":\"https:\/\/projekt.vombat.ee\/eco\/#organization\",\"name\":\"Ecocruiser\",\"url\":\"https:\/\/projekt.vombat.ee\/eco\/\",\"logo\":{\"@type\":\"ImageObject\",\"inLanguage\":\"en-GB\",\"@id\":\"https:\/\/projekt.vombat.ee\/eco\/#\/schema\/logo\/image\/\",\"url\":\"https:\/\/projekt.vombat.ee\/eco\/wp-content\/uploads\/2023\/03\/ECOCRUISER_5.png\",\"contentUrl\":\"https:\/\/projekt.vombat.ee\/eco\/wp-content\/uploads\/2023\/03\/ECOCRUISER_5.png\",\"width\":234,\"height\":91,\"caption\":\"Ecocruiser\"},\"image\":{\"@id\":\"https:\/\/projekt.vombat.ee\/eco\/#\/schema\/logo\/image\/\"}}]}<\/script>\n<!-- \/ Yoast SEO plugin. -->","yoast_head_json":{"title":"Ecocruiser K8 laste elektriratas, 15km - Ecocruiser","description":"Ecocruiser K8 laste elektriratasSobib 90\u2013160 cm pikkustele lasteleMaksimaalne l\u00e4bis\u00f5it: 15 kilomeetritKiirusre\u017eiim: 3 taset (10 km\/h, 18 km\/h ja 25 km\/h)Mootor: 200WAku: Li-Ion 24V\/4AhToote kaal: 14 kg","robots":{"index":"noindex","follow":"follow","max-snippet":"max-snippet:-1","max-image-preview":"max-image-preview:large","max-video-preview":"max-video-preview:-1"},"og_locale":"en_GB","og_type":"article","og_title":"Ecocruiser K8 laste elektriratas, 15km - Ecocruiser","og_description":"Ecocruiser K8 laste elektriratasSobib 90\u2013160 cm pikkustele lasteleMaksimaalne l\u00e4bis\u00f5it: 15 kilomeetritKiirusre\u017eiim: 3 taset (10 km\/h, 18 km\/h ja 25 km\/h)Mootor: 200WAku: Li-Ion 24V\/4AhToote kaal: 14 kg","og_url":"https:\/\/projekt.vombat.ee\/eco\/pood\/laste-elektrisoidukid\/laste-elektrirattad\/ecocruiser-k8-laste-elektriratas-15km\/","og_site_name":"Ecocruiser","article_modified_time":"2023-11-24T09:27:17+00:00","og_image":[{"width":543,"height":551,"url":"https:\/\/projekt.vombat.ee\/eco\/wp-content\/uploads\/2023\/11\/44r.png","type":"image\/png"}],"twitter_card":"summary_large_image","twitter_misc":{"Estimated reading time":"3 minutes"},"schema":{"@context":"https:\/\/schema.org","@graph":[{"@type":"WebPage","@id":"https:\/\/projekt.vombat.ee\/eco\/pood\/laste-elektrisoidukid\/laste-elektrirattad\/ecocruiser-k8-laste-elektriratas-15km\/","url":"https:\/\/projekt.vombat.ee\/eco\/pood\/laste-elektrisoidukid\/laste-elektrirattad\/ecocruiser-k8-laste-elektriratas-15km\/","name":"Ecocruiser K8 laste elektriratas, 15km - Ecocruiser","isPartOf":{"@id":"https:\/\/projekt.vombat.ee\/eco\/#website"},"primaryImageOfPage":{"@id":"https:\/\/projekt.vombat.ee\/eco\/pood\/laste-elektrisoidukid\/laste-elektrirattad\/ecocruiser-k8-laste-elektriratas-15km\/#primaryimage"},"image":{"@id":"https:\/\/projekt.vombat.ee\/eco\/pood\/laste-elektrisoidukid\/laste-elektrirattad\/ecocruiser-k8-laste-elektriratas-15km\/#primaryimage"},"thumbnailUrl":"https:\/\/projekt.vombat.ee\/eco\/wp-content\/uploads\/2023\/11\/44r.png","datePublished":"2023-11-22T10:47:42+00:00","dateModified":"2023-11-24T09:27:17+00:00","description":"Ecocruiser K8 laste elektriratasSobib 90\u2013160 cm pikkustele lasteleMaksimaalne l\u00e4bis\u00f5it: 15 kilomeetritKiirusre\u017eiim: 3 taset (10 km\/h, 18 km\/h ja 25 km\/h)Mootor: 200WAku: Li-Ion 24V\/4AhToote kaal: 14 kg","breadcrumb":{"@id":"https:\/\/projekt.vombat.ee\/eco\/pood\/laste-elektrisoidukid\/laste-elektrirattad\/ecocruiser-k8-laste-elektriratas-15km\/#breadcrumb"},"inLanguage":"en-GB","potentialAction":[{"@type":"ReadAction","target":["https:\/\/projekt.vombat.ee\/eco\/pood\/laste-elektrisoidukid\/laste-elektrirattad\/ecocruiser-k8-laste-elektriratas-15km\/"]}]},{"@type":"ImageObject","inLanguage":"en-GB","@id":"https:\/\/projekt.vombat.ee\/eco\/pood\/laste-elektrisoidukid\/laste-elektrirattad\/ecocruiser-k8-laste-elektriratas-15km\/#primaryimage","url":"https:\/\/projekt.vombat.ee\/eco\/wp-content\/uploads\/2023\/11\/44r.png","contentUrl":"https:\/\/projekt.vombat.ee\/eco\/wp-content\/uploads\/2023\/11\/44r.png","width":543,"height":551},{"@type":"BreadcrumbList","@id":"https:\/\/projekt.vombat.ee\/eco\/pood\/laste-elektrisoidukid\/laste-elektrirattad\/ecocruiser-k8-laste-elektriratas-15km\/#breadcrumb","itemListElement":[{"@type":"ListItem","position":1,"name":"Home","item":"https:\/\/projekt.vombat.ee\/eco\/"},{"@type":"ListItem","position":2,"name":"Pood","item":"https:\/\/projekt.vombat.ee\/eco\/pood\/"},{"@type":"ListItem","position":3,"name":"Ecocruiser K8 laste elektriratas, 15km"}]},{"@type":"WebSite","@id":"https:\/\/projekt.vombat.ee\/eco\/#website","url":"https:\/\/projekt.vombat.ee\/eco\/","name":"Ecocruiser","description":"","publisher":{"@id":"https:\/\/projekt.vombat.ee\/eco\/#organization"},"potentialAction":[{"@type":"SearchAction","target":{"@type":"EntryPoint","urlTemplate":"https:\/\/projekt.vombat.ee\/eco\/?s={search_term_string}"},"query-input":{"@type":"PropertyValueSpecification","valueRequired":true,"valueName":"search_term_string"}}],"inLanguage":"en-GB"},{"@type":"Organization","@id":"https:\/\/projekt.vombat.ee\/eco\/#organization","name":"Ecocruiser","url":"https:\/\/projekt.vombat.ee\/eco\/","logo":{"@type":"ImageObject","inLanguage":"en-GB","@id":"https:\/\/projekt.vombat.ee\/eco\/#\/schema\/logo\/image\/","url":"https:\/\/projekt.vombat.ee\/eco\/wp-content\/uploads\/2023\/03\/ECOCRUISER_5.png","contentUrl":"https:\/\/projekt.vombat.ee\/eco\/wp-content\/uploads\/2023\/03\/ECOCRUISER_5.png","width":234,"height":91,"caption":"Ecocruiser"},"image":{"@id":"https:\/\/projekt.vombat.ee\/eco\/#\/schema\/logo\/image\/"}}]}},"lang":"et","translations":{"et":12673},"pll_sync_post":[],"_links":{"self":[{"href":"https:\/\/projekt.vombat.ee\/eco\/wp-json\/wp\/v2\/product\/12673"}],"collection":[{"href":"https:\/\/projekt.vombat.ee\/eco\/wp-json\/wp\/v2\/product"}],"about":[{"href":"https:\/\/projekt.vombat.ee\/eco\/wp-json\/wp\/v2\/types\/product"}],"version-history":[{"count":5,"href":"https:\/\/projekt.vombat.ee\/eco\/wp-json\/wp\/v2\/product\/12673\/revisions"}],"predecessor-version":[{"id":12697,"href":"https:\/\/projekt.vombat.ee\/eco\/wp-json\/wp\/v2\/product\/12673\/revisions\/12697"}],"wp:featuredmedia":[{"embeddable":true,"href":"https:\/\/projekt.vombat.ee\/eco\/wp-json\/wp\/v2\/media\/12679"}],"wp:attachment":[{"href":"https:\/\/projekt.vombat.ee\/eco\/wp-json\/wp\/v2\/media?parent=12673"}],"wp:term":[{"taxonomy":"product_cat","embeddable":true,"href":"https:\/\/projekt.vombat.ee\/eco\/wp-json\/wp\/v2\/product_cat?post=12673"},{"taxonomy":"product_tag","embeddable":true,"href":"https:\/\/projekt.vombat.ee\/eco\/wp-json\/wp\/v2\/product_tag?post=12673"}],"curies":[{"name":"wp","href":"https:\/\/api.w.org\/{rel}","templated":true}]}}