{"id":12407,"date":"2023-10-18T20:38:31","date_gmt":"2023-10-18T20:38:31","guid":{"rendered":"https:\/\/projekt.vombat.ee\/eco\/?post_type=product&#038;p=12407"},"modified":"2023-10-18T20:51:52","modified_gmt":"2023-10-18T20:51:52","slug":"veleco-zt15-elektriroller","status":"publish","type":"product","link":"https:\/\/projekt.vombat.ee\/eco\/pood\/elektrirollerid\/veleco-zt15-elektriroller\/","title":{"rendered":"Veleco ZT15 elektriroller"},"content":{"rendered":"<h3>Veleco ZT15 elektriroller<\/h3>\n<h3>SPETSIFIKATSIOONID<\/h3>\n<p>Maksimaalne kasutaja kaal: 160 kg<\/p>\n<p>T\u00f5ukeratta kaal: 104 kg<\/p>\n<p>M\u00e4kkeronimisv\u00f5ime: 17\u00b0<\/p>\n<p>Maksimaalne s\u00f5iduulatus \u00fche laadimisega: 45-60 km<\/p>\n<p>Reageerimiskiirus: keskmine<\/p>\n<p>Maksimaalne kiirus: 12 km\/h<\/p>\n<p>Kiirenduss\u00fcsteem: Rolleri parempoolne gaasihoob<\/p>\n<p>Istme reguleerimine: jah<\/p>\n<p>Vedrustus: t\u00e4is<\/p>\n<p>Vastab DVLA n\u00f5uetele: jah<\/p>\n<p>T\u00f5ukerattaklass: Klass-3 S\u00f5iduk<\/p>\n<p>autonoomia: tase 0<\/p>\n<p>Optimaalne \u00f5huniiskus ladustamiseks ja kasutamiseks: 30%<\/p>\n<p>Elektrooniliste osade t\u00f6\u00f6temperatuur: -10 \u00b0C kuni +40 \u00b0C<\/p>\n<p>P\u00f6\u00f6rderaadius: 190 cm<\/p>\n<p>MOOTOR<\/p>\n<p>V\u00f5imsus: 900 W<\/p>\n<p>Pinge: 48 V<\/p>\n<p>AKU<\/p>\n<p>t\u00fc\u00fcp: plii-hape<\/p>\n<p>Mahutavus: 20 Ah<\/p>\n<p>Pinge: 48 V<\/p>\n<p>Eluts\u00fckkel: 600 t\u00e4islaadimist<\/p>\n<p>Laadimisaeg: \u22488 h<\/p>\n<p>PIDURID<\/p>\n<p>Esiosa: trumm<\/p>\n<p>Taga: Trumm<\/p>\n<p>Magnetpidur: jah<\/p>\n<p>RATASTE kogus: 3<\/p>\n<p>Rehvide t\u00fc\u00fcp: \u00f5hkrehvideta<\/p>\n<p>Suurus: 3,00-10&#8243;<\/p>\n<p>Rehvir\u00f5hk: 2,25 baari \/ 225 kPa \/ 32,5 PSI<\/p>\n<p>VALGUS<\/p>\n<p>L\u00e4hituled: S2<\/p>\n<p>Kaugtuled: S2<\/p>\n<p>Seisutuled: W5W<\/p>\n<p>Eesmised ja tagumised signaaltuled: P21\/5 W LED \/ R10W 12V<\/p>\n<p>Pidurituli: P21\/5 W LED<\/p>\n<p>Ohutuled: P21\/5 W LED \/ R10W 12V<\/p>\n<p>Registrim\u00e4rgi tuli: W5W<\/p>\n<p>FUNKTSIOONID<\/p>\n<p>Helisignaal, Tahavaatepeeglid, Roolilukk, Elektriline, LED-ekraan, Alarm, Kaugjuhtimispult, Kukkumisvastased turvarattad.<\/p>\n","protected":false},"excerpt":{"rendered":"<p><strong>Veleco ZT15 elektriroller<\/strong><\/p>\n<ul>\n<li>Maksimaalne s\u00f5iduulatus \u00fche laadimisega: 45-60 km<\/li>\n<li>Maksimaalne kasutaja kaal: 160 kg<\/li>\n<li>Laadimisaeg: \u22488 h<\/li>\n<\/ul>\n<p><strong>\u2666 Tarneaeg 4-12 p\u00e4eva<\/strong><br \/>\n<strong>\u2666 Laos<\/strong><\/p>\n<p>&nbsp;<\/p>\n","protected":false},"featured_media":12411,"template":"","meta":[],"product_cat":[1662],"product_tag":[],"class_list":{"0":"post-12407","1":"product","2":"type-product","3":"status-publish","4":"has-post-thumbnail","6":"product_cat-elektrirollerid","8":"first","9":"instock","10":"taxable","11":"shipping-taxable","12":"purchasable","13":"product-type-variable"},"yoast_head":"<!-- This site is optimized with the Yoast SEO plugin v23.8 - https:\/\/yoast.com\/wordpress\/plugins\/seo\/ -->\n<title>Veleco ZT15 elektriroller - Ecocruiser<\/title>\n<meta name=\"description\" content=\"Veleco ZT15 elektriroller Maksimaalne s\u00f5iduulatus \u00fche laadimisega: 45-60 km Maksimaalne kasutaja kaal: 160 kg Laadimisaeg: \u22488 h\" \/>\n<meta name=\"robots\" content=\"noindex, follow, max-snippet:-1, max-image-preview:large, max-video-preview:-1\" \/>\n<meta property=\"og:locale\" content=\"en_GB\" \/>\n<meta property=\"og:type\" content=\"article\" \/>\n<meta property=\"og:title\" content=\"Veleco ZT15 elektriroller - Ecocruiser\" \/>\n<meta property=\"og:description\" content=\"Veleco ZT15 elektriroller Maksimaalne s\u00f5iduulatus \u00fche laadimisega: 45-60 km Maksimaalne kasutaja kaal: 160 kg Laadimisaeg: \u22488 h\" \/>\n<meta property=\"og:url\" content=\"https:\/\/projekt.vombat.ee\/eco\/pood\/elektrirollerid\/veleco-zt15-elektriroller\/\" \/>\n<meta property=\"og:site_name\" content=\"Ecocruiser\" \/>\n<meta property=\"article:modified_time\" content=\"2023-10-18T20:51:52+00:00\" \/>\n<meta property=\"og:image\" content=\"https:\/\/projekt.vombat.ee\/eco\/wp-content\/uploads\/2023\/10\/1-1.webp\" \/>\n\t<meta property=\"og:image:width\" content=\"1000\" \/>\n\t<meta property=\"og:image:height\" content=\"1000\" \/>\n\t<meta property=\"og:image:type\" content=\"image\/webp\" \/>\n<meta name=\"twitter:card\" content=\"summary_large_image\" \/>\n<meta name=\"twitter:label1\" content=\"Estimated reading time\" \/>\n\t<meta name=\"twitter:data1\" content=\"1 minute\" \/>\n<script type=\"application\/ld+json\" class=\"yoast-schema-graph\">{\"@context\":\"https:\/\/schema.org\",\"@graph\":[{\"@type\":\"WebPage\",\"@id\":\"https:\/\/projekt.vombat.ee\/eco\/pood\/elektrirollerid\/veleco-zt15-elektriroller\/\",\"url\":\"https:\/\/projekt.vombat.ee\/eco\/pood\/elektrirollerid\/veleco-zt15-elektriroller\/\",\"name\":\"Veleco ZT15 elektriroller - Ecocruiser\",\"isPartOf\":{\"@id\":\"https:\/\/projekt.vombat.ee\/eco\/#website\"},\"primaryImageOfPage\":{\"@id\":\"https:\/\/projekt.vombat.ee\/eco\/pood\/elektrirollerid\/veleco-zt15-elektriroller\/#primaryimage\"},\"image\":{\"@id\":\"https:\/\/projekt.vombat.ee\/eco\/pood\/elektrirollerid\/veleco-zt15-elektriroller\/#primaryimage\"},\"thumbnailUrl\":\"https:\/\/projekt.vombat.ee\/eco\/wp-content\/uploads\/2023\/10\/1-1.webp\",\"datePublished\":\"2023-10-18T20:38:31+00:00\",\"dateModified\":\"2023-10-18T20:51:52+00:00\",\"description\":\"Veleco ZT15 elektriroller Maksimaalne s\u00f5iduulatus \u00fche laadimisega: 45-60 km Maksimaalne kasutaja kaal: 160 kg Laadimisaeg: \u22488 h\",\"breadcrumb\":{\"@id\":\"https:\/\/projekt.vombat.ee\/eco\/pood\/elektrirollerid\/veleco-zt15-elektriroller\/#breadcrumb\"},\"inLanguage\":\"en-GB\",\"potentialAction\":[{\"@type\":\"ReadAction\",\"target\":[\"https:\/\/projekt.vombat.ee\/eco\/pood\/elektrirollerid\/veleco-zt15-elektriroller\/\"]}]},{\"@type\":\"ImageObject\",\"inLanguage\":\"en-GB\",\"@id\":\"https:\/\/projekt.vombat.ee\/eco\/pood\/elektrirollerid\/veleco-zt15-elektriroller\/#primaryimage\",\"url\":\"https:\/\/projekt.vombat.ee\/eco\/wp-content\/uploads\/2023\/10\/1-1.webp\",\"contentUrl\":\"https:\/\/projekt.vombat.ee\/eco\/wp-content\/uploads\/2023\/10\/1-1.webp\",\"width\":1000,\"height\":1000},{\"@type\":\"BreadcrumbList\",\"@id\":\"https:\/\/projekt.vombat.ee\/eco\/pood\/elektrirollerid\/veleco-zt15-elektriroller\/#breadcrumb\",\"itemListElement\":[{\"@type\":\"ListItem\",\"position\":1,\"name\":\"Home\",\"item\":\"https:\/\/projekt.vombat.ee\/eco\/\"},{\"@type\":\"ListItem\",\"position\":2,\"name\":\"Pood\",\"item\":\"https:\/\/projekt.vombat.ee\/eco\/pood\/\"},{\"@type\":\"ListItem\",\"position\":3,\"name\":\"Veleco ZT15 elektriroller\"}]},{\"@type\":\"WebSite\",\"@id\":\"https:\/\/projekt.vombat.ee\/eco\/#website\",\"url\":\"https:\/\/projekt.vombat.ee\/eco\/\",\"name\":\"Ecocruiser\",\"description\":\"\",\"publisher\":{\"@id\":\"https:\/\/projekt.vombat.ee\/eco\/#organization\"},\"potentialAction\":[{\"@type\":\"SearchAction\",\"target\":{\"@type\":\"EntryPoint\",\"urlTemplate\":\"https:\/\/projekt.vombat.ee\/eco\/?s={search_term_string}\"},\"query-input\":{\"@type\":\"PropertyValueSpecification\",\"valueRequired\":true,\"valueName\":\"search_term_string\"}}],\"inLanguage\":\"en-GB\"},{\"@type\":\"Organization\",\"@id\":\"https:\/\/projekt.vombat.ee\/eco\/#organization\",\"name\":\"Ecocruiser\",\"url\":\"https:\/\/projekt.vombat.ee\/eco\/\",\"logo\":{\"@type\":\"ImageObject\",\"inLanguage\":\"en-GB\",\"@id\":\"https:\/\/projekt.vombat.ee\/eco\/#\/schema\/logo\/image\/\",\"url\":\"https:\/\/projekt.vombat.ee\/eco\/wp-content\/uploads\/2023\/03\/ECOCRUISER_5.png\",\"contentUrl\":\"https:\/\/projekt.vombat.ee\/eco\/wp-content\/uploads\/2023\/03\/ECOCRUISER_5.png\",\"width\":234,\"height\":91,\"caption\":\"Ecocruiser\"},\"image\":{\"@id\":\"https:\/\/projekt.vombat.ee\/eco\/#\/schema\/logo\/image\/\"}}]}<\/script>\n<!-- \/ Yoast SEO plugin. -->","yoast_head_json":{"title":"Veleco ZT15 elektriroller - Ecocruiser","description":"Veleco ZT15 elektriroller Maksimaalne s\u00f5iduulatus \u00fche laadimisega: 45-60 km Maksimaalne kasutaja kaal: 160 kg Laadimisaeg: \u22488 h","robots":{"index":"noindex","follow":"follow","max-snippet":"max-snippet:-1","max-image-preview":"max-image-preview:large","max-video-preview":"max-video-preview:-1"},"og_locale":"en_GB","og_type":"article","og_title":"Veleco ZT15 elektriroller - Ecocruiser","og_description":"Veleco ZT15 elektriroller Maksimaalne s\u00f5iduulatus \u00fche laadimisega: 45-60 km Maksimaalne kasutaja kaal: 160 kg Laadimisaeg: \u22488 h","og_url":"https:\/\/projekt.vombat.ee\/eco\/pood\/elektrirollerid\/veleco-zt15-elektriroller\/","og_site_name":"Ecocruiser","article_modified_time":"2023-10-18T20:51:52+00:00","og_image":[{"width":1000,"height":1000,"url":"https:\/\/projekt.vombat.ee\/eco\/wp-content\/uploads\/2023\/10\/1-1.webp","type":"image\/webp"}],"twitter_card":"summary_large_image","twitter_misc":{"Estimated reading time":"1 minute"},"schema":{"@context":"https:\/\/schema.org","@graph":[{"@type":"WebPage","@id":"https:\/\/projekt.vombat.ee\/eco\/pood\/elektrirollerid\/veleco-zt15-elektriroller\/","url":"https:\/\/projekt.vombat.ee\/eco\/pood\/elektrirollerid\/veleco-zt15-elektriroller\/","name":"Veleco ZT15 elektriroller - Ecocruiser","isPartOf":{"@id":"https:\/\/projekt.vombat.ee\/eco\/#website"},"primaryImageOfPage":{"@id":"https:\/\/projekt.vombat.ee\/eco\/pood\/elektrirollerid\/veleco-zt15-elektriroller\/#primaryimage"},"image":{"@id":"https:\/\/projekt.vombat.ee\/eco\/pood\/elektrirollerid\/veleco-zt15-elektriroller\/#primaryimage"},"thumbnailUrl":"https:\/\/projekt.vombat.ee\/eco\/wp-content\/uploads\/2023\/10\/1-1.webp","datePublished":"2023-10-18T20:38:31+00:00","dateModified":"2023-10-18T20:51:52+00:00","description":"Veleco ZT15 elektriroller Maksimaalne s\u00f5iduulatus \u00fche laadimisega: 45-60 km Maksimaalne kasutaja kaal: 160 kg Laadimisaeg: \u22488 h","breadcrumb":{"@id":"https:\/\/projekt.vombat.ee\/eco\/pood\/elektrirollerid\/veleco-zt15-elektriroller\/#breadcrumb"},"inLanguage":"en-GB","potentialAction":[{"@type":"ReadAction","target":["https:\/\/projekt.vombat.ee\/eco\/pood\/elektrirollerid\/veleco-zt15-elektriroller\/"]}]},{"@type":"ImageObject","inLanguage":"en-GB","@id":"https:\/\/projekt.vombat.ee\/eco\/pood\/elektrirollerid\/veleco-zt15-elektriroller\/#primaryimage","url":"https:\/\/projekt.vombat.ee\/eco\/wp-content\/uploads\/2023\/10\/1-1.webp","contentUrl":"https:\/\/projekt.vombat.ee\/eco\/wp-content\/uploads\/2023\/10\/1-1.webp","width":1000,"height":1000},{"@type":"BreadcrumbList","@id":"https:\/\/projekt.vombat.ee\/eco\/pood\/elektrirollerid\/veleco-zt15-elektriroller\/#breadcrumb","itemListElement":[{"@type":"ListItem","position":1,"name":"Home","item":"https:\/\/projekt.vombat.ee\/eco\/"},{"@type":"ListItem","position":2,"name":"Pood","item":"https:\/\/projekt.vombat.ee\/eco\/pood\/"},{"@type":"ListItem","position":3,"name":"Veleco ZT15 elektriroller"}]},{"@type":"WebSite","@id":"https:\/\/projekt.vombat.ee\/eco\/#website","url":"https:\/\/projekt.vombat.ee\/eco\/","name":"Ecocruiser","description":"","publisher":{"@id":"https:\/\/projekt.vombat.ee\/eco\/#organization"},"potentialAction":[{"@type":"SearchAction","target":{"@type":"EntryPoint","urlTemplate":"https:\/\/projekt.vombat.ee\/eco\/?s={search_term_string}"},"query-input":{"@type":"PropertyValueSpecification","valueRequired":true,"valueName":"search_term_string"}}],"inLanguage":"en-GB"},{"@type":"Organization","@id":"https:\/\/projekt.vombat.ee\/eco\/#organization","name":"Ecocruiser","url":"https:\/\/projekt.vombat.ee\/eco\/","logo":{"@type":"ImageObject","inLanguage":"en-GB","@id":"https:\/\/projekt.vombat.ee\/eco\/#\/schema\/logo\/image\/","url":"https:\/\/projekt.vombat.ee\/eco\/wp-content\/uploads\/2023\/03\/ECOCRUISER_5.png","contentUrl":"https:\/\/projekt.vombat.ee\/eco\/wp-content\/uploads\/2023\/03\/ECOCRUISER_5.png","width":234,"height":91,"caption":"Ecocruiser"},"image":{"@id":"https:\/\/projekt.vombat.ee\/eco\/#\/schema\/logo\/image\/"}}]}},"lang":"et","translations":{"et":12407},"pll_sync_post":[],"_links":{"self":[{"href":"https:\/\/projekt.vombat.ee\/eco\/wp-json\/wp\/v2\/product\/12407"}],"collection":[{"href":"https:\/\/projekt.vombat.ee\/eco\/wp-json\/wp\/v2\/product"}],"about":[{"href":"https:\/\/projekt.vombat.ee\/eco\/wp-json\/wp\/v2\/types\/product"}],"version-history":[{"count":2,"href":"https:\/\/projekt.vombat.ee\/eco\/wp-json\/wp\/v2\/product\/12407\/revisions"}],"predecessor-version":[{"id":12416,"href":"https:\/\/projekt.vombat.ee\/eco\/wp-json\/wp\/v2\/product\/12407\/revisions\/12416"}],"wp:featuredmedia":[{"embeddable":true,"href":"https:\/\/projekt.vombat.ee\/eco\/wp-json\/wp\/v2\/media\/12411"}],"wp:attachment":[{"href":"https:\/\/projekt.vombat.ee\/eco\/wp-json\/wp\/v2\/media?parent=12407"}],"wp:term":[{"taxonomy":"product_cat","embeddable":true,"href":"https:\/\/projekt.vombat.ee\/eco\/wp-json\/wp\/v2\/product_cat?post=12407"},{"taxonomy":"product_tag","embeddable":true,"href":"https:\/\/projekt.vombat.ee\/eco\/wp-json\/wp\/v2\/product_tag?post=12407"}],"curies":[{"name":"wp","href":"https:\/\/api.w.org\/{rel}","templated":true}]}}