{"id":12399,"date":"2023-10-18T20:03:32","date_gmt":"2023-10-18T20:03:32","guid":{"rendered":"https:\/\/projekt.vombat.ee\/eco\/?post_type=product&#038;p=12399"},"modified":"2023-10-18T20:03:33","modified_gmt":"2023-10-18T20:03:33","slug":"veleco-faster-4-rattaline-elektriroller","status":"publish","type":"product","link":"https:\/\/projekt.vombat.ee\/eco\/pood\/elektrirollerid\/veleco-faster-4-rattaline-elektriroller\/","title":{"rendered":"Veleco Faster 4-rattaline elektriroller"},"content":{"rendered":"<h3><strong>Veleco Faster 4-rattaline elektriroller<\/strong><\/h3>\n<h3>SPETSIFIKATSIOONID<\/h3>\n<p>PIDURID<br \/>\nEes: h\u00fcdrauliline ketas<br \/>\nTaga: Trumm<br \/>\nMagnetpidur: ei<\/p>\n<p>RATTAD<br \/>\nSumma: 4<br \/>\nRehvide t\u00fc\u00fcp: \u00f5hkrehvideta<br \/>\nSuurus: F 3,00-8&#8243; \/ R 3,00-10&#8243;<br \/>\nRehvir\u00f5hk: 2,25 baari \/ 32,5 PSI<\/p>\n<p>VALGUS<br \/>\nL\u00e4hituled: LED<br \/>\nKaugtuled: LED<br \/>\nTagatuled: halogeenpirnid<br \/>\nP\u00e4evatuled: LED<br \/>\nSignaaltuled: halogeenlambid<br \/>\nPidurituli: halogeenlambid<br \/>\nOhutuled: halogeenlambid<\/p>\n<p>FUNKTSIOONID<br \/>\nSarv<br \/>\nPeeglid<br \/>\nRooli lukk<br \/>\nSeisupidur<br \/>\nElektriline LED-ekraan<br \/>\nUSB-port<br \/>\nAlarm<br \/>\nPult<\/p>\n<p>\u00dcLEVAADE<br \/>\nMaksimaalne kasutaja kaal: 160 kg<br \/>\nT\u00f5ukeratta kaal: 116 kg (pliiakuga) \/<br \/>\n100 kg (liitiumioonakuga)<br \/>\nM\u00e4kkeronimisv\u00f5ime: \u224817\u00b0<br \/>\nMaksimaalne s\u00f5iduulatus \u00fche laadimisega: 45-60 km<br \/>\nReageerimiskiirus: madal<br \/>\nMaksimaalne kiirus: 25 km\/h<br \/>\nKiirenduss\u00fcsteem: Rolleri parempoolne gaasihoob<br \/>\nIstme reguleerimine: jah<br \/>\nVedrustus: t\u00e4is<br \/>\nVastab DVLA n\u00f5uetele: jah<br \/>\nT\u00f5ukerattaklass: klass-3<br \/>\nS\u00f5iduki autonoomia: tase 0<br \/>\nOptimaalne \u00f5huniiskus ladustamiseks ja kasutamiseks: 30%<br \/>\nElektrooniliste osade t\u00f6\u00f6temperatuur: -10 \u00b0C kuni<br \/>\n+40 \u00b0C<br \/>\nP\u00f6\u00f6rderaadius: 220 cm<\/p>\n<p>MOOTOR<br \/>\nV\u00f5imsus: 1000 W<br \/>\nPinge: 60 V<\/p>\n<p>AKU<br \/>\nT\u00fc\u00fcp: pliihappegeel (saab t\u00e4iendada<br \/>\nliitium-ioon)<br \/>\nSuurus: 5 x 20 Ah \/ 60 V<br \/>\nEluts\u00fckkel: 600 t\u00e4islaadimist<br \/>\nLaadimisaeg: \u22488 h<\/p>\n<p>M\u00d5\u00d5TMED<br \/>\nIstme suurus: 50 \u00d7 45 cm<br \/>\nm\u00f5\u00f5dud: 160 \u00d7 70 \u00d7 120 cm<\/p>\n","protected":false},"excerpt":{"rendered":"<p><strong>Veleco Faster 4-rattaline elektriroller<\/strong><\/p>\n<ul>\n<li>Maksimaalne s\u00f5iduulatus \u00fche laadimisega: 45-60 km<\/li>\n<li>Maksimaalne kasutaja kaal: 160 kg<\/li>\n<li>V\u00f5imsus: 1000 W<\/li>\n<li>Laadimisaeg: \u22488 h<\/li>\n<\/ul>\n<p><strong>\u2666 Tarneaeg 3-7 p\u00e4eva<\/strong><br \/>\n<strong>\u2666 Laos<\/strong><\/p>\n<p>&nbsp;<\/p>\n","protected":false},"featured_media":12400,"template":"","meta":[],"product_cat":[1662],"product_tag":[],"class_list":{"0":"post-12399","1":"product","2":"type-product","3":"status-publish","4":"has-post-thumbnail","6":"product_cat-elektrirollerid","8":"first","9":"instock","10":"sale","11":"taxable","12":"shipping-taxable","13":"purchasable","14":"product-type-variable"},"yoast_head":"<!-- This site is optimized with the Yoast SEO plugin v23.8 - https:\/\/yoast.com\/wordpress\/plugins\/seo\/ -->\n<title>Veleco Faster 4-rattaline elektriroller - Ecocruiser<\/title>\n<meta name=\"robots\" content=\"noindex, follow, max-snippet:-1, max-image-preview:large, max-video-preview:-1\" \/>\n<meta property=\"og:locale\" content=\"en_GB\" \/>\n<meta property=\"og:type\" content=\"article\" \/>\n<meta property=\"og:title\" content=\"Veleco Faster 4-rattaline elektriroller - Ecocruiser\" \/>\n<meta property=\"og:description\" content=\"Veleco Faster 4-rattaline elektriroller   Maksimaalne s\u00f5iduulatus \u00fche laadimisega: 45-60 km  Maksimaalne kasutaja kaal: 160 kg  V\u00f5imsus: 1000 W  Laadimisaeg: \u22488 h  \u2666 Tarneaeg 3-7 p\u00e4eva \u2666 Laos  &nbsp;\" \/>\n<meta property=\"og:url\" content=\"https:\/\/projekt.vombat.ee\/eco\/pood\/elektrirollerid\/veleco-faster-4-rattaline-elektriroller\/\" \/>\n<meta property=\"og:site_name\" content=\"Ecocruiser\" \/>\n<meta property=\"article:modified_time\" content=\"2023-10-18T20:03:33+00:00\" \/>\n<meta property=\"og:image\" content=\"https:\/\/projekt.vombat.ee\/eco\/wp-content\/uploads\/2023\/10\/1.jpg\" \/>\n\t<meta property=\"og:image:width\" content=\"600\" \/>\n\t<meta property=\"og:image:height\" content=\"600\" \/>\n\t<meta property=\"og:image:type\" content=\"image\/jpeg\" \/>\n<meta name=\"twitter:card\" content=\"summary_large_image\" \/>\n<meta name=\"twitter:label1\" content=\"Estimated reading time\" \/>\n\t<meta name=\"twitter:data1\" content=\"1 minute\" \/>\n<script type=\"application\/ld+json\" class=\"yoast-schema-graph\">{\"@context\":\"https:\/\/schema.org\",\"@graph\":[{\"@type\":\"WebPage\",\"@id\":\"https:\/\/projekt.vombat.ee\/eco\/pood\/elektrirollerid\/veleco-faster-4-rattaline-elektriroller\/\",\"url\":\"https:\/\/projekt.vombat.ee\/eco\/pood\/elektrirollerid\/veleco-faster-4-rattaline-elektriroller\/\",\"name\":\"Veleco Faster 4-rattaline elektriroller - Ecocruiser\",\"isPartOf\":{\"@id\":\"https:\/\/projekt.vombat.ee\/eco\/#website\"},\"primaryImageOfPage\":{\"@id\":\"https:\/\/projekt.vombat.ee\/eco\/pood\/elektrirollerid\/veleco-faster-4-rattaline-elektriroller\/#primaryimage\"},\"image\":{\"@id\":\"https:\/\/projekt.vombat.ee\/eco\/pood\/elektrirollerid\/veleco-faster-4-rattaline-elektriroller\/#primaryimage\"},\"thumbnailUrl\":\"https:\/\/projekt.vombat.ee\/eco\/wp-content\/uploads\/2023\/10\/1.jpg\",\"datePublished\":\"2023-10-18T20:03:32+00:00\",\"dateModified\":\"2023-10-18T20:03:33+00:00\",\"breadcrumb\":{\"@id\":\"https:\/\/projekt.vombat.ee\/eco\/pood\/elektrirollerid\/veleco-faster-4-rattaline-elektriroller\/#breadcrumb\"},\"inLanguage\":\"en-GB\",\"potentialAction\":[{\"@type\":\"ReadAction\",\"target\":[\"https:\/\/projekt.vombat.ee\/eco\/pood\/elektrirollerid\/veleco-faster-4-rattaline-elektriroller\/\"]}]},{\"@type\":\"ImageObject\",\"inLanguage\":\"en-GB\",\"@id\":\"https:\/\/projekt.vombat.ee\/eco\/pood\/elektrirollerid\/veleco-faster-4-rattaline-elektriroller\/#primaryimage\",\"url\":\"https:\/\/projekt.vombat.ee\/eco\/wp-content\/uploads\/2023\/10\/1.jpg\",\"contentUrl\":\"https:\/\/projekt.vombat.ee\/eco\/wp-content\/uploads\/2023\/10\/1.jpg\",\"width\":600,\"height\":600},{\"@type\":\"BreadcrumbList\",\"@id\":\"https:\/\/projekt.vombat.ee\/eco\/pood\/elektrirollerid\/veleco-faster-4-rattaline-elektriroller\/#breadcrumb\",\"itemListElement\":[{\"@type\":\"ListItem\",\"position\":1,\"name\":\"Home\",\"item\":\"https:\/\/projekt.vombat.ee\/eco\/\"},{\"@type\":\"ListItem\",\"position\":2,\"name\":\"Pood\",\"item\":\"https:\/\/projekt.vombat.ee\/eco\/pood\/\"},{\"@type\":\"ListItem\",\"position\":3,\"name\":\"Veleco Faster 4-rattaline elektriroller\"}]},{\"@type\":\"WebSite\",\"@id\":\"https:\/\/projekt.vombat.ee\/eco\/#website\",\"url\":\"https:\/\/projekt.vombat.ee\/eco\/\",\"name\":\"Ecocruiser\",\"description\":\"\",\"publisher\":{\"@id\":\"https:\/\/projekt.vombat.ee\/eco\/#organization\"},\"potentialAction\":[{\"@type\":\"SearchAction\",\"target\":{\"@type\":\"EntryPoint\",\"urlTemplate\":\"https:\/\/projekt.vombat.ee\/eco\/?s={search_term_string}\"},\"query-input\":{\"@type\":\"PropertyValueSpecification\",\"valueRequired\":true,\"valueName\":\"search_term_string\"}}],\"inLanguage\":\"en-GB\"},{\"@type\":\"Organization\",\"@id\":\"https:\/\/projekt.vombat.ee\/eco\/#organization\",\"name\":\"Ecocruiser\",\"url\":\"https:\/\/projekt.vombat.ee\/eco\/\",\"logo\":{\"@type\":\"ImageObject\",\"inLanguage\":\"en-GB\",\"@id\":\"https:\/\/projekt.vombat.ee\/eco\/#\/schema\/logo\/image\/\",\"url\":\"https:\/\/projekt.vombat.ee\/eco\/wp-content\/uploads\/2023\/03\/ECOCRUISER_5.png\",\"contentUrl\":\"https:\/\/projekt.vombat.ee\/eco\/wp-content\/uploads\/2023\/03\/ECOCRUISER_5.png\",\"width\":234,\"height\":91,\"caption\":\"Ecocruiser\"},\"image\":{\"@id\":\"https:\/\/projekt.vombat.ee\/eco\/#\/schema\/logo\/image\/\"}}]}<\/script>\n<!-- \/ Yoast SEO plugin. -->","yoast_head_json":{"title":"Veleco Faster 4-rattaline elektriroller - Ecocruiser","robots":{"index":"noindex","follow":"follow","max-snippet":"max-snippet:-1","max-image-preview":"max-image-preview:large","max-video-preview":"max-video-preview:-1"},"og_locale":"en_GB","og_type":"article","og_title":"Veleco Faster 4-rattaline elektriroller - Ecocruiser","og_description":"Veleco Faster 4-rattaline elektriroller   Maksimaalne s\u00f5iduulatus \u00fche laadimisega: 45-60 km  Maksimaalne kasutaja kaal: 160 kg  V\u00f5imsus: 1000 W  Laadimisaeg: \u22488 h  \u2666 Tarneaeg 3-7 p\u00e4eva \u2666 Laos  &nbsp;","og_url":"https:\/\/projekt.vombat.ee\/eco\/pood\/elektrirollerid\/veleco-faster-4-rattaline-elektriroller\/","og_site_name":"Ecocruiser","article_modified_time":"2023-10-18T20:03:33+00:00","og_image":[{"width":600,"height":600,"url":"https:\/\/projekt.vombat.ee\/eco\/wp-content\/uploads\/2023\/10\/1.jpg","type":"image\/jpeg"}],"twitter_card":"summary_large_image","twitter_misc":{"Estimated reading time":"1 minute"},"schema":{"@context":"https:\/\/schema.org","@graph":[{"@type":"WebPage","@id":"https:\/\/projekt.vombat.ee\/eco\/pood\/elektrirollerid\/veleco-faster-4-rattaline-elektriroller\/","url":"https:\/\/projekt.vombat.ee\/eco\/pood\/elektrirollerid\/veleco-faster-4-rattaline-elektriroller\/","name":"Veleco Faster 4-rattaline elektriroller - Ecocruiser","isPartOf":{"@id":"https:\/\/projekt.vombat.ee\/eco\/#website"},"primaryImageOfPage":{"@id":"https:\/\/projekt.vombat.ee\/eco\/pood\/elektrirollerid\/veleco-faster-4-rattaline-elektriroller\/#primaryimage"},"image":{"@id":"https:\/\/projekt.vombat.ee\/eco\/pood\/elektrirollerid\/veleco-faster-4-rattaline-elektriroller\/#primaryimage"},"thumbnailUrl":"https:\/\/projekt.vombat.ee\/eco\/wp-content\/uploads\/2023\/10\/1.jpg","datePublished":"2023-10-18T20:03:32+00:00","dateModified":"2023-10-18T20:03:33+00:00","breadcrumb":{"@id":"https:\/\/projekt.vombat.ee\/eco\/pood\/elektrirollerid\/veleco-faster-4-rattaline-elektriroller\/#breadcrumb"},"inLanguage":"en-GB","potentialAction":[{"@type":"ReadAction","target":["https:\/\/projekt.vombat.ee\/eco\/pood\/elektrirollerid\/veleco-faster-4-rattaline-elektriroller\/"]}]},{"@type":"ImageObject","inLanguage":"en-GB","@id":"https:\/\/projekt.vombat.ee\/eco\/pood\/elektrirollerid\/veleco-faster-4-rattaline-elektriroller\/#primaryimage","url":"https:\/\/projekt.vombat.ee\/eco\/wp-content\/uploads\/2023\/10\/1.jpg","contentUrl":"https:\/\/projekt.vombat.ee\/eco\/wp-content\/uploads\/2023\/10\/1.jpg","width":600,"height":600},{"@type":"BreadcrumbList","@id":"https:\/\/projekt.vombat.ee\/eco\/pood\/elektrirollerid\/veleco-faster-4-rattaline-elektriroller\/#breadcrumb","itemListElement":[{"@type":"ListItem","position":1,"name":"Home","item":"https:\/\/projekt.vombat.ee\/eco\/"},{"@type":"ListItem","position":2,"name":"Pood","item":"https:\/\/projekt.vombat.ee\/eco\/pood\/"},{"@type":"ListItem","position":3,"name":"Veleco Faster 4-rattaline elektriroller"}]},{"@type":"WebSite","@id":"https:\/\/projekt.vombat.ee\/eco\/#website","url":"https:\/\/projekt.vombat.ee\/eco\/","name":"Ecocruiser","description":"","publisher":{"@id":"https:\/\/projekt.vombat.ee\/eco\/#organization"},"potentialAction":[{"@type":"SearchAction","target":{"@type":"EntryPoint","urlTemplate":"https:\/\/projekt.vombat.ee\/eco\/?s={search_term_string}"},"query-input":{"@type":"PropertyValueSpecification","valueRequired":true,"valueName":"search_term_string"}}],"inLanguage":"en-GB"},{"@type":"Organization","@id":"https:\/\/projekt.vombat.ee\/eco\/#organization","name":"Ecocruiser","url":"https:\/\/projekt.vombat.ee\/eco\/","logo":{"@type":"ImageObject","inLanguage":"en-GB","@id":"https:\/\/projekt.vombat.ee\/eco\/#\/schema\/logo\/image\/","url":"https:\/\/projekt.vombat.ee\/eco\/wp-content\/uploads\/2023\/03\/ECOCRUISER_5.png","contentUrl":"https:\/\/projekt.vombat.ee\/eco\/wp-content\/uploads\/2023\/03\/ECOCRUISER_5.png","width":234,"height":91,"caption":"Ecocruiser"},"image":{"@id":"https:\/\/projekt.vombat.ee\/eco\/#\/schema\/logo\/image\/"}}]}},"lang":"et","translations":{"et":12399},"pll_sync_post":[],"_links":{"self":[{"href":"https:\/\/projekt.vombat.ee\/eco\/wp-json\/wp\/v2\/product\/12399"}],"collection":[{"href":"https:\/\/projekt.vombat.ee\/eco\/wp-json\/wp\/v2\/product"}],"about":[{"href":"https:\/\/projekt.vombat.ee\/eco\/wp-json\/wp\/v2\/types\/product"}],"version-history":[{"count":1,"href":"https:\/\/projekt.vombat.ee\/eco\/wp-json\/wp\/v2\/product\/12399\/revisions"}],"predecessor-version":[{"id":12406,"href":"https:\/\/projekt.vombat.ee\/eco\/wp-json\/wp\/v2\/product\/12399\/revisions\/12406"}],"wp:featuredmedia":[{"embeddable":true,"href":"https:\/\/projekt.vombat.ee\/eco\/wp-json\/wp\/v2\/media\/12400"}],"wp:attachment":[{"href":"https:\/\/projekt.vombat.ee\/eco\/wp-json\/wp\/v2\/media?parent=12399"}],"wp:term":[{"taxonomy":"product_cat","embeddable":true,"href":"https:\/\/projekt.vombat.ee\/eco\/wp-json\/wp\/v2\/product_cat?post=12399"},{"taxonomy":"product_tag","embeddable":true,"href":"https:\/\/projekt.vombat.ee\/eco\/wp-json\/wp\/v2\/product_tag?post=12399"}],"curies":[{"name":"wp","href":"https:\/\/api.w.org\/{rel}","templated":true}]}}