{"id":12299,"date":"2023-09-20T07:13:24","date_gmt":"2023-09-20T07:13:24","guid":{"rendered":"https:\/\/projekt.vombat.ee\/eco\/?post_type=product&#038;p=12299"},"modified":"2023-09-20T07:19:49","modified_gmt":"2023-09-20T07:19:49","slug":"fisher-shadow-must","status":"publish","type":"product","link":"https:\/\/projekt.vombat.ee\/eco\/pood\/lisavarustus\/kiivrid\/fisher-shadow-must\/","title":{"rendered":"Fisher shadow must"},"content":{"rendered":"","protected":false},"excerpt":{"rendered":"<p>Kvaliteetne jalgrattakiiver, tagab suurep\u00e4rase peakaitse rattas\u00f5idul.<\/p>\n<p>Kerge, h\u00e4sti ventileeritav, sellel on lihtsalt kasutatavad s\u00fcsteemid kiivri pea kuju j\u00e4rgi reguleerimiseks.<\/p>\n<ul>\n<li>T\u00e4iskasvanute jalgrattakiiver<\/li>\n<li>Putukav\u00f5rk.<\/li>\n<li>Optimaalne sobivus t\u00e4nu reguleeritavale siser\u00f5ngas\u00fcsteemile.<\/li>\n<li>Valgustatud siser\u00f5ngas\u00fcsteem.<\/li>\n<li>K\u00f5rgtugevast vahtpol\u00fcst\u00fcreenist (EPS) sisekest optimaalseks polsterduseks.<\/li>\n<li>V\u00e4ga hea ventilatsioon t\u00e4nu 16 suurele \u00f5hu sisselaskeavale.<\/li>\n<li>Eemaldatav visiir.<\/li>\n<\/ul>\n","protected":false},"featured_media":12300,"template":"","meta":[],"product_cat":[68,707],"product_tag":[],"class_list":{"0":"post-12299","1":"product","2":"type-product","3":"status-publish","4":"has-post-thumbnail","6":"product_cat-lisavarustus","7":"product_cat-kiivrid","9":"first","10":"instock","11":"taxable","12":"shipping-taxable","13":"purchasable","14":"product-type-simple"},"yoast_head":"<!-- This site is optimized with the Yoast SEO plugin v23.8 - https:\/\/yoast.com\/wordpress\/plugins\/seo\/ -->\n<title>Fisher shadow must - Ecocruiser<\/title>\n<meta name=\"robots\" content=\"noindex, follow, max-snippet:-1, max-image-preview:large, max-video-preview:-1\" \/>\n<meta property=\"og:locale\" content=\"en_GB\" \/>\n<meta property=\"og:type\" content=\"article\" \/>\n<meta property=\"og:title\" content=\"Fisher shadow must - Ecocruiser\" \/>\n<meta property=\"og:description\" content=\"Kvaliteetne jalgrattakiiver, tagab suurep\u00e4rase peakaitse rattas\u00f5idul.  Kerge, h\u00e4sti ventileeritav, sellel on lihtsalt kasutatavad s\u00fcsteemid kiivri pea kuju j\u00e4rgi reguleerimiseks.   T\u00e4iskasvanute jalgrattakiiver  Putukav\u00f5rk.  Optimaalne sobivus t\u00e4nu reguleeritavale siser\u00f5ngas\u00fcsteemile.  Valgustatud siser\u00f5ngas\u00fcsteem.  K\u00f5rgtugevast vahtpol\u00fcst\u00fcreenist (EPS) sisekest optimaalseks polsterduseks.  V\u00e4ga hea ventilatsioon t\u00e4nu 16 suurele \u00f5hu sisselaskeavale.  Eemaldatav visiir.\" \/>\n<meta property=\"og:url\" content=\"https:\/\/projekt.vombat.ee\/eco\/pood\/lisavarustus\/kiivrid\/fisher-shadow-must\/\" \/>\n<meta property=\"og:site_name\" content=\"Ecocruiser\" \/>\n<meta property=\"article:modified_time\" content=\"2023-09-20T07:19:49+00:00\" \/>\n<meta property=\"og:image\" content=\"https:\/\/projekt.vombat.ee\/eco\/wp-content\/uploads\/2023\/09\/1.jpg\" \/>\n\t<meta property=\"og:image:width\" content=\"1500\" \/>\n\t<meta property=\"og:image:height\" content=\"1271\" \/>\n\t<meta property=\"og:image:type\" content=\"image\/jpeg\" \/>\n<meta name=\"twitter:card\" content=\"summary_large_image\" \/>\n<script type=\"application\/ld+json\" class=\"yoast-schema-graph\">{\"@context\":\"https:\/\/schema.org\",\"@graph\":[{\"@type\":\"WebPage\",\"@id\":\"https:\/\/projekt.vombat.ee\/eco\/pood\/lisavarustus\/kiivrid\/fisher-shadow-must\/\",\"url\":\"https:\/\/projekt.vombat.ee\/eco\/pood\/lisavarustus\/kiivrid\/fisher-shadow-must\/\",\"name\":\"Fisher shadow must - Ecocruiser\",\"isPartOf\":{\"@id\":\"https:\/\/projekt.vombat.ee\/eco\/#website\"},\"primaryImageOfPage\":{\"@id\":\"https:\/\/projekt.vombat.ee\/eco\/pood\/lisavarustus\/kiivrid\/fisher-shadow-must\/#primaryimage\"},\"image\":{\"@id\":\"https:\/\/projekt.vombat.ee\/eco\/pood\/lisavarustus\/kiivrid\/fisher-shadow-must\/#primaryimage\"},\"thumbnailUrl\":\"https:\/\/projekt.vombat.ee\/eco\/wp-content\/uploads\/2023\/09\/1.jpg\",\"datePublished\":\"2023-09-20T07:13:24+00:00\",\"dateModified\":\"2023-09-20T07:19:49+00:00\",\"breadcrumb\":{\"@id\":\"https:\/\/projekt.vombat.ee\/eco\/pood\/lisavarustus\/kiivrid\/fisher-shadow-must\/#breadcrumb\"},\"inLanguage\":\"en-GB\",\"potentialAction\":[{\"@type\":\"ReadAction\",\"target\":[\"https:\/\/projekt.vombat.ee\/eco\/pood\/lisavarustus\/kiivrid\/fisher-shadow-must\/\"]}]},{\"@type\":\"ImageObject\",\"inLanguage\":\"en-GB\",\"@id\":\"https:\/\/projekt.vombat.ee\/eco\/pood\/lisavarustus\/kiivrid\/fisher-shadow-must\/#primaryimage\",\"url\":\"https:\/\/projekt.vombat.ee\/eco\/wp-content\/uploads\/2023\/09\/1.jpg\",\"contentUrl\":\"https:\/\/projekt.vombat.ee\/eco\/wp-content\/uploads\/2023\/09\/1.jpg\",\"width\":1500,\"height\":1271},{\"@type\":\"BreadcrumbList\",\"@id\":\"https:\/\/projekt.vombat.ee\/eco\/pood\/lisavarustus\/kiivrid\/fisher-shadow-must\/#breadcrumb\",\"itemListElement\":[{\"@type\":\"ListItem\",\"position\":1,\"name\":\"Home\",\"item\":\"https:\/\/projekt.vombat.ee\/eco\/\"},{\"@type\":\"ListItem\",\"position\":2,\"name\":\"Pood\",\"item\":\"https:\/\/projekt.vombat.ee\/eco\/pood\/\"},{\"@type\":\"ListItem\",\"position\":3,\"name\":\"Fisher shadow must\"}]},{\"@type\":\"WebSite\",\"@id\":\"https:\/\/projekt.vombat.ee\/eco\/#website\",\"url\":\"https:\/\/projekt.vombat.ee\/eco\/\",\"name\":\"Ecocruiser\",\"description\":\"\",\"publisher\":{\"@id\":\"https:\/\/projekt.vombat.ee\/eco\/#organization\"},\"potentialAction\":[{\"@type\":\"SearchAction\",\"target\":{\"@type\":\"EntryPoint\",\"urlTemplate\":\"https:\/\/projekt.vombat.ee\/eco\/?s={search_term_string}\"},\"query-input\":{\"@type\":\"PropertyValueSpecification\",\"valueRequired\":true,\"valueName\":\"search_term_string\"}}],\"inLanguage\":\"en-GB\"},{\"@type\":\"Organization\",\"@id\":\"https:\/\/projekt.vombat.ee\/eco\/#organization\",\"name\":\"Ecocruiser\",\"url\":\"https:\/\/projekt.vombat.ee\/eco\/\",\"logo\":{\"@type\":\"ImageObject\",\"inLanguage\":\"en-GB\",\"@id\":\"https:\/\/projekt.vombat.ee\/eco\/#\/schema\/logo\/image\/\",\"url\":\"https:\/\/projekt.vombat.ee\/eco\/wp-content\/uploads\/2023\/03\/ECOCRUISER_5.png\",\"contentUrl\":\"https:\/\/projekt.vombat.ee\/eco\/wp-content\/uploads\/2023\/03\/ECOCRUISER_5.png\",\"width\":234,\"height\":91,\"caption\":\"Ecocruiser\"},\"image\":{\"@id\":\"https:\/\/projekt.vombat.ee\/eco\/#\/schema\/logo\/image\/\"}}]}<\/script>\n<!-- \/ Yoast SEO plugin. -->","yoast_head_json":{"title":"Fisher shadow must - Ecocruiser","robots":{"index":"noindex","follow":"follow","max-snippet":"max-snippet:-1","max-image-preview":"max-image-preview:large","max-video-preview":"max-video-preview:-1"},"og_locale":"en_GB","og_type":"article","og_title":"Fisher shadow must - Ecocruiser","og_description":"Kvaliteetne jalgrattakiiver, tagab suurep\u00e4rase peakaitse rattas\u00f5idul.  Kerge, h\u00e4sti ventileeritav, sellel on lihtsalt kasutatavad s\u00fcsteemid kiivri pea kuju j\u00e4rgi reguleerimiseks.   T\u00e4iskasvanute jalgrattakiiver  Putukav\u00f5rk.  Optimaalne sobivus t\u00e4nu reguleeritavale siser\u00f5ngas\u00fcsteemile.  Valgustatud siser\u00f5ngas\u00fcsteem.  K\u00f5rgtugevast vahtpol\u00fcst\u00fcreenist (EPS) sisekest optimaalseks polsterduseks.  V\u00e4ga hea ventilatsioon t\u00e4nu 16 suurele \u00f5hu sisselaskeavale.  Eemaldatav visiir.","og_url":"https:\/\/projekt.vombat.ee\/eco\/pood\/lisavarustus\/kiivrid\/fisher-shadow-must\/","og_site_name":"Ecocruiser","article_modified_time":"2023-09-20T07:19:49+00:00","og_image":[{"width":1500,"height":1271,"url":"https:\/\/projekt.vombat.ee\/eco\/wp-content\/uploads\/2023\/09\/1.jpg","type":"image\/jpeg"}],"twitter_card":"summary_large_image","schema":{"@context":"https:\/\/schema.org","@graph":[{"@type":"WebPage","@id":"https:\/\/projekt.vombat.ee\/eco\/pood\/lisavarustus\/kiivrid\/fisher-shadow-must\/","url":"https:\/\/projekt.vombat.ee\/eco\/pood\/lisavarustus\/kiivrid\/fisher-shadow-must\/","name":"Fisher shadow must - Ecocruiser","isPartOf":{"@id":"https:\/\/projekt.vombat.ee\/eco\/#website"},"primaryImageOfPage":{"@id":"https:\/\/projekt.vombat.ee\/eco\/pood\/lisavarustus\/kiivrid\/fisher-shadow-must\/#primaryimage"},"image":{"@id":"https:\/\/projekt.vombat.ee\/eco\/pood\/lisavarustus\/kiivrid\/fisher-shadow-must\/#primaryimage"},"thumbnailUrl":"https:\/\/projekt.vombat.ee\/eco\/wp-content\/uploads\/2023\/09\/1.jpg","datePublished":"2023-09-20T07:13:24+00:00","dateModified":"2023-09-20T07:19:49+00:00","breadcrumb":{"@id":"https:\/\/projekt.vombat.ee\/eco\/pood\/lisavarustus\/kiivrid\/fisher-shadow-must\/#breadcrumb"},"inLanguage":"en-GB","potentialAction":[{"@type":"ReadAction","target":["https:\/\/projekt.vombat.ee\/eco\/pood\/lisavarustus\/kiivrid\/fisher-shadow-must\/"]}]},{"@type":"ImageObject","inLanguage":"en-GB","@id":"https:\/\/projekt.vombat.ee\/eco\/pood\/lisavarustus\/kiivrid\/fisher-shadow-must\/#primaryimage","url":"https:\/\/projekt.vombat.ee\/eco\/wp-content\/uploads\/2023\/09\/1.jpg","contentUrl":"https:\/\/projekt.vombat.ee\/eco\/wp-content\/uploads\/2023\/09\/1.jpg","width":1500,"height":1271},{"@type":"BreadcrumbList","@id":"https:\/\/projekt.vombat.ee\/eco\/pood\/lisavarustus\/kiivrid\/fisher-shadow-must\/#breadcrumb","itemListElement":[{"@type":"ListItem","position":1,"name":"Home","item":"https:\/\/projekt.vombat.ee\/eco\/"},{"@type":"ListItem","position":2,"name":"Pood","item":"https:\/\/projekt.vombat.ee\/eco\/pood\/"},{"@type":"ListItem","position":3,"name":"Fisher shadow must"}]},{"@type":"WebSite","@id":"https:\/\/projekt.vombat.ee\/eco\/#website","url":"https:\/\/projekt.vombat.ee\/eco\/","name":"Ecocruiser","description":"","publisher":{"@id":"https:\/\/projekt.vombat.ee\/eco\/#organization"},"potentialAction":[{"@type":"SearchAction","target":{"@type":"EntryPoint","urlTemplate":"https:\/\/projekt.vombat.ee\/eco\/?s={search_term_string}"},"query-input":{"@type":"PropertyValueSpecification","valueRequired":true,"valueName":"search_term_string"}}],"inLanguage":"en-GB"},{"@type":"Organization","@id":"https:\/\/projekt.vombat.ee\/eco\/#organization","name":"Ecocruiser","url":"https:\/\/projekt.vombat.ee\/eco\/","logo":{"@type":"ImageObject","inLanguage":"en-GB","@id":"https:\/\/projekt.vombat.ee\/eco\/#\/schema\/logo\/image\/","url":"https:\/\/projekt.vombat.ee\/eco\/wp-content\/uploads\/2023\/03\/ECOCRUISER_5.png","contentUrl":"https:\/\/projekt.vombat.ee\/eco\/wp-content\/uploads\/2023\/03\/ECOCRUISER_5.png","width":234,"height":91,"caption":"Ecocruiser"},"image":{"@id":"https:\/\/projekt.vombat.ee\/eco\/#\/schema\/logo\/image\/"}}]}},"lang":"et","translations":{"et":12299},"pll_sync_post":[],"_links":{"self":[{"href":"https:\/\/projekt.vombat.ee\/eco\/wp-json\/wp\/v2\/product\/12299"}],"collection":[{"href":"https:\/\/projekt.vombat.ee\/eco\/wp-json\/wp\/v2\/product"}],"about":[{"href":"https:\/\/projekt.vombat.ee\/eco\/wp-json\/wp\/v2\/types\/product"}],"version-history":[{"count":1,"href":"https:\/\/projekt.vombat.ee\/eco\/wp-json\/wp\/v2\/product\/12299\/revisions"}],"predecessor-version":[{"id":12301,"href":"https:\/\/projekt.vombat.ee\/eco\/wp-json\/wp\/v2\/product\/12299\/revisions\/12301"}],"wp:featuredmedia":[{"embeddable":true,"href":"https:\/\/projekt.vombat.ee\/eco\/wp-json\/wp\/v2\/media\/12300"}],"wp:attachment":[{"href":"https:\/\/projekt.vombat.ee\/eco\/wp-json\/wp\/v2\/media?parent=12299"}],"wp:term":[{"taxonomy":"product_cat","embeddable":true,"href":"https:\/\/projekt.vombat.ee\/eco\/wp-json\/wp\/v2\/product_cat?post=12299"},{"taxonomy":"product_tag","embeddable":true,"href":"https:\/\/projekt.vombat.ee\/eco\/wp-json\/wp\/v2\/product_tag?post=12299"}],"curies":[{"name":"wp","href":"https:\/\/api.w.org\/{rel}","templated":true}]}}