{"id":12069,"date":"2023-08-23T09:56:22","date_gmt":"2023-08-23T09:56:22","guid":{"rendered":"https:\/\/projekt.vombat.ee\/eco\/?post_type=product&#038;p=12069"},"modified":"2023-08-23T09:56:23","modified_gmt":"2023-08-23T09:56:23","slug":"tasakaaluliikur-chic-d01-roosa","status":"publish","type":"product","link":"https:\/\/projekt.vombat.ee\/eco\/pood\/tasakaaluliikurid\/tasakaaluliikur-chic-d01-roosa\/","title":{"rendered":"Tasakaaluliikur CHIC D01 Roosa"},"content":{"rendered":"<h3>ELEKTRILINE HOVERBOARD 6,5&#8242; LED<\/h3>\n<p><img decoding=\"async\" class=\"msub_k4 mupj_5k mjru_k4 mse2_k4 mp7g_f6 mq1m_0 mj7u_0 m7er_k4 lazyloaded\" src=\"https:\/\/a.allegroimg.com\/original\/11b9d4\/1ad499104250aa8b9adb080bd35b\/ELECTRIC-HOVERBOARD-6-5-INCH-BOARD\" sizes=\"100vw\" srcset=\"https:\/\/a.allegroimg.com\/s360\/11b9d4\/1ad499104250aa8b9adb080bd35b\/ELECTRIC-HOVERBOARD-6-5-INCH-BOARD 360w,https:\/\/a.allegroimg.com\/s720\/11b9d4\/1ad499104250aa8b9adb080bd35b\/ELECTRIC-HOVERBOARD-6-5-INCH-BOARD 588w,https:\/\/a.allegroimg.com\/original\/11b9d4\/1ad499104250aa8b9adb080bd35b\/ELECTRIC-HOVERBOARD-6-5-INCH-BOARD 588w\" alt=\"ELECTRIC HOVERBOARD 6.5 INCH BOARD\" width=\"588px\" data-src=\"https:\/\/a.allegroimg.com\/original\/11b9d4\/1ad499104250aa8b9adb080bd35b\/ELECTRIC-HOVERBOARD-6-5-INCH-BOARD\" data-srcset=\"https:\/\/a.allegroimg.com\/s360\/11b9d4\/1ad499104250aa8b9adb080bd35b\/ELECTRIC-HOVERBOARD-6-5-INCH-BOARD 360w,https:\/\/a.allegroimg.com\/s720\/11b9d4\/1ad499104250aa8b9adb080bd35b\/ELECTRIC-HOVERBOARD-6-5-INCH-BOARD 588w,https:\/\/a.allegroimg.com\/original\/11b9d4\/1ad499104250aa8b9adb080bd35b\/ELECTRIC-HOVERBOARD-6-5-INCH-BOARD 588w\" \/><\/p>\n<p>See on lihtsalt ideaalne vidin igale aktiivsele ja kaasaegsele inimesele ning ideaalne kingitus lapsele. See toimib h\u00e4sti ka pikkadel ja v\u00e4sitavatel ostlemisel kaubanduskeskustes, aga ka puhkusereisidel.<\/p>\n<p>Sellel on mitmeid positiivseid tehnilisi aspekte. Kiirus kuni 20 km\/h ja sellel on Bluetooth-\u00fchendus sinu nutitelefoniga! Juhtnupud on v\u00e4ga lihtsad, lihtsalt kallutage ettepoole v\u00f5i, kui soovite peatuda, siis tahapoole.<\/p>\n<p>Keeramine seisneb vastava jala kerges vajutamises platvormile.<\/p>\n<p>Sisseehitatud g\u00fcroskoop ja kiirendusm\u00f5\u00f5tur tagavad tasakaalu s\u00f5idu ajal. Rula \u00fcletab 15 \u00b0 kalded. Sisseehitatud 36 V aku mahutavusega 4,4 Ah.<\/p>\n<p>&nbsp;<\/p>\n<h3>Tasakaaluliikur on varustatud:<\/h3>\n<p>toiteplokk , bluetooth, k\u00f5lar. Sisseehitatud bluetooth funktsioon ja k\u00f5lar, mis v\u00f5imaldab rulal muusikat m\u00e4ngida.<\/p>\n<p>Igal rulal on Samsungi aku.<\/p>\n<p>K\u00f5ikidel meie ruladel on kaks eesmist suunavat LED-tuld, kaks neljav\u00e4rvilist lisa-LED-tuld rattakoobastel (n\u00e4idatud alloleval fotol), mis muudavad s\u00f5idu ajal v\u00e4rvi ning valgustatud LED-rattad helendavad s\u00f5idu ajal kogu aeg.<\/p>\n<p><img decoding=\"async\" class=\"msub_k4 mupj_5k mjru_k4 mse2_k4 mp7g_f6 mq1m_0 mj7u_0 m7er_k4 lazyloaded\" src=\"https:\/\/a.allegroimg.com\/original\/11918f\/a65499004fcdb16e259143f8b7fc\/ELECTRIC-HOVERBOARD-6-5-INCH-BOARD-Brand-other-brand\" sizes=\"(min-width: 1200px) 560px, (min-width: 992px) 50vw, 100vw\" srcset=\"https:\/\/a.allegroimg.com\/s360\/11918f\/a65499004fcdb16e259143f8b7fc\/ELECTRIC-HOVERBOARD-6-5-INCH-BOARD-Brand-other-brand 360w,https:\/\/a.allegroimg.com\/s720\/11918f\/a65499004fcdb16e259143f8b7fc\/ELECTRIC-HOVERBOARD-6-5-INCH-BOARD-Brand-other-brand 448w,https:\/\/a.allegroimg.com\/original\/11918f\/a65499004fcdb16e259143f8b7fc\/ELECTRIC-HOVERBOARD-6-5-INCH-BOARD-Brand-other-brand 448w\" alt=\"ELECTRIC HOVERBOARD 6.5 INCH BOARD Brand other brand\" width=\"448px\" data-src=\"https:\/\/a.allegroimg.com\/original\/11918f\/a65499004fcdb16e259143f8b7fc\/ELECTRIC-HOVERBOARD-6-5-INCH-BOARD-Brand-other-brand\" data-srcset=\"https:\/\/a.allegroimg.com\/s360\/11918f\/a65499004fcdb16e259143f8b7fc\/ELECTRIC-HOVERBOARD-6-5-INCH-BOARD-Brand-other-brand 360w,https:\/\/a.allegroimg.com\/s720\/11918f\/a65499004fcdb16e259143f8b7fc\/ELECTRIC-HOVERBOARD-6-5-INCH-BOARD-Brand-other-brand 448w,https:\/\/a.allegroimg.com\/original\/11918f\/a65499004fcdb16e259143f8b7fc\/ELECTRIC-HOVERBOARD-6-5-INCH-BOARD-Brand-other-brand 448w\" \/><\/p>\n<h3>Info<\/h3>\n<p>S\u00f5iduulatus: 20 km<br \/>\nMudel &#8211; 6,5&#8243; elektriline rula<br \/>\nAku &#8211; 36V 4,4Ah Li-ion<br \/>\nRatta suurus &#8211; 6,5&#8243;<br \/>\nMootor &#8211; 2 x 250W<br \/>\nFunktsioonid \u2013 Bluetooth<br \/>\nSeadme kaal &#8211; 8,5 kg<br \/>\nMaksimaalne kasutaja kaal &#8211; 100 kg<br \/>\nPinna maksimaalne kaldenurk &#8211; 15\u00b0<br \/>\nMaksimaalne kiirus &#8211; kuni 20 km\/h<br \/>\nS\u00f5iduulatus s\u00f5ltub v\u00e4listingimustest<br \/>\nVeekindluse kaitseklass &#8211; IP54<br \/>\nM\u00f5\u00f5dud &#8211; 58,4 x 18,6 x 17,8 cm<br \/>\nLaadimisaeg &#8211; 120 minutit<br \/>\nLisafunktsioonid &#8211; Heli- ja valgussignaal t\u00fchja aku kohta<br \/>\nLEDid &#8211; 3 v\u00e4rvi<\/p>\n<p><img decoding=\"async\" class=\"msub_k4 mupj_5k mjru_k4 mse2_k4 mp7g_f6 mq1m_0 mj7u_0 m7er_k4 lazyloaded\" src=\"https:\/\/a.allegroimg.com\/original\/116fc0\/414faf8f4283a857edc60193b67c\/ELECTRIC-HOVERBOARD-6-5-INCH-BOARD-Maximum-User-Weight-100-kg\" sizes=\"(min-width: 1200px) 560px, (min-width: 992px) 50vw, 100vw\" srcset=\"https:\/\/a.allegroimg.com\/s360\/116fc0\/414faf8f4283a857edc60193b67c\/ELECTRIC-HOVERBOARD-6-5-INCH-BOARD-Maximum-User-Weight-100-kg 360w,https:\/\/a.allegroimg.com\/s720\/116fc0\/414faf8f4283a857edc60193b67c\/ELECTRIC-HOVERBOARD-6-5-INCH-BOARD-Maximum-User-Weight-100-kg 450w,https:\/\/a.allegroimg.com\/original\/116fc0\/414faf8f4283a857edc60193b67c\/ELECTRIC-HOVERBOARD-6-5-INCH-BOARD-Maximum-User-Weight-100-kg 450w\" alt=\"ELECTRIC HOVERBOARD 6.5 INCH BOARD Maximum User Weight 100 kg\" width=\"450px\" data-src=\"https:\/\/a.allegroimg.com\/original\/116fc0\/414faf8f4283a857edc60193b67c\/ELECTRIC-HOVERBOARD-6-5-INCH-BOARD-Maximum-User-Weight-100-kg\" data-srcset=\"https:\/\/a.allegroimg.com\/s360\/116fc0\/414faf8f4283a857edc60193b67c\/ELECTRIC-HOVERBOARD-6-5-INCH-BOARD-Maximum-User-Weight-100-kg 360w,https:\/\/a.allegroimg.com\/s720\/116fc0\/414faf8f4283a857edc60193b67c\/ELECTRIC-HOVERBOARD-6-5-INCH-BOARD-Maximum-User-Weight-100-kg 450w,https:\/\/a.allegroimg.com\/original\/116fc0\/414faf8f4283a857edc60193b67c\/ELECTRIC-HOVERBOARD-6-5-INCH-BOARD-Maximum-User-Weight-100-kg 450w\" \/><\/p>\n<p><img decoding=\"async\" class=\"msub_k4 mupj_5k mjru_k4 mse2_k4 mp7g_f6 mq1m_0 mj7u_0 m7er_k4 lazyloaded\" src=\"https:\/\/a.allegroimg.com\/original\/1158db\/bcf4ee62465297b472d402490ace\/ELECTRIC-HOVERBOARD-6-5-INCH-BOARD-Maximum-Speed-20-km-h\" sizes=\"100vw\" srcset=\"https:\/\/a.allegroimg.com\/s360\/1158db\/bcf4ee62465297b472d402490ace\/ELECTRIC-HOVERBOARD-6-5-INCH-BOARD-Maximum-Speed-20-km-h 360w,https:\/\/a.allegroimg.com\/s720\/1158db\/bcf4ee62465297b472d402490ace\/ELECTRIC-HOVERBOARD-6-5-INCH-BOARD-Maximum-Speed-20-km-h 450w,https:\/\/a.allegroimg.com\/original\/1158db\/bcf4ee62465297b472d402490ace\/ELECTRIC-HOVERBOARD-6-5-INCH-BOARD-Maximum-Speed-20-km-h 450w\" alt=\"ELECTRIC HOVERBOARD 6.5 INCH BOARD Maximum Speed 20 km\/h\" width=\"450px\" data-src=\"https:\/\/a.allegroimg.com\/original\/1158db\/bcf4ee62465297b472d402490ace\/ELECTRIC-HOVERBOARD-6-5-INCH-BOARD-Maximum-Speed-20-km-h\" data-srcset=\"https:\/\/a.allegroimg.com\/s360\/1158db\/bcf4ee62465297b472d402490ace\/ELECTRIC-HOVERBOARD-6-5-INCH-BOARD-Maximum-Speed-20-km-h 360w,https:\/\/a.allegroimg.com\/s720\/1158db\/bcf4ee62465297b472d402490ace\/ELECTRIC-HOVERBOARD-6-5-INCH-BOARD-Maximum-Speed-20-km-h 450w,https:\/\/a.allegroimg.com\/original\/1158db\/bcf4ee62465297b472d402490ace\/ELECTRIC-HOVERBOARD-6-5-INCH-BOARD-Maximum-Speed-20-km-h 450w\" \/><\/p>\n","protected":false},"excerpt":{"rendered":"<p><strong>Tasakaaluliikur CHIC D01 roosa<\/strong><\/p>\n<ul>\n<li>S\u00f5iduulatus: 20 km<\/li>\n<li>Aku &#8211; 36V 4,4Ah Li-ion<\/li>\n<li>Funktsioonid \u2013 Bluetooth<\/li>\n<li>Seadme kaal &#8211; 8,5 kg<\/li>\n<li>Maksimaalne kasutaja kaal &#8211; 100 kg<\/li>\n<li>Maksimaalne kiirus &#8211; kuni 20 km\/h<\/li>\n<li>Veekindluse kaitseklass &#8211; IP54<\/li>\n<li>Laadimisaeg &#8211; 120 minutit<\/li>\n<\/ul>\n<p>\u2666\u00a0<strong>Tarneaeg 2-6 p\u00e4eva<\/strong><br \/>\n\u2666\u00a0<strong>Laos<\/strong><\/p>\n","protected":false},"featured_media":12070,"template":"","meta":[],"product_cat":[1861],"product_tag":[],"class_list":{"0":"post-12069","1":"product","2":"type-product","3":"status-publish","4":"has-post-thumbnail","6":"product_cat-tasakaaluliikurid","8":"first","9":"instock","10":"taxable","11":"shipping-taxable","12":"purchasable","13":"product-type-simple"},"yoast_head":"<!-- This site is optimized with the Yoast SEO plugin v23.8 - https:\/\/yoast.com\/wordpress\/plugins\/seo\/ -->\n<title>Tasakaaluliikur CHIC D01 Roosa - Ecocruiser<\/title>\n<meta name=\"robots\" content=\"noindex, follow, max-snippet:-1, max-image-preview:large, max-video-preview:-1\" \/>\n<meta property=\"og:locale\" content=\"en_GB\" \/>\n<meta property=\"og:type\" content=\"article\" \/>\n<meta property=\"og:title\" content=\"Tasakaaluliikur CHIC D01 Roosa - Ecocruiser\" \/>\n<meta property=\"og:description\" content=\"Tasakaaluliikur CHIC D01 roosa   S\u00f5iduulatus: 20 km  Aku - 36V 4,4Ah Li-ion  Funktsioonid \u2013 Bluetooth  Seadme kaal - 8,5 kg  Maksimaalne kasutaja kaal - 100 kg  Maksimaalne kiirus - kuni 20 km\/h  Veekindluse kaitseklass - IP54  Laadimisaeg - 120 minutit  \u2666\u00a0Tarneaeg 2-6 p\u00e4eva \u2666\u00a0Laos\" \/>\n<meta property=\"og:url\" content=\"https:\/\/projekt.vombat.ee\/eco\/pood\/tasakaaluliikurid\/tasakaaluliikur-chic-d01-roosa\/\" \/>\n<meta property=\"og:site_name\" content=\"Ecocruiser\" \/>\n<meta property=\"article:modified_time\" content=\"2023-08-23T09:56:23+00:00\" \/>\n<meta property=\"og:image\" content=\"https:\/\/projekt.vombat.ee\/eco\/wp-content\/uploads\/2023\/08\/30a22d5ee6f0f85e72695462338db0e1.png\" \/>\n\t<meta property=\"og:image:width\" content=\"665\" \/>\n\t<meta property=\"og:image:height\" content=\"615\" \/>\n\t<meta property=\"og:image:type\" content=\"image\/png\" \/>\n<meta name=\"twitter:card\" content=\"summary_large_image\" \/>\n<meta name=\"twitter:label1\" content=\"Estimated reading time\" \/>\n\t<meta name=\"twitter:data1\" content=\"2 minutes\" \/>\n<script type=\"application\/ld+json\" class=\"yoast-schema-graph\">{\"@context\":\"https:\/\/schema.org\",\"@graph\":[{\"@type\":\"WebPage\",\"@id\":\"https:\/\/projekt.vombat.ee\/eco\/pood\/tasakaaluliikurid\/tasakaaluliikur-chic-d01-roosa\/\",\"url\":\"https:\/\/projekt.vombat.ee\/eco\/pood\/tasakaaluliikurid\/tasakaaluliikur-chic-d01-roosa\/\",\"name\":\"Tasakaaluliikur CHIC D01 Roosa - Ecocruiser\",\"isPartOf\":{\"@id\":\"https:\/\/projekt.vombat.ee\/eco\/#website\"},\"primaryImageOfPage\":{\"@id\":\"https:\/\/projekt.vombat.ee\/eco\/pood\/tasakaaluliikurid\/tasakaaluliikur-chic-d01-roosa\/#primaryimage\"},\"image\":{\"@id\":\"https:\/\/projekt.vombat.ee\/eco\/pood\/tasakaaluliikurid\/tasakaaluliikur-chic-d01-roosa\/#primaryimage\"},\"thumbnailUrl\":\"https:\/\/projekt.vombat.ee\/eco\/wp-content\/uploads\/2023\/08\/30a22d5ee6f0f85e72695462338db0e1.png\",\"datePublished\":\"2023-08-23T09:56:22+00:00\",\"dateModified\":\"2023-08-23T09:56:23+00:00\",\"breadcrumb\":{\"@id\":\"https:\/\/projekt.vombat.ee\/eco\/pood\/tasakaaluliikurid\/tasakaaluliikur-chic-d01-roosa\/#breadcrumb\"},\"inLanguage\":\"en-GB\",\"potentialAction\":[{\"@type\":\"ReadAction\",\"target\":[\"https:\/\/projekt.vombat.ee\/eco\/pood\/tasakaaluliikurid\/tasakaaluliikur-chic-d01-roosa\/\"]}]},{\"@type\":\"ImageObject\",\"inLanguage\":\"en-GB\",\"@id\":\"https:\/\/projekt.vombat.ee\/eco\/pood\/tasakaaluliikurid\/tasakaaluliikur-chic-d01-roosa\/#primaryimage\",\"url\":\"https:\/\/projekt.vombat.ee\/eco\/wp-content\/uploads\/2023\/08\/30a22d5ee6f0f85e72695462338db0e1.png\",\"contentUrl\":\"https:\/\/projekt.vombat.ee\/eco\/wp-content\/uploads\/2023\/08\/30a22d5ee6f0f85e72695462338db0e1.png\",\"width\":665,\"height\":615},{\"@type\":\"BreadcrumbList\",\"@id\":\"https:\/\/projekt.vombat.ee\/eco\/pood\/tasakaaluliikurid\/tasakaaluliikur-chic-d01-roosa\/#breadcrumb\",\"itemListElement\":[{\"@type\":\"ListItem\",\"position\":1,\"name\":\"Home\",\"item\":\"https:\/\/projekt.vombat.ee\/eco\/\"},{\"@type\":\"ListItem\",\"position\":2,\"name\":\"Pood\",\"item\":\"https:\/\/projekt.vombat.ee\/eco\/pood\/\"},{\"@type\":\"ListItem\",\"position\":3,\"name\":\"Tasakaaluliikur CHIC D01 Roosa\"}]},{\"@type\":\"WebSite\",\"@id\":\"https:\/\/projekt.vombat.ee\/eco\/#website\",\"url\":\"https:\/\/projekt.vombat.ee\/eco\/\",\"name\":\"Ecocruiser\",\"description\":\"\",\"publisher\":{\"@id\":\"https:\/\/projekt.vombat.ee\/eco\/#organization\"},\"potentialAction\":[{\"@type\":\"SearchAction\",\"target\":{\"@type\":\"EntryPoint\",\"urlTemplate\":\"https:\/\/projekt.vombat.ee\/eco\/?s={search_term_string}\"},\"query-input\":{\"@type\":\"PropertyValueSpecification\",\"valueRequired\":true,\"valueName\":\"search_term_string\"}}],\"inLanguage\":\"en-GB\"},{\"@type\":\"Organization\",\"@id\":\"https:\/\/projekt.vombat.ee\/eco\/#organization\",\"name\":\"Ecocruiser\",\"url\":\"https:\/\/projekt.vombat.ee\/eco\/\",\"logo\":{\"@type\":\"ImageObject\",\"inLanguage\":\"en-GB\",\"@id\":\"https:\/\/projekt.vombat.ee\/eco\/#\/schema\/logo\/image\/\",\"url\":\"https:\/\/projekt.vombat.ee\/eco\/wp-content\/uploads\/2023\/03\/ECOCRUISER_5.png\",\"contentUrl\":\"https:\/\/projekt.vombat.ee\/eco\/wp-content\/uploads\/2023\/03\/ECOCRUISER_5.png\",\"width\":234,\"height\":91,\"caption\":\"Ecocruiser\"},\"image\":{\"@id\":\"https:\/\/projekt.vombat.ee\/eco\/#\/schema\/logo\/image\/\"}}]}<\/script>\n<!-- \/ Yoast SEO plugin. -->","yoast_head_json":{"title":"Tasakaaluliikur CHIC D01 Roosa - Ecocruiser","robots":{"index":"noindex","follow":"follow","max-snippet":"max-snippet:-1","max-image-preview":"max-image-preview:large","max-video-preview":"max-video-preview:-1"},"og_locale":"en_GB","og_type":"article","og_title":"Tasakaaluliikur CHIC D01 Roosa - Ecocruiser","og_description":"Tasakaaluliikur CHIC D01 roosa   S\u00f5iduulatus: 20 km  Aku - 36V 4,4Ah Li-ion  Funktsioonid \u2013 Bluetooth  Seadme kaal - 8,5 kg  Maksimaalne kasutaja kaal - 100 kg  Maksimaalne kiirus - kuni 20 km\/h  Veekindluse kaitseklass - IP54  Laadimisaeg - 120 minutit  \u2666\u00a0Tarneaeg 2-6 p\u00e4eva \u2666\u00a0Laos","og_url":"https:\/\/projekt.vombat.ee\/eco\/pood\/tasakaaluliikurid\/tasakaaluliikur-chic-d01-roosa\/","og_site_name":"Ecocruiser","article_modified_time":"2023-08-23T09:56:23+00:00","og_image":[{"width":665,"height":615,"url":"https:\/\/projekt.vombat.ee\/eco\/wp-content\/uploads\/2023\/08\/30a22d5ee6f0f85e72695462338db0e1.png","type":"image\/png"}],"twitter_card":"summary_large_image","twitter_misc":{"Estimated reading time":"2 minutes"},"schema":{"@context":"https:\/\/schema.org","@graph":[{"@type":"WebPage","@id":"https:\/\/projekt.vombat.ee\/eco\/pood\/tasakaaluliikurid\/tasakaaluliikur-chic-d01-roosa\/","url":"https:\/\/projekt.vombat.ee\/eco\/pood\/tasakaaluliikurid\/tasakaaluliikur-chic-d01-roosa\/","name":"Tasakaaluliikur CHIC D01 Roosa - Ecocruiser","isPartOf":{"@id":"https:\/\/projekt.vombat.ee\/eco\/#website"},"primaryImageOfPage":{"@id":"https:\/\/projekt.vombat.ee\/eco\/pood\/tasakaaluliikurid\/tasakaaluliikur-chic-d01-roosa\/#primaryimage"},"image":{"@id":"https:\/\/projekt.vombat.ee\/eco\/pood\/tasakaaluliikurid\/tasakaaluliikur-chic-d01-roosa\/#primaryimage"},"thumbnailUrl":"https:\/\/projekt.vombat.ee\/eco\/wp-content\/uploads\/2023\/08\/30a22d5ee6f0f85e72695462338db0e1.png","datePublished":"2023-08-23T09:56:22+00:00","dateModified":"2023-08-23T09:56:23+00:00","breadcrumb":{"@id":"https:\/\/projekt.vombat.ee\/eco\/pood\/tasakaaluliikurid\/tasakaaluliikur-chic-d01-roosa\/#breadcrumb"},"inLanguage":"en-GB","potentialAction":[{"@type":"ReadAction","target":["https:\/\/projekt.vombat.ee\/eco\/pood\/tasakaaluliikurid\/tasakaaluliikur-chic-d01-roosa\/"]}]},{"@type":"ImageObject","inLanguage":"en-GB","@id":"https:\/\/projekt.vombat.ee\/eco\/pood\/tasakaaluliikurid\/tasakaaluliikur-chic-d01-roosa\/#primaryimage","url":"https:\/\/projekt.vombat.ee\/eco\/wp-content\/uploads\/2023\/08\/30a22d5ee6f0f85e72695462338db0e1.png","contentUrl":"https:\/\/projekt.vombat.ee\/eco\/wp-content\/uploads\/2023\/08\/30a22d5ee6f0f85e72695462338db0e1.png","width":665,"height":615},{"@type":"BreadcrumbList","@id":"https:\/\/projekt.vombat.ee\/eco\/pood\/tasakaaluliikurid\/tasakaaluliikur-chic-d01-roosa\/#breadcrumb","itemListElement":[{"@type":"ListItem","position":1,"name":"Home","item":"https:\/\/projekt.vombat.ee\/eco\/"},{"@type":"ListItem","position":2,"name":"Pood","item":"https:\/\/projekt.vombat.ee\/eco\/pood\/"},{"@type":"ListItem","position":3,"name":"Tasakaaluliikur CHIC D01 Roosa"}]},{"@type":"WebSite","@id":"https:\/\/projekt.vombat.ee\/eco\/#website","url":"https:\/\/projekt.vombat.ee\/eco\/","name":"Ecocruiser","description":"","publisher":{"@id":"https:\/\/projekt.vombat.ee\/eco\/#organization"},"potentialAction":[{"@type":"SearchAction","target":{"@type":"EntryPoint","urlTemplate":"https:\/\/projekt.vombat.ee\/eco\/?s={search_term_string}"},"query-input":{"@type":"PropertyValueSpecification","valueRequired":true,"valueName":"search_term_string"}}],"inLanguage":"en-GB"},{"@type":"Organization","@id":"https:\/\/projekt.vombat.ee\/eco\/#organization","name":"Ecocruiser","url":"https:\/\/projekt.vombat.ee\/eco\/","logo":{"@type":"ImageObject","inLanguage":"en-GB","@id":"https:\/\/projekt.vombat.ee\/eco\/#\/schema\/logo\/image\/","url":"https:\/\/projekt.vombat.ee\/eco\/wp-content\/uploads\/2023\/03\/ECOCRUISER_5.png","contentUrl":"https:\/\/projekt.vombat.ee\/eco\/wp-content\/uploads\/2023\/03\/ECOCRUISER_5.png","width":234,"height":91,"caption":"Ecocruiser"},"image":{"@id":"https:\/\/projekt.vombat.ee\/eco\/#\/schema\/logo\/image\/"}}]}},"lang":"et","translations":{"et":12069},"pll_sync_post":[],"_links":{"self":[{"href":"https:\/\/projekt.vombat.ee\/eco\/wp-json\/wp\/v2\/product\/12069"}],"collection":[{"href":"https:\/\/projekt.vombat.ee\/eco\/wp-json\/wp\/v2\/product"}],"about":[{"href":"https:\/\/projekt.vombat.ee\/eco\/wp-json\/wp\/v2\/types\/product"}],"version-history":[{"count":1,"href":"https:\/\/projekt.vombat.ee\/eco\/wp-json\/wp\/v2\/product\/12069\/revisions"}],"predecessor-version":[{"id":12074,"href":"https:\/\/projekt.vombat.ee\/eco\/wp-json\/wp\/v2\/product\/12069\/revisions\/12074"}],"wp:featuredmedia":[{"embeddable":true,"href":"https:\/\/projekt.vombat.ee\/eco\/wp-json\/wp\/v2\/media\/12070"}],"wp:attachment":[{"href":"https:\/\/projekt.vombat.ee\/eco\/wp-json\/wp\/v2\/media?parent=12069"}],"wp:term":[{"taxonomy":"product_cat","embeddable":true,"href":"https:\/\/projekt.vombat.ee\/eco\/wp-json\/wp\/v2\/product_cat?post=12069"},{"taxonomy":"product_tag","embeddable":true,"href":"https:\/\/projekt.vombat.ee\/eco\/wp-json\/wp\/v2\/product_tag?post=12069"}],"curies":[{"name":"wp","href":"https:\/\/api.w.org\/{rel}","templated":true}]}}