{"id":12038,"date":"2023-08-21T10:10:07","date_gmt":"2023-08-21T10:10:07","guid":{"rendered":"https:\/\/projekt.vombat.ee\/eco\/?post_type=product&#038;p=12038"},"modified":"2023-08-21T10:32:28","modified_gmt":"2023-08-21T10:32:28","slug":"aitour-family-c-elektriline-kastiratas-70-km","status":"publish","type":"product","link":"https:\/\/projekt.vombat.ee\/eco\/pood\/kastirattad\/aitour-family-c-elektriline-kastiratas-70-km\/","title":{"rendered":"Aitour Family C elektriline kastiratas &#8211; 70 km"},"content":{"rendered":"<p><img fetchpriority=\"high\" decoding=\"async\" class=\"\" src=\"https:\/\/www.aitourebikes.com\/cdn\/shop\/files\/Aitour_Cargo_Bike_Family_C.jpg?v=1680251872&amp;width=3200\" width=\"1223\" height=\"612\" \/><\/p>\n<h3>Mis on s\u00f5iduulatus?<\/h3>\n<p>70 km \u00fche laadimisega<\/p>\n<h3>Kui palju on kasti kandev\u00f5ime?<\/h3>\n<p>135 kg<\/p>\n<h3>Kui v\u00f5imas mootor on?<\/h3>\n<p>250W<\/p>\n<h3>S\u00f5itke turvaliselt k\u00f5ikjale<\/h3>\n<p>Aitour Family C on \u201cBengali\u201d h\u00fcdraulilised ketaspidurid koos turvaparkimisfunktsiooniga, mis v\u00f5imaldab teil oma kastiratta kiiresti, ja ohutult peatada, vajutades \u00f5rnalt pidurihooba.<\/p>\n<div class=\"multi-column__item justify-start snap-start\">\n<div class=\"multi-column__item justify-start snap-start\"><img decoding=\"async\" class=\"rounded\" src=\"https:\/\/www.aitourebikes.com\/cdn\/shop\/files\/Aitour_Cargo_Bike_Family_C_-_Hub_Gears.jpg?v=1680486879&amp;width=1400\" sizes=\"(max-width: 699px) calc(73vw - 40px), (max-width: 999px) calc(38vw - 64px), calc(min(1600px, 100vw) \/ 2)\" srcset=\"\/\/www.aitourebikes.com\/cdn\/shop\/files\/Aitour_Cargo_Bike_Family_C_-_Hub_Gears.jpg?v=1680486879&amp;width=300 300w, \/\/www.aitourebikes.com\/cdn\/shop\/files\/Aitour_Cargo_Bike_Family_C_-_Hub_Gears.jpg?v=1680486879&amp;width=400 400w, \/\/www.aitourebikes.com\/cdn\/shop\/files\/Aitour_Cargo_Bike_Family_C_-_Hub_Gears.jpg?v=1680486879&amp;width=500 500w, \/\/www.aitourebikes.com\/cdn\/shop\/files\/Aitour_Cargo_Bike_Family_C_-_Hub_Gears.jpg?v=1680486879&amp;width=600 600w, \/\/www.aitourebikes.com\/cdn\/shop\/files\/Aitour_Cargo_Bike_Family_C_-_Hub_Gears.jpg?v=1680486879&amp;width=800 800w, \/\/www.aitourebikes.com\/cdn\/shop\/files\/Aitour_Cargo_Bike_Family_C_-_Hub_Gears.jpg?v=1680486879&amp;width=1000 1000w, \/\/www.aitourebikes.com\/cdn\/shop\/files\/Aitour_Cargo_Bike_Family_C_-_Hub_Gears.jpg?v=1680486879&amp;width=1200 1200w, \/\/www.aitourebikes.com\/cdn\/shop\/files\/Aitour_Cargo_Bike_Family_C_-_Hub_Gears.jpg?v=1680486879&amp;width=1400 1400w\" alt=\"\" width=\"821\" height=\"821\" \/><\/div>\n<div class=\"multi-column__item justify-start snap-start\"><img decoding=\"async\" class=\"rounded\" src=\"https:\/\/www.aitourebikes.com\/cdn\/shop\/files\/Aitour_Cargo_Bike_Family_C_-_Gears_0a59f6bd-255c-4378-96e0-4faea7c549dd.jpg?v=1685418123&amp;width=1400\" sizes=\"(max-width: 699px) calc(73vw - 40px), (max-width: 999px) calc(38vw - 64px), calc(min(1600px, 100vw) \/ 2)\" srcset=\"\/\/www.aitourebikes.com\/cdn\/shop\/files\/Aitour_Cargo_Bike_Family_C_-_Gears_0a59f6bd-255c-4378-96e0-4faea7c549dd.jpg?v=1685418123&amp;width=300 300w, \/\/www.aitourebikes.com\/cdn\/shop\/files\/Aitour_Cargo_Bike_Family_C_-_Gears_0a59f6bd-255c-4378-96e0-4faea7c549dd.jpg?v=1685418123&amp;width=400 400w, \/\/www.aitourebikes.com\/cdn\/shop\/files\/Aitour_Cargo_Bike_Family_C_-_Gears_0a59f6bd-255c-4378-96e0-4faea7c549dd.jpg?v=1685418123&amp;width=500 500w, \/\/www.aitourebikes.com\/cdn\/shop\/files\/Aitour_Cargo_Bike_Family_C_-_Gears_0a59f6bd-255c-4378-96e0-4faea7c549dd.jpg?v=1685418123&amp;width=600 600w, \/\/www.aitourebikes.com\/cdn\/shop\/files\/Aitour_Cargo_Bike_Family_C_-_Gears_0a59f6bd-255c-4378-96e0-4faea7c549dd.jpg?v=1685418123&amp;width=800 800w, \/\/www.aitourebikes.com\/cdn\/shop\/files\/Aitour_Cargo_Bike_Family_C_-_Gears_0a59f6bd-255c-4378-96e0-4faea7c549dd.jpg?v=1685418123&amp;width=1000 1000w, \/\/www.aitourebikes.com\/cdn\/shop\/files\/Aitour_Cargo_Bike_Family_C_-_Gears_0a59f6bd-255c-4378-96e0-4faea7c549dd.jpg?v=1685418123&amp;width=1200 1200w, \/\/www.aitourebikes.com\/cdn\/shop\/files\/Aitour_Cargo_Bike_Family_C_-_Gears_0a59f6bd-255c-4378-96e0-4faea7c549dd.jpg?v=1685418123&amp;width=1400 1400w\" alt=\"\" width=\"856\" height=\"856\" \/><\/div>\n<\/div>\n<div><\/div>\n<div>\n<h3>Harjadeta keskele paigaldatud mootor<\/h3>\n<p>Suure mahutavusega aku v\u00f5imaldab teil ja teie perel nautida iga laadimisega kuni 70 km s\u00f5itu.<\/p>\n<p>Tundke tuult oma n\u00e4ol ja nautige s\u00f5itu.<\/p>\n<div class=\"media-with-text__media \"><img loading=\"lazy\" decoding=\"async\" class=\"\" src=\"https:\/\/www.aitourebikes.com\/cdn\/shop\/files\/Aitour_Cargo_Bike_Family_C_-_mid-mounted_motor.jpg?v=1680487587&amp;width=1400\" sizes=\"(max-width: 999px) 100vw, min(800px, 50vw)\" srcset=\"\/\/www.aitourebikes.com\/cdn\/shop\/files\/Aitour_Cargo_Bike_Family_C_-_mid-mounted_motor.jpg?v=1680487587&amp;width=300 300w, \/\/www.aitourebikes.com\/cdn\/shop\/files\/Aitour_Cargo_Bike_Family_C_-_mid-mounted_motor.jpg?v=1680487587&amp;width=400 400w, \/\/www.aitourebikes.com\/cdn\/shop\/files\/Aitour_Cargo_Bike_Family_C_-_mid-mounted_motor.jpg?v=1680487587&amp;width=500 500w, \/\/www.aitourebikes.com\/cdn\/shop\/files\/Aitour_Cargo_Bike_Family_C_-_mid-mounted_motor.jpg?v=1680487587&amp;width=600 600w, \/\/www.aitourebikes.com\/cdn\/shop\/files\/Aitour_Cargo_Bike_Family_C_-_mid-mounted_motor.jpg?v=1680487587&amp;width=700 700w, \/\/www.aitourebikes.com\/cdn\/shop\/files\/Aitour_Cargo_Bike_Family_C_-_mid-mounted_motor.jpg?v=1680487587&amp;width=800 800w, \/\/www.aitourebikes.com\/cdn\/shop\/files\/Aitour_Cargo_Bike_Family_C_-_mid-mounted_motor.jpg?v=1680487587&amp;width=1000 1000w, \/\/www.aitourebikes.com\/cdn\/shop\/files\/Aitour_Cargo_Bike_Family_C_-_mid-mounted_motor.jpg?v=1680487587&amp;width=1200 1200w, \/\/www.aitourebikes.com\/cdn\/shop\/files\/Aitour_Cargo_Bike_Family_C_-_mid-mounted_motor.jpg?v=1680487587&amp;width=1400 1400w\" alt=\"\" width=\"700\" height=\"700\" \/><\/div>\n<div>\n<h3>Shimano Nexus 7-k\u00e4iguline<\/h3>\n<p>Shimano Nexuse 7-k\u00e4iguline k\u00e4iguvahetus v\u00f5imaldab s\u00f5idutempot vastavalt soovile reguleerida<\/p>\n<div class=\"media-with-text__media \"><img loading=\"lazy\" decoding=\"async\" class=\"\" src=\"https:\/\/www.aitourebikes.com\/cdn\/shop\/files\/Aitour_cargo_bike_family_C_-_LCD_screen.jpg?v=1680488082&amp;width=830\" width=\"761\" height=\"550\" \/><\/div>\n<div>\n<h3>Tugev raam ja pidurite konfiguratsioon<\/h3>\n<p>Saksa klambersiibrid ja Taiwani h\u00fcdrauliline ketaspidurid tagavad ohutu t\u00f6\u00f6 ja optimaalse pidurdusteekonna, pakkudes teile ja teie lastele ohutut ja sujuvat s\u00f5idukogemust.<\/p>\n<p><img loading=\"lazy\" decoding=\"async\" class=\"\" src=\"https:\/\/www.aitourebikes.com\/cdn\/shop\/files\/Aitour_Cargo_Bike_Family_C_-_frame.jpg?v=1685424045&amp;width=1500\" width=\"779\" height=\"779\" \/><\/p>\n<h3>Kahepoolsed k\u00f5rge intensiivsusega Starry Nebula LED-esituled<\/h3>\n<p>Need esituled on varustatud m\u00f5lemalt poolt ja neil on automaatne valgusandur, mis v\u00f5imaldab neil automaatselt sisse l\u00fclituda vastavalt \u00fcmbritsevale valgustusele.<\/p>\n<p><img loading=\"lazy\" decoding=\"async\" class=\"\" src=\"https:\/\/www.aitourebikes.com\/cdn\/shop\/files\/Aitour_Cargo_Bike_Family_C_-_lights.jpg?v=1685425398&amp;width=1500\" width=\"713\" height=\"713\" \/><\/p>\n<\/div>\n<div>\n<div class=\"media-with-text__media \">\n<h3>Curve kast<\/h3>\n<p>Kumer kaubakast on esteetiliselt meeldiv ja v\u00e4hendab vigastuste ohtu, v\u00f5imaldades teie lastel v\u00f5i lemmikloomadel lastikastis turvaliselt m\u00e4ngida.<\/p>\n<p>Keskkonnas\u00f5bralik ja vastupidav merevineer on loodud spetsiaalselt pikaajaliseks kokkupuuteks niiskete tingimustega. See on kokku pandud keskkonnastandarditele vastava veekindla liimiga, mis hoiab \u00e4ra delaminatsiooni. N\u00f5uetekohase hoolduse korral saate nautida aastaid v\u00e4listingimustes kasutamist.<\/p>\n<p>Aitour on v\u00f5rreldes eelmise p\u00f5lvkonnaga istmeid laiendanud, suurendades laiust 17,5%. Istmed on t\u00e4idetud standarditele vastava keskkonnas\u00f5braliku porolooniga, pakkudes lastele mugavamat s\u00f5itu.<\/p>\n<p>Puidust kasti kattel on UV-kaitsefunktsioon, mis v\u00e4hendab UV- astet ja v\u00f5imaldab puitkasti pikemat kasutamist.<\/p>\n<p><img loading=\"lazy\" decoding=\"async\" class=\"\" src=\"https:\/\/www.aitourebikes.com\/cdn\/shop\/files\/Aitour_cargo_bike_family_C_-_cargo_box.jpg?v=1680488155&amp;width=832\" width=\"789\" height=\"569\" \/><\/p>\n<\/div>\n<\/div>\n<\/div>\n<\/div>\n<div><\/div>\n<div>\n<h3>Suure kandev\u00f5imega<\/h3>\n<p>Puidust istme alla peidetud aku s\u00e4\u00e4stab ruumi. Suure mahutavusega k\u00e4ru kuni 4 lapsele v\u00f5i 2 t\u00e4iskasvanule.<\/p>\n<p>Lisaks on kasti maksimaalne kandev\u00f5ime kuni 136 kg.<\/p>\n<p><img loading=\"lazy\" decoding=\"async\" class=\"\" src=\"https:\/\/www.aitourebikes.com\/cdn\/shop\/files\/Aitour_Cargo_Bike_Family_C_-_trip.jpg?v=1680488385&amp;width=1500\" width=\"1022\" height=\"1022\" \/><\/p>\n<h3>Varustage oma kaubaratas vastavalt soovile<\/h3>\n<p>Aitour Family S on varustatud lapse turvav\u00f6\u00f6, pehme nahast padja, turvalise k\u00e4etoe ja libisemisvastase matiga. Samuti saate lisada vajalikke tarvikuid.<\/p>\n<p>\u00c4ra lase ilmal oma s\u00f5itu l\u00f5petada! Meil on ka eemaldatavad varikatused ja varikatused. T\u00e4ielikult suletud varikatus on &#8220;k\u00fclma- ja kuumatestitud&#8221;, et tagada teie pere kaitse kuuma p\u00e4ikese, jaheda \u00f5hu ja paduvihma eest.<\/p>\n<div class=\"multi-column__item justify-start snap-start\"><img decoding=\"async\" src=\"https:\/\/www.aitourebikes.com\/cdn\/shop\/files\/Aitour_cargo_bike_family_C_52667a47-d452-471f-8e69-0ca4430d6bee.jpg?v=1680489238&amp;width=1700\" \/><\/div>\n<div class=\"multi-column__item justify-start snap-start\"><\/div>\n<\/div>\n<div>\n<div>\n<div>\n<div class=\"media-with-text__content bg-custom text-custom\">\n<div class=\"prose break-all place-self-center-start text-start\"><\/div>\n<\/div>\n<\/div>\n<\/div>\n<div class=\"media-with-text__content bg-custom text-custom\">\n<div class=\"prose break-all place-self-center-start text-start\">\n<h3>Spetsifikatsioon<\/h3>\n<p>Mootor: &#8220;Ananda&#8221; 250W 48V, keskmine mootor (max 120Nm) p\u00f6\u00f6rdemomendianduriga<\/p>\n<p>S\u00f5iduulatus: 70 km<\/p>\n<p>Pidur: &#8220;Bengali&#8221; h\u00fcdraulilised ketaspidurid<\/p>\n<p>Hammasrattad: Shimano Nexuse 7-k\u00e4iguline rummu k\u00e4igud<\/p>\n<p>Rehv: &#8220;Innova&#8221; helkuriliini torkekindlad rehvid, 20\u201d ees ja 26\u201d taga<\/p>\n<p>Akud: 48V 13,4Ah elemendid<\/p>\n<p>Ergonoomiline disain: Kaldus istmetoru on s\u00f5itmiseks mugavam<\/p>\n<p>Ekraan: Ananda D10<\/p>\n<p><strong>M\u00f5\u00f5dud ja kaalud<\/strong><\/p>\n<p>Soovitatav s\u00f5itja pikkus: 165-195 cm<\/p>\n<p>Istme k\u00f5rgus: 94-114 cm<\/p>\n<p>Kogupikkus: 227 cm<\/p>\n<p>Laius k\u00f5ige laiemas kohas: 90 cm<\/p>\n<p>Juhtraua laius: 80cm<\/p>\n<p>Juhtraua k\u00f5rgus: 119cm<\/p>\n<p>Tagaraami kasutatav pikkus: 378 mm<\/p>\n<p>Tagumise riiuli kandev\u00f5ime: 25 kg<\/p>\n<p>Jalgratta kogukandev\u00f5ime: 300 kg<\/p>\n<p>Lastiruumi maksimaalne kandev\u00f5ime: 120-150 kg<\/p>\n<p>Jalgratta kaal: 76,4 kg<\/p>\n<p>Satmeposti l\u00e4bim\u00f5\u00f5t: 31.6<\/p>\n<p>Kaubakasti siselaius: 580mm<\/p>\n<p>Puidu paksus: 1,2 cm<\/p>\n<p>Kaubakasti pikkus: 105,6 cm<\/p>\n<p>Kaubakasti k\u00f5rgus: F: 458mm\/18&#8243; R: 580mm<\/p>\n<p>Pinkide k\u00f5rgus p\u00f5randast: 21,3 cm<\/p>\n<p>Kasti k\u00f5rgus maast p\u00f5randani: 30 mm<\/p>\n<p>Laste arv: 4 last v\u00f5i 2 t\u00e4iskasvanut<\/p>\n<p>Veekindel: Jah<\/p>\n<p>&nbsp;<\/p>\n<\/div>\n<\/div>\n<\/div>\n","protected":false},"excerpt":{"rendered":"<p><strong>Aitour Family C <\/strong>elektriline kastiratas<\/p>\n<p>Avastage uus p\u00f5nev viis perega linna avastamiseks.<\/p>\n<p>T\u00e4iustatud mootori- ja piduris\u00fcsteemi ning nelja lapse jaoks m\u00f5eldud ruumiga on teil suurep\u00e4rane kastiratas oma seiklusteks.<\/p>\n<ul>\n<li>Mootor: &#8220;Ananda&#8221; 250W 48V, keskmine mootor<\/li>\n<li>Aku: 48V 13,4Ah<\/li>\n<li>Jalgratta kogu kandmisv\u00f5ime: 300 kg<\/li>\n<li>S\u00f5iduulatus: 70 km<\/li>\n<\/ul>\n<p>\u2666\u00a0<strong>Tarnitakse 15 t\u00f6\u00f6p\u00e4eva jooksul.<\/strong><br \/>\n\u2666\u00a0<strong>Laos<\/strong><\/p>\n","protected":false},"featured_media":12040,"template":"","meta":[],"product_cat":[1503],"product_tag":[],"class_list":{"0":"post-12038","1":"product","2":"type-product","3":"status-publish","4":"has-post-thumbnail","6":"product_cat-kastirattad","7":"product_shipping_class-suured-pakid","9":"first","10":"instock","11":"sale","12":"taxable","13":"shipping-taxable","14":"purchasable","15":"product-type-simple"},"yoast_head":"<!-- This site is optimized with the Yoast SEO plugin v23.8 - https:\/\/yoast.com\/wordpress\/plugins\/seo\/ -->\n<title>Aitour Family C elektriline kastiratas - 70 km - Ecocruiser<\/title>\n<meta name=\"robots\" content=\"noindex, follow, max-snippet:-1, max-image-preview:large, max-video-preview:-1\" \/>\n<meta property=\"og:locale\" content=\"en_GB\" \/>\n<meta property=\"og:type\" content=\"article\" \/>\n<meta property=\"og:title\" content=\"Aitour Family C elektriline kastiratas - 70 km - Ecocruiser\" \/>\n<meta property=\"og:description\" content=\"Aitour Family C elektriline kastiratas  Avastage uus p\u00f5nev viis perega linna avastamiseks.  T\u00e4iustatud mootori- ja piduris\u00fcsteemi ning nelja lapse jaoks m\u00f5eldud ruumiga on teil suurep\u00e4rane kastiratas oma seiklusteks.   Mootor: &quot;Ananda&quot; 250W 48V, keskmine mootor  Aku: 48V 13,4Ah  Jalgratta kogu kandmisv\u00f5ime: 300 kg  S\u00f5iduulatus: 70 km  \u2666\u00a0Tarnitakse 15 t\u00f6\u00f6p\u00e4eva jooksul. \u2666\u00a0Laos\" \/>\n<meta property=\"og:url\" content=\"https:\/\/projekt.vombat.ee\/eco\/pood\/kastirattad\/aitour-family-c-elektriline-kastiratas-70-km\/\" \/>\n<meta property=\"og:site_name\" content=\"Ecocruiser\" \/>\n<meta property=\"article:modified_time\" content=\"2023-08-21T10:32:28+00:00\" \/>\n<meta property=\"og:image\" content=\"https:\/\/projekt.vombat.ee\/eco\/wp-content\/uploads\/2023\/08\/1-4.png\" \/>\n\t<meta property=\"og:image:width\" content=\"793\" \/>\n\t<meta property=\"og:image:height\" content=\"797\" \/>\n\t<meta property=\"og:image:type\" content=\"image\/png\" \/>\n<meta name=\"twitter:card\" content=\"summary_large_image\" \/>\n<meta name=\"twitter:label1\" content=\"Estimated reading time\" \/>\n\t<meta name=\"twitter:data1\" content=\"5 minutes\" \/>\n<script type=\"application\/ld+json\" class=\"yoast-schema-graph\">{\"@context\":\"https:\/\/schema.org\",\"@graph\":[{\"@type\":\"WebPage\",\"@id\":\"https:\/\/projekt.vombat.ee\/eco\/pood\/kastirattad\/aitour-family-c-elektriline-kastiratas-70-km\/\",\"url\":\"https:\/\/projekt.vombat.ee\/eco\/pood\/kastirattad\/aitour-family-c-elektriline-kastiratas-70-km\/\",\"name\":\"Aitour Family C elektriline kastiratas - 70 km - Ecocruiser\",\"isPartOf\":{\"@id\":\"https:\/\/projekt.vombat.ee\/eco\/#website\"},\"primaryImageOfPage\":{\"@id\":\"https:\/\/projekt.vombat.ee\/eco\/pood\/kastirattad\/aitour-family-c-elektriline-kastiratas-70-km\/#primaryimage\"},\"image\":{\"@id\":\"https:\/\/projekt.vombat.ee\/eco\/pood\/kastirattad\/aitour-family-c-elektriline-kastiratas-70-km\/#primaryimage\"},\"thumbnailUrl\":\"https:\/\/projekt.vombat.ee\/eco\/wp-content\/uploads\/2023\/08\/1-4.png\",\"datePublished\":\"2023-08-21T10:10:07+00:00\",\"dateModified\":\"2023-08-21T10:32:28+00:00\",\"breadcrumb\":{\"@id\":\"https:\/\/projekt.vombat.ee\/eco\/pood\/kastirattad\/aitour-family-c-elektriline-kastiratas-70-km\/#breadcrumb\"},\"inLanguage\":\"en-GB\",\"potentialAction\":[{\"@type\":\"ReadAction\",\"target\":[\"https:\/\/projekt.vombat.ee\/eco\/pood\/kastirattad\/aitour-family-c-elektriline-kastiratas-70-km\/\"]}]},{\"@type\":\"ImageObject\",\"inLanguage\":\"en-GB\",\"@id\":\"https:\/\/projekt.vombat.ee\/eco\/pood\/kastirattad\/aitour-family-c-elektriline-kastiratas-70-km\/#primaryimage\",\"url\":\"https:\/\/projekt.vombat.ee\/eco\/wp-content\/uploads\/2023\/08\/1-4.png\",\"contentUrl\":\"https:\/\/projekt.vombat.ee\/eco\/wp-content\/uploads\/2023\/08\/1-4.png\",\"width\":793,\"height\":797},{\"@type\":\"BreadcrumbList\",\"@id\":\"https:\/\/projekt.vombat.ee\/eco\/pood\/kastirattad\/aitour-family-c-elektriline-kastiratas-70-km\/#breadcrumb\",\"itemListElement\":[{\"@type\":\"ListItem\",\"position\":1,\"name\":\"Home\",\"item\":\"https:\/\/projekt.vombat.ee\/eco\/\"},{\"@type\":\"ListItem\",\"position\":2,\"name\":\"Pood\",\"item\":\"https:\/\/projekt.vombat.ee\/eco\/pood\/\"},{\"@type\":\"ListItem\",\"position\":3,\"name\":\"Aitour Family C elektriline kastiratas &#8211; 70 km\"}]},{\"@type\":\"WebSite\",\"@id\":\"https:\/\/projekt.vombat.ee\/eco\/#website\",\"url\":\"https:\/\/projekt.vombat.ee\/eco\/\",\"name\":\"Ecocruiser\",\"description\":\"\",\"publisher\":{\"@id\":\"https:\/\/projekt.vombat.ee\/eco\/#organization\"},\"potentialAction\":[{\"@type\":\"SearchAction\",\"target\":{\"@type\":\"EntryPoint\",\"urlTemplate\":\"https:\/\/projekt.vombat.ee\/eco\/?s={search_term_string}\"},\"query-input\":{\"@type\":\"PropertyValueSpecification\",\"valueRequired\":true,\"valueName\":\"search_term_string\"}}],\"inLanguage\":\"en-GB\"},{\"@type\":\"Organization\",\"@id\":\"https:\/\/projekt.vombat.ee\/eco\/#organization\",\"name\":\"Ecocruiser\",\"url\":\"https:\/\/projekt.vombat.ee\/eco\/\",\"logo\":{\"@type\":\"ImageObject\",\"inLanguage\":\"en-GB\",\"@id\":\"https:\/\/projekt.vombat.ee\/eco\/#\/schema\/logo\/image\/\",\"url\":\"https:\/\/projekt.vombat.ee\/eco\/wp-content\/uploads\/2023\/03\/ECOCRUISER_5.png\",\"contentUrl\":\"https:\/\/projekt.vombat.ee\/eco\/wp-content\/uploads\/2023\/03\/ECOCRUISER_5.png\",\"width\":234,\"height\":91,\"caption\":\"Ecocruiser\"},\"image\":{\"@id\":\"https:\/\/projekt.vombat.ee\/eco\/#\/schema\/logo\/image\/\"}}]}<\/script>\n<!-- \/ Yoast SEO plugin. -->","yoast_head_json":{"title":"Aitour Family C elektriline kastiratas - 70 km - Ecocruiser","robots":{"index":"noindex","follow":"follow","max-snippet":"max-snippet:-1","max-image-preview":"max-image-preview:large","max-video-preview":"max-video-preview:-1"},"og_locale":"en_GB","og_type":"article","og_title":"Aitour Family C elektriline kastiratas - 70 km - Ecocruiser","og_description":"Aitour Family C elektriline kastiratas  Avastage uus p\u00f5nev viis perega linna avastamiseks.  T\u00e4iustatud mootori- ja piduris\u00fcsteemi ning nelja lapse jaoks m\u00f5eldud ruumiga on teil suurep\u00e4rane kastiratas oma seiklusteks.   Mootor: \"Ananda\" 250W 48V, keskmine mootor  Aku: 48V 13,4Ah  Jalgratta kogu kandmisv\u00f5ime: 300 kg  S\u00f5iduulatus: 70 km  \u2666\u00a0Tarnitakse 15 t\u00f6\u00f6p\u00e4eva jooksul. \u2666\u00a0Laos","og_url":"https:\/\/projekt.vombat.ee\/eco\/pood\/kastirattad\/aitour-family-c-elektriline-kastiratas-70-km\/","og_site_name":"Ecocruiser","article_modified_time":"2023-08-21T10:32:28+00:00","og_image":[{"width":793,"height":797,"url":"https:\/\/projekt.vombat.ee\/eco\/wp-content\/uploads\/2023\/08\/1-4.png","type":"image\/png"}],"twitter_card":"summary_large_image","twitter_misc":{"Estimated reading time":"5 minutes"},"schema":{"@context":"https:\/\/schema.org","@graph":[{"@type":"WebPage","@id":"https:\/\/projekt.vombat.ee\/eco\/pood\/kastirattad\/aitour-family-c-elektriline-kastiratas-70-km\/","url":"https:\/\/projekt.vombat.ee\/eco\/pood\/kastirattad\/aitour-family-c-elektriline-kastiratas-70-km\/","name":"Aitour Family C elektriline kastiratas - 70 km - Ecocruiser","isPartOf":{"@id":"https:\/\/projekt.vombat.ee\/eco\/#website"},"primaryImageOfPage":{"@id":"https:\/\/projekt.vombat.ee\/eco\/pood\/kastirattad\/aitour-family-c-elektriline-kastiratas-70-km\/#primaryimage"},"image":{"@id":"https:\/\/projekt.vombat.ee\/eco\/pood\/kastirattad\/aitour-family-c-elektriline-kastiratas-70-km\/#primaryimage"},"thumbnailUrl":"https:\/\/projekt.vombat.ee\/eco\/wp-content\/uploads\/2023\/08\/1-4.png","datePublished":"2023-08-21T10:10:07+00:00","dateModified":"2023-08-21T10:32:28+00:00","breadcrumb":{"@id":"https:\/\/projekt.vombat.ee\/eco\/pood\/kastirattad\/aitour-family-c-elektriline-kastiratas-70-km\/#breadcrumb"},"inLanguage":"en-GB","potentialAction":[{"@type":"ReadAction","target":["https:\/\/projekt.vombat.ee\/eco\/pood\/kastirattad\/aitour-family-c-elektriline-kastiratas-70-km\/"]}]},{"@type":"ImageObject","inLanguage":"en-GB","@id":"https:\/\/projekt.vombat.ee\/eco\/pood\/kastirattad\/aitour-family-c-elektriline-kastiratas-70-km\/#primaryimage","url":"https:\/\/projekt.vombat.ee\/eco\/wp-content\/uploads\/2023\/08\/1-4.png","contentUrl":"https:\/\/projekt.vombat.ee\/eco\/wp-content\/uploads\/2023\/08\/1-4.png","width":793,"height":797},{"@type":"BreadcrumbList","@id":"https:\/\/projekt.vombat.ee\/eco\/pood\/kastirattad\/aitour-family-c-elektriline-kastiratas-70-km\/#breadcrumb","itemListElement":[{"@type":"ListItem","position":1,"name":"Home","item":"https:\/\/projekt.vombat.ee\/eco\/"},{"@type":"ListItem","position":2,"name":"Pood","item":"https:\/\/projekt.vombat.ee\/eco\/pood\/"},{"@type":"ListItem","position":3,"name":"Aitour Family C elektriline kastiratas &#8211; 70 km"}]},{"@type":"WebSite","@id":"https:\/\/projekt.vombat.ee\/eco\/#website","url":"https:\/\/projekt.vombat.ee\/eco\/","name":"Ecocruiser","description":"","publisher":{"@id":"https:\/\/projekt.vombat.ee\/eco\/#organization"},"potentialAction":[{"@type":"SearchAction","target":{"@type":"EntryPoint","urlTemplate":"https:\/\/projekt.vombat.ee\/eco\/?s={search_term_string}"},"query-input":{"@type":"PropertyValueSpecification","valueRequired":true,"valueName":"search_term_string"}}],"inLanguage":"en-GB"},{"@type":"Organization","@id":"https:\/\/projekt.vombat.ee\/eco\/#organization","name":"Ecocruiser","url":"https:\/\/projekt.vombat.ee\/eco\/","logo":{"@type":"ImageObject","inLanguage":"en-GB","@id":"https:\/\/projekt.vombat.ee\/eco\/#\/schema\/logo\/image\/","url":"https:\/\/projekt.vombat.ee\/eco\/wp-content\/uploads\/2023\/03\/ECOCRUISER_5.png","contentUrl":"https:\/\/projekt.vombat.ee\/eco\/wp-content\/uploads\/2023\/03\/ECOCRUISER_5.png","width":234,"height":91,"caption":"Ecocruiser"},"image":{"@id":"https:\/\/projekt.vombat.ee\/eco\/#\/schema\/logo\/image\/"}}]}},"lang":"et","translations":{"et":12038},"pll_sync_post":[],"_links":{"self":[{"href":"https:\/\/projekt.vombat.ee\/eco\/wp-json\/wp\/v2\/product\/12038"}],"collection":[{"href":"https:\/\/projekt.vombat.ee\/eco\/wp-json\/wp\/v2\/product"}],"about":[{"href":"https:\/\/projekt.vombat.ee\/eco\/wp-json\/wp\/v2\/types\/product"}],"version-history":[{"count":1,"href":"https:\/\/projekt.vombat.ee\/eco\/wp-json\/wp\/v2\/product\/12038\/revisions"}],"predecessor-version":[{"id":12039,"href":"https:\/\/projekt.vombat.ee\/eco\/wp-json\/wp\/v2\/product\/12038\/revisions\/12039"}],"wp:featuredmedia":[{"embeddable":true,"href":"https:\/\/projekt.vombat.ee\/eco\/wp-json\/wp\/v2\/media\/12040"}],"wp:attachment":[{"href":"https:\/\/projekt.vombat.ee\/eco\/wp-json\/wp\/v2\/media?parent=12038"}],"wp:term":[{"taxonomy":"product_cat","embeddable":true,"href":"https:\/\/projekt.vombat.ee\/eco\/wp-json\/wp\/v2\/product_cat?post=12038"},{"taxonomy":"product_tag","embeddable":true,"href":"https:\/\/projekt.vombat.ee\/eco\/wp-json\/wp\/v2\/product_tag?post=12038"}],"curies":[{"name":"wp","href":"https:\/\/api.w.org\/{rel}","templated":true}]}}