{"id":12022,"date":"2023-08-21T09:30:13","date_gmt":"2023-08-21T09:30:13","guid":{"rendered":"https:\/\/projekt.vombat.ee\/eco\/?post_type=product&#038;p=12022"},"modified":"2023-08-21T09:32:13","modified_gmt":"2023-08-21T09:32:13","slug":"aitour-basalt-elektriline-kastiratas-70-km","status":"publish","type":"product","link":"https:\/\/projekt.vombat.ee\/eco\/pood\/kastirattad\/aitour-basalt-elektriline-kastiratas-70-km\/","title":{"rendered":"Aitour Basalt elektriline kastiratas &#8211; 70 km"},"content":{"rendered":"<h1>Aitour Basalt elektriline kastiratas<\/h1>\n<p><img fetchpriority=\"high\" decoding=\"async\" class=\"\" src=\"https:\/\/i.gyazo.com\/18812c2dac830948a47e50706d9045e9.png\" width=\"596\" height=\"597\" \/><\/p>\n<h3>LIIKUMINE LINNAS KIIRESTI JA VABALT<\/h3>\n<p>Selle v\u00f5imas elektrimootor, avar pakiruum ja man\u00f6\u00f6verdatav disain muudavad selle ideaalseks valikuks linnas\u00f5itjatele, kulleritele ja k\u00f5igile, kes peavad linnas ringi liikuma.<\/p>\n<p><img decoding=\"async\" class=\"\" src=\"https:\/\/www.aitourebikes.com\/cdn\/shop\/files\/Aitour_Cargo_Bike_-_Basalt_Banner_-_PC.jpg?v=1680056234&amp;width=3200\" width=\"789\" height=\"395\" \/><\/p>\n<h3>Mis on s\u00f5iduulatus?<\/h3>\n<p>70 km \u00fche laadimisega<\/p>\n<h3>Kui palju on kasti kandev\u00f5ime?<\/h3>\n<p>72 kg<\/p>\n<h3>Kui v\u00f5imas mootor on?<\/h3>\n<p>250W<\/p>\n<h3>\u00d5hukene raam disain<\/h3>\n<p>Aitour Cargo Bike &#8211; Basalt on varustatud roolimisfunktsioonidega koos aktiivse raami disainiga, mis v\u00f5imaldab kalduda p\u00f6\u00f6rdeid, lastes lastel ja t\u00e4iskasvanutel end turvaliselt ja nauditavalt tunda. Kahe ratta \u00f5huke disain s\u00e4\u00e4stab palju ruumi, nii et saate vaevata linnas ringi reisida.<\/p>\n<div class=\"media-with-text__media \"><img decoding=\"async\" class=\"\" src=\"https:\/\/www.aitourebikes.com\/cdn\/shop\/files\/Aitour_Cargo_Bike_-_Basalt-image_400bb9b3-ea38-40e2-ad52-bc424e3e555c.jpg?v=1680060200&amp;width=1500\" sizes=\"(max-width: 999px) 100vw, min(800px, 50vw)\" srcset=\"\/\/www.aitourebikes.com\/cdn\/shop\/files\/Aitour_Cargo_Bike_-_Basalt-image_400bb9b3-ea38-40e2-ad52-bc424e3e555c.jpg?v=1680060200&amp;width=300 300w, \/\/www.aitourebikes.com\/cdn\/shop\/files\/Aitour_Cargo_Bike_-_Basalt-image_400bb9b3-ea38-40e2-ad52-bc424e3e555c.jpg?v=1680060200&amp;width=400 400w, \/\/www.aitourebikes.com\/cdn\/shop\/files\/Aitour_Cargo_Bike_-_Basalt-image_400bb9b3-ea38-40e2-ad52-bc424e3e555c.jpg?v=1680060200&amp;width=500 500w, \/\/www.aitourebikes.com\/cdn\/shop\/files\/Aitour_Cargo_Bike_-_Basalt-image_400bb9b3-ea38-40e2-ad52-bc424e3e555c.jpg?v=1680060200&amp;width=600 600w, \/\/www.aitourebikes.com\/cdn\/shop\/files\/Aitour_Cargo_Bike_-_Basalt-image_400bb9b3-ea38-40e2-ad52-bc424e3e555c.jpg?v=1680060200&amp;width=700 700w, \/\/www.aitourebikes.com\/cdn\/shop\/files\/Aitour_Cargo_Bike_-_Basalt-image_400bb9b3-ea38-40e2-ad52-bc424e3e555c.jpg?v=1680060200&amp;width=800 800w, \/\/www.aitourebikes.com\/cdn\/shop\/files\/Aitour_Cargo_Bike_-_Basalt-image_400bb9b3-ea38-40e2-ad52-bc424e3e555c.jpg?v=1680060200&amp;width=1000 1000w, \/\/www.aitourebikes.com\/cdn\/shop\/files\/Aitour_Cargo_Bike_-_Basalt-image_400bb9b3-ea38-40e2-ad52-bc424e3e555c.jpg?v=1680060200&amp;width=1200 1200w, \/\/www.aitourebikes.com\/cdn\/shop\/files\/Aitour_Cargo_Bike_-_Basalt-image_400bb9b3-ea38-40e2-ad52-bc424e3e555c.jpg?v=1680060200&amp;width=1400 1400w\" alt=\"\" width=\"630\" height=\"630\" \/><\/div>\n<div>\n<h3>S\u00f5itke turvaliselt k\u00f5ikjale<\/h3>\n<p>Aitour Cargo Bike &#8211; Basaltil on &#8220;Bengali&#8221; h\u00fcdraulilised ketaspidurid koos turvaparkimisfunktsiooniga, mis v\u00f5imaldab teil oma kaubaratta kiiresti, ja ohutult peatada, vajutades \u00f5rnalt pidurihooba.<\/p>\n<p><img loading=\"lazy\" decoding=\"async\" class=\"\" src=\"https:\/\/www.aitourebikes.com\/cdn\/shop\/files\/Aitour_Cargo_Bike_-_Basalt_Brakes.jpg?v=1680250048&amp;width=1500\" width=\"810\" height=\"810\" \/><\/p>\n<h3>Shimano Nexus 7-k\u00e4iguline<\/h3>\n<p>Shimano Nexuse 7-k\u00e4iguline k\u00e4iguvahetus v\u00f5imaldab s\u00f5idutempot vastavalt soovile reguleerida<\/p>\n<div class=\"media-with-text__media \"><img loading=\"lazy\" decoding=\"async\" class=\"\" src=\"https:\/\/www.aitourebikes.com\/cdn\/shop\/files\/Aitour_Cargo_Bike_-_Basalt_LCD_screen.jpg?v=1680056078&amp;width=1500\" sizes=\"(max-width: 999px) 100vw, min(800px, 50vw)\" srcset=\"\/\/www.aitourebikes.com\/cdn\/shop\/files\/Aitour_Cargo_Bike_-_Basalt_LCD_screen.jpg?v=1680056078&amp;width=300 300w, \/\/www.aitourebikes.com\/cdn\/shop\/files\/Aitour_Cargo_Bike_-_Basalt_LCD_screen.jpg?v=1680056078&amp;width=400 400w, \/\/www.aitourebikes.com\/cdn\/shop\/files\/Aitour_Cargo_Bike_-_Basalt_LCD_screen.jpg?v=1680056078&amp;width=500 500w, \/\/www.aitourebikes.com\/cdn\/shop\/files\/Aitour_Cargo_Bike_-_Basalt_LCD_screen.jpg?v=1680056078&amp;width=600 600w, \/\/www.aitourebikes.com\/cdn\/shop\/files\/Aitour_Cargo_Bike_-_Basalt_LCD_screen.jpg?v=1680056078&amp;width=700 700w, \/\/www.aitourebikes.com\/cdn\/shop\/files\/Aitour_Cargo_Bike_-_Basalt_LCD_screen.jpg?v=1680056078&amp;width=800 800w, \/\/www.aitourebikes.com\/cdn\/shop\/files\/Aitour_Cargo_Bike_-_Basalt_LCD_screen.jpg?v=1680056078&amp;width=1000 1000w, \/\/www.aitourebikes.com\/cdn\/shop\/files\/Aitour_Cargo_Bike_-_Basalt_LCD_screen.jpg?v=1680056078&amp;width=1200 1200w, \/\/www.aitourebikes.com\/cdn\/shop\/files\/Aitour_Cargo_Bike_-_Basalt_LCD_screen.jpg?v=1680056078&amp;width=1400 1400w\" alt=\"\" width=\"846\" height=\"846\" \/><\/div>\n<\/div>\n<div><\/div>\n<div>\n<h3>S\u00f5itmine on lihtne<\/h3>\n<p>M\u00f5istliku sadulatoru disainiga on teie s\u00f5it mugavam. V\u00f5imas k\u00e4iguvahetuss\u00fcsteem ja keskveo mootor v\u00f5imaldavad sul reguleerida abi v\u00f5imsust vastavalt sinu vajadusele. T\u00e4nu v\u00f5imalusele s\u00f5ita \u00fche laadimisega 70 km, ei ole kaugemad kohad, kuhu soovite minna, enam koormaks.<\/p>\n<p><img loading=\"lazy\" decoding=\"async\" class=\"\" src=\"https:\/\/www.aitourebikes.com\/cdn\/shop\/files\/Aitour_Cargo_Bike_-_Basalt_family.jpg?v=1680250431&amp;width=1500\" width=\"856\" height=\"856\" \/><\/p>\n<h3>Laske oma lastel end mugavalt tunda<\/h3>\n<p>M\u00fcravaba mootor, mugav kast ja turvaline piduris\u00fcsteem v\u00f5imaldavad sinu lapsel nautida vaikset ja sujuvat s\u00f5itu. Naudi s\u00f5itu ja alustage n\u00fc\u00fcd t\u00e4iesti erinevat pereseiklust!<\/p>\n<p><img loading=\"lazy\" decoding=\"async\" class=\"\" src=\"https:\/\/www.aitourebikes.com\/cdn\/shop\/files\/Aitour_Cargo_Bike_-_Basalt_trip.jpg?v=1680253428&amp;width=2800\" width=\"887\" height=\"317\" \/><\/p>\n<h3>Varustage oma kastiratas vastavalt soovile<\/h3>\n<p>\u00c4ra lase ilmal oma s\u00f5itu l\u00f5petada! Meil on ka eemaldatavad varikatused. T\u00e4ielikult suletud varikatus on &#8220;k\u00fclma- ja kuumatestitud&#8221;, et tagada teie pere kaitse kuuma p\u00e4ikese, jaheda \u00f5hu ja paduvihma eest. Saate turvaliselt kohale toimetada mis tahes saadetise ka vihmaga.<\/p>\n<p><img loading=\"lazy\" decoding=\"async\" class=\"\" src=\"https:\/\/www.aitourebikes.com\/cdn\/shop\/files\/Aitour_Cargo_Bike_-_Basalt_with_cover_d774ee16-3560-4931-a801-53986d723794.jpg?v=1680252720&amp;width=2800\" width=\"1025\" height=\"366\" \/><\/p>\n<h3>Spetsifikatsioon<\/h3>\n<p>Mootor: Ananda M100 keskmootor, 250 W, 110 Nm<\/p>\n<p>S\u00f5iduulatus: 70 km \u00fche laadimisega<\/p>\n<p>Pidur: &#8220;Bengali&#8221; h\u00fcdraulilised ketaspidurid<\/p>\n<p>Hammasrattad: Shimano Nexuse 7-k\u00e4iguline rummu k\u00e4igud<\/p>\n<p>Rehv: &#8220;Innova&#8221; helkuriliini torkekindlad rehvid, 20\u201d ees ja 26\u201d taga<\/p>\n<p>Aku: 48V 13,4Ah elemendid<\/p>\n<p>Ergonoomiline disain: Kaldus istmetoru on s\u00f5itmiseks mugavam<\/p>\n<p>Ekraan: Ananda D10<\/p>\n<p>Soovitatavad s\u00f5itja k\u00f5rgused: 165-195 cm<\/p>\n<p>Istme k\u00f5rgus: 94-114cm<\/p>\n<p>Kogupikkus: 266,7 cm<\/p>\n<p>Laius k\u00f5ige laiemas kohas: 56 cm<\/p>\n<p>Juhtraua laius: 65 cm<\/p>\n<p>Juhtraua k\u00f5rgus: 119 cm<\/p>\n<p>Tagaraami kasutatav pikkus: Mitte \u00fchtegi<\/p>\n<p>Tagumise riiuli mahutavus: 25 kg<\/p>\n<p>Jalgratta kogu kandev\u00f5ime: 150 kg<\/p>\n<p>Lastiruumi maksimaalne laadimisv\u00f5ime: 72,5 kg<\/p>\n<p>Jalgratta kaal: 65,3 kg \/ 144 naela<\/p>\n<p>Istmeposti l\u00e4bim\u00f5\u00f5t: 31.6<\/p>\n<p>Kaubakasti siselaius: 70 cm<\/p>\n<p>Puidu paksus 1,2 cm<\/p>\n<p>Kaubakasti pikkus 70 cm<\/p>\n<p>Kaubakasti k\u00f5rgus: F: 400mm R:535mm<\/p>\n<p>Pinkide k\u00f5rgus p\u00f5randast: 21,3 cm<\/p>\n<p>K\u00f5rgus maapinnast kasti korruseni: 30mm<\/p>\n<p>Veekindel: Jah<\/p>\n<\/div>\n<div>\n<div class=\"media-with-text__content bg-custom text-custom\">\n<div class=\"prose break-all place-self-center-start text-start\"><\/div>\n<\/div>\n<\/div>\n<div class=\"media-with-text__content bg-custom text-custom\">\n<div class=\"prose break-all place-self-center text-center\"><\/div>\n<\/div>\n<p>&nbsp;<\/p>\n","protected":false},"excerpt":{"rendered":"<p><strong>Aitour Basalt<\/strong> elektriline kastiratas<\/p>\n<p>Avastage uus p\u00f5nev viis perega linna avastamiseks.<\/p>\n<p>T\u00e4nu selle lihtsale kasutamisele, h\u00f5lpsale juhitavusele ja suurep\u00e4rasele pidurdusj\u00f5ule saate julgelt nautida oma s\u00f5itu.<\/p>\n<ul>\n<li>Mootor: Ananda M100 keskmootor, 250 W<\/li>\n<li>Aku: 48V 13,4Ah<\/li>\n<li>Jalgratta kogu kandev\u00f5ime: 150 kg<\/li>\n<li>Lastiruumi maksimaalne laadimisv\u00f5ime: 72,5 kg<\/li>\n<li>S\u00f5iduulatus: 70 km \u00fche laadimisega<\/li>\n<\/ul>\n<p>&nbsp;<\/p>\n<p>\u2666 <strong>Tarnitakse 15 t\u00f6\u00f6p\u00e4eva jooksul.<\/strong><br \/>\n\u2666\u00a0<strong>Laos<\/strong><\/p>\n","protected":false},"featured_media":12025,"template":"","meta":[],"product_cat":[1503],"product_tag":[],"class_list":{"0":"post-12022","1":"product","2":"type-product","3":"status-publish","4":"has-post-thumbnail","6":"product_cat-kastirattad","7":"product_shipping_class-suured-pakid","9":"first","10":"instock","11":"sale","12":"taxable","13":"shipping-taxable","14":"purchasable","15":"product-type-simple"},"yoast_head":"<!-- This site is optimized with the Yoast SEO plugin v23.8 - https:\/\/yoast.com\/wordpress\/plugins\/seo\/ -->\n<title>Aitour Basalt elektriline kastiratas - 70 km - Ecocruiser<\/title>\n<meta name=\"description\" content=\"Aitour Basalt elektriline kastiratasAvastage uus p\u00f5nev viis perega linna avastamiseks.T\u00e4nu selle lihtsale kasutamisele, h\u00f5lpsale juhitavusele ja suurep\u00e4rasele pidurdusj\u00f5ule saate julgelt nautida oma s\u00f5itu.\" \/>\n<meta name=\"robots\" content=\"noindex, follow, max-snippet:-1, max-image-preview:large, max-video-preview:-1\" \/>\n<meta property=\"og:locale\" content=\"en_GB\" \/>\n<meta property=\"og:type\" content=\"article\" \/>\n<meta property=\"og:title\" content=\"Aitour Basalt elektriline kastiratas - 70 km - Ecocruiser\" \/>\n<meta property=\"og:description\" content=\"Aitour Basalt elektriline kastiratasAvastage uus p\u00f5nev viis perega linna avastamiseks.T\u00e4nu selle lihtsale kasutamisele, h\u00f5lpsale juhitavusele ja suurep\u00e4rasele pidurdusj\u00f5ule saate julgelt nautida oma s\u00f5itu.\" \/>\n<meta property=\"og:url\" content=\"https:\/\/projekt.vombat.ee\/eco\/pood\/kastirattad\/aitour-basalt-elektriline-kastiratas-70-km\/\" \/>\n<meta property=\"og:site_name\" content=\"Ecocruiser\" \/>\n<meta property=\"article:modified_time\" content=\"2023-08-21T09:32:13+00:00\" \/>\n<meta property=\"og:image\" content=\"https:\/\/projekt.vombat.ee\/eco\/wp-content\/uploads\/2023\/08\/1-2.png\" \/>\n\t<meta property=\"og:image:width\" content=\"800\" \/>\n\t<meta property=\"og:image:height\" content=\"800\" \/>\n\t<meta property=\"og:image:type\" content=\"image\/png\" \/>\n<meta name=\"twitter:card\" content=\"summary_large_image\" \/>\n<meta name=\"twitter:label1\" content=\"Estimated reading time\" \/>\n\t<meta name=\"twitter:data1\" content=\"4 minutes\" \/>\n<script type=\"application\/ld+json\" class=\"yoast-schema-graph\">{\"@context\":\"https:\/\/schema.org\",\"@graph\":[{\"@type\":\"WebPage\",\"@id\":\"https:\/\/projekt.vombat.ee\/eco\/pood\/kastirattad\/aitour-basalt-elektriline-kastiratas-70-km\/\",\"url\":\"https:\/\/projekt.vombat.ee\/eco\/pood\/kastirattad\/aitour-basalt-elektriline-kastiratas-70-km\/\",\"name\":\"Aitour Basalt elektriline kastiratas - 70 km - Ecocruiser\",\"isPartOf\":{\"@id\":\"https:\/\/projekt.vombat.ee\/eco\/#website\"},\"primaryImageOfPage\":{\"@id\":\"https:\/\/projekt.vombat.ee\/eco\/pood\/kastirattad\/aitour-basalt-elektriline-kastiratas-70-km\/#primaryimage\"},\"image\":{\"@id\":\"https:\/\/projekt.vombat.ee\/eco\/pood\/kastirattad\/aitour-basalt-elektriline-kastiratas-70-km\/#primaryimage\"},\"thumbnailUrl\":\"https:\/\/projekt.vombat.ee\/eco\/wp-content\/uploads\/2023\/08\/1-2.png\",\"datePublished\":\"2023-08-21T09:30:13+00:00\",\"dateModified\":\"2023-08-21T09:32:13+00:00\",\"description\":\"Aitour Basalt elektriline kastiratasAvastage uus p\u00f5nev viis perega linna avastamiseks.T\u00e4nu selle lihtsale kasutamisele, h\u00f5lpsale juhitavusele ja suurep\u00e4rasele pidurdusj\u00f5ule saate julgelt nautida oma s\u00f5itu.\",\"breadcrumb\":{\"@id\":\"https:\/\/projekt.vombat.ee\/eco\/pood\/kastirattad\/aitour-basalt-elektriline-kastiratas-70-km\/#breadcrumb\"},\"inLanguage\":\"en-GB\",\"potentialAction\":[{\"@type\":\"ReadAction\",\"target\":[\"https:\/\/projekt.vombat.ee\/eco\/pood\/kastirattad\/aitour-basalt-elektriline-kastiratas-70-km\/\"]}]},{\"@type\":\"ImageObject\",\"inLanguage\":\"en-GB\",\"@id\":\"https:\/\/projekt.vombat.ee\/eco\/pood\/kastirattad\/aitour-basalt-elektriline-kastiratas-70-km\/#primaryimage\",\"url\":\"https:\/\/projekt.vombat.ee\/eco\/wp-content\/uploads\/2023\/08\/1-2.png\",\"contentUrl\":\"https:\/\/projekt.vombat.ee\/eco\/wp-content\/uploads\/2023\/08\/1-2.png\",\"width\":800,\"height\":800,\"caption\":\"Aitour Basalt elektriline kastiratas\"},{\"@type\":\"BreadcrumbList\",\"@id\":\"https:\/\/projekt.vombat.ee\/eco\/pood\/kastirattad\/aitour-basalt-elektriline-kastiratas-70-km\/#breadcrumb\",\"itemListElement\":[{\"@type\":\"ListItem\",\"position\":1,\"name\":\"Home\",\"item\":\"https:\/\/projekt.vombat.ee\/eco\/\"},{\"@type\":\"ListItem\",\"position\":2,\"name\":\"Pood\",\"item\":\"https:\/\/projekt.vombat.ee\/eco\/pood\/\"},{\"@type\":\"ListItem\",\"position\":3,\"name\":\"Aitour Basalt elektriline kastiratas &#8211; 70 km\"}]},{\"@type\":\"WebSite\",\"@id\":\"https:\/\/projekt.vombat.ee\/eco\/#website\",\"url\":\"https:\/\/projekt.vombat.ee\/eco\/\",\"name\":\"Ecocruiser\",\"description\":\"\",\"publisher\":{\"@id\":\"https:\/\/projekt.vombat.ee\/eco\/#organization\"},\"potentialAction\":[{\"@type\":\"SearchAction\",\"target\":{\"@type\":\"EntryPoint\",\"urlTemplate\":\"https:\/\/projekt.vombat.ee\/eco\/?s={search_term_string}\"},\"query-input\":{\"@type\":\"PropertyValueSpecification\",\"valueRequired\":true,\"valueName\":\"search_term_string\"}}],\"inLanguage\":\"en-GB\"},{\"@type\":\"Organization\",\"@id\":\"https:\/\/projekt.vombat.ee\/eco\/#organization\",\"name\":\"Ecocruiser\",\"url\":\"https:\/\/projekt.vombat.ee\/eco\/\",\"logo\":{\"@type\":\"ImageObject\",\"inLanguage\":\"en-GB\",\"@id\":\"https:\/\/projekt.vombat.ee\/eco\/#\/schema\/logo\/image\/\",\"url\":\"https:\/\/projekt.vombat.ee\/eco\/wp-content\/uploads\/2023\/03\/ECOCRUISER_5.png\",\"contentUrl\":\"https:\/\/projekt.vombat.ee\/eco\/wp-content\/uploads\/2023\/03\/ECOCRUISER_5.png\",\"width\":234,\"height\":91,\"caption\":\"Ecocruiser\"},\"image\":{\"@id\":\"https:\/\/projekt.vombat.ee\/eco\/#\/schema\/logo\/image\/\"}}]}<\/script>\n<!-- \/ Yoast SEO plugin. -->","yoast_head_json":{"title":"Aitour Basalt elektriline kastiratas - 70 km - Ecocruiser","description":"Aitour Basalt elektriline kastiratasAvastage uus p\u00f5nev viis perega linna avastamiseks.T\u00e4nu selle lihtsale kasutamisele, h\u00f5lpsale juhitavusele ja suurep\u00e4rasele pidurdusj\u00f5ule saate julgelt nautida oma s\u00f5itu.","robots":{"index":"noindex","follow":"follow","max-snippet":"max-snippet:-1","max-image-preview":"max-image-preview:large","max-video-preview":"max-video-preview:-1"},"og_locale":"en_GB","og_type":"article","og_title":"Aitour Basalt elektriline kastiratas - 70 km - Ecocruiser","og_description":"Aitour Basalt elektriline kastiratasAvastage uus p\u00f5nev viis perega linna avastamiseks.T\u00e4nu selle lihtsale kasutamisele, h\u00f5lpsale juhitavusele ja suurep\u00e4rasele pidurdusj\u00f5ule saate julgelt nautida oma s\u00f5itu.","og_url":"https:\/\/projekt.vombat.ee\/eco\/pood\/kastirattad\/aitour-basalt-elektriline-kastiratas-70-km\/","og_site_name":"Ecocruiser","article_modified_time":"2023-08-21T09:32:13+00:00","og_image":[{"width":800,"height":800,"url":"https:\/\/projekt.vombat.ee\/eco\/wp-content\/uploads\/2023\/08\/1-2.png","type":"image\/png"}],"twitter_card":"summary_large_image","twitter_misc":{"Estimated reading time":"4 minutes"},"schema":{"@context":"https:\/\/schema.org","@graph":[{"@type":"WebPage","@id":"https:\/\/projekt.vombat.ee\/eco\/pood\/kastirattad\/aitour-basalt-elektriline-kastiratas-70-km\/","url":"https:\/\/projekt.vombat.ee\/eco\/pood\/kastirattad\/aitour-basalt-elektriline-kastiratas-70-km\/","name":"Aitour Basalt elektriline kastiratas - 70 km - Ecocruiser","isPartOf":{"@id":"https:\/\/projekt.vombat.ee\/eco\/#website"},"primaryImageOfPage":{"@id":"https:\/\/projekt.vombat.ee\/eco\/pood\/kastirattad\/aitour-basalt-elektriline-kastiratas-70-km\/#primaryimage"},"image":{"@id":"https:\/\/projekt.vombat.ee\/eco\/pood\/kastirattad\/aitour-basalt-elektriline-kastiratas-70-km\/#primaryimage"},"thumbnailUrl":"https:\/\/projekt.vombat.ee\/eco\/wp-content\/uploads\/2023\/08\/1-2.png","datePublished":"2023-08-21T09:30:13+00:00","dateModified":"2023-08-21T09:32:13+00:00","description":"Aitour Basalt elektriline kastiratasAvastage uus p\u00f5nev viis perega linna avastamiseks.T\u00e4nu selle lihtsale kasutamisele, h\u00f5lpsale juhitavusele ja suurep\u00e4rasele pidurdusj\u00f5ule saate julgelt nautida oma s\u00f5itu.","breadcrumb":{"@id":"https:\/\/projekt.vombat.ee\/eco\/pood\/kastirattad\/aitour-basalt-elektriline-kastiratas-70-km\/#breadcrumb"},"inLanguage":"en-GB","potentialAction":[{"@type":"ReadAction","target":["https:\/\/projekt.vombat.ee\/eco\/pood\/kastirattad\/aitour-basalt-elektriline-kastiratas-70-km\/"]}]},{"@type":"ImageObject","inLanguage":"en-GB","@id":"https:\/\/projekt.vombat.ee\/eco\/pood\/kastirattad\/aitour-basalt-elektriline-kastiratas-70-km\/#primaryimage","url":"https:\/\/projekt.vombat.ee\/eco\/wp-content\/uploads\/2023\/08\/1-2.png","contentUrl":"https:\/\/projekt.vombat.ee\/eco\/wp-content\/uploads\/2023\/08\/1-2.png","width":800,"height":800,"caption":"Aitour Basalt elektriline kastiratas"},{"@type":"BreadcrumbList","@id":"https:\/\/projekt.vombat.ee\/eco\/pood\/kastirattad\/aitour-basalt-elektriline-kastiratas-70-km\/#breadcrumb","itemListElement":[{"@type":"ListItem","position":1,"name":"Home","item":"https:\/\/projekt.vombat.ee\/eco\/"},{"@type":"ListItem","position":2,"name":"Pood","item":"https:\/\/projekt.vombat.ee\/eco\/pood\/"},{"@type":"ListItem","position":3,"name":"Aitour Basalt elektriline kastiratas &#8211; 70 km"}]},{"@type":"WebSite","@id":"https:\/\/projekt.vombat.ee\/eco\/#website","url":"https:\/\/projekt.vombat.ee\/eco\/","name":"Ecocruiser","description":"","publisher":{"@id":"https:\/\/projekt.vombat.ee\/eco\/#organization"},"potentialAction":[{"@type":"SearchAction","target":{"@type":"EntryPoint","urlTemplate":"https:\/\/projekt.vombat.ee\/eco\/?s={search_term_string}"},"query-input":{"@type":"PropertyValueSpecification","valueRequired":true,"valueName":"search_term_string"}}],"inLanguage":"en-GB"},{"@type":"Organization","@id":"https:\/\/projekt.vombat.ee\/eco\/#organization","name":"Ecocruiser","url":"https:\/\/projekt.vombat.ee\/eco\/","logo":{"@type":"ImageObject","inLanguage":"en-GB","@id":"https:\/\/projekt.vombat.ee\/eco\/#\/schema\/logo\/image\/","url":"https:\/\/projekt.vombat.ee\/eco\/wp-content\/uploads\/2023\/03\/ECOCRUISER_5.png","contentUrl":"https:\/\/projekt.vombat.ee\/eco\/wp-content\/uploads\/2023\/03\/ECOCRUISER_5.png","width":234,"height":91,"caption":"Ecocruiser"},"image":{"@id":"https:\/\/projekt.vombat.ee\/eco\/#\/schema\/logo\/image\/"}}]}},"lang":"et","translations":{"et":12022},"pll_sync_post":[],"_links":{"self":[{"href":"https:\/\/projekt.vombat.ee\/eco\/wp-json\/wp\/v2\/product\/12022"}],"collection":[{"href":"https:\/\/projekt.vombat.ee\/eco\/wp-json\/wp\/v2\/product"}],"about":[{"href":"https:\/\/projekt.vombat.ee\/eco\/wp-json\/wp\/v2\/types\/product"}],"version-history":[{"count":3,"href":"https:\/\/projekt.vombat.ee\/eco\/wp-json\/wp\/v2\/product\/12022\/revisions"}],"predecessor-version":[{"id":12031,"href":"https:\/\/projekt.vombat.ee\/eco\/wp-json\/wp\/v2\/product\/12022\/revisions\/12031"}],"wp:featuredmedia":[{"embeddable":true,"href":"https:\/\/projekt.vombat.ee\/eco\/wp-json\/wp\/v2\/media\/12025"}],"wp:attachment":[{"href":"https:\/\/projekt.vombat.ee\/eco\/wp-json\/wp\/v2\/media?parent=12022"}],"wp:term":[{"taxonomy":"product_cat","embeddable":true,"href":"https:\/\/projekt.vombat.ee\/eco\/wp-json\/wp\/v2\/product_cat?post=12022"},{"taxonomy":"product_tag","embeddable":true,"href":"https:\/\/projekt.vombat.ee\/eco\/wp-json\/wp\/v2\/product_tag?post=12022"}],"curies":[{"name":"wp","href":"https:\/\/api.w.org\/{rel}","templated":true}]}}