{"id":11915,"date":"2023-08-17T13:18:58","date_gmt":"2023-08-17T13:18:58","guid":{"rendered":"https:\/\/projekt.vombat.ee\/eco\/?post_type=product&#038;p=11915"},"modified":"2024-07-08T19:45:51","modified_gmt":"2024-07-08T19:45:51","slug":"jalgratas-black-panther","status":"publish","type":"product","link":"https:\/\/projekt.vombat.ee\/eco\/pood\/cruiser-rattad\/jalgratas-black-panther\/","title":{"rendered":"Jalgratas Black Panther"},"content":{"rendered":"<div class=\"youtube responsive-embed wp-embed\"><iframe title=\"EMBASSY BIKES &amp; RPA\" width=\"1778\" height=\"1000\" src=\"https:\/\/www.youtube.com\/embed\/vlMRqC6__mw?feature=oembed&#038;enablejsapi=1&#038;rel=0&#038;showinfo=0&#038;color=white\" frameborder=\"0\" allow=\"accelerometer; autoplay; clipboard-write; encrypted-media; gyroscope; picture-in-picture; web-share\" referrerpolicy=\"strict-origin-when-cross-origin\" allowfullscreen><\/iframe><\/div>\n<h3>Info<\/h3>\n<p>Piduri t\u00fc\u00fcp: trummel Sturmey Archer.<br \/>\nAlumiiniumist (sulam 6061) raam, kerge raam, mugava madala seisuga \u2013 lihtne peale ja maha saada.<br \/>\nRatta suurus (tolline) 26&#8243;<br \/>\nVeljed Balloonrehvid, 26\u201d\/2,35, autoventiilid lihtsaks \u00f5hupumpamiseks igas tanklas. Laiad alumiiniumveljed.<br \/>\nK\u00e4ikude arv 3 v\u00f5i 7 Shimano Nexus.<br \/>\nValitakse tootekaardil.<br \/>\nV\u00e4rvus must matt, pulberlakk<br \/>\nRool Cruiser &#8220;Montana&#8221; &#8211; v\u00e4ga mugav roolikaare: laius: 71 cm, must v\u00e4rv. See leevendab randmeid ja tugevdab s\u00f5idu ajal sirget asendit.<br \/>\nJuhtraua tugi Klassikaline kronstein, kaldenurga reguleerimise v\u00f5imalusega.<br \/>\nMinimaalne juhtraua k\u00f5rgus<br \/>\n110 cm. Juhtrauaga paralleelselt maapinnaga.<br \/>\nMaksimaalne juhtraua k\u00f5rgus: 120 cm + kronsteini kaldenurga t\u00e4iendav reguleerimine.<br \/>\nJuhtraua k\u00e4epidemed: kunstnahk<br \/>\nMinimaalne sadula k\u00f5rgus: 87 cm<br \/>\nMaksimaalne sadula k\u00f5rgus: 102 cm<br \/>\nsadul: &#8220;Diivan&#8221; &#8211; lisamugavus. Lai kahekordse kooniliste vedrude s\u00fcsteemiga, parandab l\u00f6\u00f6gi neeldumist ja neelab j\u00f5udu. Kerge vaht t\u00e4idis &#8220;Light Foam&#8221;. P\u00fcstise ja loomuliku asendi garantii s\u00f5idu ajal. Veekindel.<br \/>\nIstmeposti tugi + klamber<br \/>\nkogupikkus 250 mm, l\u00e4bim\u00f5\u00f5t 27,2 mm, reguleerimisulatus 150 mm + istmetoru klamber &#8211; sisel\u00e4bim\u00f5\u00f5t 31,8 mm<br \/>\nvalgustus: ees &#8211; retro LED-lambid<br \/>\nkahvlid: terasest<br \/>\nKaal: 15 kg<br \/>\nPakendi m\u00f5\u00f5tmed: M\u00f5\u00f5dud 190cm x 27cm x 102cm<br \/>\nV\u00f5tmed kaasas: kuuskantv\u00f5ti 5 mm \/ 6 mm &#8211; lame v\u00f5ti 15 mm \/ 13 mm \/ 17 mm v\u00f5tmega<br \/>\nSobilik s\u00f5itjale pikkusega: 160 cm &#8211; 190 cm<\/p>\n","protected":false},"excerpt":{"rendered":"<p><strong>Black Panther jalgratas<\/strong><\/p>\n<p>Otsid midagi ainulaadset ja erakordset?<\/p>\n<p>See imeline jalgratas pole mitte ainult \u00fclimugav, vaid ka v\u00f5luv. H\u00fcppa sadulasse ja s\u00f5ida oma lemmik kohtadesse!<\/p>\n<ul>\n<li>Sobilik s\u00f5itjale pikkusega: 160 cm &#8211; 190 cm<\/li>\n<li>Kaal: 15 kg<\/li>\n<li>2-aastane garantii<\/li>\n<\/ul>\n<p>\u2666\u00a0<strong>Tarneaeg: 2-3 n\u00e4dalat<\/strong><\/p>\n","protected":false},"featured_media":11919,"template":"","meta":[],"product_cat":[1849],"product_tag":[],"class_list":{"0":"post-11915","1":"product","2":"type-product","3":"status-publish","4":"has-post-thumbnail","6":"product_cat-cruiser-rattad","8":"first","9":"instock","10":"sale","11":"taxable","12":"shipping-taxable","13":"purchasable","14":"product-type-variable"},"yoast_head":"<!-- This site is optimized with the Yoast SEO plugin v23.8 - https:\/\/yoast.com\/wordpress\/plugins\/seo\/ -->\n<title>Jalgratas Black Panther - Ecocruiser<\/title>\n<meta name=\"description\" content=\"Black Panther jalgratasOtsid midagi ainulaadset ja erakordset?See imeline jalgratas pole mitte ainult \u00fclimugav, vaid ka v\u00f5luv. H\u00fcppa sadulasse ja s\u00f5ida oma lemmik kohtadesse!Sobilik s\u00f5itjale pikkusega: 160 cm - 190 cmKaal: 15 kg2-aastane garantii\u2666\u00a0Tarneaeg 2-6 p\u00e4eva\u2666\u00a0Laos\" \/>\n<meta name=\"robots\" content=\"noindex, follow, max-snippet:-1, max-image-preview:large, max-video-preview:-1\" \/>\n<meta property=\"og:locale\" content=\"en_GB\" \/>\n<meta property=\"og:type\" content=\"article\" \/>\n<meta property=\"og:title\" content=\"Jalgratas Black Panther - Ecocruiser\" \/>\n<meta property=\"og:description\" content=\"Black Panther jalgratasOtsid midagi ainulaadset ja erakordset?See imeline jalgratas pole mitte ainult \u00fclimugav, vaid ka v\u00f5luv. H\u00fcppa sadulasse ja s\u00f5ida oma lemmik kohtadesse!Sobilik s\u00f5itjale pikkusega: 160 cm - 190 cmKaal: 15 kg2-aastane garantii\u2666\u00a0Tarneaeg 2-6 p\u00e4eva\u2666\u00a0Laos\" \/>\n<meta property=\"og:url\" content=\"https:\/\/projekt.vombat.ee\/eco\/pood\/cruiser-rattad\/jalgratas-black-panther\/\" \/>\n<meta property=\"og:site_name\" content=\"Ecocruiser\" \/>\n<meta property=\"article:modified_time\" content=\"2024-07-08T19:45:51+00:00\" \/>\n<meta property=\"og:image\" content=\"https:\/\/projekt.vombat.ee\/eco\/wp-content\/uploads\/2023\/08\/rower-meski-black-panther.webp\" \/>\n\t<meta property=\"og:image:width\" content=\"1500\" \/>\n\t<meta property=\"og:image:height\" content=\"1400\" \/>\n\t<meta property=\"og:image:type\" content=\"image\/webp\" \/>\n<meta name=\"twitter:card\" content=\"summary_large_image\" \/>\n<meta name=\"twitter:label1\" content=\"Estimated reading time\" \/>\n\t<meta name=\"twitter:data1\" content=\"2 minutes\" \/>\n<script type=\"application\/ld+json\" class=\"yoast-schema-graph\">{\"@context\":\"https:\/\/schema.org\",\"@graph\":[{\"@type\":\"WebPage\",\"@id\":\"https:\/\/projekt.vombat.ee\/eco\/pood\/cruiser-rattad\/jalgratas-black-panther\/\",\"url\":\"https:\/\/projekt.vombat.ee\/eco\/pood\/cruiser-rattad\/jalgratas-black-panther\/\",\"name\":\"Jalgratas Black Panther - Ecocruiser\",\"isPartOf\":{\"@id\":\"https:\/\/projekt.vombat.ee\/eco\/#website\"},\"primaryImageOfPage\":{\"@id\":\"https:\/\/projekt.vombat.ee\/eco\/pood\/cruiser-rattad\/jalgratas-black-panther\/#primaryimage\"},\"image\":{\"@id\":\"https:\/\/projekt.vombat.ee\/eco\/pood\/cruiser-rattad\/jalgratas-black-panther\/#primaryimage\"},\"thumbnailUrl\":\"https:\/\/projekt.vombat.ee\/eco\/wp-content\/uploads\/2023\/08\/rower-meski-black-panther.webp\",\"datePublished\":\"2023-08-17T13:18:58+00:00\",\"dateModified\":\"2024-07-08T19:45:51+00:00\",\"description\":\"Black Panther jalgratasOtsid midagi ainulaadset ja erakordset?See imeline jalgratas pole mitte ainult \u00fclimugav, vaid ka v\u00f5luv. H\u00fcppa sadulasse ja s\u00f5ida oma lemmik kohtadesse!Sobilik s\u00f5itjale pikkusega: 160 cm - 190 cmKaal: 15 kg2-aastane garantii\u2666\u00a0Tarneaeg 2-6 p\u00e4eva\u2666\u00a0Laos\",\"breadcrumb\":{\"@id\":\"https:\/\/projekt.vombat.ee\/eco\/pood\/cruiser-rattad\/jalgratas-black-panther\/#breadcrumb\"},\"inLanguage\":\"en-GB\",\"potentialAction\":[{\"@type\":\"ReadAction\",\"target\":[\"https:\/\/projekt.vombat.ee\/eco\/pood\/cruiser-rattad\/jalgratas-black-panther\/\"]}]},{\"@type\":\"ImageObject\",\"inLanguage\":\"en-GB\",\"@id\":\"https:\/\/projekt.vombat.ee\/eco\/pood\/cruiser-rattad\/jalgratas-black-panther\/#primaryimage\",\"url\":\"https:\/\/projekt.vombat.ee\/eco\/wp-content\/uploads\/2023\/08\/rower-meski-black-panther.webp\",\"contentUrl\":\"https:\/\/projekt.vombat.ee\/eco\/wp-content\/uploads\/2023\/08\/rower-meski-black-panther.webp\",\"width\":1500,\"height\":1400,\"caption\":\"Jalgratas Black Panther\"},{\"@type\":\"BreadcrumbList\",\"@id\":\"https:\/\/projekt.vombat.ee\/eco\/pood\/cruiser-rattad\/jalgratas-black-panther\/#breadcrumb\",\"itemListElement\":[{\"@type\":\"ListItem\",\"position\":1,\"name\":\"Home\",\"item\":\"https:\/\/projekt.vombat.ee\/eco\/\"},{\"@type\":\"ListItem\",\"position\":2,\"name\":\"Pood\",\"item\":\"https:\/\/projekt.vombat.ee\/eco\/pood\/\"},{\"@type\":\"ListItem\",\"position\":3,\"name\":\"Jalgratas Black Panther\"}]},{\"@type\":\"WebSite\",\"@id\":\"https:\/\/projekt.vombat.ee\/eco\/#website\",\"url\":\"https:\/\/projekt.vombat.ee\/eco\/\",\"name\":\"Ecocruiser\",\"description\":\"\",\"publisher\":{\"@id\":\"https:\/\/projekt.vombat.ee\/eco\/#organization\"},\"potentialAction\":[{\"@type\":\"SearchAction\",\"target\":{\"@type\":\"EntryPoint\",\"urlTemplate\":\"https:\/\/projekt.vombat.ee\/eco\/?s={search_term_string}\"},\"query-input\":{\"@type\":\"PropertyValueSpecification\",\"valueRequired\":true,\"valueName\":\"search_term_string\"}}],\"inLanguage\":\"en-GB\"},{\"@type\":\"Organization\",\"@id\":\"https:\/\/projekt.vombat.ee\/eco\/#organization\",\"name\":\"Ecocruiser\",\"url\":\"https:\/\/projekt.vombat.ee\/eco\/\",\"logo\":{\"@type\":\"ImageObject\",\"inLanguage\":\"en-GB\",\"@id\":\"https:\/\/projekt.vombat.ee\/eco\/#\/schema\/logo\/image\/\",\"url\":\"https:\/\/projekt.vombat.ee\/eco\/wp-content\/uploads\/2023\/03\/ECOCRUISER_5.png\",\"contentUrl\":\"https:\/\/projekt.vombat.ee\/eco\/wp-content\/uploads\/2023\/03\/ECOCRUISER_5.png\",\"width\":234,\"height\":91,\"caption\":\"Ecocruiser\"},\"image\":{\"@id\":\"https:\/\/projekt.vombat.ee\/eco\/#\/schema\/logo\/image\/\"}}]}<\/script>\n<!-- \/ Yoast SEO plugin. -->","yoast_head_json":{"title":"Jalgratas Black Panther - Ecocruiser","description":"Black Panther jalgratasOtsid midagi ainulaadset ja erakordset?See imeline jalgratas pole mitte ainult \u00fclimugav, vaid ka v\u00f5luv. H\u00fcppa sadulasse ja s\u00f5ida oma lemmik kohtadesse!Sobilik s\u00f5itjale pikkusega: 160 cm - 190 cmKaal: 15 kg2-aastane garantii\u2666\u00a0Tarneaeg 2-6 p\u00e4eva\u2666\u00a0Laos","robots":{"index":"noindex","follow":"follow","max-snippet":"max-snippet:-1","max-image-preview":"max-image-preview:large","max-video-preview":"max-video-preview:-1"},"og_locale":"en_GB","og_type":"article","og_title":"Jalgratas Black Panther - Ecocruiser","og_description":"Black Panther jalgratasOtsid midagi ainulaadset ja erakordset?See imeline jalgratas pole mitte ainult \u00fclimugav, vaid ka v\u00f5luv. H\u00fcppa sadulasse ja s\u00f5ida oma lemmik kohtadesse!Sobilik s\u00f5itjale pikkusega: 160 cm - 190 cmKaal: 15 kg2-aastane garantii\u2666\u00a0Tarneaeg 2-6 p\u00e4eva\u2666\u00a0Laos","og_url":"https:\/\/projekt.vombat.ee\/eco\/pood\/cruiser-rattad\/jalgratas-black-panther\/","og_site_name":"Ecocruiser","article_modified_time":"2024-07-08T19:45:51+00:00","og_image":[{"width":1500,"height":1400,"url":"https:\/\/projekt.vombat.ee\/eco\/wp-content\/uploads\/2023\/08\/rower-meski-black-panther.webp","type":"image\/webp"}],"twitter_card":"summary_large_image","twitter_misc":{"Estimated reading time":"2 minutes"},"schema":{"@context":"https:\/\/schema.org","@graph":[{"@type":"WebPage","@id":"https:\/\/projekt.vombat.ee\/eco\/pood\/cruiser-rattad\/jalgratas-black-panther\/","url":"https:\/\/projekt.vombat.ee\/eco\/pood\/cruiser-rattad\/jalgratas-black-panther\/","name":"Jalgratas Black Panther - Ecocruiser","isPartOf":{"@id":"https:\/\/projekt.vombat.ee\/eco\/#website"},"primaryImageOfPage":{"@id":"https:\/\/projekt.vombat.ee\/eco\/pood\/cruiser-rattad\/jalgratas-black-panther\/#primaryimage"},"image":{"@id":"https:\/\/projekt.vombat.ee\/eco\/pood\/cruiser-rattad\/jalgratas-black-panther\/#primaryimage"},"thumbnailUrl":"https:\/\/projekt.vombat.ee\/eco\/wp-content\/uploads\/2023\/08\/rower-meski-black-panther.webp","datePublished":"2023-08-17T13:18:58+00:00","dateModified":"2024-07-08T19:45:51+00:00","description":"Black Panther jalgratasOtsid midagi ainulaadset ja erakordset?See imeline jalgratas pole mitte ainult \u00fclimugav, vaid ka v\u00f5luv. H\u00fcppa sadulasse ja s\u00f5ida oma lemmik kohtadesse!Sobilik s\u00f5itjale pikkusega: 160 cm - 190 cmKaal: 15 kg2-aastane garantii\u2666\u00a0Tarneaeg 2-6 p\u00e4eva\u2666\u00a0Laos","breadcrumb":{"@id":"https:\/\/projekt.vombat.ee\/eco\/pood\/cruiser-rattad\/jalgratas-black-panther\/#breadcrumb"},"inLanguage":"en-GB","potentialAction":[{"@type":"ReadAction","target":["https:\/\/projekt.vombat.ee\/eco\/pood\/cruiser-rattad\/jalgratas-black-panther\/"]}]},{"@type":"ImageObject","inLanguage":"en-GB","@id":"https:\/\/projekt.vombat.ee\/eco\/pood\/cruiser-rattad\/jalgratas-black-panther\/#primaryimage","url":"https:\/\/projekt.vombat.ee\/eco\/wp-content\/uploads\/2023\/08\/rower-meski-black-panther.webp","contentUrl":"https:\/\/projekt.vombat.ee\/eco\/wp-content\/uploads\/2023\/08\/rower-meski-black-panther.webp","width":1500,"height":1400,"caption":"Jalgratas Black Panther"},{"@type":"BreadcrumbList","@id":"https:\/\/projekt.vombat.ee\/eco\/pood\/cruiser-rattad\/jalgratas-black-panther\/#breadcrumb","itemListElement":[{"@type":"ListItem","position":1,"name":"Home","item":"https:\/\/projekt.vombat.ee\/eco\/"},{"@type":"ListItem","position":2,"name":"Pood","item":"https:\/\/projekt.vombat.ee\/eco\/pood\/"},{"@type":"ListItem","position":3,"name":"Jalgratas Black Panther"}]},{"@type":"WebSite","@id":"https:\/\/projekt.vombat.ee\/eco\/#website","url":"https:\/\/projekt.vombat.ee\/eco\/","name":"Ecocruiser","description":"","publisher":{"@id":"https:\/\/projekt.vombat.ee\/eco\/#organization"},"potentialAction":[{"@type":"SearchAction","target":{"@type":"EntryPoint","urlTemplate":"https:\/\/projekt.vombat.ee\/eco\/?s={search_term_string}"},"query-input":{"@type":"PropertyValueSpecification","valueRequired":true,"valueName":"search_term_string"}}],"inLanguage":"en-GB"},{"@type":"Organization","@id":"https:\/\/projekt.vombat.ee\/eco\/#organization","name":"Ecocruiser","url":"https:\/\/projekt.vombat.ee\/eco\/","logo":{"@type":"ImageObject","inLanguage":"en-GB","@id":"https:\/\/projekt.vombat.ee\/eco\/#\/schema\/logo\/image\/","url":"https:\/\/projekt.vombat.ee\/eco\/wp-content\/uploads\/2023\/03\/ECOCRUISER_5.png","contentUrl":"https:\/\/projekt.vombat.ee\/eco\/wp-content\/uploads\/2023\/03\/ECOCRUISER_5.png","width":234,"height":91,"caption":"Ecocruiser"},"image":{"@id":"https:\/\/projekt.vombat.ee\/eco\/#\/schema\/logo\/image\/"}}]}},"lang":"et","translations":{"et":11915},"pll_sync_post":[],"_links":{"self":[{"href":"https:\/\/projekt.vombat.ee\/eco\/wp-json\/wp\/v2\/product\/11915"}],"collection":[{"href":"https:\/\/projekt.vombat.ee\/eco\/wp-json\/wp\/v2\/product"}],"about":[{"href":"https:\/\/projekt.vombat.ee\/eco\/wp-json\/wp\/v2\/types\/product"}],"version-history":[{"count":5,"href":"https:\/\/projekt.vombat.ee\/eco\/wp-json\/wp\/v2\/product\/11915\/revisions"}],"predecessor-version":[{"id":18967,"href":"https:\/\/projekt.vombat.ee\/eco\/wp-json\/wp\/v2\/product\/11915\/revisions\/18967"}],"wp:featuredmedia":[{"embeddable":true,"href":"https:\/\/projekt.vombat.ee\/eco\/wp-json\/wp\/v2\/media\/11919"}],"wp:attachment":[{"href":"https:\/\/projekt.vombat.ee\/eco\/wp-json\/wp\/v2\/media?parent=11915"}],"wp:term":[{"taxonomy":"product_cat","embeddable":true,"href":"https:\/\/projekt.vombat.ee\/eco\/wp-json\/wp\/v2\/product_cat?post=11915"},{"taxonomy":"product_tag","embeddable":true,"href":"https:\/\/projekt.vombat.ee\/eco\/wp-json\/wp\/v2\/product_tag?post=11915"}],"curies":[{"name":"wp","href":"https:\/\/api.w.org\/{rel}","templated":true}]}}