{"id":11739,"date":"2023-08-16T19:05:48","date_gmt":"2023-08-16T19:05:48","guid":{"rendered":"https:\/\/projekt.vombat.ee\/eco\/?post_type=product&#038;p=11739"},"modified":"2024-07-08T20:05:09","modified_gmt":"2024-07-08T20:05:09","slug":"jalgratas-embassy-cherry-3","status":"publish","type":"product","link":"https:\/\/projekt.vombat.ee\/eco\/pood\/cruiser-rattad\/jalgratas-embassy-cherry-3\/","title":{"rendered":"Jalgratas Embassy Cherry 3"},"content":{"rendered":"<div class=\"youtube responsive-embed wp-embed\"><iframe title=\"EMBASSY BIKES &amp; RPA\" width=\"1778\" height=\"1000\" src=\"https:\/\/www.youtube.com\/embed\/vlMRqC6__mw?feature=oembed&#038;enablejsapi=1&#038;rel=0&#038;showinfo=0&#038;color=white\" frameborder=\"0\" allow=\"accelerometer; autoplay; clipboard-write; encrypted-media; gyroscope; picture-in-picture; web-share\" referrerpolicy=\"strict-origin-when-cross-origin\" allowfullscreen><\/iframe><\/div>\n<h3>Info<\/h3>\n<p>Mark Embassy Bikes<br \/>\nPiduri t\u00fc\u00fcp taga &#8211; torpeedo \/ ees &#8211; trummel Sturmey Archer.<br \/>\nAlumiiniumist (sulam 6061) raam kerge raam<br \/>\nRatta suurus (tolline) 26&#8243;<br \/>\nVeljed Balloonrehvid, 26\u201d\/2,35, autoventiilid lihtsaks \u00f5hu pumpamiseks igas tanklas.<br \/>\nLaiad alumiiniumveljed.<br \/>\nK\u00e4ikude arv 3<br \/>\nV\u00e4rvus: sinine<br \/>\nRool Cruiser &#8220;Montana&#8221; &#8211; v\u00e4ga mugav roolikaare: laius: 71 cm.<br \/>\nSee leevendab randmeid ja tugevdab s\u00f5idu ajal sirget asendit.<br \/>\nJuhtraua tugi Klambril on kaks reguleerimisastet, varre k\u00f5rgus ja juhtraua kaldenurk. Need v\u00f5imaldavad teil m\u00e4\u00e4rata kasutajale k\u00f5ige mugavama asendi. Varre k\u00f5rguse reguleerimisvahemik &#8211; 8 cm.<br \/>\nMinimaalne juhtraua k\u00f5rgus 112 cm. Juhtrauaga paralleelselt maapinnaga.<br \/>\nMaksimaalne juhtraua k\u00f5rgus 120 cm. Juhtrauaga paralleelselt maapinnaga.<br \/>\nJuhtraua k\u00e4epidemed kunstnahast<br \/>\nSadula minimaalne k\u00f5rgus: 85 cm<br \/>\nMaksimaalne sadula k\u00f5rgus: 100 cm<br \/>\nSadul &#8220;Diivan&#8221; &#8211; lisamugavus. Lai kahekordse kooniliste vedrude s\u00fcsteemiga, parandab l\u00f6\u00f6gi neeldumist ja neelab j\u00f5udu. Kerge vaht t\u00e4idis &#8220;Light Foam&#8221;. P\u00fcstise ja loomuliku asendi s\u00f5idu ajal.<br \/>\nveekindel<br \/>\nIstmeposti tugi + klamber<br \/>\nkogupikkus 250 mm, l\u00e4bim\u00f5\u00f5t 27,2 mm, reguleerimisulatus 150 mm + istmetoru klamber &#8211; sisel\u00e4bim\u00f5\u00f5t 31,8 mm<br \/>\nEsivalgustus \u2013 retro LED lamp<br \/>\nKahvli teras<br \/>\nKaal: 15 kg<br \/>\nEsihammasratta suurus on 44T v\u00f5i 44 hammast \/ tagumine 18T.<br \/>\nPakendi m\u00f5\u00f5dud 190cm x 27cm x 102cm<br \/>\nV\u00f5tmed kaasas kuuskuusv\u00f5ti 5 mm \/ 6 mm &#8211; lame v\u00f5ti 15 mm \/ 13 mm \/ 17 mm v\u00f5tmega<br \/>\nSobilik s\u00f5itjale pikkusega: 155 cm &#8211; 180 cm<\/p>\n","protected":false},"excerpt":{"rendered":"<p><strong>Cherry naiste jalgratas<\/strong><\/p>\n<p>Otsid midagi ainulaadset ja erakordset?<\/p>\n<p>See imeline jalgratas pole mitte ainult \u00fclimugav, vaid ka v\u00f5luv. Selle retrostiil ja beebisinine v\u00e4rv panevad sind tundma t\u00f5elise printsessina ning kirsiks tordil on sellel ainulaadne disain<\/p>\n<ul>\n<li>Sobilik s\u00f5itjale pikkusega: 155 cm &#8211; 180 cm<\/li>\n<li>Kaal: 15 kg<\/li>\n<li>K\u00e4ikude arv 3<\/li>\n<li>V\u00e4rvus: sinine<\/li>\n<\/ul>\n<p>\u2666\u00a0<strong>Tarneaeg: 2-3 n\u00e4dalat<\/strong><\/p>\n","protected":false},"featured_media":11805,"template":"","meta":[],"product_cat":[1849],"product_tag":[],"class_list":{"0":"post-11739","1":"product","2":"type-product","3":"status-publish","4":"has-post-thumbnail","6":"product_cat-cruiser-rattad","8":"first","9":"instock","10":"sale","11":"taxable","12":"shipping-taxable","13":"purchasable","14":"product-type-simple"},"yoast_head":"<!-- This site is optimized with the Yoast SEO plugin v23.8 - https:\/\/yoast.com\/wordpress\/plugins\/seo\/ -->\n<title>Jalgratas Embassy Cherry 3 - Ecocruiser<\/title>\n<meta name=\"robots\" content=\"noindex, follow, max-snippet:-1, max-image-preview:large, max-video-preview:-1\" \/>\n<meta property=\"og:locale\" content=\"en_GB\" \/>\n<meta property=\"og:type\" content=\"article\" \/>\n<meta property=\"og:title\" content=\"Jalgratas Embassy Cherry 3 - Ecocruiser\" \/>\n<meta property=\"og:description\" content=\"Cherry naiste jalgratas  Otsid midagi ainulaadset ja erakordset?  See imeline jalgratas pole mitte ainult \u00fclimugav, vaid ka v\u00f5luv. Selle retrostiil ja beebisinine v\u00e4rv panevad sind tundma t\u00f5elise printsessina ning kirsiks tordil on sellel ainulaadne disain   Sobilik s\u00f5itjale pikkusega: 155 cm - 180 cm  Kaal: 15 kg  K\u00e4ikude arv 3  V\u00e4rvus: sinine  \u2666\u00a0Tarneaeg: 2-3 n\u00e4dalat\" \/>\n<meta property=\"og:url\" content=\"https:\/\/projekt.vombat.ee\/eco\/pood\/cruiser-rattad\/jalgratas-embassy-cherry-3\/\" \/>\n<meta property=\"og:site_name\" content=\"Ecocruiser\" \/>\n<meta property=\"article:modified_time\" content=\"2024-07-08T20:05:09+00:00\" \/>\n<meta property=\"og:image\" content=\"https:\/\/projekt.vombat.ee\/eco\/wp-content\/uploads\/2023\/08\/rower-damski-cherry.webp\" \/>\n\t<meta property=\"og:image:width\" content=\"1500\" \/>\n\t<meta property=\"og:image:height\" content=\"1400\" \/>\n\t<meta property=\"og:image:type\" content=\"image\/webp\" \/>\n<meta name=\"twitter:card\" content=\"summary_large_image\" \/>\n<meta name=\"twitter:label1\" content=\"Estimated reading time\" \/>\n\t<meta name=\"twitter:data1\" content=\"2 minutes\" \/>\n<script type=\"application\/ld+json\" class=\"yoast-schema-graph\">{\"@context\":\"https:\/\/schema.org\",\"@graph\":[{\"@type\":\"WebPage\",\"@id\":\"https:\/\/projekt.vombat.ee\/eco\/pood\/cruiser-rattad\/jalgratas-embassy-cherry-3\/\",\"url\":\"https:\/\/projekt.vombat.ee\/eco\/pood\/cruiser-rattad\/jalgratas-embassy-cherry-3\/\",\"name\":\"Jalgratas Embassy Cherry 3 - Ecocruiser\",\"isPartOf\":{\"@id\":\"https:\/\/projekt.vombat.ee\/eco\/#website\"},\"primaryImageOfPage\":{\"@id\":\"https:\/\/projekt.vombat.ee\/eco\/pood\/cruiser-rattad\/jalgratas-embassy-cherry-3\/#primaryimage\"},\"image\":{\"@id\":\"https:\/\/projekt.vombat.ee\/eco\/pood\/cruiser-rattad\/jalgratas-embassy-cherry-3\/#primaryimage\"},\"thumbnailUrl\":\"https:\/\/projekt.vombat.ee\/eco\/wp-content\/uploads\/2023\/08\/rower-damski-cherry.webp\",\"datePublished\":\"2023-08-16T19:05:48+00:00\",\"dateModified\":\"2024-07-08T20:05:09+00:00\",\"breadcrumb\":{\"@id\":\"https:\/\/projekt.vombat.ee\/eco\/pood\/cruiser-rattad\/jalgratas-embassy-cherry-3\/#breadcrumb\"},\"inLanguage\":\"en-GB\",\"potentialAction\":[{\"@type\":\"ReadAction\",\"target\":[\"https:\/\/projekt.vombat.ee\/eco\/pood\/cruiser-rattad\/jalgratas-embassy-cherry-3\/\"]}]},{\"@type\":\"ImageObject\",\"inLanguage\":\"en-GB\",\"@id\":\"https:\/\/projekt.vombat.ee\/eco\/pood\/cruiser-rattad\/jalgratas-embassy-cherry-3\/#primaryimage\",\"url\":\"https:\/\/projekt.vombat.ee\/eco\/wp-content\/uploads\/2023\/08\/rower-damski-cherry.webp\",\"contentUrl\":\"https:\/\/projekt.vombat.ee\/eco\/wp-content\/uploads\/2023\/08\/rower-damski-cherry.webp\",\"width\":1500,\"height\":1400},{\"@type\":\"BreadcrumbList\",\"@id\":\"https:\/\/projekt.vombat.ee\/eco\/pood\/cruiser-rattad\/jalgratas-embassy-cherry-3\/#breadcrumb\",\"itemListElement\":[{\"@type\":\"ListItem\",\"position\":1,\"name\":\"Home\",\"item\":\"https:\/\/projekt.vombat.ee\/eco\/\"},{\"@type\":\"ListItem\",\"position\":2,\"name\":\"Pood\",\"item\":\"https:\/\/projekt.vombat.ee\/eco\/pood\/\"},{\"@type\":\"ListItem\",\"position\":3,\"name\":\"Jalgratas Embassy Cherry 3\"}]},{\"@type\":\"WebSite\",\"@id\":\"https:\/\/projekt.vombat.ee\/eco\/#website\",\"url\":\"https:\/\/projekt.vombat.ee\/eco\/\",\"name\":\"Ecocruiser\",\"description\":\"\",\"publisher\":{\"@id\":\"https:\/\/projekt.vombat.ee\/eco\/#organization\"},\"potentialAction\":[{\"@type\":\"SearchAction\",\"target\":{\"@type\":\"EntryPoint\",\"urlTemplate\":\"https:\/\/projekt.vombat.ee\/eco\/?s={search_term_string}\"},\"query-input\":{\"@type\":\"PropertyValueSpecification\",\"valueRequired\":true,\"valueName\":\"search_term_string\"}}],\"inLanguage\":\"en-GB\"},{\"@type\":\"Organization\",\"@id\":\"https:\/\/projekt.vombat.ee\/eco\/#organization\",\"name\":\"Ecocruiser\",\"url\":\"https:\/\/projekt.vombat.ee\/eco\/\",\"logo\":{\"@type\":\"ImageObject\",\"inLanguage\":\"en-GB\",\"@id\":\"https:\/\/projekt.vombat.ee\/eco\/#\/schema\/logo\/image\/\",\"url\":\"https:\/\/projekt.vombat.ee\/eco\/wp-content\/uploads\/2023\/03\/ECOCRUISER_5.png\",\"contentUrl\":\"https:\/\/projekt.vombat.ee\/eco\/wp-content\/uploads\/2023\/03\/ECOCRUISER_5.png\",\"width\":234,\"height\":91,\"caption\":\"Ecocruiser\"},\"image\":{\"@id\":\"https:\/\/projekt.vombat.ee\/eco\/#\/schema\/logo\/image\/\"}}]}<\/script>\n<!-- \/ Yoast SEO plugin. -->","yoast_head_json":{"title":"Jalgratas Embassy Cherry 3 - Ecocruiser","robots":{"index":"noindex","follow":"follow","max-snippet":"max-snippet:-1","max-image-preview":"max-image-preview:large","max-video-preview":"max-video-preview:-1"},"og_locale":"en_GB","og_type":"article","og_title":"Jalgratas Embassy Cherry 3 - Ecocruiser","og_description":"Cherry naiste jalgratas  Otsid midagi ainulaadset ja erakordset?  See imeline jalgratas pole mitte ainult \u00fclimugav, vaid ka v\u00f5luv. Selle retrostiil ja beebisinine v\u00e4rv panevad sind tundma t\u00f5elise printsessina ning kirsiks tordil on sellel ainulaadne disain   Sobilik s\u00f5itjale pikkusega: 155 cm - 180 cm  Kaal: 15 kg  K\u00e4ikude arv 3  V\u00e4rvus: sinine  \u2666\u00a0Tarneaeg: 2-3 n\u00e4dalat","og_url":"https:\/\/projekt.vombat.ee\/eco\/pood\/cruiser-rattad\/jalgratas-embassy-cherry-3\/","og_site_name":"Ecocruiser","article_modified_time":"2024-07-08T20:05:09+00:00","og_image":[{"width":1500,"height":1400,"url":"https:\/\/projekt.vombat.ee\/eco\/wp-content\/uploads\/2023\/08\/rower-damski-cherry.webp","type":"image\/webp"}],"twitter_card":"summary_large_image","twitter_misc":{"Estimated reading time":"2 minutes"},"schema":{"@context":"https:\/\/schema.org","@graph":[{"@type":"WebPage","@id":"https:\/\/projekt.vombat.ee\/eco\/pood\/cruiser-rattad\/jalgratas-embassy-cherry-3\/","url":"https:\/\/projekt.vombat.ee\/eco\/pood\/cruiser-rattad\/jalgratas-embassy-cherry-3\/","name":"Jalgratas Embassy Cherry 3 - Ecocruiser","isPartOf":{"@id":"https:\/\/projekt.vombat.ee\/eco\/#website"},"primaryImageOfPage":{"@id":"https:\/\/projekt.vombat.ee\/eco\/pood\/cruiser-rattad\/jalgratas-embassy-cherry-3\/#primaryimage"},"image":{"@id":"https:\/\/projekt.vombat.ee\/eco\/pood\/cruiser-rattad\/jalgratas-embassy-cherry-3\/#primaryimage"},"thumbnailUrl":"https:\/\/projekt.vombat.ee\/eco\/wp-content\/uploads\/2023\/08\/rower-damski-cherry.webp","datePublished":"2023-08-16T19:05:48+00:00","dateModified":"2024-07-08T20:05:09+00:00","breadcrumb":{"@id":"https:\/\/projekt.vombat.ee\/eco\/pood\/cruiser-rattad\/jalgratas-embassy-cherry-3\/#breadcrumb"},"inLanguage":"en-GB","potentialAction":[{"@type":"ReadAction","target":["https:\/\/projekt.vombat.ee\/eco\/pood\/cruiser-rattad\/jalgratas-embassy-cherry-3\/"]}]},{"@type":"ImageObject","inLanguage":"en-GB","@id":"https:\/\/projekt.vombat.ee\/eco\/pood\/cruiser-rattad\/jalgratas-embassy-cherry-3\/#primaryimage","url":"https:\/\/projekt.vombat.ee\/eco\/wp-content\/uploads\/2023\/08\/rower-damski-cherry.webp","contentUrl":"https:\/\/projekt.vombat.ee\/eco\/wp-content\/uploads\/2023\/08\/rower-damski-cherry.webp","width":1500,"height":1400},{"@type":"BreadcrumbList","@id":"https:\/\/projekt.vombat.ee\/eco\/pood\/cruiser-rattad\/jalgratas-embassy-cherry-3\/#breadcrumb","itemListElement":[{"@type":"ListItem","position":1,"name":"Home","item":"https:\/\/projekt.vombat.ee\/eco\/"},{"@type":"ListItem","position":2,"name":"Pood","item":"https:\/\/projekt.vombat.ee\/eco\/pood\/"},{"@type":"ListItem","position":3,"name":"Jalgratas Embassy Cherry 3"}]},{"@type":"WebSite","@id":"https:\/\/projekt.vombat.ee\/eco\/#website","url":"https:\/\/projekt.vombat.ee\/eco\/","name":"Ecocruiser","description":"","publisher":{"@id":"https:\/\/projekt.vombat.ee\/eco\/#organization"},"potentialAction":[{"@type":"SearchAction","target":{"@type":"EntryPoint","urlTemplate":"https:\/\/projekt.vombat.ee\/eco\/?s={search_term_string}"},"query-input":{"@type":"PropertyValueSpecification","valueRequired":true,"valueName":"search_term_string"}}],"inLanguage":"en-GB"},{"@type":"Organization","@id":"https:\/\/projekt.vombat.ee\/eco\/#organization","name":"Ecocruiser","url":"https:\/\/projekt.vombat.ee\/eco\/","logo":{"@type":"ImageObject","inLanguage":"en-GB","@id":"https:\/\/projekt.vombat.ee\/eco\/#\/schema\/logo\/image\/","url":"https:\/\/projekt.vombat.ee\/eco\/wp-content\/uploads\/2023\/03\/ECOCRUISER_5.png","contentUrl":"https:\/\/projekt.vombat.ee\/eco\/wp-content\/uploads\/2023\/03\/ECOCRUISER_5.png","width":234,"height":91,"caption":"Ecocruiser"},"image":{"@id":"https:\/\/projekt.vombat.ee\/eco\/#\/schema\/logo\/image\/"}}]}},"lang":"et","translations":{"et":11739},"pll_sync_post":[],"_links":{"self":[{"href":"https:\/\/projekt.vombat.ee\/eco\/wp-json\/wp\/v2\/product\/11739"}],"collection":[{"href":"https:\/\/projekt.vombat.ee\/eco\/wp-json\/wp\/v2\/product"}],"about":[{"href":"https:\/\/projekt.vombat.ee\/eco\/wp-json\/wp\/v2\/types\/product"}],"version-history":[{"count":5,"href":"https:\/\/projekt.vombat.ee\/eco\/wp-json\/wp\/v2\/product\/11739\/revisions"}],"predecessor-version":[{"id":18971,"href":"https:\/\/projekt.vombat.ee\/eco\/wp-json\/wp\/v2\/product\/11739\/revisions\/18971"}],"wp:featuredmedia":[{"embeddable":true,"href":"https:\/\/projekt.vombat.ee\/eco\/wp-json\/wp\/v2\/media\/11805"}],"wp:attachment":[{"href":"https:\/\/projekt.vombat.ee\/eco\/wp-json\/wp\/v2\/media?parent=11739"}],"wp:term":[{"taxonomy":"product_cat","embeddable":true,"href":"https:\/\/projekt.vombat.ee\/eco\/wp-json\/wp\/v2\/product_cat?post=11739"},{"taxonomy":"product_tag","embeddable":true,"href":"https:\/\/projekt.vombat.ee\/eco\/wp-json\/wp\/v2\/product_tag?post=11739"}],"curies":[{"name":"wp","href":"https:\/\/api.w.org\/{rel}","templated":true}]}}