{"id":11723,"date":"2023-08-09T14:55:46","date_gmt":"2023-08-09T14:55:46","guid":{"rendered":"https:\/\/projekt.vombat.ee\/eco\/?post_type=product&#038;p=11723"},"modified":"2024-05-01T20:07:49","modified_gmt":"2024-05-01T20:07:49","slug":"engwe-s7-elektritoukeratas-65km","status":"publish","type":"product","link":"https:\/\/projekt.vombat.ee\/eco\/pood\/brandid\/engwe\/engwe-s7-elektritoukeratas-65km\/","title":{"rendered":"Engwe S6 Elektrit\u00f5ukeratas, 65km"},"content":{"rendered":"<h1>Engwe S6 Elektrit\u00f5ukeratas<\/h1>\n<p><img decoding=\"async\" src=\"https:\/\/engwe-bikes-eu.com\/cdn\/shop\/files\/S6_32e6fd90-6f1a-41ab-a809-7dea73b896f6.jpg?v=1702018459\" \/><\/p>\n<p><img fetchpriority=\"high\" decoding=\"async\" class=\"\" src=\"https:\/\/a.allegroimg.com\/original\/1148b0\/bae1d6a44ae1809293b85a2847be\/Hulajnoga-Elektryczna-ENGWE-S6-700W-65KM-EAN-GTIN-4537366150187\" alt=\"Hulajnoga Elektryczna ENGWE S6 700W 65KM EAN (GTIN) 4537366150187\" width=\"743\" height=\"743\" \/><\/p>\n<h3>Vedrustus<\/h3>\n<p>L\u00e4bim\u00f5eldud vedrustus ja disain tagab mugavuse ja sujuva s\u00f5idu.<\/p>\n<p><img decoding=\"async\" class=\"msub_k4 mupj_5k mjru_k4 mse2_k4 mp7g_f6 mq1m_0 mj7u_0 m7er_k4 lazyloaded\" src=\"https:\/\/a.allegroimg.com\/original\/11f043\/6e4d75ed4b0bab08f99ddaf1365a\/Hulajnoga-Elektryczna-ENGWE-S6-700W-65KM-Engine-Power-700-W\" sizes=\"(min-width: 1200px) 560px, (min-width: 992px) 50vw, 100vw\" srcset=\"https:\/\/a.allegroimg.com\/s360\/11f043\/6e4d75ed4b0bab08f99ddaf1365a\/Hulajnoga-Elektryczna-ENGWE-S6-700W-65KM-Engine-Power-700-W 360w,https:\/\/a.allegroimg.com\/s720\/11f043\/6e4d75ed4b0bab08f99ddaf1365a\/Hulajnoga-Elektryczna-ENGWE-S6-700W-65KM-Engine-Power-700-W 720w,https:\/\/a.allegroimg.com\/s1024\/11f043\/6e4d75ed4b0bab08f99ddaf1365a\/Hulajnoga-Elektryczna-ENGWE-S6-700W-65KM-Engine-Power-700-W 720w,https:\/\/a.allegroimg.com\/original\/11f043\/6e4d75ed4b0bab08f99ddaf1365a\/Hulajnoga-Elektryczna-ENGWE-S6-700W-65KM-Engine-Power-700-W 720w\" alt=\"Hulajnoga Elektryczna ENGWE S6 700W 65KM Engine Power 700 W\" width=\"669\" height=\"669\" data-src=\"https:\/\/a.allegroimg.com\/original\/11f043\/6e4d75ed4b0bab08f99ddaf1365a\/Hulajnoga-Elektryczna-ENGWE-S6-700W-65KM-Engine-Power-700-W\" data-srcset=\"https:\/\/a.allegroimg.com\/s360\/11f043\/6e4d75ed4b0bab08f99ddaf1365a\/Hulajnoga-Elektryczna-ENGWE-S6-700W-65KM-Engine-Power-700-W 360w,https:\/\/a.allegroimg.com\/s720\/11f043\/6e4d75ed4b0bab08f99ddaf1365a\/Hulajnoga-Elektryczna-ENGWE-S6-700W-65KM-Engine-Power-700-W 720w,https:\/\/a.allegroimg.com\/s1024\/11f043\/6e4d75ed4b0bab08f99ddaf1365a\/Hulajnoga-Elektryczna-ENGWE-S6-700W-65KM-Engine-Power-700-W 720w,https:\/\/a.allegroimg.com\/original\/11f043\/6e4d75ed4b0bab08f99ddaf1365a\/Hulajnoga-Elektryczna-ENGWE-S6-700W-65KM-Engine-Power-700-W 720w\" \/><\/p>\n<h3>9,4 tolli jalapind<\/h3>\n<p>Erinevalt teistest e-t\u00f5ukeratastest on laiemad pind loodud suurema mugavuse tagamiseks.<\/p>\n<p><img decoding=\"async\" class=\"msub_k4 mupj_5k mjru_k4 mse2_k4 mp7g_f6 mq1m_0 mj7u_0 m7er_k4 lazyloaded\" src=\"https:\/\/a.allegroimg.com\/original\/11eb6e\/50777b1c41c79578f2693bfc0fb1\/Hulajnoga-Elektryczna-ENGWE-S6-700W-65KM-Color-black\" sizes=\"(min-width: 1200px) 560px, (min-width: 992px) 50vw, 100vw\" srcset=\"https:\/\/a.allegroimg.com\/s360\/11eb6e\/50777b1c41c79578f2693bfc0fb1\/Hulajnoga-Elektryczna-ENGWE-S6-700W-65KM-Color-black 306w,https:\/\/a.allegroimg.com\/s720\/11eb6e\/50777b1c41c79578f2693bfc0fb1\/Hulajnoga-Elektryczna-ENGWE-S6-700W-65KM-Color-black 612w,https:\/\/a.allegroimg.com\/s1024\/11eb6e\/50777b1c41c79578f2693bfc0fb1\/Hulajnoga-Elektryczna-ENGWE-S6-700W-65KM-Color-black 720w,https:\/\/a.allegroimg.com\/original\/11eb6e\/50777b1c41c79578f2693bfc0fb1\/Hulajnoga-Elektryczna-ENGWE-S6-700W-65KM-Color-black 720w\" alt=\"Hulajnoga Elektryczna ENGWE S6 700W 65KM Color black\" width=\"664\" height=\"780\" data-src=\"https:\/\/a.allegroimg.com\/original\/11eb6e\/50777b1c41c79578f2693bfc0fb1\/Hulajnoga-Elektryczna-ENGWE-S6-700W-65KM-Color-black\" data-srcset=\"https:\/\/a.allegroimg.com\/s360\/11eb6e\/50777b1c41c79578f2693bfc0fb1\/Hulajnoga-Elektryczna-ENGWE-S6-700W-65KM-Color-black 306w,https:\/\/a.allegroimg.com\/s720\/11eb6e\/50777b1c41c79578f2693bfc0fb1\/Hulajnoga-Elektryczna-ENGWE-S6-700W-65KM-Color-black 612w,https:\/\/a.allegroimg.com\/s1024\/11eb6e\/50777b1c41c79578f2693bfc0fb1\/Hulajnoga-Elektryczna-ENGWE-S6-700W-65KM-Color-black 720w,https:\/\/a.allegroimg.com\/original\/11eb6e\/50777b1c41c79578f2693bfc0fb1\/Hulajnoga-Elektryczna-ENGWE-S6-700W-65KM-Color-black 720w\" \/><\/p>\n<h3>Hea valgustus<\/h3>\n<p><img decoding=\"async\" class=\"msub_k4 mupj_5k mjru_k4 mse2_k4 mp7g_f6 mq1m_0 mj7u_0 m7er_k4 lazyloaded\" src=\"https:\/\/a.allegroimg.com\/original\/110252\/d771b5094b67b83a0eb9d5dad7c2\/Hulajnoga-Elektryczna-ENGWE-S6-700W-65KM-Maximum-Speed-45-km-h\" sizes=\"(min-width: 1200px) 560px, (min-width: 992px) 50vw, 100vw\" srcset=\"https:\/\/a.allegroimg.com\/s360\/110252\/d771b5094b67b83a0eb9d5dad7c2\/Hulajnoga-Elektryczna-ENGWE-S6-700W-65KM-Maximum-Speed-45-km-h 360w,https:\/\/a.allegroimg.com\/s720\/110252\/d771b5094b67b83a0eb9d5dad7c2\/Hulajnoga-Elektryczna-ENGWE-S6-700W-65KM-Maximum-Speed-45-km-h 720w,https:\/\/a.allegroimg.com\/s1024\/110252\/d771b5094b67b83a0eb9d5dad7c2\/Hulajnoga-Elektryczna-ENGWE-S6-700W-65KM-Maximum-Speed-45-km-h 720w,https:\/\/a.allegroimg.com\/original\/110252\/d771b5094b67b83a0eb9d5dad7c2\/Hulajnoga-Elektryczna-ENGWE-S6-700W-65KM-Maximum-Speed-45-km-h 720w\" alt=\"Hulajnoga Elektryczna ENGWE S6 700W 65KM Maximum Speed 45 km\/h\" width=\"720px\" data-src=\"https:\/\/a.allegroimg.com\/original\/110252\/d771b5094b67b83a0eb9d5dad7c2\/Hulajnoga-Elektryczna-ENGWE-S6-700W-65KM-Maximum-Speed-45-km-h\" data-srcset=\"https:\/\/a.allegroimg.com\/s360\/110252\/d771b5094b67b83a0eb9d5dad7c2\/Hulajnoga-Elektryczna-ENGWE-S6-700W-65KM-Maximum-Speed-45-km-h 360w,https:\/\/a.allegroimg.com\/s720\/110252\/d771b5094b67b83a0eb9d5dad7c2\/Hulajnoga-Elektryczna-ENGWE-S6-700W-65KM-Maximum-Speed-45-km-h 720w,https:\/\/a.allegroimg.com\/s1024\/110252\/d771b5094b67b83a0eb9d5dad7c2\/Hulajnoga-Elektryczna-ENGWE-S6-700W-65KM-Maximum-Speed-45-km-h 720w,https:\/\/a.allegroimg.com\/original\/110252\/d771b5094b67b83a0eb9d5dad7c2\/Hulajnoga-Elektryczna-ENGWE-S6-700W-65KM-Maximum-Speed-45-km-h 720w\" \/><\/p>\n<p><strong>&#8211; 500W Harjadeta mootor tagab maksimaalse v\u00f5imsuse ja maksimaalse 12-kraadise kaldenurga.<\/strong><\/p>\n<p><strong>&#8211; 15,6Ah \/ 48V liitiumioonaku kuni 60km l\u00e4bis\u00f5iduks.<\/strong><\/p>\n<p><strong>&#8211; 10-tollised tubeless off-road rehvid erinevatele maastikele.<\/strong><\/p>\n<p><strong>&#8211; Kiiresti kokkupandav mugavaks auto pagasiruumis kandmiseks.<\/strong><\/p>\n<p><strong>&#8211; Alumiiniumisulamist kest maksimaalse kandev\u00f5imega 120 kg.<\/strong><\/p>\n<p><strong>&#8211; Sobib t\u00e4iskasvanutele ja teismelistele.<\/strong><\/p>\n<p><img loading=\"lazy\" decoding=\"async\" class=\"msub_k4 mupj_5k mjru_k4 mse2_k4 mp7g_f6 mq1m_0 mj7u_0 m7er_k4 lazyloaded\" src=\"https:\/\/a.allegroimg.com\/original\/11364b\/93f5b8ba40dea93f80831ce107e5\/Hulajnoga-Elektryczna-ENGWE-S6-700W-65KM-Brand-other-brand\" sizes=\"(min-width: 1200px) 560px, (min-width: 992px) 50vw, 100vw\" srcset=\"https:\/\/a.allegroimg.com\/s360\/11364b\/93f5b8ba40dea93f80831ce107e5\/Hulajnoga-Elektryczna-ENGWE-S6-700W-65KM-Brand-other-brand 360w,https:\/\/a.allegroimg.com\/s720\/11364b\/93f5b8ba40dea93f80831ce107e5\/Hulajnoga-Elektryczna-ENGWE-S6-700W-65KM-Brand-other-brand 720w,https:\/\/a.allegroimg.com\/s1024\/11364b\/93f5b8ba40dea93f80831ce107e5\/Hulajnoga-Elektryczna-ENGWE-S6-700W-65KM-Brand-other-brand 720w,https:\/\/a.allegroimg.com\/original\/11364b\/93f5b8ba40dea93f80831ce107e5\/Hulajnoga-Elektryczna-ENGWE-S6-700W-65KM-Brand-other-brand 720w\" alt=\"Hulajnoga Elektryczna ENGWE S6 700W 65KM Brand other brand\" width=\"641\" height=\"641\" data-src=\"https:\/\/a.allegroimg.com\/original\/11364b\/93f5b8ba40dea93f80831ce107e5\/Hulajnoga-Elektryczna-ENGWE-S6-700W-65KM-Brand-other-brand\" data-srcset=\"https:\/\/a.allegroimg.com\/s360\/11364b\/93f5b8ba40dea93f80831ce107e5\/Hulajnoga-Elektryczna-ENGWE-S6-700W-65KM-Brand-other-brand 360w,https:\/\/a.allegroimg.com\/s720\/11364b\/93f5b8ba40dea93f80831ce107e5\/Hulajnoga-Elektryczna-ENGWE-S6-700W-65KM-Brand-other-brand 720w,https:\/\/a.allegroimg.com\/s1024\/11364b\/93f5b8ba40dea93f80831ce107e5\/Hulajnoga-Elektryczna-ENGWE-S6-700W-65KM-Brand-other-brand 720w,https:\/\/a.allegroimg.com\/original\/11364b\/93f5b8ba40dea93f80831ce107e5\/Hulajnoga-Elektryczna-ENGWE-S6-700W-65KM-Brand-other-brand 720w\" \/><\/p>\n<h3>Info<\/h3>\n<p>S\u00f5idukaugus: 65 km<br \/>\nMootor: 500W (max 700 W)<br \/>\nRehvid: 10*2,75 Rehvid<br \/>\nAku: 48V 15.6AH liitiumioonaku*1<br \/>\nLaadimisaeg: 5 h<br \/>\nPidur: Mehaaniline ketaspidur<br \/>\nVeekindel klass: IPX4<br \/>\nKaal: 26 kg<br \/>\nKiirus: 25km\/h (piirajaga)<br \/>\nRonimise kalle: 15 kraadi<br \/>\nMootori p\u00f6\u00f6rdemoment: 23 Nm<br \/>\nMaksimaalne kandev\u00f5ime: 120 kg<br \/>\nNetokaal: 25 kg<br \/>\nVeekindlusklass: IPX4<br \/>\nRool: kokkupandav<br \/>\nIstmete alus: kokkuklapitav<br \/>\nEesmine amortisaator: jah<br \/>\nTagumine amortisaator: jah<br \/>\nEsipidurid: jah<br \/>\nTagapidur: mehaaniline ketaspidur<br \/>\nEsi- ja tagarattad: 10&#215;2,75 tolline t\u00e4ispuhutav rehv<br \/>\nSeis: Jah<br \/>\nLiitiumioonaku 18650<br \/>\nPinge\/v\u00f5imsus: 48V\/15,6AH<br \/>\nEsituled: LED<br \/>\nSuunatuli: jah<br \/>\n\u00dcmbritsev valgus: jah<br \/>\nPidurihoova tagatuli: jah<br \/>\nSignaal: jah<br \/>\nPiduritulede kahe nupuvajutusega l\u00fcliti<br \/>\nLaadija: 48V\/2A<\/p>\n<p><img loading=\"lazy\" decoding=\"async\" class=\"msub_k4 mupj_5k mjru_k4 mse2_k4 mp7g_f6 mq1m_0 mj7u_0 m7er_k4 lazyloaded\" src=\"https:\/\/a.allegroimg.com\/original\/11cc92\/81950aff44ba938804c8df93f1d0\/Hulajnoga-Elektryczna-ENGWE-S6-700W-65KM-Number-of-Wheels-2\" sizes=\"100vw\" srcset=\"https:\/\/a.allegroimg.com\/s360\/11cc92\/81950aff44ba938804c8df93f1d0\/Hulajnoga-Elektryczna-ENGWE-S6-700W-65KM-Number-of-Wheels-2 360w,https:\/\/a.allegroimg.com\/s720\/11cc92\/81950aff44ba938804c8df93f1d0\/Hulajnoga-Elektryczna-ENGWE-S6-700W-65KM-Number-of-Wheels-2 720w,https:\/\/a.allegroimg.com\/s1024\/11cc92\/81950aff44ba938804c8df93f1d0\/Hulajnoga-Elektryczna-ENGWE-S6-700W-65KM-Number-of-Wheels-2 1000w,https:\/\/a.allegroimg.com\/original\/11cc92\/81950aff44ba938804c8df93f1d0\/Hulajnoga-Elektryczna-ENGWE-S6-700W-65KM-Number-of-Wheels-2 1000w\" alt=\"Hulajnoga Elektryczna ENGWE S6 700W 65KM Number of Wheels 2\" width=\"893\" height=\"787\" data-src=\"https:\/\/a.allegroimg.com\/original\/11cc92\/81950aff44ba938804c8df93f1d0\/Hulajnoga-Elektryczna-ENGWE-S6-700W-65KM-Number-of-Wheels-2\" data-srcset=\"https:\/\/a.allegroimg.com\/s360\/11cc92\/81950aff44ba938804c8df93f1d0\/Hulajnoga-Elektryczna-ENGWE-S6-700W-65KM-Number-of-Wheels-2 360w,https:\/\/a.allegroimg.com\/s720\/11cc92\/81950aff44ba938804c8df93f1d0\/Hulajnoga-Elektryczna-ENGWE-S6-700W-65KM-Number-of-Wheels-2 720w,https:\/\/a.allegroimg.com\/s1024\/11cc92\/81950aff44ba938804c8df93f1d0\/Hulajnoga-Elektryczna-ENGWE-S6-700W-65KM-Number-of-Wheels-2 1000w,https:\/\/a.allegroimg.com\/original\/11cc92\/81950aff44ba938804c8df93f1d0\/Hulajnoga-Elektryczna-ENGWE-S6-700W-65KM-Number-of-Wheels-2 1000w\" \/><\/p>\n<div class=\"youtube responsive-embed wp-embed\"><iframe title=\"Engwe S6 E-Scooter Review: Good for its Value\" width=\"1778\" height=\"1000\" src=\"https:\/\/www.youtube.com\/embed\/Hp8ImA61Ejc?feature=oembed&#038;enablejsapi=1&#038;rel=0&#038;showinfo=0&#038;color=white\" frameborder=\"0\" allow=\"accelerometer; autoplay; clipboard-write; encrypted-media; gyroscope; picture-in-picture; web-share\" referrerpolicy=\"strict-origin-when-cross-origin\" allowfullscreen><\/iframe><\/div>\n","protected":false},"excerpt":{"rendered":"<p><strong>Engwe S6<\/strong>\u00a0Elektrit\u00f5ukeratas pakub sulle mugavat ja turvalist s\u00f5itu.<\/p>\n<p>Ideaalne valik neile, kes otsivad parima hinna-kvaliteedi suhtega t\u00f5ukeratast.<\/p>\n<p><strong>Engwe S6 <\/strong>15.6Ah aku v\u00f5imaldab l\u00e4bida kuni <strong>65 km<\/strong>\u00a0\u00fche laadimisega.<\/p>\n<p>Lisaks teeb kokkupandav rool selle mugavaks k\u00f5ikjale kaasa v\u00f5tmiseks.<\/p>\n<p>Ideaalne s\u00f5itmiseks linnas ja maal.<\/p>\n<ul>\n<li>S\u00f5idukaugus: 65 km<\/li>\n<li>Mootor: 700W<\/li>\n<li>Rehvid: 10*2,75 Tubeless rehv<\/li>\n<li>Aku: 15.6Ah<\/li>\n<li>Laadimisaeg: 5 h<\/li>\n<li>Veekindel: IPX4<\/li>\n<li>Kaal: 26 kg<\/li>\n<li>Kiirus: 25km\/h (piirajaga)<\/li>\n<\/ul>\n<p><strong>\u2666 Tarneaeg 2-6 p\u00e4eva<\/strong><br \/>\n<strong>\u2666 Laos<\/strong><\/p>\n","protected":false},"featured_media":16750,"template":"","meta":[],"product_cat":[1381,53,909,911,56],"product_tag":[],"class_list":{"0":"post-11723","1":"product","2":"type-product","3":"status-publish","4":"has-post-thumbnail","6":"product_cat-top-5-populaarsemat-elektritoukeratast","7":"product_cat-elektritoukerattad","8":"product_cat-linna-toukerattad","9":"product_cat-voimsad-toukerattad","10":"product_cat-engwe","11":"product_shipping_class-suured-pakid","13":"first","14":"instock","15":"sale","16":"taxable","17":"shipping-taxable","18":"purchasable","19":"product-type-simple"},"yoast_head":"<!-- This site is optimized with the Yoast SEO plugin v23.8 - https:\/\/yoast.com\/wordpress\/plugins\/seo\/ -->\n<title>Engwe S6 Elektrit\u00f5ukeratas, 65km - Ecocruiser<\/title>\n<meta name=\"robots\" content=\"noindex, follow, max-snippet:-1, max-image-preview:large, max-video-preview:-1\" \/>\n<meta property=\"og:locale\" content=\"en_GB\" \/>\n<meta property=\"og:type\" content=\"article\" \/>\n<meta property=\"og:title\" content=\"Engwe S6 Elektrit\u00f5ukeratas, 65km - Ecocruiser\" \/>\n<meta property=\"og:description\" content=\"Engwe S6\u00a0Elektrit\u00f5ukeratas pakub sulle mugavat ja turvalist s\u00f5itu.  Ideaalne valik neile, kes otsivad parima hinna-kvaliteedi suhtega t\u00f5ukeratast.  Engwe S6 15.6Ah aku v\u00f5imaldab l\u00e4bida kuni 65 km\u00a0\u00fche laadimisega.  Lisaks teeb kokkupandav rool selle mugavaks k\u00f5ikjale kaasa v\u00f5tmiseks.  Ideaalne s\u00f5itmiseks linnas ja maal.   S\u00f5idukaugus: 65 km  Mootor: 700W  Rehvid: 10*2,75 Tubeless rehv  Aku: 15.6Ah  Laadimisaeg: 5 h  Veekindel: IPX4  Kaal: 26 kg  Kiirus: 25km\/h (piirajaga)  \u2666 Tarneaeg 2-6 p\u00e4eva \u2666 Laos\" \/>\n<meta property=\"og:url\" content=\"https:\/\/projekt.vombat.ee\/eco\/pood\/brandid\/engwe\/engwe-s7-elektritoukeratas-65km\/\" \/>\n<meta property=\"og:site_name\" content=\"Ecocruiser\" \/>\n<meta property=\"article:modified_time\" content=\"2024-05-01T20:07:49+00:00\" \/>\n<meta property=\"og:image\" content=\"https:\/\/projekt.vombat.ee\/eco\/wp-content\/uploads\/2023\/08\/Kuvatommis-2024-04-11-204222.png\" \/>\n\t<meta property=\"og:image:width\" content=\"631\" \/>\n\t<meta property=\"og:image:height\" content=\"677\" \/>\n\t<meta property=\"og:image:type\" content=\"image\/png\" \/>\n<meta name=\"twitter:card\" content=\"summary_large_image\" \/>\n<meta name=\"twitter:label1\" content=\"Estimated reading time\" \/>\n\t<meta name=\"twitter:data1\" content=\"3 minutes\" \/>\n<script type=\"application\/ld+json\" class=\"yoast-schema-graph\">{\"@context\":\"https:\/\/schema.org\",\"@graph\":[{\"@type\":\"WebPage\",\"@id\":\"https:\/\/projekt.vombat.ee\/eco\/pood\/brandid\/engwe\/engwe-s7-elektritoukeratas-65km\/\",\"url\":\"https:\/\/projekt.vombat.ee\/eco\/pood\/brandid\/engwe\/engwe-s7-elektritoukeratas-65km\/\",\"name\":\"Engwe S6 Elektrit\u00f5ukeratas, 65km - Ecocruiser\",\"isPartOf\":{\"@id\":\"https:\/\/projekt.vombat.ee\/eco\/#website\"},\"primaryImageOfPage\":{\"@id\":\"https:\/\/projekt.vombat.ee\/eco\/pood\/brandid\/engwe\/engwe-s7-elektritoukeratas-65km\/#primaryimage\"},\"image\":{\"@id\":\"https:\/\/projekt.vombat.ee\/eco\/pood\/brandid\/engwe\/engwe-s7-elektritoukeratas-65km\/#primaryimage\"},\"thumbnailUrl\":\"https:\/\/projekt.vombat.ee\/eco\/wp-content\/uploads\/2023\/08\/Kuvatommis-2024-04-11-204222.png\",\"datePublished\":\"2023-08-09T14:55:46+00:00\",\"dateModified\":\"2024-05-01T20:07:49+00:00\",\"breadcrumb\":{\"@id\":\"https:\/\/projekt.vombat.ee\/eco\/pood\/brandid\/engwe\/engwe-s7-elektritoukeratas-65km\/#breadcrumb\"},\"inLanguage\":\"en-GB\",\"potentialAction\":[{\"@type\":\"ReadAction\",\"target\":[\"https:\/\/projekt.vombat.ee\/eco\/pood\/brandid\/engwe\/engwe-s7-elektritoukeratas-65km\/\"]}]},{\"@type\":\"ImageObject\",\"inLanguage\":\"en-GB\",\"@id\":\"https:\/\/projekt.vombat.ee\/eco\/pood\/brandid\/engwe\/engwe-s7-elektritoukeratas-65km\/#primaryimage\",\"url\":\"https:\/\/projekt.vombat.ee\/eco\/wp-content\/uploads\/2023\/08\/Kuvatommis-2024-04-11-204222.png\",\"contentUrl\":\"https:\/\/projekt.vombat.ee\/eco\/wp-content\/uploads\/2023\/08\/Kuvatommis-2024-04-11-204222.png\",\"width\":631,\"height\":677},{\"@type\":\"BreadcrumbList\",\"@id\":\"https:\/\/projekt.vombat.ee\/eco\/pood\/brandid\/engwe\/engwe-s7-elektritoukeratas-65km\/#breadcrumb\",\"itemListElement\":[{\"@type\":\"ListItem\",\"position\":1,\"name\":\"Home\",\"item\":\"https:\/\/projekt.vombat.ee\/eco\/\"},{\"@type\":\"ListItem\",\"position\":2,\"name\":\"Pood\",\"item\":\"https:\/\/projekt.vombat.ee\/eco\/pood\/\"},{\"@type\":\"ListItem\",\"position\":3,\"name\":\"Engwe S6 Elektrit\u00f5ukeratas, 65km\"}]},{\"@type\":\"WebSite\",\"@id\":\"https:\/\/projekt.vombat.ee\/eco\/#website\",\"url\":\"https:\/\/projekt.vombat.ee\/eco\/\",\"name\":\"Ecocruiser\",\"description\":\"\",\"publisher\":{\"@id\":\"https:\/\/projekt.vombat.ee\/eco\/#organization\"},\"potentialAction\":[{\"@type\":\"SearchAction\",\"target\":{\"@type\":\"EntryPoint\",\"urlTemplate\":\"https:\/\/projekt.vombat.ee\/eco\/?s={search_term_string}\"},\"query-input\":{\"@type\":\"PropertyValueSpecification\",\"valueRequired\":true,\"valueName\":\"search_term_string\"}}],\"inLanguage\":\"en-GB\"},{\"@type\":\"Organization\",\"@id\":\"https:\/\/projekt.vombat.ee\/eco\/#organization\",\"name\":\"Ecocruiser\",\"url\":\"https:\/\/projekt.vombat.ee\/eco\/\",\"logo\":{\"@type\":\"ImageObject\",\"inLanguage\":\"en-GB\",\"@id\":\"https:\/\/projekt.vombat.ee\/eco\/#\/schema\/logo\/image\/\",\"url\":\"https:\/\/projekt.vombat.ee\/eco\/wp-content\/uploads\/2023\/03\/ECOCRUISER_5.png\",\"contentUrl\":\"https:\/\/projekt.vombat.ee\/eco\/wp-content\/uploads\/2023\/03\/ECOCRUISER_5.png\",\"width\":234,\"height\":91,\"caption\":\"Ecocruiser\"},\"image\":{\"@id\":\"https:\/\/projekt.vombat.ee\/eco\/#\/schema\/logo\/image\/\"}}]}<\/script>\n<!-- \/ Yoast SEO plugin. -->","yoast_head_json":{"title":"Engwe S6 Elektrit\u00f5ukeratas, 65km - Ecocruiser","robots":{"index":"noindex","follow":"follow","max-snippet":"max-snippet:-1","max-image-preview":"max-image-preview:large","max-video-preview":"max-video-preview:-1"},"og_locale":"en_GB","og_type":"article","og_title":"Engwe S6 Elektrit\u00f5ukeratas, 65km - Ecocruiser","og_description":"Engwe S6\u00a0Elektrit\u00f5ukeratas pakub sulle mugavat ja turvalist s\u00f5itu.  Ideaalne valik neile, kes otsivad parima hinna-kvaliteedi suhtega t\u00f5ukeratast.  Engwe S6 15.6Ah aku v\u00f5imaldab l\u00e4bida kuni 65 km\u00a0\u00fche laadimisega.  Lisaks teeb kokkupandav rool selle mugavaks k\u00f5ikjale kaasa v\u00f5tmiseks.  Ideaalne s\u00f5itmiseks linnas ja maal.   S\u00f5idukaugus: 65 km  Mootor: 700W  Rehvid: 10*2,75 Tubeless rehv  Aku: 15.6Ah  Laadimisaeg: 5 h  Veekindel: IPX4  Kaal: 26 kg  Kiirus: 25km\/h (piirajaga)  \u2666 Tarneaeg 2-6 p\u00e4eva \u2666 Laos","og_url":"https:\/\/projekt.vombat.ee\/eco\/pood\/brandid\/engwe\/engwe-s7-elektritoukeratas-65km\/","og_site_name":"Ecocruiser","article_modified_time":"2024-05-01T20:07:49+00:00","og_image":[{"width":631,"height":677,"url":"https:\/\/projekt.vombat.ee\/eco\/wp-content\/uploads\/2023\/08\/Kuvatommis-2024-04-11-204222.png","type":"image\/png"}],"twitter_card":"summary_large_image","twitter_misc":{"Estimated reading time":"3 minutes"},"schema":{"@context":"https:\/\/schema.org","@graph":[{"@type":"WebPage","@id":"https:\/\/projekt.vombat.ee\/eco\/pood\/brandid\/engwe\/engwe-s7-elektritoukeratas-65km\/","url":"https:\/\/projekt.vombat.ee\/eco\/pood\/brandid\/engwe\/engwe-s7-elektritoukeratas-65km\/","name":"Engwe S6 Elektrit\u00f5ukeratas, 65km - Ecocruiser","isPartOf":{"@id":"https:\/\/projekt.vombat.ee\/eco\/#website"},"primaryImageOfPage":{"@id":"https:\/\/projekt.vombat.ee\/eco\/pood\/brandid\/engwe\/engwe-s7-elektritoukeratas-65km\/#primaryimage"},"image":{"@id":"https:\/\/projekt.vombat.ee\/eco\/pood\/brandid\/engwe\/engwe-s7-elektritoukeratas-65km\/#primaryimage"},"thumbnailUrl":"https:\/\/projekt.vombat.ee\/eco\/wp-content\/uploads\/2023\/08\/Kuvatommis-2024-04-11-204222.png","datePublished":"2023-08-09T14:55:46+00:00","dateModified":"2024-05-01T20:07:49+00:00","breadcrumb":{"@id":"https:\/\/projekt.vombat.ee\/eco\/pood\/brandid\/engwe\/engwe-s7-elektritoukeratas-65km\/#breadcrumb"},"inLanguage":"en-GB","potentialAction":[{"@type":"ReadAction","target":["https:\/\/projekt.vombat.ee\/eco\/pood\/brandid\/engwe\/engwe-s7-elektritoukeratas-65km\/"]}]},{"@type":"ImageObject","inLanguage":"en-GB","@id":"https:\/\/projekt.vombat.ee\/eco\/pood\/brandid\/engwe\/engwe-s7-elektritoukeratas-65km\/#primaryimage","url":"https:\/\/projekt.vombat.ee\/eco\/wp-content\/uploads\/2023\/08\/Kuvatommis-2024-04-11-204222.png","contentUrl":"https:\/\/projekt.vombat.ee\/eco\/wp-content\/uploads\/2023\/08\/Kuvatommis-2024-04-11-204222.png","width":631,"height":677},{"@type":"BreadcrumbList","@id":"https:\/\/projekt.vombat.ee\/eco\/pood\/brandid\/engwe\/engwe-s7-elektritoukeratas-65km\/#breadcrumb","itemListElement":[{"@type":"ListItem","position":1,"name":"Home","item":"https:\/\/projekt.vombat.ee\/eco\/"},{"@type":"ListItem","position":2,"name":"Pood","item":"https:\/\/projekt.vombat.ee\/eco\/pood\/"},{"@type":"ListItem","position":3,"name":"Engwe S6 Elektrit\u00f5ukeratas, 65km"}]},{"@type":"WebSite","@id":"https:\/\/projekt.vombat.ee\/eco\/#website","url":"https:\/\/projekt.vombat.ee\/eco\/","name":"Ecocruiser","description":"","publisher":{"@id":"https:\/\/projekt.vombat.ee\/eco\/#organization"},"potentialAction":[{"@type":"SearchAction","target":{"@type":"EntryPoint","urlTemplate":"https:\/\/projekt.vombat.ee\/eco\/?s={search_term_string}"},"query-input":{"@type":"PropertyValueSpecification","valueRequired":true,"valueName":"search_term_string"}}],"inLanguage":"en-GB"},{"@type":"Organization","@id":"https:\/\/projekt.vombat.ee\/eco\/#organization","name":"Ecocruiser","url":"https:\/\/projekt.vombat.ee\/eco\/","logo":{"@type":"ImageObject","inLanguage":"en-GB","@id":"https:\/\/projekt.vombat.ee\/eco\/#\/schema\/logo\/image\/","url":"https:\/\/projekt.vombat.ee\/eco\/wp-content\/uploads\/2023\/03\/ECOCRUISER_5.png","contentUrl":"https:\/\/projekt.vombat.ee\/eco\/wp-content\/uploads\/2023\/03\/ECOCRUISER_5.png","width":234,"height":91,"caption":"Ecocruiser"},"image":{"@id":"https:\/\/projekt.vombat.ee\/eco\/#\/schema\/logo\/image\/"}}]}},"lang":"et","translations":{"et":11723,"ru":16255},"pll_sync_post":[],"_links":{"self":[{"href":"https:\/\/projekt.vombat.ee\/eco\/wp-json\/wp\/v2\/product\/11723"}],"collection":[{"href":"https:\/\/projekt.vombat.ee\/eco\/wp-json\/wp\/v2\/product"}],"about":[{"href":"https:\/\/projekt.vombat.ee\/eco\/wp-json\/wp\/v2\/types\/product"}],"version-history":[{"count":17,"href":"https:\/\/projekt.vombat.ee\/eco\/wp-json\/wp\/v2\/product\/11723\/revisions"}],"predecessor-version":[{"id":16749,"href":"https:\/\/projekt.vombat.ee\/eco\/wp-json\/wp\/v2\/product\/11723\/revisions\/16749"}],"wp:featuredmedia":[{"embeddable":true,"href":"https:\/\/projekt.vombat.ee\/eco\/wp-json\/wp\/v2\/media\/16750"}],"wp:attachment":[{"href":"https:\/\/projekt.vombat.ee\/eco\/wp-json\/wp\/v2\/media?parent=11723"}],"wp:term":[{"taxonomy":"product_cat","embeddable":true,"href":"https:\/\/projekt.vombat.ee\/eco\/wp-json\/wp\/v2\/product_cat?post=11723"},{"taxonomy":"product_tag","embeddable":true,"href":"https:\/\/projekt.vombat.ee\/eco\/wp-json\/wp\/v2\/product_tag?post=11723"}],"curies":[{"name":"wp","href":"https:\/\/api.w.org\/{rel}","templated":true}]}}