{"id":11709,"date":"2023-08-09T13:40:07","date_gmt":"2023-08-09T13:40:07","guid":{"rendered":"https:\/\/projekt.vombat.ee\/eco\/?post_type=product&#038;p=11709"},"modified":"2024-04-22T08:08:48","modified_gmt":"2024-04-22T08:08:48","slug":"bogist-m5-max-elektriline-toukeratas-40km","status":"publish","type":"product","link":"https:\/\/projekt.vombat.ee\/eco\/pood\/elektritoukerattad\/linna-toukerattad\/bogist-m5-max-elektriline-toukeratas-40km\/","title":{"rendered":"BOGIST M5 Max elektriline t\u00f5ukeratas, 40km"},"content":{"rendered":"<h3>BOGIST M5 <strong>Max<\/strong> elektriline t\u00f5ukeratas<\/h3>\n<h3><img fetchpriority=\"high\" decoding=\"async\" class=\"msub_k4 mupj_5k mjru_k4 mse2_k4 mp7g_f6 mq1m_0 mj7u_0 m7er_k4 lazyloaded\" src=\"https:\/\/a.allegroimg.com\/original\/11ffc3\/14f7024e4d1a89b7a819d599fd8b\/Electric-Scooters-600W-13Ah-M5-Pro-45KM-H-Range-45-km\" sizes=\"(min-width: 1200px) 560px, (min-width: 992px) 50vw, 100vw\" srcset=\"https:\/\/a.allegroimg.com\/s360\/11ffc3\/14f7024e4d1a89b7a819d599fd8b\/Electric-Scooters-600W-13Ah-M5-Pro-45KM-H-Range-45-km 360w,https:\/\/a.allegroimg.com\/s720\/11ffc3\/14f7024e4d1a89b7a819d599fd8b\/Electric-Scooters-600W-13Ah-M5-Pro-45KM-H-Range-45-km 720w,https:\/\/a.allegroimg.com\/s1024\/11ffc3\/14f7024e4d1a89b7a819d599fd8b\/Electric-Scooters-600W-13Ah-M5-Pro-45KM-H-Range-45-km 1000w,https:\/\/a.allegroimg.com\/original\/11ffc3\/14f7024e4d1a89b7a819d599fd8b\/Electric-Scooters-600W-13Ah-M5-Pro-45KM-H-Range-45-km 1000w\" alt=\"Electric Scooters 600W 13Ah M5 Pro 45KM\/H Range 45 km\" width=\"586\" height=\"586\" data-src=\"https:\/\/a.allegroimg.com\/original\/11ffc3\/14f7024e4d1a89b7a819d599fd8b\/Electric-Scooters-600W-13Ah-M5-Pro-45KM-H-Range-45-km\" data-srcset=\"https:\/\/a.allegroimg.com\/s360\/11ffc3\/14f7024e4d1a89b7a819d599fd8b\/Electric-Scooters-600W-13Ah-M5-Pro-45KM-H-Range-45-km 360w,https:\/\/a.allegroimg.com\/s720\/11ffc3\/14f7024e4d1a89b7a819d599fd8b\/Electric-Scooters-600W-13Ah-M5-Pro-45KM-H-Range-45-km 720w,https:\/\/a.allegroimg.com\/s1024\/11ffc3\/14f7024e4d1a89b7a819d599fd8b\/Electric-Scooters-600W-13Ah-M5-Pro-45KM-H-Range-45-km 1000w,https:\/\/a.allegroimg.com\/original\/11ffc3\/14f7024e4d1a89b7a819d599fd8b\/Electric-Scooters-600W-13Ah-M5-Pro-45KM-H-Range-45-km 1000w\" \/><img decoding=\"async\" class=\"msub_k4 mupj_5k mjru_k4 mse2_k4 mp7g_f6 mq1m_0 mj7u_0 m7er_k4 lazyloaded\" src=\"https:\/\/a.allegroimg.com\/original\/11a775\/86f7d4b248f39507f9d8709cb0d7\/Electric-Scooters-600W-13Ah-M5-Pro-45KM-H\" sizes=\"(min-width: 1200px) 560px, (min-width: 992px) 50vw, 100vw\" srcset=\"https:\/\/a.allegroimg.com\/s360\/11a775\/86f7d4b248f39507f9d8709cb0d7\/Electric-Scooters-600W-13Ah-M5-Pro-45KM-H 360w,https:\/\/a.allegroimg.com\/s720\/11a775\/86f7d4b248f39507f9d8709cb0d7\/Electric-Scooters-600W-13Ah-M5-Pro-45KM-H 720w,https:\/\/a.allegroimg.com\/s1024\/11a775\/86f7d4b248f39507f9d8709cb0d7\/Electric-Scooters-600W-13Ah-M5-Pro-45KM-H 1000w,https:\/\/a.allegroimg.com\/original\/11a775\/86f7d4b248f39507f9d8709cb0d7\/Electric-Scooters-600W-13Ah-M5-Pro-45KM-H 1000w\" alt=\"Electric Scooters 600W 13Ah M5 Pro 45KM\/H\" width=\"587\" height=\"587\" data-src=\"https:\/\/a.allegroimg.com\/original\/11a775\/86f7d4b248f39507f9d8709cb0d7\/Electric-Scooters-600W-13Ah-M5-Pro-45KM-H\" data-srcset=\"https:\/\/a.allegroimg.com\/s360\/11a775\/86f7d4b248f39507f9d8709cb0d7\/Electric-Scooters-600W-13Ah-M5-Pro-45KM-H 360w,https:\/\/a.allegroimg.com\/s720\/11a775\/86f7d4b248f39507f9d8709cb0d7\/Electric-Scooters-600W-13Ah-M5-Pro-45KM-H 720w,https:\/\/a.allegroimg.com\/s1024\/11a775\/86f7d4b248f39507f9d8709cb0d7\/Electric-Scooters-600W-13Ah-M5-Pro-45KM-H 1000w,https:\/\/a.allegroimg.com\/original\/11a775\/86f7d4b248f39507f9d8709cb0d7\/Electric-Scooters-600W-13Ah-M5-Pro-45KM-H 1000w\" \/><\/h3>\n<h3>Kokkupandav elektrit\u00f5ukeratas koos korviga<\/h3>\n<p><img decoding=\"async\" class=\"msub_k4 mupj_5k mjru_k4 mse2_k4 mp7g_f6 mq1m_0 mj7u_0 m7er_k4 lazyloaded\" src=\"https:\/\/a.allegroimg.com\/original\/11cf70\/1605460c47368f8d45d6f48bed4a\/Electric-Scooters-600W-13Ah-M5-Pro-45KM-H-Brand-BOGIST\" sizes=\"100vw\" srcset=\"https:\/\/a.allegroimg.com\/s360\/11cf70\/1605460c47368f8d45d6f48bed4a\/Electric-Scooters-600W-13Ah-M5-Pro-45KM-H-Brand-BOGIST 360w,https:\/\/a.allegroimg.com\/s720\/11cf70\/1605460c47368f8d45d6f48bed4a\/Electric-Scooters-600W-13Ah-M5-Pro-45KM-H-Brand-BOGIST 720w,https:\/\/a.allegroimg.com\/s1024\/11cf70\/1605460c47368f8d45d6f48bed4a\/Electric-Scooters-600W-13Ah-M5-Pro-45KM-H-Brand-BOGIST 1000w,https:\/\/a.allegroimg.com\/original\/11cf70\/1605460c47368f8d45d6f48bed4a\/Electric-Scooters-600W-13Ah-M5-Pro-45KM-H-Brand-BOGIST 1000w\" alt=\"Electric Scooters 600W 13Ah M5 Pro 45KM\/H Brand BOGIST\" width=\"822\" height=\"822\" data-src=\"https:\/\/a.allegroimg.com\/original\/11cf70\/1605460c47368f8d45d6f48bed4a\/Electric-Scooters-600W-13Ah-M5-Pro-45KM-H-Brand-BOGIST\" data-srcset=\"https:\/\/a.allegroimg.com\/s360\/11cf70\/1605460c47368f8d45d6f48bed4a\/Electric-Scooters-600W-13Ah-M5-Pro-45KM-H-Brand-BOGIST 360w,https:\/\/a.allegroimg.com\/s720\/11cf70\/1605460c47368f8d45d6f48bed4a\/Electric-Scooters-600W-13Ah-M5-Pro-45KM-H-Brand-BOGIST 720w,https:\/\/a.allegroimg.com\/s1024\/11cf70\/1605460c47368f8d45d6f48bed4a\/Electric-Scooters-600W-13Ah-M5-Pro-45KM-H-Brand-BOGIST 1000w,https:\/\/a.allegroimg.com\/original\/11cf70\/1605460c47368f8d45d6f48bed4a\/Electric-Scooters-600W-13Ah-M5-Pro-45KM-H-Brand-BOGIST 1000w\" \/><\/p>\n<h3>LED valgusti<\/h3>\n<p>LED-valgusti, s\u00e4\u00e4stes 40% rohkem energiat kui tavatuled, muutes elektrit\u00f5ukeratta \u00f6\u00f6sel turvalisemaks.<\/p>\n<h3>3 s\u00f5idukiiruse re\u017eiimi<\/h3>\n<p>Saate juhtida k\u00e4ike, et juhtida teeoludes oma kiirust<\/p>\n<p>Mobiiltelefoni hoidjaga<\/p>\n<p>E-t\u00f5ukerattal on kaks v\u00f5tit, \u00fcks e-t\u00f5ukeratta k\u00e4ivitamiseks ja teine e-t\u00f5ukeratta lukustamiseks, et kaitsta seda varguse eest.<\/p>\n<p><img loading=\"lazy\" decoding=\"async\" class=\"msub_k4 mupj_5k mjru_k4 mse2_k4 mp7g_f6 mq1m_0 mj7u_0 m7er_k4 lazyloaded\" src=\"https:\/\/a.allegroimg.com\/original\/119dab\/98fb945b4352ae7c306b8be0972a\/Electric-Scooters-600W-13Ah-M5-Pro-45KM-H-Engine-Power-600-W\" sizes=\"(min-width: 1200px) 560px, (min-width: 992px) 50vw, 100vw\" srcset=\"https:\/\/a.allegroimg.com\/s360\/119dab\/98fb945b4352ae7c306b8be0972a\/Electric-Scooters-600W-13Ah-M5-Pro-45KM-H-Engine-Power-600-W 360w,https:\/\/a.allegroimg.com\/s720\/119dab\/98fb945b4352ae7c306b8be0972a\/Electric-Scooters-600W-13Ah-M5-Pro-45KM-H-Engine-Power-600-W 720w,https:\/\/a.allegroimg.com\/s1024\/119dab\/98fb945b4352ae7c306b8be0972a\/Electric-Scooters-600W-13Ah-M5-Pro-45KM-H-Engine-Power-600-W 1000w,https:\/\/a.allegroimg.com\/original\/119dab\/98fb945b4352ae7c306b8be0972a\/Electric-Scooters-600W-13Ah-M5-Pro-45KM-H-Engine-Power-600-W 1000w\" alt=\"Electric Scooters 600W 13Ah M5 Pro 45KM\/H Engine Power 600 W\" width=\"676\" height=\"479\" data-src=\"https:\/\/a.allegroimg.com\/original\/119dab\/98fb945b4352ae7c306b8be0972a\/Electric-Scooters-600W-13Ah-M5-Pro-45KM-H-Engine-Power-600-W\" data-srcset=\"https:\/\/a.allegroimg.com\/s360\/119dab\/98fb945b4352ae7c306b8be0972a\/Electric-Scooters-600W-13Ah-M5-Pro-45KM-H-Engine-Power-600-W 360w,https:\/\/a.allegroimg.com\/s720\/119dab\/98fb945b4352ae7c306b8be0972a\/Electric-Scooters-600W-13Ah-M5-Pro-45KM-H-Engine-Power-600-W 720w,https:\/\/a.allegroimg.com\/s1024\/119dab\/98fb945b4352ae7c306b8be0972a\/Electric-Scooters-600W-13Ah-M5-Pro-45KM-H-Engine-Power-600-W 1000w,https:\/\/a.allegroimg.com\/original\/119dab\/98fb945b4352ae7c306b8be0972a\/Electric-Scooters-600W-13Ah-M5-Pro-45KM-H-Engine-Power-600-W 1000w\" \/><\/p>\n<h3>Topeltpidurid<\/h3>\n<p>Eesmised ja tagumised ketaspidurid.<\/p>\n<p><img loading=\"lazy\" decoding=\"async\" class=\"msub_k4 mupj_5k mjru_k4 mse2_k4 mp7g_f6 mq1m_0 mj7u_0 m7er_k4 lazyloaded\" src=\"https:\/\/a.allegroimg.com\/original\/1121a0\/fec804ef4fbea762590499a7c20d\/Electric-Scooters-600W-13Ah-M5-Pro-45KM-H-Weight-25-kg\" sizes=\"100vw\" srcset=\"https:\/\/a.allegroimg.com\/s360\/1121a0\/fec804ef4fbea762590499a7c20d\/Electric-Scooters-600W-13Ah-M5-Pro-45KM-H-Weight-25-kg 360w,https:\/\/a.allegroimg.com\/s720\/1121a0\/fec804ef4fbea762590499a7c20d\/Electric-Scooters-600W-13Ah-M5-Pro-45KM-H-Weight-25-kg 720w,https:\/\/a.allegroimg.com\/s1024\/1121a0\/fec804ef4fbea762590499a7c20d\/Electric-Scooters-600W-13Ah-M5-Pro-45KM-H-Weight-25-kg 1024w,https:\/\/a.allegroimg.com\/s1440\/1121a0\/fec804ef4fbea762590499a7c20d\/Electric-Scooters-600W-13Ah-M5-Pro-45KM-H-Weight-25-kg 1200w,https:\/\/a.allegroimg.com\/original\/1121a0\/fec804ef4fbea762590499a7c20d\/Electric-Scooters-600W-13Ah-M5-Pro-45KM-H-Weight-25-kg 1200w\" alt=\"Electric Scooters 600W 13Ah M5 Pro 45KM\/H Weight 25 kg\" width=\"756\" height=\"756\" data-src=\"https:\/\/a.allegroimg.com\/original\/1121a0\/fec804ef4fbea762590499a7c20d\/Electric-Scooters-600W-13Ah-M5-Pro-45KM-H-Weight-25-kg\" data-srcset=\"https:\/\/a.allegroimg.com\/s360\/1121a0\/fec804ef4fbea762590499a7c20d\/Electric-Scooters-600W-13Ah-M5-Pro-45KM-H-Weight-25-kg 360w,https:\/\/a.allegroimg.com\/s720\/1121a0\/fec804ef4fbea762590499a7c20d\/Electric-Scooters-600W-13Ah-M5-Pro-45KM-H-Weight-25-kg 720w,https:\/\/a.allegroimg.com\/s1024\/1121a0\/fec804ef4fbea762590499a7c20d\/Electric-Scooters-600W-13Ah-M5-Pro-45KM-H-Weight-25-kg 1024w,https:\/\/a.allegroimg.com\/s1440\/1121a0\/fec804ef4fbea762590499a7c20d\/Electric-Scooters-600W-13Ah-M5-Pro-45KM-H-Weight-25-kg 1200w,https:\/\/a.allegroimg.com\/original\/1121a0\/fec804ef4fbea762590499a7c20d\/Electric-Scooters-600W-13Ah-M5-Pro-45KM-H-Weight-25-kg 1200w\" \/><\/p>\n<h3>Pehme iste ja korv<\/h3>\n<p>Kvaliteediga nahast iste ja korv s\u00f5itmiseks. Istme k\u00f5rgus on reguleeritav. Istme taga on reisimise mugavuse tagamiseks korv.<\/p>\n<p>T\u00f5ukerattale on paigaldatud ka amortisatsioonis\u00fcsteem mugavamaks s\u00f5itmiseks<\/p>\n<p><img loading=\"lazy\" decoding=\"async\" class=\"msub_k4 mupj_5k mjru_k4 mse2_k4 mp7g_f6 mq1m_0 mj7u_0 m7er_k4 lazyloaded\" src=\"https:\/\/a.allegroimg.com\/original\/1156af\/a5850f9249248ae9d13fe9c804d0\/Electric-Scooters-600W-13Ah-M5-Pro-45KM-H-Brake-kickscooter\" sizes=\"100vw\" srcset=\"https:\/\/a.allegroimg.com\/s360\/1156af\/a5850f9249248ae9d13fe9c804d0\/Electric-Scooters-600W-13Ah-M5-Pro-45KM-H-Brake-kickscooter 360w,https:\/\/a.allegroimg.com\/s720\/1156af\/a5850f9249248ae9d13fe9c804d0\/Electric-Scooters-600W-13Ah-M5-Pro-45KM-H-Brake-kickscooter 720w,https:\/\/a.allegroimg.com\/s1024\/1156af\/a5850f9249248ae9d13fe9c804d0\/Electric-Scooters-600W-13Ah-M5-Pro-45KM-H-Brake-kickscooter 1024w,https:\/\/a.allegroimg.com\/s1440\/1156af\/a5850f9249248ae9d13fe9c804d0\/Electric-Scooters-600W-13Ah-M5-Pro-45KM-H-Brake-kickscooter 1200w,https:\/\/a.allegroimg.com\/original\/1156af\/a5850f9249248ae9d13fe9c804d0\/Electric-Scooters-600W-13Ah-M5-Pro-45KM-H-Brake-kickscooter 1200w\" alt=\"Electric Scooters 600W 13Ah M5 Pro 45KM\/H Brake kickscooter\" width=\"750\" height=\"750\" data-src=\"https:\/\/a.allegroimg.com\/original\/1156af\/a5850f9249248ae9d13fe9c804d0\/Electric-Scooters-600W-13Ah-M5-Pro-45KM-H-Brake-kickscooter\" data-srcset=\"https:\/\/a.allegroimg.com\/s360\/1156af\/a5850f9249248ae9d13fe9c804d0\/Electric-Scooters-600W-13Ah-M5-Pro-45KM-H-Brake-kickscooter 360w,https:\/\/a.allegroimg.com\/s720\/1156af\/a5850f9249248ae9d13fe9c804d0\/Electric-Scooters-600W-13Ah-M5-Pro-45KM-H-Brake-kickscooter 720w,https:\/\/a.allegroimg.com\/s1024\/1156af\/a5850f9249248ae9d13fe9c804d0\/Electric-Scooters-600W-13Ah-M5-Pro-45KM-H-Brake-kickscooter 1024w,https:\/\/a.allegroimg.com\/s1440\/1156af\/a5850f9249248ae9d13fe9c804d0\/Electric-Scooters-600W-13Ah-M5-Pro-45KM-H-Brake-kickscooter 1200w,https:\/\/a.allegroimg.com\/original\/1156af\/a5850f9249248ae9d13fe9c804d0\/Electric-Scooters-600W-13Ah-M5-Pro-45KM-H-Brake-kickscooter 1200w\" \/><\/p>\n<h3>Suurus<\/h3>\n<p><img loading=\"lazy\" decoding=\"async\" class=\"msub_k4 mupj_5k mjru_k4 mse2_k4 mp7g_f6 mq1m_0 mj7u_0 m7er_k4 lazyloaded\" src=\"https:\/\/a.allegroimg.com\/original\/117d81\/db31d95245bea03b4de3c85e18f0\/Electric-Scooters-600W-13Ah-M5-Pro-45KM-H-Color-black\" sizes=\"100vw\" srcset=\"https:\/\/a.allegroimg.com\/s360\/117d81\/db31d95245bea03b4de3c85e18f0\/Electric-Scooters-600W-13Ah-M5-Pro-45KM-H-Color-black 360w,https:\/\/a.allegroimg.com\/s720\/117d81\/db31d95245bea03b4de3c85e18f0\/Electric-Scooters-600W-13Ah-M5-Pro-45KM-H-Color-black 720w,https:\/\/a.allegroimg.com\/s1024\/117d81\/db31d95245bea03b4de3c85e18f0\/Electric-Scooters-600W-13Ah-M5-Pro-45KM-H-Color-black 1000w,https:\/\/a.allegroimg.com\/original\/117d81\/db31d95245bea03b4de3c85e18f0\/Electric-Scooters-600W-13Ah-M5-Pro-45KM-H-Color-black 1000w\" alt=\"Electric Scooters 600W 13Ah M5 Pro 45KM\/H Color black\" width=\"738\" height=\"738\" data-src=\"https:\/\/a.allegroimg.com\/original\/117d81\/db31d95245bea03b4de3c85e18f0\/Electric-Scooters-600W-13Ah-M5-Pro-45KM-H-Color-black\" data-srcset=\"https:\/\/a.allegroimg.com\/s360\/117d81\/db31d95245bea03b4de3c85e18f0\/Electric-Scooters-600W-13Ah-M5-Pro-45KM-H-Color-black 360w,https:\/\/a.allegroimg.com\/s720\/117d81\/db31d95245bea03b4de3c85e18f0\/Electric-Scooters-600W-13Ah-M5-Pro-45KM-H-Color-black 720w,https:\/\/a.allegroimg.com\/s1024\/117d81\/db31d95245bea03b4de3c85e18f0\/Electric-Scooters-600W-13Ah-M5-Pro-45KM-H-Color-black 1000w,https:\/\/a.allegroimg.com\/original\/117d81\/db31d95245bea03b4de3c85e18f0\/Electric-Scooters-600W-13Ah-M5-Pro-45KM-H-Color-black 1000w\" \/><\/p>\n<h3>Info<\/h3>\n<p>Korpuse materjal: alumiiniumisulam<\/p>\n<p>Must: v\u00e4rv<\/p>\n<p>Aku mahutavus: 11AH<\/p>\n<p>Mootor: 500W<\/p>\n<p>Maksimaalne v\u00f5imsus: 600W<\/p>\n<p>Nimipinge (V): 48V<\/p>\n<p>Korpuse k\u00f5rgus (mm): 140<\/p>\n<p>Sobilik s\u00f5itjale pikkusega: 155-195cm<\/p>\n<p>Kandev\u00f5ime: 150kg<\/p>\n<p>Kiirusk\u00e4ik (KM): esimene k\u00e4ik 20 teine k\u00e4ik 30 kolmas k\u00e4ik 40 t\u00e4islaetud laadijad<\/p>\n<p>maksimaalne kiirus (km\/h): 25KM\/H (piirajaga)<\/p>\n<p>Maksimaalne l\u00e4bis\u00f5it: 35-40KM<\/p>\n<p>T\u00f6\u00f6temperatuur: -10 \u00b0 kuni 40 \u00b0<\/p>\n<p>Veekindel: IP64<\/p>\n<p>Rehvid: 12-tollised \u00f5hkrehvid<\/p>\n<p>T\u00f6\u00f6v\u00f5ime: V\u00f5imaldab s\u00f5ita kuni 40 km<\/p>\n<p>Laadimine: 6-8 h<\/p>\n<p>Kaal: 25 kg<\/p>\n<h3>Komplekt sisaldab:<\/h3>\n<p>1 x t\u00f5ukeratas<br \/>\n1 x toiteadapter<br \/>\n1 x kasutusjuhend<br \/>\n1 x t\u00f6\u00f6riistakomplekt<\/p>\n","protected":false},"excerpt":{"rendered":"<p><strong>BOGIST M5 Max<\/strong>\u00a0elektriline t\u00f5ukeratas pakub sulle mugavat ja turvalist s\u00f5itu.<\/p>\n<p><strong>BOGIST M5 Max <\/strong>v\u00f5imaldab l\u00e4bida kuni\u00a0<strong>40 km<\/strong>\u00a0\u00fche laadimisega.<\/p>\n<p>Ideaalne s\u00f5itmiseks linnas ja maal.<\/p>\n<ul>\n<li>Mootor: 250W(piirajaga)<\/li>\n<li><span style=\"font-size: inherit;\">Sobilik s\u00f5itjale pikkusega: 155-195cm<\/span><\/li>\n<li>Kandev\u00f5ime: 150kg<\/li>\n<li>Maksimaalne kiirus (km\/h): 25KM\/H (piirajaga)<\/li>\n<li>Aku: 11Ah<\/li>\n<li>Maksimaalne l\u00e4bis\u00f5it: 40KM<\/li>\n<li>Veekindel: IP64<\/li>\n<li>Rehvid: 12-tollised \u00f5hkrehvid<\/li>\n<li><span style=\"font-size: inherit;\">Laadimine: 6-8 h<\/span><\/li>\n<li>Iste ei kuulu komplekti<\/li>\n<\/ul>\n<p>\u2666\u00a0<strong>Tarneaeg 2-7 p\u00e4eva<\/strong><br \/>\n\u2666\u00a0<strong>Laos<\/strong><\/p>\n","protected":false},"featured_media":16384,"template":"","meta":[],"product_cat":[1381,53,909],"product_tag":[],"class_list":{"0":"post-11709","1":"product","2":"type-product","3":"status-publish","4":"has-post-thumbnail","6":"product_cat-top-5-populaarsemat-elektritoukeratast","7":"product_cat-elektritoukerattad","8":"product_cat-linna-toukerattad","9":"product_shipping_class-suured-pakid","11":"first","12":"instock","13":"sale","14":"taxable","15":"shipping-taxable","16":"purchasable","17":"product-type-simple"},"yoast_head":"<!-- This site is optimized with the Yoast SEO plugin v23.8 - https:\/\/yoast.com\/wordpress\/plugins\/seo\/ -->\n<title>BOGIST M5 Max elektriline t\u00f5ukeratas, 40km - Ecocruiser<\/title>\n<meta name=\"description\" content=\"BOGIST M5 Pro elektriline t\u00f5ukeratas. Pakub sulle mugavat ja turvalist s\u00f5itu.Ideaalne s\u00f5itmiseks linnas ja maal.\" \/>\n<meta name=\"robots\" content=\"noindex, follow, max-snippet:-1, max-image-preview:large, max-video-preview:-1\" \/>\n<meta property=\"og:locale\" content=\"en_GB\" \/>\n<meta property=\"og:type\" content=\"article\" \/>\n<meta property=\"og:title\" content=\"BOGIST M5 Max elektriline t\u00f5ukeratas, 40km - Ecocruiser\" \/>\n<meta property=\"og:description\" content=\"BOGIST M5 Pro elektriline t\u00f5ukeratas. Pakub sulle mugavat ja turvalist s\u00f5itu.Ideaalne s\u00f5itmiseks linnas ja maal.\" \/>\n<meta property=\"og:url\" content=\"https:\/\/projekt.vombat.ee\/eco\/pood\/elektritoukerattad\/linna-toukerattad\/bogist-m5-max-elektriline-toukeratas-40km\/\" \/>\n<meta property=\"og:site_name\" content=\"Ecocruiser\" \/>\n<meta property=\"article:modified_time\" content=\"2024-04-22T08:08:48+00:00\" \/>\n<meta property=\"og:image\" content=\"https:\/\/projekt.vombat.ee\/eco\/wp-content\/uploads\/2023\/08\/1-1.jpg\" \/>\n\t<meta property=\"og:image:width\" content=\"1500\" \/>\n\t<meta property=\"og:image:height\" content=\"1500\" \/>\n\t<meta property=\"og:image:type\" content=\"image\/jpeg\" \/>\n<meta name=\"twitter:card\" content=\"summary_large_image\" \/>\n<meta name=\"twitter:label1\" content=\"Estimated reading time\" \/>\n\t<meta name=\"twitter:data1\" content=\"3 minutes\" \/>\n<script type=\"application\/ld+json\" class=\"yoast-schema-graph\">{\"@context\":\"https:\/\/schema.org\",\"@graph\":[{\"@type\":\"WebPage\",\"@id\":\"https:\/\/projekt.vombat.ee\/eco\/pood\/elektritoukerattad\/linna-toukerattad\/bogist-m5-max-elektriline-toukeratas-40km\/\",\"url\":\"https:\/\/projekt.vombat.ee\/eco\/pood\/elektritoukerattad\/linna-toukerattad\/bogist-m5-max-elektriline-toukeratas-40km\/\",\"name\":\"BOGIST M5 Max elektriline t\u00f5ukeratas, 40km - Ecocruiser\",\"isPartOf\":{\"@id\":\"https:\/\/projekt.vombat.ee\/eco\/#website\"},\"primaryImageOfPage\":{\"@id\":\"https:\/\/projekt.vombat.ee\/eco\/pood\/elektritoukerattad\/linna-toukerattad\/bogist-m5-max-elektriline-toukeratas-40km\/#primaryimage\"},\"image\":{\"@id\":\"https:\/\/projekt.vombat.ee\/eco\/pood\/elektritoukerattad\/linna-toukerattad\/bogist-m5-max-elektriline-toukeratas-40km\/#primaryimage\"},\"thumbnailUrl\":\"https:\/\/projekt.vombat.ee\/eco\/wp-content\/uploads\/2023\/08\/1-1.jpg\",\"datePublished\":\"2023-08-09T13:40:07+00:00\",\"dateModified\":\"2024-04-22T08:08:48+00:00\",\"description\":\"BOGIST M5 Pro elektriline t\u00f5ukeratas. Pakub sulle mugavat ja turvalist s\u00f5itu.Ideaalne s\u00f5itmiseks linnas ja maal.\",\"breadcrumb\":{\"@id\":\"https:\/\/projekt.vombat.ee\/eco\/pood\/elektritoukerattad\/linna-toukerattad\/bogist-m5-max-elektriline-toukeratas-40km\/#breadcrumb\"},\"inLanguage\":\"en-GB\",\"potentialAction\":[{\"@type\":\"ReadAction\",\"target\":[\"https:\/\/projekt.vombat.ee\/eco\/pood\/elektritoukerattad\/linna-toukerattad\/bogist-m5-max-elektriline-toukeratas-40km\/\"]}]},{\"@type\":\"ImageObject\",\"inLanguage\":\"en-GB\",\"@id\":\"https:\/\/projekt.vombat.ee\/eco\/pood\/elektritoukerattad\/linna-toukerattad\/bogist-m5-max-elektriline-toukeratas-40km\/#primaryimage\",\"url\":\"https:\/\/projekt.vombat.ee\/eco\/wp-content\/uploads\/2023\/08\/1-1.jpg\",\"contentUrl\":\"https:\/\/projekt.vombat.ee\/eco\/wp-content\/uploads\/2023\/08\/1-1.jpg\",\"width\":1500,\"height\":1500},{\"@type\":\"BreadcrumbList\",\"@id\":\"https:\/\/projekt.vombat.ee\/eco\/pood\/elektritoukerattad\/linna-toukerattad\/bogist-m5-max-elektriline-toukeratas-40km\/#breadcrumb\",\"itemListElement\":[{\"@type\":\"ListItem\",\"position\":1,\"name\":\"Home\",\"item\":\"https:\/\/projekt.vombat.ee\/eco\/\"},{\"@type\":\"ListItem\",\"position\":2,\"name\":\"Pood\",\"item\":\"https:\/\/projekt.vombat.ee\/eco\/pood\/\"},{\"@type\":\"ListItem\",\"position\":3,\"name\":\"BOGIST M5 Max elektriline t\u00f5ukeratas, 40km\"}]},{\"@type\":\"WebSite\",\"@id\":\"https:\/\/projekt.vombat.ee\/eco\/#website\",\"url\":\"https:\/\/projekt.vombat.ee\/eco\/\",\"name\":\"Ecocruiser\",\"description\":\"\",\"publisher\":{\"@id\":\"https:\/\/projekt.vombat.ee\/eco\/#organization\"},\"potentialAction\":[{\"@type\":\"SearchAction\",\"target\":{\"@type\":\"EntryPoint\",\"urlTemplate\":\"https:\/\/projekt.vombat.ee\/eco\/?s={search_term_string}\"},\"query-input\":{\"@type\":\"PropertyValueSpecification\",\"valueRequired\":true,\"valueName\":\"search_term_string\"}}],\"inLanguage\":\"en-GB\"},{\"@type\":\"Organization\",\"@id\":\"https:\/\/projekt.vombat.ee\/eco\/#organization\",\"name\":\"Ecocruiser\",\"url\":\"https:\/\/projekt.vombat.ee\/eco\/\",\"logo\":{\"@type\":\"ImageObject\",\"inLanguage\":\"en-GB\",\"@id\":\"https:\/\/projekt.vombat.ee\/eco\/#\/schema\/logo\/image\/\",\"url\":\"https:\/\/projekt.vombat.ee\/eco\/wp-content\/uploads\/2023\/03\/ECOCRUISER_5.png\",\"contentUrl\":\"https:\/\/projekt.vombat.ee\/eco\/wp-content\/uploads\/2023\/03\/ECOCRUISER_5.png\",\"width\":234,\"height\":91,\"caption\":\"Ecocruiser\"},\"image\":{\"@id\":\"https:\/\/projekt.vombat.ee\/eco\/#\/schema\/logo\/image\/\"}}]}<\/script>\n<!-- \/ Yoast SEO plugin. -->","yoast_head_json":{"title":"BOGIST M5 Max elektriline t\u00f5ukeratas, 40km - Ecocruiser","description":"BOGIST M5 Pro elektriline t\u00f5ukeratas. Pakub sulle mugavat ja turvalist s\u00f5itu.Ideaalne s\u00f5itmiseks linnas ja maal.","robots":{"index":"noindex","follow":"follow","max-snippet":"max-snippet:-1","max-image-preview":"max-image-preview:large","max-video-preview":"max-video-preview:-1"},"og_locale":"en_GB","og_type":"article","og_title":"BOGIST M5 Max elektriline t\u00f5ukeratas, 40km - Ecocruiser","og_description":"BOGIST M5 Pro elektriline t\u00f5ukeratas. Pakub sulle mugavat ja turvalist s\u00f5itu.Ideaalne s\u00f5itmiseks linnas ja maal.","og_url":"https:\/\/projekt.vombat.ee\/eco\/pood\/elektritoukerattad\/linna-toukerattad\/bogist-m5-max-elektriline-toukeratas-40km\/","og_site_name":"Ecocruiser","article_modified_time":"2024-04-22T08:08:48+00:00","og_image":[{"width":1500,"height":1500,"url":"https:\/\/projekt.vombat.ee\/eco\/wp-content\/uploads\/2023\/08\/1-1.jpg","type":"image\/jpeg"}],"twitter_card":"summary_large_image","twitter_misc":{"Estimated reading time":"3 minutes"},"schema":{"@context":"https:\/\/schema.org","@graph":[{"@type":"WebPage","@id":"https:\/\/projekt.vombat.ee\/eco\/pood\/elektritoukerattad\/linna-toukerattad\/bogist-m5-max-elektriline-toukeratas-40km\/","url":"https:\/\/projekt.vombat.ee\/eco\/pood\/elektritoukerattad\/linna-toukerattad\/bogist-m5-max-elektriline-toukeratas-40km\/","name":"BOGIST M5 Max elektriline t\u00f5ukeratas, 40km - Ecocruiser","isPartOf":{"@id":"https:\/\/projekt.vombat.ee\/eco\/#website"},"primaryImageOfPage":{"@id":"https:\/\/projekt.vombat.ee\/eco\/pood\/elektritoukerattad\/linna-toukerattad\/bogist-m5-max-elektriline-toukeratas-40km\/#primaryimage"},"image":{"@id":"https:\/\/projekt.vombat.ee\/eco\/pood\/elektritoukerattad\/linna-toukerattad\/bogist-m5-max-elektriline-toukeratas-40km\/#primaryimage"},"thumbnailUrl":"https:\/\/projekt.vombat.ee\/eco\/wp-content\/uploads\/2023\/08\/1-1.jpg","datePublished":"2023-08-09T13:40:07+00:00","dateModified":"2024-04-22T08:08:48+00:00","description":"BOGIST M5 Pro elektriline t\u00f5ukeratas. Pakub sulle mugavat ja turvalist s\u00f5itu.Ideaalne s\u00f5itmiseks linnas ja maal.","breadcrumb":{"@id":"https:\/\/projekt.vombat.ee\/eco\/pood\/elektritoukerattad\/linna-toukerattad\/bogist-m5-max-elektriline-toukeratas-40km\/#breadcrumb"},"inLanguage":"en-GB","potentialAction":[{"@type":"ReadAction","target":["https:\/\/projekt.vombat.ee\/eco\/pood\/elektritoukerattad\/linna-toukerattad\/bogist-m5-max-elektriline-toukeratas-40km\/"]}]},{"@type":"ImageObject","inLanguage":"en-GB","@id":"https:\/\/projekt.vombat.ee\/eco\/pood\/elektritoukerattad\/linna-toukerattad\/bogist-m5-max-elektriline-toukeratas-40km\/#primaryimage","url":"https:\/\/projekt.vombat.ee\/eco\/wp-content\/uploads\/2023\/08\/1-1.jpg","contentUrl":"https:\/\/projekt.vombat.ee\/eco\/wp-content\/uploads\/2023\/08\/1-1.jpg","width":1500,"height":1500},{"@type":"BreadcrumbList","@id":"https:\/\/projekt.vombat.ee\/eco\/pood\/elektritoukerattad\/linna-toukerattad\/bogist-m5-max-elektriline-toukeratas-40km\/#breadcrumb","itemListElement":[{"@type":"ListItem","position":1,"name":"Home","item":"https:\/\/projekt.vombat.ee\/eco\/"},{"@type":"ListItem","position":2,"name":"Pood","item":"https:\/\/projekt.vombat.ee\/eco\/pood\/"},{"@type":"ListItem","position":3,"name":"BOGIST M5 Max elektriline t\u00f5ukeratas, 40km"}]},{"@type":"WebSite","@id":"https:\/\/projekt.vombat.ee\/eco\/#website","url":"https:\/\/projekt.vombat.ee\/eco\/","name":"Ecocruiser","description":"","publisher":{"@id":"https:\/\/projekt.vombat.ee\/eco\/#organization"},"potentialAction":[{"@type":"SearchAction","target":{"@type":"EntryPoint","urlTemplate":"https:\/\/projekt.vombat.ee\/eco\/?s={search_term_string}"},"query-input":{"@type":"PropertyValueSpecification","valueRequired":true,"valueName":"search_term_string"}}],"inLanguage":"en-GB"},{"@type":"Organization","@id":"https:\/\/projekt.vombat.ee\/eco\/#organization","name":"Ecocruiser","url":"https:\/\/projekt.vombat.ee\/eco\/","logo":{"@type":"ImageObject","inLanguage":"en-GB","@id":"https:\/\/projekt.vombat.ee\/eco\/#\/schema\/logo\/image\/","url":"https:\/\/projekt.vombat.ee\/eco\/wp-content\/uploads\/2023\/03\/ECOCRUISER_5.png","contentUrl":"https:\/\/projekt.vombat.ee\/eco\/wp-content\/uploads\/2023\/03\/ECOCRUISER_5.png","width":234,"height":91,"caption":"Ecocruiser"},"image":{"@id":"https:\/\/projekt.vombat.ee\/eco\/#\/schema\/logo\/image\/"}}]}},"lang":"et","translations":{"et":11709,"ru":12122},"pll_sync_post":[],"_links":{"self":[{"href":"https:\/\/projekt.vombat.ee\/eco\/wp-json\/wp\/v2\/product\/11709"}],"collection":[{"href":"https:\/\/projekt.vombat.ee\/eco\/wp-json\/wp\/v2\/product"}],"about":[{"href":"https:\/\/projekt.vombat.ee\/eco\/wp-json\/wp\/v2\/types\/product"}],"version-history":[{"count":11,"href":"https:\/\/projekt.vombat.ee\/eco\/wp-json\/wp\/v2\/product\/11709\/revisions"}],"predecessor-version":[{"id":11720,"href":"https:\/\/projekt.vombat.ee\/eco\/wp-json\/wp\/v2\/product\/11709\/revisions\/11720"}],"wp:featuredmedia":[{"embeddable":true,"href":"https:\/\/projekt.vombat.ee\/eco\/wp-json\/wp\/v2\/media\/16384"}],"wp:attachment":[{"href":"https:\/\/projekt.vombat.ee\/eco\/wp-json\/wp\/v2\/media?parent=11709"}],"wp:term":[{"taxonomy":"product_cat","embeddable":true,"href":"https:\/\/projekt.vombat.ee\/eco\/wp-json\/wp\/v2\/product_cat?post=11709"},{"taxonomy":"product_tag","embeddable":true,"href":"https:\/\/projekt.vombat.ee\/eco\/wp-json\/wp\/v2\/product_tag?post=11709"}],"curies":[{"name":"wp","href":"https:\/\/api.w.org\/{rel}","templated":true}]}}