{"id":11666,"date":"2023-08-17T09:05:47","date_gmt":"2023-08-17T09:05:47","guid":{"rendered":"https:\/\/projekt.vombat.ee\/eco\/?post_type=product&#038;p=11666"},"modified":"2024-02-29T00:07:49","modified_gmt":"2024-02-29T00:07:49","slug":"jobobike-robin-b-elektrijalgratas-80-km","status":"publish","type":"product","link":"https:\/\/projekt.vombat.ee\/eco\/pood\/elektrirattad\/maastikurattad\/jobobike-robin-b-elektrijalgratas-80-km\/","title":{"rendered":"Jobobike Robin B elektrijalgratas, 80 km"},"content":{"rendered":"<h1><strong>Jobobike Robin elektrijalgratas, must<\/strong><\/h1>\n<p><span style=\"color: #2f2f2f; font-size: 24px; font-weight: 600;\">Bafang 250W harjadeta mootor<\/span><\/p>\n<div class=\"mpof_ki myre_zn myre_8v_l m389_6m_l\">\n<div class=\"mp4t_16_s mryx_16_s mr3m_1 mli2_1 mh85_56 mh85_0_l\">\n<div class=\"mgn2_16 _0d3bd_am0a-\">\n<p><strong>V\u00f5imas p\u00f6\u00f6rdemoment (80 Nm) v\u00f5imaldab teil kiiresti t\u00f5usta j\u00e4rskudel n\u00f5lvadel.\u00a0Kiirem stardikiirendus tagab v\u00e4hem seisakuid ja s\u00f5idur\u00f5\u00f5mu, olenemata sellest, kas alustate \u00fclesm\u00e4ge v\u00f5i marsruudi alguses.<\/strong><\/p>\n<\/div>\n<\/div>\n<div class=\"mp4t_16_s mryx_16_s mr3m_1 mli2_1 mh85_56 mh85_0_l\">\n<div class=\"mg9e_8 mj7a_8 mg9e_0_s mvrt_0_s mj7a_0_s mh36_0_s mzmg_6m munh_16_l m3h2_16_l\">\n<div class=\"mp4t_0 mryx_0 munh_56 m3h2_56\">\n<div class=\"mp7g_oh\"><strong><img decoding=\"async\" class=\"msub_k4 mupj_5k mjru_k4 mse2_k4 mp7g_f6 mq1m_0 mj7u_0 m7er_k4 lazyloaded\" src=\"https:\/\/a.allegroimg.com\/original\/11ca32\/1bbd188e4c3c822eb5eb36f05df7\/FATBIKE-Elektryczny-MTB-Jobobike-ROBIN-14Ah-80KM-Model-Robin-B\" alt=\"FATBIKE elektriline MTB Jobobike ROBIN 14Ah 80KM mudel Robin B\" width=\"626px\" data-src=\"https:\/\/a.allegroimg.com\/original\/11ca32\/1bbd188e4c3c822eb5eb36f05df7\/FATBIKE-Elektryczny-MTB-Jobobike-ROBIN-14Ah-80KM-Model-Robin-B\" data-srcset=\"https:\/\/a.allegroimg.com\/s360\/11ca32\/1bbd188e4c3c822eb5eb36f05df7\/FATBIKE-Elektryczny-MTB-Jobobike-ROBIN-14Ah-80KM-Model-Robin-B 360w,https:\/\/a.allegroimg.com\/s720\/11ca32\/1bbd188e4c3c822eb5eb36f05df7\/FATBIKE-Elektryczny-MTB-Jobobike-ROBIN-14Ah-80KM-Model-Robin-B 626w,https:\/\/a.allegroimg.com\/original\/11ca32\/1bbd188e4c3c822eb5eb36f05df7\/FATBIKE-Elektryczny-MTB-Jobobike-ROBIN-14Ah-80KM-Model-Robin-B 626w\" \/><\/strong><\/div>\n<\/div>\n<\/div>\n<\/div>\n<\/div>\n<div class=\"mpof_ki myre_zn myre_8v_l m389_6m_l\">\n<div class=\"mp4t_16_s mryx_16_s mr3m_1 mli2_1 mh85_56 mh85_0_l\">\n<div class=\"mgn2_16 _0d3bd_am0a-\">\n<h3><strong>Fatbike&#8217;i rehvid -26&#8243;X4,0&#8243; CST<\/strong><\/h3>\n<p><strong>N\u00e4htavus Fatbike -26&#8243;x4,0&#8243; CST rehvid helkurteibiga, tagades hea n\u00e4htavuse ja n\u00e4htavuse.\u00a0Laiad rehvid, mida kasutatakse maapinnaga kokkupuutes, et te ei j\u00e4\u00e4ks liiva ega lumme kinni.<\/strong><\/p>\n<p><strong>\u00a0<\/strong><strong><img decoding=\"async\" class=\"msub_k4 mupj_5k mjru_k4 mse2_k4 mp7g_f6 mq1m_0 mj7u_0 m7er_k4 lazyloaded\" src=\"https:\/\/a.allegroimg.com\/original\/1139f5\/63c1077f4252879d94eb7662f121\/FATBIKE-Elektryczny-MTB-Jobobike-ROBIN-14Ah-80KM-Marka-Jobobike\" alt=\"FATBIKE elektriline MTB Jobobike ROBIN 14Ah 80KM Brand Jobobike\" width=\"625px\" data-src=\"https:\/\/a.allegroimg.com\/original\/1139f5\/63c1077f4252879d94eb7662f121\/FATBIKE-Elektryczny-MTB-Jobobike-ROBIN-14Ah-80KM-Marka-Jobobike\" data-srcset=\"https:\/\/a.allegroimg.com\/s360\/1139f5\/63c1077f4252879d94eb7662f121\/FATBIKE-Elektryczny-MTB-Jobobike-ROBIN-14Ah-80KM-Marka-Jobobike 360w,https:\/\/a.allegroimg.com\/s720\/1139f5\/63c1077f4252879d94eb7662f121\/FATBIKE-Elektryczny-MTB-Jobobike-ROBIN-14Ah-80KM-Marka-Jobobike 625w,https:\/\/a.allegroimg.com\/original\/1139f5\/63c1077f4252879d94eb7662f121\/FATBIKE-Elektryczny-MTB-Jobobike-ROBIN-14Ah-80KM-Marka-Jobobike 625w\" \/><\/strong><\/p>\n<\/div>\n<\/div>\n<\/div>\n<div class=\"mpof_ki myre_zn myre_8v_l m389_6m_l\">\n<div class=\"mp4t_16_s mryx_16_s mr3m_1 mli2_1 mh85_56 mh85_0_l\">\n<div class=\"mgn2_16 _0d3bd_am0a-\">\n<h3><strong>KMC maailmatasemel kett<\/strong><\/h3>\n<p><strong>KMC ketiklassid likvideeriti.\u00a0K\u00e4itus kaaluda, et taluda \u00e4\u00e4rmuslikke ilmastikutingimusi, sealhulgas soola, suurt saagikust, lund ja vihma.<\/strong><\/p>\n<\/div>\n<\/div>\n<div class=\"mp4t_16_s mryx_16_s mr3m_1 mli2_1 mh85_56 mh85_0_l\">\n<div class=\"mg9e_8 mj7a_8 mg9e_0_s mvrt_0_s mj7a_0_s mh36_0_s mzmg_6m munh_16_l m3h2_16_l\">\n<div class=\"mp4t_0 mryx_0 munh_56 m3h2_56\">\n<div class=\"mp7g_oh\"><strong><img decoding=\"async\" class=\"msub_k4 mupj_5k mjru_k4 mse2_k4 mp7g_f6 mq1m_0 mj7u_0 m7er_k4 lazyloaded\" src=\"https:\/\/a.allegroimg.com\/original\/11d25a\/bd5ae43f4a2ea827d0168f0b888d\/FATBIKE-Elektryczny-MTB-Jobobike-ROBIN-14Ah-80KM-Kod-producenta-4537367220650\" alt=\"FATBIKE Electric MTB Jobobike ROBIN 14Ah 80KM Tootjakood 4537367220650\" width=\"626px\" data-src=\"https:\/\/a.allegroimg.com\/original\/11d25a\/bd5ae43f4a2ea827d0168f0b888d\/FATBIKE-Elektryczny-MTB-Jobobike-ROBIN-14Ah-80KM-Kod-producenta-4537367220650\" data-srcset=\"https:\/\/a.allegroimg.com\/s360\/11d25a\/bd5ae43f4a2ea827d0168f0b888d\/FATBIKE-Elektryczny-MTB-Jobobike-ROBIN-14Ah-80KM-Kod-producenta-4537367220650 360w,https:\/\/a.allegroimg.com\/s720\/11d25a\/bd5ae43f4a2ea827d0168f0b888d\/FATBIKE-Elektryczny-MTB-Jobobike-ROBIN-14Ah-80KM-Kod-producenta-4537367220650 626w,https:\/\/a.allegroimg.com\/original\/11d25a\/bd5ae43f4a2ea827d0168f0b888d\/FATBIKE-Elektryczny-MTB-Jobobike-ROBIN-14Ah-80KM-Kod-producenta-4537367220650 626w\" \/><\/strong><\/div>\n<\/div>\n<\/div>\n<\/div>\n<\/div>\n<div class=\"mpof_ki myre_zn myre_8v_l m389_6m_l\">\n<div class=\"mp4t_16_s mryx_16_s mr3m_1 mli2_1 mh85_56 mh85_0_l\">\n<div class=\"mgn2_16 _0d3bd_am0a-\">\n<h3><strong>JOBOBIKE Robin &amp; JOBOBIKE Robin ST<\/strong><\/h3>\n<p><strong>Pakume kahte t\u00fc\u00fcpi raame \u2013 k\u00f5rge raam ja madal seisev, olenevalt s\u00f5itja pikkusest ja isiklikust s\u00f5idumugavusest.<\/strong><\/p>\n<\/div>\n<\/div>\n<\/div>\n<div class=\"mpof_ki myre_zn myre_8v_l m389_6m_l\">\n<div class=\"mp4t_16_s mryx_16_s mr3m_1 mli2_1 mh85_56 mh85_0_l\">\n<div class=\"mg9e_8 mj7a_8 mg9e_0_s mvrt_0_s mj7a_0_s mh36_0_s mzmg_6m munh_16_l m3h2_16_l\">\n<div class=\"mp4t_0 mryx_0 munh_56 m3h2_56\">\n<div class=\"mp7g_oh\"><strong><img decoding=\"async\" class=\"msub_k4 mupj_5k mjru_k4 mse2_k4 mp7g_f6 mq1m_0 mj7u_0 m7er_k4 lazyloaded\" src=\"https:\/\/a.allegroimg.com\/original\/11fb3f\/4edaa75c4653a0f9b4f8d15e404c\/FATBIKE-Elektryczny-MTB-Jobobike-ROBIN-14Ah-80KM-EAN-GTIN-4537367220650\" alt=\"FATBIKE elektriline MTB Jobobike ROBIN 14Ah 80KM EAN (GTIN) 4537367220650\" width=\"1920px\" data-src=\"https:\/\/a.allegroimg.com\/original\/11fb3f\/4edaa75c4653a0f9b4f8d15e404c\/FATBIKE-Elektryczny-MTB-Jobobike-ROBIN-14Ah-80KM-EAN-GTIN-4537367220650\" data-srcset=\"https:\/\/a.allegroimg.com\/s360\/11fb3f\/4edaa75c4653a0f9b4f8d15e404c\/FATBIKE-Elektryczny-MTB-Jobobike-ROBIN-14Ah-80KM-EAN-GTIN-4537367220650 360w,https:\/\/a.allegroimg.com\/s720\/11fb3f\/4edaa75c4653a0f9b4f8d15e404c\/FATBIKE-Elektryczny-MTB-Jobobike-ROBIN-14Ah-80KM-EAN-GTIN-4537367220650 720w,https:\/\/a.allegroimg.com\/s1024\/11fb3f\/4edaa75c4653a0f9b4f8d15e404c\/FATBIKE-Elektryczny-MTB-Jobobike-ROBIN-14Ah-80KM-EAN-GTIN-4537367220650 1024w,https:\/\/a.allegroimg.com\/s1440\/11fb3f\/4edaa75c4653a0f9b4f8d15e404c\/FATBIKE-Elektryczny-MTB-Jobobike-ROBIN-14Ah-80KM-EAN-GTIN-4537367220650 1440w,https:\/\/a.allegroimg.com\/original\/11fb3f\/4edaa75c4653a0f9b4f8d15e404c\/FATBIKE-Elektryczny-MTB-Jobobike-ROBIN-14Ah-80KM-EAN-GTIN-4537367220650 1920w\" \/><\/strong><\/div>\n<\/div>\n<\/div>\n<\/div>\n<\/div>\n<div class=\"mpof_ki myre_zn myre_8v_l m389_6m_l\">\n<div class=\"mp4t_16_s mryx_16_s mr3m_1 mli2_1 mh85_56 mh85_0_l\">\n<div class=\"mg9e_8 mj7a_8 mg9e_0_s mvrt_0_s mj7a_0_s mh36_0_s mzmg_6m munh_16_l m3h2_16_l\">\n<div class=\"mp4t_0 mryx_0 munh_56 m3h2_56\">\n<h3 class=\"mp7g_oh\"><strong>LCD<\/strong><\/h3>\n<\/div>\n<\/div>\n<\/div>\n<\/div>\n<div class=\"mpof_ki myre_zn myre_8v_l m389_6m_l\">\n<div class=\"mp4t_16_s mryx_16_s mr3m_1 mli2_1 mh85_56 mh85_0_l\">\n<div class=\"mgn2_16 _0d3bd_am0a-\">\n<p><strong>KD986 suure kontrastsusega LCD-ekraan koos USB-pordiga, et n\u00e4idata paigutuse t\u00e4iustamise taset ja palju muud.<\/strong><\/p>\n<h3><strong>TEKTRO MEHAANILISED KETTAPIDURID<\/strong><\/h3>\n<p><strong>Tektro mehaanilised kettad l\u00fchikese pidurdusteekonna ja reasisese t\u00f5hususe tagamiseks.<\/strong><\/p>\n<h3><strong>AKU LG 48V 14AH<\/strong><\/h3>\n<p><strong>LG aku on kaadris efektiivne, muutes selle stabiilsemaks ja turvalisemaks ning t\u00f6\u00f6tamise eest paremini kaitstuks.\u00a0Akul on USB-port.<\/strong><\/p>\n<\/div>\n<\/div>\n<\/div>\n<div class=\"mpof_ki myre_zn myre_8v_l m389_6m_l\">\n<div class=\"mp4t_16_s mryx_16_s mr3m_1 mli2_1 mh85_56 mh85_0_l\">\n<div class=\"mg9e_8 mj7a_8 mg9e_0_s mvrt_0_s mj7a_0_s mh36_0_s mzmg_6m munh_16_l m3h2_16_l\">\n<div class=\"mp4t_0 mryx_0 munh_56 m3h2_56\">\n<div class=\"mp7g_oh\"><strong><img decoding=\"async\" class=\"msub_k4 mupj_5k mjru_k4 mse2_k4 mp7g_f6 mq1m_0 mj7u_0 m7er_k4 lazyloaded\" src=\"https:\/\/a.allegroimg.com\/original\/116c13\/76e285ff4eeaa6b0f4a5569ea667\/FATBIKE-Elektryczny-MTB-Jobobike-ROBIN-14Ah-80KM-Rozmiar-kola-26\" alt=\"FATBIKE elektriline MTB Jobobike ROBIN 14Ah 80KM rattam\u00f5\u00f5t (&quot;) 26\" width=\"1405px\" data-src=\"https:\/\/a.allegroimg.com\/original\/116c13\/76e285ff4eeaa6b0f4a5569ea667\/FATBIKE-Elektryczny-MTB-Jobobike-ROBIN-14Ah-80KM-Rozmiar-kola-26\" data-srcset=\"https:\/\/a.allegroimg.com\/s360\/116c13\/76e285ff4eeaa6b0f4a5569ea667\/FATBIKE-Elektryczny-MTB-Jobobike-ROBIN-14Ah-80KM-Rozmiar-kola-26 360w,https:\/\/a.allegroimg.com\/s720\/116c13\/76e285ff4eeaa6b0f4a5569ea667\/FATBIKE-Elektryczny-MTB-Jobobike-ROBIN-14Ah-80KM-Rozmiar-kola-26 720w,https:\/\/a.allegroimg.com\/s1024\/116c13\/76e285ff4eeaa6b0f4a5569ea667\/FATBIKE-Elektryczny-MTB-Jobobike-ROBIN-14Ah-80KM-Rozmiar-kola-26 1024w,https:\/\/a.allegroimg.com\/s1440\/116c13\/76e285ff4eeaa6b0f4a5569ea667\/FATBIKE-Elektryczny-MTB-Jobobike-ROBIN-14Ah-80KM-Rozmiar-kola-26 1405w,https:\/\/a.allegroimg.com\/original\/116c13\/76e285ff4eeaa6b0f4a5569ea667\/FATBIKE-Elektryczny-MTB-Jobobike-ROBIN-14Ah-80KM-Rozmiar-kola-26 1405w\" \/><\/strong><\/div>\n<\/div>\n<\/div>\n<\/div>\n<\/div>\n<div class=\"mpof_ki myre_zn myre_8v_l m389_6m_l\">\n<div class=\"mp4t_16_s mryx_16_s mr3m_1 mli2_1 mh85_56 mh85_0_l\">\n<div class=\"mgn2_16 _0d3bd_am0a-\">\n<h3><strong>SHIMANO 7 K\u00c4IKU<\/strong><\/h3>\n<p><strong>Shimano 7-k\u00e4iguline k\u00e4iguvahetaja annab teile rohkem valikuv\u00f5imalusi ja aitab teil toime tulla erinevat t\u00fc\u00fcpi radadega. L<\/strong><strong>ibisemisvastased pedaalid on heades pedaalides <\/strong><strong>libisemiskindlas pedaalis, mis on madalamatest ohutumad ja lumisel ja auklikul teel halvemad.<\/strong><\/p>\n<h3><strong>LAI JUHT<\/strong><\/h3>\n<p><strong>T\u00e4nu libisemiskindlale k\u00e4epidemele ja spetsiaalsele sadulale on s\u00f5it mugav ja mugavam.<\/strong><\/p>\n<\/div>\n<\/div>\n<\/div>\n<div class=\"mpof_ki myre_zn myre_8v_l m389_6m_l\">\n<div class=\"mp4t_16_s mryx_16_s mr3m_1 mli2_1 mh85_56 mh85_0_l\">\n<div class=\"mg9e_8 mj7a_8 mg9e_0_s mvrt_0_s mj7a_0_s mh36_0_s mzmg_6m munh_16_l m3h2_16_l\">\n<div class=\"mp4t_0 mryx_0 munh_56 m3h2_56\">\n<div class=\"mp7g_oh\"><strong><img decoding=\"async\" class=\"msub_k4 mupj_5k mjru_k4 mse2_k4 mp7g_f6 mq1m_0 mj7u_0 m7er_k4 lazyloaded\" src=\"https:\/\/a.allegroimg.com\/original\/114fd0\/d5b1e89a48eeadf7820713c0932a\/FATBIKE-Elektryczny-MTB-Jobobike-ROBIN-14Ah-80KM-Rozmiar-ramy-brak-informacji\" alt=\"FATBIKE Electric MTB Jobobike ROBIN 14Ah 80KM Raami suurus pole t\u00e4psustatud\" width=\"1363px\" data-src=\"https:\/\/a.allegroimg.com\/original\/114fd0\/d5b1e89a48eeadf7820713c0932a\/FATBIKE-Elektryczny-MTB-Jobobike-ROBIN-14Ah-80KM-Rozmiar-ramy-brak-informacji\" data-srcset=\"https:\/\/a.allegroimg.com\/s360\/114fd0\/d5b1e89a48eeadf7820713c0932a\/FATBIKE-Elektryczny-MTB-Jobobike-ROBIN-14Ah-80KM-Rozmiar-ramy-brak-informacji 360w,https:\/\/a.allegroimg.com\/s720\/114fd0\/d5b1e89a48eeadf7820713c0932a\/FATBIKE-Elektryczny-MTB-Jobobike-ROBIN-14Ah-80KM-Rozmiar-ramy-brak-informacji 720w,https:\/\/a.allegroimg.com\/s1024\/114fd0\/d5b1e89a48eeadf7820713c0932a\/FATBIKE-Elektryczny-MTB-Jobobike-ROBIN-14Ah-80KM-Rozmiar-ramy-brak-informacji 1024w,https:\/\/a.allegroimg.com\/s1440\/114fd0\/d5b1e89a48eeadf7820713c0932a\/FATBIKE-Elektryczny-MTB-Jobobike-ROBIN-14Ah-80KM-Rozmiar-ramy-brak-informacji 1363w,https:\/\/a.allegroimg.com\/original\/114fd0\/d5b1e89a48eeadf7820713c0932a\/FATBIKE-Elektryczny-MTB-Jobobike-ROBIN-14Ah-80KM-Rozmiar-ramy-brak-informacji 1363w\" \/><\/strong><\/div>\n<div><\/div>\n<\/div>\n<h3><strong>Info:<\/strong><\/h3>\n<\/div>\n<\/div>\n<\/div>\n<div class=\"mpof_ki myre_zn myre_8v_l m389_6m_l\">\n<div class=\"mp4t_16_s mryx_16_s mr3m_1 mli2_1 mh85_56 mh85_0_l\">\n<div class=\"mg9e_8 mj7a_8 mg9e_0_s mvrt_0_s mj7a_0_s mh36_0_s mzmg_6m munh_16_l m3h2_16_l\">\n<div class=\"mp4t_0 mryx_0 munh_56 m3h2_56\">\n<div class=\"mp7g_oh\">\n<ul>\n<li><strong>V\u00e4rv: Must<\/strong><\/li>\n<li><strong>Mootor: Bafang 250W harjadeta mootor<\/strong><\/li>\n<li><strong>S\u00f5iduulatus: 80 km<\/strong><\/li>\n<li><strong>Rehvid: <\/strong><strong>-26&#8243;X4,0&#8243; CST<\/strong><\/li>\n<li><b>Aku: LG 48V 14AH<\/b><\/li>\n<li><strong>LCD: KD986 suure kontrastsusega LCD-ekraan koos USB-pordiga, et n\u00e4idata paigutuse t\u00e4iustamise taset ja palju muud.<\/strong><\/li>\n<li><strong>K\u00e4iguvahetaja: <b>SHIMANO 7-K\u00c4IGULINE<\/b><\/strong><\/li>\n<li><strong>Pedaalid: L<b>ibisemisvastased pedaalid.<\/b><\/strong><\/li>\n<\/ul>\n<p>&nbsp;<\/p>\n<\/div>\n<\/div>\n<\/div>\n<\/div>\n<\/div>\n","protected":false},"excerpt":{"rendered":"<p><strong>Jobobike Robin B elektrijalgratas, must<\/strong><\/p>\n<ul>\n<li><strong>V\u00e4rv: Must<\/strong><\/li>\n<li><strong>Mootor: Bafang 250W harjadeta mootor<\/strong><\/li>\n<li><strong>S\u00f5iduulatus: 80 km<\/strong><\/li>\n<li><strong>Rehvid: <\/strong><strong>-26&#8243;X4,0&#8243; CST<\/strong><\/li>\n<li><b>Aku: LG 48V 14AH<\/b><\/li>\n<li><strong>LCD: KD986 suure kontrastsusega LCD-ekraan koos USB-pordiga, et n\u00e4idata paigutuse t\u00e4iustamise taset ja palju muud.<\/strong><\/li>\n<li><strong>K\u00e4iguvahetaja: <b>SHIMANO 7-K\u00c4IGULINE<\/b><\/strong><\/li>\n<li><strong>Pedaalid: L<b>ibisemisvastased pedaalid.<\/b><\/strong><\/li>\n<\/ul>\n<p>&nbsp;<\/p>\n<ul>\n<li><strong>Tarneaeg 2-7 p\u00e4eva<\/strong><\/li>\n<li><strong>Laos<\/strong><\/li>\n<\/ul>\n","protected":false},"featured_media":11661,"template":"","meta":[],"product_cat":[52,905],"product_tag":[],"class_list":{"0":"post-11666","1":"product","2":"type-product","3":"status-publish","4":"has-post-thumbnail","6":"product_cat-elektrirattad","7":"product_cat-maastikurattad","8":"product_shipping_class-suured-pakid","10":"first","11":"instock","12":"sale","13":"taxable","14":"shipping-taxable","15":"purchasable","16":"product-type-simple"},"yoast_head":"<!-- This site is optimized with the Yoast SEO plugin v23.8 - https:\/\/yoast.com\/wordpress\/plugins\/seo\/ -->\n<title>Jobobike Robin B elektrijalgratas, 80 km - Ecocruiser<\/title>\n<meta name=\"description\" content=\"V\u00e4rv: sinine. Mootor: Bafang 250W harjadeta mootor. Rehvid: -26&quot;X4,0&quot; CST. Aku: LG 48V 14AH. LCD: KD986 suure kontrastsusega LCD-ekraan koos USB-pordiga, et n\u00e4idata paigutuse t\u00e4iustamise taset ja palju muud. K\u00e4iguvahetaja: SHIMANO 7-K\u00c4IGULINE. Pedaalid: libisemisvastased pedaalid.\" \/>\n<meta name=\"robots\" content=\"noindex, follow, max-snippet:-1, max-image-preview:large, max-video-preview:-1\" \/>\n<meta property=\"og:locale\" content=\"en_GB\" \/>\n<meta property=\"og:type\" content=\"article\" \/>\n<meta property=\"og:title\" content=\"Jobobike Robin B elektrijalgratas, 80 km - Ecocruiser\" \/>\n<meta property=\"og:description\" content=\"V\u00e4rv: sinine. Mootor: Bafang 250W harjadeta mootor. Rehvid: -26&quot;X4,0&quot; CST. Aku: LG 48V 14AH. LCD: KD986 suure kontrastsusega LCD-ekraan koos USB-pordiga, et n\u00e4idata paigutuse t\u00e4iustamise taset ja palju muud. K\u00e4iguvahetaja: SHIMANO 7-K\u00c4IGULINE. Pedaalid: libisemisvastased pedaalid.\" \/>\n<meta property=\"og:url\" content=\"https:\/\/projekt.vombat.ee\/eco\/pood\/elektrirattad\/maastikurattad\/jobobike-robin-b-elektrijalgratas-80-km\/\" \/>\n<meta property=\"og:site_name\" content=\"Ecocruiser\" \/>\n<meta property=\"article:modified_time\" content=\"2024-02-29T00:07:49+00:00\" \/>\n<meta property=\"og:image\" content=\"https:\/\/projekt.vombat.ee\/eco\/wp-content\/uploads\/2023\/08\/Elektrijalgratas-ROBIN-must.jpeg\" \/>\n\t<meta property=\"og:image:width\" content=\"714\" \/>\n\t<meta property=\"og:image:height\" content=\"720\" \/>\n\t<meta property=\"og:image:type\" content=\"image\/jpeg\" \/>\n<meta name=\"twitter:card\" content=\"summary_large_image\" \/>\n<meta name=\"twitter:label1\" content=\"Estimated reading time\" \/>\n\t<meta name=\"twitter:data1\" content=\"3 minutes\" \/>\n<script type=\"application\/ld+json\" class=\"yoast-schema-graph\">{\"@context\":\"https:\/\/schema.org\",\"@graph\":[{\"@type\":\"WebPage\",\"@id\":\"https:\/\/projekt.vombat.ee\/eco\/pood\/elektrirattad\/maastikurattad\/jobobike-robin-b-elektrijalgratas-80-km\/\",\"url\":\"https:\/\/projekt.vombat.ee\/eco\/pood\/elektrirattad\/maastikurattad\/jobobike-robin-b-elektrijalgratas-80-km\/\",\"name\":\"Jobobike Robin B elektrijalgratas, 80 km - Ecocruiser\",\"isPartOf\":{\"@id\":\"https:\/\/projekt.vombat.ee\/eco\/#website\"},\"primaryImageOfPage\":{\"@id\":\"https:\/\/projekt.vombat.ee\/eco\/pood\/elektrirattad\/maastikurattad\/jobobike-robin-b-elektrijalgratas-80-km\/#primaryimage\"},\"image\":{\"@id\":\"https:\/\/projekt.vombat.ee\/eco\/pood\/elektrirattad\/maastikurattad\/jobobike-robin-b-elektrijalgratas-80-km\/#primaryimage\"},\"thumbnailUrl\":\"https:\/\/projekt.vombat.ee\/eco\/wp-content\/uploads\/2023\/08\/Elektrijalgratas-ROBIN-must.jpeg\",\"datePublished\":\"2023-08-17T09:05:47+00:00\",\"dateModified\":\"2024-02-29T00:07:49+00:00\",\"description\":\"V\u00e4rv: sinine. Mootor: Bafang 250W harjadeta mootor. Rehvid: -26\\\"X4,0\\\" CST. Aku: LG 48V 14AH. LCD: KD986 suure kontrastsusega LCD-ekraan koos USB-pordiga, et n\u00e4idata paigutuse t\u00e4iustamise taset ja palju muud. K\u00e4iguvahetaja: SHIMANO 7-K\u00c4IGULINE. Pedaalid: libisemisvastased pedaalid.\",\"breadcrumb\":{\"@id\":\"https:\/\/projekt.vombat.ee\/eco\/pood\/elektrirattad\/maastikurattad\/jobobike-robin-b-elektrijalgratas-80-km\/#breadcrumb\"},\"inLanguage\":\"en-GB\",\"potentialAction\":[{\"@type\":\"ReadAction\",\"target\":[\"https:\/\/projekt.vombat.ee\/eco\/pood\/elektrirattad\/maastikurattad\/jobobike-robin-b-elektrijalgratas-80-km\/\"]}]},{\"@type\":\"ImageObject\",\"inLanguage\":\"en-GB\",\"@id\":\"https:\/\/projekt.vombat.ee\/eco\/pood\/elektrirattad\/maastikurattad\/jobobike-robin-b-elektrijalgratas-80-km\/#primaryimage\",\"url\":\"https:\/\/projekt.vombat.ee\/eco\/wp-content\/uploads\/2023\/08\/Elektrijalgratas-ROBIN-must.jpeg\",\"contentUrl\":\"https:\/\/projekt.vombat.ee\/eco\/wp-content\/uploads\/2023\/08\/Elektrijalgratas-ROBIN-must.jpeg\",\"width\":714,\"height\":720},{\"@type\":\"BreadcrumbList\",\"@id\":\"https:\/\/projekt.vombat.ee\/eco\/pood\/elektrirattad\/maastikurattad\/jobobike-robin-b-elektrijalgratas-80-km\/#breadcrumb\",\"itemListElement\":[{\"@type\":\"ListItem\",\"position\":1,\"name\":\"Home\",\"item\":\"https:\/\/projekt.vombat.ee\/eco\/\"},{\"@type\":\"ListItem\",\"position\":2,\"name\":\"Pood\",\"item\":\"https:\/\/projekt.vombat.ee\/eco\/pood\/\"},{\"@type\":\"ListItem\",\"position\":3,\"name\":\"Jobobike Robin B elektrijalgratas, 80 km\"}]},{\"@type\":\"WebSite\",\"@id\":\"https:\/\/projekt.vombat.ee\/eco\/#website\",\"url\":\"https:\/\/projekt.vombat.ee\/eco\/\",\"name\":\"Ecocruiser\",\"description\":\"\",\"publisher\":{\"@id\":\"https:\/\/projekt.vombat.ee\/eco\/#organization\"},\"potentialAction\":[{\"@type\":\"SearchAction\",\"target\":{\"@type\":\"EntryPoint\",\"urlTemplate\":\"https:\/\/projekt.vombat.ee\/eco\/?s={search_term_string}\"},\"query-input\":{\"@type\":\"PropertyValueSpecification\",\"valueRequired\":true,\"valueName\":\"search_term_string\"}}],\"inLanguage\":\"en-GB\"},{\"@type\":\"Organization\",\"@id\":\"https:\/\/projekt.vombat.ee\/eco\/#organization\",\"name\":\"Ecocruiser\",\"url\":\"https:\/\/projekt.vombat.ee\/eco\/\",\"logo\":{\"@type\":\"ImageObject\",\"inLanguage\":\"en-GB\",\"@id\":\"https:\/\/projekt.vombat.ee\/eco\/#\/schema\/logo\/image\/\",\"url\":\"https:\/\/projekt.vombat.ee\/eco\/wp-content\/uploads\/2023\/03\/ECOCRUISER_5.png\",\"contentUrl\":\"https:\/\/projekt.vombat.ee\/eco\/wp-content\/uploads\/2023\/03\/ECOCRUISER_5.png\",\"width\":234,\"height\":91,\"caption\":\"Ecocruiser\"},\"image\":{\"@id\":\"https:\/\/projekt.vombat.ee\/eco\/#\/schema\/logo\/image\/\"}}]}<\/script>\n<!-- \/ Yoast SEO plugin. -->","yoast_head_json":{"title":"Jobobike Robin B elektrijalgratas, 80 km - Ecocruiser","description":"V\u00e4rv: sinine. Mootor: Bafang 250W harjadeta mootor. Rehvid: -26\"X4,0\" CST. Aku: LG 48V 14AH. LCD: KD986 suure kontrastsusega LCD-ekraan koos USB-pordiga, et n\u00e4idata paigutuse t\u00e4iustamise taset ja palju muud. K\u00e4iguvahetaja: SHIMANO 7-K\u00c4IGULINE. Pedaalid: libisemisvastased pedaalid.","robots":{"index":"noindex","follow":"follow","max-snippet":"max-snippet:-1","max-image-preview":"max-image-preview:large","max-video-preview":"max-video-preview:-1"},"og_locale":"en_GB","og_type":"article","og_title":"Jobobike Robin B elektrijalgratas, 80 km - Ecocruiser","og_description":"V\u00e4rv: sinine. Mootor: Bafang 250W harjadeta mootor. Rehvid: -26\"X4,0\" CST. Aku: LG 48V 14AH. LCD: KD986 suure kontrastsusega LCD-ekraan koos USB-pordiga, et n\u00e4idata paigutuse t\u00e4iustamise taset ja palju muud. K\u00e4iguvahetaja: SHIMANO 7-K\u00c4IGULINE. Pedaalid: libisemisvastased pedaalid.","og_url":"https:\/\/projekt.vombat.ee\/eco\/pood\/elektrirattad\/maastikurattad\/jobobike-robin-b-elektrijalgratas-80-km\/","og_site_name":"Ecocruiser","article_modified_time":"2024-02-29T00:07:49+00:00","og_image":[{"width":714,"height":720,"url":"https:\/\/projekt.vombat.ee\/eco\/wp-content\/uploads\/2023\/08\/Elektrijalgratas-ROBIN-must.jpeg","type":"image\/jpeg"}],"twitter_card":"summary_large_image","twitter_misc":{"Estimated reading time":"3 minutes"},"schema":{"@context":"https:\/\/schema.org","@graph":[{"@type":"WebPage","@id":"https:\/\/projekt.vombat.ee\/eco\/pood\/elektrirattad\/maastikurattad\/jobobike-robin-b-elektrijalgratas-80-km\/","url":"https:\/\/projekt.vombat.ee\/eco\/pood\/elektrirattad\/maastikurattad\/jobobike-robin-b-elektrijalgratas-80-km\/","name":"Jobobike Robin B elektrijalgratas, 80 km - Ecocruiser","isPartOf":{"@id":"https:\/\/projekt.vombat.ee\/eco\/#website"},"primaryImageOfPage":{"@id":"https:\/\/projekt.vombat.ee\/eco\/pood\/elektrirattad\/maastikurattad\/jobobike-robin-b-elektrijalgratas-80-km\/#primaryimage"},"image":{"@id":"https:\/\/projekt.vombat.ee\/eco\/pood\/elektrirattad\/maastikurattad\/jobobike-robin-b-elektrijalgratas-80-km\/#primaryimage"},"thumbnailUrl":"https:\/\/projekt.vombat.ee\/eco\/wp-content\/uploads\/2023\/08\/Elektrijalgratas-ROBIN-must.jpeg","datePublished":"2023-08-17T09:05:47+00:00","dateModified":"2024-02-29T00:07:49+00:00","description":"V\u00e4rv: sinine. Mootor: Bafang 250W harjadeta mootor. Rehvid: -26\"X4,0\" CST. Aku: LG 48V 14AH. LCD: KD986 suure kontrastsusega LCD-ekraan koos USB-pordiga, et n\u00e4idata paigutuse t\u00e4iustamise taset ja palju muud. K\u00e4iguvahetaja: SHIMANO 7-K\u00c4IGULINE. Pedaalid: libisemisvastased pedaalid.","breadcrumb":{"@id":"https:\/\/projekt.vombat.ee\/eco\/pood\/elektrirattad\/maastikurattad\/jobobike-robin-b-elektrijalgratas-80-km\/#breadcrumb"},"inLanguage":"en-GB","potentialAction":[{"@type":"ReadAction","target":["https:\/\/projekt.vombat.ee\/eco\/pood\/elektrirattad\/maastikurattad\/jobobike-robin-b-elektrijalgratas-80-km\/"]}]},{"@type":"ImageObject","inLanguage":"en-GB","@id":"https:\/\/projekt.vombat.ee\/eco\/pood\/elektrirattad\/maastikurattad\/jobobike-robin-b-elektrijalgratas-80-km\/#primaryimage","url":"https:\/\/projekt.vombat.ee\/eco\/wp-content\/uploads\/2023\/08\/Elektrijalgratas-ROBIN-must.jpeg","contentUrl":"https:\/\/projekt.vombat.ee\/eco\/wp-content\/uploads\/2023\/08\/Elektrijalgratas-ROBIN-must.jpeg","width":714,"height":720},{"@type":"BreadcrumbList","@id":"https:\/\/projekt.vombat.ee\/eco\/pood\/elektrirattad\/maastikurattad\/jobobike-robin-b-elektrijalgratas-80-km\/#breadcrumb","itemListElement":[{"@type":"ListItem","position":1,"name":"Home","item":"https:\/\/projekt.vombat.ee\/eco\/"},{"@type":"ListItem","position":2,"name":"Pood","item":"https:\/\/projekt.vombat.ee\/eco\/pood\/"},{"@type":"ListItem","position":3,"name":"Jobobike Robin B elektrijalgratas, 80 km"}]},{"@type":"WebSite","@id":"https:\/\/projekt.vombat.ee\/eco\/#website","url":"https:\/\/projekt.vombat.ee\/eco\/","name":"Ecocruiser","description":"","publisher":{"@id":"https:\/\/projekt.vombat.ee\/eco\/#organization"},"potentialAction":[{"@type":"SearchAction","target":{"@type":"EntryPoint","urlTemplate":"https:\/\/projekt.vombat.ee\/eco\/?s={search_term_string}"},"query-input":{"@type":"PropertyValueSpecification","valueRequired":true,"valueName":"search_term_string"}}],"inLanguage":"en-GB"},{"@type":"Organization","@id":"https:\/\/projekt.vombat.ee\/eco\/#organization","name":"Ecocruiser","url":"https:\/\/projekt.vombat.ee\/eco\/","logo":{"@type":"ImageObject","inLanguage":"en-GB","@id":"https:\/\/projekt.vombat.ee\/eco\/#\/schema\/logo\/image\/","url":"https:\/\/projekt.vombat.ee\/eco\/wp-content\/uploads\/2023\/03\/ECOCRUISER_5.png","contentUrl":"https:\/\/projekt.vombat.ee\/eco\/wp-content\/uploads\/2023\/03\/ECOCRUISER_5.png","width":234,"height":91,"caption":"Ecocruiser"},"image":{"@id":"https:\/\/projekt.vombat.ee\/eco\/#\/schema\/logo\/image\/"}}]}},"lang":"et","translations":{"et":11666},"pll_sync_post":[],"_links":{"self":[{"href":"https:\/\/projekt.vombat.ee\/eco\/wp-json\/wp\/v2\/product\/11666"}],"collection":[{"href":"https:\/\/projekt.vombat.ee\/eco\/wp-json\/wp\/v2\/product"}],"about":[{"href":"https:\/\/projekt.vombat.ee\/eco\/wp-json\/wp\/v2\/types\/product"}],"version-history":[{"count":8,"href":"https:\/\/projekt.vombat.ee\/eco\/wp-json\/wp\/v2\/product\/11666\/revisions"}],"predecessor-version":[{"id":14708,"href":"https:\/\/projekt.vombat.ee\/eco\/wp-json\/wp\/v2\/product\/11666\/revisions\/14708"}],"wp:featuredmedia":[{"embeddable":true,"href":"https:\/\/projekt.vombat.ee\/eco\/wp-json\/wp\/v2\/media\/11661"}],"wp:attachment":[{"href":"https:\/\/projekt.vombat.ee\/eco\/wp-json\/wp\/v2\/media?parent=11666"}],"wp:term":[{"taxonomy":"product_cat","embeddable":true,"href":"https:\/\/projekt.vombat.ee\/eco\/wp-json\/wp\/v2\/product_cat?post=11666"},{"taxonomy":"product_tag","embeddable":true,"href":"https:\/\/projekt.vombat.ee\/eco\/wp-json\/wp\/v2\/product_tag?post=11666"}],"curies":[{"name":"wp","href":"https:\/\/api.w.org\/{rel}","templated":true}]}}