{"id":11602,"date":"2023-08-07T10:34:54","date_gmt":"2023-08-07T10:34:54","guid":{"rendered":"https:\/\/projekt.vombat.ee\/eco\/?post_type=product&#038;p=11602"},"modified":"2023-08-07T10:34:54","modified_gmt":"2023-08-07T10:34:54","slug":"jalgrattakott-sadula-all","status":"publish","type":"product","link":"https:\/\/projekt.vombat.ee\/eco\/pood\/lisavarustus\/kotid\/jalgrattakott-sadula-all\/","title":{"rendered":"Jalgrattakott sadula all"},"content":{"rendered":"<h1><strong>Jalgrattakott sadula all<\/strong><\/h1>\n<p><strong>12-liitrine mahutavus\u00a0\u00a0muudab Wozinsky koti\u00a0\u00a0ideaalseks\u00a0\u00a0nii\u00a0\u00a0pikkadeks jalgrattamatkadeks kui ka vabaajas\u00f5itudeks \u00fcmbruskonnas.\u00a0Sinna mahub\u00a0\u00a0palju vajalikke v\u00e4ikseid esemeid, mida tasub kaasas kanda.\u00a0Esitletud mudel on tehtud, p\u00f6\u00f6rates t\u00e4helepanu isegi k\u00f5ige v\u00e4iksematele detailidele.\u00a0Tugevad \u00f5mblused, tugevad lukud\u00a0\u00a0ja korralikult\u00a0\u00a0j\u00e4ik veekindel materjal\u00a0\u00a0muudavad selle koti v\u00e4ga vastupidavaks.\u00a0Nii et see t\u00f6\u00f6tab isegi siis, kui muutuvad ilmastikutingimused teid \u00fcllatavad.<\/strong><\/p>\n<ul>\n<li><strong>Kaubam\u00e4rk:\u00a0\u00a0Wozinsky<\/strong><\/li>\n<li><strong>Mudel:\u00a0\u00a0WBB9BK<\/strong><\/li>\n<li><strong>Paigalduskoht\u00a0: sadula all<\/strong><\/li>\n<li><strong>Mahutavus:\u00a0\u00a012L<\/strong><\/li>\n<li><strong>M\u00f5\u00f5dud:\u00a0\u00a065 x 15,5 x 14 cm<\/strong><\/li>\n<li><strong>Kaal:\u00a0\u00a0450g<\/strong><\/li>\n<\/ul>\n","protected":false},"excerpt":{"rendered":"<p><strong>Jalgrattakott sadula all<\/strong><\/p>\n<ul>\n<li><strong>Kaubam\u00e4rk:\u00a0\u00a0Wozinsky<\/strong><\/li>\n<li><strong>Mudel:\u00a0\u00a0WBB9BK<\/strong><\/li>\n<li><strong>Paigalduskoht\u00a0: sadula all<\/strong><\/li>\n<li><strong>Mahutavus:\u00a0\u00a012L<\/strong><\/li>\n<li><strong>M\u00f5\u00f5dud:\u00a0\u00a065 x 15,5 x 14 cm<\/strong><\/li>\n<li><strong>Kaal:\u00a0\u00a0450g<\/strong><\/li>\n<\/ul>\n<p>&nbsp;<\/p>\n<ul>\n<li><strong>Tarneaeg 2-7 <\/strong><strong>p\u00e4eva<\/strong><\/li>\n<li><strong>Laos<\/strong><\/li>\n<\/ul>\n","protected":false},"featured_media":11603,"template":"","meta":[],"product_cat":[1837,68],"product_tag":[],"class_list":{"0":"post-11602","1":"product","2":"type-product","3":"status-publish","4":"has-post-thumbnail","6":"product_cat-kotid","7":"product_cat-lisavarustus","9":"first","10":"instock","11":"taxable","12":"shipping-taxable","13":"purchasable","14":"product-type-simple"},"yoast_head":"<!-- This site is optimized with the Yoast SEO plugin v23.8 - https:\/\/yoast.com\/wordpress\/plugins\/seo\/ -->\n<title>Jalgrattakott sadula all - Ecocruiser<\/title>\n<meta name=\"description\" content=\"Kaubam\u00e4rk:\u00a0Wozinsky Mudel:\u00a0WBB9BK. Paigalduskoht: sadula all. Mahutavus:\u00a012LM\u00f5\u00f5dud:\u00a065 x 15,5 x 14 cm. Kaal:\u00a0\u00a0450g. 12-liitrine mahutavus\u00a0\u00a0muudab Wozinsky koti\u00a0\u00a0ideaalseks\u00a0\u00a0nii\u00a0\u00a0pikkadeks jalgrattamatkadeks kui ka vabaajas\u00f5itudeks \u00fcmbruskonnas.\" \/>\n<meta name=\"robots\" content=\"noindex, follow, max-snippet:-1, max-image-preview:large, max-video-preview:-1\" \/>\n<meta property=\"og:locale\" content=\"en_GB\" \/>\n<meta property=\"og:type\" content=\"article\" \/>\n<meta property=\"og:title\" content=\"Jalgrattakott sadula all - Ecocruiser\" \/>\n<meta property=\"og:description\" content=\"Kaubam\u00e4rk:\u00a0Wozinsky Mudel:\u00a0WBB9BK. Paigalduskoht: sadula all. Mahutavus:\u00a012LM\u00f5\u00f5dud:\u00a065 x 15,5 x 14 cm. Kaal:\u00a0\u00a0450g. 12-liitrine mahutavus\u00a0\u00a0muudab Wozinsky koti\u00a0\u00a0ideaalseks\u00a0\u00a0nii\u00a0\u00a0pikkadeks jalgrattamatkadeks kui ka vabaajas\u00f5itudeks \u00fcmbruskonnas.\" \/>\n<meta property=\"og:url\" content=\"https:\/\/projekt.vombat.ee\/eco\/pood\/lisavarustus\/kotid\/jalgrattakott-sadula-all\/\" \/>\n<meta property=\"og:site_name\" content=\"Ecocruiser\" \/>\n<meta property=\"og:image\" content=\"https:\/\/projekt.vombat.ee\/eco\/wp-content\/uploads\/2023\/08\/jalgrattakott-sadula-all.jpeg\" \/>\n\t<meta property=\"og:image:width\" content=\"1000\" \/>\n\t<meta property=\"og:image:height\" content=\"1000\" \/>\n\t<meta property=\"og:image:type\" content=\"image\/jpeg\" \/>\n<meta name=\"twitter:card\" content=\"summary_large_image\" \/>\n<meta name=\"twitter:label1\" content=\"Estimated reading time\" \/>\n\t<meta name=\"twitter:data1\" content=\"1 minute\" \/>\n<script type=\"application\/ld+json\" class=\"yoast-schema-graph\">{\"@context\":\"https:\/\/schema.org\",\"@graph\":[{\"@type\":\"WebPage\",\"@id\":\"https:\/\/projekt.vombat.ee\/eco\/pood\/lisavarustus\/kotid\/jalgrattakott-sadula-all\/\",\"url\":\"https:\/\/projekt.vombat.ee\/eco\/pood\/lisavarustus\/kotid\/jalgrattakott-sadula-all\/\",\"name\":\"Jalgrattakott sadula all - Ecocruiser\",\"isPartOf\":{\"@id\":\"https:\/\/projekt.vombat.ee\/eco\/#website\"},\"primaryImageOfPage\":{\"@id\":\"https:\/\/projekt.vombat.ee\/eco\/pood\/lisavarustus\/kotid\/jalgrattakott-sadula-all\/#primaryimage\"},\"image\":{\"@id\":\"https:\/\/projekt.vombat.ee\/eco\/pood\/lisavarustus\/kotid\/jalgrattakott-sadula-all\/#primaryimage\"},\"thumbnailUrl\":\"https:\/\/projekt.vombat.ee\/eco\/wp-content\/uploads\/2023\/08\/jalgrattakott-sadula-all.jpeg\",\"datePublished\":\"2023-08-07T10:34:54+00:00\",\"dateModified\":\"2023-08-07T10:34:54+00:00\",\"description\":\"Kaubam\u00e4rk:\u00a0Wozinsky Mudel:\u00a0WBB9BK. Paigalduskoht: sadula all. Mahutavus:\u00a012LM\u00f5\u00f5dud:\u00a065 x 15,5 x 14 cm. Kaal:\u00a0\u00a0450g. 12-liitrine mahutavus\u00a0\u00a0muudab Wozinsky koti\u00a0\u00a0ideaalseks\u00a0\u00a0nii\u00a0\u00a0pikkadeks jalgrattamatkadeks kui ka vabaajas\u00f5itudeks \u00fcmbruskonnas.\",\"breadcrumb\":{\"@id\":\"https:\/\/projekt.vombat.ee\/eco\/pood\/lisavarustus\/kotid\/jalgrattakott-sadula-all\/#breadcrumb\"},\"inLanguage\":\"en-GB\",\"potentialAction\":[{\"@type\":\"ReadAction\",\"target\":[\"https:\/\/projekt.vombat.ee\/eco\/pood\/lisavarustus\/kotid\/jalgrattakott-sadula-all\/\"]}]},{\"@type\":\"ImageObject\",\"inLanguage\":\"en-GB\",\"@id\":\"https:\/\/projekt.vombat.ee\/eco\/pood\/lisavarustus\/kotid\/jalgrattakott-sadula-all\/#primaryimage\",\"url\":\"https:\/\/projekt.vombat.ee\/eco\/wp-content\/uploads\/2023\/08\/jalgrattakott-sadula-all.jpeg\",\"contentUrl\":\"https:\/\/projekt.vombat.ee\/eco\/wp-content\/uploads\/2023\/08\/jalgrattakott-sadula-all.jpeg\",\"width\":1000,\"height\":1000},{\"@type\":\"BreadcrumbList\",\"@id\":\"https:\/\/projekt.vombat.ee\/eco\/pood\/lisavarustus\/kotid\/jalgrattakott-sadula-all\/#breadcrumb\",\"itemListElement\":[{\"@type\":\"ListItem\",\"position\":1,\"name\":\"Home\",\"item\":\"https:\/\/projekt.vombat.ee\/eco\/\"},{\"@type\":\"ListItem\",\"position\":2,\"name\":\"Pood\",\"item\":\"https:\/\/projekt.vombat.ee\/eco\/pood\/\"},{\"@type\":\"ListItem\",\"position\":3,\"name\":\"Jalgrattakott sadula all\"}]},{\"@type\":\"WebSite\",\"@id\":\"https:\/\/projekt.vombat.ee\/eco\/#website\",\"url\":\"https:\/\/projekt.vombat.ee\/eco\/\",\"name\":\"Ecocruiser\",\"description\":\"\",\"publisher\":{\"@id\":\"https:\/\/projekt.vombat.ee\/eco\/#organization\"},\"potentialAction\":[{\"@type\":\"SearchAction\",\"target\":{\"@type\":\"EntryPoint\",\"urlTemplate\":\"https:\/\/projekt.vombat.ee\/eco\/?s={search_term_string}\"},\"query-input\":{\"@type\":\"PropertyValueSpecification\",\"valueRequired\":true,\"valueName\":\"search_term_string\"}}],\"inLanguage\":\"en-GB\"},{\"@type\":\"Organization\",\"@id\":\"https:\/\/projekt.vombat.ee\/eco\/#organization\",\"name\":\"Ecocruiser\",\"url\":\"https:\/\/projekt.vombat.ee\/eco\/\",\"logo\":{\"@type\":\"ImageObject\",\"inLanguage\":\"en-GB\",\"@id\":\"https:\/\/projekt.vombat.ee\/eco\/#\/schema\/logo\/image\/\",\"url\":\"https:\/\/projekt.vombat.ee\/eco\/wp-content\/uploads\/2023\/03\/ECOCRUISER_5.png\",\"contentUrl\":\"https:\/\/projekt.vombat.ee\/eco\/wp-content\/uploads\/2023\/03\/ECOCRUISER_5.png\",\"width\":234,\"height\":91,\"caption\":\"Ecocruiser\"},\"image\":{\"@id\":\"https:\/\/projekt.vombat.ee\/eco\/#\/schema\/logo\/image\/\"}}]}<\/script>\n<!-- \/ Yoast SEO plugin. -->","yoast_head_json":{"title":"Jalgrattakott sadula all - Ecocruiser","description":"Kaubam\u00e4rk:\u00a0Wozinsky Mudel:\u00a0WBB9BK. Paigalduskoht: sadula all. Mahutavus:\u00a012LM\u00f5\u00f5dud:\u00a065 x 15,5 x 14 cm. Kaal:\u00a0\u00a0450g. 12-liitrine mahutavus\u00a0\u00a0muudab Wozinsky koti\u00a0\u00a0ideaalseks\u00a0\u00a0nii\u00a0\u00a0pikkadeks jalgrattamatkadeks kui ka vabaajas\u00f5itudeks \u00fcmbruskonnas.","robots":{"index":"noindex","follow":"follow","max-snippet":"max-snippet:-1","max-image-preview":"max-image-preview:large","max-video-preview":"max-video-preview:-1"},"og_locale":"en_GB","og_type":"article","og_title":"Jalgrattakott sadula all - Ecocruiser","og_description":"Kaubam\u00e4rk:\u00a0Wozinsky Mudel:\u00a0WBB9BK. Paigalduskoht: sadula all. Mahutavus:\u00a012LM\u00f5\u00f5dud:\u00a065 x 15,5 x 14 cm. Kaal:\u00a0\u00a0450g. 12-liitrine mahutavus\u00a0\u00a0muudab Wozinsky koti\u00a0\u00a0ideaalseks\u00a0\u00a0nii\u00a0\u00a0pikkadeks jalgrattamatkadeks kui ka vabaajas\u00f5itudeks \u00fcmbruskonnas.","og_url":"https:\/\/projekt.vombat.ee\/eco\/pood\/lisavarustus\/kotid\/jalgrattakott-sadula-all\/","og_site_name":"Ecocruiser","og_image":[{"width":1000,"height":1000,"url":"https:\/\/projekt.vombat.ee\/eco\/wp-content\/uploads\/2023\/08\/jalgrattakott-sadula-all.jpeg","type":"image\/jpeg"}],"twitter_card":"summary_large_image","twitter_misc":{"Estimated reading time":"1 minute"},"schema":{"@context":"https:\/\/schema.org","@graph":[{"@type":"WebPage","@id":"https:\/\/projekt.vombat.ee\/eco\/pood\/lisavarustus\/kotid\/jalgrattakott-sadula-all\/","url":"https:\/\/projekt.vombat.ee\/eco\/pood\/lisavarustus\/kotid\/jalgrattakott-sadula-all\/","name":"Jalgrattakott sadula all - Ecocruiser","isPartOf":{"@id":"https:\/\/projekt.vombat.ee\/eco\/#website"},"primaryImageOfPage":{"@id":"https:\/\/projekt.vombat.ee\/eco\/pood\/lisavarustus\/kotid\/jalgrattakott-sadula-all\/#primaryimage"},"image":{"@id":"https:\/\/projekt.vombat.ee\/eco\/pood\/lisavarustus\/kotid\/jalgrattakott-sadula-all\/#primaryimage"},"thumbnailUrl":"https:\/\/projekt.vombat.ee\/eco\/wp-content\/uploads\/2023\/08\/jalgrattakott-sadula-all.jpeg","datePublished":"2023-08-07T10:34:54+00:00","dateModified":"2023-08-07T10:34:54+00:00","description":"Kaubam\u00e4rk:\u00a0Wozinsky Mudel:\u00a0WBB9BK. Paigalduskoht: sadula all. Mahutavus:\u00a012LM\u00f5\u00f5dud:\u00a065 x 15,5 x 14 cm. Kaal:\u00a0\u00a0450g. 12-liitrine mahutavus\u00a0\u00a0muudab Wozinsky koti\u00a0\u00a0ideaalseks\u00a0\u00a0nii\u00a0\u00a0pikkadeks jalgrattamatkadeks kui ka vabaajas\u00f5itudeks \u00fcmbruskonnas.","breadcrumb":{"@id":"https:\/\/projekt.vombat.ee\/eco\/pood\/lisavarustus\/kotid\/jalgrattakott-sadula-all\/#breadcrumb"},"inLanguage":"en-GB","potentialAction":[{"@type":"ReadAction","target":["https:\/\/projekt.vombat.ee\/eco\/pood\/lisavarustus\/kotid\/jalgrattakott-sadula-all\/"]}]},{"@type":"ImageObject","inLanguage":"en-GB","@id":"https:\/\/projekt.vombat.ee\/eco\/pood\/lisavarustus\/kotid\/jalgrattakott-sadula-all\/#primaryimage","url":"https:\/\/projekt.vombat.ee\/eco\/wp-content\/uploads\/2023\/08\/jalgrattakott-sadula-all.jpeg","contentUrl":"https:\/\/projekt.vombat.ee\/eco\/wp-content\/uploads\/2023\/08\/jalgrattakott-sadula-all.jpeg","width":1000,"height":1000},{"@type":"BreadcrumbList","@id":"https:\/\/projekt.vombat.ee\/eco\/pood\/lisavarustus\/kotid\/jalgrattakott-sadula-all\/#breadcrumb","itemListElement":[{"@type":"ListItem","position":1,"name":"Home","item":"https:\/\/projekt.vombat.ee\/eco\/"},{"@type":"ListItem","position":2,"name":"Pood","item":"https:\/\/projekt.vombat.ee\/eco\/pood\/"},{"@type":"ListItem","position":3,"name":"Jalgrattakott sadula all"}]},{"@type":"WebSite","@id":"https:\/\/projekt.vombat.ee\/eco\/#website","url":"https:\/\/projekt.vombat.ee\/eco\/","name":"Ecocruiser","description":"","publisher":{"@id":"https:\/\/projekt.vombat.ee\/eco\/#organization"},"potentialAction":[{"@type":"SearchAction","target":{"@type":"EntryPoint","urlTemplate":"https:\/\/projekt.vombat.ee\/eco\/?s={search_term_string}"},"query-input":{"@type":"PropertyValueSpecification","valueRequired":true,"valueName":"search_term_string"}}],"inLanguage":"en-GB"},{"@type":"Organization","@id":"https:\/\/projekt.vombat.ee\/eco\/#organization","name":"Ecocruiser","url":"https:\/\/projekt.vombat.ee\/eco\/","logo":{"@type":"ImageObject","inLanguage":"en-GB","@id":"https:\/\/projekt.vombat.ee\/eco\/#\/schema\/logo\/image\/","url":"https:\/\/projekt.vombat.ee\/eco\/wp-content\/uploads\/2023\/03\/ECOCRUISER_5.png","contentUrl":"https:\/\/projekt.vombat.ee\/eco\/wp-content\/uploads\/2023\/03\/ECOCRUISER_5.png","width":234,"height":91,"caption":"Ecocruiser"},"image":{"@id":"https:\/\/projekt.vombat.ee\/eco\/#\/schema\/logo\/image\/"}}]}},"lang":"et","translations":{"et":11602},"pll_sync_post":[],"_links":{"self":[{"href":"https:\/\/projekt.vombat.ee\/eco\/wp-json\/wp\/v2\/product\/11602"}],"collection":[{"href":"https:\/\/projekt.vombat.ee\/eco\/wp-json\/wp\/v2\/product"}],"about":[{"href":"https:\/\/projekt.vombat.ee\/eco\/wp-json\/wp\/v2\/types\/product"}],"version-history":[{"count":1,"href":"https:\/\/projekt.vombat.ee\/eco\/wp-json\/wp\/v2\/product\/11602\/revisions"}],"predecessor-version":[{"id":11605,"href":"https:\/\/projekt.vombat.ee\/eco\/wp-json\/wp\/v2\/product\/11602\/revisions\/11605"}],"wp:featuredmedia":[{"embeddable":true,"href":"https:\/\/projekt.vombat.ee\/eco\/wp-json\/wp\/v2\/media\/11603"}],"wp:attachment":[{"href":"https:\/\/projekt.vombat.ee\/eco\/wp-json\/wp\/v2\/media?parent=11602"}],"wp:term":[{"taxonomy":"product_cat","embeddable":true,"href":"https:\/\/projekt.vombat.ee\/eco\/wp-json\/wp\/v2\/product_cat?post=11602"},{"taxonomy":"product_tag","embeddable":true,"href":"https:\/\/projekt.vombat.ee\/eco\/wp-json\/wp\/v2\/product_tag?post=11602"}],"curies":[{"name":"wp","href":"https:\/\/api.w.org\/{rel}","templated":true}]}}