{"id":11597,"date":"2023-08-07T10:33:34","date_gmt":"2023-08-07T10:33:34","guid":{"rendered":"https:\/\/projekt.vombat.ee\/eco\/?post_type=product&#038;p=11597"},"modified":"2024-07-10T09:27:58","modified_gmt":"2024-07-10T09:27:58","slug":"4-osaline-pagasikott-jalgrattale","status":"publish","type":"product","link":"https:\/\/projekt.vombat.ee\/eco\/pood\/lisavarustus\/kotid\/4-osaline-pagasikott-jalgrattale\/","title":{"rendered":"4-osaline pagasikott jalgrattale"},"content":{"rendered":"<h1><strong>4-osaline pagasikott jalgrattale<\/strong><\/h1>\n<p><strong>Universaalne ja mahukas 4-osaline takjapagasiga kinnitatud rattakott pagasiruumi jaoks\u00a0.\u00a0V\u00e4ga kasulik pikematel rattamatkadel!\u00a0Kott\u00a0on valmistatud veekindlast materjalist.\u00a0Kott on suur ja mahukas, sinna mahuvad h\u00f5lpsasti k\u00f5ige vajalikumad t\u00f6\u00f6riistad, riided, kaardid v\u00f5i toiduvaru. Sellel on\u00a02 mahukat p\u00f5hilahtrit ja 2 v\u00e4iksemat\u00a0(4 lukuga sahtlit).\u00a0Panni tagak\u00fcljel on\u00a0helkurteip, mis suurendab oluliselt s\u00f5iduohutust.<\/strong><\/p>\n<ul>\n<li><strong>T\u00e4iesti uus toode.<\/strong><\/li>\n<li><strong>Materjal: pol\u00fcester.<\/strong><\/li>\n<li><strong>\u00dcldm\u00f5\u00f5tmed: 37 x 26 x 30 cm.<\/strong><\/li>\n<li><strong>Suure kambri m\u00f5\u00f5dud: 30 x 26 x 12cm.<\/strong><\/li>\n<li><strong>V\u00e4ikese kambri m\u00f5\u00f5dud: 18,5 x 20 x 4 cm.<\/strong><\/li>\n<\/ul>\n","protected":false},"excerpt":{"rendered":"<p><strong>4-osaline pagasikott jalgrattale<\/strong><\/p>\n<ul>\n<li><strong>T\u00e4iesti uus toode.<\/strong><\/li>\n<li><strong>Materjal: pol\u00fcester.<\/strong><\/li>\n<li><strong>\u00dcldm\u00f5\u00f5tmed: 37 x 26 x 30 cm.<\/strong><\/li>\n<li><strong>Suure kambri m\u00f5\u00f5dud: 30 x 26 x 12cm.<\/strong><\/li>\n<li><strong>V\u00e4ikese kambri m\u00f5\u00f5dud: 18,5 x 20 x 4 cm.<\/strong><\/li>\n<\/ul>\n<p>&nbsp;<\/p>\n<ul>\n<li><strong>Tarneaeg 2-7 p\u00e4eva<\/strong><\/li>\n<li><strong>Laos<\/strong><\/li>\n<\/ul>\n","protected":false},"featured_media":11599,"template":"","meta":[],"product_cat":[1837,68],"product_tag":[],"class_list":{"0":"post-11597","1":"product","2":"type-product","3":"status-publish","4":"has-post-thumbnail","6":"product_cat-kotid","7":"product_cat-lisavarustus","9":"first","10":"instock","11":"taxable","12":"shipping-taxable","13":"purchasable","14":"product-type-simple"},"yoast_head":"<!-- This site is optimized with the Yoast SEO plugin v23.8 - https:\/\/yoast.com\/wordpress\/plugins\/seo\/ -->\n<title>4-osaline pagasikott jalgrattale - Ecocruiser<\/title>\n<meta name=\"description\" content=\"T\u00e4iesti uus toode. Materjal: pol\u00fcester. \u00dcldm\u00f5\u00f5tmed: 37 x 26 x 30 cm. Suure kambri m\u00f5\u00f5dud: 30 x 26 x 12cm. V\u00e4ikese kambri m\u00f5\u00f5dud: 18,5 x 20 x 4 cm.\" \/>\n<meta name=\"robots\" content=\"noindex, follow, max-snippet:-1, max-image-preview:large, max-video-preview:-1\" \/>\n<meta property=\"og:locale\" content=\"en_GB\" \/>\n<meta property=\"og:type\" content=\"article\" \/>\n<meta property=\"og:title\" content=\"4-osaline pagasikott jalgrattale - Ecocruiser\" \/>\n<meta property=\"og:description\" content=\"T\u00e4iesti uus toode. Materjal: pol\u00fcester. \u00dcldm\u00f5\u00f5tmed: 37 x 26 x 30 cm. Suure kambri m\u00f5\u00f5dud: 30 x 26 x 12cm. V\u00e4ikese kambri m\u00f5\u00f5dud: 18,5 x 20 x 4 cm.\" \/>\n<meta property=\"og:url\" content=\"https:\/\/projekt.vombat.ee\/eco\/pood\/lisavarustus\/kotid\/4-osaline-pagasikott-jalgrattale\/\" \/>\n<meta property=\"og:site_name\" content=\"Ecocruiser\" \/>\n<meta property=\"article:modified_time\" content=\"2024-07-10T09:27:58+00:00\" \/>\n<meta property=\"og:image\" content=\"https:\/\/projekt.vombat.ee\/eco\/wp-content\/uploads\/2023\/08\/4-osaline-jalgrattakott-1.jpeg\" \/>\n\t<meta property=\"og:image:width\" content=\"800\" \/>\n\t<meta property=\"og:image:height\" content=\"594\" \/>\n\t<meta property=\"og:image:type\" content=\"image\/jpeg\" \/>\n<meta name=\"twitter:card\" content=\"summary_large_image\" \/>\n<meta name=\"twitter:label1\" content=\"Estimated reading time\" \/>\n\t<meta name=\"twitter:data1\" content=\"1 minute\" \/>\n<script type=\"application\/ld+json\" class=\"yoast-schema-graph\">{\"@context\":\"https:\/\/schema.org\",\"@graph\":[{\"@type\":\"WebPage\",\"@id\":\"https:\/\/projekt.vombat.ee\/eco\/pood\/lisavarustus\/kotid\/4-osaline-pagasikott-jalgrattale\/\",\"url\":\"https:\/\/projekt.vombat.ee\/eco\/pood\/lisavarustus\/kotid\/4-osaline-pagasikott-jalgrattale\/\",\"name\":\"4-osaline pagasikott jalgrattale - Ecocruiser\",\"isPartOf\":{\"@id\":\"https:\/\/projekt.vombat.ee\/eco\/#website\"},\"primaryImageOfPage\":{\"@id\":\"https:\/\/projekt.vombat.ee\/eco\/pood\/lisavarustus\/kotid\/4-osaline-pagasikott-jalgrattale\/#primaryimage\"},\"image\":{\"@id\":\"https:\/\/projekt.vombat.ee\/eco\/pood\/lisavarustus\/kotid\/4-osaline-pagasikott-jalgrattale\/#primaryimage\"},\"thumbnailUrl\":\"https:\/\/projekt.vombat.ee\/eco\/wp-content\/uploads\/2023\/08\/4-osaline-jalgrattakott-1.jpeg\",\"datePublished\":\"2023-08-07T10:33:34+00:00\",\"dateModified\":\"2024-07-10T09:27:58+00:00\",\"description\":\"T\u00e4iesti uus toode. Materjal: pol\u00fcester. \u00dcldm\u00f5\u00f5tmed: 37 x 26 x 30 cm. Suure kambri m\u00f5\u00f5dud: 30 x 26 x 12cm. V\u00e4ikese kambri m\u00f5\u00f5dud: 18,5 x 20 x 4 cm.\",\"breadcrumb\":{\"@id\":\"https:\/\/projekt.vombat.ee\/eco\/pood\/lisavarustus\/kotid\/4-osaline-pagasikott-jalgrattale\/#breadcrumb\"},\"inLanguage\":\"en-GB\",\"potentialAction\":[{\"@type\":\"ReadAction\",\"target\":[\"https:\/\/projekt.vombat.ee\/eco\/pood\/lisavarustus\/kotid\/4-osaline-pagasikott-jalgrattale\/\"]}]},{\"@type\":\"ImageObject\",\"inLanguage\":\"en-GB\",\"@id\":\"https:\/\/projekt.vombat.ee\/eco\/pood\/lisavarustus\/kotid\/4-osaline-pagasikott-jalgrattale\/#primaryimage\",\"url\":\"https:\/\/projekt.vombat.ee\/eco\/wp-content\/uploads\/2023\/08\/4-osaline-jalgrattakott-1.jpeg\",\"contentUrl\":\"https:\/\/projekt.vombat.ee\/eco\/wp-content\/uploads\/2023\/08\/4-osaline-jalgrattakott-1.jpeg\",\"width\":800,\"height\":594},{\"@type\":\"BreadcrumbList\",\"@id\":\"https:\/\/projekt.vombat.ee\/eco\/pood\/lisavarustus\/kotid\/4-osaline-pagasikott-jalgrattale\/#breadcrumb\",\"itemListElement\":[{\"@type\":\"ListItem\",\"position\":1,\"name\":\"Home\",\"item\":\"https:\/\/projekt.vombat.ee\/eco\/\"},{\"@type\":\"ListItem\",\"position\":2,\"name\":\"Pood\",\"item\":\"https:\/\/projekt.vombat.ee\/eco\/pood\/\"},{\"@type\":\"ListItem\",\"position\":3,\"name\":\"4-osaline pagasikott jalgrattale\"}]},{\"@type\":\"WebSite\",\"@id\":\"https:\/\/projekt.vombat.ee\/eco\/#website\",\"url\":\"https:\/\/projekt.vombat.ee\/eco\/\",\"name\":\"Ecocruiser\",\"description\":\"\",\"publisher\":{\"@id\":\"https:\/\/projekt.vombat.ee\/eco\/#organization\"},\"potentialAction\":[{\"@type\":\"SearchAction\",\"target\":{\"@type\":\"EntryPoint\",\"urlTemplate\":\"https:\/\/projekt.vombat.ee\/eco\/?s={search_term_string}\"},\"query-input\":{\"@type\":\"PropertyValueSpecification\",\"valueRequired\":true,\"valueName\":\"search_term_string\"}}],\"inLanguage\":\"en-GB\"},{\"@type\":\"Organization\",\"@id\":\"https:\/\/projekt.vombat.ee\/eco\/#organization\",\"name\":\"Ecocruiser\",\"url\":\"https:\/\/projekt.vombat.ee\/eco\/\",\"logo\":{\"@type\":\"ImageObject\",\"inLanguage\":\"en-GB\",\"@id\":\"https:\/\/projekt.vombat.ee\/eco\/#\/schema\/logo\/image\/\",\"url\":\"https:\/\/projekt.vombat.ee\/eco\/wp-content\/uploads\/2023\/03\/ECOCRUISER_5.png\",\"contentUrl\":\"https:\/\/projekt.vombat.ee\/eco\/wp-content\/uploads\/2023\/03\/ECOCRUISER_5.png\",\"width\":234,\"height\":91,\"caption\":\"Ecocruiser\"},\"image\":{\"@id\":\"https:\/\/projekt.vombat.ee\/eco\/#\/schema\/logo\/image\/\"}}]}<\/script>\n<!-- \/ Yoast SEO plugin. -->","yoast_head_json":{"title":"4-osaline pagasikott jalgrattale - Ecocruiser","description":"T\u00e4iesti uus toode. Materjal: pol\u00fcester. \u00dcldm\u00f5\u00f5tmed: 37 x 26 x 30 cm. Suure kambri m\u00f5\u00f5dud: 30 x 26 x 12cm. V\u00e4ikese kambri m\u00f5\u00f5dud: 18,5 x 20 x 4 cm.","robots":{"index":"noindex","follow":"follow","max-snippet":"max-snippet:-1","max-image-preview":"max-image-preview:large","max-video-preview":"max-video-preview:-1"},"og_locale":"en_GB","og_type":"article","og_title":"4-osaline pagasikott jalgrattale - Ecocruiser","og_description":"T\u00e4iesti uus toode. Materjal: pol\u00fcester. \u00dcldm\u00f5\u00f5tmed: 37 x 26 x 30 cm. Suure kambri m\u00f5\u00f5dud: 30 x 26 x 12cm. V\u00e4ikese kambri m\u00f5\u00f5dud: 18,5 x 20 x 4 cm.","og_url":"https:\/\/projekt.vombat.ee\/eco\/pood\/lisavarustus\/kotid\/4-osaline-pagasikott-jalgrattale\/","og_site_name":"Ecocruiser","article_modified_time":"2024-07-10T09:27:58+00:00","og_image":[{"width":800,"height":594,"url":"https:\/\/projekt.vombat.ee\/eco\/wp-content\/uploads\/2023\/08\/4-osaline-jalgrattakott-1.jpeg","type":"image\/jpeg"}],"twitter_card":"summary_large_image","twitter_misc":{"Estimated reading time":"1 minute"},"schema":{"@context":"https:\/\/schema.org","@graph":[{"@type":"WebPage","@id":"https:\/\/projekt.vombat.ee\/eco\/pood\/lisavarustus\/kotid\/4-osaline-pagasikott-jalgrattale\/","url":"https:\/\/projekt.vombat.ee\/eco\/pood\/lisavarustus\/kotid\/4-osaline-pagasikott-jalgrattale\/","name":"4-osaline pagasikott jalgrattale - Ecocruiser","isPartOf":{"@id":"https:\/\/projekt.vombat.ee\/eco\/#website"},"primaryImageOfPage":{"@id":"https:\/\/projekt.vombat.ee\/eco\/pood\/lisavarustus\/kotid\/4-osaline-pagasikott-jalgrattale\/#primaryimage"},"image":{"@id":"https:\/\/projekt.vombat.ee\/eco\/pood\/lisavarustus\/kotid\/4-osaline-pagasikott-jalgrattale\/#primaryimage"},"thumbnailUrl":"https:\/\/projekt.vombat.ee\/eco\/wp-content\/uploads\/2023\/08\/4-osaline-jalgrattakott-1.jpeg","datePublished":"2023-08-07T10:33:34+00:00","dateModified":"2024-07-10T09:27:58+00:00","description":"T\u00e4iesti uus toode. Materjal: pol\u00fcester. \u00dcldm\u00f5\u00f5tmed: 37 x 26 x 30 cm. Suure kambri m\u00f5\u00f5dud: 30 x 26 x 12cm. V\u00e4ikese kambri m\u00f5\u00f5dud: 18,5 x 20 x 4 cm.","breadcrumb":{"@id":"https:\/\/projekt.vombat.ee\/eco\/pood\/lisavarustus\/kotid\/4-osaline-pagasikott-jalgrattale\/#breadcrumb"},"inLanguage":"en-GB","potentialAction":[{"@type":"ReadAction","target":["https:\/\/projekt.vombat.ee\/eco\/pood\/lisavarustus\/kotid\/4-osaline-pagasikott-jalgrattale\/"]}]},{"@type":"ImageObject","inLanguage":"en-GB","@id":"https:\/\/projekt.vombat.ee\/eco\/pood\/lisavarustus\/kotid\/4-osaline-pagasikott-jalgrattale\/#primaryimage","url":"https:\/\/projekt.vombat.ee\/eco\/wp-content\/uploads\/2023\/08\/4-osaline-jalgrattakott-1.jpeg","contentUrl":"https:\/\/projekt.vombat.ee\/eco\/wp-content\/uploads\/2023\/08\/4-osaline-jalgrattakott-1.jpeg","width":800,"height":594},{"@type":"BreadcrumbList","@id":"https:\/\/projekt.vombat.ee\/eco\/pood\/lisavarustus\/kotid\/4-osaline-pagasikott-jalgrattale\/#breadcrumb","itemListElement":[{"@type":"ListItem","position":1,"name":"Home","item":"https:\/\/projekt.vombat.ee\/eco\/"},{"@type":"ListItem","position":2,"name":"Pood","item":"https:\/\/projekt.vombat.ee\/eco\/pood\/"},{"@type":"ListItem","position":3,"name":"4-osaline pagasikott jalgrattale"}]},{"@type":"WebSite","@id":"https:\/\/projekt.vombat.ee\/eco\/#website","url":"https:\/\/projekt.vombat.ee\/eco\/","name":"Ecocruiser","description":"","publisher":{"@id":"https:\/\/projekt.vombat.ee\/eco\/#organization"},"potentialAction":[{"@type":"SearchAction","target":{"@type":"EntryPoint","urlTemplate":"https:\/\/projekt.vombat.ee\/eco\/?s={search_term_string}"},"query-input":{"@type":"PropertyValueSpecification","valueRequired":true,"valueName":"search_term_string"}}],"inLanguage":"en-GB"},{"@type":"Organization","@id":"https:\/\/projekt.vombat.ee\/eco\/#organization","name":"Ecocruiser","url":"https:\/\/projekt.vombat.ee\/eco\/","logo":{"@type":"ImageObject","inLanguage":"en-GB","@id":"https:\/\/projekt.vombat.ee\/eco\/#\/schema\/logo\/image\/","url":"https:\/\/projekt.vombat.ee\/eco\/wp-content\/uploads\/2023\/03\/ECOCRUISER_5.png","contentUrl":"https:\/\/projekt.vombat.ee\/eco\/wp-content\/uploads\/2023\/03\/ECOCRUISER_5.png","width":234,"height":91,"caption":"Ecocruiser"},"image":{"@id":"https:\/\/projekt.vombat.ee\/eco\/#\/schema\/logo\/image\/"}}]}},"lang":"et","translations":{"et":11597},"pll_sync_post":[],"_links":{"self":[{"href":"https:\/\/projekt.vombat.ee\/eco\/wp-json\/wp\/v2\/product\/11597"}],"collection":[{"href":"https:\/\/projekt.vombat.ee\/eco\/wp-json\/wp\/v2\/product"}],"about":[{"href":"https:\/\/projekt.vombat.ee\/eco\/wp-json\/wp\/v2\/types\/product"}],"version-history":[{"count":2,"href":"https:\/\/projekt.vombat.ee\/eco\/wp-json\/wp\/v2\/product\/11597\/revisions"}],"predecessor-version":[{"id":11689,"href":"https:\/\/projekt.vombat.ee\/eco\/wp-json\/wp\/v2\/product\/11597\/revisions\/11689"}],"wp:featuredmedia":[{"embeddable":true,"href":"https:\/\/projekt.vombat.ee\/eco\/wp-json\/wp\/v2\/media\/11599"}],"wp:attachment":[{"href":"https:\/\/projekt.vombat.ee\/eco\/wp-json\/wp\/v2\/media?parent=11597"}],"wp:term":[{"taxonomy":"product_cat","embeddable":true,"href":"https:\/\/projekt.vombat.ee\/eco\/wp-json\/wp\/v2\/product_cat?post=11597"},{"taxonomy":"product_tag","embeddable":true,"href":"https:\/\/projekt.vombat.ee\/eco\/wp-json\/wp\/v2\/product_tag?post=11597"}],"curies":[{"name":"wp","href":"https:\/\/api.w.org\/{rel}","templated":true}]}}