{"id":11592,"date":"2023-08-07T10:31:13","date_gmt":"2023-08-07T10:31:13","guid":{"rendered":"https:\/\/projekt.vombat.ee\/eco\/?post_type=product&#038;p=11592"},"modified":"2023-08-07T10:33:39","modified_gmt":"2023-08-07T10:33:39","slug":"jalgrattakott","status":"publish","type":"product","link":"https:\/\/projekt.vombat.ee\/eco\/pood\/lisavarustus\/kotid\/jalgrattakott\/","title":{"rendered":"Jalgrattakott"},"content":{"rendered":"<h1><strong>Jalgrattakott<\/strong><\/h1>\n<div class=\"mpof_ki myre_zn myre_8v_l m389_6m_l\">\n<div class=\"mp4t_16_s mryx_16_s mr3m_1 mli2_1 mh85_56 mh85_0_l\">\n<div class=\"mgn2_16 _0d3bd_am0a-\">\n<ul>\n<li><strong>Kaubam\u00e4rk:\u00a0\u00a0Wozinsky<\/strong><\/li>\n<li><strong>Mudel:\u00a0\u00a0WBB12BK<\/strong><\/li>\n<li><strong>Paigaldusviis:\u00a0\u00a0juhtraual<\/strong><\/li>\n<li><strong>Mahutavus:\u00a02L<\/strong><\/li>\n<li><strong>Materjal:\u00a0\u00a0pol\u00fcester + PVC<\/strong><\/li>\n<li><strong>M\u00f5\u00f5dud:\u00a016x14x21 cm<\/strong><\/li>\n<li><strong>Kaal:\u00a0164g<\/strong><\/li>\n<li><strong>Telefoni maksimaalsed m\u00f5\u00f5dud\u00a0: 17 x 11 cm<\/strong><\/li>\n<\/ul>\n<\/div>\n<\/div>\n<\/div>\n<div class=\"mpof_ki myre_zn myre_8v_l m389_6m_l\">\n<div class=\"mp4t_16_s mryx_16_s mr3m_1 mli2_1 mh85_56 mh85_0_l\">\n<div class=\"mg9e_8 mj7a_8 mg9e_0_s mvrt_0_s mj7a_0_s mh36_0_s mzmg_6m munh_16_l m3h2_16_l\">\n<div class=\"mp4t_0 mryx_0 munh_56 m3h2_56\"><\/div>\n<\/div>\n<\/div>\n<\/div>\n","protected":false},"excerpt":{"rendered":"<p><strong>Jalgrattakott<\/strong><\/p>\n<div class=\"mpof_ki myre_zn myre_8v_l m389_6m_l\">\n<div class=\"mp4t_16_s mryx_16_s mr3m_1 mli2_1 mh85_56 mh85_0_l\">\n<div class=\"mgn2_16 _0d3bd_am0a-\">\n<ul>\n<li><strong>Kaubam\u00e4rk:\u00a0\u00a0Wozinsky<\/strong><\/li>\n<li><strong>Mudel:\u00a0\u00a0WBB12BK<\/strong><\/li>\n<li><strong>Paigaldusviis:\u00a0\u00a0juhtraual<\/strong><\/li>\n<li><strong>Mahutavus:\u00a02L<\/strong><\/li>\n<li><strong>Materjal:\u00a0\u00a0pol\u00fcester + PVC<\/strong><\/li>\n<li><strong>M\u00f5\u00f5dud:\u00a016x14x21 cm<\/strong><\/li>\n<li><strong>Kaal:\u00a0164g<\/strong><\/li>\n<li><strong>Telefoni maksimaalsed m\u00f5\u00f5dud\u00a0: 17 x 11 cm<\/strong><\/li>\n<\/ul>\n<\/div>\n<\/div>\n<\/div>\n<p>&nbsp;<\/p>\n<ul>\n<li><strong>Tarneaeg 2-7 p\u00e4eva<\/strong><\/li>\n<li><strong>Laos<\/strong><\/li>\n<\/ul>\n<div class=\"mpof_ki myre_zn myre_8v_l m389_6m_l\">\n<div class=\"mp4t_16_s mryx_16_s mr3m_1 mli2_1 mh85_56 mh85_0_l\">\n<div class=\"mp4t_0 mryx_0 munh_56 m3h2_56\"><\/div>\n<\/div>\n<\/div>\n","protected":false},"featured_media":11594,"template":"","meta":[],"product_cat":[1837,68],"product_tag":[],"class_list":{"0":"post-11592","1":"product","2":"type-product","3":"status-publish","4":"has-post-thumbnail","6":"product_cat-kotid","7":"product_cat-lisavarustus","9":"first","10":"instock","11":"taxable","12":"shipping-taxable","13":"purchasable","14":"product-type-simple"},"yoast_head":"<!-- This site is optimized with the Yoast SEO plugin v23.8 - https:\/\/yoast.com\/wordpress\/plugins\/seo\/ -->\n<title>Jalgrattakott - Ecocruiser<\/title>\n<meta name=\"description\" content=\"Kaubam\u00e4rk:\u00a0\u00a0Wozinsky. Mudel:\u00a0\u00a0WBB12BK. Paigaldusviis:\u00a0\u00a0juhtraual. Mahutavus:\u00a02L. Materjal:\u00a0\u00a0pol\u00fcester + PVC. M\u00f5\u00f5dud:\u00a016x14x21 cm. Kaal:\u00a0164g. Telefoni maksimaalsed m\u00f5\u00f5dud\u00a0: 17 x 11 cm.\" \/>\n<meta name=\"robots\" content=\"noindex, follow, max-snippet:-1, max-image-preview:large, max-video-preview:-1\" \/>\n<meta property=\"og:locale\" content=\"en_GB\" \/>\n<meta property=\"og:type\" content=\"article\" \/>\n<meta property=\"og:title\" content=\"Jalgrattakott - Ecocruiser\" \/>\n<meta property=\"og:description\" content=\"Kaubam\u00e4rk:\u00a0\u00a0Wozinsky. Mudel:\u00a0\u00a0WBB12BK. Paigaldusviis:\u00a0\u00a0juhtraual. Mahutavus:\u00a02L. Materjal:\u00a0\u00a0pol\u00fcester + PVC. M\u00f5\u00f5dud:\u00a016x14x21 cm. Kaal:\u00a0164g. Telefoni maksimaalsed m\u00f5\u00f5dud\u00a0: 17 x 11 cm.\" \/>\n<meta property=\"og:url\" content=\"https:\/\/projekt.vombat.ee\/eco\/pood\/lisavarustus\/kotid\/jalgrattakott\/\" \/>\n<meta property=\"og:site_name\" content=\"Ecocruiser\" \/>\n<meta property=\"article:modified_time\" content=\"2023-08-07T10:33:39+00:00\" \/>\n<meta property=\"og:image\" content=\"https:\/\/projekt.vombat.ee\/eco\/wp-content\/uploads\/2023\/08\/WOZINSKY-jalgrattakott-rattal.jpeg\" \/>\n\t<meta property=\"og:image:width\" content=\"1000\" \/>\n\t<meta property=\"og:image:height\" content=\"1000\" \/>\n\t<meta property=\"og:image:type\" content=\"image\/jpeg\" \/>\n<meta name=\"twitter:card\" content=\"summary_large_image\" \/>\n<meta name=\"twitter:label1\" content=\"Estimated reading time\" \/>\n\t<meta name=\"twitter:data1\" content=\"1 minute\" \/>\n<script type=\"application\/ld+json\" class=\"yoast-schema-graph\">{\"@context\":\"https:\/\/schema.org\",\"@graph\":[{\"@type\":\"WebPage\",\"@id\":\"https:\/\/projekt.vombat.ee\/eco\/pood\/lisavarustus\/kotid\/jalgrattakott\/\",\"url\":\"https:\/\/projekt.vombat.ee\/eco\/pood\/lisavarustus\/kotid\/jalgrattakott\/\",\"name\":\"Jalgrattakott - Ecocruiser\",\"isPartOf\":{\"@id\":\"https:\/\/projekt.vombat.ee\/eco\/#website\"},\"primaryImageOfPage\":{\"@id\":\"https:\/\/projekt.vombat.ee\/eco\/pood\/lisavarustus\/kotid\/jalgrattakott\/#primaryimage\"},\"image\":{\"@id\":\"https:\/\/projekt.vombat.ee\/eco\/pood\/lisavarustus\/kotid\/jalgrattakott\/#primaryimage\"},\"thumbnailUrl\":\"https:\/\/projekt.vombat.ee\/eco\/wp-content\/uploads\/2023\/08\/WOZINSKY-jalgrattakott-rattal.jpeg\",\"datePublished\":\"2023-08-07T10:31:13+00:00\",\"dateModified\":\"2023-08-07T10:33:39+00:00\",\"description\":\"Kaubam\u00e4rk:\u00a0\u00a0Wozinsky. Mudel:\u00a0\u00a0WBB12BK. Paigaldusviis:\u00a0\u00a0juhtraual. Mahutavus:\u00a02L. Materjal:\u00a0\u00a0pol\u00fcester + PVC. M\u00f5\u00f5dud:\u00a016x14x21 cm. Kaal:\u00a0164g. Telefoni maksimaalsed m\u00f5\u00f5dud\u00a0: 17 x 11 cm.\",\"breadcrumb\":{\"@id\":\"https:\/\/projekt.vombat.ee\/eco\/pood\/lisavarustus\/kotid\/jalgrattakott\/#breadcrumb\"},\"inLanguage\":\"en-GB\",\"potentialAction\":[{\"@type\":\"ReadAction\",\"target\":[\"https:\/\/projekt.vombat.ee\/eco\/pood\/lisavarustus\/kotid\/jalgrattakott\/\"]}]},{\"@type\":\"ImageObject\",\"inLanguage\":\"en-GB\",\"@id\":\"https:\/\/projekt.vombat.ee\/eco\/pood\/lisavarustus\/kotid\/jalgrattakott\/#primaryimage\",\"url\":\"https:\/\/projekt.vombat.ee\/eco\/wp-content\/uploads\/2023\/08\/WOZINSKY-jalgrattakott-rattal.jpeg\",\"contentUrl\":\"https:\/\/projekt.vombat.ee\/eco\/wp-content\/uploads\/2023\/08\/WOZINSKY-jalgrattakott-rattal.jpeg\",\"width\":1000,\"height\":1000},{\"@type\":\"BreadcrumbList\",\"@id\":\"https:\/\/projekt.vombat.ee\/eco\/pood\/lisavarustus\/kotid\/jalgrattakott\/#breadcrumb\",\"itemListElement\":[{\"@type\":\"ListItem\",\"position\":1,\"name\":\"Home\",\"item\":\"https:\/\/projekt.vombat.ee\/eco\/\"},{\"@type\":\"ListItem\",\"position\":2,\"name\":\"Pood\",\"item\":\"https:\/\/projekt.vombat.ee\/eco\/pood\/\"},{\"@type\":\"ListItem\",\"position\":3,\"name\":\"Jalgrattakott\"}]},{\"@type\":\"WebSite\",\"@id\":\"https:\/\/projekt.vombat.ee\/eco\/#website\",\"url\":\"https:\/\/projekt.vombat.ee\/eco\/\",\"name\":\"Ecocruiser\",\"description\":\"\",\"publisher\":{\"@id\":\"https:\/\/projekt.vombat.ee\/eco\/#organization\"},\"potentialAction\":[{\"@type\":\"SearchAction\",\"target\":{\"@type\":\"EntryPoint\",\"urlTemplate\":\"https:\/\/projekt.vombat.ee\/eco\/?s={search_term_string}\"},\"query-input\":{\"@type\":\"PropertyValueSpecification\",\"valueRequired\":true,\"valueName\":\"search_term_string\"}}],\"inLanguage\":\"en-GB\"},{\"@type\":\"Organization\",\"@id\":\"https:\/\/projekt.vombat.ee\/eco\/#organization\",\"name\":\"Ecocruiser\",\"url\":\"https:\/\/projekt.vombat.ee\/eco\/\",\"logo\":{\"@type\":\"ImageObject\",\"inLanguage\":\"en-GB\",\"@id\":\"https:\/\/projekt.vombat.ee\/eco\/#\/schema\/logo\/image\/\",\"url\":\"https:\/\/projekt.vombat.ee\/eco\/wp-content\/uploads\/2023\/03\/ECOCRUISER_5.png\",\"contentUrl\":\"https:\/\/projekt.vombat.ee\/eco\/wp-content\/uploads\/2023\/03\/ECOCRUISER_5.png\",\"width\":234,\"height\":91,\"caption\":\"Ecocruiser\"},\"image\":{\"@id\":\"https:\/\/projekt.vombat.ee\/eco\/#\/schema\/logo\/image\/\"}}]}<\/script>\n<!-- \/ Yoast SEO plugin. -->","yoast_head_json":{"title":"Jalgrattakott - Ecocruiser","description":"Kaubam\u00e4rk:\u00a0\u00a0Wozinsky. Mudel:\u00a0\u00a0WBB12BK. Paigaldusviis:\u00a0\u00a0juhtraual. Mahutavus:\u00a02L. Materjal:\u00a0\u00a0pol\u00fcester + PVC. M\u00f5\u00f5dud:\u00a016x14x21 cm. Kaal:\u00a0164g. Telefoni maksimaalsed m\u00f5\u00f5dud\u00a0: 17 x 11 cm.","robots":{"index":"noindex","follow":"follow","max-snippet":"max-snippet:-1","max-image-preview":"max-image-preview:large","max-video-preview":"max-video-preview:-1"},"og_locale":"en_GB","og_type":"article","og_title":"Jalgrattakott - Ecocruiser","og_description":"Kaubam\u00e4rk:\u00a0\u00a0Wozinsky. Mudel:\u00a0\u00a0WBB12BK. Paigaldusviis:\u00a0\u00a0juhtraual. Mahutavus:\u00a02L. Materjal:\u00a0\u00a0pol\u00fcester + PVC. M\u00f5\u00f5dud:\u00a016x14x21 cm. Kaal:\u00a0164g. Telefoni maksimaalsed m\u00f5\u00f5dud\u00a0: 17 x 11 cm.","og_url":"https:\/\/projekt.vombat.ee\/eco\/pood\/lisavarustus\/kotid\/jalgrattakott\/","og_site_name":"Ecocruiser","article_modified_time":"2023-08-07T10:33:39+00:00","og_image":[{"width":1000,"height":1000,"url":"https:\/\/projekt.vombat.ee\/eco\/wp-content\/uploads\/2023\/08\/WOZINSKY-jalgrattakott-rattal.jpeg","type":"image\/jpeg"}],"twitter_card":"summary_large_image","twitter_misc":{"Estimated reading time":"1 minute"},"schema":{"@context":"https:\/\/schema.org","@graph":[{"@type":"WebPage","@id":"https:\/\/projekt.vombat.ee\/eco\/pood\/lisavarustus\/kotid\/jalgrattakott\/","url":"https:\/\/projekt.vombat.ee\/eco\/pood\/lisavarustus\/kotid\/jalgrattakott\/","name":"Jalgrattakott - Ecocruiser","isPartOf":{"@id":"https:\/\/projekt.vombat.ee\/eco\/#website"},"primaryImageOfPage":{"@id":"https:\/\/projekt.vombat.ee\/eco\/pood\/lisavarustus\/kotid\/jalgrattakott\/#primaryimage"},"image":{"@id":"https:\/\/projekt.vombat.ee\/eco\/pood\/lisavarustus\/kotid\/jalgrattakott\/#primaryimage"},"thumbnailUrl":"https:\/\/projekt.vombat.ee\/eco\/wp-content\/uploads\/2023\/08\/WOZINSKY-jalgrattakott-rattal.jpeg","datePublished":"2023-08-07T10:31:13+00:00","dateModified":"2023-08-07T10:33:39+00:00","description":"Kaubam\u00e4rk:\u00a0\u00a0Wozinsky. Mudel:\u00a0\u00a0WBB12BK. Paigaldusviis:\u00a0\u00a0juhtraual. Mahutavus:\u00a02L. Materjal:\u00a0\u00a0pol\u00fcester + PVC. M\u00f5\u00f5dud:\u00a016x14x21 cm. Kaal:\u00a0164g. Telefoni maksimaalsed m\u00f5\u00f5dud\u00a0: 17 x 11 cm.","breadcrumb":{"@id":"https:\/\/projekt.vombat.ee\/eco\/pood\/lisavarustus\/kotid\/jalgrattakott\/#breadcrumb"},"inLanguage":"en-GB","potentialAction":[{"@type":"ReadAction","target":["https:\/\/projekt.vombat.ee\/eco\/pood\/lisavarustus\/kotid\/jalgrattakott\/"]}]},{"@type":"ImageObject","inLanguage":"en-GB","@id":"https:\/\/projekt.vombat.ee\/eco\/pood\/lisavarustus\/kotid\/jalgrattakott\/#primaryimage","url":"https:\/\/projekt.vombat.ee\/eco\/wp-content\/uploads\/2023\/08\/WOZINSKY-jalgrattakott-rattal.jpeg","contentUrl":"https:\/\/projekt.vombat.ee\/eco\/wp-content\/uploads\/2023\/08\/WOZINSKY-jalgrattakott-rattal.jpeg","width":1000,"height":1000},{"@type":"BreadcrumbList","@id":"https:\/\/projekt.vombat.ee\/eco\/pood\/lisavarustus\/kotid\/jalgrattakott\/#breadcrumb","itemListElement":[{"@type":"ListItem","position":1,"name":"Home","item":"https:\/\/projekt.vombat.ee\/eco\/"},{"@type":"ListItem","position":2,"name":"Pood","item":"https:\/\/projekt.vombat.ee\/eco\/pood\/"},{"@type":"ListItem","position":3,"name":"Jalgrattakott"}]},{"@type":"WebSite","@id":"https:\/\/projekt.vombat.ee\/eco\/#website","url":"https:\/\/projekt.vombat.ee\/eco\/","name":"Ecocruiser","description":"","publisher":{"@id":"https:\/\/projekt.vombat.ee\/eco\/#organization"},"potentialAction":[{"@type":"SearchAction","target":{"@type":"EntryPoint","urlTemplate":"https:\/\/projekt.vombat.ee\/eco\/?s={search_term_string}"},"query-input":{"@type":"PropertyValueSpecification","valueRequired":true,"valueName":"search_term_string"}}],"inLanguage":"en-GB"},{"@type":"Organization","@id":"https:\/\/projekt.vombat.ee\/eco\/#organization","name":"Ecocruiser","url":"https:\/\/projekt.vombat.ee\/eco\/","logo":{"@type":"ImageObject","inLanguage":"en-GB","@id":"https:\/\/projekt.vombat.ee\/eco\/#\/schema\/logo\/image\/","url":"https:\/\/projekt.vombat.ee\/eco\/wp-content\/uploads\/2023\/03\/ECOCRUISER_5.png","contentUrl":"https:\/\/projekt.vombat.ee\/eco\/wp-content\/uploads\/2023\/03\/ECOCRUISER_5.png","width":234,"height":91,"caption":"Ecocruiser"},"image":{"@id":"https:\/\/projekt.vombat.ee\/eco\/#\/schema\/logo\/image\/"}}]}},"lang":"et","translations":{"et":11592},"pll_sync_post":[],"_links":{"self":[{"href":"https:\/\/projekt.vombat.ee\/eco\/wp-json\/wp\/v2\/product\/11592"}],"collection":[{"href":"https:\/\/projekt.vombat.ee\/eco\/wp-json\/wp\/v2\/product"}],"about":[{"href":"https:\/\/projekt.vombat.ee\/eco\/wp-json\/wp\/v2\/types\/product"}],"version-history":[{"count":3,"href":"https:\/\/projekt.vombat.ee\/eco\/wp-json\/wp\/v2\/product\/11592\/revisions"}],"predecessor-version":[{"id":11688,"href":"https:\/\/projekt.vombat.ee\/eco\/wp-json\/wp\/v2\/product\/11592\/revisions\/11688"}],"wp:featuredmedia":[{"embeddable":true,"href":"https:\/\/projekt.vombat.ee\/eco\/wp-json\/wp\/v2\/media\/11594"}],"wp:attachment":[{"href":"https:\/\/projekt.vombat.ee\/eco\/wp-json\/wp\/v2\/media?parent=11592"}],"wp:term":[{"taxonomy":"product_cat","embeddable":true,"href":"https:\/\/projekt.vombat.ee\/eco\/wp-json\/wp\/v2\/product_cat?post=11592"},{"taxonomy":"product_tag","embeddable":true,"href":"https:\/\/projekt.vombat.ee\/eco\/wp-json\/wp\/v2\/product_tag?post=11592"}],"curies":[{"name":"wp","href":"https:\/\/api.w.org\/{rel}","templated":true}]}}