{"id":11585,"date":"2023-08-07T10:28:01","date_gmt":"2023-08-07T10:28:01","guid":{"rendered":"https:\/\/projekt.vombat.ee\/eco\/?post_type=product&#038;p=11585"},"modified":"2023-08-07T10:29:39","modified_gmt":"2023-08-07T10:29:39","slug":"suur-jalgrattakott","status":"publish","type":"product","link":"https:\/\/projekt.vombat.ee\/eco\/pood\/lisavarustus\/kotid\/suur-jalgrattakott\/","title":{"rendered":"Suur jalgrattakott"},"content":{"rendered":"<h1><strong>Suur jalgrattakott<\/strong><\/h1>\n<p><strong>Multifunktsionaalne \u00a0kahekordne jalgrattakott, mis kinnitatakse pagasiruumi k\u00fclge.\u00a0See sobib suurep\u00e4raselt jalgrattat\u00f6\u00f6riistade, reisil kasulike pisiasjade, riiete, v\u00f5i toiduvarude hoidiseks.\u00a0<\/strong><\/p>\n<div class=\"mpof_ki myre_zn myre_8v_l m389_6m_l\">\n<div class=\"mp4t_16_s mryx_16_s mr3m_1 mli2_1 mh85_56 mh85_0_l\">\n<div class=\"mgn2_16 _0d3bd_am0a-\">\n<ul>\n<li><strong>\u00a0Kotil on\u00a0 1 p\u00f5hi-\u00a0ja\u00a0\u00a02 k\u00fclgedel.<\/strong><\/li>\n<li><strong>\u00a0K\u00f5ik taskud on\u00a0\u00a0lukuga.<\/strong><\/li>\n<li><strong>\u00a0K\u00fcljetaskud v\u00f5imaldavad pannikotti suurendada.<\/strong><\/li>\n<li><strong>\u00a0Lisaks on\u00a0\u00a0tagak\u00fcljel ruumi veepudelile.<\/strong><\/li>\n<li><strong>\u00a0Panni tagaosa on kaunistatud helkurteibiga,\u00a0\u00a0mis\u00a0\u00a0suurendab oluliselt s\u00f5iduohutust.<\/strong><\/li>\n<li><strong>\u00a0Lisaks on kott varustatud\u00a0 vihmamantliga, mis on paigutatud panni p\u00f5hja.<\/strong><\/li>\n<li><strong>\u00a0Panniir on\u00a0 universaalne, nii et see sobib enamiku turul saadaolevate kohvritega.<\/strong><\/li>\n<li><strong>\u00a0Kott on kinnitatud\u00a0\u00a0takjapaela k\u00fclge.\u00a0Lisaks on sellel\u00a0\u00a0materjalist k\u00e4epide, t\u00e4nu millele saate sellega h\u00f5lpsalt liikuda.<\/strong><\/li>\n<\/ul>\n<\/div>\n<\/div>\n<\/div>\n<div class=\"mpof_ki myre_zn myre_8v_l m389_6m_l\">\n<div class=\"mp4t_16_s mryx_16_s mr3m_1 mli2_1 mh85_56 mh85_0_l\">\n<div class=\"mgn2_16 _0d3bd_am0a-\">\n<h2>\u00a0Tehnilised andmed:<\/h2>\n<ul>\n<li><strong>\u00a0Materjal:\u00a0 pol\u00fcester<\/strong><\/li>\n<li><strong>\u00a0V\u00e4rvus\u00a0:\u00a0 must<\/strong><\/li>\n<li><strong>\u00a0\u00dcldm\u00f5\u00f5tmed:\u00a0 14 x 32 x 28 cm (laius x pikkus x k\u00f5rgus)<\/strong><\/li>\n<li><strong>\u00a0Suure kambri m\u00f5\u00f5dud: \u00a034 x 24 cm<\/strong><\/li>\n<li><strong>\u00a0V\u00e4ikese kambri m\u00f5\u00f5dud:\u00a0 28 x 16 cm.<\/strong><\/li>\n<\/ul>\n<\/div>\n<\/div>\n<\/div>\n","protected":false},"excerpt":{"rendered":"<p><strong>Suur jalgrattakott<\/strong><\/p>\n<ul>\n<li><strong>\u00a0Materjal:\u00a0 pol\u00fcester<\/strong><\/li>\n<li><strong>\u00a0V\u00e4rvus\u00a0:\u00a0 must<\/strong><\/li>\n<li><strong>\u00a0\u00dcldm\u00f5\u00f5tmed:\u00a0 14 x 32 x 28 cm (laius x pikkus x k\u00f5rgus)<\/strong><\/li>\n<li><strong>\u00a0Suure kambri m\u00f5\u00f5dud: \u00a034 x 24 cm<\/strong><\/li>\n<li><strong>\u00a0V\u00e4ikese kambri m\u00f5\u00f5dud:\u00a0 28 x 16 cm.<\/strong><\/li>\n<\/ul>\n<p>&nbsp;<\/p>\n<ul>\n<li><strong>Tarneaeg 2-7 p\u00e4eva.\u00a0<\/strong><\/li>\n<li><strong>Laos.\u00a0<\/strong><\/li>\n<\/ul>\n","protected":false},"featured_media":11586,"template":"","meta":[],"product_cat":[1837,68],"product_tag":[],"class_list":{"0":"post-11585","1":"product","2":"type-product","3":"status-publish","4":"has-post-thumbnail","6":"product_cat-kotid","7":"product_cat-lisavarustus","9":"first","10":"instock","11":"sale","12":"taxable","13":"shipping-taxable","14":"purchasable","15":"product-type-simple"},"yoast_head":"<!-- This site is optimized with the Yoast SEO plugin v23.8 - https:\/\/yoast.com\/wordpress\/plugins\/seo\/ -->\n<title>Suur jalgrattakott - Ecocruiser<\/title>\n<meta name=\"description\" content=\"Materjal:\u00a0 pol\u00fcester\u00a0V\u00e4rvus\u00a0:\u00a0 must\u00a0\u00dcldm\u00f5\u00f5tmed:\u00a0 14 x 32 x 28 cm (laius x pikkus x k\u00f5rgus)\u00a0Suure kambri m\u00f5\u00f5dud: \u00a034 x 24 cm\u00a0V\u00e4ikese kambri m\u00f5\u00f5dud:\u00a0 28 x 16 cm.\" \/>\n<meta name=\"robots\" content=\"noindex, follow, max-snippet:-1, max-image-preview:large, max-video-preview:-1\" \/>\n<meta property=\"og:locale\" content=\"en_GB\" \/>\n<meta property=\"og:type\" content=\"article\" \/>\n<meta property=\"og:title\" content=\"Suur jalgrattakott - Ecocruiser\" \/>\n<meta property=\"og:description\" content=\"Materjal:\u00a0 pol\u00fcester\u00a0V\u00e4rvus\u00a0:\u00a0 must\u00a0\u00dcldm\u00f5\u00f5tmed:\u00a0 14 x 32 x 28 cm (laius x pikkus x k\u00f5rgus)\u00a0Suure kambri m\u00f5\u00f5dud: \u00a034 x 24 cm\u00a0V\u00e4ikese kambri m\u00f5\u00f5dud:\u00a0 28 x 16 cm.\" \/>\n<meta property=\"og:url\" content=\"https:\/\/projekt.vombat.ee\/eco\/pood\/lisavarustus\/kotid\/suur-jalgrattakott\/\" \/>\n<meta property=\"og:site_name\" content=\"Ecocruiser\" \/>\n<meta property=\"article:modified_time\" content=\"2023-08-07T10:29:39+00:00\" \/>\n<meta property=\"og:image\" content=\"https:\/\/projekt.vombat.ee\/eco\/wp-content\/uploads\/2023\/08\/jalgrattakott-tavaline.jpeg\" \/>\n\t<meta property=\"og:image:width\" content=\"720\" \/>\n\t<meta property=\"og:image:height\" content=\"612\" \/>\n\t<meta property=\"og:image:type\" content=\"image\/jpeg\" \/>\n<meta name=\"twitter:card\" content=\"summary_large_image\" \/>\n<meta name=\"twitter:label1\" content=\"Estimated reading time\" \/>\n\t<meta name=\"twitter:data1\" content=\"1 minute\" \/>\n<script type=\"application\/ld+json\" class=\"yoast-schema-graph\">{\"@context\":\"https:\/\/schema.org\",\"@graph\":[{\"@type\":\"WebPage\",\"@id\":\"https:\/\/projekt.vombat.ee\/eco\/pood\/lisavarustus\/kotid\/suur-jalgrattakott\/\",\"url\":\"https:\/\/projekt.vombat.ee\/eco\/pood\/lisavarustus\/kotid\/suur-jalgrattakott\/\",\"name\":\"Suur jalgrattakott - Ecocruiser\",\"isPartOf\":{\"@id\":\"https:\/\/projekt.vombat.ee\/eco\/#website\"},\"primaryImageOfPage\":{\"@id\":\"https:\/\/projekt.vombat.ee\/eco\/pood\/lisavarustus\/kotid\/suur-jalgrattakott\/#primaryimage\"},\"image\":{\"@id\":\"https:\/\/projekt.vombat.ee\/eco\/pood\/lisavarustus\/kotid\/suur-jalgrattakott\/#primaryimage\"},\"thumbnailUrl\":\"https:\/\/projekt.vombat.ee\/eco\/wp-content\/uploads\/2023\/08\/jalgrattakott-tavaline.jpeg\",\"datePublished\":\"2023-08-07T10:28:01+00:00\",\"dateModified\":\"2023-08-07T10:29:39+00:00\",\"description\":\"Materjal:\u00a0 pol\u00fcester\u00a0V\u00e4rvus\u00a0:\u00a0 must\u00a0\u00dcldm\u00f5\u00f5tmed:\u00a0 14 x 32 x 28 cm (laius x pikkus x k\u00f5rgus)\u00a0Suure kambri m\u00f5\u00f5dud: \u00a034 x 24 cm\u00a0V\u00e4ikese kambri m\u00f5\u00f5dud:\u00a0 28 x 16 cm.\",\"breadcrumb\":{\"@id\":\"https:\/\/projekt.vombat.ee\/eco\/pood\/lisavarustus\/kotid\/suur-jalgrattakott\/#breadcrumb\"},\"inLanguage\":\"en-GB\",\"potentialAction\":[{\"@type\":\"ReadAction\",\"target\":[\"https:\/\/projekt.vombat.ee\/eco\/pood\/lisavarustus\/kotid\/suur-jalgrattakott\/\"]}]},{\"@type\":\"ImageObject\",\"inLanguage\":\"en-GB\",\"@id\":\"https:\/\/projekt.vombat.ee\/eco\/pood\/lisavarustus\/kotid\/suur-jalgrattakott\/#primaryimage\",\"url\":\"https:\/\/projekt.vombat.ee\/eco\/wp-content\/uploads\/2023\/08\/jalgrattakott-tavaline.jpeg\",\"contentUrl\":\"https:\/\/projekt.vombat.ee\/eco\/wp-content\/uploads\/2023\/08\/jalgrattakott-tavaline.jpeg\",\"width\":720,\"height\":612},{\"@type\":\"BreadcrumbList\",\"@id\":\"https:\/\/projekt.vombat.ee\/eco\/pood\/lisavarustus\/kotid\/suur-jalgrattakott\/#breadcrumb\",\"itemListElement\":[{\"@type\":\"ListItem\",\"position\":1,\"name\":\"Home\",\"item\":\"https:\/\/projekt.vombat.ee\/eco\/\"},{\"@type\":\"ListItem\",\"position\":2,\"name\":\"Pood\",\"item\":\"https:\/\/projekt.vombat.ee\/eco\/pood\/\"},{\"@type\":\"ListItem\",\"position\":3,\"name\":\"Suur jalgrattakott\"}]},{\"@type\":\"WebSite\",\"@id\":\"https:\/\/projekt.vombat.ee\/eco\/#website\",\"url\":\"https:\/\/projekt.vombat.ee\/eco\/\",\"name\":\"Ecocruiser\",\"description\":\"\",\"publisher\":{\"@id\":\"https:\/\/projekt.vombat.ee\/eco\/#organization\"},\"potentialAction\":[{\"@type\":\"SearchAction\",\"target\":{\"@type\":\"EntryPoint\",\"urlTemplate\":\"https:\/\/projekt.vombat.ee\/eco\/?s={search_term_string}\"},\"query-input\":{\"@type\":\"PropertyValueSpecification\",\"valueRequired\":true,\"valueName\":\"search_term_string\"}}],\"inLanguage\":\"en-GB\"},{\"@type\":\"Organization\",\"@id\":\"https:\/\/projekt.vombat.ee\/eco\/#organization\",\"name\":\"Ecocruiser\",\"url\":\"https:\/\/projekt.vombat.ee\/eco\/\",\"logo\":{\"@type\":\"ImageObject\",\"inLanguage\":\"en-GB\",\"@id\":\"https:\/\/projekt.vombat.ee\/eco\/#\/schema\/logo\/image\/\",\"url\":\"https:\/\/projekt.vombat.ee\/eco\/wp-content\/uploads\/2023\/03\/ECOCRUISER_5.png\",\"contentUrl\":\"https:\/\/projekt.vombat.ee\/eco\/wp-content\/uploads\/2023\/03\/ECOCRUISER_5.png\",\"width\":234,\"height\":91,\"caption\":\"Ecocruiser\"},\"image\":{\"@id\":\"https:\/\/projekt.vombat.ee\/eco\/#\/schema\/logo\/image\/\"}}]}<\/script>\n<!-- \/ Yoast SEO plugin. -->","yoast_head_json":{"title":"Suur jalgrattakott - Ecocruiser","description":"Materjal:\u00a0 pol\u00fcester\u00a0V\u00e4rvus\u00a0:\u00a0 must\u00a0\u00dcldm\u00f5\u00f5tmed:\u00a0 14 x 32 x 28 cm (laius x pikkus x k\u00f5rgus)\u00a0Suure kambri m\u00f5\u00f5dud: \u00a034 x 24 cm\u00a0V\u00e4ikese kambri m\u00f5\u00f5dud:\u00a0 28 x 16 cm.","robots":{"index":"noindex","follow":"follow","max-snippet":"max-snippet:-1","max-image-preview":"max-image-preview:large","max-video-preview":"max-video-preview:-1"},"og_locale":"en_GB","og_type":"article","og_title":"Suur jalgrattakott - Ecocruiser","og_description":"Materjal:\u00a0 pol\u00fcester\u00a0V\u00e4rvus\u00a0:\u00a0 must\u00a0\u00dcldm\u00f5\u00f5tmed:\u00a0 14 x 32 x 28 cm (laius x pikkus x k\u00f5rgus)\u00a0Suure kambri m\u00f5\u00f5dud: \u00a034 x 24 cm\u00a0V\u00e4ikese kambri m\u00f5\u00f5dud:\u00a0 28 x 16 cm.","og_url":"https:\/\/projekt.vombat.ee\/eco\/pood\/lisavarustus\/kotid\/suur-jalgrattakott\/","og_site_name":"Ecocruiser","article_modified_time":"2023-08-07T10:29:39+00:00","og_image":[{"width":720,"height":612,"url":"https:\/\/projekt.vombat.ee\/eco\/wp-content\/uploads\/2023\/08\/jalgrattakott-tavaline.jpeg","type":"image\/jpeg"}],"twitter_card":"summary_large_image","twitter_misc":{"Estimated reading time":"1 minute"},"schema":{"@context":"https:\/\/schema.org","@graph":[{"@type":"WebPage","@id":"https:\/\/projekt.vombat.ee\/eco\/pood\/lisavarustus\/kotid\/suur-jalgrattakott\/","url":"https:\/\/projekt.vombat.ee\/eco\/pood\/lisavarustus\/kotid\/suur-jalgrattakott\/","name":"Suur jalgrattakott - Ecocruiser","isPartOf":{"@id":"https:\/\/projekt.vombat.ee\/eco\/#website"},"primaryImageOfPage":{"@id":"https:\/\/projekt.vombat.ee\/eco\/pood\/lisavarustus\/kotid\/suur-jalgrattakott\/#primaryimage"},"image":{"@id":"https:\/\/projekt.vombat.ee\/eco\/pood\/lisavarustus\/kotid\/suur-jalgrattakott\/#primaryimage"},"thumbnailUrl":"https:\/\/projekt.vombat.ee\/eco\/wp-content\/uploads\/2023\/08\/jalgrattakott-tavaline.jpeg","datePublished":"2023-08-07T10:28:01+00:00","dateModified":"2023-08-07T10:29:39+00:00","description":"Materjal:\u00a0 pol\u00fcester\u00a0V\u00e4rvus\u00a0:\u00a0 must\u00a0\u00dcldm\u00f5\u00f5tmed:\u00a0 14 x 32 x 28 cm (laius x pikkus x k\u00f5rgus)\u00a0Suure kambri m\u00f5\u00f5dud: \u00a034 x 24 cm\u00a0V\u00e4ikese kambri m\u00f5\u00f5dud:\u00a0 28 x 16 cm.","breadcrumb":{"@id":"https:\/\/projekt.vombat.ee\/eco\/pood\/lisavarustus\/kotid\/suur-jalgrattakott\/#breadcrumb"},"inLanguage":"en-GB","potentialAction":[{"@type":"ReadAction","target":["https:\/\/projekt.vombat.ee\/eco\/pood\/lisavarustus\/kotid\/suur-jalgrattakott\/"]}]},{"@type":"ImageObject","inLanguage":"en-GB","@id":"https:\/\/projekt.vombat.ee\/eco\/pood\/lisavarustus\/kotid\/suur-jalgrattakott\/#primaryimage","url":"https:\/\/projekt.vombat.ee\/eco\/wp-content\/uploads\/2023\/08\/jalgrattakott-tavaline.jpeg","contentUrl":"https:\/\/projekt.vombat.ee\/eco\/wp-content\/uploads\/2023\/08\/jalgrattakott-tavaline.jpeg","width":720,"height":612},{"@type":"BreadcrumbList","@id":"https:\/\/projekt.vombat.ee\/eco\/pood\/lisavarustus\/kotid\/suur-jalgrattakott\/#breadcrumb","itemListElement":[{"@type":"ListItem","position":1,"name":"Home","item":"https:\/\/projekt.vombat.ee\/eco\/"},{"@type":"ListItem","position":2,"name":"Pood","item":"https:\/\/projekt.vombat.ee\/eco\/pood\/"},{"@type":"ListItem","position":3,"name":"Suur jalgrattakott"}]},{"@type":"WebSite","@id":"https:\/\/projekt.vombat.ee\/eco\/#website","url":"https:\/\/projekt.vombat.ee\/eco\/","name":"Ecocruiser","description":"","publisher":{"@id":"https:\/\/projekt.vombat.ee\/eco\/#organization"},"potentialAction":[{"@type":"SearchAction","target":{"@type":"EntryPoint","urlTemplate":"https:\/\/projekt.vombat.ee\/eco\/?s={search_term_string}"},"query-input":{"@type":"PropertyValueSpecification","valueRequired":true,"valueName":"search_term_string"}}],"inLanguage":"en-GB"},{"@type":"Organization","@id":"https:\/\/projekt.vombat.ee\/eco\/#organization","name":"Ecocruiser","url":"https:\/\/projekt.vombat.ee\/eco\/","logo":{"@type":"ImageObject","inLanguage":"en-GB","@id":"https:\/\/projekt.vombat.ee\/eco\/#\/schema\/logo\/image\/","url":"https:\/\/projekt.vombat.ee\/eco\/wp-content\/uploads\/2023\/03\/ECOCRUISER_5.png","contentUrl":"https:\/\/projekt.vombat.ee\/eco\/wp-content\/uploads\/2023\/03\/ECOCRUISER_5.png","width":234,"height":91,"caption":"Ecocruiser"},"image":{"@id":"https:\/\/projekt.vombat.ee\/eco\/#\/schema\/logo\/image\/"}}]}},"lang":"et","translations":{"et":11585},"pll_sync_post":[],"_links":{"self":[{"href":"https:\/\/projekt.vombat.ee\/eco\/wp-json\/wp\/v2\/product\/11585"}],"collection":[{"href":"https:\/\/projekt.vombat.ee\/eco\/wp-json\/wp\/v2\/product"}],"about":[{"href":"https:\/\/projekt.vombat.ee\/eco\/wp-json\/wp\/v2\/types\/product"}],"version-history":[{"count":2,"href":"https:\/\/projekt.vombat.ee\/eco\/wp-json\/wp\/v2\/product\/11585\/revisions"}],"predecessor-version":[{"id":11686,"href":"https:\/\/projekt.vombat.ee\/eco\/wp-json\/wp\/v2\/product\/11585\/revisions\/11686"}],"wp:featuredmedia":[{"embeddable":true,"href":"https:\/\/projekt.vombat.ee\/eco\/wp-json\/wp\/v2\/media\/11586"}],"wp:attachment":[{"href":"https:\/\/projekt.vombat.ee\/eco\/wp-json\/wp\/v2\/media?parent=11585"}],"wp:term":[{"taxonomy":"product_cat","embeddable":true,"href":"https:\/\/projekt.vombat.ee\/eco\/wp-json\/wp\/v2\/product_cat?post=11585"},{"taxonomy":"product_tag","embeddable":true,"href":"https:\/\/projekt.vombat.ee\/eco\/wp-json\/wp\/v2\/product_tag?post=11585"}],"curies":[{"name":"wp","href":"https:\/\/api.w.org\/{rel}","templated":true}]}}