{"id":11555,"date":"2023-07-29T13:38:11","date_gmt":"2023-07-29T13:38:11","guid":{"rendered":"https:\/\/projekt.vombat.ee\/eco\/?post_type=product&#038;p=11555"},"modified":"2023-07-29T13:38:12","modified_gmt":"2023-07-29T13:38:12","slug":"taispuhutav-kayak-aqua-marina-betta-412-cm-2-istet","status":"publish","type":"product","link":"https:\/\/projekt.vombat.ee\/eco\/pood\/kayak\/taispuhutav-kayak-aqua-marina-betta-412-cm-2-istet\/","title":{"rendered":"T\u00e4ispuhutav Kayak Aqua Marina Betta 412 cm 2 istet"},"content":{"rendered":"<h1>T\u00e4ispuhutav Kayak Aqua Marina Betta 412 cm<\/h1>\n<p><img fetchpriority=\"high\" decoding=\"async\" class=\"msub_k4 mupj_5k mjru_k4 mse2_k4 mp7g_f6 mq1m_0 mj7u_0 m7er_k4 lazyloaded\" src=\"https:\/\/a.allegroimg.com\/original\/119ab8\/3a5e723b4339a6fb52e513614968\/Inflatable-kayak-Aqua-Marina-Betta-412-2-person-2022-Length-412-cm\" sizes=\"(min-width: 1200px) 560px, (min-width: 992px) 50vw, 100vw\" srcset=\"https:\/\/a.allegroimg.com\/s360\/119ab8\/3a5e723b4339a6fb52e513614968\/Inflatable-kayak-Aqua-Marina-Betta-412-2-person-2022-Length-412-cm 360w,https:\/\/a.allegroimg.com\/s720\/119ab8\/3a5e723b4339a6fb52e513614968\/Inflatable-kayak-Aqua-Marina-Betta-412-2-person-2022-Length-412-cm 720w,https:\/\/a.allegroimg.com\/s1024\/119ab8\/3a5e723b4339a6fb52e513614968\/Inflatable-kayak-Aqua-Marina-Betta-412-2-person-2022-Length-412-cm 1024w,https:\/\/a.allegroimg.com\/s1440\/119ab8\/3a5e723b4339a6fb52e513614968\/Inflatable-kayak-Aqua-Marina-Betta-412-2-person-2022-Length-412-cm 1440w,https:\/\/a.allegroimg.com\/original\/119ab8\/3a5e723b4339a6fb52e513614968\/Inflatable-kayak-Aqua-Marina-Betta-412-2-person-2022-Length-412-cm 1500w\" alt=\"Inflatable kayak Aqua Marina Betta 412 2-person 2022 Length 412 cm\" width=\"677\" height=\"677\" data-src=\"https:\/\/a.allegroimg.com\/original\/119ab8\/3a5e723b4339a6fb52e513614968\/Inflatable-kayak-Aqua-Marina-Betta-412-2-person-2022-Length-412-cm\" data-srcset=\"https:\/\/a.allegroimg.com\/s360\/119ab8\/3a5e723b4339a6fb52e513614968\/Inflatable-kayak-Aqua-Marina-Betta-412-2-person-2022-Length-412-cm 360w,https:\/\/a.allegroimg.com\/s720\/119ab8\/3a5e723b4339a6fb52e513614968\/Inflatable-kayak-Aqua-Marina-Betta-412-2-person-2022-Length-412-cm 720w,https:\/\/a.allegroimg.com\/s1024\/119ab8\/3a5e723b4339a6fb52e513614968\/Inflatable-kayak-Aqua-Marina-Betta-412-2-person-2022-Length-412-cm 1024w,https:\/\/a.allegroimg.com\/s1440\/119ab8\/3a5e723b4339a6fb52e513614968\/Inflatable-kayak-Aqua-Marina-Betta-412-2-person-2022-Length-412-cm 1440w,https:\/\/a.allegroimg.com\/original\/119ab8\/3a5e723b4339a6fb52e513614968\/Inflatable-kayak-Aqua-Marina-Betta-412-2-person-2022-Length-412-cm 1500w\" \/><\/p>\n<p>Kayak Aqua Marina Betta kaalub vaid 13,5 kg ja selle kandev\u00f5ime on kuni 180 kg. Betta on loomulik valik algajatele kuni keskmise tasemega s\u00f5udjatele.<\/p>\n<p>Kajakiga komplektis: 2 aeru, pump, 2 uime ja 2 istet.<\/p>\n<h3>Tugevdatud plastist s\u00fcsta t\u00e4ispuhutava &#8220;i&#8221;-kujulise p\u00f5randaga<\/h3>\n<p>1. Tekk on valmistatud tugevdatud plastikust<\/p>\n<p>2 . Kvaliteetne I-kujuline t\u00e4ispuhutav p\u00f5rand, mis suurendab teki j\u00e4ikust.<\/p>\n<p>3 . 2 k\u00fclgmist \u00f5hukambrit stabiilsuse ja ohutuse tagamiseks.<\/p>\n<p>4 . Mugavad t\u00e4ispuhutavad istmed.<\/p>\n<h3>SPETSIFIKATSIOON<\/h3>\n<p>Mudel: BE-412<br \/>\nM\u00f5\u00f5dud: 412&#215;80 cm<br \/>\nReisijate arv: 2<br \/>\nS\u00fcsta kaal: 11,8 kg<br \/>\nKandev\u00f5ime: 180 kg<br \/>\nOptimaalne siser\u00f5hk: 1,45 psi (0,1 baari)<br \/>\n\u00d5hukambrite arv: 2+1<br \/>\nT\u00fchjendusventiilid: 1 + 4 iset\u00fchjenevat<br \/>\nUimed: 2<\/p>\n<h3>TARVIKUD<\/h3>\n<p>Kajaki pump<br \/>\nKajaki kott<br \/>\n2x KP-1 aer<br \/>\n2x t\u00e4ispuhutav iste<br \/>\n2x kanuu Uime<\/p>\n<div class=\"mp4t_16_s mryx_16_s mr3m_1 mli2_1 mh85_56 mh85_0_l\">\n<div class=\"mg9e_8 mj7a_8 mg9e_0_s mvrt_0_s mj7a_0_s mh36_0_s mzmg_6m munh_16_l m3h2_16_l\">\n<div class=\"mp4t_0 mryx_0 munh_56 m3h2_56\">\n<div class=\"mp7g_oh\"><img decoding=\"async\" class=\"msub_k4 mupj_5k mjru_k4 mse2_k4 mp7g_f6 mq1m_0 mj7u_0 m7er_k4 lazyloaded\" src=\"https:\/\/a.allegroimg.com\/original\/113283\/24ea2e0949809091eccf40a8a130\/Inflatable-kayak-Aqua-Marina-Betta-412-2-person-2022-Weight-12-kg\" sizes=\"(min-width: 1200px) 560px, (min-width: 992px) 50vw, 100vw\" srcset=\"https:\/\/a.allegroimg.com\/s360\/113283\/24ea2e0949809091eccf40a8a130\/Inflatable-kayak-Aqua-Marina-Betta-412-2-person-2022-Weight-12-kg 360w,https:\/\/a.allegroimg.com\/s720\/113283\/24ea2e0949809091eccf40a8a130\/Inflatable-kayak-Aqua-Marina-Betta-412-2-person-2022-Weight-12-kg 720w,https:\/\/a.allegroimg.com\/s1024\/113283\/24ea2e0949809091eccf40a8a130\/Inflatable-kayak-Aqua-Marina-Betta-412-2-person-2022-Weight-12-kg 1024w,https:\/\/a.allegroimg.com\/s1440\/113283\/24ea2e0949809091eccf40a8a130\/Inflatable-kayak-Aqua-Marina-Betta-412-2-person-2022-Weight-12-kg 1440w,https:\/\/a.allegroimg.com\/original\/113283\/24ea2e0949809091eccf40a8a130\/Inflatable-kayak-Aqua-Marina-Betta-412-2-person-2022-Weight-12-kg 1500w\" alt=\"Inflatable kayak Aqua Marina Betta 412 2-person 2022 Weight 12 kg\" width=\"570\" height=\"570\" data-src=\"https:\/\/a.allegroimg.com\/original\/113283\/24ea2e0949809091eccf40a8a130\/Inflatable-kayak-Aqua-Marina-Betta-412-2-person-2022-Weight-12-kg\" data-srcset=\"https:\/\/a.allegroimg.com\/s360\/113283\/24ea2e0949809091eccf40a8a130\/Inflatable-kayak-Aqua-Marina-Betta-412-2-person-2022-Weight-12-kg 360w,https:\/\/a.allegroimg.com\/s720\/113283\/24ea2e0949809091eccf40a8a130\/Inflatable-kayak-Aqua-Marina-Betta-412-2-person-2022-Weight-12-kg 720w,https:\/\/a.allegroimg.com\/s1024\/113283\/24ea2e0949809091eccf40a8a130\/Inflatable-kayak-Aqua-Marina-Betta-412-2-person-2022-Weight-12-kg 1024w,https:\/\/a.allegroimg.com\/s1440\/113283\/24ea2e0949809091eccf40a8a130\/Inflatable-kayak-Aqua-Marina-Betta-412-2-person-2022-Weight-12-kg 1440w,https:\/\/a.allegroimg.com\/original\/113283\/24ea2e0949809091eccf40a8a130\/Inflatable-kayak-Aqua-Marina-Betta-412-2-person-2022-Weight-12-kg 1500w\" \/><\/div>\n<div>\n<div class=\"mp4t_16_s mryx_16_s mr3m_1 mli2_1 mh85_56 mh85_0_l\">\n<div class=\"mg9e_8 mj7a_8 mg9e_0_s mvrt_0_s mj7a_0_s mh36_0_s mzmg_6m munh_16_l m3h2_16_l\">\n<div class=\"mp4t_0 mryx_0 munh_56 m3h2_56\">\n<div class=\"mp7g_oh\"><img decoding=\"async\" class=\"msub_k4 mupj_5k mjru_k4 mse2_k4 mp7g_f6 mq1m_0 mj7u_0 m7er_k4 lazyloaded\" src=\"https:\/\/a.allegroimg.com\/original\/113106\/d9718f9a44668db235fefd26cff1\/Inflatable-kayak-Aqua-Marina-Betta-412-2-person-2022-Brand-Aqua-marina\" sizes=\"(min-width: 1200px) 560px, (min-width: 992px) 50vw, 100vw\" srcset=\"https:\/\/a.allegroimg.com\/s360\/113106\/d9718f9a44668db235fefd26cff1\/Inflatable-kayak-Aqua-Marina-Betta-412-2-person-2022-Brand-Aqua-marina 360w,https:\/\/a.allegroimg.com\/s720\/113106\/d9718f9a44668db235fefd26cff1\/Inflatable-kayak-Aqua-Marina-Betta-412-2-person-2022-Brand-Aqua-marina 720w,https:\/\/a.allegroimg.com\/s1024\/113106\/d9718f9a44668db235fefd26cff1\/Inflatable-kayak-Aqua-Marina-Betta-412-2-person-2022-Brand-Aqua-marina 1024w,https:\/\/a.allegroimg.com\/s1440\/113106\/d9718f9a44668db235fefd26cff1\/Inflatable-kayak-Aqua-Marina-Betta-412-2-person-2022-Brand-Aqua-marina 1440w,https:\/\/a.allegroimg.com\/original\/113106\/d9718f9a44668db235fefd26cff1\/Inflatable-kayak-Aqua-Marina-Betta-412-2-person-2022-Brand-Aqua-marina 1500w\" alt=\"Inflatable kayak Aqua Marina Betta 412 2-person 2022 Brand Aqua marina\" width=\"682\" height=\"682\" data-src=\"https:\/\/a.allegroimg.com\/original\/113106\/d9718f9a44668db235fefd26cff1\/Inflatable-kayak-Aqua-Marina-Betta-412-2-person-2022-Brand-Aqua-marina\" data-srcset=\"https:\/\/a.allegroimg.com\/s360\/113106\/d9718f9a44668db235fefd26cff1\/Inflatable-kayak-Aqua-Marina-Betta-412-2-person-2022-Brand-Aqua-marina 360w,https:\/\/a.allegroimg.com\/s720\/113106\/d9718f9a44668db235fefd26cff1\/Inflatable-kayak-Aqua-Marina-Betta-412-2-person-2022-Brand-Aqua-marina 720w,https:\/\/a.allegroimg.com\/s1024\/113106\/d9718f9a44668db235fefd26cff1\/Inflatable-kayak-Aqua-Marina-Betta-412-2-person-2022-Brand-Aqua-marina 1024w,https:\/\/a.allegroimg.com\/s1440\/113106\/d9718f9a44668db235fefd26cff1\/Inflatable-kayak-Aqua-Marina-Betta-412-2-person-2022-Brand-Aqua-marina 1440w,https:\/\/a.allegroimg.com\/original\/113106\/d9718f9a44668db235fefd26cff1\/Inflatable-kayak-Aqua-Marina-Betta-412-2-person-2022-Brand-Aqua-marina 1500w\" \/><\/div>\n<\/div>\n<\/div>\n<\/div>\n<div class=\"mp4t_16_s mryx_16_s mr3m_1 mli2_1 mh85_56 mh85_0_l\">\n<div class=\"mg9e_8 mj7a_8 mg9e_0_s mvrt_0_s mj7a_0_s mh36_0_s mzmg_6m munh_16_l m3h2_16_l\">\n<div class=\"mp4t_0 mryx_0 munh_56 m3h2_56\">\n<div class=\"mp7g_oh\"><img loading=\"lazy\" decoding=\"async\" class=\"msub_k4 mupj_5k mjru_k4 mse2_k4 mp7g_f6 mq1m_0 mj7u_0 m7er_k4 lazyloaded\" src=\"https:\/\/a.allegroimg.com\/original\/11ea30\/df77be76466499a3a05d12027a13\/Inflatable-kayak-Aqua-Marina-Betta-412-2-person-2022-Number-of-Seats-2\" sizes=\"(min-width: 1200px) 560px, (min-width: 992px) 50vw, 100vw\" srcset=\"https:\/\/a.allegroimg.com\/s360\/11ea30\/df77be76466499a3a05d12027a13\/Inflatable-kayak-Aqua-Marina-Betta-412-2-person-2022-Number-of-Seats-2 360w,https:\/\/a.allegroimg.com\/s720\/11ea30\/df77be76466499a3a05d12027a13\/Inflatable-kayak-Aqua-Marina-Betta-412-2-person-2022-Number-of-Seats-2 720w,https:\/\/a.allegroimg.com\/s1024\/11ea30\/df77be76466499a3a05d12027a13\/Inflatable-kayak-Aqua-Marina-Betta-412-2-person-2022-Number-of-Seats-2 1024w,https:\/\/a.allegroimg.com\/s1440\/11ea30\/df77be76466499a3a05d12027a13\/Inflatable-kayak-Aqua-Marina-Betta-412-2-person-2022-Number-of-Seats-2 1440w,https:\/\/a.allegroimg.com\/original\/11ea30\/df77be76466499a3a05d12027a13\/Inflatable-kayak-Aqua-Marina-Betta-412-2-person-2022-Number-of-Seats-2 1500w\" alt=\"Inflatable kayak Aqua Marina Betta 412 2-person 2022 Number of Seats 2\" width=\"688\" height=\"688\" data-src=\"https:\/\/a.allegroimg.com\/original\/11ea30\/df77be76466499a3a05d12027a13\/Inflatable-kayak-Aqua-Marina-Betta-412-2-person-2022-Number-of-Seats-2\" data-srcset=\"https:\/\/a.allegroimg.com\/s360\/11ea30\/df77be76466499a3a05d12027a13\/Inflatable-kayak-Aqua-Marina-Betta-412-2-person-2022-Number-of-Seats-2 360w,https:\/\/a.allegroimg.com\/s720\/11ea30\/df77be76466499a3a05d12027a13\/Inflatable-kayak-Aqua-Marina-Betta-412-2-person-2022-Number-of-Seats-2 720w,https:\/\/a.allegroimg.com\/s1024\/11ea30\/df77be76466499a3a05d12027a13\/Inflatable-kayak-Aqua-Marina-Betta-412-2-person-2022-Number-of-Seats-2 1024w,https:\/\/a.allegroimg.com\/s1440\/11ea30\/df77be76466499a3a05d12027a13\/Inflatable-kayak-Aqua-Marina-Betta-412-2-person-2022-Number-of-Seats-2 1440w,https:\/\/a.allegroimg.com\/original\/11ea30\/df77be76466499a3a05d12027a13\/Inflatable-kayak-Aqua-Marina-Betta-412-2-person-2022-Number-of-Seats-2 1500w\" \/><\/div>\n<\/div>\n<\/div>\n<\/div>\n<\/div>\n<\/div>\n<\/div>\n<\/div>\n<div class=\"mp4t_16_s mryx_16_s mr3m_1 mli2_1 mh85_56 mh85_0_l\">\n<div class=\"mg9e_8 mj7a_8 mg9e_0_s mvrt_0_s mj7a_0_s mh36_0_s mzmg_6m munh_16_l m3h2_16_l\">\n<div class=\"mp4t_0 mryx_0 munh_56 m3h2_56\"><\/div>\n<\/div>\n<\/div>\n","protected":false},"excerpt":{"rendered":"<p><strong>T\u00e4ispuhutav Kayak Aqua Marina Betta 412 cm<\/strong><\/p>\n<ul>\n<li>M\u00f5\u00f5dud: 412&#215;80 cm<\/li>\n<li>Reisijate arv: 2<\/li>\n<li>S\u00fcsta kaal: 11,8 kg<\/li>\n<li>Kandev\u00f5ime: 180 kg<\/li>\n<li>Optimaalne siser\u00f5hk: 1,45 psi (0,1 baari)<\/li>\n<li>\u00d5hukambrite arv: 2+1<\/li>\n<li>T\u00fchjendusventiilid: 1 + 4 iset\u00fchjenevat<\/li>\n<li>Uimed: 2<\/li>\n<\/ul>\n<p>\u2666\u00a0<strong>Tarneaeg 2-6 p\u00e4eva<\/strong><br \/>\n\u2666\u00a0<strong>Laos<\/strong><\/p>\n","protected":false},"featured_media":11556,"template":"","meta":[],"product_cat":[1761],"product_tag":[],"class_list":{"0":"post-11555","1":"product","2":"type-product","3":"status-publish","4":"has-post-thumbnail","6":"product_cat-kayak","8":"first","9":"instock","10":"taxable","11":"shipping-taxable","12":"purchasable","13":"product-type-simple"},"yoast_head":"<!-- This site is optimized with the Yoast SEO plugin v23.8 - https:\/\/yoast.com\/wordpress\/plugins\/seo\/ -->\n<title>T\u00e4ispuhutav Kayak Aqua Marina Betta 412 cm 2 istet - Ecocruiser<\/title>\n<meta name=\"robots\" content=\"noindex, follow, max-snippet:-1, max-image-preview:large, max-video-preview:-1\" \/>\n<meta property=\"og:locale\" content=\"en_GB\" \/>\n<meta property=\"og:type\" content=\"article\" \/>\n<meta property=\"og:title\" content=\"T\u00e4ispuhutav Kayak Aqua Marina Betta 412 cm 2 istet - Ecocruiser\" \/>\n<meta property=\"og:description\" content=\"T\u00e4ispuhutav Kayak Aqua Marina Betta 412 cm   M\u00f5\u00f5dud: 412x80 cm  Reisijate arv: 2  S\u00fcsta kaal: 11,8 kg  Kandev\u00f5ime: 180 kg  Optimaalne siser\u00f5hk: 1,45 psi (0,1 baari)  \u00d5hukambrite arv: 2+1  T\u00fchjendusventiilid: 1 + 4 iset\u00fchjenevat  Uimed: 2  \u2666\u00a0Tarneaeg 2-6 p\u00e4eva \u2666\u00a0Laos\" \/>\n<meta property=\"og:url\" content=\"https:\/\/projekt.vombat.ee\/eco\/pood\/kayak\/taispuhutav-kayak-aqua-marina-betta-412-cm-2-istet\/\" \/>\n<meta property=\"og:site_name\" content=\"Ecocruiser\" \/>\n<meta property=\"article:modified_time\" content=\"2023-07-29T13:38:12+00:00\" \/>\n<meta property=\"og:image\" content=\"https:\/\/projekt.vombat.ee\/eco\/wp-content\/uploads\/2023\/07\/1-9.png\" \/>\n\t<meta property=\"og:image:width\" content=\"979\" \/>\n\t<meta property=\"og:image:height\" content=\"896\" \/>\n\t<meta property=\"og:image:type\" content=\"image\/png\" \/>\n<meta name=\"twitter:card\" content=\"summary_large_image\" \/>\n<meta name=\"twitter:label1\" content=\"Estimated reading time\" \/>\n\t<meta name=\"twitter:data1\" content=\"2 minutes\" \/>\n<script type=\"application\/ld+json\" class=\"yoast-schema-graph\">{\"@context\":\"https:\/\/schema.org\",\"@graph\":[{\"@type\":\"WebPage\",\"@id\":\"https:\/\/projekt.vombat.ee\/eco\/pood\/kayak\/taispuhutav-kayak-aqua-marina-betta-412-cm-2-istet\/\",\"url\":\"https:\/\/projekt.vombat.ee\/eco\/pood\/kayak\/taispuhutav-kayak-aqua-marina-betta-412-cm-2-istet\/\",\"name\":\"T\u00e4ispuhutav Kayak Aqua Marina Betta 412 cm 2 istet - Ecocruiser\",\"isPartOf\":{\"@id\":\"https:\/\/projekt.vombat.ee\/eco\/#website\"},\"primaryImageOfPage\":{\"@id\":\"https:\/\/projekt.vombat.ee\/eco\/pood\/kayak\/taispuhutav-kayak-aqua-marina-betta-412-cm-2-istet\/#primaryimage\"},\"image\":{\"@id\":\"https:\/\/projekt.vombat.ee\/eco\/pood\/kayak\/taispuhutav-kayak-aqua-marina-betta-412-cm-2-istet\/#primaryimage\"},\"thumbnailUrl\":\"https:\/\/projekt.vombat.ee\/eco\/wp-content\/uploads\/2023\/07\/1-9.png\",\"datePublished\":\"2023-07-29T13:38:11+00:00\",\"dateModified\":\"2023-07-29T13:38:12+00:00\",\"breadcrumb\":{\"@id\":\"https:\/\/projekt.vombat.ee\/eco\/pood\/kayak\/taispuhutav-kayak-aqua-marina-betta-412-cm-2-istet\/#breadcrumb\"},\"inLanguage\":\"en-GB\",\"potentialAction\":[{\"@type\":\"ReadAction\",\"target\":[\"https:\/\/projekt.vombat.ee\/eco\/pood\/kayak\/taispuhutav-kayak-aqua-marina-betta-412-cm-2-istet\/\"]}]},{\"@type\":\"ImageObject\",\"inLanguage\":\"en-GB\",\"@id\":\"https:\/\/projekt.vombat.ee\/eco\/pood\/kayak\/taispuhutav-kayak-aqua-marina-betta-412-cm-2-istet\/#primaryimage\",\"url\":\"https:\/\/projekt.vombat.ee\/eco\/wp-content\/uploads\/2023\/07\/1-9.png\",\"contentUrl\":\"https:\/\/projekt.vombat.ee\/eco\/wp-content\/uploads\/2023\/07\/1-9.png\",\"width\":979,\"height\":896},{\"@type\":\"BreadcrumbList\",\"@id\":\"https:\/\/projekt.vombat.ee\/eco\/pood\/kayak\/taispuhutav-kayak-aqua-marina-betta-412-cm-2-istet\/#breadcrumb\",\"itemListElement\":[{\"@type\":\"ListItem\",\"position\":1,\"name\":\"Home\",\"item\":\"https:\/\/projekt.vombat.ee\/eco\/\"},{\"@type\":\"ListItem\",\"position\":2,\"name\":\"Pood\",\"item\":\"https:\/\/projekt.vombat.ee\/eco\/pood\/\"},{\"@type\":\"ListItem\",\"position\":3,\"name\":\"T\u00e4ispuhutav Kayak Aqua Marina Betta 412 cm 2 istet\"}]},{\"@type\":\"WebSite\",\"@id\":\"https:\/\/projekt.vombat.ee\/eco\/#website\",\"url\":\"https:\/\/projekt.vombat.ee\/eco\/\",\"name\":\"Ecocruiser\",\"description\":\"\",\"publisher\":{\"@id\":\"https:\/\/projekt.vombat.ee\/eco\/#organization\"},\"potentialAction\":[{\"@type\":\"SearchAction\",\"target\":{\"@type\":\"EntryPoint\",\"urlTemplate\":\"https:\/\/projekt.vombat.ee\/eco\/?s={search_term_string}\"},\"query-input\":{\"@type\":\"PropertyValueSpecification\",\"valueRequired\":true,\"valueName\":\"search_term_string\"}}],\"inLanguage\":\"en-GB\"},{\"@type\":\"Organization\",\"@id\":\"https:\/\/projekt.vombat.ee\/eco\/#organization\",\"name\":\"Ecocruiser\",\"url\":\"https:\/\/projekt.vombat.ee\/eco\/\",\"logo\":{\"@type\":\"ImageObject\",\"inLanguage\":\"en-GB\",\"@id\":\"https:\/\/projekt.vombat.ee\/eco\/#\/schema\/logo\/image\/\",\"url\":\"https:\/\/projekt.vombat.ee\/eco\/wp-content\/uploads\/2023\/03\/ECOCRUISER_5.png\",\"contentUrl\":\"https:\/\/projekt.vombat.ee\/eco\/wp-content\/uploads\/2023\/03\/ECOCRUISER_5.png\",\"width\":234,\"height\":91,\"caption\":\"Ecocruiser\"},\"image\":{\"@id\":\"https:\/\/projekt.vombat.ee\/eco\/#\/schema\/logo\/image\/\"}}]}<\/script>\n<!-- \/ Yoast SEO plugin. -->","yoast_head_json":{"title":"T\u00e4ispuhutav Kayak Aqua Marina Betta 412 cm 2 istet - Ecocruiser","robots":{"index":"noindex","follow":"follow","max-snippet":"max-snippet:-1","max-image-preview":"max-image-preview:large","max-video-preview":"max-video-preview:-1"},"og_locale":"en_GB","og_type":"article","og_title":"T\u00e4ispuhutav Kayak Aqua Marina Betta 412 cm 2 istet - Ecocruiser","og_description":"T\u00e4ispuhutav Kayak Aqua Marina Betta 412 cm   M\u00f5\u00f5dud: 412x80 cm  Reisijate arv: 2  S\u00fcsta kaal: 11,8 kg  Kandev\u00f5ime: 180 kg  Optimaalne siser\u00f5hk: 1,45 psi (0,1 baari)  \u00d5hukambrite arv: 2+1  T\u00fchjendusventiilid: 1 + 4 iset\u00fchjenevat  Uimed: 2  \u2666\u00a0Tarneaeg 2-6 p\u00e4eva \u2666\u00a0Laos","og_url":"https:\/\/projekt.vombat.ee\/eco\/pood\/kayak\/taispuhutav-kayak-aqua-marina-betta-412-cm-2-istet\/","og_site_name":"Ecocruiser","article_modified_time":"2023-07-29T13:38:12+00:00","og_image":[{"width":979,"height":896,"url":"https:\/\/projekt.vombat.ee\/eco\/wp-content\/uploads\/2023\/07\/1-9.png","type":"image\/png"}],"twitter_card":"summary_large_image","twitter_misc":{"Estimated reading time":"2 minutes"},"schema":{"@context":"https:\/\/schema.org","@graph":[{"@type":"WebPage","@id":"https:\/\/projekt.vombat.ee\/eco\/pood\/kayak\/taispuhutav-kayak-aqua-marina-betta-412-cm-2-istet\/","url":"https:\/\/projekt.vombat.ee\/eco\/pood\/kayak\/taispuhutav-kayak-aqua-marina-betta-412-cm-2-istet\/","name":"T\u00e4ispuhutav Kayak Aqua Marina Betta 412 cm 2 istet - Ecocruiser","isPartOf":{"@id":"https:\/\/projekt.vombat.ee\/eco\/#website"},"primaryImageOfPage":{"@id":"https:\/\/projekt.vombat.ee\/eco\/pood\/kayak\/taispuhutav-kayak-aqua-marina-betta-412-cm-2-istet\/#primaryimage"},"image":{"@id":"https:\/\/projekt.vombat.ee\/eco\/pood\/kayak\/taispuhutav-kayak-aqua-marina-betta-412-cm-2-istet\/#primaryimage"},"thumbnailUrl":"https:\/\/projekt.vombat.ee\/eco\/wp-content\/uploads\/2023\/07\/1-9.png","datePublished":"2023-07-29T13:38:11+00:00","dateModified":"2023-07-29T13:38:12+00:00","breadcrumb":{"@id":"https:\/\/projekt.vombat.ee\/eco\/pood\/kayak\/taispuhutav-kayak-aqua-marina-betta-412-cm-2-istet\/#breadcrumb"},"inLanguage":"en-GB","potentialAction":[{"@type":"ReadAction","target":["https:\/\/projekt.vombat.ee\/eco\/pood\/kayak\/taispuhutav-kayak-aqua-marina-betta-412-cm-2-istet\/"]}]},{"@type":"ImageObject","inLanguage":"en-GB","@id":"https:\/\/projekt.vombat.ee\/eco\/pood\/kayak\/taispuhutav-kayak-aqua-marina-betta-412-cm-2-istet\/#primaryimage","url":"https:\/\/projekt.vombat.ee\/eco\/wp-content\/uploads\/2023\/07\/1-9.png","contentUrl":"https:\/\/projekt.vombat.ee\/eco\/wp-content\/uploads\/2023\/07\/1-9.png","width":979,"height":896},{"@type":"BreadcrumbList","@id":"https:\/\/projekt.vombat.ee\/eco\/pood\/kayak\/taispuhutav-kayak-aqua-marina-betta-412-cm-2-istet\/#breadcrumb","itemListElement":[{"@type":"ListItem","position":1,"name":"Home","item":"https:\/\/projekt.vombat.ee\/eco\/"},{"@type":"ListItem","position":2,"name":"Pood","item":"https:\/\/projekt.vombat.ee\/eco\/pood\/"},{"@type":"ListItem","position":3,"name":"T\u00e4ispuhutav Kayak Aqua Marina Betta 412 cm 2 istet"}]},{"@type":"WebSite","@id":"https:\/\/projekt.vombat.ee\/eco\/#website","url":"https:\/\/projekt.vombat.ee\/eco\/","name":"Ecocruiser","description":"","publisher":{"@id":"https:\/\/projekt.vombat.ee\/eco\/#organization"},"potentialAction":[{"@type":"SearchAction","target":{"@type":"EntryPoint","urlTemplate":"https:\/\/projekt.vombat.ee\/eco\/?s={search_term_string}"},"query-input":{"@type":"PropertyValueSpecification","valueRequired":true,"valueName":"search_term_string"}}],"inLanguage":"en-GB"},{"@type":"Organization","@id":"https:\/\/projekt.vombat.ee\/eco\/#organization","name":"Ecocruiser","url":"https:\/\/projekt.vombat.ee\/eco\/","logo":{"@type":"ImageObject","inLanguage":"en-GB","@id":"https:\/\/projekt.vombat.ee\/eco\/#\/schema\/logo\/image\/","url":"https:\/\/projekt.vombat.ee\/eco\/wp-content\/uploads\/2023\/03\/ECOCRUISER_5.png","contentUrl":"https:\/\/projekt.vombat.ee\/eco\/wp-content\/uploads\/2023\/03\/ECOCRUISER_5.png","width":234,"height":91,"caption":"Ecocruiser"},"image":{"@id":"https:\/\/projekt.vombat.ee\/eco\/#\/schema\/logo\/image\/"}}]}},"lang":"et","translations":{"et":11555},"pll_sync_post":[],"_links":{"self":[{"href":"https:\/\/projekt.vombat.ee\/eco\/wp-json\/wp\/v2\/product\/11555"}],"collection":[{"href":"https:\/\/projekt.vombat.ee\/eco\/wp-json\/wp\/v2\/product"}],"about":[{"href":"https:\/\/projekt.vombat.ee\/eco\/wp-json\/wp\/v2\/types\/product"}],"version-history":[{"count":1,"href":"https:\/\/projekt.vombat.ee\/eco\/wp-json\/wp\/v2\/product\/11555\/revisions"}],"predecessor-version":[{"id":11559,"href":"https:\/\/projekt.vombat.ee\/eco\/wp-json\/wp\/v2\/product\/11555\/revisions\/11559"}],"wp:featuredmedia":[{"embeddable":true,"href":"https:\/\/projekt.vombat.ee\/eco\/wp-json\/wp\/v2\/media\/11556"}],"wp:attachment":[{"href":"https:\/\/projekt.vombat.ee\/eco\/wp-json\/wp\/v2\/media?parent=11555"}],"wp:term":[{"taxonomy":"product_cat","embeddable":true,"href":"https:\/\/projekt.vombat.ee\/eco\/wp-json\/wp\/v2\/product_cat?post=11555"},{"taxonomy":"product_tag","embeddable":true,"href":"https:\/\/projekt.vombat.ee\/eco\/wp-json\/wp\/v2\/product_tag?post=11555"}],"curies":[{"name":"wp","href":"https:\/\/api.w.org\/{rel}","templated":true}]}}