{"id":11552,"date":"2023-07-29T13:25:40","date_gmt":"2023-07-29T13:25:40","guid":{"rendered":"https:\/\/projekt.vombat.ee\/eco\/?post_type=product&#038;p=11552"},"modified":"2023-07-29T13:25:41","modified_gmt":"2023-07-29T13:25:41","slug":"taispuhutav-kayak-st-croix-360-cm-2-istekohta","status":"publish","type":"product","link":"https:\/\/projekt.vombat.ee\/eco\/pood\/kayak\/taispuhutav-kayak-st-croix-360-cm-2-istekohta\/","title":{"rendered":"T\u00e4ispuhutav Kayak ST.CROIX 360 cm 2 istekohta"},"content":{"rendered":"<h3>T\u00e4ispuhutav Kayak ST.CROIX 360 cm<\/h3>\n<p><img decoding=\"async\" class=\"msub_k4 mupj_5k mjru_k4 mse2_k4 mp7g_f6 mq1m_0 mj7u_0 m7er_k4 lazyloaded\" src=\"https:\/\/a.allegroimg.com\/original\/111f96\/420597fc495a80399797fc4163af\/2-seat-inflatable-kayak-ST-CROIX-360cm-oars-pump\" sizes=\"(min-width: 1200px) 560px, (min-width: 992px) 50vw, 100vw\" srcset=\"https:\/\/a.allegroimg.com\/s360\/111f96\/420597fc495a80399797fc4163af\/2-seat-inflatable-kayak-ST-CROIX-360cm-oars-pump 360w,https:\/\/a.allegroimg.com\/s720\/111f96\/420597fc495a80399797fc4163af\/2-seat-inflatable-kayak-ST-CROIX-360cm-oars-pump 669w,https:\/\/a.allegroimg.com\/original\/111f96\/420597fc495a80399797fc4163af\/2-seat-inflatable-kayak-ST-CROIX-360cm-oars-pump 669w\" alt=\"2-seat inflatable kayak ST.CROIX 360cm oars pump\" width=\"669px\" data-src=\"https:\/\/a.allegroimg.com\/original\/111f96\/420597fc495a80399797fc4163af\/2-seat-inflatable-kayak-ST-CROIX-360cm-oars-pump\" data-srcset=\"https:\/\/a.allegroimg.com\/s360\/111f96\/420597fc495a80399797fc4163af\/2-seat-inflatable-kayak-ST-CROIX-360cm-oars-pump 360w,https:\/\/a.allegroimg.com\/s720\/111f96\/420597fc495a80399797fc4163af\/2-seat-inflatable-kayak-ST-CROIX-360cm-oars-pump 669w,https:\/\/a.allegroimg.com\/original\/111f96\/420597fc495a80399797fc4163af\/2-seat-inflatable-kayak-ST-CROIX-360cm-oars-pump 669w\" \/><\/p>\n<p>Mudel: YC01<br \/>\nKaubanimi: ST.CROIX 360<br \/>\nPikkus: 360 cm<br \/>\nNetokaal: 10 kg<br \/>\nSuurep\u00e4rane suur kahe inimese s\u00fcst, millel on v\u00f5imalik reguleerida seljatugede asendit.<br \/>\nKaasas: aerud, pump ja s\u00fcsta kate.<br \/>\nMaksimaalne kandev\u00f5ime: 180kg<\/p>\n<p>Kasutatav pneumaatiline materjal tagab kasutusohutuse.<\/p>\n<div class=\"mpof_ki myre_zn myre_8v_l m389_6m_l\">\n<div class=\"mp4t_16_s mryx_16_s mr3m_1 mli2_1 mh85_56 mh85_0_l\">\n<div class=\"mg9e_8 mj7a_8 mg9e_0_s mvrt_0_s mj7a_0_s mh36_0_s mzmg_6m munh_16_l m3h2_16_l\">\n<div class=\"mp4t_0 mryx_0 munh_56 m3h2_56\">\n<div class=\"mp7g_oh\"><img decoding=\"async\" class=\"msub_k4 mupj_5k mjru_k4 mse2_k4 mp7g_f6 mq1m_0 mj7u_0 m7er_k4 lazyloaded\" src=\"https:\/\/a.allegroimg.com\/original\/110c61\/526409bd42cfbcb0a43085d0b058\/2-seat-inflatable-kayak-ST-CROIX-360cm-oars-pump-EAN-GTIN-5905369284441\" sizes=\"100vw\" srcset=\"https:\/\/a.allegroimg.com\/s360\/110c61\/526409bd42cfbcb0a43085d0b058\/2-seat-inflatable-kayak-ST-CROIX-360cm-oars-pump-EAN-GTIN-5905369284441 360w,https:\/\/a.allegroimg.com\/s720\/110c61\/526409bd42cfbcb0a43085d0b058\/2-seat-inflatable-kayak-ST-CROIX-360cm-oars-pump-EAN-GTIN-5905369284441 720w,https:\/\/a.allegroimg.com\/s1024\/110c61\/526409bd42cfbcb0a43085d0b058\/2-seat-inflatable-kayak-ST-CROIX-360cm-oars-pump-EAN-GTIN-5905369284441 800w,https:\/\/a.allegroimg.com\/original\/110c61\/526409bd42cfbcb0a43085d0b058\/2-seat-inflatable-kayak-ST-CROIX-360cm-oars-pump-EAN-GTIN-5905369284441 800w\" alt=\"2-seat inflatable kayak ST.CROIX 360cm oars pump EAN (GTIN) 5905369284441\" width=\"800px\" data-src=\"https:\/\/a.allegroimg.com\/original\/110c61\/526409bd42cfbcb0a43085d0b058\/2-seat-inflatable-kayak-ST-CROIX-360cm-oars-pump-EAN-GTIN-5905369284441\" data-srcset=\"https:\/\/a.allegroimg.com\/s360\/110c61\/526409bd42cfbcb0a43085d0b058\/2-seat-inflatable-kayak-ST-CROIX-360cm-oars-pump-EAN-GTIN-5905369284441 360w,https:\/\/a.allegroimg.com\/s720\/110c61\/526409bd42cfbcb0a43085d0b058\/2-seat-inflatable-kayak-ST-CROIX-360cm-oars-pump-EAN-GTIN-5905369284441 720w,https:\/\/a.allegroimg.com\/s1024\/110c61\/526409bd42cfbcb0a43085d0b058\/2-seat-inflatable-kayak-ST-CROIX-360cm-oars-pump-EAN-GTIN-5905369284441 800w,https:\/\/a.allegroimg.com\/original\/110c61\/526409bd42cfbcb0a43085d0b058\/2-seat-inflatable-kayak-ST-CROIX-360cm-oars-pump-EAN-GTIN-5905369284441 800w\" \/><\/div>\n<\/div>\n<\/div>\n<\/div>\n<\/div>\n<div class=\"mpof_ki myre_zn myre_8v_l m389_6m_l\">\n<div class=\"mp4t_16_s mryx_16_s mr3m_1 mli2_1 mh85_56 mh85_0_l\">\n<div class=\"mg9e_8 mj7a_8 mg9e_0_s mvrt_0_s mj7a_0_s mh36_0_s mzmg_6m munh_16_l m3h2_16_l\">\n<div class=\"mp4t_0 mryx_0 munh_56 m3h2_56\">\n<div class=\"mp7g_oh\"><img decoding=\"async\" class=\"msub_k4 mupj_5k mjru_k4 mse2_k4 mp7g_f6 mq1m_0 mj7u_0 m7er_k4 lazyloaded\" src=\"https:\/\/a.allegroimg.com\/original\/11a339\/3f36d7dd4617a0ea8e1690e58319\/2-seat-inflatable-kayak-ST-CROIX-360cm-oars-pump-Manufacturer-s-code-YC02\" sizes=\"(min-width: 1200px) 560px, (min-width: 992px) 50vw, 100vw\" srcset=\"https:\/\/a.allegroimg.com\/s360\/11a339\/3f36d7dd4617a0ea8e1690e58319\/2-seat-inflatable-kayak-ST-CROIX-360cm-oars-pump-Manufacturer-s-code-YC02 360w,https:\/\/a.allegroimg.com\/s720\/11a339\/3f36d7dd4617a0ea8e1690e58319\/2-seat-inflatable-kayak-ST-CROIX-360cm-oars-pump-Manufacturer-s-code-YC02 720w,https:\/\/a.allegroimg.com\/s1024\/11a339\/3f36d7dd4617a0ea8e1690e58319\/2-seat-inflatable-kayak-ST-CROIX-360cm-oars-pump-Manufacturer-s-code-YC02 800w,https:\/\/a.allegroimg.com\/original\/11a339\/3f36d7dd4617a0ea8e1690e58319\/2-seat-inflatable-kayak-ST-CROIX-360cm-oars-pump-Manufacturer-s-code-YC02 800w\" alt=\"2-seat inflatable kayak ST.CROIX 360cm oars pump Manufacturer's code YC02\" width=\"800px\" data-src=\"https:\/\/a.allegroimg.com\/original\/11a339\/3f36d7dd4617a0ea8e1690e58319\/2-seat-inflatable-kayak-ST-CROIX-360cm-oars-pump-Manufacturer-s-code-YC02\" data-srcset=\"https:\/\/a.allegroimg.com\/s360\/11a339\/3f36d7dd4617a0ea8e1690e58319\/2-seat-inflatable-kayak-ST-CROIX-360cm-oars-pump-Manufacturer-s-code-YC02 360w,https:\/\/a.allegroimg.com\/s720\/11a339\/3f36d7dd4617a0ea8e1690e58319\/2-seat-inflatable-kayak-ST-CROIX-360cm-oars-pump-Manufacturer-s-code-YC02 720w,https:\/\/a.allegroimg.com\/s1024\/11a339\/3f36d7dd4617a0ea8e1690e58319\/2-seat-inflatable-kayak-ST-CROIX-360cm-oars-pump-Manufacturer-s-code-YC02 800w,https:\/\/a.allegroimg.com\/original\/11a339\/3f36d7dd4617a0ea8e1690e58319\/2-seat-inflatable-kayak-ST-CROIX-360cm-oars-pump-Manufacturer-s-code-YC02 800w\" \/><\/div>\n<\/div>\n<\/div>\n<\/div>\n<div class=\"mp4t_16_s mryx_16_s mr3m_1 mli2_1 mh85_56 mh85_0_l\">\n<div class=\"mg9e_8 mj7a_8 mg9e_0_s mvrt_0_s mj7a_0_s mh36_0_s mzmg_6m munh_16_l m3h2_16_l\">\n<div class=\"mp4t_0 mryx_0 munh_56 m3h2_56\">\n<div class=\"mp7g_oh\"><img decoding=\"async\" class=\"msub_k4 mupj_5k mjru_k4 mse2_k4 mp7g_f6 mq1m_0 mj7u_0 m7er_k4 lazyloaded\" src=\"https:\/\/a.allegroimg.com\/original\/117068\/dbc248054658b84b59e45820424a\/2-seat-inflatable-kayak-ST-CROIX-360cm-oars-pump-Brand-other\" sizes=\"(min-width: 1200px) 560px, (min-width: 992px) 50vw, 100vw\" srcset=\"https:\/\/a.allegroimg.com\/s360\/117068\/dbc248054658b84b59e45820424a\/2-seat-inflatable-kayak-ST-CROIX-360cm-oars-pump-Brand-other 360w,https:\/\/a.allegroimg.com\/s720\/117068\/dbc248054658b84b59e45820424a\/2-seat-inflatable-kayak-ST-CROIX-360cm-oars-pump-Brand-other 720w,https:\/\/a.allegroimg.com\/s1024\/117068\/dbc248054658b84b59e45820424a\/2-seat-inflatable-kayak-ST-CROIX-360cm-oars-pump-Brand-other 800w,https:\/\/a.allegroimg.com\/original\/117068\/dbc248054658b84b59e45820424a\/2-seat-inflatable-kayak-ST-CROIX-360cm-oars-pump-Brand-other 800w\" alt=\"2-seat inflatable kayak ST.CROIX 360cm oars pump Brand other\" width=\"800px\" data-src=\"https:\/\/a.allegroimg.com\/original\/117068\/dbc248054658b84b59e45820424a\/2-seat-inflatable-kayak-ST-CROIX-360cm-oars-pump-Brand-other\" data-srcset=\"https:\/\/a.allegroimg.com\/s360\/117068\/dbc248054658b84b59e45820424a\/2-seat-inflatable-kayak-ST-CROIX-360cm-oars-pump-Brand-other 360w,https:\/\/a.allegroimg.com\/s720\/117068\/dbc248054658b84b59e45820424a\/2-seat-inflatable-kayak-ST-CROIX-360cm-oars-pump-Brand-other 720w,https:\/\/a.allegroimg.com\/s1024\/117068\/dbc248054658b84b59e45820424a\/2-seat-inflatable-kayak-ST-CROIX-360cm-oars-pump-Brand-other 800w,https:\/\/a.allegroimg.com\/original\/117068\/dbc248054658b84b59e45820424a\/2-seat-inflatable-kayak-ST-CROIX-360cm-oars-pump-Brand-other 800w\" \/><\/div>\n<\/div>\n<\/div>\n<\/div>\n<\/div>\n<div class=\"mpof_ki myre_zn myre_8v_l m389_6m_l\">\n<div class=\"mp4t_16_s mryx_16_s mr3m_1 mli2_1 mh85_56 mh85_0_l\">\n<div class=\"mg9e_8 mj7a_8 mg9e_0_s mvrt_0_s mj7a_0_s mh36_0_s mzmg_6m munh_16_l m3h2_16_l\">\n<div class=\"mp4t_0 mryx_0 munh_56 m3h2_56\">\n<div class=\"mp7g_oh\"><img decoding=\"async\" class=\"msub_k4 mupj_5k mjru_k4 mse2_k4 mp7g_f6 mq1m_0 mj7u_0 m7er_k4 lazyloaded\" src=\"https:\/\/a.allegroimg.com\/original\/118a67\/6d7687914666aed9caf67c2a841f\/2-seat-inflatable-kayak-ST-CROIX-360cm-oars-pump-Model-YC02\" sizes=\"100vw\" srcset=\"https:\/\/a.allegroimg.com\/s360\/118a67\/6d7687914666aed9caf67c2a841f\/2-seat-inflatable-kayak-ST-CROIX-360cm-oars-pump-Model-YC02 360w,https:\/\/a.allegroimg.com\/s720\/118a67\/6d7687914666aed9caf67c2a841f\/2-seat-inflatable-kayak-ST-CROIX-360cm-oars-pump-Model-YC02 720w,https:\/\/a.allegroimg.com\/s1024\/118a67\/6d7687914666aed9caf67c2a841f\/2-seat-inflatable-kayak-ST-CROIX-360cm-oars-pump-Model-YC02 800w,https:\/\/a.allegroimg.com\/original\/118a67\/6d7687914666aed9caf67c2a841f\/2-seat-inflatable-kayak-ST-CROIX-360cm-oars-pump-Model-YC02 800w\" alt=\"2-seat inflatable kayak ST.CROIX 360cm oars pump Model YC02\" width=\"800px\" data-src=\"https:\/\/a.allegroimg.com\/original\/118a67\/6d7687914666aed9caf67c2a841f\/2-seat-inflatable-kayak-ST-CROIX-360cm-oars-pump-Model-YC02\" data-srcset=\"https:\/\/a.allegroimg.com\/s360\/118a67\/6d7687914666aed9caf67c2a841f\/2-seat-inflatable-kayak-ST-CROIX-360cm-oars-pump-Model-YC02 360w,https:\/\/a.allegroimg.com\/s720\/118a67\/6d7687914666aed9caf67c2a841f\/2-seat-inflatable-kayak-ST-CROIX-360cm-oars-pump-Model-YC02 720w,https:\/\/a.allegroimg.com\/s1024\/118a67\/6d7687914666aed9caf67c2a841f\/2-seat-inflatable-kayak-ST-CROIX-360cm-oars-pump-Model-YC02 800w,https:\/\/a.allegroimg.com\/original\/118a67\/6d7687914666aed9caf67c2a841f\/2-seat-inflatable-kayak-ST-CROIX-360cm-oars-pump-Model-YC02 800w\" \/><\/div>\n<\/div>\n<\/div>\n<\/div>\n<\/div>\n<div class=\"mp4t_16_s mryx_16_s mr3m_1 mli2_1 mh85_56 mh85_0_l\">\n<div class=\"mg9e_8 mj7a_8 mg9e_0_s mvrt_0_s mj7a_0_s mh36_0_s mzmg_6m munh_16_l m3h2_16_l\">\n<div class=\"mp4t_0 mryx_0 munh_56 m3h2_56\">\n<div class=\"mp7g_oh\"><img fetchpriority=\"high\" decoding=\"async\" class=\"msub_k4 mupj_5k mjru_k4 mse2_k4 mp7g_f6 mq1m_0 mj7u_0 m7er_k4 lazyloaded\" src=\"https:\/\/a.allegroimg.com\/original\/11b110\/66729adf4353aad3612d1eb73683\/2-seat-inflatable-kayak-ST-CROIX-360cm-oars-pump-Number-of-Seats-2\" sizes=\"(min-width: 1200px) 560px, (min-width: 992px) 50vw, 100vw\" srcset=\"https:\/\/a.allegroimg.com\/s360\/11b110\/66729adf4353aad3612d1eb73683\/2-seat-inflatable-kayak-ST-CROIX-360cm-oars-pump-Number-of-Seats-2 360w,https:\/\/a.allegroimg.com\/s720\/11b110\/66729adf4353aad3612d1eb73683\/2-seat-inflatable-kayak-ST-CROIX-360cm-oars-pump-Number-of-Seats-2 720w,https:\/\/a.allegroimg.com\/s1024\/11b110\/66729adf4353aad3612d1eb73683\/2-seat-inflatable-kayak-ST-CROIX-360cm-oars-pump-Number-of-Seats-2 960w,https:\/\/a.allegroimg.com\/original\/11b110\/66729adf4353aad3612d1eb73683\/2-seat-inflatable-kayak-ST-CROIX-360cm-oars-pump-Number-of-Seats-2 960w\" alt=\"2-seat inflatable kayak ST.CROIX 360cm oars pump Number of Seats 2\" width=\"795\" height=\"530\" data-src=\"https:\/\/a.allegroimg.com\/original\/11b110\/66729adf4353aad3612d1eb73683\/2-seat-inflatable-kayak-ST-CROIX-360cm-oars-pump-Number-of-Seats-2\" data-srcset=\"https:\/\/a.allegroimg.com\/s360\/11b110\/66729adf4353aad3612d1eb73683\/2-seat-inflatable-kayak-ST-CROIX-360cm-oars-pump-Number-of-Seats-2 360w,https:\/\/a.allegroimg.com\/s720\/11b110\/66729adf4353aad3612d1eb73683\/2-seat-inflatable-kayak-ST-CROIX-360cm-oars-pump-Number-of-Seats-2 720w,https:\/\/a.allegroimg.com\/s1024\/11b110\/66729adf4353aad3612d1eb73683\/2-seat-inflatable-kayak-ST-CROIX-360cm-oars-pump-Number-of-Seats-2 960w,https:\/\/a.allegroimg.com\/original\/11b110\/66729adf4353aad3612d1eb73683\/2-seat-inflatable-kayak-ST-CROIX-360cm-oars-pump-Number-of-Seats-2 960w\" \/><\/div>\n<\/div>\n<\/div>\n<\/div>\n<div class=\"mp4t_16_s mryx_16_s mr3m_1 mli2_1 mh85_56 mh85_0_l\">\n<div class=\"mg9e_8 mj7a_8 mg9e_0_s mvrt_0_s mj7a_0_s mh36_0_s mzmg_6m munh_16_l m3h2_16_l\">\n<div class=\"mp4t_0 mryx_0 munh_56 m3h2_56\">\n<div class=\"mp7g_oh\"><img decoding=\"async\" class=\"msub_k4 mupj_5k mjru_k4 mse2_k4 mp7g_f6 mq1m_0 mj7u_0 m7er_k4 lazyloaded\" src=\"https:\/\/a.allegroimg.com\/original\/11637d\/ef3a9dde490d85807fb64edf2ce3\/2-seat-inflatable-kayak-ST-CROIX-360cm-oars-pump-Material-Pneumatic\" sizes=\"(min-width: 1200px) 560px, (min-width: 992px) 50vw, 100vw\" srcset=\"https:\/\/a.allegroimg.com\/s360\/11637d\/ef3a9dde490d85807fb64edf2ce3\/2-seat-inflatable-kayak-ST-CROIX-360cm-oars-pump-Material-Pneumatic 360w,https:\/\/a.allegroimg.com\/s720\/11637d\/ef3a9dde490d85807fb64edf2ce3\/2-seat-inflatable-kayak-ST-CROIX-360cm-oars-pump-Material-Pneumatic 720w,https:\/\/a.allegroimg.com\/s1024\/11637d\/ef3a9dde490d85807fb64edf2ce3\/2-seat-inflatable-kayak-ST-CROIX-360cm-oars-pump-Material-Pneumatic 960w,https:\/\/a.allegroimg.com\/original\/11637d\/ef3a9dde490d85807fb64edf2ce3\/2-seat-inflatable-kayak-ST-CROIX-360cm-oars-pump-Material-Pneumatic 960w\" alt=\"2-seat inflatable kayak ST.CROIX 360cm oars pump Material Pneumatic\" width=\"800\" height=\"623\" data-src=\"https:\/\/a.allegroimg.com\/original\/11637d\/ef3a9dde490d85807fb64edf2ce3\/2-seat-inflatable-kayak-ST-CROIX-360cm-oars-pump-Material-Pneumatic\" data-srcset=\"https:\/\/a.allegroimg.com\/s360\/11637d\/ef3a9dde490d85807fb64edf2ce3\/2-seat-inflatable-kayak-ST-CROIX-360cm-oars-pump-Material-Pneumatic 360w,https:\/\/a.allegroimg.com\/s720\/11637d\/ef3a9dde490d85807fb64edf2ce3\/2-seat-inflatable-kayak-ST-CROIX-360cm-oars-pump-Material-Pneumatic 720w,https:\/\/a.allegroimg.com\/s1024\/11637d\/ef3a9dde490d85807fb64edf2ce3\/2-seat-inflatable-kayak-ST-CROIX-360cm-oars-pump-Material-Pneumatic 960w,https:\/\/a.allegroimg.com\/original\/11637d\/ef3a9dde490d85807fb64edf2ce3\/2-seat-inflatable-kayak-ST-CROIX-360cm-oars-pump-Material-Pneumatic 960w\" \/><\/div>\n<\/div>\n<\/div>\n<\/div>\n","protected":false},"excerpt":{"rendered":"<p><strong>T\u00e4ispuhutav Kayak ST.CROIX 360 cm<\/strong><\/p>\n<ul>\n<li>Pikkus: 360 cm<\/li>\n<li>Netokaal: 10 kg<\/li>\n<li>Kaasas: aerud, pump ja s\u00fcsta kate.<\/li>\n<li>Maksimaalne kandev\u00f5ime: 180kg<\/li>\n<\/ul>\n<p>\u2666\u00a0<strong>Tarneaeg 2-6 p\u00e4eva<\/strong><br \/>\n\u2666\u00a0<strong>Laos<\/strong><\/p>\n","protected":false},"featured_media":11553,"template":"","meta":[],"product_cat":[1761],"product_tag":[],"class_list":{"0":"post-11552","1":"product","2":"type-product","3":"status-publish","4":"has-post-thumbnail","6":"product_cat-kayak","8":"first","9":"instock","10":"taxable","11":"shipping-taxable","12":"purchasable","13":"product-type-simple"},"yoast_head":"<!-- This site is optimized with the Yoast SEO plugin v23.8 - https:\/\/yoast.com\/wordpress\/plugins\/seo\/ -->\n<title>T\u00e4ispuhutav Kayak ST.CROIX 360 cm 2 istekohta - Ecocruiser<\/title>\n<meta name=\"robots\" content=\"noindex, follow, max-snippet:-1, max-image-preview:large, max-video-preview:-1\" \/>\n<meta property=\"og:locale\" content=\"en_GB\" \/>\n<meta property=\"og:type\" content=\"article\" \/>\n<meta property=\"og:title\" content=\"T\u00e4ispuhutav Kayak ST.CROIX 360 cm 2 istekohta - Ecocruiser\" \/>\n<meta property=\"og:description\" content=\"T\u00e4ispuhutav Kayak ST.CROIX 360 cm   Pikkus: 360 cm  Netokaal: 10 kg  Kaasas: aerud, pump ja s\u00fcsta kate.  Maksimaalne kandev\u00f5ime: 180kg  \u2666\u00a0Tarneaeg 2-6 p\u00e4eva \u2666\u00a0Laos\" \/>\n<meta property=\"og:url\" content=\"https:\/\/projekt.vombat.ee\/eco\/pood\/kayak\/taispuhutav-kayak-st-croix-360-cm-2-istekohta\/\" \/>\n<meta property=\"og:site_name\" content=\"Ecocruiser\" \/>\n<meta property=\"article:modified_time\" content=\"2023-07-29T13:25:41+00:00\" \/>\n<meta property=\"og:image\" content=\"https:\/\/projekt.vombat.ee\/eco\/wp-content\/uploads\/2023\/07\/1-8.png\" \/>\n\t<meta property=\"og:image:width\" content=\"780\" \/>\n\t<meta property=\"og:image:height\" content=\"623\" \/>\n\t<meta property=\"og:image:type\" content=\"image\/png\" \/>\n<meta name=\"twitter:card\" content=\"summary_large_image\" \/>\n<meta name=\"twitter:label1\" content=\"Estimated reading time\" \/>\n\t<meta name=\"twitter:data1\" content=\"2 minutes\" \/>\n<script type=\"application\/ld+json\" class=\"yoast-schema-graph\">{\"@context\":\"https:\/\/schema.org\",\"@graph\":[{\"@type\":\"WebPage\",\"@id\":\"https:\/\/projekt.vombat.ee\/eco\/pood\/kayak\/taispuhutav-kayak-st-croix-360-cm-2-istekohta\/\",\"url\":\"https:\/\/projekt.vombat.ee\/eco\/pood\/kayak\/taispuhutav-kayak-st-croix-360-cm-2-istekohta\/\",\"name\":\"T\u00e4ispuhutav Kayak ST.CROIX 360 cm 2 istekohta - Ecocruiser\",\"isPartOf\":{\"@id\":\"https:\/\/projekt.vombat.ee\/eco\/#website\"},\"primaryImageOfPage\":{\"@id\":\"https:\/\/projekt.vombat.ee\/eco\/pood\/kayak\/taispuhutav-kayak-st-croix-360-cm-2-istekohta\/#primaryimage\"},\"image\":{\"@id\":\"https:\/\/projekt.vombat.ee\/eco\/pood\/kayak\/taispuhutav-kayak-st-croix-360-cm-2-istekohta\/#primaryimage\"},\"thumbnailUrl\":\"https:\/\/projekt.vombat.ee\/eco\/wp-content\/uploads\/2023\/07\/1-8.png\",\"datePublished\":\"2023-07-29T13:25:40+00:00\",\"dateModified\":\"2023-07-29T13:25:41+00:00\",\"breadcrumb\":{\"@id\":\"https:\/\/projekt.vombat.ee\/eco\/pood\/kayak\/taispuhutav-kayak-st-croix-360-cm-2-istekohta\/#breadcrumb\"},\"inLanguage\":\"en-GB\",\"potentialAction\":[{\"@type\":\"ReadAction\",\"target\":[\"https:\/\/projekt.vombat.ee\/eco\/pood\/kayak\/taispuhutav-kayak-st-croix-360-cm-2-istekohta\/\"]}]},{\"@type\":\"ImageObject\",\"inLanguage\":\"en-GB\",\"@id\":\"https:\/\/projekt.vombat.ee\/eco\/pood\/kayak\/taispuhutav-kayak-st-croix-360-cm-2-istekohta\/#primaryimage\",\"url\":\"https:\/\/projekt.vombat.ee\/eco\/wp-content\/uploads\/2023\/07\/1-8.png\",\"contentUrl\":\"https:\/\/projekt.vombat.ee\/eco\/wp-content\/uploads\/2023\/07\/1-8.png\",\"width\":780,\"height\":623},{\"@type\":\"BreadcrumbList\",\"@id\":\"https:\/\/projekt.vombat.ee\/eco\/pood\/kayak\/taispuhutav-kayak-st-croix-360-cm-2-istekohta\/#breadcrumb\",\"itemListElement\":[{\"@type\":\"ListItem\",\"position\":1,\"name\":\"Home\",\"item\":\"https:\/\/projekt.vombat.ee\/eco\/\"},{\"@type\":\"ListItem\",\"position\":2,\"name\":\"Pood\",\"item\":\"https:\/\/projekt.vombat.ee\/eco\/pood\/\"},{\"@type\":\"ListItem\",\"position\":3,\"name\":\"T\u00e4ispuhutav Kayak ST.CROIX 360 cm 2 istekohta\"}]},{\"@type\":\"WebSite\",\"@id\":\"https:\/\/projekt.vombat.ee\/eco\/#website\",\"url\":\"https:\/\/projekt.vombat.ee\/eco\/\",\"name\":\"Ecocruiser\",\"description\":\"\",\"publisher\":{\"@id\":\"https:\/\/projekt.vombat.ee\/eco\/#organization\"},\"potentialAction\":[{\"@type\":\"SearchAction\",\"target\":{\"@type\":\"EntryPoint\",\"urlTemplate\":\"https:\/\/projekt.vombat.ee\/eco\/?s={search_term_string}\"},\"query-input\":{\"@type\":\"PropertyValueSpecification\",\"valueRequired\":true,\"valueName\":\"search_term_string\"}}],\"inLanguage\":\"en-GB\"},{\"@type\":\"Organization\",\"@id\":\"https:\/\/projekt.vombat.ee\/eco\/#organization\",\"name\":\"Ecocruiser\",\"url\":\"https:\/\/projekt.vombat.ee\/eco\/\",\"logo\":{\"@type\":\"ImageObject\",\"inLanguage\":\"en-GB\",\"@id\":\"https:\/\/projekt.vombat.ee\/eco\/#\/schema\/logo\/image\/\",\"url\":\"https:\/\/projekt.vombat.ee\/eco\/wp-content\/uploads\/2023\/03\/ECOCRUISER_5.png\",\"contentUrl\":\"https:\/\/projekt.vombat.ee\/eco\/wp-content\/uploads\/2023\/03\/ECOCRUISER_5.png\",\"width\":234,\"height\":91,\"caption\":\"Ecocruiser\"},\"image\":{\"@id\":\"https:\/\/projekt.vombat.ee\/eco\/#\/schema\/logo\/image\/\"}}]}<\/script>\n<!-- \/ Yoast SEO plugin. -->","yoast_head_json":{"title":"T\u00e4ispuhutav Kayak ST.CROIX 360 cm 2 istekohta - Ecocruiser","robots":{"index":"noindex","follow":"follow","max-snippet":"max-snippet:-1","max-image-preview":"max-image-preview:large","max-video-preview":"max-video-preview:-1"},"og_locale":"en_GB","og_type":"article","og_title":"T\u00e4ispuhutav Kayak ST.CROIX 360 cm 2 istekohta - Ecocruiser","og_description":"T\u00e4ispuhutav Kayak ST.CROIX 360 cm   Pikkus: 360 cm  Netokaal: 10 kg  Kaasas: aerud, pump ja s\u00fcsta kate.  Maksimaalne kandev\u00f5ime: 180kg  \u2666\u00a0Tarneaeg 2-6 p\u00e4eva \u2666\u00a0Laos","og_url":"https:\/\/projekt.vombat.ee\/eco\/pood\/kayak\/taispuhutav-kayak-st-croix-360-cm-2-istekohta\/","og_site_name":"Ecocruiser","article_modified_time":"2023-07-29T13:25:41+00:00","og_image":[{"width":780,"height":623,"url":"https:\/\/projekt.vombat.ee\/eco\/wp-content\/uploads\/2023\/07\/1-8.png","type":"image\/png"}],"twitter_card":"summary_large_image","twitter_misc":{"Estimated reading time":"2 minutes"},"schema":{"@context":"https:\/\/schema.org","@graph":[{"@type":"WebPage","@id":"https:\/\/projekt.vombat.ee\/eco\/pood\/kayak\/taispuhutav-kayak-st-croix-360-cm-2-istekohta\/","url":"https:\/\/projekt.vombat.ee\/eco\/pood\/kayak\/taispuhutav-kayak-st-croix-360-cm-2-istekohta\/","name":"T\u00e4ispuhutav Kayak ST.CROIX 360 cm 2 istekohta - Ecocruiser","isPartOf":{"@id":"https:\/\/projekt.vombat.ee\/eco\/#website"},"primaryImageOfPage":{"@id":"https:\/\/projekt.vombat.ee\/eco\/pood\/kayak\/taispuhutav-kayak-st-croix-360-cm-2-istekohta\/#primaryimage"},"image":{"@id":"https:\/\/projekt.vombat.ee\/eco\/pood\/kayak\/taispuhutav-kayak-st-croix-360-cm-2-istekohta\/#primaryimage"},"thumbnailUrl":"https:\/\/projekt.vombat.ee\/eco\/wp-content\/uploads\/2023\/07\/1-8.png","datePublished":"2023-07-29T13:25:40+00:00","dateModified":"2023-07-29T13:25:41+00:00","breadcrumb":{"@id":"https:\/\/projekt.vombat.ee\/eco\/pood\/kayak\/taispuhutav-kayak-st-croix-360-cm-2-istekohta\/#breadcrumb"},"inLanguage":"en-GB","potentialAction":[{"@type":"ReadAction","target":["https:\/\/projekt.vombat.ee\/eco\/pood\/kayak\/taispuhutav-kayak-st-croix-360-cm-2-istekohta\/"]}]},{"@type":"ImageObject","inLanguage":"en-GB","@id":"https:\/\/projekt.vombat.ee\/eco\/pood\/kayak\/taispuhutav-kayak-st-croix-360-cm-2-istekohta\/#primaryimage","url":"https:\/\/projekt.vombat.ee\/eco\/wp-content\/uploads\/2023\/07\/1-8.png","contentUrl":"https:\/\/projekt.vombat.ee\/eco\/wp-content\/uploads\/2023\/07\/1-8.png","width":780,"height":623},{"@type":"BreadcrumbList","@id":"https:\/\/projekt.vombat.ee\/eco\/pood\/kayak\/taispuhutav-kayak-st-croix-360-cm-2-istekohta\/#breadcrumb","itemListElement":[{"@type":"ListItem","position":1,"name":"Home","item":"https:\/\/projekt.vombat.ee\/eco\/"},{"@type":"ListItem","position":2,"name":"Pood","item":"https:\/\/projekt.vombat.ee\/eco\/pood\/"},{"@type":"ListItem","position":3,"name":"T\u00e4ispuhutav Kayak ST.CROIX 360 cm 2 istekohta"}]},{"@type":"WebSite","@id":"https:\/\/projekt.vombat.ee\/eco\/#website","url":"https:\/\/projekt.vombat.ee\/eco\/","name":"Ecocruiser","description":"","publisher":{"@id":"https:\/\/projekt.vombat.ee\/eco\/#organization"},"potentialAction":[{"@type":"SearchAction","target":{"@type":"EntryPoint","urlTemplate":"https:\/\/projekt.vombat.ee\/eco\/?s={search_term_string}"},"query-input":{"@type":"PropertyValueSpecification","valueRequired":true,"valueName":"search_term_string"}}],"inLanguage":"en-GB"},{"@type":"Organization","@id":"https:\/\/projekt.vombat.ee\/eco\/#organization","name":"Ecocruiser","url":"https:\/\/projekt.vombat.ee\/eco\/","logo":{"@type":"ImageObject","inLanguage":"en-GB","@id":"https:\/\/projekt.vombat.ee\/eco\/#\/schema\/logo\/image\/","url":"https:\/\/projekt.vombat.ee\/eco\/wp-content\/uploads\/2023\/03\/ECOCRUISER_5.png","contentUrl":"https:\/\/projekt.vombat.ee\/eco\/wp-content\/uploads\/2023\/03\/ECOCRUISER_5.png","width":234,"height":91,"caption":"Ecocruiser"},"image":{"@id":"https:\/\/projekt.vombat.ee\/eco\/#\/schema\/logo\/image\/"}}]}},"lang":"et","translations":{"et":11552},"pll_sync_post":[],"_links":{"self":[{"href":"https:\/\/projekt.vombat.ee\/eco\/wp-json\/wp\/v2\/product\/11552"}],"collection":[{"href":"https:\/\/projekt.vombat.ee\/eco\/wp-json\/wp\/v2\/product"}],"about":[{"href":"https:\/\/projekt.vombat.ee\/eco\/wp-json\/wp\/v2\/types\/product"}],"version-history":[{"count":1,"href":"https:\/\/projekt.vombat.ee\/eco\/wp-json\/wp\/v2\/product\/11552\/revisions"}],"predecessor-version":[{"id":11554,"href":"https:\/\/projekt.vombat.ee\/eco\/wp-json\/wp\/v2\/product\/11552\/revisions\/11554"}],"wp:featuredmedia":[{"embeddable":true,"href":"https:\/\/projekt.vombat.ee\/eco\/wp-json\/wp\/v2\/media\/11553"}],"wp:attachment":[{"href":"https:\/\/projekt.vombat.ee\/eco\/wp-json\/wp\/v2\/media?parent=11552"}],"wp:term":[{"taxonomy":"product_cat","embeddable":true,"href":"https:\/\/projekt.vombat.ee\/eco\/wp-json\/wp\/v2\/product_cat?post=11552"},{"taxonomy":"product_tag","embeddable":true,"href":"https:\/\/projekt.vombat.ee\/eco\/wp-json\/wp\/v2\/product_tag?post=11552"}],"curies":[{"name":"wp","href":"https:\/\/api.w.org\/{rel}","templated":true}]}}