{"id":11546,"date":"2023-07-29T10:13:00","date_gmt":"2023-07-29T10:13:00","guid":{"rendered":"https:\/\/projekt.vombat.ee\/eco\/?post_type=product&#038;p=11546"},"modified":"2023-07-29T10:14:27","modified_gmt":"2023-07-29T10:14:27","slug":"taispuhutav-kayak-sevylor-tahaa-312-cm-2-istekohta","status":"publish","type":"product","link":"https:\/\/projekt.vombat.ee\/eco\/pood\/kayak\/taispuhutav-kayak-sevylor-tahaa-312-cm-2-istekohta\/","title":{"rendered":"T\u00e4ispuhutav Kayak Sevylor TAHAA 312 cm 2 istekohta"},"content":{"rendered":"<h1>T\u00e4ispuhutav Kayak Sevylor TAHAA 312 cm<\/h1>\n<h3><img fetchpriority=\"high\" decoding=\"async\" class=\"msub_k4 mupj_5k mjru_k4 mse2_k4 mp7g_f6 mq1m_0 mj7u_0 m7er_k4 lazyloaded\" src=\"https:\/\/a.allegroimg.com\/original\/118187\/09a9a0584b7c90e27df291555ec1\/Recreational-kayak-Tahaa-Sevylor-Manufacturer-s-code-SEVYLOR\" sizes=\"100vw\" srcset=\"https:\/\/a.allegroimg.com\/s360\/118187\/09a9a0584b7c90e27df291555ec1\/Recreational-kayak-Tahaa-Sevylor-Manufacturer-s-code-SEVYLOR 360w,https:\/\/a.allegroimg.com\/s720\/118187\/09a9a0584b7c90e27df291555ec1\/Recreational-kayak-Tahaa-Sevylor-Manufacturer-s-code-SEVYLOR 720w,https:\/\/a.allegroimg.com\/s1024\/118187\/09a9a0584b7c90e27df291555ec1\/Recreational-kayak-Tahaa-Sevylor-Manufacturer-s-code-SEVYLOR 1024w,https:\/\/a.allegroimg.com\/s1440\/118187\/09a9a0584b7c90e27df291555ec1\/Recreational-kayak-Tahaa-Sevylor-Manufacturer-s-code-SEVYLOR 1128w,https:\/\/a.allegroimg.com\/original\/118187\/09a9a0584b7c90e27df291555ec1\/Recreational-kayak-Tahaa-Sevylor-Manufacturer-s-code-SEVYLOR 1128w\" alt=\"Recreational kayak Tahaa Sevylor Manufacturer's code SEVYLOR\" width=\"848\" height=\"434\" data-src=\"https:\/\/a.allegroimg.com\/original\/118187\/09a9a0584b7c90e27df291555ec1\/Recreational-kayak-Tahaa-Sevylor-Manufacturer-s-code-SEVYLOR\" data-srcset=\"https:\/\/a.allegroimg.com\/s360\/118187\/09a9a0584b7c90e27df291555ec1\/Recreational-kayak-Tahaa-Sevylor-Manufacturer-s-code-SEVYLOR 360w,https:\/\/a.allegroimg.com\/s720\/118187\/09a9a0584b7c90e27df291555ec1\/Recreational-kayak-Tahaa-Sevylor-Manufacturer-s-code-SEVYLOR 720w,https:\/\/a.allegroimg.com\/s1024\/118187\/09a9a0584b7c90e27df291555ec1\/Recreational-kayak-Tahaa-Sevylor-Manufacturer-s-code-SEVYLOR 1024w,https:\/\/a.allegroimg.com\/s1440\/118187\/09a9a0584b7c90e27df291555ec1\/Recreational-kayak-Tahaa-Sevylor-Manufacturer-s-code-SEVYLOR 1128w,https:\/\/a.allegroimg.com\/original\/118187\/09a9a0584b7c90e27df291555ec1\/Recreational-kayak-Tahaa-Sevylor-Manufacturer-s-code-SEVYLOR 1128w\" \/><\/h3>\n<p>Klassikaline Sevylor\u00ae s\u00fcsta Sevylor Tahaa\u00ae on ideaalne seikluste ja vaba aja veetmiseks pere ja s\u00f5pradega. See on kompaktne ja ka v\u00e4ga kerge (7,9 kg) ning mahub kergesti auto pagasiruumi. Mugavuse huvides annab Sevytest\u2122 selgelt m\u00e4rku, kui olete s\u00fcsta enne veeseiklusele asumist \u00f5ige r\u00f5huni pumbanud. Valmistatud tugevast PVC-st, on p\u00e4ikese-, \u00f5li- ja mereveekindel.<\/p>\n<h3>Toote omadused<\/h3>\n<ul>\n<li><strong>Lai kuju, mis pakub suurep\u00e4rast stabiilsust<\/strong><\/li>\n<li><strong>2 eemaldatavat t\u00e4ispuhutavat PVC istet<\/strong><\/li>\n<li><strong>Bostoni, Mini Bostoni ja Mini Double Lock ventiilid lihtsaks t\u00e4itmiseks ja t\u00fchjendamiseks<\/strong><\/li>\n<li><strong>V\u00e4ga t\u00f5hus drenaa\u017eis\u00fcsteem<\/strong><\/li>\n<li><strong>T\u00e4ispuhutavad k\u00fcljekambrid<\/strong><\/li>\n<li><strong>Vastupidav I-tala konstruktsiooniga p\u00f5randakamber<\/strong><\/li>\n<li><strong>2 ergonoomilist kandesanga lihtsaks transportimiseks<\/strong><\/li>\n<li><strong>Sevytest\u2122: kontrollige r\u00f5hku t\u00e4itmise ajal h\u00f5lpsalt<\/strong><\/li>\n<\/ul>\n<h3>Tooteinfo:<\/h3>\n<p>kaal: 8,8kg<br \/>\nIstekohtade arv: 2<br \/>\nKambrite arv: 2<br \/>\nMaterjal: Pneumaatiline<br \/>\nKomplektis veel pump ja aerud<\/p>\n","protected":false},"excerpt":{"rendered":"<p><strong>T\u00e4ispuhutav Kayak Sevylor TAHAA 312 cm<\/strong><\/p>\n<ul>\n<li>kaal: 8,8kg<\/li>\n<li>Istekohtade arv: 2<\/li>\n<li>Kambrite arv: 2<\/li>\n<li>Materjal: Pneumaatiline<\/li>\n<li>Lai kuju, mis pakub suurep\u00e4rast stabiilsust<\/li>\n<\/ul>\n<p>\u2666\u00a0<strong>Tarneaeg 2-6 p\u00e4eva<\/strong><br \/>\n\u2666\u00a0<strong>Laos<\/strong><\/p>\n","protected":false},"featured_media":11548,"template":"","meta":[],"product_cat":[1761],"product_tag":[],"class_list":{"0":"post-11546","1":"product","2":"type-product","3":"status-publish","4":"has-post-thumbnail","6":"product_cat-kayak","8":"first","9":"instock","10":"taxable","11":"shipping-taxable","12":"purchasable","13":"product-type-simple"},"yoast_head":"<!-- This site is optimized with the Yoast SEO plugin v23.8 - https:\/\/yoast.com\/wordpress\/plugins\/seo\/ -->\n<title>T\u00e4ispuhutav Kayak Sevylor TAHAA 312 cm 2 istekohta - Ecocruiser<\/title>\n<meta name=\"robots\" content=\"noindex, follow, max-snippet:-1, max-image-preview:large, max-video-preview:-1\" \/>\n<meta property=\"og:locale\" content=\"en_GB\" \/>\n<meta property=\"og:type\" content=\"article\" \/>\n<meta property=\"og:title\" content=\"T\u00e4ispuhutav Kayak Sevylor TAHAA 312 cm 2 istekohta - Ecocruiser\" \/>\n<meta property=\"og:description\" content=\"T\u00e4ispuhutav Kayak Sevylor TAHAA 312 cm   kaal: 8,8kg  Istekohtade arv: 2  Kambrite arv: 2  Materjal: Pneumaatiline  Lai kuju, mis pakub suurep\u00e4rast stabiilsust  \u2666\u00a0Tarneaeg 2-6 p\u00e4eva \u2666\u00a0Laos\" \/>\n<meta property=\"og:url\" content=\"https:\/\/projekt.vombat.ee\/eco\/pood\/kayak\/taispuhutav-kayak-sevylor-tahaa-312-cm-2-istekohta\/\" \/>\n<meta property=\"og:site_name\" content=\"Ecocruiser\" \/>\n<meta property=\"article:modified_time\" content=\"2023-07-29T10:14:27+00:00\" \/>\n<meta property=\"og:image\" content=\"https:\/\/projekt.vombat.ee\/eco\/wp-content\/uploads\/2023\/07\/11.png\" \/>\n\t<meta property=\"og:image:width\" content=\"1073\" \/>\n\t<meta property=\"og:image:height\" content=\"883\" \/>\n\t<meta property=\"og:image:type\" content=\"image\/png\" \/>\n<meta name=\"twitter:card\" content=\"summary_large_image\" \/>\n<meta name=\"twitter:label1\" content=\"Estimated reading time\" \/>\n\t<meta name=\"twitter:data1\" content=\"1 minute\" \/>\n<script type=\"application\/ld+json\" class=\"yoast-schema-graph\">{\"@context\":\"https:\/\/schema.org\",\"@graph\":[{\"@type\":\"WebPage\",\"@id\":\"https:\/\/projekt.vombat.ee\/eco\/pood\/kayak\/taispuhutav-kayak-sevylor-tahaa-312-cm-2-istekohta\/\",\"url\":\"https:\/\/projekt.vombat.ee\/eco\/pood\/kayak\/taispuhutav-kayak-sevylor-tahaa-312-cm-2-istekohta\/\",\"name\":\"T\u00e4ispuhutav Kayak Sevylor TAHAA 312 cm 2 istekohta - Ecocruiser\",\"isPartOf\":{\"@id\":\"https:\/\/projekt.vombat.ee\/eco\/#website\"},\"primaryImageOfPage\":{\"@id\":\"https:\/\/projekt.vombat.ee\/eco\/pood\/kayak\/taispuhutav-kayak-sevylor-tahaa-312-cm-2-istekohta\/#primaryimage\"},\"image\":{\"@id\":\"https:\/\/projekt.vombat.ee\/eco\/pood\/kayak\/taispuhutav-kayak-sevylor-tahaa-312-cm-2-istekohta\/#primaryimage\"},\"thumbnailUrl\":\"https:\/\/projekt.vombat.ee\/eco\/wp-content\/uploads\/2023\/07\/11.png\",\"datePublished\":\"2023-07-29T10:13:00+00:00\",\"dateModified\":\"2023-07-29T10:14:27+00:00\",\"breadcrumb\":{\"@id\":\"https:\/\/projekt.vombat.ee\/eco\/pood\/kayak\/taispuhutav-kayak-sevylor-tahaa-312-cm-2-istekohta\/#breadcrumb\"},\"inLanguage\":\"en-GB\",\"potentialAction\":[{\"@type\":\"ReadAction\",\"target\":[\"https:\/\/projekt.vombat.ee\/eco\/pood\/kayak\/taispuhutav-kayak-sevylor-tahaa-312-cm-2-istekohta\/\"]}]},{\"@type\":\"ImageObject\",\"inLanguage\":\"en-GB\",\"@id\":\"https:\/\/projekt.vombat.ee\/eco\/pood\/kayak\/taispuhutav-kayak-sevylor-tahaa-312-cm-2-istekohta\/#primaryimage\",\"url\":\"https:\/\/projekt.vombat.ee\/eco\/wp-content\/uploads\/2023\/07\/11.png\",\"contentUrl\":\"https:\/\/projekt.vombat.ee\/eco\/wp-content\/uploads\/2023\/07\/11.png\",\"width\":1073,\"height\":883},{\"@type\":\"BreadcrumbList\",\"@id\":\"https:\/\/projekt.vombat.ee\/eco\/pood\/kayak\/taispuhutav-kayak-sevylor-tahaa-312-cm-2-istekohta\/#breadcrumb\",\"itemListElement\":[{\"@type\":\"ListItem\",\"position\":1,\"name\":\"Home\",\"item\":\"https:\/\/projekt.vombat.ee\/eco\/\"},{\"@type\":\"ListItem\",\"position\":2,\"name\":\"Pood\",\"item\":\"https:\/\/projekt.vombat.ee\/eco\/pood\/\"},{\"@type\":\"ListItem\",\"position\":3,\"name\":\"T\u00e4ispuhutav Kayak Sevylor TAHAA 312 cm 2 istekohta\"}]},{\"@type\":\"WebSite\",\"@id\":\"https:\/\/projekt.vombat.ee\/eco\/#website\",\"url\":\"https:\/\/projekt.vombat.ee\/eco\/\",\"name\":\"Ecocruiser\",\"description\":\"\",\"publisher\":{\"@id\":\"https:\/\/projekt.vombat.ee\/eco\/#organization\"},\"potentialAction\":[{\"@type\":\"SearchAction\",\"target\":{\"@type\":\"EntryPoint\",\"urlTemplate\":\"https:\/\/projekt.vombat.ee\/eco\/?s={search_term_string}\"},\"query-input\":{\"@type\":\"PropertyValueSpecification\",\"valueRequired\":true,\"valueName\":\"search_term_string\"}}],\"inLanguage\":\"en-GB\"},{\"@type\":\"Organization\",\"@id\":\"https:\/\/projekt.vombat.ee\/eco\/#organization\",\"name\":\"Ecocruiser\",\"url\":\"https:\/\/projekt.vombat.ee\/eco\/\",\"logo\":{\"@type\":\"ImageObject\",\"inLanguage\":\"en-GB\",\"@id\":\"https:\/\/projekt.vombat.ee\/eco\/#\/schema\/logo\/image\/\",\"url\":\"https:\/\/projekt.vombat.ee\/eco\/wp-content\/uploads\/2023\/03\/ECOCRUISER_5.png\",\"contentUrl\":\"https:\/\/projekt.vombat.ee\/eco\/wp-content\/uploads\/2023\/03\/ECOCRUISER_5.png\",\"width\":234,\"height\":91,\"caption\":\"Ecocruiser\"},\"image\":{\"@id\":\"https:\/\/projekt.vombat.ee\/eco\/#\/schema\/logo\/image\/\"}}]}<\/script>\n<!-- \/ Yoast SEO plugin. -->","yoast_head_json":{"title":"T\u00e4ispuhutav Kayak Sevylor TAHAA 312 cm 2 istekohta - Ecocruiser","robots":{"index":"noindex","follow":"follow","max-snippet":"max-snippet:-1","max-image-preview":"max-image-preview:large","max-video-preview":"max-video-preview:-1"},"og_locale":"en_GB","og_type":"article","og_title":"T\u00e4ispuhutav Kayak Sevylor TAHAA 312 cm 2 istekohta - Ecocruiser","og_description":"T\u00e4ispuhutav Kayak Sevylor TAHAA 312 cm   kaal: 8,8kg  Istekohtade arv: 2  Kambrite arv: 2  Materjal: Pneumaatiline  Lai kuju, mis pakub suurep\u00e4rast stabiilsust  \u2666\u00a0Tarneaeg 2-6 p\u00e4eva \u2666\u00a0Laos","og_url":"https:\/\/projekt.vombat.ee\/eco\/pood\/kayak\/taispuhutav-kayak-sevylor-tahaa-312-cm-2-istekohta\/","og_site_name":"Ecocruiser","article_modified_time":"2023-07-29T10:14:27+00:00","og_image":[{"width":1073,"height":883,"url":"https:\/\/projekt.vombat.ee\/eco\/wp-content\/uploads\/2023\/07\/11.png","type":"image\/png"}],"twitter_card":"summary_large_image","twitter_misc":{"Estimated reading time":"1 minute"},"schema":{"@context":"https:\/\/schema.org","@graph":[{"@type":"WebPage","@id":"https:\/\/projekt.vombat.ee\/eco\/pood\/kayak\/taispuhutav-kayak-sevylor-tahaa-312-cm-2-istekohta\/","url":"https:\/\/projekt.vombat.ee\/eco\/pood\/kayak\/taispuhutav-kayak-sevylor-tahaa-312-cm-2-istekohta\/","name":"T\u00e4ispuhutav Kayak Sevylor TAHAA 312 cm 2 istekohta - Ecocruiser","isPartOf":{"@id":"https:\/\/projekt.vombat.ee\/eco\/#website"},"primaryImageOfPage":{"@id":"https:\/\/projekt.vombat.ee\/eco\/pood\/kayak\/taispuhutav-kayak-sevylor-tahaa-312-cm-2-istekohta\/#primaryimage"},"image":{"@id":"https:\/\/projekt.vombat.ee\/eco\/pood\/kayak\/taispuhutav-kayak-sevylor-tahaa-312-cm-2-istekohta\/#primaryimage"},"thumbnailUrl":"https:\/\/projekt.vombat.ee\/eco\/wp-content\/uploads\/2023\/07\/11.png","datePublished":"2023-07-29T10:13:00+00:00","dateModified":"2023-07-29T10:14:27+00:00","breadcrumb":{"@id":"https:\/\/projekt.vombat.ee\/eco\/pood\/kayak\/taispuhutav-kayak-sevylor-tahaa-312-cm-2-istekohta\/#breadcrumb"},"inLanguage":"en-GB","potentialAction":[{"@type":"ReadAction","target":["https:\/\/projekt.vombat.ee\/eco\/pood\/kayak\/taispuhutav-kayak-sevylor-tahaa-312-cm-2-istekohta\/"]}]},{"@type":"ImageObject","inLanguage":"en-GB","@id":"https:\/\/projekt.vombat.ee\/eco\/pood\/kayak\/taispuhutav-kayak-sevylor-tahaa-312-cm-2-istekohta\/#primaryimage","url":"https:\/\/projekt.vombat.ee\/eco\/wp-content\/uploads\/2023\/07\/11.png","contentUrl":"https:\/\/projekt.vombat.ee\/eco\/wp-content\/uploads\/2023\/07\/11.png","width":1073,"height":883},{"@type":"BreadcrumbList","@id":"https:\/\/projekt.vombat.ee\/eco\/pood\/kayak\/taispuhutav-kayak-sevylor-tahaa-312-cm-2-istekohta\/#breadcrumb","itemListElement":[{"@type":"ListItem","position":1,"name":"Home","item":"https:\/\/projekt.vombat.ee\/eco\/"},{"@type":"ListItem","position":2,"name":"Pood","item":"https:\/\/projekt.vombat.ee\/eco\/pood\/"},{"@type":"ListItem","position":3,"name":"T\u00e4ispuhutav Kayak Sevylor TAHAA 312 cm 2 istekohta"}]},{"@type":"WebSite","@id":"https:\/\/projekt.vombat.ee\/eco\/#website","url":"https:\/\/projekt.vombat.ee\/eco\/","name":"Ecocruiser","description":"","publisher":{"@id":"https:\/\/projekt.vombat.ee\/eco\/#organization"},"potentialAction":[{"@type":"SearchAction","target":{"@type":"EntryPoint","urlTemplate":"https:\/\/projekt.vombat.ee\/eco\/?s={search_term_string}"},"query-input":{"@type":"PropertyValueSpecification","valueRequired":true,"valueName":"search_term_string"}}],"inLanguage":"en-GB"},{"@type":"Organization","@id":"https:\/\/projekt.vombat.ee\/eco\/#organization","name":"Ecocruiser","url":"https:\/\/projekt.vombat.ee\/eco\/","logo":{"@type":"ImageObject","inLanguage":"en-GB","@id":"https:\/\/projekt.vombat.ee\/eco\/#\/schema\/logo\/image\/","url":"https:\/\/projekt.vombat.ee\/eco\/wp-content\/uploads\/2023\/03\/ECOCRUISER_5.png","contentUrl":"https:\/\/projekt.vombat.ee\/eco\/wp-content\/uploads\/2023\/03\/ECOCRUISER_5.png","width":234,"height":91,"caption":"Ecocruiser"},"image":{"@id":"https:\/\/projekt.vombat.ee\/eco\/#\/schema\/logo\/image\/"}}]}},"lang":"et","translations":{"et":11546},"pll_sync_post":[],"_links":{"self":[{"href":"https:\/\/projekt.vombat.ee\/eco\/wp-json\/wp\/v2\/product\/11546"}],"collection":[{"href":"https:\/\/projekt.vombat.ee\/eco\/wp-json\/wp\/v2\/product"}],"about":[{"href":"https:\/\/projekt.vombat.ee\/eco\/wp-json\/wp\/v2\/types\/product"}],"version-history":[{"count":2,"href":"https:\/\/projekt.vombat.ee\/eco\/wp-json\/wp\/v2\/product\/11546\/revisions"}],"predecessor-version":[{"id":11550,"href":"https:\/\/projekt.vombat.ee\/eco\/wp-json\/wp\/v2\/product\/11546\/revisions\/11550"}],"wp:featuredmedia":[{"embeddable":true,"href":"https:\/\/projekt.vombat.ee\/eco\/wp-json\/wp\/v2\/media\/11548"}],"wp:attachment":[{"href":"https:\/\/projekt.vombat.ee\/eco\/wp-json\/wp\/v2\/media?parent=11546"}],"wp:term":[{"taxonomy":"product_cat","embeddable":true,"href":"https:\/\/projekt.vombat.ee\/eco\/wp-json\/wp\/v2\/product_cat?post=11546"},{"taxonomy":"product_tag","embeddable":true,"href":"https:\/\/projekt.vombat.ee\/eco\/wp-json\/wp\/v2\/product_tag?post=11546"}],"curies":[{"name":"wp","href":"https:\/\/api.w.org\/{rel}","templated":true}]}}