{"id":11538,"date":"2023-07-28T20:43:27","date_gmt":"2023-07-28T20:43:27","guid":{"rendered":"https:\/\/projekt.vombat.ee\/eco\/?post_type=product&#038;p=11538"},"modified":"2023-07-28T20:43:28","modified_gmt":"2023-07-28T20:43:28","slug":"taispuhutav-kayak-aqua-marina-betta-312-cm","status":"publish","type":"product","link":"https:\/\/projekt.vombat.ee\/eco\/pood\/kayak\/taispuhutav-kayak-aqua-marina-betta-312-cm\/","title":{"rendered":"T\u00e4ispuhutav Kayak Aqua marina BETTA 312 cm"},"content":{"rendered":"<h1>T\u00e4ispuhutav KAYAK AQUA MARINA BETTA 312 cm<\/h1>\n<p><img fetchpriority=\"high\" decoding=\"async\" class=\"msub_k4 mupj_5k mjru_k4 mse2_k4 mp7g_f6 mq1m_0 mj7u_0 m7er_k4 lazyloaded\" src=\"https:\/\/a.allegroimg.com\/original\/113531\/d7aaf99c4c609dabc9797aa054ed\/INFLATABLE-KAYAK-AQUA-MARINA-BETTA-312-10-3-Weight-9-kg\" sizes=\"(min-width: 1200px) 560px, (min-width: 992px) 50vw, 100vw\" srcset=\"https:\/\/a.allegroimg.com\/s360\/113531\/d7aaf99c4c609dabc9797aa054ed\/INFLATABLE-KAYAK-AQUA-MARINA-BETTA-312-10-3-Weight-9-kg 360w,https:\/\/a.allegroimg.com\/s720\/113531\/d7aaf99c4c609dabc9797aa054ed\/INFLATABLE-KAYAK-AQUA-MARINA-BETTA-312-10-3-Weight-9-kg 720w,https:\/\/a.allegroimg.com\/s1024\/113531\/d7aaf99c4c609dabc9797aa054ed\/INFLATABLE-KAYAK-AQUA-MARINA-BETTA-312-10-3-Weight-9-kg 1024w,https:\/\/a.allegroimg.com\/s1440\/113531\/d7aaf99c4c609dabc9797aa054ed\/INFLATABLE-KAYAK-AQUA-MARINA-BETTA-312-10-3-Weight-9-kg 1440w,https:\/\/a.allegroimg.com\/original\/113531\/d7aaf99c4c609dabc9797aa054ed\/INFLATABLE-KAYAK-AQUA-MARINA-BETTA-312-10-3-Weight-9-kg 1500w\" alt=\"INFLATABLE KAYAK AQUA MARINA BETTA-312 10'3'' Weight 9 kg\" width=\"808\" height=\"808\" data-src=\"https:\/\/a.allegroimg.com\/original\/113531\/d7aaf99c4c609dabc9797aa054ed\/INFLATABLE-KAYAK-AQUA-MARINA-BETTA-312-10-3-Weight-9-kg\" data-srcset=\"https:\/\/a.allegroimg.com\/s360\/113531\/d7aaf99c4c609dabc9797aa054ed\/INFLATABLE-KAYAK-AQUA-MARINA-BETTA-312-10-3-Weight-9-kg 360w,https:\/\/a.allegroimg.com\/s720\/113531\/d7aaf99c4c609dabc9797aa054ed\/INFLATABLE-KAYAK-AQUA-MARINA-BETTA-312-10-3-Weight-9-kg 720w,https:\/\/a.allegroimg.com\/s1024\/113531\/d7aaf99c4c609dabc9797aa054ed\/INFLATABLE-KAYAK-AQUA-MARINA-BETTA-312-10-3-Weight-9-kg 1024w,https:\/\/a.allegroimg.com\/s1440\/113531\/d7aaf99c4c609dabc9797aa054ed\/INFLATABLE-KAYAK-AQUA-MARINA-BETTA-312-10-3-Weight-9-kg 1440w,https:\/\/a.allegroimg.com\/original\/113531\/d7aaf99c4c609dabc9797aa054ed\/INFLATABLE-KAYAK-AQUA-MARINA-BETTA-312-10-3-Weight-9-kg 1500w\" \/><\/p>\n<p>Betta s\u00fcstad on disainitud suuremat vastupidavust silmas pidades. See t\u00e4ispuhutav s\u00fcsta kaalub vaid 9 kg ja selle kandev\u00f5ime on kuni 95 kg. Profileeritud kiil teeb man\u00f6\u00f6verdamise lihtsaks. Betta on loomulik valik algajatele kuni keskmise tasemega s\u00f5udjatele.<\/p>\n<h3>BETTA s\u00fcsta olulisemad omadused:<\/h3>\n<ul>\n<li>\u00dclitugev tugevdatud PVC materjal \u00f5hukambrite ja s\u00fcsta p\u00f5randa jaoks.<\/li>\n<li>T\u00e4ispuhutav k\u00f5rge iste tagab seljatoe ja mugavuse ujumise ajal<\/li>\n<li>Kummist seib klapi \u00fcmber, et parandada plaadi tihedust<\/li>\n<li>2 eemaldatavat s\u00fcsta uimed t\u00e4iusliku suuna juhtimiseks<\/li>\n<li>Laua v\u00f6\u00f6ril ja ahtril on vastupidavad kummist k\u00e4epidemed s\u00fcsta kandmiseks<\/li>\n<li>Reguleeritav jalatugi toetab jalgu<\/li>\n<li>\u00dcliire iset\u00fchjenevad t\u00fchjendusventiilid<\/li>\n<li>Laua ahtris on terasr\u00f5ngas turvak\u00f6ie (rihma) kinnitamiseks<\/li>\n<li>V\u00f6\u00f6ril pikendatud pritsmekaitse<\/li>\n<li>3-osaline reguleeritav kajaki m\u00f5la<\/li>\n<li>11-tolline s\u00fcstapump, mis v\u00f5imaldab teil s\u00fcsta kiiresti ja lihtsalt t\u00e4is pumbata<\/li>\n<\/ul>\n<h3>Spetsifikatsioon:<\/h3>\n<p>Suurus: 312 cm<br \/>\nInimeste arv: 1<br \/>\nMaksimaalne koormus: 95 kg<br \/>\nM\u00f5\u00f5dud: 312&#215;80 cm<br \/>\nOptimaalne r\u00f5hk: 1,45 PSI<br \/>\n\u00d5hukambrite arv: 2+1<br \/>\nT\u00fchjendusventiilid: 1 + 2<br \/>\nUimed: 2 s\u00fcsta uimed<br \/>\nKaal: 9 kg<\/p>\n<p><img decoding=\"async\" class=\"msub_k4 mupj_5k mjru_k4 mse2_k4 mp7g_f6 mq1m_0 mj7u_0 m7er_k4 lazyloaded\" src=\"https:\/\/a.allegroimg.com\/original\/115f91\/3cba8a1449919e171f3cbf5019b2\" sizes=\"(min-width: 1200px) 560px, (min-width: 992px) 50vw, 100vw\" srcset=\"https:\/\/a.allegroimg.com\/s360\/115f91\/3cba8a1449919e171f3cbf5019b2 360w,https:\/\/a.allegroimg.com\/s720\/115f91\/3cba8a1449919e171f3cbf5019b2 720w,https:\/\/a.allegroimg.com\/s1024\/115f91\/3cba8a1449919e171f3cbf5019b2 1024w,https:\/\/a.allegroimg.com\/s1440\/115f91\/3cba8a1449919e171f3cbf5019b2 1440w,https:\/\/a.allegroimg.com\/original\/115f91\/3cba8a1449919e171f3cbf5019b2 1500w\" alt=\"\" width=\"948\" height=\"948\" data-src=\"https:\/\/a.allegroimg.com\/original\/115f91\/3cba8a1449919e171f3cbf5019b2\" data-srcset=\"https:\/\/a.allegroimg.com\/s360\/115f91\/3cba8a1449919e171f3cbf5019b2 360w,https:\/\/a.allegroimg.com\/s720\/115f91\/3cba8a1449919e171f3cbf5019b2 720w,https:\/\/a.allegroimg.com\/s1024\/115f91\/3cba8a1449919e171f3cbf5019b2 1024w,https:\/\/a.allegroimg.com\/s1440\/115f91\/3cba8a1449919e171f3cbf5019b2 1440w,https:\/\/a.allegroimg.com\/original\/115f91\/3cba8a1449919e171f3cbf5019b2 1500w\" \/><\/p>\n","protected":false},"excerpt":{"rendered":"<p><strong>T\u00e4ispuhutav Aqua marina BETTA<\/strong><\/p>\n<ul>\n<li>Suurus: 312 cm<\/li>\n<li>Inimeste arv: 1<\/li>\n<li>Maksimaalne koormus: 95 kg<\/li>\n<li>M\u00f5\u00f5dud: 312&#215;80 cm<\/li>\n<li>Optimaalne r\u00f5hk: 1,45 PSI<\/li>\n<li>\u00d5hukambrite arv: 2+1<\/li>\n<li>T\u00fchjendusventiilid: 1 + 2<\/li>\n<li>Uimed: 2 s\u00fcsta uimed<\/li>\n<li>Kaal: 9 kg<\/li>\n<\/ul>\n<p>\u2666\u00a0<strong>Tarneaeg 2-6 p\u00e4eva<\/strong><br \/>\n\u2666\u00a0<strong>Laos<\/strong><\/p>\n","protected":false},"featured_media":11539,"template":"","meta":[],"product_cat":[1761],"product_tag":[],"class_list":{"0":"post-11538","1":"product","2":"type-product","3":"status-publish","4":"has-post-thumbnail","6":"product_cat-kayak","8":"first","9":"instock","10":"taxable","11":"shipping-taxable","12":"purchasable","13":"product-type-simple"},"yoast_head":"<!-- This site is optimized with the Yoast SEO plugin v23.8 - https:\/\/yoast.com\/wordpress\/plugins\/seo\/ -->\n<title>T\u00e4ispuhutav Kayak Aqua marina BETTA 312 cm - Ecocruiser<\/title>\n<meta name=\"robots\" content=\"noindex, follow, max-snippet:-1, max-image-preview:large, max-video-preview:-1\" \/>\n<meta property=\"og:locale\" content=\"en_GB\" \/>\n<meta property=\"og:type\" content=\"article\" \/>\n<meta property=\"og:title\" content=\"T\u00e4ispuhutav Kayak Aqua marina BETTA 312 cm - Ecocruiser\" \/>\n<meta property=\"og:description\" content=\"T\u00e4ispuhutav Aqua marina BETTA   Suurus: 312 cm  Inimeste arv: 1  Maksimaalne koormus: 95 kg  M\u00f5\u00f5dud: 312x80 cm  Optimaalne r\u00f5hk: 1,45 PSI  \u00d5hukambrite arv: 2+1  T\u00fchjendusventiilid: 1 + 2  Uimed: 2 s\u00fcsta uimed  Kaal: 9 kg  \u2666\u00a0Tarneaeg 2-6 p\u00e4eva \u2666\u00a0Laos\" \/>\n<meta property=\"og:url\" content=\"https:\/\/projekt.vombat.ee\/eco\/pood\/kayak\/taispuhutav-kayak-aqua-marina-betta-312-cm\/\" \/>\n<meta property=\"og:site_name\" content=\"Ecocruiser\" \/>\n<meta property=\"article:modified_time\" content=\"2023-07-28T20:43:28+00:00\" \/>\n<meta property=\"og:image\" content=\"https:\/\/projekt.vombat.ee\/eco\/wp-content\/uploads\/2023\/07\/1-6.png\" \/>\n\t<meta property=\"og:image:width\" content=\"1044\" \/>\n\t<meta property=\"og:image:height\" content=\"898\" \/>\n\t<meta property=\"og:image:type\" content=\"image\/png\" \/>\n<meta name=\"twitter:card\" content=\"summary_large_image\" \/>\n<meta name=\"twitter:label1\" content=\"Estimated reading time\" \/>\n\t<meta name=\"twitter:data1\" content=\"2 minutes\" \/>\n<script type=\"application\/ld+json\" class=\"yoast-schema-graph\">{\"@context\":\"https:\/\/schema.org\",\"@graph\":[{\"@type\":\"WebPage\",\"@id\":\"https:\/\/projekt.vombat.ee\/eco\/pood\/kayak\/taispuhutav-kayak-aqua-marina-betta-312-cm\/\",\"url\":\"https:\/\/projekt.vombat.ee\/eco\/pood\/kayak\/taispuhutav-kayak-aqua-marina-betta-312-cm\/\",\"name\":\"T\u00e4ispuhutav Kayak Aqua marina BETTA 312 cm - Ecocruiser\",\"isPartOf\":{\"@id\":\"https:\/\/projekt.vombat.ee\/eco\/#website\"},\"primaryImageOfPage\":{\"@id\":\"https:\/\/projekt.vombat.ee\/eco\/pood\/kayak\/taispuhutav-kayak-aqua-marina-betta-312-cm\/#primaryimage\"},\"image\":{\"@id\":\"https:\/\/projekt.vombat.ee\/eco\/pood\/kayak\/taispuhutav-kayak-aqua-marina-betta-312-cm\/#primaryimage\"},\"thumbnailUrl\":\"https:\/\/projekt.vombat.ee\/eco\/wp-content\/uploads\/2023\/07\/1-6.png\",\"datePublished\":\"2023-07-28T20:43:27+00:00\",\"dateModified\":\"2023-07-28T20:43:28+00:00\",\"breadcrumb\":{\"@id\":\"https:\/\/projekt.vombat.ee\/eco\/pood\/kayak\/taispuhutav-kayak-aqua-marina-betta-312-cm\/#breadcrumb\"},\"inLanguage\":\"en-GB\",\"potentialAction\":[{\"@type\":\"ReadAction\",\"target\":[\"https:\/\/projekt.vombat.ee\/eco\/pood\/kayak\/taispuhutav-kayak-aqua-marina-betta-312-cm\/\"]}]},{\"@type\":\"ImageObject\",\"inLanguage\":\"en-GB\",\"@id\":\"https:\/\/projekt.vombat.ee\/eco\/pood\/kayak\/taispuhutav-kayak-aqua-marina-betta-312-cm\/#primaryimage\",\"url\":\"https:\/\/projekt.vombat.ee\/eco\/wp-content\/uploads\/2023\/07\/1-6.png\",\"contentUrl\":\"https:\/\/projekt.vombat.ee\/eco\/wp-content\/uploads\/2023\/07\/1-6.png\",\"width\":1044,\"height\":898},{\"@type\":\"BreadcrumbList\",\"@id\":\"https:\/\/projekt.vombat.ee\/eco\/pood\/kayak\/taispuhutav-kayak-aqua-marina-betta-312-cm\/#breadcrumb\",\"itemListElement\":[{\"@type\":\"ListItem\",\"position\":1,\"name\":\"Home\",\"item\":\"https:\/\/projekt.vombat.ee\/eco\/\"},{\"@type\":\"ListItem\",\"position\":2,\"name\":\"Pood\",\"item\":\"https:\/\/projekt.vombat.ee\/eco\/pood\/\"},{\"@type\":\"ListItem\",\"position\":3,\"name\":\"T\u00e4ispuhutav Kayak Aqua marina BETTA 312 cm\"}]},{\"@type\":\"WebSite\",\"@id\":\"https:\/\/projekt.vombat.ee\/eco\/#website\",\"url\":\"https:\/\/projekt.vombat.ee\/eco\/\",\"name\":\"Ecocruiser\",\"description\":\"\",\"publisher\":{\"@id\":\"https:\/\/projekt.vombat.ee\/eco\/#organization\"},\"potentialAction\":[{\"@type\":\"SearchAction\",\"target\":{\"@type\":\"EntryPoint\",\"urlTemplate\":\"https:\/\/projekt.vombat.ee\/eco\/?s={search_term_string}\"},\"query-input\":{\"@type\":\"PropertyValueSpecification\",\"valueRequired\":true,\"valueName\":\"search_term_string\"}}],\"inLanguage\":\"en-GB\"},{\"@type\":\"Organization\",\"@id\":\"https:\/\/projekt.vombat.ee\/eco\/#organization\",\"name\":\"Ecocruiser\",\"url\":\"https:\/\/projekt.vombat.ee\/eco\/\",\"logo\":{\"@type\":\"ImageObject\",\"inLanguage\":\"en-GB\",\"@id\":\"https:\/\/projekt.vombat.ee\/eco\/#\/schema\/logo\/image\/\",\"url\":\"https:\/\/projekt.vombat.ee\/eco\/wp-content\/uploads\/2023\/03\/ECOCRUISER_5.png\",\"contentUrl\":\"https:\/\/projekt.vombat.ee\/eco\/wp-content\/uploads\/2023\/03\/ECOCRUISER_5.png\",\"width\":234,\"height\":91,\"caption\":\"Ecocruiser\"},\"image\":{\"@id\":\"https:\/\/projekt.vombat.ee\/eco\/#\/schema\/logo\/image\/\"}}]}<\/script>\n<!-- \/ Yoast SEO plugin. -->","yoast_head_json":{"title":"T\u00e4ispuhutav Kayak Aqua marina BETTA 312 cm - Ecocruiser","robots":{"index":"noindex","follow":"follow","max-snippet":"max-snippet:-1","max-image-preview":"max-image-preview:large","max-video-preview":"max-video-preview:-1"},"og_locale":"en_GB","og_type":"article","og_title":"T\u00e4ispuhutav Kayak Aqua marina BETTA 312 cm - Ecocruiser","og_description":"T\u00e4ispuhutav Aqua marina BETTA   Suurus: 312 cm  Inimeste arv: 1  Maksimaalne koormus: 95 kg  M\u00f5\u00f5dud: 312x80 cm  Optimaalne r\u00f5hk: 1,45 PSI  \u00d5hukambrite arv: 2+1  T\u00fchjendusventiilid: 1 + 2  Uimed: 2 s\u00fcsta uimed  Kaal: 9 kg  \u2666\u00a0Tarneaeg 2-6 p\u00e4eva \u2666\u00a0Laos","og_url":"https:\/\/projekt.vombat.ee\/eco\/pood\/kayak\/taispuhutav-kayak-aqua-marina-betta-312-cm\/","og_site_name":"Ecocruiser","article_modified_time":"2023-07-28T20:43:28+00:00","og_image":[{"width":1044,"height":898,"url":"https:\/\/projekt.vombat.ee\/eco\/wp-content\/uploads\/2023\/07\/1-6.png","type":"image\/png"}],"twitter_card":"summary_large_image","twitter_misc":{"Estimated reading time":"2 minutes"},"schema":{"@context":"https:\/\/schema.org","@graph":[{"@type":"WebPage","@id":"https:\/\/projekt.vombat.ee\/eco\/pood\/kayak\/taispuhutav-kayak-aqua-marina-betta-312-cm\/","url":"https:\/\/projekt.vombat.ee\/eco\/pood\/kayak\/taispuhutav-kayak-aqua-marina-betta-312-cm\/","name":"T\u00e4ispuhutav Kayak Aqua marina BETTA 312 cm - Ecocruiser","isPartOf":{"@id":"https:\/\/projekt.vombat.ee\/eco\/#website"},"primaryImageOfPage":{"@id":"https:\/\/projekt.vombat.ee\/eco\/pood\/kayak\/taispuhutav-kayak-aqua-marina-betta-312-cm\/#primaryimage"},"image":{"@id":"https:\/\/projekt.vombat.ee\/eco\/pood\/kayak\/taispuhutav-kayak-aqua-marina-betta-312-cm\/#primaryimage"},"thumbnailUrl":"https:\/\/projekt.vombat.ee\/eco\/wp-content\/uploads\/2023\/07\/1-6.png","datePublished":"2023-07-28T20:43:27+00:00","dateModified":"2023-07-28T20:43:28+00:00","breadcrumb":{"@id":"https:\/\/projekt.vombat.ee\/eco\/pood\/kayak\/taispuhutav-kayak-aqua-marina-betta-312-cm\/#breadcrumb"},"inLanguage":"en-GB","potentialAction":[{"@type":"ReadAction","target":["https:\/\/projekt.vombat.ee\/eco\/pood\/kayak\/taispuhutav-kayak-aqua-marina-betta-312-cm\/"]}]},{"@type":"ImageObject","inLanguage":"en-GB","@id":"https:\/\/projekt.vombat.ee\/eco\/pood\/kayak\/taispuhutav-kayak-aqua-marina-betta-312-cm\/#primaryimage","url":"https:\/\/projekt.vombat.ee\/eco\/wp-content\/uploads\/2023\/07\/1-6.png","contentUrl":"https:\/\/projekt.vombat.ee\/eco\/wp-content\/uploads\/2023\/07\/1-6.png","width":1044,"height":898},{"@type":"BreadcrumbList","@id":"https:\/\/projekt.vombat.ee\/eco\/pood\/kayak\/taispuhutav-kayak-aqua-marina-betta-312-cm\/#breadcrumb","itemListElement":[{"@type":"ListItem","position":1,"name":"Home","item":"https:\/\/projekt.vombat.ee\/eco\/"},{"@type":"ListItem","position":2,"name":"Pood","item":"https:\/\/projekt.vombat.ee\/eco\/pood\/"},{"@type":"ListItem","position":3,"name":"T\u00e4ispuhutav Kayak Aqua marina BETTA 312 cm"}]},{"@type":"WebSite","@id":"https:\/\/projekt.vombat.ee\/eco\/#website","url":"https:\/\/projekt.vombat.ee\/eco\/","name":"Ecocruiser","description":"","publisher":{"@id":"https:\/\/projekt.vombat.ee\/eco\/#organization"},"potentialAction":[{"@type":"SearchAction","target":{"@type":"EntryPoint","urlTemplate":"https:\/\/projekt.vombat.ee\/eco\/?s={search_term_string}"},"query-input":{"@type":"PropertyValueSpecification","valueRequired":true,"valueName":"search_term_string"}}],"inLanguage":"en-GB"},{"@type":"Organization","@id":"https:\/\/projekt.vombat.ee\/eco\/#organization","name":"Ecocruiser","url":"https:\/\/projekt.vombat.ee\/eco\/","logo":{"@type":"ImageObject","inLanguage":"en-GB","@id":"https:\/\/projekt.vombat.ee\/eco\/#\/schema\/logo\/image\/","url":"https:\/\/projekt.vombat.ee\/eco\/wp-content\/uploads\/2023\/03\/ECOCRUISER_5.png","contentUrl":"https:\/\/projekt.vombat.ee\/eco\/wp-content\/uploads\/2023\/03\/ECOCRUISER_5.png","width":234,"height":91,"caption":"Ecocruiser"},"image":{"@id":"https:\/\/projekt.vombat.ee\/eco\/#\/schema\/logo\/image\/"}}]}},"lang":"et","translations":{"et":11538},"pll_sync_post":[],"_links":{"self":[{"href":"https:\/\/projekt.vombat.ee\/eco\/wp-json\/wp\/v2\/product\/11538"}],"collection":[{"href":"https:\/\/projekt.vombat.ee\/eco\/wp-json\/wp\/v2\/product"}],"about":[{"href":"https:\/\/projekt.vombat.ee\/eco\/wp-json\/wp\/v2\/types\/product"}],"version-history":[{"count":1,"href":"https:\/\/projekt.vombat.ee\/eco\/wp-json\/wp\/v2\/product\/11538\/revisions"}],"predecessor-version":[{"id":11543,"href":"https:\/\/projekt.vombat.ee\/eco\/wp-json\/wp\/v2\/product\/11538\/revisions\/11543"}],"wp:featuredmedia":[{"embeddable":true,"href":"https:\/\/projekt.vombat.ee\/eco\/wp-json\/wp\/v2\/media\/11539"}],"wp:attachment":[{"href":"https:\/\/projekt.vombat.ee\/eco\/wp-json\/wp\/v2\/media?parent=11538"}],"wp:term":[{"taxonomy":"product_cat","embeddable":true,"href":"https:\/\/projekt.vombat.ee\/eco\/wp-json\/wp\/v2\/product_cat?post=11538"},{"taxonomy":"product_tag","embeddable":true,"href":"https:\/\/projekt.vombat.ee\/eco\/wp-json\/wp\/v2\/product_tag?post=11538"}],"curies":[{"name":"wp","href":"https:\/\/api.w.org\/{rel}","templated":true}]}}