{"id":11526,"date":"2023-07-28T20:22:19","date_gmt":"2023-07-28T20:22:19","guid":{"rendered":"https:\/\/projekt.vombat.ee\/eco\/?post_type=product&#038;p=11526"},"modified":"2023-07-28T20:22:20","modified_gmt":"2023-07-28T20:22:20","slug":"taispuhutav-kayak-aqua-marina-laxo-380-cm-3-istekohta","status":"publish","type":"product","link":"https:\/\/projekt.vombat.ee\/eco\/pood\/kayak\/taispuhutav-kayak-aqua-marina-laxo-380-cm-3-istekohta\/","title":{"rendered":"T\u00e4ispuhutav Kayak Aqua marina Laxo 380 cm 3 istekohta"},"content":{"rendered":"<h1>T\u00e4ispuhutav s\u00fcsta Aqua Marina Laxo 380cm<\/h1>\n<p><img fetchpriority=\"high\" decoding=\"async\" class=\"msub_k4 mupj_5k mjru_k4 mse2_k4 mp7g_f6 mq1m_0 mj7u_0 m7er_k4 lazyloaded\" src=\"https:\/\/a.allegroimg.com\/original\/111237\/c06726e74dbbb2fd735be302ecbd\/Inflatable-kayak-Aqua-Marina-Laxo-380-3-person-2022-Number-of-Seats-3\" sizes=\"(min-width: 1200px) 560px, (min-width: 992px) 50vw, 100vw\" srcset=\"https:\/\/a.allegroimg.com\/s360\/111237\/c06726e74dbbb2fd735be302ecbd\/Inflatable-kayak-Aqua-Marina-Laxo-380-3-person-2022-Number-of-Seats-3 360w,https:\/\/a.allegroimg.com\/s720\/111237\/c06726e74dbbb2fd735be302ecbd\/Inflatable-kayak-Aqua-Marina-Laxo-380-3-person-2022-Number-of-Seats-3 720w,https:\/\/a.allegroimg.com\/s1024\/111237\/c06726e74dbbb2fd735be302ecbd\/Inflatable-kayak-Aqua-Marina-Laxo-380-3-person-2022-Number-of-Seats-3 1024w,https:\/\/a.allegroimg.com\/s1440\/111237\/c06726e74dbbb2fd735be302ecbd\/Inflatable-kayak-Aqua-Marina-Laxo-380-3-person-2022-Number-of-Seats-3 1440w,https:\/\/a.allegroimg.com\/original\/111237\/c06726e74dbbb2fd735be302ecbd\/Inflatable-kayak-Aqua-Marina-Laxo-380-3-person-2022-Number-of-Seats-3 1500w\" alt=\"Inflatable kayak Aqua Marina Laxo 380 3-person 2022 Number of Seats 3\" width=\"805\" height=\"805\" data-src=\"https:\/\/a.allegroimg.com\/original\/111237\/c06726e74dbbb2fd735be302ecbd\/Inflatable-kayak-Aqua-Marina-Laxo-380-3-person-2022-Number-of-Seats-3\" data-srcset=\"https:\/\/a.allegroimg.com\/s360\/111237\/c06726e74dbbb2fd735be302ecbd\/Inflatable-kayak-Aqua-Marina-Laxo-380-3-person-2022-Number-of-Seats-3 360w,https:\/\/a.allegroimg.com\/s720\/111237\/c06726e74dbbb2fd735be302ecbd\/Inflatable-kayak-Aqua-Marina-Laxo-380-3-person-2022-Number-of-Seats-3 720w,https:\/\/a.allegroimg.com\/s1024\/111237\/c06726e74dbbb2fd735be302ecbd\/Inflatable-kayak-Aqua-Marina-Laxo-380-3-person-2022-Number-of-Seats-3 1024w,https:\/\/a.allegroimg.com\/s1440\/111237\/c06726e74dbbb2fd735be302ecbd\/Inflatable-kayak-Aqua-Marina-Laxo-380-3-person-2022-Number-of-Seats-3 1440w,https:\/\/a.allegroimg.com\/original\/111237\/c06726e74dbbb2fd735be302ecbd\/Inflatable-kayak-Aqua-Marina-Laxo-380-3-person-2022-Number-of-Seats-3 1500w\" \/><\/p>\n<p>LAXO 12&#8217;6&#8243; kayak on m\u00f5eldud s\u00f5itmiseks j\u00f5gedel, j\u00e4rvedel ja meres. See on kujundatud k\u00f5va V-kujulise koonilise kaarega. P\u00f5rand ja tekk on valmistatud eriti j\u00e4igast pol\u00fcestrist, mis t\u00e4hendab suuremat tugevust ja vastupidavust. Sellel on suur pakiruum, mis v\u00f5imaldab teha pikki veereise.<\/p>\n<p>Kajakiga komplektis on pump, uimed, s\u00fcsta aerud ja istmed.<\/p>\n<p><img decoding=\"async\" class=\"msub_k4 mupj_5k mjru_k4 mse2_k4 mp7g_f6 mq1m_0 mj7u_0 m7er_k4 lazyloaded\" src=\"https:\/\/a.allegroimg.com\/original\/11b59c\/706c3fb44c7a86e404af2ed747d1\/Inflatable-kayak-Aqua-Marina-Laxo-380-3-person-2022\" sizes=\"(min-width: 1200px) 560px, (min-width: 992px) 50vw, 100vw\" srcset=\"https:\/\/a.allegroimg.com\/s360\/11b59c\/706c3fb44c7a86e404af2ed747d1\/Inflatable-kayak-Aqua-Marina-Laxo-380-3-person-2022 360w,https:\/\/a.allegroimg.com\/s720\/11b59c\/706c3fb44c7a86e404af2ed747d1\/Inflatable-kayak-Aqua-Marina-Laxo-380-3-person-2022 720w,https:\/\/a.allegroimg.com\/s1024\/11b59c\/706c3fb44c7a86e404af2ed747d1\/Inflatable-kayak-Aqua-Marina-Laxo-380-3-person-2022 1024w,https:\/\/a.allegroimg.com\/s1440\/11b59c\/706c3fb44c7a86e404af2ed747d1\/Inflatable-kayak-Aqua-Marina-Laxo-380-3-person-2022 1440w,https:\/\/a.allegroimg.com\/original\/11b59c\/706c3fb44c7a86e404af2ed747d1\/Inflatable-kayak-Aqua-Marina-Laxo-380-3-person-2022 1500w\" alt=\"Inflatable kayak Aqua Marina Laxo 380 3-person 2022\" width=\"624\" height=\"624\" data-src=\"https:\/\/a.allegroimg.com\/original\/11b59c\/706c3fb44c7a86e404af2ed747d1\/Inflatable-kayak-Aqua-Marina-Laxo-380-3-person-2022\" data-srcset=\"https:\/\/a.allegroimg.com\/s360\/11b59c\/706c3fb44c7a86e404af2ed747d1\/Inflatable-kayak-Aqua-Marina-Laxo-380-3-person-2022 360w,https:\/\/a.allegroimg.com\/s720\/11b59c\/706c3fb44c7a86e404af2ed747d1\/Inflatable-kayak-Aqua-Marina-Laxo-380-3-person-2022 720w,https:\/\/a.allegroimg.com\/s1024\/11b59c\/706c3fb44c7a86e404af2ed747d1\/Inflatable-kayak-Aqua-Marina-Laxo-380-3-person-2022 1024w,https:\/\/a.allegroimg.com\/s1440\/11b59c\/706c3fb44c7a86e404af2ed747d1\/Inflatable-kayak-Aqua-Marina-Laxo-380-3-person-2022 1440w,https:\/\/a.allegroimg.com\/original\/11b59c\/706c3fb44c7a86e404af2ed747d1\/Inflatable-kayak-Aqua-Marina-Laxo-380-3-person-2022 1500w\" \/><\/p>\n<p>&nbsp;<\/p>\n<h3>SPETSIFIKATSIOON:<\/h3>\n<p>Mudel: LA-380<br \/>\nM\u00f5\u00f5dud: 380&#215;90 cm<br \/>\nReisijate arv: 3<br \/>\nS\u00fcsta kaal: 17,5 kg<br \/>\nKandev\u00f5ime: 210 kg<br \/>\n\u00d5hukambrite arv: 2+1<br \/>\nT\u00fchjendusventiilid: 1<br \/>\nUimed: 2 s\u00fcsta uimed<\/p>\n<h3>TARVIKUD:<\/h3>\n<p>Pump<br \/>\nKajaki seljakott<br \/>\n2x kanuu uimed<br \/>\n3x s\u00fcstaistmed<br \/>\n2x KP-1 s\u00fcstaaer<\/p>\n<div class=\"mpof_ki myre_zn myre_8v_l m389_6m_l\">\n<div class=\"mp4t_16_s mryx_16_s mr3m_1 mli2_1 mh85_56 mh85_0_l\">\n<div class=\"mg9e_8 mj7a_8 mg9e_0_s mvrt_0_s mj7a_0_s mh36_0_s mzmg_6m munh_16_l m3h2_16_l\">\n<div class=\"mp4t_0 mryx_0 munh_56 m3h2_56\">\n<div class=\"mp7g_oh\"><\/div>\n<\/div>\n<\/div>\n<\/div>\n<div class=\"mp4t_16_s mryx_16_s mr3m_1 mli2_1 mh85_56 mh85_0_l\">\n<div class=\"mg9e_8 mj7a_8 mg9e_0_s mvrt_0_s mj7a_0_s mh36_0_s mzmg_6m munh_16_l m3h2_16_l\">\n<div class=\"mp4t_0 mryx_0 munh_56 m3h2_56\">\n<div class=\"mp7g_oh\"><img decoding=\"async\" class=\"msub_k4 mupj_5k mjru_k4 mse2_k4 mp7g_f6 mq1m_0 mj7u_0 m7er_k4 lazyloaded\" src=\"https:\/\/a.allegroimg.com\/original\/1103c7\/7e39c5594f899326d2ec03d50671\/Inflatable-kayak-Aqua-Marina-Laxo-380-3-person-2022-Material-Other\" sizes=\"(min-width: 1200px) 560px, (min-width: 992px) 50vw, 100vw\" srcset=\"https:\/\/a.allegroimg.com\/s360\/1103c7\/7e39c5594f899326d2ec03d50671\/Inflatable-kayak-Aqua-Marina-Laxo-380-3-person-2022-Material-Other 360w,https:\/\/a.allegroimg.com\/s720\/1103c7\/7e39c5594f899326d2ec03d50671\/Inflatable-kayak-Aqua-Marina-Laxo-380-3-person-2022-Material-Other 720w,https:\/\/a.allegroimg.com\/s1024\/1103c7\/7e39c5594f899326d2ec03d50671\/Inflatable-kayak-Aqua-Marina-Laxo-380-3-person-2022-Material-Other 1024w,https:\/\/a.allegroimg.com\/s1440\/1103c7\/7e39c5594f899326d2ec03d50671\/Inflatable-kayak-Aqua-Marina-Laxo-380-3-person-2022-Material-Other 1440w,https:\/\/a.allegroimg.com\/original\/1103c7\/7e39c5594f899326d2ec03d50671\/Inflatable-kayak-Aqua-Marina-Laxo-380-3-person-2022-Material-Other 1500w\" alt=\"Inflatable kayak Aqua Marina Laxo 380 3-person 2022 Material Other\" width=\"856\" height=\"856\" data-src=\"https:\/\/a.allegroimg.com\/original\/1103c7\/7e39c5594f899326d2ec03d50671\/Inflatable-kayak-Aqua-Marina-Laxo-380-3-person-2022-Material-Other\" data-srcset=\"https:\/\/a.allegroimg.com\/s360\/1103c7\/7e39c5594f899326d2ec03d50671\/Inflatable-kayak-Aqua-Marina-Laxo-380-3-person-2022-Material-Other 360w,https:\/\/a.allegroimg.com\/s720\/1103c7\/7e39c5594f899326d2ec03d50671\/Inflatable-kayak-Aqua-Marina-Laxo-380-3-person-2022-Material-Other 720w,https:\/\/a.allegroimg.com\/s1024\/1103c7\/7e39c5594f899326d2ec03d50671\/Inflatable-kayak-Aqua-Marina-Laxo-380-3-person-2022-Material-Other 1024w,https:\/\/a.allegroimg.com\/s1440\/1103c7\/7e39c5594f899326d2ec03d50671\/Inflatable-kayak-Aqua-Marina-Laxo-380-3-person-2022-Material-Other 1440w,https:\/\/a.allegroimg.com\/original\/1103c7\/7e39c5594f899326d2ec03d50671\/Inflatable-kayak-Aqua-Marina-Laxo-380-3-person-2022-Material-Other 1500w\" \/><\/div>\n<\/div>\n<\/div>\n<\/div>\n<\/div>\n<div class=\"mpof_ki myre_zn myre_8v_l m389_6m_l\">\n<div class=\"mp4t_16_s mryx_16_s mr3m_1 mli2_1 mh85_56 mh85_0_l\">\n<div class=\"mg9e_8 mj7a_8 mg9e_0_s mvrt_0_s mj7a_0_s mh36_0_s mzmg_6m munh_16_l m3h2_16_l\">\n<div class=\"mp4t_0 mryx_0 munh_56 m3h2_56\">\n<div class=\"mp7g_oh\"><img loading=\"lazy\" decoding=\"async\" class=\"msub_k4 mupj_5k mjru_k4 mse2_k4 mp7g_f6 mq1m_0 mj7u_0 m7er_k4 lazyloaded\" src=\"https:\/\/a.allegroimg.com\/original\/11963b\/2991b17e4f0698afc09f2701f35c\/Inflatable-kayak-Aqua-Marina-Laxo-380-3-person-2022-Length-380-cm\" sizes=\"(min-width: 1200px) 560px, (min-width: 992px) 50vw, 100vw\" srcset=\"https:\/\/a.allegroimg.com\/s360\/11963b\/2991b17e4f0698afc09f2701f35c\/Inflatable-kayak-Aqua-Marina-Laxo-380-3-person-2022-Length-380-cm 360w,https:\/\/a.allegroimg.com\/s720\/11963b\/2991b17e4f0698afc09f2701f35c\/Inflatable-kayak-Aqua-Marina-Laxo-380-3-person-2022-Length-380-cm 720w,https:\/\/a.allegroimg.com\/s1024\/11963b\/2991b17e4f0698afc09f2701f35c\/Inflatable-kayak-Aqua-Marina-Laxo-380-3-person-2022-Length-380-cm 1024w,https:\/\/a.allegroimg.com\/s1440\/11963b\/2991b17e4f0698afc09f2701f35c\/Inflatable-kayak-Aqua-Marina-Laxo-380-3-person-2022-Length-380-cm 1440w,https:\/\/a.allegroimg.com\/original\/11963b\/2991b17e4f0698afc09f2701f35c\/Inflatable-kayak-Aqua-Marina-Laxo-380-3-person-2022-Length-380-cm 1500w\" alt=\"Inflatable kayak Aqua Marina Laxo 380 3-person 2022 Length 380 cm\" width=\"850\" height=\"850\" data-src=\"https:\/\/a.allegroimg.com\/original\/11963b\/2991b17e4f0698afc09f2701f35c\/Inflatable-kayak-Aqua-Marina-Laxo-380-3-person-2022-Length-380-cm\" data-srcset=\"https:\/\/a.allegroimg.com\/s360\/11963b\/2991b17e4f0698afc09f2701f35c\/Inflatable-kayak-Aqua-Marina-Laxo-380-3-person-2022-Length-380-cm 360w,https:\/\/a.allegroimg.com\/s720\/11963b\/2991b17e4f0698afc09f2701f35c\/Inflatable-kayak-Aqua-Marina-Laxo-380-3-person-2022-Length-380-cm 720w,https:\/\/a.allegroimg.com\/s1024\/11963b\/2991b17e4f0698afc09f2701f35c\/Inflatable-kayak-Aqua-Marina-Laxo-380-3-person-2022-Length-380-cm 1024w,https:\/\/a.allegroimg.com\/s1440\/11963b\/2991b17e4f0698afc09f2701f35c\/Inflatable-kayak-Aqua-Marina-Laxo-380-3-person-2022-Length-380-cm 1440w,https:\/\/a.allegroimg.com\/original\/11963b\/2991b17e4f0698afc09f2701f35c\/Inflatable-kayak-Aqua-Marina-Laxo-380-3-person-2022-Length-380-cm 1500w\" \/><\/div>\n<\/div>\n<\/div>\n<\/div>\n<div class=\"mp4t_16_s mryx_16_s mr3m_1 mli2_1 mh85_56 mh85_0_l\">\n<div class=\"mg9e_8 mj7a_8 mg9e_0_s mvrt_0_s mj7a_0_s mh36_0_s mzmg_6m munh_16_l m3h2_16_l\">\n<div class=\"mp4t_0 mryx_0 munh_56 m3h2_56\">\n<div class=\"mp7g_oh\"><\/div>\n<\/div>\n<\/div>\n<\/div>\n<\/div>\n<div class=\"mpof_ki myre_zn myre_8v_l m389_6m_l\">\n<div class=\"mp4t_16_s mryx_16_s mr3m_1 mli2_1 mh85_56 mh85_0_l\">\n<div class=\"mg9e_8 mj7a_8 mg9e_0_s mvrt_0_s mj7a_0_s mh36_0_s mzmg_6m munh_16_l m3h2_16_l\">\n<div class=\"mp4t_0 mryx_0 munh_56 m3h2_56\">\n<div class=\"mp7g_oh\"><img loading=\"lazy\" decoding=\"async\" class=\"msub_k4 mupj_5k mjru_k4 mse2_k4 mp7g_f6 mq1m_0 mj7u_0 m7er_k4 lazyloaded\" src=\"https:\/\/a.allegroimg.com\/original\/11faa5\/98e27ff54c7490ce05de714981b4\/Inflatable-kayak-Aqua-Marina-Laxo-380-3-person-2022-Weight-17-5-kg\" sizes=\"(min-width: 1200px) 560px, (min-width: 992px) 50vw, 100vw\" srcset=\"https:\/\/a.allegroimg.com\/s360\/11faa5\/98e27ff54c7490ce05de714981b4\/Inflatable-kayak-Aqua-Marina-Laxo-380-3-person-2022-Weight-17-5-kg 360w,https:\/\/a.allegroimg.com\/s720\/11faa5\/98e27ff54c7490ce05de714981b4\/Inflatable-kayak-Aqua-Marina-Laxo-380-3-person-2022-Weight-17-5-kg 720w,https:\/\/a.allegroimg.com\/s1024\/11faa5\/98e27ff54c7490ce05de714981b4\/Inflatable-kayak-Aqua-Marina-Laxo-380-3-person-2022-Weight-17-5-kg 1024w,https:\/\/a.allegroimg.com\/s1440\/11faa5\/98e27ff54c7490ce05de714981b4\/Inflatable-kayak-Aqua-Marina-Laxo-380-3-person-2022-Weight-17-5-kg 1440w,https:\/\/a.allegroimg.com\/original\/11faa5\/98e27ff54c7490ce05de714981b4\/Inflatable-kayak-Aqua-Marina-Laxo-380-3-person-2022-Weight-17-5-kg 1500w\" alt=\"Inflatable kayak Aqua Marina Laxo 380 3-person 2022 Weight 17.5 kg\" width=\"732\" height=\"732\" data-src=\"https:\/\/a.allegroimg.com\/original\/11faa5\/98e27ff54c7490ce05de714981b4\/Inflatable-kayak-Aqua-Marina-Laxo-380-3-person-2022-Weight-17-5-kg\" data-srcset=\"https:\/\/a.allegroimg.com\/s360\/11faa5\/98e27ff54c7490ce05de714981b4\/Inflatable-kayak-Aqua-Marina-Laxo-380-3-person-2022-Weight-17-5-kg 360w,https:\/\/a.allegroimg.com\/s720\/11faa5\/98e27ff54c7490ce05de714981b4\/Inflatable-kayak-Aqua-Marina-Laxo-380-3-person-2022-Weight-17-5-kg 720w,https:\/\/a.allegroimg.com\/s1024\/11faa5\/98e27ff54c7490ce05de714981b4\/Inflatable-kayak-Aqua-Marina-Laxo-380-3-person-2022-Weight-17-5-kg 1024w,https:\/\/a.allegroimg.com\/s1440\/11faa5\/98e27ff54c7490ce05de714981b4\/Inflatable-kayak-Aqua-Marina-Laxo-380-3-person-2022-Weight-17-5-kg 1440w,https:\/\/a.allegroimg.com\/original\/11faa5\/98e27ff54c7490ce05de714981b4\/Inflatable-kayak-Aqua-Marina-Laxo-380-3-person-2022-Weight-17-5-kg 1500w\" \/><\/div>\n<\/div>\n<\/div>\n<\/div>\n<div class=\"mp4t_16_s mryx_16_s mr3m_1 mli2_1 mh85_56 mh85_0_l\">\n<div class=\"mg9e_8 mj7a_8 mg9e_0_s mvrt_0_s mj7a_0_s mh36_0_s mzmg_6m munh_16_l m3h2_16_l\">\n<div class=\"mp4t_0 mryx_0 munh_56 m3h2_56\">\n<div class=\"mp7g_oh\"><img loading=\"lazy\" decoding=\"async\" class=\"msub_k4 mupj_5k mjru_k4 mse2_k4 mp7g_f6 mq1m_0 mj7u_0 m7er_k4 lazyloaded\" src=\"https:\/\/a.allegroimg.com\/original\/11daf7\/56418a2e4455bc6ec6a36a3f735d\" sizes=\"(min-width: 1200px) 560px, (min-width: 992px) 50vw, 100vw\" srcset=\"https:\/\/a.allegroimg.com\/s360\/11daf7\/56418a2e4455bc6ec6a36a3f735d 360w,https:\/\/a.allegroimg.com\/s720\/11daf7\/56418a2e4455bc6ec6a36a3f735d 720w,https:\/\/a.allegroimg.com\/s1024\/11daf7\/56418a2e4455bc6ec6a36a3f735d 1024w,https:\/\/a.allegroimg.com\/s1440\/11daf7\/56418a2e4455bc6ec6a36a3f735d 1440w,https:\/\/a.allegroimg.com\/original\/11daf7\/56418a2e4455bc6ec6a36a3f735d 1500w\" alt=\"\" width=\"730\" height=\"730\" data-src=\"https:\/\/a.allegroimg.com\/original\/11daf7\/56418a2e4455bc6ec6a36a3f735d\" data-srcset=\"https:\/\/a.allegroimg.com\/s360\/11daf7\/56418a2e4455bc6ec6a36a3f735d 360w,https:\/\/a.allegroimg.com\/s720\/11daf7\/56418a2e4455bc6ec6a36a3f735d 720w,https:\/\/a.allegroimg.com\/s1024\/11daf7\/56418a2e4455bc6ec6a36a3f735d 1024w,https:\/\/a.allegroimg.com\/s1440\/11daf7\/56418a2e4455bc6ec6a36a3f735d 1440w,https:\/\/a.allegroimg.com\/original\/11daf7\/56418a2e4455bc6ec6a36a3f735d 1500w\" \/><\/div>\n<\/div>\n<\/div>\n<\/div>\n<\/div>\n<div class=\"mpof_ki myre_zn myre_8v_l m389_6m_l\">\n<div class=\"mp4t_16_s mryx_16_s mr3m_1 mli2_1 mh85_56 mh85_0_l\">\n<div class=\"mg9e_8 mj7a_8 mg9e_0_s mvrt_0_s mj7a_0_s mh36_0_s mzmg_6m munh_16_l m3h2_16_l\">\n<div class=\"mp4t_0 mryx_0 munh_56 m3h2_56\">\n<div class=\"mp7g_oh\"><\/div>\n<\/div>\n<\/div>\n<\/div>\n<div class=\"mp4t_16_s mryx_16_s mr3m_1 mli2_1 mh85_56 mh85_0_l\">\n<div class=\"mg9e_8 mj7a_8 mg9e_0_s mvrt_0_s mj7a_0_s mh36_0_s mzmg_6m munh_16_l m3h2_16_l\">\n<div class=\"mp4t_0 mryx_0 munh_56 m3h2_56\">\n<div class=\"mp7g_oh\"><\/div>\n<\/div>\n<\/div>\n<\/div>\n<\/div>\n","protected":false},"excerpt":{"rendered":"<p><strong>T\u00e4ispuhutav Kayak Aqua marina Laxo 380 cm<\/strong><\/p>\n<ul>\n<li>M\u00f5\u00f5dud: 380&#215;90 cm<\/li>\n<li>Reisijate arv: 3<\/li>\n<li>S\u00fcsta kaal: 17,5 kg<\/li>\n<li>Kandev\u00f5ime: 210 kg<\/li>\n<li>\u00d5hukambrite arv: 2+1<\/li>\n<li>T\u00fchjendusventiilid: 1<\/li>\n<li>Uimed: 2 s\u00fcsta uimed<\/li>\n<\/ul>\n<p>\u2666\u00a0<strong>Tarneaeg 2-6 p\u00e4eva<\/strong><br \/>\n\u2666\u00a0<strong>Laos<\/strong><\/p>\n","protected":false},"featured_media":11527,"template":"","meta":[],"product_cat":[1761],"product_tag":[],"class_list":{"0":"post-11526","1":"product","2":"type-product","3":"status-publish","4":"has-post-thumbnail","6":"product_cat-kayak","8":"first","9":"instock","10":"taxable","11":"shipping-taxable","12":"purchasable","13":"product-type-simple"},"yoast_head":"<!-- This site is optimized with the Yoast SEO plugin v23.8 - https:\/\/yoast.com\/wordpress\/plugins\/seo\/ -->\n<title>T\u00e4ispuhutav Kayak Aqua marina Laxo 380 cm 3 istekohta - Ecocruiser<\/title>\n<meta name=\"robots\" content=\"noindex, follow, max-snippet:-1, max-image-preview:large, max-video-preview:-1\" \/>\n<meta property=\"og:locale\" content=\"en_GB\" \/>\n<meta property=\"og:type\" content=\"article\" \/>\n<meta property=\"og:title\" content=\"T\u00e4ispuhutav Kayak Aqua marina Laxo 380 cm 3 istekohta - Ecocruiser\" \/>\n<meta property=\"og:description\" content=\"T\u00e4ispuhutav Kayak Aqua marina Laxo 380 cm   M\u00f5\u00f5dud: 380x90 cm  Reisijate arv: 3  S\u00fcsta kaal: 17,5 kg  Kandev\u00f5ime: 210 kg  \u00d5hukambrite arv: 2+1  T\u00fchjendusventiilid: 1  Uimed: 2 s\u00fcsta uimed  \u2666\u00a0Tarneaeg 2-6 p\u00e4eva \u2666\u00a0Laos\" \/>\n<meta property=\"og:url\" content=\"https:\/\/projekt.vombat.ee\/eco\/pood\/kayak\/taispuhutav-kayak-aqua-marina-laxo-380-cm-3-istekohta\/\" \/>\n<meta property=\"og:site_name\" content=\"Ecocruiser\" \/>\n<meta property=\"article:modified_time\" content=\"2023-07-28T20:22:20+00:00\" \/>\n<meta property=\"og:image\" content=\"https:\/\/projekt.vombat.ee\/eco\/wp-content\/uploads\/2023\/07\/1-10.jpg\" \/>\n\t<meta property=\"og:image:width\" content=\"1172\" \/>\n\t<meta property=\"og:image:height\" content=\"896\" \/>\n\t<meta property=\"og:image:type\" content=\"image\/jpeg\" \/>\n<meta name=\"twitter:card\" content=\"summary_large_image\" \/>\n<meta name=\"twitter:label1\" content=\"Estimated reading time\" \/>\n\t<meta name=\"twitter:data1\" content=\"2 minutes\" \/>\n<script type=\"application\/ld+json\" class=\"yoast-schema-graph\">{\"@context\":\"https:\/\/schema.org\",\"@graph\":[{\"@type\":\"WebPage\",\"@id\":\"https:\/\/projekt.vombat.ee\/eco\/pood\/kayak\/taispuhutav-kayak-aqua-marina-laxo-380-cm-3-istekohta\/\",\"url\":\"https:\/\/projekt.vombat.ee\/eco\/pood\/kayak\/taispuhutav-kayak-aqua-marina-laxo-380-cm-3-istekohta\/\",\"name\":\"T\u00e4ispuhutav Kayak Aqua marina Laxo 380 cm 3 istekohta - Ecocruiser\",\"isPartOf\":{\"@id\":\"https:\/\/projekt.vombat.ee\/eco\/#website\"},\"primaryImageOfPage\":{\"@id\":\"https:\/\/projekt.vombat.ee\/eco\/pood\/kayak\/taispuhutav-kayak-aqua-marina-laxo-380-cm-3-istekohta\/#primaryimage\"},\"image\":{\"@id\":\"https:\/\/projekt.vombat.ee\/eco\/pood\/kayak\/taispuhutav-kayak-aqua-marina-laxo-380-cm-3-istekohta\/#primaryimage\"},\"thumbnailUrl\":\"https:\/\/projekt.vombat.ee\/eco\/wp-content\/uploads\/2023\/07\/1-10.jpg\",\"datePublished\":\"2023-07-28T20:22:19+00:00\",\"dateModified\":\"2023-07-28T20:22:20+00:00\",\"breadcrumb\":{\"@id\":\"https:\/\/projekt.vombat.ee\/eco\/pood\/kayak\/taispuhutav-kayak-aqua-marina-laxo-380-cm-3-istekohta\/#breadcrumb\"},\"inLanguage\":\"en-GB\",\"potentialAction\":[{\"@type\":\"ReadAction\",\"target\":[\"https:\/\/projekt.vombat.ee\/eco\/pood\/kayak\/taispuhutav-kayak-aqua-marina-laxo-380-cm-3-istekohta\/\"]}]},{\"@type\":\"ImageObject\",\"inLanguage\":\"en-GB\",\"@id\":\"https:\/\/projekt.vombat.ee\/eco\/pood\/kayak\/taispuhutav-kayak-aqua-marina-laxo-380-cm-3-istekohta\/#primaryimage\",\"url\":\"https:\/\/projekt.vombat.ee\/eco\/wp-content\/uploads\/2023\/07\/1-10.jpg\",\"contentUrl\":\"https:\/\/projekt.vombat.ee\/eco\/wp-content\/uploads\/2023\/07\/1-10.jpg\",\"width\":1172,\"height\":896},{\"@type\":\"BreadcrumbList\",\"@id\":\"https:\/\/projekt.vombat.ee\/eco\/pood\/kayak\/taispuhutav-kayak-aqua-marina-laxo-380-cm-3-istekohta\/#breadcrumb\",\"itemListElement\":[{\"@type\":\"ListItem\",\"position\":1,\"name\":\"Home\",\"item\":\"https:\/\/projekt.vombat.ee\/eco\/\"},{\"@type\":\"ListItem\",\"position\":2,\"name\":\"Pood\",\"item\":\"https:\/\/projekt.vombat.ee\/eco\/pood\/\"},{\"@type\":\"ListItem\",\"position\":3,\"name\":\"T\u00e4ispuhutav Kayak Aqua marina Laxo 380 cm 3 istekohta\"}]},{\"@type\":\"WebSite\",\"@id\":\"https:\/\/projekt.vombat.ee\/eco\/#website\",\"url\":\"https:\/\/projekt.vombat.ee\/eco\/\",\"name\":\"Ecocruiser\",\"description\":\"\",\"publisher\":{\"@id\":\"https:\/\/projekt.vombat.ee\/eco\/#organization\"},\"potentialAction\":[{\"@type\":\"SearchAction\",\"target\":{\"@type\":\"EntryPoint\",\"urlTemplate\":\"https:\/\/projekt.vombat.ee\/eco\/?s={search_term_string}\"},\"query-input\":{\"@type\":\"PropertyValueSpecification\",\"valueRequired\":true,\"valueName\":\"search_term_string\"}}],\"inLanguage\":\"en-GB\"},{\"@type\":\"Organization\",\"@id\":\"https:\/\/projekt.vombat.ee\/eco\/#organization\",\"name\":\"Ecocruiser\",\"url\":\"https:\/\/projekt.vombat.ee\/eco\/\",\"logo\":{\"@type\":\"ImageObject\",\"inLanguage\":\"en-GB\",\"@id\":\"https:\/\/projekt.vombat.ee\/eco\/#\/schema\/logo\/image\/\",\"url\":\"https:\/\/projekt.vombat.ee\/eco\/wp-content\/uploads\/2023\/03\/ECOCRUISER_5.png\",\"contentUrl\":\"https:\/\/projekt.vombat.ee\/eco\/wp-content\/uploads\/2023\/03\/ECOCRUISER_5.png\",\"width\":234,\"height\":91,\"caption\":\"Ecocruiser\"},\"image\":{\"@id\":\"https:\/\/projekt.vombat.ee\/eco\/#\/schema\/logo\/image\/\"}}]}<\/script>\n<!-- \/ Yoast SEO plugin. -->","yoast_head_json":{"title":"T\u00e4ispuhutav Kayak Aqua marina Laxo 380 cm 3 istekohta - Ecocruiser","robots":{"index":"noindex","follow":"follow","max-snippet":"max-snippet:-1","max-image-preview":"max-image-preview:large","max-video-preview":"max-video-preview:-1"},"og_locale":"en_GB","og_type":"article","og_title":"T\u00e4ispuhutav Kayak Aqua marina Laxo 380 cm 3 istekohta - Ecocruiser","og_description":"T\u00e4ispuhutav Kayak Aqua marina Laxo 380 cm   M\u00f5\u00f5dud: 380x90 cm  Reisijate arv: 3  S\u00fcsta kaal: 17,5 kg  Kandev\u00f5ime: 210 kg  \u00d5hukambrite arv: 2+1  T\u00fchjendusventiilid: 1  Uimed: 2 s\u00fcsta uimed  \u2666\u00a0Tarneaeg 2-6 p\u00e4eva \u2666\u00a0Laos","og_url":"https:\/\/projekt.vombat.ee\/eco\/pood\/kayak\/taispuhutav-kayak-aqua-marina-laxo-380-cm-3-istekohta\/","og_site_name":"Ecocruiser","article_modified_time":"2023-07-28T20:22:20+00:00","og_image":[{"width":1172,"height":896,"url":"https:\/\/projekt.vombat.ee\/eco\/wp-content\/uploads\/2023\/07\/1-10.jpg","type":"image\/jpeg"}],"twitter_card":"summary_large_image","twitter_misc":{"Estimated reading time":"2 minutes"},"schema":{"@context":"https:\/\/schema.org","@graph":[{"@type":"WebPage","@id":"https:\/\/projekt.vombat.ee\/eco\/pood\/kayak\/taispuhutav-kayak-aqua-marina-laxo-380-cm-3-istekohta\/","url":"https:\/\/projekt.vombat.ee\/eco\/pood\/kayak\/taispuhutav-kayak-aqua-marina-laxo-380-cm-3-istekohta\/","name":"T\u00e4ispuhutav Kayak Aqua marina Laxo 380 cm 3 istekohta - Ecocruiser","isPartOf":{"@id":"https:\/\/projekt.vombat.ee\/eco\/#website"},"primaryImageOfPage":{"@id":"https:\/\/projekt.vombat.ee\/eco\/pood\/kayak\/taispuhutav-kayak-aqua-marina-laxo-380-cm-3-istekohta\/#primaryimage"},"image":{"@id":"https:\/\/projekt.vombat.ee\/eco\/pood\/kayak\/taispuhutav-kayak-aqua-marina-laxo-380-cm-3-istekohta\/#primaryimage"},"thumbnailUrl":"https:\/\/projekt.vombat.ee\/eco\/wp-content\/uploads\/2023\/07\/1-10.jpg","datePublished":"2023-07-28T20:22:19+00:00","dateModified":"2023-07-28T20:22:20+00:00","breadcrumb":{"@id":"https:\/\/projekt.vombat.ee\/eco\/pood\/kayak\/taispuhutav-kayak-aqua-marina-laxo-380-cm-3-istekohta\/#breadcrumb"},"inLanguage":"en-GB","potentialAction":[{"@type":"ReadAction","target":["https:\/\/projekt.vombat.ee\/eco\/pood\/kayak\/taispuhutav-kayak-aqua-marina-laxo-380-cm-3-istekohta\/"]}]},{"@type":"ImageObject","inLanguage":"en-GB","@id":"https:\/\/projekt.vombat.ee\/eco\/pood\/kayak\/taispuhutav-kayak-aqua-marina-laxo-380-cm-3-istekohta\/#primaryimage","url":"https:\/\/projekt.vombat.ee\/eco\/wp-content\/uploads\/2023\/07\/1-10.jpg","contentUrl":"https:\/\/projekt.vombat.ee\/eco\/wp-content\/uploads\/2023\/07\/1-10.jpg","width":1172,"height":896},{"@type":"BreadcrumbList","@id":"https:\/\/projekt.vombat.ee\/eco\/pood\/kayak\/taispuhutav-kayak-aqua-marina-laxo-380-cm-3-istekohta\/#breadcrumb","itemListElement":[{"@type":"ListItem","position":1,"name":"Home","item":"https:\/\/projekt.vombat.ee\/eco\/"},{"@type":"ListItem","position":2,"name":"Pood","item":"https:\/\/projekt.vombat.ee\/eco\/pood\/"},{"@type":"ListItem","position":3,"name":"T\u00e4ispuhutav Kayak Aqua marina Laxo 380 cm 3 istekohta"}]},{"@type":"WebSite","@id":"https:\/\/projekt.vombat.ee\/eco\/#website","url":"https:\/\/projekt.vombat.ee\/eco\/","name":"Ecocruiser","description":"","publisher":{"@id":"https:\/\/projekt.vombat.ee\/eco\/#organization"},"potentialAction":[{"@type":"SearchAction","target":{"@type":"EntryPoint","urlTemplate":"https:\/\/projekt.vombat.ee\/eco\/?s={search_term_string}"},"query-input":{"@type":"PropertyValueSpecification","valueRequired":true,"valueName":"search_term_string"}}],"inLanguage":"en-GB"},{"@type":"Organization","@id":"https:\/\/projekt.vombat.ee\/eco\/#organization","name":"Ecocruiser","url":"https:\/\/projekt.vombat.ee\/eco\/","logo":{"@type":"ImageObject","inLanguage":"en-GB","@id":"https:\/\/projekt.vombat.ee\/eco\/#\/schema\/logo\/image\/","url":"https:\/\/projekt.vombat.ee\/eco\/wp-content\/uploads\/2023\/03\/ECOCRUISER_5.png","contentUrl":"https:\/\/projekt.vombat.ee\/eco\/wp-content\/uploads\/2023\/03\/ECOCRUISER_5.png","width":234,"height":91,"caption":"Ecocruiser"},"image":{"@id":"https:\/\/projekt.vombat.ee\/eco\/#\/schema\/logo\/image\/"}}]}},"lang":"et","translations":{"et":11526},"pll_sync_post":[],"_links":{"self":[{"href":"https:\/\/projekt.vombat.ee\/eco\/wp-json\/wp\/v2\/product\/11526"}],"collection":[{"href":"https:\/\/projekt.vombat.ee\/eco\/wp-json\/wp\/v2\/product"}],"about":[{"href":"https:\/\/projekt.vombat.ee\/eco\/wp-json\/wp\/v2\/types\/product"}],"version-history":[{"count":1,"href":"https:\/\/projekt.vombat.ee\/eco\/wp-json\/wp\/v2\/product\/11526\/revisions"}],"predecessor-version":[{"id":11531,"href":"https:\/\/projekt.vombat.ee\/eco\/wp-json\/wp\/v2\/product\/11526\/revisions\/11531"}],"wp:featuredmedia":[{"embeddable":true,"href":"https:\/\/projekt.vombat.ee\/eco\/wp-json\/wp\/v2\/media\/11527"}],"wp:attachment":[{"href":"https:\/\/projekt.vombat.ee\/eco\/wp-json\/wp\/v2\/media?parent=11526"}],"wp:term":[{"taxonomy":"product_cat","embeddable":true,"href":"https:\/\/projekt.vombat.ee\/eco\/wp-json\/wp\/v2\/product_cat?post=11526"},{"taxonomy":"product_tag","embeddable":true,"href":"https:\/\/projekt.vombat.ee\/eco\/wp-json\/wp\/v2\/product_tag?post=11526"}],"curies":[{"name":"wp","href":"https:\/\/api.w.org\/{rel}","templated":true}]}}