{"id":11455,"date":"2023-07-25T15:53:31","date_gmt":"2023-07-25T15:53:31","guid":{"rendered":"https:\/\/projekt.vombat.ee\/eco\/?post_type=product&#038;p=11455"},"modified":"2024-05-19T10:04:08","modified_gmt":"2024-05-19T10:04:08","slug":"xiaomi-pro-2-elektriline-toukeratas-45km","status":"publish","type":"product","link":"https:\/\/projekt.vombat.ee\/eco\/pood\/elektritoukerattad\/linna-toukerattad\/xiaomi-pro-2-elektriline-toukeratas-45km\/","title":{"rendered":"Ecocruiser T4 Pro elektriline t\u00f5ukeratas, 45km"},"content":{"rendered":"<h1>Ecocruiser T4 Pro elektriline t\u00f5ukeratas, 45km<\/h1>\n<h3><img fetchpriority=\"high\" decoding=\"async\" class=\"msub_k4 mupj_5k mjru_k4 mse2_k4 mp7g_f6 mq1m_0 mj7u_0 m7er_k4 lazyloaded\" src=\"https:\/\/a.allegroimg.com\/original\/11e1aa\/d003cd6e4509be059998e379df6a\/Hulajnoga-Elektryczny-HT-T4-Pro-350W-10-4Ah-APP-Weight-15-kg\" sizes=\"100vw\" srcset=\"https:\/\/a.allegroimg.com\/s360\/11e1aa\/d003cd6e4509be059998e379df6a\/Hulajnoga-Elektryczny-HT-T4-Pro-350W-10-4Ah-APP-Weight-15-kg 360w,https:\/\/a.allegroimg.com\/s720\/11e1aa\/d003cd6e4509be059998e379df6a\/Hulajnoga-Elektryczny-HT-T4-Pro-350W-10-4Ah-APP-Weight-15-kg 720w,https:\/\/a.allegroimg.com\/s1024\/11e1aa\/d003cd6e4509be059998e379df6a\/Hulajnoga-Elektryczny-HT-T4-Pro-350W-10-4Ah-APP-Weight-15-kg 1024w,https:\/\/a.allegroimg.com\/s1440\/11e1aa\/d003cd6e4509be059998e379df6a\/Hulajnoga-Elektryczny-HT-T4-Pro-350W-10-4Ah-APP-Weight-15-kg 1440w,https:\/\/a.allegroimg.com\/original\/11e1aa\/d003cd6e4509be059998e379df6a\/Hulajnoga-Elektryczny-HT-T4-Pro-350W-10-4Ah-APP-Weight-15-kg 1920w\" alt=\"Hulajnoga Elektryczny HT-T4 Pro 350W 10.4Ah APP Weight 15 kg\" width=\"843\" height=\"527\" data-src=\"https:\/\/a.allegroimg.com\/original\/11e1aa\/d003cd6e4509be059998e379df6a\/Hulajnoga-Elektryczny-HT-T4-Pro-350W-10-4Ah-APP-Weight-15-kg\" data-srcset=\"https:\/\/a.allegroimg.com\/s360\/11e1aa\/d003cd6e4509be059998e379df6a\/Hulajnoga-Elektryczny-HT-T4-Pro-350W-10-4Ah-APP-Weight-15-kg 360w,https:\/\/a.allegroimg.com\/s720\/11e1aa\/d003cd6e4509be059998e379df6a\/Hulajnoga-Elektryczny-HT-T4-Pro-350W-10-4Ah-APP-Weight-15-kg 720w,https:\/\/a.allegroimg.com\/s1024\/11e1aa\/d003cd6e4509be059998e379df6a\/Hulajnoga-Elektryczny-HT-T4-Pro-350W-10-4Ah-APP-Weight-15-kg 1024w,https:\/\/a.allegroimg.com\/s1440\/11e1aa\/d003cd6e4509be059998e379df6a\/Hulajnoga-Elektryczny-HT-T4-Pro-350W-10-4Ah-APP-Weight-15-kg 1440w,https:\/\/a.allegroimg.com\/original\/11e1aa\/d003cd6e4509be059998e379df6a\/Hulajnoga-Elektryczny-HT-T4-Pro-350W-10-4Ah-APP-Weight-15-kg 1920w\" \/><\/h3>\n<h3>Ecocruiser T4 Pro on varustatud LED-ekraaniga, mis kuvab s\u00f5idukiirust, akut ja s\u00f5idure\u017eiimi.<\/h3>\n<p>T\u00f5ukeratas on varustatud s\u00f5idure\u017eiimidega:<\/p>\n<p><strong>1. ECO re\u017eiim: 15 KM\/H\u00a0<\/strong><\/p>\n<p><strong>2. S\u00f5idure\u017eiim: 20 KM\/H<\/strong><\/p>\n<p><strong>3. Sportre\u017eiim: 25 KM\/H<\/strong><\/p>\n<p>Neid erinevaid s\u00f5idure\u017eiime saab muuta, vajutades kaks korda toitenuppu.<\/p>\n<p>Valguse sissel\u00fclitamiseks vajutage toitenuppu, kui roller on sisse l\u00fclitatud.<\/p>\n<p><img decoding=\"async\" class=\"msub_k4 mupj_5k mjru_k4 mse2_k4 mp7g_f6 mq1m_0 mj7u_0 m7er_k4 lazyloaded\" src=\"https:\/\/a.allegroimg.com\/original\/116995\/690a9c1349f28ec30efe72796fac\/Folding-E-Scooter-8-5inch-T4Pro-10-4AH-350W-30km-h-Number-of-Wheels-2\" sizes=\"(min-width: 1200px) 560px, (min-width: 992px) 50vw, 100vw\" srcset=\"https:\/\/a.allegroimg.com\/s360\/116995\/690a9c1349f28ec30efe72796fac\/Folding-E-Scooter-8-5inch-T4Pro-10-4AH-350W-30km-h-Number-of-Wheels-2 300w,https:\/\/a.allegroimg.com\/original\/116995\/690a9c1349f28ec30efe72796fac\/Folding-E-Scooter-8-5inch-T4Pro-10-4AH-350W-30km-h-Number-of-Wheels-2 300w\" alt=\"Folding E-Scooter 8.5inch T4Pro 10.4AH 350W 30km\/h Number of Wheels 2\" width=\"300px\" data-src=\"https:\/\/a.allegroimg.com\/original\/116995\/690a9c1349f28ec30efe72796fac\/Folding-E-Scooter-8-5inch-T4Pro-10-4AH-350W-30km-h-Number-of-Wheels-2\" data-srcset=\"https:\/\/a.allegroimg.com\/s360\/116995\/690a9c1349f28ec30efe72796fac\/Folding-E-Scooter-8-5inch-T4Pro-10-4AH-350W-30km-h-Number-of-Wheels-2 300w,https:\/\/a.allegroimg.com\/original\/116995\/690a9c1349f28ec30efe72796fac\/Folding-E-Scooter-8-5inch-T4Pro-10-4AH-350W-30km-h-Number-of-Wheels-2 300w\" \/><\/p>\n<h3>See on varustatud eesmiste ja tagumiste LED-tuledega.<\/h3>\n<p>Tagatuli on samuti \u00fchendatud piduris\u00fcsteemiga, nii et see vilgub iga kord, kui pidurdate, andes teile teada<\/p>\n<p>T\u00f5ukeratta esiosa on varustatud ereda LED-tulega, mis muudab t\u00f5ukerattaga \u00f6\u00f6sel v\u00f5i pimedas s\u00f5itmise turvaliseks, kuna tagab parema n\u00e4htavuse<\/p>\n<p><img decoding=\"async\" class=\"msub_k4 mupj_5k mjru_k4 mse2_k4 mp7g_f6 mq1m_0 mj7u_0 m7er_k4 lazyloaded\" src=\"https:\/\/a.allegroimg.com\/original\/11e8c0\/4c2e7b8a43d6897e3650464abf80\/Folding-E-Scooter-8-5inch-T4Pro-10-4AH-350W-30km-h-Brake-kickscooter\" sizes=\"(min-width: 1200px) 560px, (min-width: 992px) 50vw, 100vw\" srcset=\"https:\/\/a.allegroimg.com\/s360\/11e8c0\/4c2e7b8a43d6897e3650464abf80\/Folding-E-Scooter-8-5inch-T4Pro-10-4AH-350W-30km-h-Brake-kickscooter 300w,https:\/\/a.allegroimg.com\/original\/11e8c0\/4c2e7b8a43d6897e3650464abf80\/Folding-E-Scooter-8-5inch-T4Pro-10-4AH-350W-30km-h-Brake-kickscooter 300w\" alt=\"Folding E-Scooter 8.5inch T4Pro 10.4AH 350W 30km\/h Brake kickscooter\" width=\"300px\" data-src=\"https:\/\/a.allegroimg.com\/original\/11e8c0\/4c2e7b8a43d6897e3650464abf80\/Folding-E-Scooter-8-5inch-T4Pro-10-4AH-350W-30km-h-Brake-kickscooter\" data-srcset=\"https:\/\/a.allegroimg.com\/s360\/11e8c0\/4c2e7b8a43d6897e3650464abf80\/Folding-E-Scooter-8-5inch-T4Pro-10-4AH-350W-30km-h-Brake-kickscooter 300w,https:\/\/a.allegroimg.com\/original\/11e8c0\/4c2e7b8a43d6897e3650464abf80\/Folding-E-Scooter-8-5inch-T4Pro-10-4AH-350W-30km-h-Brake-kickscooter 300w\" \/><\/p>\n<h3>Info<\/h3>\n<p>Kiirus: 25km\/h<\/p>\n<p>Rehvid: 8,5&#8243; t\u00e4isrehvid<\/p>\n<p>Maksimum kiirus: 30 km\/h<\/p>\n<p>Maksimaalne kasutaja kaal: 120 kg<\/p>\n<p>V\u00f5imsus: 350 W<\/p>\n<p>Aku: 10 Ah<\/p>\n<p>Pidur:Tagumine ketaspidur<\/p>\n<p>Esituli + tagumine pidurituli<\/p>\n<p>Laadimisaeg: 3-4 tundi<\/p>\n<p>Kaal: 15kg<\/p>\n<p>Maksimaalne kaldenurk 10\u00b0<\/p>\n<p>S\u00f5iduulatus: 45 km<\/p>\n<p>S\u00f5idure\u017eiimide arv: 3<\/p>\n<p><img decoding=\"async\" class=\"msub_k4 mupj_5k mjru_k4 mse2_k4 mp7g_f6 mq1m_0 mj7u_0 m7er_k4 lazyloaded\" src=\"https:\/\/a.allegroimg.com\/original\/117fb9\/7d9a62094c1caaa18be6552e07db\/Hulajnoga-Elektryczny-HT-T4-Pro-350W-10-4Ah-APP-Brand-AOVO\" sizes=\"100vw\" srcset=\"https:\/\/a.allegroimg.com\/s360\/117fb9\/7d9a62094c1caaa18be6552e07db\/Hulajnoga-Elektryczny-HT-T4-Pro-350W-10-4Ah-APP-Brand-AOVO 360w,https:\/\/a.allegroimg.com\/s720\/117fb9\/7d9a62094c1caaa18be6552e07db\/Hulajnoga-Elektryczny-HT-T4-Pro-350W-10-4Ah-APP-Brand-AOVO 720w,https:\/\/a.allegroimg.com\/s1024\/117fb9\/7d9a62094c1caaa18be6552e07db\/Hulajnoga-Elektryczny-HT-T4-Pro-350W-10-4Ah-APP-Brand-AOVO 1000w,https:\/\/a.allegroimg.com\/original\/117fb9\/7d9a62094c1caaa18be6552e07db\/Hulajnoga-Elektryczny-HT-T4-Pro-350W-10-4Ah-APP-Brand-AOVO 1000w\" alt=\"Hulajnoga Elektryczny HT-T4 Pro 350W 10.4Ah APP Brand AOVO\" width=\"818\" height=\"818\" data-src=\"https:\/\/a.allegroimg.com\/original\/117fb9\/7d9a62094c1caaa18be6552e07db\/Hulajnoga-Elektryczny-HT-T4-Pro-350W-10-4Ah-APP-Brand-AOVO\" data-srcset=\"https:\/\/a.allegroimg.com\/s360\/117fb9\/7d9a62094c1caaa18be6552e07db\/Hulajnoga-Elektryczny-HT-T4-Pro-350W-10-4Ah-APP-Brand-AOVO 360w,https:\/\/a.allegroimg.com\/s720\/117fb9\/7d9a62094c1caaa18be6552e07db\/Hulajnoga-Elektryczny-HT-T4-Pro-350W-10-4Ah-APP-Brand-AOVO 720w,https:\/\/a.allegroimg.com\/s1024\/117fb9\/7d9a62094c1caaa18be6552e07db\/Hulajnoga-Elektryczny-HT-T4-Pro-350W-10-4Ah-APP-Brand-AOVO 1000w,https:\/\/a.allegroimg.com\/original\/117fb9\/7d9a62094c1caaa18be6552e07db\/Hulajnoga-Elektryczny-HT-T4-Pro-350W-10-4Ah-APP-Brand-AOVO 1000w\" \/><\/p>\n","protected":false},"excerpt":{"rendered":"<p><strong>Ecocruiser T4 Pro elektriline t\u00f5ukeratas. Identne Xiaomi Pro 2 t\u00f5ukerattaga.<\/strong><\/p>\n<ul>\n<li>V\u00f5imsus: 350 W<\/li>\n<li>Aku: 10 Ah<\/li>\n<li>Laadimisaeg: 3-4 tundi<\/li>\n<li>Kaal: 15kg<\/li>\n<li>S\u00f5iduulatus: 45 km<\/li>\n<li>Maksimaalne kandev\u00f5ime: 120 kg<\/li>\n<\/ul>\n<p><strong>\u2666 Tarneaeg 3-6 p\u00e4eva<\/strong><br \/>\n<strong>\u2666 Laos<\/strong><\/p>\n","protected":false},"featured_media":13430,"template":"","meta":[],"product_cat":[1381,1384,53,909],"product_tag":[],"class_list":{"0":"post-11455","1":"product","2":"type-product","3":"status-publish","4":"has-post-thumbnail","6":"product_cat-top-5-populaarsemat-elektritoukeratast","7":"product_cat-toukerattad-noortele","8":"product_cat-elektritoukerattad","9":"product_cat-linna-toukerattad","10":"product_shipping_class-suured-pakid","12":"first","13":"instock","14":"sale","15":"taxable","16":"shipping-taxable","17":"purchasable","18":"product-type-variable"},"yoast_head":"<!-- This site is optimized with the Yoast SEO plugin v23.8 - https:\/\/yoast.com\/wordpress\/plugins\/seo\/ -->\n<title>Ecocruiser T4 Pro elektriline t\u00f5ukeratas, 45km - Ecocruiser<\/title>\n<meta name=\"robots\" content=\"noindex, follow, max-snippet:-1, max-image-preview:large, max-video-preview:-1\" \/>\n<meta property=\"og:locale\" content=\"en_GB\" \/>\n<meta property=\"og:type\" content=\"article\" \/>\n<meta property=\"og:title\" content=\"Ecocruiser T4 Pro elektriline t\u00f5ukeratas, 45km - Ecocruiser\" \/>\n<meta property=\"og:description\" content=\"Ecocruiser T4 Pro elektriline t\u00f5ukeratas. Identne Xiaomi Pro 2 t\u00f5ukerattaga.   V\u00f5imsus: 350 W  Aku: 10 Ah  Laadimisaeg: 3-4 tundi  Kaal: 15kg  S\u00f5iduulatus: 45 km  Maksimaalne kandev\u00f5ime: 120 kg  \u2666 Tarneaeg 3-6 p\u00e4eva \u2666 Laos\" \/>\n<meta property=\"og:url\" content=\"https:\/\/projekt.vombat.ee\/eco\/pood\/elektritoukerattad\/linna-toukerattad\/xiaomi-pro-2-elektriline-toukeratas-45km\/\" \/>\n<meta property=\"og:site_name\" content=\"Ecocruiser\" \/>\n<meta property=\"article:modified_time\" content=\"2024-05-19T10:04:08+00:00\" \/>\n<meta property=\"og:image\" content=\"https:\/\/projekt.vombat.ee\/eco\/wp-content\/uploads\/2023\/07\/H2a792279f2464c0f95f0776f35fd680ag.webp\" \/>\n\t<meta property=\"og:image:width\" content=\"800\" \/>\n\t<meta property=\"og:image:height\" content=\"800\" \/>\n\t<meta property=\"og:image:type\" content=\"image\/webp\" \/>\n<meta name=\"twitter:card\" content=\"summary_large_image\" \/>\n<meta name=\"twitter:label1\" content=\"Estimated reading time\" \/>\n\t<meta name=\"twitter:data1\" content=\"2 minutes\" \/>\n<script type=\"application\/ld+json\" class=\"yoast-schema-graph\">{\"@context\":\"https:\/\/schema.org\",\"@graph\":[{\"@type\":\"WebPage\",\"@id\":\"https:\/\/projekt.vombat.ee\/eco\/pood\/elektritoukerattad\/linna-toukerattad\/xiaomi-pro-2-elektriline-toukeratas-45km\/\",\"url\":\"https:\/\/projekt.vombat.ee\/eco\/pood\/elektritoukerattad\/linna-toukerattad\/xiaomi-pro-2-elektriline-toukeratas-45km\/\",\"name\":\"Ecocruiser T4 Pro elektriline t\u00f5ukeratas, 45km - Ecocruiser\",\"isPartOf\":{\"@id\":\"https:\/\/projekt.vombat.ee\/eco\/#website\"},\"primaryImageOfPage\":{\"@id\":\"https:\/\/projekt.vombat.ee\/eco\/pood\/elektritoukerattad\/linna-toukerattad\/xiaomi-pro-2-elektriline-toukeratas-45km\/#primaryimage\"},\"image\":{\"@id\":\"https:\/\/projekt.vombat.ee\/eco\/pood\/elektritoukerattad\/linna-toukerattad\/xiaomi-pro-2-elektriline-toukeratas-45km\/#primaryimage\"},\"thumbnailUrl\":\"https:\/\/projekt.vombat.ee\/eco\/wp-content\/uploads\/2023\/07\/H2a792279f2464c0f95f0776f35fd680ag.webp\",\"datePublished\":\"2023-07-25T15:53:31+00:00\",\"dateModified\":\"2024-05-19T10:04:08+00:00\",\"breadcrumb\":{\"@id\":\"https:\/\/projekt.vombat.ee\/eco\/pood\/elektritoukerattad\/linna-toukerattad\/xiaomi-pro-2-elektriline-toukeratas-45km\/#breadcrumb\"},\"inLanguage\":\"en-GB\",\"potentialAction\":[{\"@type\":\"ReadAction\",\"target\":[\"https:\/\/projekt.vombat.ee\/eco\/pood\/elektritoukerattad\/linna-toukerattad\/xiaomi-pro-2-elektriline-toukeratas-45km\/\"]}]},{\"@type\":\"ImageObject\",\"inLanguage\":\"en-GB\",\"@id\":\"https:\/\/projekt.vombat.ee\/eco\/pood\/elektritoukerattad\/linna-toukerattad\/xiaomi-pro-2-elektriline-toukeratas-45km\/#primaryimage\",\"url\":\"https:\/\/projekt.vombat.ee\/eco\/wp-content\/uploads\/2023\/07\/H2a792279f2464c0f95f0776f35fd680ag.webp\",\"contentUrl\":\"https:\/\/projekt.vombat.ee\/eco\/wp-content\/uploads\/2023\/07\/H2a792279f2464c0f95f0776f35fd680ag.webp\",\"width\":800,\"height\":800},{\"@type\":\"BreadcrumbList\",\"@id\":\"https:\/\/projekt.vombat.ee\/eco\/pood\/elektritoukerattad\/linna-toukerattad\/xiaomi-pro-2-elektriline-toukeratas-45km\/#breadcrumb\",\"itemListElement\":[{\"@type\":\"ListItem\",\"position\":1,\"name\":\"Home\",\"item\":\"https:\/\/projekt.vombat.ee\/eco\/\"},{\"@type\":\"ListItem\",\"position\":2,\"name\":\"Pood\",\"item\":\"https:\/\/projekt.vombat.ee\/eco\/pood\/\"},{\"@type\":\"ListItem\",\"position\":3,\"name\":\"Ecocruiser T4 Pro elektriline t\u00f5ukeratas, 45km\"}]},{\"@type\":\"WebSite\",\"@id\":\"https:\/\/projekt.vombat.ee\/eco\/#website\",\"url\":\"https:\/\/projekt.vombat.ee\/eco\/\",\"name\":\"Ecocruiser\",\"description\":\"\",\"publisher\":{\"@id\":\"https:\/\/projekt.vombat.ee\/eco\/#organization\"},\"potentialAction\":[{\"@type\":\"SearchAction\",\"target\":{\"@type\":\"EntryPoint\",\"urlTemplate\":\"https:\/\/projekt.vombat.ee\/eco\/?s={search_term_string}\"},\"query-input\":{\"@type\":\"PropertyValueSpecification\",\"valueRequired\":true,\"valueName\":\"search_term_string\"}}],\"inLanguage\":\"en-GB\"},{\"@type\":\"Organization\",\"@id\":\"https:\/\/projekt.vombat.ee\/eco\/#organization\",\"name\":\"Ecocruiser\",\"url\":\"https:\/\/projekt.vombat.ee\/eco\/\",\"logo\":{\"@type\":\"ImageObject\",\"inLanguage\":\"en-GB\",\"@id\":\"https:\/\/projekt.vombat.ee\/eco\/#\/schema\/logo\/image\/\",\"url\":\"https:\/\/projekt.vombat.ee\/eco\/wp-content\/uploads\/2023\/03\/ECOCRUISER_5.png\",\"contentUrl\":\"https:\/\/projekt.vombat.ee\/eco\/wp-content\/uploads\/2023\/03\/ECOCRUISER_5.png\",\"width\":234,\"height\":91,\"caption\":\"Ecocruiser\"},\"image\":{\"@id\":\"https:\/\/projekt.vombat.ee\/eco\/#\/schema\/logo\/image\/\"}}]}<\/script>\n<!-- \/ Yoast SEO plugin. -->","yoast_head_json":{"title":"Ecocruiser T4 Pro elektriline t\u00f5ukeratas, 45km - Ecocruiser","robots":{"index":"noindex","follow":"follow","max-snippet":"max-snippet:-1","max-image-preview":"max-image-preview:large","max-video-preview":"max-video-preview:-1"},"og_locale":"en_GB","og_type":"article","og_title":"Ecocruiser T4 Pro elektriline t\u00f5ukeratas, 45km - Ecocruiser","og_description":"Ecocruiser T4 Pro elektriline t\u00f5ukeratas. Identne Xiaomi Pro 2 t\u00f5ukerattaga.   V\u00f5imsus: 350 W  Aku: 10 Ah  Laadimisaeg: 3-4 tundi  Kaal: 15kg  S\u00f5iduulatus: 45 km  Maksimaalne kandev\u00f5ime: 120 kg  \u2666 Tarneaeg 3-6 p\u00e4eva \u2666 Laos","og_url":"https:\/\/projekt.vombat.ee\/eco\/pood\/elektritoukerattad\/linna-toukerattad\/xiaomi-pro-2-elektriline-toukeratas-45km\/","og_site_name":"Ecocruiser","article_modified_time":"2024-05-19T10:04:08+00:00","og_image":[{"width":800,"height":800,"url":"https:\/\/projekt.vombat.ee\/eco\/wp-content\/uploads\/2023\/07\/H2a792279f2464c0f95f0776f35fd680ag.webp","type":"image\/webp"}],"twitter_card":"summary_large_image","twitter_misc":{"Estimated reading time":"2 minutes"},"schema":{"@context":"https:\/\/schema.org","@graph":[{"@type":"WebPage","@id":"https:\/\/projekt.vombat.ee\/eco\/pood\/elektritoukerattad\/linna-toukerattad\/xiaomi-pro-2-elektriline-toukeratas-45km\/","url":"https:\/\/projekt.vombat.ee\/eco\/pood\/elektritoukerattad\/linna-toukerattad\/xiaomi-pro-2-elektriline-toukeratas-45km\/","name":"Ecocruiser T4 Pro elektriline t\u00f5ukeratas, 45km - Ecocruiser","isPartOf":{"@id":"https:\/\/projekt.vombat.ee\/eco\/#website"},"primaryImageOfPage":{"@id":"https:\/\/projekt.vombat.ee\/eco\/pood\/elektritoukerattad\/linna-toukerattad\/xiaomi-pro-2-elektriline-toukeratas-45km\/#primaryimage"},"image":{"@id":"https:\/\/projekt.vombat.ee\/eco\/pood\/elektritoukerattad\/linna-toukerattad\/xiaomi-pro-2-elektriline-toukeratas-45km\/#primaryimage"},"thumbnailUrl":"https:\/\/projekt.vombat.ee\/eco\/wp-content\/uploads\/2023\/07\/H2a792279f2464c0f95f0776f35fd680ag.webp","datePublished":"2023-07-25T15:53:31+00:00","dateModified":"2024-05-19T10:04:08+00:00","breadcrumb":{"@id":"https:\/\/projekt.vombat.ee\/eco\/pood\/elektritoukerattad\/linna-toukerattad\/xiaomi-pro-2-elektriline-toukeratas-45km\/#breadcrumb"},"inLanguage":"en-GB","potentialAction":[{"@type":"ReadAction","target":["https:\/\/projekt.vombat.ee\/eco\/pood\/elektritoukerattad\/linna-toukerattad\/xiaomi-pro-2-elektriline-toukeratas-45km\/"]}]},{"@type":"ImageObject","inLanguage":"en-GB","@id":"https:\/\/projekt.vombat.ee\/eco\/pood\/elektritoukerattad\/linna-toukerattad\/xiaomi-pro-2-elektriline-toukeratas-45km\/#primaryimage","url":"https:\/\/projekt.vombat.ee\/eco\/wp-content\/uploads\/2023\/07\/H2a792279f2464c0f95f0776f35fd680ag.webp","contentUrl":"https:\/\/projekt.vombat.ee\/eco\/wp-content\/uploads\/2023\/07\/H2a792279f2464c0f95f0776f35fd680ag.webp","width":800,"height":800},{"@type":"BreadcrumbList","@id":"https:\/\/projekt.vombat.ee\/eco\/pood\/elektritoukerattad\/linna-toukerattad\/xiaomi-pro-2-elektriline-toukeratas-45km\/#breadcrumb","itemListElement":[{"@type":"ListItem","position":1,"name":"Home","item":"https:\/\/projekt.vombat.ee\/eco\/"},{"@type":"ListItem","position":2,"name":"Pood","item":"https:\/\/projekt.vombat.ee\/eco\/pood\/"},{"@type":"ListItem","position":3,"name":"Ecocruiser T4 Pro elektriline t\u00f5ukeratas, 45km"}]},{"@type":"WebSite","@id":"https:\/\/projekt.vombat.ee\/eco\/#website","url":"https:\/\/projekt.vombat.ee\/eco\/","name":"Ecocruiser","description":"","publisher":{"@id":"https:\/\/projekt.vombat.ee\/eco\/#organization"},"potentialAction":[{"@type":"SearchAction","target":{"@type":"EntryPoint","urlTemplate":"https:\/\/projekt.vombat.ee\/eco\/?s={search_term_string}"},"query-input":{"@type":"PropertyValueSpecification","valueRequired":true,"valueName":"search_term_string"}}],"inLanguage":"en-GB"},{"@type":"Organization","@id":"https:\/\/projekt.vombat.ee\/eco\/#organization","name":"Ecocruiser","url":"https:\/\/projekt.vombat.ee\/eco\/","logo":{"@type":"ImageObject","inLanguage":"en-GB","@id":"https:\/\/projekt.vombat.ee\/eco\/#\/schema\/logo\/image\/","url":"https:\/\/projekt.vombat.ee\/eco\/wp-content\/uploads\/2023\/03\/ECOCRUISER_5.png","contentUrl":"https:\/\/projekt.vombat.ee\/eco\/wp-content\/uploads\/2023\/03\/ECOCRUISER_5.png","width":234,"height":91,"caption":"Ecocruiser"},"image":{"@id":"https:\/\/projekt.vombat.ee\/eco\/#\/schema\/logo\/image\/"}}]}},"lang":"et","translations":{"et":11455},"pll_sync_post":[],"_links":{"self":[{"href":"https:\/\/projekt.vombat.ee\/eco\/wp-json\/wp\/v2\/product\/11455"}],"collection":[{"href":"https:\/\/projekt.vombat.ee\/eco\/wp-json\/wp\/v2\/product"}],"about":[{"href":"https:\/\/projekt.vombat.ee\/eco\/wp-json\/wp\/v2\/types\/product"}],"version-history":[{"count":12,"href":"https:\/\/projekt.vombat.ee\/eco\/wp-json\/wp\/v2\/product\/11455\/revisions"}],"predecessor-version":[{"id":17285,"href":"https:\/\/projekt.vombat.ee\/eco\/wp-json\/wp\/v2\/product\/11455\/revisions\/17285"}],"wp:featuredmedia":[{"embeddable":true,"href":"https:\/\/projekt.vombat.ee\/eco\/wp-json\/wp\/v2\/media\/13430"}],"wp:attachment":[{"href":"https:\/\/projekt.vombat.ee\/eco\/wp-json\/wp\/v2\/media?parent=11455"}],"wp:term":[{"taxonomy":"product_cat","embeddable":true,"href":"https:\/\/projekt.vombat.ee\/eco\/wp-json\/wp\/v2\/product_cat?post=11455"},{"taxonomy":"product_tag","embeddable":true,"href":"https:\/\/projekt.vombat.ee\/eco\/wp-json\/wp\/v2\/product_tag?post=11455"}],"curies":[{"name":"wp","href":"https:\/\/api.w.org\/{rel}","templated":true}]}}