{"id":11228,"date":"2023-07-18T09:21:41","date_gmt":"2023-07-18T09:21:41","guid":{"rendered":"https:\/\/projekt.vombat.ee\/eco\/?post_type=product&#038;p=11228"},"modified":"2024-05-13T18:23:35","modified_gmt":"2024-05-13T18:23:35","slug":"piepusamais-sup-delis-bodio-305cm-3","status":"publish","type":"product","link":"https:\/\/projekt.vombat.ee\/eco\/lv\/pood\/sup-deli\/piepusamais-sup-delis-bodio-305cm-3\/","title":{"rendered":"Piep\u016b\u0161amais SUP d\u0113lis Bodio 305cm"},"content":{"rendered":"<h1>Piep\u016b\u0161amais SUP d\u0113lis 305cm<\/h1>\n<p><img fetchpriority=\"high\" decoding=\"async\" class=\"\" src=\"https:\/\/m.media-amazon.com\/images\/S\/aplus-media-library-service-media\/a4c70fae-6780-4319-950c-6e4e2c920be4.__CR0,0,970,600_PT0_SX970_V1___.jpg\" alt=\"tabla de remo inflable\" width=\"695\" height=\"430\" \/><\/p>\n<ul>\n<li>SUP d\u0113lis ir viegls, bet iztur\u012bgs (kravnes\u012bba l\u012bdz 150 kg). T\u0101p\u0113c jums ir viegli uztur\u0113t stabilu un dro\u0161u brauk\u0161anu.<\/li>\n<li>Piep\u016b\u0161ot, galda izm\u0113ri ir 305 x 76 x 15 cm.<\/li>\n<li>Piep\u016b\u0161amais airu d\u0113lis ir piem\u0113rots ies\u0101c\u0113jiem l\u012bdz pieredz\u0113ju\u0161iem sp\u0113l\u0113t\u0101jiem. \u0100tri piep\u016b\u0161as, izmantojot komplekt\u0101 iek\u013cauto gaisa s\u016bkni ar m\u0113rinstrumentu. Viegl\u0101 alum\u012bnija l\u0101psti\u0146a vienk\u0101r\u0161i saspie\u017eas kop\u0101 un to var piel\u0101got savam garumam.<\/li>\n<li>Piep\u016b\u0161amais air\u0113\u0161anas d\u0113lis ir piem\u0113rots brauk\u0161anai st\u0101vus un s\u0113dus, jogai, s\u0113rfo\u0161anai un pied\u0101v\u0101 iesp\u0113ju pavad\u012bt laiku uz \u016bdens kop\u0101 ar b\u0113rniem un m\u0101jdz\u012bvniekiem. SUP d\u0113lis ir draudz\u012bgs ies\u0101c\u0113jiem. Galds vienm\u0113r ir l\u012bdzi, jo auklu var piestiprin\u0101t pie galda un k\u0101jas.<\/li>\n<li>Iek\u013cauts rokas s\u016bknis. P\u0113c lieto\u0161anas galdu var viegli saloc\u012bt un ielikt mugursom\u0101 un transport\u0113t tur, kur nepiecie\u0161ams.<\/li>\n<li>Brauciet un izbaudiet sl\u012bd\u0113\u0161anas prieku pa \u016bdeni stil\u012bgi<\/li>\n<\/ul>\n<h3>Inform\u0101cija<\/h3>\n<p>Izm\u0113ri: 305 x 76 x 15 cm<br \/>\nMaksim\u0101lais ieteicamais svars: 150 kg<br \/>\nMaksim\u0101lais gaisa tilpums: 15 PSI<br \/>\nGarums: 305 cm<br \/>\nPlatums: 76 cm<br \/>\nDiametrs: 15 cm<\/p>\n<p>&nbsp;<\/p>\n<h3>Komplekt\u0101 ietilpst<\/h3>\n<p>Komplekt\u0101 SUP d\u0113lis, spura, airis, soma, dro\u0161\u012bbas virve k\u0101jai, pumpis.<\/p>\n","protected":false},"excerpt":{"rendered":"<p><strong>Piep\u016b\u0161amais SUP d\u0113lis<\/strong><\/p>\n<p>Bodio SUP d\u0113lim ir lieliska d\u0113\u013ca forma, pla\u0161a ne\u0161anas virsma, strukt\u016bra un laba saj\u016bta.<\/p>\n<p>Piem\u0113rots br\u012bv\u0101 laika pavad\u012b\u0161anai \u016bden\u012b k\u0101 hobijs, k\u0101 ar\u012b daudzpus\u012bg\u0101kai air\u0113\u0161anas s\u0113rfo\u0161anai mazos vi\u013c\u0146os.<\/p>\n<ul>\n<li>Izm\u0113ri: 305 x 76 x 15 cm<\/li>\n<li>Maksim\u0101lais ieteicamais svars: 150 kg<\/li>\n<li>Piem\u0113rots ies\u0101c\u0113jiem un progres\u012bviem<\/li>\n<\/ul>\n<p>&nbsp;<\/p>\n<p>\u2666 <strong>Pieg\u0101des laiks 2-6 darba dienas<\/strong><br \/>\n\u2666 <strong>Ir noliktav\u0101<\/strong><\/p>\n","protected":false},"featured_media":11232,"template":"","meta":[],"product_cat":[1754],"product_tag":[],"class_list":{"0":"post-11228","1":"product","2":"type-product","3":"status-publish","4":"has-post-thumbnail","6":"product_cat-sup-deli","7":"product_shipping_class-sup-lauad","9":"first","10":"instock","11":"taxable","12":"shipping-taxable","13":"purchasable","14":"product-type-simple"},"yoast_head":"<!-- This site is optimized with the Yoast SEO plugin v23.8 - https:\/\/yoast.com\/wordpress\/plugins\/seo\/ -->\n<title>Piep\u016b\u0161amais SUP d\u0113lis Bodio 305cm - Ecocruiser<\/title>\n<meta name=\"description\" content=\"\u012apa\u0161i viegla konstrukcija: Izm\u0113ri 305 x 78 x 15 cm (G x P x D). Kravnes\u012bba: 150 kg. Stabils un piem\u0113rots cilv\u0113kiem ar da\u017e\u0101d\u0101m prasm\u0113m un visiem laikapst\u0101k\u013ciem.\" \/>\n<meta name=\"robots\" content=\"noindex, follow, max-snippet:-1, max-image-preview:large, max-video-preview:-1\" \/>\n<meta property=\"og:locale\" content=\"en_GB\" \/>\n<meta property=\"og:type\" content=\"article\" \/>\n<meta property=\"og:title\" content=\"Piep\u016b\u0161amais SUP d\u0113lis Bodio 305cm - Ecocruiser\" \/>\n<meta property=\"og:description\" content=\"\u012apa\u0161i viegla konstrukcija: Izm\u0113ri 305 x 78 x 15 cm (G x P x D). Kravnes\u012bba: 150 kg. Stabils un piem\u0113rots cilv\u0113kiem ar da\u017e\u0101d\u0101m prasm\u0113m un visiem laikapst\u0101k\u013ciem.\" \/>\n<meta property=\"og:url\" content=\"https:\/\/projekt.vombat.ee\/eco\/lv\/pood\/sup-deli\/piepusamais-sup-delis-bodio-305cm-3\/\" \/>\n<meta property=\"og:site_name\" content=\"Ecocruiser\" \/>\n<meta property=\"article:modified_time\" content=\"2024-05-13T18:23:35+00:00\" \/>\n<meta property=\"og:image\" content=\"https:\/\/projekt.vombat.ee\/eco\/wp-content\/uploads\/2023\/07\/1-1.jpg\" \/>\n\t<meta property=\"og:image:width\" content=\"1183\" \/>\n\t<meta property=\"og:image:height\" content=\"1500\" \/>\n\t<meta property=\"og:image:type\" content=\"image\/jpeg\" \/>\n<meta name=\"twitter:card\" content=\"summary_large_image\" \/>\n<meta name=\"twitter:label1\" content=\"Estimated reading time\" \/>\n\t<meta name=\"twitter:data1\" content=\"2 minutes\" \/>\n<script type=\"application\/ld+json\" class=\"yoast-schema-graph\">{\"@context\":\"https:\/\/schema.org\",\"@graph\":[{\"@type\":\"WebPage\",\"@id\":\"https:\/\/projekt.vombat.ee\/eco\/lv\/pood\/sup-deli\/piepusamais-sup-delis-bodio-305cm-3\/\",\"url\":\"https:\/\/projekt.vombat.ee\/eco\/lv\/pood\/sup-deli\/piepusamais-sup-delis-bodio-305cm-3\/\",\"name\":\"Piep\u016b\u0161amais SUP d\u0113lis Bodio 305cm - Ecocruiser\",\"isPartOf\":{\"@id\":\"https:\/\/projekt.vombat.ee\/eco\/#website\"},\"primaryImageOfPage\":{\"@id\":\"https:\/\/projekt.vombat.ee\/eco\/lv\/pood\/sup-deli\/piepusamais-sup-delis-bodio-305cm-3\/#primaryimage\"},\"image\":{\"@id\":\"https:\/\/projekt.vombat.ee\/eco\/lv\/pood\/sup-deli\/piepusamais-sup-delis-bodio-305cm-3\/#primaryimage\"},\"thumbnailUrl\":\"https:\/\/projekt.vombat.ee\/eco\/wp-content\/uploads\/2023\/07\/1-1.jpg\",\"datePublished\":\"2023-07-18T09:21:41+00:00\",\"dateModified\":\"2024-05-13T18:23:35+00:00\",\"description\":\"\u012apa\u0161i viegla konstrukcija: Izm\u0113ri 305 x 78 x 15 cm (G x P x D). Kravnes\u012bba: 150 kg. Stabils un piem\u0113rots cilv\u0113kiem ar da\u017e\u0101d\u0101m prasm\u0113m un visiem laikapst\u0101k\u013ciem.\",\"breadcrumb\":{\"@id\":\"https:\/\/projekt.vombat.ee\/eco\/lv\/pood\/sup-deli\/piepusamais-sup-delis-bodio-305cm-3\/#breadcrumb\"},\"inLanguage\":\"en-GB\",\"potentialAction\":[{\"@type\":\"ReadAction\",\"target\":[\"https:\/\/projekt.vombat.ee\/eco\/lv\/pood\/sup-deli\/piepusamais-sup-delis-bodio-305cm-3\/\"]}]},{\"@type\":\"ImageObject\",\"inLanguage\":\"en-GB\",\"@id\":\"https:\/\/projekt.vombat.ee\/eco\/lv\/pood\/sup-deli\/piepusamais-sup-delis-bodio-305cm-3\/#primaryimage\",\"url\":\"https:\/\/projekt.vombat.ee\/eco\/wp-content\/uploads\/2023\/07\/1-1.jpg\",\"contentUrl\":\"https:\/\/projekt.vombat.ee\/eco\/wp-content\/uploads\/2023\/07\/1-1.jpg\",\"width\":1183,\"height\":1500},{\"@type\":\"BreadcrumbList\",\"@id\":\"https:\/\/projekt.vombat.ee\/eco\/lv\/pood\/sup-deli\/piepusamais-sup-delis-bodio-305cm-3\/#breadcrumb\",\"itemListElement\":[{\"@type\":\"ListItem\",\"position\":1,\"name\":\"Home\",\"item\":\"https:\/\/projekt.vombat.ee\/eco\/\"},{\"@type\":\"ListItem\",\"position\":2,\"name\":\"Pood\",\"item\":\"https:\/\/projekt.vombat.ee\/eco\/pood\/\"},{\"@type\":\"ListItem\",\"position\":3,\"name\":\"Piep\u016b\u0161amais SUP d\u0113lis Bodio 305cm\"}]},{\"@type\":\"WebSite\",\"@id\":\"https:\/\/projekt.vombat.ee\/eco\/#website\",\"url\":\"https:\/\/projekt.vombat.ee\/eco\/\",\"name\":\"Ecocruiser\",\"description\":\"\",\"publisher\":{\"@id\":\"https:\/\/projekt.vombat.ee\/eco\/#organization\"},\"potentialAction\":[{\"@type\":\"SearchAction\",\"target\":{\"@type\":\"EntryPoint\",\"urlTemplate\":\"https:\/\/projekt.vombat.ee\/eco\/?s={search_term_string}\"},\"query-input\":{\"@type\":\"PropertyValueSpecification\",\"valueRequired\":true,\"valueName\":\"search_term_string\"}}],\"inLanguage\":\"en-GB\"},{\"@type\":\"Organization\",\"@id\":\"https:\/\/projekt.vombat.ee\/eco\/#organization\",\"name\":\"Ecocruiser\",\"url\":\"https:\/\/projekt.vombat.ee\/eco\/\",\"logo\":{\"@type\":\"ImageObject\",\"inLanguage\":\"en-GB\",\"@id\":\"https:\/\/projekt.vombat.ee\/eco\/#\/schema\/logo\/image\/\",\"url\":\"https:\/\/projekt.vombat.ee\/eco\/wp-content\/uploads\/2023\/03\/ECOCRUISER_5.png\",\"contentUrl\":\"https:\/\/projekt.vombat.ee\/eco\/wp-content\/uploads\/2023\/03\/ECOCRUISER_5.png\",\"width\":234,\"height\":91,\"caption\":\"Ecocruiser\"},\"image\":{\"@id\":\"https:\/\/projekt.vombat.ee\/eco\/#\/schema\/logo\/image\/\"}}]}<\/script>\n<!-- \/ Yoast SEO plugin. -->","yoast_head_json":{"title":"Piep\u016b\u0161amais SUP d\u0113lis Bodio 305cm - Ecocruiser","description":"\u012apa\u0161i viegla konstrukcija: Izm\u0113ri 305 x 78 x 15 cm (G x P x D). Kravnes\u012bba: 150 kg. Stabils un piem\u0113rots cilv\u0113kiem ar da\u017e\u0101d\u0101m prasm\u0113m un visiem laikapst\u0101k\u013ciem.","robots":{"index":"noindex","follow":"follow","max-snippet":"max-snippet:-1","max-image-preview":"max-image-preview:large","max-video-preview":"max-video-preview:-1"},"og_locale":"en_GB","og_type":"article","og_title":"Piep\u016b\u0161amais SUP d\u0113lis Bodio 305cm - Ecocruiser","og_description":"\u012apa\u0161i viegla konstrukcija: Izm\u0113ri 305 x 78 x 15 cm (G x P x D). Kravnes\u012bba: 150 kg. Stabils un piem\u0113rots cilv\u0113kiem ar da\u017e\u0101d\u0101m prasm\u0113m un visiem laikapst\u0101k\u013ciem.","og_url":"https:\/\/projekt.vombat.ee\/eco\/lv\/pood\/sup-deli\/piepusamais-sup-delis-bodio-305cm-3\/","og_site_name":"Ecocruiser","article_modified_time":"2024-05-13T18:23:35+00:00","og_image":[{"width":1183,"height":1500,"url":"https:\/\/projekt.vombat.ee\/eco\/wp-content\/uploads\/2023\/07\/1-1.jpg","type":"image\/jpeg"}],"twitter_card":"summary_large_image","twitter_misc":{"Estimated reading time":"2 minutes"},"schema":{"@context":"https:\/\/schema.org","@graph":[{"@type":"WebPage","@id":"https:\/\/projekt.vombat.ee\/eco\/lv\/pood\/sup-deli\/piepusamais-sup-delis-bodio-305cm-3\/","url":"https:\/\/projekt.vombat.ee\/eco\/lv\/pood\/sup-deli\/piepusamais-sup-delis-bodio-305cm-3\/","name":"Piep\u016b\u0161amais SUP d\u0113lis Bodio 305cm - Ecocruiser","isPartOf":{"@id":"https:\/\/projekt.vombat.ee\/eco\/#website"},"primaryImageOfPage":{"@id":"https:\/\/projekt.vombat.ee\/eco\/lv\/pood\/sup-deli\/piepusamais-sup-delis-bodio-305cm-3\/#primaryimage"},"image":{"@id":"https:\/\/projekt.vombat.ee\/eco\/lv\/pood\/sup-deli\/piepusamais-sup-delis-bodio-305cm-3\/#primaryimage"},"thumbnailUrl":"https:\/\/projekt.vombat.ee\/eco\/wp-content\/uploads\/2023\/07\/1-1.jpg","datePublished":"2023-07-18T09:21:41+00:00","dateModified":"2024-05-13T18:23:35+00:00","description":"\u012apa\u0161i viegla konstrukcija: Izm\u0113ri 305 x 78 x 15 cm (G x P x D). Kravnes\u012bba: 150 kg. Stabils un piem\u0113rots cilv\u0113kiem ar da\u017e\u0101d\u0101m prasm\u0113m un visiem laikapst\u0101k\u013ciem.","breadcrumb":{"@id":"https:\/\/projekt.vombat.ee\/eco\/lv\/pood\/sup-deli\/piepusamais-sup-delis-bodio-305cm-3\/#breadcrumb"},"inLanguage":"en-GB","potentialAction":[{"@type":"ReadAction","target":["https:\/\/projekt.vombat.ee\/eco\/lv\/pood\/sup-deli\/piepusamais-sup-delis-bodio-305cm-3\/"]}]},{"@type":"ImageObject","inLanguage":"en-GB","@id":"https:\/\/projekt.vombat.ee\/eco\/lv\/pood\/sup-deli\/piepusamais-sup-delis-bodio-305cm-3\/#primaryimage","url":"https:\/\/projekt.vombat.ee\/eco\/wp-content\/uploads\/2023\/07\/1-1.jpg","contentUrl":"https:\/\/projekt.vombat.ee\/eco\/wp-content\/uploads\/2023\/07\/1-1.jpg","width":1183,"height":1500},{"@type":"BreadcrumbList","@id":"https:\/\/projekt.vombat.ee\/eco\/lv\/pood\/sup-deli\/piepusamais-sup-delis-bodio-305cm-3\/#breadcrumb","itemListElement":[{"@type":"ListItem","position":1,"name":"Home","item":"https:\/\/projekt.vombat.ee\/eco\/"},{"@type":"ListItem","position":2,"name":"Pood","item":"https:\/\/projekt.vombat.ee\/eco\/pood\/"},{"@type":"ListItem","position":3,"name":"Piep\u016b\u0161amais SUP d\u0113lis Bodio 305cm"}]},{"@type":"WebSite","@id":"https:\/\/projekt.vombat.ee\/eco\/#website","url":"https:\/\/projekt.vombat.ee\/eco\/","name":"Ecocruiser","description":"","publisher":{"@id":"https:\/\/projekt.vombat.ee\/eco\/#organization"},"potentialAction":[{"@type":"SearchAction","target":{"@type":"EntryPoint","urlTemplate":"https:\/\/projekt.vombat.ee\/eco\/?s={search_term_string}"},"query-input":{"@type":"PropertyValueSpecification","valueRequired":true,"valueName":"search_term_string"}}],"inLanguage":"en-GB"},{"@type":"Organization","@id":"https:\/\/projekt.vombat.ee\/eco\/#organization","name":"Ecocruiser","url":"https:\/\/projekt.vombat.ee\/eco\/","logo":{"@type":"ImageObject","inLanguage":"en-GB","@id":"https:\/\/projekt.vombat.ee\/eco\/#\/schema\/logo\/image\/","url":"https:\/\/projekt.vombat.ee\/eco\/wp-content\/uploads\/2023\/03\/ECOCRUISER_5.png","contentUrl":"https:\/\/projekt.vombat.ee\/eco\/wp-content\/uploads\/2023\/03\/ECOCRUISER_5.png","width":234,"height":91,"caption":"Ecocruiser"},"image":{"@id":"https:\/\/projekt.vombat.ee\/eco\/#\/schema\/logo\/image\/"}}]}},"lang":"lv","translations":{"lv":11228,"et":11227},"pll_sync_post":[],"_links":{"self":[{"href":"https:\/\/projekt.vombat.ee\/eco\/wp-json\/wp\/v2\/product\/11228"}],"collection":[{"href":"https:\/\/projekt.vombat.ee\/eco\/wp-json\/wp\/v2\/product"}],"about":[{"href":"https:\/\/projekt.vombat.ee\/eco\/wp-json\/wp\/v2\/types\/product"}],"version-history":[{"count":1,"href":"https:\/\/projekt.vombat.ee\/eco\/wp-json\/wp\/v2\/product\/11228\/revisions"}],"predecessor-version":[{"id":11272,"href":"https:\/\/projekt.vombat.ee\/eco\/wp-json\/wp\/v2\/product\/11228\/revisions\/11272"}],"wp:featuredmedia":[{"embeddable":true,"href":"https:\/\/projekt.vombat.ee\/eco\/wp-json\/wp\/v2\/media\/11232"}],"wp:attachment":[{"href":"https:\/\/projekt.vombat.ee\/eco\/wp-json\/wp\/v2\/media?parent=11228"}],"wp:term":[{"taxonomy":"product_cat","embeddable":true,"href":"https:\/\/projekt.vombat.ee\/eco\/wp-json\/wp\/v2\/product_cat?post=11228"},{"taxonomy":"product_tag","embeddable":true,"href":"https:\/\/projekt.vombat.ee\/eco\/wp-json\/wp\/v2\/product_tag?post=11228"}],"curies":[{"name":"wp","href":"https:\/\/api.w.org\/{rel}","templated":true}]}}