{"id":11120,"date":"2023-07-23T18:07:46","date_gmt":"2023-07-23T18:07:46","guid":{"rendered":"https:\/\/projekt.vombat.ee\/eco\/?post_type=product&#038;p=11120"},"modified":"2023-07-29T15:33:30","modified_gmt":"2023-07-29T15:33:30","slug":"taispuhutav-kayak-hydro-force","status":"publish","type":"product","link":"https:\/\/projekt.vombat.ee\/eco\/pood\/kayak\/taispuhutav-kayak-hydro-force\/","title":{"rendered":"T\u00e4ispuhutav Kayak Hydro Force"},"content":{"rendered":"<h1><strong>Kajak Hydro Force Cove Champion<\/strong><\/h1>\n<p><img decoding=\"async\" class=\"\" src=\"https:\/\/m.media-amazon.com\/images\/S\/aplus-media-library-service-media\/c04a2167-b267-4f41-be13-f4c7f91add7c.__CR0,112,3000,928_PT0_SX970_V1___.jpg\" alt=\"Motif Kajak\" data-src=\"https:\/\/m.media-amazon.com\/images\/S\/aplus-media-library-service-media\/c04a2167-b267-4f41-be13-f4c7f91add7c.__CR0,112,3000,928_PT0_SX970_V1___.jpg\" \/><\/p>\n<ul>\n<li><strong>V\u00c4RV: sinine.\u00a0<\/strong><\/li>\n<li><strong>KAUBA KAAL: 7,9kg <\/strong><\/li>\n<li><strong>Maksimum kandev\u00f5ime: 100kg.\u00a0<\/strong><\/li>\n<li class=\"a-spacing-mini\"><strong><span class=\"a-list-item\">Kayak on m\u00f5eldud \u00fchele inimesele. Selle pikkus on 2,75 meetrit, laius 81 sentimeetrit ja k\u00f5rgus 45 sentimeetrit.\u00a0<\/span><\/strong><\/li>\n<li class=\"a-spacing-mini\"><strong><span class=\"a-list-item\">Kayakiga on kaasas ka 2 teraga aer, k\u00e4sipump ja remondikleebis. Esi- ja tagak\u00fcljel saad hoida oma asju juhtme all.<\/span><\/strong><\/li>\n<\/ul>\n","protected":false},"excerpt":{"rendered":"<p><strong>Kajak Hydro Force Cove Champion<\/strong><\/p>\n<ul>\n<li><strong>V\u00c4RV: sinine.\u00a0<\/strong><\/li>\n<li><strong>KAUBA KAAL: 7,9kg <\/strong><\/li>\n<li><strong>MAX KAAL: 100kg.\u00a0<\/strong><\/li>\n<li class=\"a-spacing-mini\"><strong><span class=\"a-list-item\">Kayak on m\u00f5eldud \u00fchele inimesele. Selle pikkus on 2,75 meetrit, laius 81 sentimeetrit ja k\u00f5rgus 45 sentimeetrit.\u00a0<\/span><\/strong><\/li>\n<li class=\"a-spacing-mini\"><strong><span class=\"a-list-item\">Kayakiga on kaasas ka 2 aeru, k\u00e4sipump. Esi- ja tagak\u00fcljel saad hoida oma asju juhtme all. Taga on ka k\u00f6is.\u00a0<\/span><\/strong><\/li>\n<\/ul>\n<p>&nbsp;<\/p>\n<ul>\n<li><strong>Tarneaeg on 2-7 p\u00e4eva<\/strong><\/li>\n<li><strong>Laos<\/strong><\/li>\n<\/ul>\n","protected":false},"featured_media":11122,"template":"","meta":[],"product_cat":[1761],"product_tag":[],"class_list":{"0":"post-11120","1":"product","2":"type-product","3":"status-publish","4":"has-post-thumbnail","6":"product_cat-kayak","7":"product_shipping_class-sup-lauad","9":"first","10":"instock","11":"sale","12":"taxable","13":"shipping-taxable","14":"purchasable","15":"product-type-simple"},"yoast_head":"<!-- This site is optimized with the Yoast SEO plugin v23.8 - https:\/\/yoast.com\/wordpress\/plugins\/seo\/ -->\n<title>T\u00e4ispuhutav Kayak Hydro Force - Ecocruiser<\/title>\n<meta name=\"description\" content=\"V\u00c4RV: sinine.\u00a0KAUBA KAAL: 7,9kg MAX KAAL: 100kg.\u00a0Kayak on m\u00f5eldud \u00fchele inimesele. Selle pikkus on 2,75 meetrit, laius 81 sentimeetrit ja k\u00f5rgus 45 sentimeetrit.\u00a0Kayakiga on kaasas ka 2 teraga aer, k\u00e4sipump ja remondikleebis. Esi- ja tagak\u00fcljel saad hoida oma asju juhtme all.\u00a0Taga on ka k\u00f6is.\u00a0\" \/>\n<meta name=\"robots\" content=\"noindex, follow, max-snippet:-1, max-image-preview:large, max-video-preview:-1\" \/>\n<meta property=\"og:locale\" content=\"en_GB\" \/>\n<meta property=\"og:type\" content=\"article\" \/>\n<meta property=\"og:title\" content=\"T\u00e4ispuhutav Kayak Hydro Force - Ecocruiser\" \/>\n<meta property=\"og:description\" content=\"V\u00c4RV: sinine.\u00a0KAUBA KAAL: 7,9kg MAX KAAL: 100kg.\u00a0Kayak on m\u00f5eldud \u00fchele inimesele. Selle pikkus on 2,75 meetrit, laius 81 sentimeetrit ja k\u00f5rgus 45 sentimeetrit.\u00a0Kayakiga on kaasas ka 2 teraga aer, k\u00e4sipump ja remondikleebis. Esi- ja tagak\u00fcljel saad hoida oma asju juhtme all.\u00a0Taga on ka k\u00f6is.\u00a0\" \/>\n<meta property=\"og:url\" content=\"https:\/\/projekt.vombat.ee\/eco\/pood\/kayak\/taispuhutav-kayak-hydro-force\/\" \/>\n<meta property=\"og:site_name\" content=\"Ecocruiser\" \/>\n<meta property=\"article:modified_time\" content=\"2023-07-29T15:33:30+00:00\" \/>\n<meta property=\"og:image\" content=\"https:\/\/projekt.vombat.ee\/eco\/wp-content\/uploads\/2023\/07\/Kayak-Cove.jpg\" \/>\n\t<meta property=\"og:image:width\" content=\"425\" \/>\n\t<meta property=\"og:image:height\" content=\"467\" \/>\n\t<meta property=\"og:image:type\" content=\"image\/jpeg\" \/>\n<meta name=\"twitter:card\" content=\"summary_large_image\" \/>\n<meta name=\"twitter:label1\" content=\"Estimated reading time\" \/>\n\t<meta name=\"twitter:data1\" content=\"1 minute\" \/>\n<script type=\"application\/ld+json\" class=\"yoast-schema-graph\">{\"@context\":\"https:\/\/schema.org\",\"@graph\":[{\"@type\":\"WebPage\",\"@id\":\"https:\/\/projekt.vombat.ee\/eco\/pood\/kayak\/taispuhutav-kayak-hydro-force\/\",\"url\":\"https:\/\/projekt.vombat.ee\/eco\/pood\/kayak\/taispuhutav-kayak-hydro-force\/\",\"name\":\"T\u00e4ispuhutav Kayak Hydro Force - Ecocruiser\",\"isPartOf\":{\"@id\":\"https:\/\/projekt.vombat.ee\/eco\/#website\"},\"primaryImageOfPage\":{\"@id\":\"https:\/\/projekt.vombat.ee\/eco\/pood\/kayak\/taispuhutav-kayak-hydro-force\/#primaryimage\"},\"image\":{\"@id\":\"https:\/\/projekt.vombat.ee\/eco\/pood\/kayak\/taispuhutav-kayak-hydro-force\/#primaryimage\"},\"thumbnailUrl\":\"https:\/\/projekt.vombat.ee\/eco\/wp-content\/uploads\/2023\/07\/Kayak-Cove.jpg\",\"datePublished\":\"2023-07-23T18:07:46+00:00\",\"dateModified\":\"2023-07-29T15:33:30+00:00\",\"description\":\"V\u00c4RV: sinine.\u00a0KAUBA KAAL: 7,9kg MAX KAAL: 100kg.\u00a0Kayak on m\u00f5eldud \u00fchele inimesele. Selle pikkus on 2,75 meetrit, laius 81 sentimeetrit ja k\u00f5rgus 45 sentimeetrit.\u00a0Kayakiga on kaasas ka 2 teraga aer, k\u00e4sipump ja remondikleebis. Esi- ja tagak\u00fcljel saad hoida oma asju juhtme all.\u00a0Taga on ka k\u00f6is.\u00a0\",\"breadcrumb\":{\"@id\":\"https:\/\/projekt.vombat.ee\/eco\/pood\/kayak\/taispuhutav-kayak-hydro-force\/#breadcrumb\"},\"inLanguage\":\"en-GB\",\"potentialAction\":[{\"@type\":\"ReadAction\",\"target\":[\"https:\/\/projekt.vombat.ee\/eco\/pood\/kayak\/taispuhutav-kayak-hydro-force\/\"]}]},{\"@type\":\"ImageObject\",\"inLanguage\":\"en-GB\",\"@id\":\"https:\/\/projekt.vombat.ee\/eco\/pood\/kayak\/taispuhutav-kayak-hydro-force\/#primaryimage\",\"url\":\"https:\/\/projekt.vombat.ee\/eco\/wp-content\/uploads\/2023\/07\/Kayak-Cove.jpg\",\"contentUrl\":\"https:\/\/projekt.vombat.ee\/eco\/wp-content\/uploads\/2023\/07\/Kayak-Cove.jpg\",\"width\":425,\"height\":467},{\"@type\":\"BreadcrumbList\",\"@id\":\"https:\/\/projekt.vombat.ee\/eco\/pood\/kayak\/taispuhutav-kayak-hydro-force\/#breadcrumb\",\"itemListElement\":[{\"@type\":\"ListItem\",\"position\":1,\"name\":\"Home\",\"item\":\"https:\/\/projekt.vombat.ee\/eco\/\"},{\"@type\":\"ListItem\",\"position\":2,\"name\":\"Pood\",\"item\":\"https:\/\/projekt.vombat.ee\/eco\/pood\/\"},{\"@type\":\"ListItem\",\"position\":3,\"name\":\"T\u00e4ispuhutav Kayak Hydro Force\"}]},{\"@type\":\"WebSite\",\"@id\":\"https:\/\/projekt.vombat.ee\/eco\/#website\",\"url\":\"https:\/\/projekt.vombat.ee\/eco\/\",\"name\":\"Ecocruiser\",\"description\":\"\",\"publisher\":{\"@id\":\"https:\/\/projekt.vombat.ee\/eco\/#organization\"},\"potentialAction\":[{\"@type\":\"SearchAction\",\"target\":{\"@type\":\"EntryPoint\",\"urlTemplate\":\"https:\/\/projekt.vombat.ee\/eco\/?s={search_term_string}\"},\"query-input\":{\"@type\":\"PropertyValueSpecification\",\"valueRequired\":true,\"valueName\":\"search_term_string\"}}],\"inLanguage\":\"en-GB\"},{\"@type\":\"Organization\",\"@id\":\"https:\/\/projekt.vombat.ee\/eco\/#organization\",\"name\":\"Ecocruiser\",\"url\":\"https:\/\/projekt.vombat.ee\/eco\/\",\"logo\":{\"@type\":\"ImageObject\",\"inLanguage\":\"en-GB\",\"@id\":\"https:\/\/projekt.vombat.ee\/eco\/#\/schema\/logo\/image\/\",\"url\":\"https:\/\/projekt.vombat.ee\/eco\/wp-content\/uploads\/2023\/03\/ECOCRUISER_5.png\",\"contentUrl\":\"https:\/\/projekt.vombat.ee\/eco\/wp-content\/uploads\/2023\/03\/ECOCRUISER_5.png\",\"width\":234,\"height\":91,\"caption\":\"Ecocruiser\"},\"image\":{\"@id\":\"https:\/\/projekt.vombat.ee\/eco\/#\/schema\/logo\/image\/\"}}]}<\/script>\n<!-- \/ Yoast SEO plugin. -->","yoast_head_json":{"title":"T\u00e4ispuhutav Kayak Hydro Force - Ecocruiser","description":"V\u00c4RV: sinine.\u00a0KAUBA KAAL: 7,9kg MAX KAAL: 100kg.\u00a0Kayak on m\u00f5eldud \u00fchele inimesele. Selle pikkus on 2,75 meetrit, laius 81 sentimeetrit ja k\u00f5rgus 45 sentimeetrit.\u00a0Kayakiga on kaasas ka 2 teraga aer, k\u00e4sipump ja remondikleebis. Esi- ja tagak\u00fcljel saad hoida oma asju juhtme all.\u00a0Taga on ka k\u00f6is.\u00a0","robots":{"index":"noindex","follow":"follow","max-snippet":"max-snippet:-1","max-image-preview":"max-image-preview:large","max-video-preview":"max-video-preview:-1"},"og_locale":"en_GB","og_type":"article","og_title":"T\u00e4ispuhutav Kayak Hydro Force - Ecocruiser","og_description":"V\u00c4RV: sinine.\u00a0KAUBA KAAL: 7,9kg MAX KAAL: 100kg.\u00a0Kayak on m\u00f5eldud \u00fchele inimesele. Selle pikkus on 2,75 meetrit, laius 81 sentimeetrit ja k\u00f5rgus 45 sentimeetrit.\u00a0Kayakiga on kaasas ka 2 teraga aer, k\u00e4sipump ja remondikleebis. Esi- ja tagak\u00fcljel saad hoida oma asju juhtme all.\u00a0Taga on ka k\u00f6is.\u00a0","og_url":"https:\/\/projekt.vombat.ee\/eco\/pood\/kayak\/taispuhutav-kayak-hydro-force\/","og_site_name":"Ecocruiser","article_modified_time":"2023-07-29T15:33:30+00:00","og_image":[{"width":425,"height":467,"url":"https:\/\/projekt.vombat.ee\/eco\/wp-content\/uploads\/2023\/07\/Kayak-Cove.jpg","type":"image\/jpeg"}],"twitter_card":"summary_large_image","twitter_misc":{"Estimated reading time":"1 minute"},"schema":{"@context":"https:\/\/schema.org","@graph":[{"@type":"WebPage","@id":"https:\/\/projekt.vombat.ee\/eco\/pood\/kayak\/taispuhutav-kayak-hydro-force\/","url":"https:\/\/projekt.vombat.ee\/eco\/pood\/kayak\/taispuhutav-kayak-hydro-force\/","name":"T\u00e4ispuhutav Kayak Hydro Force - Ecocruiser","isPartOf":{"@id":"https:\/\/projekt.vombat.ee\/eco\/#website"},"primaryImageOfPage":{"@id":"https:\/\/projekt.vombat.ee\/eco\/pood\/kayak\/taispuhutav-kayak-hydro-force\/#primaryimage"},"image":{"@id":"https:\/\/projekt.vombat.ee\/eco\/pood\/kayak\/taispuhutav-kayak-hydro-force\/#primaryimage"},"thumbnailUrl":"https:\/\/projekt.vombat.ee\/eco\/wp-content\/uploads\/2023\/07\/Kayak-Cove.jpg","datePublished":"2023-07-23T18:07:46+00:00","dateModified":"2023-07-29T15:33:30+00:00","description":"V\u00c4RV: sinine.\u00a0KAUBA KAAL: 7,9kg MAX KAAL: 100kg.\u00a0Kayak on m\u00f5eldud \u00fchele inimesele. Selle pikkus on 2,75 meetrit, laius 81 sentimeetrit ja k\u00f5rgus 45 sentimeetrit.\u00a0Kayakiga on kaasas ka 2 teraga aer, k\u00e4sipump ja remondikleebis. Esi- ja tagak\u00fcljel saad hoida oma asju juhtme all.\u00a0Taga on ka k\u00f6is.\u00a0","breadcrumb":{"@id":"https:\/\/projekt.vombat.ee\/eco\/pood\/kayak\/taispuhutav-kayak-hydro-force\/#breadcrumb"},"inLanguage":"en-GB","potentialAction":[{"@type":"ReadAction","target":["https:\/\/projekt.vombat.ee\/eco\/pood\/kayak\/taispuhutav-kayak-hydro-force\/"]}]},{"@type":"ImageObject","inLanguage":"en-GB","@id":"https:\/\/projekt.vombat.ee\/eco\/pood\/kayak\/taispuhutav-kayak-hydro-force\/#primaryimage","url":"https:\/\/projekt.vombat.ee\/eco\/wp-content\/uploads\/2023\/07\/Kayak-Cove.jpg","contentUrl":"https:\/\/projekt.vombat.ee\/eco\/wp-content\/uploads\/2023\/07\/Kayak-Cove.jpg","width":425,"height":467},{"@type":"BreadcrumbList","@id":"https:\/\/projekt.vombat.ee\/eco\/pood\/kayak\/taispuhutav-kayak-hydro-force\/#breadcrumb","itemListElement":[{"@type":"ListItem","position":1,"name":"Home","item":"https:\/\/projekt.vombat.ee\/eco\/"},{"@type":"ListItem","position":2,"name":"Pood","item":"https:\/\/projekt.vombat.ee\/eco\/pood\/"},{"@type":"ListItem","position":3,"name":"T\u00e4ispuhutav Kayak Hydro Force"}]},{"@type":"WebSite","@id":"https:\/\/projekt.vombat.ee\/eco\/#website","url":"https:\/\/projekt.vombat.ee\/eco\/","name":"Ecocruiser","description":"","publisher":{"@id":"https:\/\/projekt.vombat.ee\/eco\/#organization"},"potentialAction":[{"@type":"SearchAction","target":{"@type":"EntryPoint","urlTemplate":"https:\/\/projekt.vombat.ee\/eco\/?s={search_term_string}"},"query-input":{"@type":"PropertyValueSpecification","valueRequired":true,"valueName":"search_term_string"}}],"inLanguage":"en-GB"},{"@type":"Organization","@id":"https:\/\/projekt.vombat.ee\/eco\/#organization","name":"Ecocruiser","url":"https:\/\/projekt.vombat.ee\/eco\/","logo":{"@type":"ImageObject","inLanguage":"en-GB","@id":"https:\/\/projekt.vombat.ee\/eco\/#\/schema\/logo\/image\/","url":"https:\/\/projekt.vombat.ee\/eco\/wp-content\/uploads\/2023\/03\/ECOCRUISER_5.png","contentUrl":"https:\/\/projekt.vombat.ee\/eco\/wp-content\/uploads\/2023\/03\/ECOCRUISER_5.png","width":234,"height":91,"caption":"Ecocruiser"},"image":{"@id":"https:\/\/projekt.vombat.ee\/eco\/#\/schema\/logo\/image\/"}}]}},"lang":"et","translations":{"et":11120},"pll_sync_post":[],"_links":{"self":[{"href":"https:\/\/projekt.vombat.ee\/eco\/wp-json\/wp\/v2\/product\/11120"}],"collection":[{"href":"https:\/\/projekt.vombat.ee\/eco\/wp-json\/wp\/v2\/product"}],"about":[{"href":"https:\/\/projekt.vombat.ee\/eco\/wp-json\/wp\/v2\/types\/product"}],"version-history":[{"count":4,"href":"https:\/\/projekt.vombat.ee\/eco\/wp-json\/wp\/v2\/product\/11120\/revisions"}],"predecessor-version":[{"id":11560,"href":"https:\/\/projekt.vombat.ee\/eco\/wp-json\/wp\/v2\/product\/11120\/revisions\/11560"}],"wp:featuredmedia":[{"embeddable":true,"href":"https:\/\/projekt.vombat.ee\/eco\/wp-json\/wp\/v2\/media\/11122"}],"wp:attachment":[{"href":"https:\/\/projekt.vombat.ee\/eco\/wp-json\/wp\/v2\/media?parent=11120"}],"wp:term":[{"taxonomy":"product_cat","embeddable":true,"href":"https:\/\/projekt.vombat.ee\/eco\/wp-json\/wp\/v2\/product_cat?post=11120"},{"taxonomy":"product_tag","embeddable":true,"href":"https:\/\/projekt.vombat.ee\/eco\/wp-json\/wp\/v2\/product_tag?post=11120"}],"curies":[{"name":"wp","href":"https:\/\/api.w.org\/{rel}","templated":true}]}}