{"id":11041,"date":"2023-07-19T14:04:56","date_gmt":"2023-07-19T14:04:56","guid":{"rendered":"https:\/\/projekt.vombat.ee\/eco\/?post_type=product&#038;p=11041"},"modified":"2023-07-23T18:24:18","modified_gmt":"2023-07-23T18:24:18","slug":"taispumbatav-kajak-challenger-k1","status":"publish","type":"product","link":"https:\/\/projekt.vombat.ee\/eco\/pood\/kayak\/taispumbatav-kajak-challenger-k1\/","title":{"rendered":"T\u00e4ispuhutav Kajak Challenger K1"},"content":{"rendered":"<h1><strong>Kayak Challenger K1<\/strong><\/h1>\n<ul>\n<li><strong>V\u00c4RV: roheline.\u00a0<\/strong><\/li>\n<li><strong>MAX KAAL: 100kg.\u00a0<\/strong><\/li>\n<li><strong>M\u00d5\u00d5DUD: <span class=\"a-size-base po-break-word\">2,74 x 0,76 x 0,33 m.<\/span><\/strong><\/li>\n<li><strong>KAUBA KAAL: 1,1kg.\u00a0<\/strong><\/li>\n<li class=\"a-spacing-mini\"><strong><span class=\"a-list-item\">MITMEK\u00dcLGNE: kasutada magevees + j\u00e4rves, mis r\u00f5\u00f5mustab k\u00f5iki \u00f5uespordi harrastajaid.\u00a0<\/span><\/strong><\/li>\n<li class=\"a-spacing-mini\"><strong><span class=\"a-list-item\">MUGAV: eemaldatav ja reguleeritav t\u00e4ispuhutav iste ja seljatugi.\u00a0<\/span><\/strong><\/li>\n<li class=\"a-spacing-mini\"><strong><span class=\"a-list-item\">PRAKTILINE: kompaktne formaat, mis on t\u00fchjendatud ja h\u00f5lpsasti transporditav t\u00e4nu kaasasolevale kandekotile.\u00a0<\/span><\/strong><\/li>\n<li class=\"a-spacing-mini\"><strong><span class=\"a-list-item\">TUGEVUS: selle tugevdatud vin\u00fc\u00fclstruktuur v\u00f5imaldab kayakil vastu pidada enamikele s\u00fcndmustele ja kesta l\u00e4bi aastaaegade.\u00a0<\/span><\/strong><\/li>\n<li class=\"a-spacing-mini\"><strong><span class=\"a-list-item\">TARVIKUD: sisaldab aeru ja manuaalset pumpa.\u00a0<\/span><\/strong><\/li>\n<\/ul>\n","protected":false},"excerpt":{"rendered":"<p><strong>Kayak Challenger K1<\/strong><\/p>\n<ul>\n<li><strong>V\u00c4RV: roheline.\u00a0<\/strong><\/li>\n<li><strong>MAX KAAL: 100kg.\u00a0<\/strong><\/li>\n<li><strong>M\u00d5\u00d5DUD: <span class=\"a-size-base po-break-word\">2,74 x 0,76 x 0,33 m.<\/span><\/strong><\/li>\n<li><strong>KAUBA KAAL: 1,1kg.\u00a0<\/strong><\/li>\n<li class=\"a-spacing-mini\"><strong><span class=\"a-list-item\">MITMEK\u00dcLGNE: Kasutada meres, j\u00e4rves v\u00f5i j\u00f5es. R\u00f5\u00f5mustab k\u00f5iki \u00f5uespordi harrastajaid.\u00a0<\/span><\/strong><\/li>\n<li class=\"a-spacing-mini\"><strong><span class=\"a-list-item\">MUGAV: eemaldatav ja reguleeritav t\u00e4ispuhutav iste ja seljatugi.\u00a0<\/span><\/strong><\/li>\n<\/ul>\n<p>&nbsp;<\/p>\n<ul>\n<li><strong>Tarneaeg 2-7 p\u00e4eva<\/strong><\/li>\n<li><strong>Laos<\/strong><\/li>\n<\/ul>\n","protected":false},"featured_media":11042,"template":"","meta":[],"product_cat":[1761],"product_tag":[],"class_list":{"0":"post-11041","1":"product","2":"type-product","3":"status-publish","4":"has-post-thumbnail","6":"product_cat-kayak","7":"product_shipping_class-sup-lauad","9":"first","10":"instock","11":"sale","12":"taxable","13":"shipping-taxable","14":"purchasable","15":"product-type-simple"},"yoast_head":"<!-- This site is optimized with the Yoast SEO plugin v23.8 - https:\/\/yoast.com\/wordpress\/plugins\/seo\/ -->\n<title>T\u00e4ispuhutav Kajak Challenger K1 - Ecocruiser<\/title>\n<meta name=\"description\" content=\"V\u00c4RV: roheline.\u00a0MAX KAAL: 100kg.\u00a0M\u00d5\u00d5DUD: 2,74L x 0,76W x 0,33H meetri.KAUBA KAAL: 1,1kg.\u00a0MITMEK\u00dcLGNE: kasutada magevees + j\u00e4rves, mis r\u00f5\u00f5mustab k\u00f5iki \u00f5uespordi harrastajaid.\u00a0MUGAV: eemaldatav ja reguleeritav t\u00e4ispuhutav iste ja seljatugi.\u00a0\" \/>\n<meta name=\"robots\" content=\"noindex, follow, max-snippet:-1, max-image-preview:large, max-video-preview:-1\" \/>\n<meta property=\"og:locale\" content=\"en_GB\" \/>\n<meta property=\"og:type\" content=\"article\" \/>\n<meta property=\"og:title\" content=\"T\u00e4ispuhutav Kajak Challenger K1 - Ecocruiser\" \/>\n<meta property=\"og:description\" content=\"V\u00c4RV: roheline.\u00a0MAX KAAL: 100kg.\u00a0M\u00d5\u00d5DUD: 2,74L x 0,76W x 0,33H meetri.KAUBA KAAL: 1,1kg.\u00a0MITMEK\u00dcLGNE: kasutada magevees + j\u00e4rves, mis r\u00f5\u00f5mustab k\u00f5iki \u00f5uespordi harrastajaid.\u00a0MUGAV: eemaldatav ja reguleeritav t\u00e4ispuhutav iste ja seljatugi.\u00a0\" \/>\n<meta property=\"og:url\" content=\"https:\/\/projekt.vombat.ee\/eco\/pood\/kayak\/taispumbatav-kajak-challenger-k1\/\" \/>\n<meta property=\"og:site_name\" content=\"Ecocruiser\" \/>\n<meta property=\"article:modified_time\" content=\"2023-07-23T18:24:18+00:00\" \/>\n<meta property=\"og:image\" content=\"https:\/\/projekt.vombat.ee\/eco\/wp-content\/uploads\/2023\/07\/Kayak-challenger-K1.jpg\" \/>\n\t<meta property=\"og:image:width\" content=\"679\" \/>\n\t<meta property=\"og:image:height\" content=\"491\" \/>\n\t<meta property=\"og:image:type\" content=\"image\/jpeg\" \/>\n<meta name=\"twitter:card\" content=\"summary_large_image\" \/>\n<meta name=\"twitter:label1\" content=\"Estimated reading time\" \/>\n\t<meta name=\"twitter:data1\" content=\"1 minute\" \/>\n<script type=\"application\/ld+json\" class=\"yoast-schema-graph\">{\"@context\":\"https:\/\/schema.org\",\"@graph\":[{\"@type\":\"WebPage\",\"@id\":\"https:\/\/projekt.vombat.ee\/eco\/pood\/kayak\/taispumbatav-kajak-challenger-k1\/\",\"url\":\"https:\/\/projekt.vombat.ee\/eco\/pood\/kayak\/taispumbatav-kajak-challenger-k1\/\",\"name\":\"T\u00e4ispuhutav Kajak Challenger K1 - Ecocruiser\",\"isPartOf\":{\"@id\":\"https:\/\/projekt.vombat.ee\/eco\/#website\"},\"primaryImageOfPage\":{\"@id\":\"https:\/\/projekt.vombat.ee\/eco\/pood\/kayak\/taispumbatav-kajak-challenger-k1\/#primaryimage\"},\"image\":{\"@id\":\"https:\/\/projekt.vombat.ee\/eco\/pood\/kayak\/taispumbatav-kajak-challenger-k1\/#primaryimage\"},\"thumbnailUrl\":\"https:\/\/projekt.vombat.ee\/eco\/wp-content\/uploads\/2023\/07\/Kayak-challenger-K1.jpg\",\"datePublished\":\"2023-07-19T14:04:56+00:00\",\"dateModified\":\"2023-07-23T18:24:18+00:00\",\"description\":\"V\u00c4RV: roheline.\u00a0MAX KAAL: 100kg.\u00a0M\u00d5\u00d5DUD: 2,74L x 0,76W x 0,33H meetri.KAUBA KAAL: 1,1kg.\u00a0MITMEK\u00dcLGNE: kasutada magevees + j\u00e4rves, mis r\u00f5\u00f5mustab k\u00f5iki \u00f5uespordi harrastajaid.\u00a0MUGAV: eemaldatav ja reguleeritav t\u00e4ispuhutav iste ja seljatugi.\u00a0\",\"breadcrumb\":{\"@id\":\"https:\/\/projekt.vombat.ee\/eco\/pood\/kayak\/taispumbatav-kajak-challenger-k1\/#breadcrumb\"},\"inLanguage\":\"en-GB\",\"potentialAction\":[{\"@type\":\"ReadAction\",\"target\":[\"https:\/\/projekt.vombat.ee\/eco\/pood\/kayak\/taispumbatav-kajak-challenger-k1\/\"]}]},{\"@type\":\"ImageObject\",\"inLanguage\":\"en-GB\",\"@id\":\"https:\/\/projekt.vombat.ee\/eco\/pood\/kayak\/taispumbatav-kajak-challenger-k1\/#primaryimage\",\"url\":\"https:\/\/projekt.vombat.ee\/eco\/wp-content\/uploads\/2023\/07\/Kayak-challenger-K1.jpg\",\"contentUrl\":\"https:\/\/projekt.vombat.ee\/eco\/wp-content\/uploads\/2023\/07\/Kayak-challenger-K1.jpg\",\"width\":679,\"height\":491,\"caption\":\"T\u00e4ispumbatav Kajak Challenger K1\"},{\"@type\":\"BreadcrumbList\",\"@id\":\"https:\/\/projekt.vombat.ee\/eco\/pood\/kayak\/taispumbatav-kajak-challenger-k1\/#breadcrumb\",\"itemListElement\":[{\"@type\":\"ListItem\",\"position\":1,\"name\":\"Home\",\"item\":\"https:\/\/projekt.vombat.ee\/eco\/\"},{\"@type\":\"ListItem\",\"position\":2,\"name\":\"Pood\",\"item\":\"https:\/\/projekt.vombat.ee\/eco\/pood\/\"},{\"@type\":\"ListItem\",\"position\":3,\"name\":\"T\u00e4ispuhutav Kajak Challenger K1\"}]},{\"@type\":\"WebSite\",\"@id\":\"https:\/\/projekt.vombat.ee\/eco\/#website\",\"url\":\"https:\/\/projekt.vombat.ee\/eco\/\",\"name\":\"Ecocruiser\",\"description\":\"\",\"publisher\":{\"@id\":\"https:\/\/projekt.vombat.ee\/eco\/#organization\"},\"potentialAction\":[{\"@type\":\"SearchAction\",\"target\":{\"@type\":\"EntryPoint\",\"urlTemplate\":\"https:\/\/projekt.vombat.ee\/eco\/?s={search_term_string}\"},\"query-input\":{\"@type\":\"PropertyValueSpecification\",\"valueRequired\":true,\"valueName\":\"search_term_string\"}}],\"inLanguage\":\"en-GB\"},{\"@type\":\"Organization\",\"@id\":\"https:\/\/projekt.vombat.ee\/eco\/#organization\",\"name\":\"Ecocruiser\",\"url\":\"https:\/\/projekt.vombat.ee\/eco\/\",\"logo\":{\"@type\":\"ImageObject\",\"inLanguage\":\"en-GB\",\"@id\":\"https:\/\/projekt.vombat.ee\/eco\/#\/schema\/logo\/image\/\",\"url\":\"https:\/\/projekt.vombat.ee\/eco\/wp-content\/uploads\/2023\/03\/ECOCRUISER_5.png\",\"contentUrl\":\"https:\/\/projekt.vombat.ee\/eco\/wp-content\/uploads\/2023\/03\/ECOCRUISER_5.png\",\"width\":234,\"height\":91,\"caption\":\"Ecocruiser\"},\"image\":{\"@id\":\"https:\/\/projekt.vombat.ee\/eco\/#\/schema\/logo\/image\/\"}}]}<\/script>\n<!-- \/ Yoast SEO plugin. -->","yoast_head_json":{"title":"T\u00e4ispuhutav Kajak Challenger K1 - Ecocruiser","description":"V\u00c4RV: roheline.\u00a0MAX KAAL: 100kg.\u00a0M\u00d5\u00d5DUD: 2,74L x 0,76W x 0,33H meetri.KAUBA KAAL: 1,1kg.\u00a0MITMEK\u00dcLGNE: kasutada magevees + j\u00e4rves, mis r\u00f5\u00f5mustab k\u00f5iki \u00f5uespordi harrastajaid.\u00a0MUGAV: eemaldatav ja reguleeritav t\u00e4ispuhutav iste ja seljatugi.\u00a0","robots":{"index":"noindex","follow":"follow","max-snippet":"max-snippet:-1","max-image-preview":"max-image-preview:large","max-video-preview":"max-video-preview:-1"},"og_locale":"en_GB","og_type":"article","og_title":"T\u00e4ispuhutav Kajak Challenger K1 - Ecocruiser","og_description":"V\u00c4RV: roheline.\u00a0MAX KAAL: 100kg.\u00a0M\u00d5\u00d5DUD: 2,74L x 0,76W x 0,33H meetri.KAUBA KAAL: 1,1kg.\u00a0MITMEK\u00dcLGNE: kasutada magevees + j\u00e4rves, mis r\u00f5\u00f5mustab k\u00f5iki \u00f5uespordi harrastajaid.\u00a0MUGAV: eemaldatav ja reguleeritav t\u00e4ispuhutav iste ja seljatugi.\u00a0","og_url":"https:\/\/projekt.vombat.ee\/eco\/pood\/kayak\/taispumbatav-kajak-challenger-k1\/","og_site_name":"Ecocruiser","article_modified_time":"2023-07-23T18:24:18+00:00","og_image":[{"width":679,"height":491,"url":"https:\/\/projekt.vombat.ee\/eco\/wp-content\/uploads\/2023\/07\/Kayak-challenger-K1.jpg","type":"image\/jpeg"}],"twitter_card":"summary_large_image","twitter_misc":{"Estimated reading time":"1 minute"},"schema":{"@context":"https:\/\/schema.org","@graph":[{"@type":"WebPage","@id":"https:\/\/projekt.vombat.ee\/eco\/pood\/kayak\/taispumbatav-kajak-challenger-k1\/","url":"https:\/\/projekt.vombat.ee\/eco\/pood\/kayak\/taispumbatav-kajak-challenger-k1\/","name":"T\u00e4ispuhutav Kajak Challenger K1 - Ecocruiser","isPartOf":{"@id":"https:\/\/projekt.vombat.ee\/eco\/#website"},"primaryImageOfPage":{"@id":"https:\/\/projekt.vombat.ee\/eco\/pood\/kayak\/taispumbatav-kajak-challenger-k1\/#primaryimage"},"image":{"@id":"https:\/\/projekt.vombat.ee\/eco\/pood\/kayak\/taispumbatav-kajak-challenger-k1\/#primaryimage"},"thumbnailUrl":"https:\/\/projekt.vombat.ee\/eco\/wp-content\/uploads\/2023\/07\/Kayak-challenger-K1.jpg","datePublished":"2023-07-19T14:04:56+00:00","dateModified":"2023-07-23T18:24:18+00:00","description":"V\u00c4RV: roheline.\u00a0MAX KAAL: 100kg.\u00a0M\u00d5\u00d5DUD: 2,74L x 0,76W x 0,33H meetri.KAUBA KAAL: 1,1kg.\u00a0MITMEK\u00dcLGNE: kasutada magevees + j\u00e4rves, mis r\u00f5\u00f5mustab k\u00f5iki \u00f5uespordi harrastajaid.\u00a0MUGAV: eemaldatav ja reguleeritav t\u00e4ispuhutav iste ja seljatugi.\u00a0","breadcrumb":{"@id":"https:\/\/projekt.vombat.ee\/eco\/pood\/kayak\/taispumbatav-kajak-challenger-k1\/#breadcrumb"},"inLanguage":"en-GB","potentialAction":[{"@type":"ReadAction","target":["https:\/\/projekt.vombat.ee\/eco\/pood\/kayak\/taispumbatav-kajak-challenger-k1\/"]}]},{"@type":"ImageObject","inLanguage":"en-GB","@id":"https:\/\/projekt.vombat.ee\/eco\/pood\/kayak\/taispumbatav-kajak-challenger-k1\/#primaryimage","url":"https:\/\/projekt.vombat.ee\/eco\/wp-content\/uploads\/2023\/07\/Kayak-challenger-K1.jpg","contentUrl":"https:\/\/projekt.vombat.ee\/eco\/wp-content\/uploads\/2023\/07\/Kayak-challenger-K1.jpg","width":679,"height":491,"caption":"T\u00e4ispumbatav Kajak Challenger K1"},{"@type":"BreadcrumbList","@id":"https:\/\/projekt.vombat.ee\/eco\/pood\/kayak\/taispumbatav-kajak-challenger-k1\/#breadcrumb","itemListElement":[{"@type":"ListItem","position":1,"name":"Home","item":"https:\/\/projekt.vombat.ee\/eco\/"},{"@type":"ListItem","position":2,"name":"Pood","item":"https:\/\/projekt.vombat.ee\/eco\/pood\/"},{"@type":"ListItem","position":3,"name":"T\u00e4ispuhutav Kajak Challenger K1"}]},{"@type":"WebSite","@id":"https:\/\/projekt.vombat.ee\/eco\/#website","url":"https:\/\/projekt.vombat.ee\/eco\/","name":"Ecocruiser","description":"","publisher":{"@id":"https:\/\/projekt.vombat.ee\/eco\/#organization"},"potentialAction":[{"@type":"SearchAction","target":{"@type":"EntryPoint","urlTemplate":"https:\/\/projekt.vombat.ee\/eco\/?s={search_term_string}"},"query-input":{"@type":"PropertyValueSpecification","valueRequired":true,"valueName":"search_term_string"}}],"inLanguage":"en-GB"},{"@type":"Organization","@id":"https:\/\/projekt.vombat.ee\/eco\/#organization","name":"Ecocruiser","url":"https:\/\/projekt.vombat.ee\/eco\/","logo":{"@type":"ImageObject","inLanguage":"en-GB","@id":"https:\/\/projekt.vombat.ee\/eco\/#\/schema\/logo\/image\/","url":"https:\/\/projekt.vombat.ee\/eco\/wp-content\/uploads\/2023\/03\/ECOCRUISER_5.png","contentUrl":"https:\/\/projekt.vombat.ee\/eco\/wp-content\/uploads\/2023\/03\/ECOCRUISER_5.png","width":234,"height":91,"caption":"Ecocruiser"},"image":{"@id":"https:\/\/projekt.vombat.ee\/eco\/#\/schema\/logo\/image\/"}}]}},"lang":"et","translations":{"et":11041},"pll_sync_post":[],"_links":{"self":[{"href":"https:\/\/projekt.vombat.ee\/eco\/wp-json\/wp\/v2\/product\/11041"}],"collection":[{"href":"https:\/\/projekt.vombat.ee\/eco\/wp-json\/wp\/v2\/product"}],"about":[{"href":"https:\/\/projekt.vombat.ee\/eco\/wp-json\/wp\/v2\/types\/product"}],"version-history":[{"count":4,"href":"https:\/\/projekt.vombat.ee\/eco\/wp-json\/wp\/v2\/product\/11041\/revisions"}],"predecessor-version":[{"id":11294,"href":"https:\/\/projekt.vombat.ee\/eco\/wp-json\/wp\/v2\/product\/11041\/revisions\/11294"}],"wp:featuredmedia":[{"embeddable":true,"href":"https:\/\/projekt.vombat.ee\/eco\/wp-json\/wp\/v2\/media\/11042"}],"wp:attachment":[{"href":"https:\/\/projekt.vombat.ee\/eco\/wp-json\/wp\/v2\/media?parent=11041"}],"wp:term":[{"taxonomy":"product_cat","embeddable":true,"href":"https:\/\/projekt.vombat.ee\/eco\/wp-json\/wp\/v2\/product_cat?post=11041"},{"taxonomy":"product_tag","embeddable":true,"href":"https:\/\/projekt.vombat.ee\/eco\/wp-json\/wp\/v2\/product_tag?post=11041"}],"curies":[{"name":"wp","href":"https:\/\/api.w.org\/{rel}","templated":true}]}}