{"id":11022,"date":"2023-07-10T12:59:46","date_gmt":"2023-07-10T12:59:46","guid":{"rendered":"https:\/\/projekt.vombat.ee\/eco\/?post_type=product&#038;p=11022"},"modified":"2023-09-14T13:12:47","modified_gmt":"2023-09-14T13:12:47","slug":"ecocruiser-max-65km","status":"publish","type":"product","link":"https:\/\/projekt.vombat.ee\/eco\/lv\/pood\/zimoli\/ecocruiser\/ecocruiser-max-65km\/","title":{"rendered":"Ecocruiser Max, 65km"},"content":{"rendered":"<h1>Ecocruiser Max elektriskais skrejritenis<\/h1>\n<h3><img fetchpriority=\"high\" decoding=\"async\" class=\"msub_k4 mupj_5k mjru_k4 mse2_k4 mp7g_f6 mq1m_0 mj7u_0 m7er_k4 lazyloaded\" src=\"https:\/\/a.allegroimg.com\/original\/1162e9\/f4d5d9c946e69f55f06adf499359\/35Km-h-500w-Electric-Scooter-Foldable-W-App-Weight-22-kg\" sizes=\"100vw\" srcset=\"https:\/\/a.allegroimg.com\/s360\/1162e9\/f4d5d9c946e69f55f06adf499359\/35Km-h-500w-Electric-Scooter-Foldable-W-App-Weight-22-kg 360w,https:\/\/a.allegroimg.com\/s720\/1162e9\/f4d5d9c946e69f55f06adf499359\/35Km-h-500w-Electric-Scooter-Foldable-W-App-Weight-22-kg 720w,https:\/\/a.allegroimg.com\/s1024\/1162e9\/f4d5d9c946e69f55f06adf499359\/35Km-h-500w-Electric-Scooter-Foldable-W-App-Weight-22-kg 1024w,https:\/\/a.allegroimg.com\/s1440\/1162e9\/f4d5d9c946e69f55f06adf499359\/35Km-h-500w-Electric-Scooter-Foldable-W-App-Weight-22-kg 1100w,https:\/\/a.allegroimg.com\/original\/1162e9\/f4d5d9c946e69f55f06adf499359\/35Km-h-500w-Electric-Scooter-Foldable-W-App-Weight-22-kg 1100w\" alt=\"35Km\/h 500w Electric Scooter Foldable W\/App Weight 22 kg\" width=\"710\" height=\"516\" data-src=\"https:\/\/a.allegroimg.com\/original\/1162e9\/f4d5d9c946e69f55f06adf499359\/35Km-h-500w-Electric-Scooter-Foldable-W-App-Weight-22-kg\" data-srcset=\"https:\/\/a.allegroimg.com\/s360\/1162e9\/f4d5d9c946e69f55f06adf499359\/35Km-h-500w-Electric-Scooter-Foldable-W-App-Weight-22-kg 360w,https:\/\/a.allegroimg.com\/s720\/1162e9\/f4d5d9c946e69f55f06adf499359\/35Km-h-500w-Electric-Scooter-Foldable-W-App-Weight-22-kg 720w,https:\/\/a.allegroimg.com\/s1024\/1162e9\/f4d5d9c946e69f55f06adf499359\/35Km-h-500w-Electric-Scooter-Foldable-W-App-Weight-22-kg 1024w,https:\/\/a.allegroimg.com\/s1440\/1162e9\/f4d5d9c946e69f55f06adf499359\/35Km-h-500w-Electric-Scooter-Foldable-W-App-Weight-22-kg 1100w,https:\/\/a.allegroimg.com\/original\/1162e9\/f4d5d9c946e69f55f06adf499359\/35Km-h-500w-Electric-Scooter-Foldable-W-App-Weight-22-kg 1100w\" \/><\/h3>\n<h3>Kvalitat\u012bvs dzin\u0113js<\/h3>\n<p>Ecocruiser Max ir 500 W motors. Kop\u0101 ar kontrolieri tie \u013cauj braukt pa rampu &#8211; l\u012bdz 18 gr\u0101diem, nezaud\u0113jot \u0101trumu.<\/p>\n<p><img decoding=\"async\" class=\"msub_k4 mupj_5k mjru_k4 mse2_k4 mp7g_f6 mq1m_0 mj7u_0 m7er_k4 lazyloaded\" src=\"https:\/\/a.allegroimg.com\/original\/11899e\/a333979a4201bda3b17731b8fb49\/35Km-h-500w-Electric-Scooter-Foldable-W-App-Wheel-diameter-inch-9\" sizes=\"100vw\" srcset=\"https:\/\/a.allegroimg.com\/s360\/11899e\/a333979a4201bda3b17731b8fb49\/35Km-h-500w-Electric-Scooter-Foldable-W-App-Wheel-diameter-inch-9 360w,https:\/\/a.allegroimg.com\/s720\/11899e\/a333979a4201bda3b17731b8fb49\/35Km-h-500w-Electric-Scooter-Foldable-W-App-Wheel-diameter-inch-9 720w,https:\/\/a.allegroimg.com\/s1024\/11899e\/a333979a4201bda3b17731b8fb49\/35Km-h-500w-Electric-Scooter-Foldable-W-App-Wheel-diameter-inch-9 1024w,https:\/\/a.allegroimg.com\/s1440\/11899e\/a333979a4201bda3b17731b8fb49\/35Km-h-500w-Electric-Scooter-Foldable-W-App-Wheel-diameter-inch-9 1100w,https:\/\/a.allegroimg.com\/original\/11899e\/a333979a4201bda3b17731b8fb49\/35Km-h-500w-Electric-Scooter-Foldable-W-App-Wheel-diameter-inch-9 1100w\" alt=\"35Km\/h 500w Electric Scooter Foldable W\/App Wheel diameter (inch) 9&quot;\" width=\"725\" height=\"527\" data-src=\"https:\/\/a.allegroimg.com\/original\/11899e\/a333979a4201bda3b17731b8fb49\/35Km-h-500w-Electric-Scooter-Foldable-W-App-Wheel-diameter-inch-9\" data-srcset=\"https:\/\/a.allegroimg.com\/s360\/11899e\/a333979a4201bda3b17731b8fb49\/35Km-h-500w-Electric-Scooter-Foldable-W-App-Wheel-diameter-inch-9 360w,https:\/\/a.allegroimg.com\/s720\/11899e\/a333979a4201bda3b17731b8fb49\/35Km-h-500w-Electric-Scooter-Foldable-W-App-Wheel-diameter-inch-9 720w,https:\/\/a.allegroimg.com\/s1024\/11899e\/a333979a4201bda3b17731b8fb49\/35Km-h-500w-Electric-Scooter-Foldable-W-App-Wheel-diameter-inch-9 1024w,https:\/\/a.allegroimg.com\/s1440\/11899e\/a333979a4201bda3b17731b8fb49\/35Km-h-500w-Electric-Scooter-Foldable-W-App-Wheel-diameter-inch-9 1100w,https:\/\/a.allegroimg.com\/original\/11899e\/a333979a4201bda3b17731b8fb49\/35Km-h-500w-Electric-Scooter-Foldable-W-App-Wheel-diameter-inch-9 1100w\" \/><\/p>\n<h3>9 collu rite\u0146i, divi amortizatori<\/h3>\n<p>Sp\u0113c\u012bgi 9 collu piep\u016b\u0161amie rite\u0146i, atsperu amortizatori un nesl\u012bdo\u0161a platforma ir atbild\u012bgi par j\u016bsu brauk\u0161anas komfortu un dro\u0161\u012bbu.<\/p>\n<p><img decoding=\"async\" class=\"msub_k4 mupj_5k mjru_k4 mse2_k4 mp7g_f6 mq1m_0 mj7u_0 m7er_k4 lazyloaded\" src=\"https:\/\/a.allegroimg.com\/original\/11ae96\/d6641c734fcb9135447cf1b00af5\/35Km-h-500w-Electric-Scooter-Foldable-W-App-Maximum-Slope-Angle-12\" sizes=\"(min-width: 1200px) 560px, (min-width: 992px) 50vw, 100vw\" srcset=\"https:\/\/a.allegroimg.com\/s360\/11ae96\/d6641c734fcb9135447cf1b00af5\/35Km-h-500w-Electric-Scooter-Foldable-W-App-Maximum-Slope-Angle-12 360w,https:\/\/a.allegroimg.com\/s720\/11ae96\/d6641c734fcb9135447cf1b00af5\/35Km-h-500w-Electric-Scooter-Foldable-W-App-Maximum-Slope-Angle-12 720w,https:\/\/a.allegroimg.com\/s1024\/11ae96\/d6641c734fcb9135447cf1b00af5\/35Km-h-500w-Electric-Scooter-Foldable-W-App-Maximum-Slope-Angle-12 1024w,https:\/\/a.allegroimg.com\/s1440\/11ae96\/d6641c734fcb9135447cf1b00af5\/35Km-h-500w-Electric-Scooter-Foldable-W-App-Maximum-Slope-Angle-12 1100w,https:\/\/a.allegroimg.com\/original\/11ae96\/d6641c734fcb9135447cf1b00af5\/35Km-h-500w-Electric-Scooter-Foldable-W-App-Maximum-Slope-Angle-12 1100w\" alt=\"35Km\/h 500w Electric Scooter Foldable W\/App Maximum Slope Angle 12\u00b0\" width=\"603\" height=\"439\" data-src=\"https:\/\/a.allegroimg.com\/original\/11ae96\/d6641c734fcb9135447cf1b00af5\/35Km-h-500w-Electric-Scooter-Foldable-W-App-Maximum-Slope-Angle-12\" data-srcset=\"https:\/\/a.allegroimg.com\/s360\/11ae96\/d6641c734fcb9135447cf1b00af5\/35Km-h-500w-Electric-Scooter-Foldable-W-App-Maximum-Slope-Angle-12 360w,https:\/\/a.allegroimg.com\/s720\/11ae96\/d6641c734fcb9135447cf1b00af5\/35Km-h-500w-Electric-Scooter-Foldable-W-App-Maximum-Slope-Angle-12 720w,https:\/\/a.allegroimg.com\/s1024\/11ae96\/d6641c734fcb9135447cf1b00af5\/35Km-h-500w-Electric-Scooter-Foldable-W-App-Maximum-Slope-Angle-12 1024w,https:\/\/a.allegroimg.com\/s1440\/11ae96\/d6641c734fcb9135447cf1b00af5\/35Km-h-500w-Electric-Scooter-Foldable-W-App-Maximum-Slope-Angle-12 1100w,https:\/\/a.allegroimg.com\/original\/11ae96\/d6641c734fcb9135447cf1b00af5\/35Km-h-500w-Electric-Scooter-Foldable-W-App-Maximum-Slope-Angle-12 1100w\" \/><\/p>\n<p><img loading=\"lazy\" decoding=\"async\" class=\"msub_k4 mupj_5k mjru_k4 mse2_k4 mp7g_f6 mq1m_0 mj7u_0 m7er_k4 lazyloaded\" src=\"https:\/\/a.allegroimg.com\/original\/11ca67\/bb3028b74b0abf210d8a18169752\/35Km-h-500w-Electric-Scooter-Foldable-W-App-Brake-electronic-disc\" sizes=\"(min-width: 1200px) 560px, (min-width: 992px) 50vw, 100vw\" srcset=\"https:\/\/a.allegroimg.com\/s360\/11ca67\/bb3028b74b0abf210d8a18169752\/35Km-h-500w-Electric-Scooter-Foldable-W-App-Brake-electronic-disc 360w,https:\/\/a.allegroimg.com\/s720\/11ca67\/bb3028b74b0abf210d8a18169752\/35Km-h-500w-Electric-Scooter-Foldable-W-App-Brake-electronic-disc 720w,https:\/\/a.allegroimg.com\/s1024\/11ca67\/bb3028b74b0abf210d8a18169752\/35Km-h-500w-Electric-Scooter-Foldable-W-App-Brake-electronic-disc 1024w,https:\/\/a.allegroimg.com\/s1440\/11ca67\/bb3028b74b0abf210d8a18169752\/35Km-h-500w-Electric-Scooter-Foldable-W-App-Brake-electronic-disc 1100w,https:\/\/a.allegroimg.com\/original\/11ca67\/bb3028b74b0abf210d8a18169752\/35Km-h-500w-Electric-Scooter-Foldable-W-App-Brake-electronic-disc 1100w\" alt=\"35Km\/h 500w Electric Scooter Foldable W\/App Brake electronic disc\" width=\"603\" height=\"439\" data-src=\"https:\/\/a.allegroimg.com\/original\/11ca67\/bb3028b74b0abf210d8a18169752\/35Km-h-500w-Electric-Scooter-Foldable-W-App-Brake-electronic-disc\" data-srcset=\"https:\/\/a.allegroimg.com\/s360\/11ca67\/bb3028b74b0abf210d8a18169752\/35Km-h-500w-Electric-Scooter-Foldable-W-App-Brake-electronic-disc 360w,https:\/\/a.allegroimg.com\/s720\/11ca67\/bb3028b74b0abf210d8a18169752\/35Km-h-500w-Electric-Scooter-Foldable-W-App-Brake-electronic-disc 720w,https:\/\/a.allegroimg.com\/s1024\/11ca67\/bb3028b74b0abf210d8a18169752\/35Km-h-500w-Electric-Scooter-Foldable-W-App-Brake-electronic-disc 1024w,https:\/\/a.allegroimg.com\/s1440\/11ca67\/bb3028b74b0abf210d8a18169752\/35Km-h-500w-Electric-Scooter-Foldable-W-App-Brake-electronic-disc 1100w,https:\/\/a.allegroimg.com\/original\/11ca67\/bb3028b74b0abf210d8a18169752\/35Km-h-500w-Electric-Scooter-Foldable-W-App-Brake-electronic-disc 1100w\" \/><\/p>\n<h3>Divas disku bremzes<\/h3>\n<p>Iztur\u012bg\u0101s disku bremzes nodro\u0161ina \u012bsu bremz\u0113\u0161anas ce\u013cu un sniedz dro\u0161\u012bbas saj\u016btu.<\/p>\n<h3>Piln\u012bga kontrole<\/h3>\n<p>LCD ekr\u0101ns nodro\u0161ina piek\u013cuvi visiem galvenajiem parametriem, tostarp: akumulatora uzl\u0101des l\u012bmenim, pa\u0161reiz\u0113jam \u0101trumam, nobraukumam un p\u0101rnesumu regul\u0113\u0161anai.<\/p>\n<h3>Nobraukums l\u012bdz 65 km ar vienu uzl\u0101di<\/h3>\n<p>Pateicoties inteli\u0123entajai vad\u012bbai, 15Ah litija jonu akumulators pat\u0113r\u0113 ener\u0123iju efekt\u012bv\u0101k. Pateicoties \u0101tr\u0101s uzl\u0101des tehnolo\u0123ijai, motorollera piln\u012bgai uzl\u0101dei nepiecie\u0161amas tikai 5-6 stundas.<\/p>\n<h3>Salieciet to un pa\u0146emiet to, kur vien v\u0113laties<\/h3>\n<p>Ecocruiser Max ir saliekams, kas \u013cauj \u0113rti pa\u0146emt l\u012bdzi, piem. j\u016bsu automa\u0161\u012bnas bag\u0101\u017eniek\u0101.<\/p>\n<p><img loading=\"lazy\" decoding=\"async\" class=\"msub_k4 mupj_5k mjru_k4 mse2_k4 mp7g_f6 mq1m_0 mj7u_0 m7er_k4 lazyloaded\" src=\"https:\/\/a.allegroimg.com\/original\/110aea\/1edc86534bac8b2f66b32d17f9d5\/35Km-h-500w-Electric-Scooter-Foldable-W-App-Manufacturer-s-code-4537364524195\" sizes=\"(min-width: 1200px) 560px, (min-width: 992px) 50vw, 100vw\" srcset=\"https:\/\/a.allegroimg.com\/s360\/110aea\/1edc86534bac8b2f66b32d17f9d5\/35Km-h-500w-Electric-Scooter-Foldable-W-App-Manufacturer-s-code-4537364524195 360w,https:\/\/a.allegroimg.com\/s720\/110aea\/1edc86534bac8b2f66b32d17f9d5\/35Km-h-500w-Electric-Scooter-Foldable-W-App-Manufacturer-s-code-4537364524195 720w,https:\/\/a.allegroimg.com\/s1024\/110aea\/1edc86534bac8b2f66b32d17f9d5\/35Km-h-500w-Electric-Scooter-Foldable-W-App-Manufacturer-s-code-4537364524195 1024w,https:\/\/a.allegroimg.com\/s1440\/110aea\/1edc86534bac8b2f66b32d17f9d5\/35Km-h-500w-Electric-Scooter-Foldable-W-App-Manufacturer-s-code-4537364524195 1440w,https:\/\/a.allegroimg.com\/original\/110aea\/1edc86534bac8b2f66b32d17f9d5\/35Km-h-500w-Electric-Scooter-Foldable-W-App-Manufacturer-s-code-4537364524195 1600w\" alt=\"35Km\/h 500w Electric Scooter Foldable W\/App Manufacturer's code 4537364524195\" width=\"677\" height=\"677\" data-src=\"https:\/\/a.allegroimg.com\/original\/110aea\/1edc86534bac8b2f66b32d17f9d5\/35Km-h-500w-Electric-Scooter-Foldable-W-App-Manufacturer-s-code-4537364524195\" data-srcset=\"https:\/\/a.allegroimg.com\/s360\/110aea\/1edc86534bac8b2f66b32d17f9d5\/35Km-h-500w-Electric-Scooter-Foldable-W-App-Manufacturer-s-code-4537364524195 360w,https:\/\/a.allegroimg.com\/s720\/110aea\/1edc86534bac8b2f66b32d17f9d5\/35Km-h-500w-Electric-Scooter-Foldable-W-App-Manufacturer-s-code-4537364524195 720w,https:\/\/a.allegroimg.com\/s1024\/110aea\/1edc86534bac8b2f66b32d17f9d5\/35Km-h-500w-Electric-Scooter-Foldable-W-App-Manufacturer-s-code-4537364524195 1024w,https:\/\/a.allegroimg.com\/s1440\/110aea\/1edc86534bac8b2f66b32d17f9d5\/35Km-h-500w-Electric-Scooter-Foldable-W-App-Manufacturer-s-code-4537364524195 1440w,https:\/\/a.allegroimg.com\/original\/110aea\/1edc86534bac8b2f66b32d17f9d5\/35Km-h-500w-Electric-Scooter-Foldable-W-App-Manufacturer-s-code-4537364524195 1600w\" \/><\/p>\n<h3>Inform\u0101cija<\/h3>\n<p>Motors: 500W<br \/>\nMaksim\u0101l\u0101 jauda: 750w<br \/>\nAkumulatora jauda: 36V 15Ah<br \/>\nRiepas: 9 collas<br \/>\nMaksim\u0101l\u0101 slodze: 150 kg<br \/>\nUzl\u0101des laiks: 5-6 stundas<br \/>\nMaksim\u0101lais \u0101trums: 25 km\/h (35 km\/h)<br \/>\nMaksim\u0101lais pac\u0113lums: 18\u00b0<br \/>\nBrauk\u0161anas diapazons: 65 km<br \/>\nBluetooth\/APP: J\u0101<br \/>\nBremzes: elektronisk\u0101s bremzes, disku bremzes<br \/>\nKop\u0113jais izm\u0113rs 111.2*45.5*120CM<\/p>\n<p><img decoding=\"async\" class=\"msub_k4 mupj_5k mjru_k4 mse2_k4 mp7g_f6 mq1m_0 mj7u_0 m7er_k4 lazyloaded\" src=\"https:\/\/a.allegroimg.com\/original\/11564f\/3d2ba54c46229fd939c395f2ed97\/35Km-h-500w-Electric-Scooter-Foldable-W-App-EAN-GTIN-4537364524195\" sizes=\"100vw\" srcset=\"https:\/\/a.allegroimg.com\/s360\/11564f\/3d2ba54c46229fd939c395f2ed97\/35Km-h-500w-Electric-Scooter-Foldable-W-App-EAN-GTIN-4537364524195 360w,https:\/\/a.allegroimg.com\/s720\/11564f\/3d2ba54c46229fd939c395f2ed97\/35Km-h-500w-Electric-Scooter-Foldable-W-App-EAN-GTIN-4537364524195 720w,https:\/\/a.allegroimg.com\/s1024\/11564f\/3d2ba54c46229fd939c395f2ed97\/35Km-h-500w-Electric-Scooter-Foldable-W-App-EAN-GTIN-4537364524195 1024w,https:\/\/a.allegroimg.com\/s1440\/11564f\/3d2ba54c46229fd939c395f2ed97\/35Km-h-500w-Electric-Scooter-Foldable-W-App-EAN-GTIN-4537364524195 1200w,https:\/\/a.allegroimg.com\/original\/11564f\/3d2ba54c46229fd939c395f2ed97\/35Km-h-500w-Electric-Scooter-Foldable-W-App-EAN-GTIN-4537364524195 1200w\" alt=\"35Km\/h 500w Electric Scooter Foldable W\/App EAN (GTIN) 4537364524195\" width=\"1200px\" data-src=\"https:\/\/a.allegroimg.com\/original\/11564f\/3d2ba54c46229fd939c395f2ed97\/35Km-h-500w-Electric-Scooter-Foldable-W-App-EAN-GTIN-4537364524195\" data-srcset=\"https:\/\/a.allegroimg.com\/s360\/11564f\/3d2ba54c46229fd939c395f2ed97\/35Km-h-500w-Electric-Scooter-Foldable-W-App-EAN-GTIN-4537364524195 360w,https:\/\/a.allegroimg.com\/s720\/11564f\/3d2ba54c46229fd939c395f2ed97\/35Km-h-500w-Electric-Scooter-Foldable-W-App-EAN-GTIN-4537364524195 720w,https:\/\/a.allegroimg.com\/s1024\/11564f\/3d2ba54c46229fd939c395f2ed97\/35Km-h-500w-Electric-Scooter-Foldable-W-App-EAN-GTIN-4537364524195 1024w,https:\/\/a.allegroimg.com\/s1440\/11564f\/3d2ba54c46229fd939c395f2ed97\/35Km-h-500w-Electric-Scooter-Foldable-W-App-EAN-GTIN-4537364524195 1200w,https:\/\/a.allegroimg.com\/original\/11564f\/3d2ba54c46229fd939c395f2ed97\/35Km-h-500w-Electric-Scooter-Foldable-W-App-EAN-GTIN-4537364524195 1200w\" \/><\/p>\n","protected":false},"excerpt":{"rendered":"<p><strong>Ecocruiser Max<\/strong> ir \u0101rk\u0101rt\u012bgi satrieco\u0161s un stil\u012bgs elektriskais skrejritenis, kas pied\u0101v\u0101 \u0113rtu un dro\u0161u brauk\u0161anu.<\/p>\n<p>Ecocruiser Max <strong>15Ah<\/strong> akumulators \u013cauj ar vienu uzl\u0101di nobraukt l\u012bdz <strong>65 km.<\/strong><\/p>\n<p>Turkl\u0101t salok\u0101m\u0101 st\u016bre \u013cauj \u0113rti pa\u0146emt l\u012bdzi jebkur.<\/p>\n<p>Ide\u0101li piem\u0113rots brauk\u0161anai pils\u0113t\u0101 un \u0161osejas.<\/p>\n<ul>\n<li>Motors: 500W<\/li>\n<li>Maksim\u0101l\u0101 jauda: 750w<\/li>\n<li>Akumulatora jauda: 36V 15Ah<\/li>\n<li>Maksim\u0101l\u0101 slodze: 150 kg<\/li>\n<li>Uzl\u0101des laiks: 5-6 stundas<\/li>\n<li>Maksim\u0101lais \u0101trums: 25 km\/h (35 km\/h)<\/li>\n<li>Brauk\u0161anas diapazons: 65 km<\/li>\n<\/ul>\n<p><strong>\u2666 Pieg\u0101des laiks 2-7 dienas<\/strong><br \/>\n<strong>\u2666 Ir noliktav\u0101<\/strong><\/p>\n","protected":false},"featured_media":11023,"template":"","meta":[],"product_cat":[1765,1767,622],"product_tag":[],"class_list":{"0":"post-11022","1":"product","2":"type-product","3":"status-publish","4":"has-post-thumbnail","6":"product_cat-ecocruiser","7":"product_cat-zimoli","8":"product_cat-elektriskie-skrejriteni","9":"product_shipping_class-suured-pakid","11":"first","12":"outofstock","13":"sale","14":"taxable","15":"shipping-taxable","16":"purchasable","17":"product-type-simple"},"yoast_head":"<!-- This site is optimized with the Yoast SEO plugin v23.8 - https:\/\/yoast.com\/wordpress\/plugins\/seo\/ -->\n<title>Ecocruiser Max, 65km - Ecocruiser<\/title>\n<meta name=\"description\" content=\"Ecocruiser Max on \u00fclimat vinge ja stiilne elektriline t\u00f5ukeratas, mis pakub sulle mugavat ja turvalist s\u00f5itu.Ecocruiser Max 15Ah aku v\u00f5imaldab l\u00e4bida kuni 65 km \u00fche laadimisega.Lisaks teeb kokkupandav rool selle mugavaks k\u00f5ikjale kaasa v\u00f5tmiseks.Ideaalne s\u00f5itmiseks linnas ja maanteel.\" \/>\n<meta name=\"robots\" content=\"noindex, follow, max-snippet:-1, max-image-preview:large, max-video-preview:-1\" \/>\n<meta property=\"og:locale\" content=\"en_GB\" \/>\n<meta property=\"og:type\" content=\"article\" \/>\n<meta property=\"og:title\" content=\"Ecocruiser Max, 65km - Ecocruiser\" \/>\n<meta property=\"og:description\" content=\"Ecocruiser Max on \u00fclimat vinge ja stiilne elektriline t\u00f5ukeratas, mis pakub sulle mugavat ja turvalist s\u00f5itu.Ecocruiser Max 15Ah aku v\u00f5imaldab l\u00e4bida kuni 65 km \u00fche laadimisega.Lisaks teeb kokkupandav rool selle mugavaks k\u00f5ikjale kaasa v\u00f5tmiseks.Ideaalne s\u00f5itmiseks linnas ja maanteel.\" \/>\n<meta property=\"og:url\" content=\"https:\/\/projekt.vombat.ee\/eco\/lv\/pood\/zimoli\/ecocruiser\/ecocruiser-max-65km\/\" \/>\n<meta property=\"og:site_name\" content=\"Ecocruiser\" \/>\n<meta property=\"article:modified_time\" content=\"2023-09-14T13:12:47+00:00\" \/>\n<meta property=\"og:image\" content=\"https:\/\/projekt.vombat.ee\/eco\/wp-content\/uploads\/2023\/06\/1-9.jpg\" \/>\n\t<meta property=\"og:image:width\" content=\"1600\" \/>\n\t<meta property=\"og:image:height\" content=\"1600\" \/>\n\t<meta property=\"og:image:type\" content=\"image\/jpeg\" \/>\n<meta name=\"twitter:card\" content=\"summary_large_image\" \/>\n<meta name=\"twitter:label1\" content=\"Estimated reading time\" \/>\n\t<meta name=\"twitter:data1\" content=\"3 minutes\" \/>\n<script type=\"application\/ld+json\" class=\"yoast-schema-graph\">{\"@context\":\"https:\/\/schema.org\",\"@graph\":[{\"@type\":\"WebPage\",\"@id\":\"https:\/\/projekt.vombat.ee\/eco\/lv\/pood\/zimoli\/ecocruiser\/ecocruiser-max-65km\/\",\"url\":\"https:\/\/projekt.vombat.ee\/eco\/lv\/pood\/zimoli\/ecocruiser\/ecocruiser-max-65km\/\",\"name\":\"Ecocruiser Max, 65km - Ecocruiser\",\"isPartOf\":{\"@id\":\"https:\/\/projekt.vombat.ee\/eco\/#website\"},\"primaryImageOfPage\":{\"@id\":\"https:\/\/projekt.vombat.ee\/eco\/lv\/pood\/zimoli\/ecocruiser\/ecocruiser-max-65km\/#primaryimage\"},\"image\":{\"@id\":\"https:\/\/projekt.vombat.ee\/eco\/lv\/pood\/zimoli\/ecocruiser\/ecocruiser-max-65km\/#primaryimage\"},\"thumbnailUrl\":\"https:\/\/projekt.vombat.ee\/eco\/wp-content\/uploads\/2023\/06\/1-9.jpg\",\"datePublished\":\"2023-07-10T12:59:46+00:00\",\"dateModified\":\"2023-09-14T13:12:47+00:00\",\"description\":\"Ecocruiser Max on \u00fclimat vinge ja stiilne elektriline t\u00f5ukeratas, mis pakub sulle mugavat ja turvalist s\u00f5itu.Ecocruiser Max 15Ah aku v\u00f5imaldab l\u00e4bida kuni 65 km \u00fche laadimisega.Lisaks teeb kokkupandav rool selle mugavaks k\u00f5ikjale kaasa v\u00f5tmiseks.Ideaalne s\u00f5itmiseks linnas ja maanteel.\",\"breadcrumb\":{\"@id\":\"https:\/\/projekt.vombat.ee\/eco\/lv\/pood\/zimoli\/ecocruiser\/ecocruiser-max-65km\/#breadcrumb\"},\"inLanguage\":\"en-GB\",\"potentialAction\":[{\"@type\":\"ReadAction\",\"target\":[\"https:\/\/projekt.vombat.ee\/eco\/lv\/pood\/zimoli\/ecocruiser\/ecocruiser-max-65km\/\"]}]},{\"@type\":\"ImageObject\",\"inLanguage\":\"en-GB\",\"@id\":\"https:\/\/projekt.vombat.ee\/eco\/lv\/pood\/zimoli\/ecocruiser\/ecocruiser-max-65km\/#primaryimage\",\"url\":\"https:\/\/projekt.vombat.ee\/eco\/wp-content\/uploads\/2023\/06\/1-9.jpg\",\"contentUrl\":\"https:\/\/projekt.vombat.ee\/eco\/wp-content\/uploads\/2023\/06\/1-9.jpg\",\"width\":1600,\"height\":1600},{\"@type\":\"BreadcrumbList\",\"@id\":\"https:\/\/projekt.vombat.ee\/eco\/lv\/pood\/zimoli\/ecocruiser\/ecocruiser-max-65km\/#breadcrumb\",\"itemListElement\":[{\"@type\":\"ListItem\",\"position\":1,\"name\":\"Home\",\"item\":\"https:\/\/projekt.vombat.ee\/eco\/\"},{\"@type\":\"ListItem\",\"position\":2,\"name\":\"Pood\",\"item\":\"https:\/\/projekt.vombat.ee\/eco\/pood\/\"},{\"@type\":\"ListItem\",\"position\":3,\"name\":\"Ecocruiser Max, 65km\"}]},{\"@type\":\"WebSite\",\"@id\":\"https:\/\/projekt.vombat.ee\/eco\/#website\",\"url\":\"https:\/\/projekt.vombat.ee\/eco\/\",\"name\":\"Ecocruiser\",\"description\":\"\",\"publisher\":{\"@id\":\"https:\/\/projekt.vombat.ee\/eco\/#organization\"},\"potentialAction\":[{\"@type\":\"SearchAction\",\"target\":{\"@type\":\"EntryPoint\",\"urlTemplate\":\"https:\/\/projekt.vombat.ee\/eco\/?s={search_term_string}\"},\"query-input\":{\"@type\":\"PropertyValueSpecification\",\"valueRequired\":true,\"valueName\":\"search_term_string\"}}],\"inLanguage\":\"en-GB\"},{\"@type\":\"Organization\",\"@id\":\"https:\/\/projekt.vombat.ee\/eco\/#organization\",\"name\":\"Ecocruiser\",\"url\":\"https:\/\/projekt.vombat.ee\/eco\/\",\"logo\":{\"@type\":\"ImageObject\",\"inLanguage\":\"en-GB\",\"@id\":\"https:\/\/projekt.vombat.ee\/eco\/#\/schema\/logo\/image\/\",\"url\":\"https:\/\/projekt.vombat.ee\/eco\/wp-content\/uploads\/2023\/03\/ECOCRUISER_5.png\",\"contentUrl\":\"https:\/\/projekt.vombat.ee\/eco\/wp-content\/uploads\/2023\/03\/ECOCRUISER_5.png\",\"width\":234,\"height\":91,\"caption\":\"Ecocruiser\"},\"image\":{\"@id\":\"https:\/\/projekt.vombat.ee\/eco\/#\/schema\/logo\/image\/\"}}]}<\/script>\n<!-- \/ Yoast SEO plugin. -->","yoast_head_json":{"title":"Ecocruiser Max, 65km - Ecocruiser","description":"Ecocruiser Max on \u00fclimat vinge ja stiilne elektriline t\u00f5ukeratas, mis pakub sulle mugavat ja turvalist s\u00f5itu.Ecocruiser Max 15Ah aku v\u00f5imaldab l\u00e4bida kuni 65 km \u00fche laadimisega.Lisaks teeb kokkupandav rool selle mugavaks k\u00f5ikjale kaasa v\u00f5tmiseks.Ideaalne s\u00f5itmiseks linnas ja maanteel.","robots":{"index":"noindex","follow":"follow","max-snippet":"max-snippet:-1","max-image-preview":"max-image-preview:large","max-video-preview":"max-video-preview:-1"},"og_locale":"en_GB","og_type":"article","og_title":"Ecocruiser Max, 65km - Ecocruiser","og_description":"Ecocruiser Max on \u00fclimat vinge ja stiilne elektriline t\u00f5ukeratas, mis pakub sulle mugavat ja turvalist s\u00f5itu.Ecocruiser Max 15Ah aku v\u00f5imaldab l\u00e4bida kuni 65 km \u00fche laadimisega.Lisaks teeb kokkupandav rool selle mugavaks k\u00f5ikjale kaasa v\u00f5tmiseks.Ideaalne s\u00f5itmiseks linnas ja maanteel.","og_url":"https:\/\/projekt.vombat.ee\/eco\/lv\/pood\/zimoli\/ecocruiser\/ecocruiser-max-65km\/","og_site_name":"Ecocruiser","article_modified_time":"2023-09-14T13:12:47+00:00","og_image":[{"width":1600,"height":1600,"url":"https:\/\/projekt.vombat.ee\/eco\/wp-content\/uploads\/2023\/06\/1-9.jpg","type":"image\/jpeg"}],"twitter_card":"summary_large_image","twitter_misc":{"Estimated reading time":"3 minutes"},"schema":{"@context":"https:\/\/schema.org","@graph":[{"@type":"WebPage","@id":"https:\/\/projekt.vombat.ee\/eco\/lv\/pood\/zimoli\/ecocruiser\/ecocruiser-max-65km\/","url":"https:\/\/projekt.vombat.ee\/eco\/lv\/pood\/zimoli\/ecocruiser\/ecocruiser-max-65km\/","name":"Ecocruiser Max, 65km - Ecocruiser","isPartOf":{"@id":"https:\/\/projekt.vombat.ee\/eco\/#website"},"primaryImageOfPage":{"@id":"https:\/\/projekt.vombat.ee\/eco\/lv\/pood\/zimoli\/ecocruiser\/ecocruiser-max-65km\/#primaryimage"},"image":{"@id":"https:\/\/projekt.vombat.ee\/eco\/lv\/pood\/zimoli\/ecocruiser\/ecocruiser-max-65km\/#primaryimage"},"thumbnailUrl":"https:\/\/projekt.vombat.ee\/eco\/wp-content\/uploads\/2023\/06\/1-9.jpg","datePublished":"2023-07-10T12:59:46+00:00","dateModified":"2023-09-14T13:12:47+00:00","description":"Ecocruiser Max on \u00fclimat vinge ja stiilne elektriline t\u00f5ukeratas, mis pakub sulle mugavat ja turvalist s\u00f5itu.Ecocruiser Max 15Ah aku v\u00f5imaldab l\u00e4bida kuni 65 km \u00fche laadimisega.Lisaks teeb kokkupandav rool selle mugavaks k\u00f5ikjale kaasa v\u00f5tmiseks.Ideaalne s\u00f5itmiseks linnas ja maanteel.","breadcrumb":{"@id":"https:\/\/projekt.vombat.ee\/eco\/lv\/pood\/zimoli\/ecocruiser\/ecocruiser-max-65km\/#breadcrumb"},"inLanguage":"en-GB","potentialAction":[{"@type":"ReadAction","target":["https:\/\/projekt.vombat.ee\/eco\/lv\/pood\/zimoli\/ecocruiser\/ecocruiser-max-65km\/"]}]},{"@type":"ImageObject","inLanguage":"en-GB","@id":"https:\/\/projekt.vombat.ee\/eco\/lv\/pood\/zimoli\/ecocruiser\/ecocruiser-max-65km\/#primaryimage","url":"https:\/\/projekt.vombat.ee\/eco\/wp-content\/uploads\/2023\/06\/1-9.jpg","contentUrl":"https:\/\/projekt.vombat.ee\/eco\/wp-content\/uploads\/2023\/06\/1-9.jpg","width":1600,"height":1600},{"@type":"BreadcrumbList","@id":"https:\/\/projekt.vombat.ee\/eco\/lv\/pood\/zimoli\/ecocruiser\/ecocruiser-max-65km\/#breadcrumb","itemListElement":[{"@type":"ListItem","position":1,"name":"Home","item":"https:\/\/projekt.vombat.ee\/eco\/"},{"@type":"ListItem","position":2,"name":"Pood","item":"https:\/\/projekt.vombat.ee\/eco\/pood\/"},{"@type":"ListItem","position":3,"name":"Ecocruiser Max, 65km"}]},{"@type":"WebSite","@id":"https:\/\/projekt.vombat.ee\/eco\/#website","url":"https:\/\/projekt.vombat.ee\/eco\/","name":"Ecocruiser","description":"","publisher":{"@id":"https:\/\/projekt.vombat.ee\/eco\/#organization"},"potentialAction":[{"@type":"SearchAction","target":{"@type":"EntryPoint","urlTemplate":"https:\/\/projekt.vombat.ee\/eco\/?s={search_term_string}"},"query-input":{"@type":"PropertyValueSpecification","valueRequired":true,"valueName":"search_term_string"}}],"inLanguage":"en-GB"},{"@type":"Organization","@id":"https:\/\/projekt.vombat.ee\/eco\/#organization","name":"Ecocruiser","url":"https:\/\/projekt.vombat.ee\/eco\/","logo":{"@type":"ImageObject","inLanguage":"en-GB","@id":"https:\/\/projekt.vombat.ee\/eco\/#\/schema\/logo\/image\/","url":"https:\/\/projekt.vombat.ee\/eco\/wp-content\/uploads\/2023\/03\/ECOCRUISER_5.png","contentUrl":"https:\/\/projekt.vombat.ee\/eco\/wp-content\/uploads\/2023\/03\/ECOCRUISER_5.png","width":234,"height":91,"caption":"Ecocruiser"},"image":{"@id":"https:\/\/projekt.vombat.ee\/eco\/#\/schema\/logo\/image\/"}}]}},"lang":"lv","translations":{"lv":11022,"et":10152},"pll_sync_post":[],"_links":{"self":[{"href":"https:\/\/projekt.vombat.ee\/eco\/wp-json\/wp\/v2\/product\/11022"}],"collection":[{"href":"https:\/\/projekt.vombat.ee\/eco\/wp-json\/wp\/v2\/product"}],"about":[{"href":"https:\/\/projekt.vombat.ee\/eco\/wp-json\/wp\/v2\/types\/product"}],"version-history":[{"count":1,"href":"https:\/\/projekt.vombat.ee\/eco\/wp-json\/wp\/v2\/product\/11022\/revisions"}],"predecessor-version":[{"id":11029,"href":"https:\/\/projekt.vombat.ee\/eco\/wp-json\/wp\/v2\/product\/11022\/revisions\/11029"}],"wp:featuredmedia":[{"embeddable":true,"href":"https:\/\/projekt.vombat.ee\/eco\/wp-json\/wp\/v2\/media\/11023"}],"wp:attachment":[{"href":"https:\/\/projekt.vombat.ee\/eco\/wp-json\/wp\/v2\/media?parent=11022"}],"wp:term":[{"taxonomy":"product_cat","embeddable":true,"href":"https:\/\/projekt.vombat.ee\/eco\/wp-json\/wp\/v2\/product_cat?post=11022"},{"taxonomy":"product_tag","embeddable":true,"href":"https:\/\/projekt.vombat.ee\/eco\/wp-json\/wp\/v2\/product_tag?post=11022"}],"curies":[{"name":"wp","href":"https:\/\/api.w.org\/{rel}","templated":true}]}}