{"id":11010,"date":"2023-07-23T18:20:01","date_gmt":"2023-07-23T18:20:01","guid":{"rendered":"https:\/\/projekt.vombat.ee\/eco\/?post_type=product&#038;p=11010"},"modified":"2023-07-29T13:50:04","modified_gmt":"2023-07-29T13:50:04","slug":"kayak-challenger-k2","status":"publish","type":"product","link":"https:\/\/projekt.vombat.ee\/eco\/pood\/kayak\/kayak-challenger-k2\/","title":{"rendered":"Kayak Challenger K2"},"content":{"rendered":"<h1><strong>Kayak Challenger K2<\/strong><\/h1>\n<ul class=\"a-unordered-list a-vertical a-spacing-mini\">\n<li><strong>V\u00c4RV: roheline, sinine.\u00a0<\/strong><\/li>\n<li><strong>KAUBA KAAL: 17,65kg.\u00a0<\/strong><\/li>\n<li><strong>M\u00d5\u00d5DUD: 350 x 76 x 38 cm.\u00a0<\/strong><\/li>\n<li class=\"a-spacing-mini\"><strong><span class=\"a-list-item\">MITMEK\u00dcLGNE: Kasutada meres, j\u00f5es v\u00f5i j\u00e4rvel.<\/span><\/strong><\/li>\n<li class=\"a-spacing-mini\"><strong><span class=\"a-list-item\">MUGAV: eemaldatav ja reguleeritav t\u00e4ispuhutav iste ja seljatugi.\u00a0<\/span><\/strong><\/li>\n<li class=\"a-spacing-mini\"><strong><span class=\"a-list-item\">PRAKTILINE: kompaktne, on t\u00fchjendatud ja h\u00f5lpsasti transporditav t\u00e4nu kaasasolevale kandekotile.\u00a0<\/span><\/strong><\/li>\n<li class=\"a-spacing-mini\"><strong><span class=\"a-list-item\">TUGEVUS: selle tugevdatud vin\u00fc\u00fclstruktuur v\u00f5imaldab s\u00fcstal vastu pidada enamikele s\u00fcndmustele ja kesta l\u00e4bi aastaaegade.<\/span><\/strong><\/li>\n<li class=\"a-spacing-mini\"><strong><span class=\"a-list-item\">TARVIKUD: kaasas aerud ja manuaalne pump.\u00a0<\/span><\/strong><\/li>\n<\/ul>\n<p><img fetchpriority=\"high\" decoding=\"async\" class=\"alignleft\" src=\"https:\/\/projekt.vombat.ee\/eco\/wp-content\/uploads\/2023\/07\/Kayak-challenger-300x300.jpg\" width=\"463\" height=\"463\" \/><\/p>\n","protected":false},"excerpt":{"rendered":"<p><strong>Kayak Challenger K2<\/strong><\/p>\n<ul class=\"a-unordered-list a-vertical a-spacing-mini\">\n<li><strong>V\u00c4RV: roheline, sinine.\u00a0<\/strong><\/li>\n<li><strong>KAUBA KAAL: 17,65kg.\u00a0<\/strong><\/li>\n<li><strong>M\u00d5\u00d5DUD: 350 x 76 x 38 cm.\u00a0<\/strong><\/li>\n<li class=\"a-spacing-mini\"><strong><span class=\"a-list-item\">MITMEK\u00dcLGNE: kasutada meres, j\u00f5es v\u00f5i j\u00e4rvel. R\u00f5\u00f5mustab k\u00f5iki \u00f5uespordi harrastajaid.\u00a0<\/span><\/strong><\/li>\n<li class=\"a-spacing-mini\"><strong><span class=\"a-list-item\">MUGAV: eemaldatav ja reguleeritav t\u00e4ispuhutav iste ja seljatugi.\u00a0<\/span><\/strong><\/li>\n<\/ul>\n<p>&nbsp;<\/p>\n<ul>\n<li><strong>Tarneaeg 2-7 p\u00e4eva<\/strong><\/li>\n<li><strong>Laos<\/strong><\/li>\n<\/ul>\n","protected":false},"featured_media":11011,"template":"","meta":[],"product_cat":[1761],"product_tag":[],"class_list":{"0":"post-11010","1":"product","2":"type-product","3":"status-publish","4":"has-post-thumbnail","6":"product_cat-kayak","7":"product_shipping_class-sup-lauad","9":"first","10":"instock","11":"sale","12":"taxable","13":"shipping-taxable","14":"purchasable","15":"product-type-simple"},"yoast_head":"<!-- This site is optimized with the Yoast SEO plugin v23.8 - https:\/\/yoast.com\/wordpress\/plugins\/seo\/ -->\n<title>Kayak Challenger K2 - Ecocruiser<\/title>\n<meta name=\"description\" content=\"V\u00c4RV: roheline, sinine.\u00a0KAUBA KAAL: 17,65kg.\u00a0M\u00d5\u00d5DUD: 350,52 x 76,2 x 38,1 cm.\u00a0MITMEK\u00dcLGNE: kasutada magevees + j\u00e4rves, mis r\u00f5\u00f5mustab k\u00f5iki \u00f5uespordi harrastajaid.\u00a0MUGAV: eemaldatav ja reguleeritav t\u00e4ispuhutav iste ja seljatugi.\u00a0\" \/>\n<meta name=\"robots\" content=\"noindex, follow, max-snippet:-1, max-image-preview:large, max-video-preview:-1\" \/>\n<meta property=\"og:locale\" content=\"en_GB\" \/>\n<meta property=\"og:type\" content=\"article\" \/>\n<meta property=\"og:title\" content=\"Kayak Challenger K2 - Ecocruiser\" \/>\n<meta property=\"og:description\" content=\"V\u00c4RV: roheline, sinine.\u00a0KAUBA KAAL: 17,65kg.\u00a0M\u00d5\u00d5DUD: 350,52 x 76,2 x 38,1 cm.\u00a0MITMEK\u00dcLGNE: kasutada magevees + j\u00e4rves, mis r\u00f5\u00f5mustab k\u00f5iki \u00f5uespordi harrastajaid.\u00a0MUGAV: eemaldatav ja reguleeritav t\u00e4ispuhutav iste ja seljatugi.\u00a0\" \/>\n<meta property=\"og:url\" content=\"https:\/\/projekt.vombat.ee\/eco\/pood\/kayak\/kayak-challenger-k2\/\" \/>\n<meta property=\"og:site_name\" content=\"Ecocruiser\" \/>\n<meta property=\"article:modified_time\" content=\"2023-07-29T13:50:04+00:00\" \/>\n<meta property=\"og:image\" content=\"https:\/\/projekt.vombat.ee\/eco\/wp-content\/uploads\/2023\/07\/Kayak-challenger.jpg\" \/>\n\t<meta property=\"og:image:width\" content=\"679\" \/>\n\t<meta property=\"og:image:height\" content=\"426\" \/>\n\t<meta property=\"og:image:type\" content=\"image\/jpeg\" \/>\n<meta name=\"twitter:card\" content=\"summary_large_image\" \/>\n<meta name=\"twitter:label1\" content=\"Estimated reading time\" \/>\n\t<meta name=\"twitter:data1\" content=\"1 minute\" \/>\n<script type=\"application\/ld+json\" class=\"yoast-schema-graph\">{\"@context\":\"https:\/\/schema.org\",\"@graph\":[{\"@type\":\"WebPage\",\"@id\":\"https:\/\/projekt.vombat.ee\/eco\/pood\/kayak\/kayak-challenger-k2\/\",\"url\":\"https:\/\/projekt.vombat.ee\/eco\/pood\/kayak\/kayak-challenger-k2\/\",\"name\":\"Kayak Challenger K2 - Ecocruiser\",\"isPartOf\":{\"@id\":\"https:\/\/projekt.vombat.ee\/eco\/#website\"},\"primaryImageOfPage\":{\"@id\":\"https:\/\/projekt.vombat.ee\/eco\/pood\/kayak\/kayak-challenger-k2\/#primaryimage\"},\"image\":{\"@id\":\"https:\/\/projekt.vombat.ee\/eco\/pood\/kayak\/kayak-challenger-k2\/#primaryimage\"},\"thumbnailUrl\":\"https:\/\/projekt.vombat.ee\/eco\/wp-content\/uploads\/2023\/07\/Kayak-challenger.jpg\",\"datePublished\":\"2023-07-23T18:20:01+00:00\",\"dateModified\":\"2023-07-29T13:50:04+00:00\",\"description\":\"V\u00c4RV: roheline, sinine.\u00a0KAUBA KAAL: 17,65kg.\u00a0M\u00d5\u00d5DUD: 350,52 x 76,2 x 38,1 cm.\u00a0MITMEK\u00dcLGNE: kasutada magevees + j\u00e4rves, mis r\u00f5\u00f5mustab k\u00f5iki \u00f5uespordi harrastajaid.\u00a0MUGAV: eemaldatav ja reguleeritav t\u00e4ispuhutav iste ja seljatugi.\u00a0\",\"breadcrumb\":{\"@id\":\"https:\/\/projekt.vombat.ee\/eco\/pood\/kayak\/kayak-challenger-k2\/#breadcrumb\"},\"inLanguage\":\"en-GB\",\"potentialAction\":[{\"@type\":\"ReadAction\",\"target\":[\"https:\/\/projekt.vombat.ee\/eco\/pood\/kayak\/kayak-challenger-k2\/\"]}]},{\"@type\":\"ImageObject\",\"inLanguage\":\"en-GB\",\"@id\":\"https:\/\/projekt.vombat.ee\/eco\/pood\/kayak\/kayak-challenger-k2\/#primaryimage\",\"url\":\"https:\/\/projekt.vombat.ee\/eco\/wp-content\/uploads\/2023\/07\/Kayak-challenger.jpg\",\"contentUrl\":\"https:\/\/projekt.vombat.ee\/eco\/wp-content\/uploads\/2023\/07\/Kayak-challenger.jpg\",\"width\":679,\"height\":426},{\"@type\":\"BreadcrumbList\",\"@id\":\"https:\/\/projekt.vombat.ee\/eco\/pood\/kayak\/kayak-challenger-k2\/#breadcrumb\",\"itemListElement\":[{\"@type\":\"ListItem\",\"position\":1,\"name\":\"Home\",\"item\":\"https:\/\/projekt.vombat.ee\/eco\/\"},{\"@type\":\"ListItem\",\"position\":2,\"name\":\"Pood\",\"item\":\"https:\/\/projekt.vombat.ee\/eco\/pood\/\"},{\"@type\":\"ListItem\",\"position\":3,\"name\":\"Kayak Challenger K2\"}]},{\"@type\":\"WebSite\",\"@id\":\"https:\/\/projekt.vombat.ee\/eco\/#website\",\"url\":\"https:\/\/projekt.vombat.ee\/eco\/\",\"name\":\"Ecocruiser\",\"description\":\"\",\"publisher\":{\"@id\":\"https:\/\/projekt.vombat.ee\/eco\/#organization\"},\"potentialAction\":[{\"@type\":\"SearchAction\",\"target\":{\"@type\":\"EntryPoint\",\"urlTemplate\":\"https:\/\/projekt.vombat.ee\/eco\/?s={search_term_string}\"},\"query-input\":{\"@type\":\"PropertyValueSpecification\",\"valueRequired\":true,\"valueName\":\"search_term_string\"}}],\"inLanguage\":\"en-GB\"},{\"@type\":\"Organization\",\"@id\":\"https:\/\/projekt.vombat.ee\/eco\/#organization\",\"name\":\"Ecocruiser\",\"url\":\"https:\/\/projekt.vombat.ee\/eco\/\",\"logo\":{\"@type\":\"ImageObject\",\"inLanguage\":\"en-GB\",\"@id\":\"https:\/\/projekt.vombat.ee\/eco\/#\/schema\/logo\/image\/\",\"url\":\"https:\/\/projekt.vombat.ee\/eco\/wp-content\/uploads\/2023\/03\/ECOCRUISER_5.png\",\"contentUrl\":\"https:\/\/projekt.vombat.ee\/eco\/wp-content\/uploads\/2023\/03\/ECOCRUISER_5.png\",\"width\":234,\"height\":91,\"caption\":\"Ecocruiser\"},\"image\":{\"@id\":\"https:\/\/projekt.vombat.ee\/eco\/#\/schema\/logo\/image\/\"}}]}<\/script>\n<!-- \/ Yoast SEO plugin. -->","yoast_head_json":{"title":"Kayak Challenger K2 - Ecocruiser","description":"V\u00c4RV: roheline, sinine.\u00a0KAUBA KAAL: 17,65kg.\u00a0M\u00d5\u00d5DUD: 350,52 x 76,2 x 38,1 cm.\u00a0MITMEK\u00dcLGNE: kasutada magevees + j\u00e4rves, mis r\u00f5\u00f5mustab k\u00f5iki \u00f5uespordi harrastajaid.\u00a0MUGAV: eemaldatav ja reguleeritav t\u00e4ispuhutav iste ja seljatugi.\u00a0","robots":{"index":"noindex","follow":"follow","max-snippet":"max-snippet:-1","max-image-preview":"max-image-preview:large","max-video-preview":"max-video-preview:-1"},"og_locale":"en_GB","og_type":"article","og_title":"Kayak Challenger K2 - Ecocruiser","og_description":"V\u00c4RV: roheline, sinine.\u00a0KAUBA KAAL: 17,65kg.\u00a0M\u00d5\u00d5DUD: 350,52 x 76,2 x 38,1 cm.\u00a0MITMEK\u00dcLGNE: kasutada magevees + j\u00e4rves, mis r\u00f5\u00f5mustab k\u00f5iki \u00f5uespordi harrastajaid.\u00a0MUGAV: eemaldatav ja reguleeritav t\u00e4ispuhutav iste ja seljatugi.\u00a0","og_url":"https:\/\/projekt.vombat.ee\/eco\/pood\/kayak\/kayak-challenger-k2\/","og_site_name":"Ecocruiser","article_modified_time":"2023-07-29T13:50:04+00:00","og_image":[{"width":679,"height":426,"url":"https:\/\/projekt.vombat.ee\/eco\/wp-content\/uploads\/2023\/07\/Kayak-challenger.jpg","type":"image\/jpeg"}],"twitter_card":"summary_large_image","twitter_misc":{"Estimated reading time":"1 minute"},"schema":{"@context":"https:\/\/schema.org","@graph":[{"@type":"WebPage","@id":"https:\/\/projekt.vombat.ee\/eco\/pood\/kayak\/kayak-challenger-k2\/","url":"https:\/\/projekt.vombat.ee\/eco\/pood\/kayak\/kayak-challenger-k2\/","name":"Kayak Challenger K2 - Ecocruiser","isPartOf":{"@id":"https:\/\/projekt.vombat.ee\/eco\/#website"},"primaryImageOfPage":{"@id":"https:\/\/projekt.vombat.ee\/eco\/pood\/kayak\/kayak-challenger-k2\/#primaryimage"},"image":{"@id":"https:\/\/projekt.vombat.ee\/eco\/pood\/kayak\/kayak-challenger-k2\/#primaryimage"},"thumbnailUrl":"https:\/\/projekt.vombat.ee\/eco\/wp-content\/uploads\/2023\/07\/Kayak-challenger.jpg","datePublished":"2023-07-23T18:20:01+00:00","dateModified":"2023-07-29T13:50:04+00:00","description":"V\u00c4RV: roheline, sinine.\u00a0KAUBA KAAL: 17,65kg.\u00a0M\u00d5\u00d5DUD: 350,52 x 76,2 x 38,1 cm.\u00a0MITMEK\u00dcLGNE: kasutada magevees + j\u00e4rves, mis r\u00f5\u00f5mustab k\u00f5iki \u00f5uespordi harrastajaid.\u00a0MUGAV: eemaldatav ja reguleeritav t\u00e4ispuhutav iste ja seljatugi.\u00a0","breadcrumb":{"@id":"https:\/\/projekt.vombat.ee\/eco\/pood\/kayak\/kayak-challenger-k2\/#breadcrumb"},"inLanguage":"en-GB","potentialAction":[{"@type":"ReadAction","target":["https:\/\/projekt.vombat.ee\/eco\/pood\/kayak\/kayak-challenger-k2\/"]}]},{"@type":"ImageObject","inLanguage":"en-GB","@id":"https:\/\/projekt.vombat.ee\/eco\/pood\/kayak\/kayak-challenger-k2\/#primaryimage","url":"https:\/\/projekt.vombat.ee\/eco\/wp-content\/uploads\/2023\/07\/Kayak-challenger.jpg","contentUrl":"https:\/\/projekt.vombat.ee\/eco\/wp-content\/uploads\/2023\/07\/Kayak-challenger.jpg","width":679,"height":426},{"@type":"BreadcrumbList","@id":"https:\/\/projekt.vombat.ee\/eco\/pood\/kayak\/kayak-challenger-k2\/#breadcrumb","itemListElement":[{"@type":"ListItem","position":1,"name":"Home","item":"https:\/\/projekt.vombat.ee\/eco\/"},{"@type":"ListItem","position":2,"name":"Pood","item":"https:\/\/projekt.vombat.ee\/eco\/pood\/"},{"@type":"ListItem","position":3,"name":"Kayak Challenger K2"}]},{"@type":"WebSite","@id":"https:\/\/projekt.vombat.ee\/eco\/#website","url":"https:\/\/projekt.vombat.ee\/eco\/","name":"Ecocruiser","description":"","publisher":{"@id":"https:\/\/projekt.vombat.ee\/eco\/#organization"},"potentialAction":[{"@type":"SearchAction","target":{"@type":"EntryPoint","urlTemplate":"https:\/\/projekt.vombat.ee\/eco\/?s={search_term_string}"},"query-input":{"@type":"PropertyValueSpecification","valueRequired":true,"valueName":"search_term_string"}}],"inLanguage":"en-GB"},{"@type":"Organization","@id":"https:\/\/projekt.vombat.ee\/eco\/#organization","name":"Ecocruiser","url":"https:\/\/projekt.vombat.ee\/eco\/","logo":{"@type":"ImageObject","inLanguage":"en-GB","@id":"https:\/\/projekt.vombat.ee\/eco\/#\/schema\/logo\/image\/","url":"https:\/\/projekt.vombat.ee\/eco\/wp-content\/uploads\/2023\/03\/ECOCRUISER_5.png","contentUrl":"https:\/\/projekt.vombat.ee\/eco\/wp-content\/uploads\/2023\/03\/ECOCRUISER_5.png","width":234,"height":91,"caption":"Ecocruiser"},"image":{"@id":"https:\/\/projekt.vombat.ee\/eco\/#\/schema\/logo\/image\/"}}]}},"lang":"et","translations":{"et":11010},"pll_sync_post":[],"_links":{"self":[{"href":"https:\/\/projekt.vombat.ee\/eco\/wp-json\/wp\/v2\/product\/11010"}],"collection":[{"href":"https:\/\/projekt.vombat.ee\/eco\/wp-json\/wp\/v2\/product"}],"about":[{"href":"https:\/\/projekt.vombat.ee\/eco\/wp-json\/wp\/v2\/types\/product"}],"version-history":[{"count":3,"href":"https:\/\/projekt.vombat.ee\/eco\/wp-json\/wp\/v2\/product\/11010\/revisions"}],"predecessor-version":[{"id":11422,"href":"https:\/\/projekt.vombat.ee\/eco\/wp-json\/wp\/v2\/product\/11010\/revisions\/11422"}],"wp:featuredmedia":[{"embeddable":true,"href":"https:\/\/projekt.vombat.ee\/eco\/wp-json\/wp\/v2\/media\/11011"}],"wp:attachment":[{"href":"https:\/\/projekt.vombat.ee\/eco\/wp-json\/wp\/v2\/media?parent=11010"}],"wp:term":[{"taxonomy":"product_cat","embeddable":true,"href":"https:\/\/projekt.vombat.ee\/eco\/wp-json\/wp\/v2\/product_cat?post=11010"},{"taxonomy":"product_tag","embeddable":true,"href":"https:\/\/projekt.vombat.ee\/eco\/wp-json\/wp\/v2\/product_tag?post=11010"}],"curies":[{"name":"wp","href":"https:\/\/api.w.org\/{rel}","templated":true}]}}