{"id":10882,"date":"2023-07-09T14:38:55","date_gmt":"2023-07-09T14:38:55","guid":{"rendered":"https:\/\/projekt.vombat.ee\/eco\/?post_type=product&#038;p=10882"},"modified":"2024-07-30T07:05:19","modified_gmt":"2024-07-30T07:05:19","slug":"kugoo-kirin-m5-pro-70-km","status":"publish","type":"product","link":"https:\/\/projekt.vombat.ee\/eco\/lv\/pood\/elektriskie-skrejriteni\/kugoo-kirin-m5-pro-70-km\/","title":{"rendered":"Kugoo Kirin M5 Pro, 70 km"},"content":{"rendered":"<h1>KUGOO KIRIN M5 PRO<\/h1>\n<p><img decoding=\"async\" class=\"\" src=\"https:\/\/cdn.shopify.com\/s\/files\/1\/0291\/3422\/5501\/files\/Kukirin_M5_Pro_Desktop_Detail_16_1920x.jpg?v=1677837700%20alt=\" \/><\/p>\n<h3>JAUD\u012aGS DZIN\u0112JS UN AKUMULATORS<\/h3>\n<p>Ar 1000\u00a0W motoru darbin\u0101mais Kugoo Kirin M5 Pro sasniedz 1200\u00a0W maksim\u0101lo jaudu un 52\u00a0km\/h maksim\u0101lo \u0101trumu, \u013caujot izbaud\u012bt jaud\u012bgu un aizraujo\u0161u brauk\u0161anu bezce\u013ca apst\u0101k\u013cos. M5 Pro ir elektrisko skrejrite\u0146u lab\u0101ko \u012bpa\u0161\u012bbu kombin\u0101cija. \u0160is modelis ir piem\u0113rots brauk\u0161anai pils\u0113t\u0101, parkos, bezce\u013cos un krosa tras\u0113. Jaud\u012bgs 1000\u00a0W motors un 70\u00a0km att\u0101lums padara brauk\u0161anu pat\u012bkamu un bezr\u016bp\u012bgu.<\/p>\n<p>Kirin M5 Pro ir apr\u012bkots ar 960 Wh akumulatoru, kas ar pilnu uzl\u0101di \u013cauj nobraukt l\u012bdz 70 km, kas ir gar\u0101ks nek\u0101 liel\u0101kajai da\u013cai bezce\u013ca motorolleru un pietiekami ilgs dienas braucieniem.<\/p>\n<h3>PREMIUM BRAUK\u0160ANAS KOMFORTS<\/h3>\n<p>M5 Pro ir priek\u0161\u0113j\u0101s un aizmugur\u0113j\u0101s disku bremzes dro\u0161ai bremz\u0113\u0161anai. Tam ir pilna piekare ar \u010detriem amortizatoriem, kas efekt\u012bvi samazina triecienu, nodro\u0161inot \u0113rtu brauk\u0161anu.<\/p>\n<p>Izmantojot viedo LCD inform\u0101cijas paneli, varat p\u0101rbaud\u012bt da\u017e\u0101du inform\u0101ciju, tostarp \u0101trumu, akumulatora uzl\u0101des l\u012bmeni, att\u0101lumu, p\u0101rnesumu sviru utt. Varat ar\u012b viegli p\u0101rsl\u0113gties starp trim \u0101truma l\u012bme\u0146iem.<\/p>\n<h3>KUGOO KIRIN M5 PRO &#8211; DRO\u0160S UN STABILS<\/h3>\n<p>M5 Pro ir 7 gaismas, tostarp 2 priek\u0161\u0113jie lukturi, 2 priek\u0161\u0113jie s\u0101nu lukturi, 2 aizmugur\u0113jie s\u0101nu lukturi un aizmugur\u0113jais brem\u017eu lukturis. Novatorisk\u0101 apgaismojuma sist\u0113ma padara j\u016bsu brauk\u0161anu dro\u0161\u0101ku.<\/p>\n<p>Ar 11 collu priek\u0161\u0113j\u0101m un 10 collu aizmugur\u0113j\u0101m riep\u0101m M5 Pro piel\u0101gojas da\u017e\u0101da veida reljefiem un brauc vienm\u0113r\u012bg\u0101k. 255\u00a0mm k\u0101ji\u0146a ir pietiekami plata, lai j\u016bs var\u0113tu dro\u0161i un \u0113rti st\u0101v\u0113t.<\/p>\n<p>Kirin M5 Pro ir 3 \u0101truma re\u017e\u012bmi, kas atbilst j\u016bsu da\u017e\u0101d\u0101m vajadz\u012bb\u0101m, tostarp 29\/42\/52 km\/h. Zema \u0101truma re\u017e\u012bms \u013cauj baud\u012bt ce\u013cmalas ainavu brauk\u0161anas laik\u0101. Vid\u0113js re\u017e\u012bms \u013cauj izbaud\u012bt brauk\u0161anas prieku. P\u0101rsl\u0113dzieties uz \u0101tro re\u017e\u012bmu, un jums b\u016bs \u0101tr\u0101ks un aizraujo\u0161\u0101ks brauciens bezce\u013ca apst\u0101k\u013cos.<\/p>\n<p>&nbsp;<\/p>\n<h3>\nKUGOO KIRIN M5 PRO SPECIFIK\u0100CIJA<\/h3>\n<p>Maksim\u0101lais \u0101trums 52 km\/h<br \/>\nMaksim\u0101lais \u0101trums katr\u0101 re\u017e\u012bm\u0101: 29km\/h 42km\/h 52km\/h<br \/>\nBrauk\u0161anas diapazons: 60-70km<\/p>\n<p>Motora jauda: 1200W<br \/>\nK\u0101p\u0161ana kaln\u0101: 15\u00b0<br \/>\nBrem\u017eu sist\u0113ma: dubultdisku bremzes<br \/>\nRiepas: priek\u0161\u0101 11&#8221; un aizmugur\u0113 10&#8221;<br \/>\nIzm\u0113rs: 1187 * 620 * 1315 mm<br \/>\nSvars: 36,2 kg<br \/>\nMaksim\u0101l\u0101 slodze: 120 kg<br \/>\nUzl\u0101des laiks: 8-10h<\/p>\n","protected":false},"excerpt":{"rendered":"<p><strong>KUGOO KIRIN M5 PRO<\/strong><\/p>\n<ul>\n<li>Brauk\u0161anas diapazons: 60-70km<\/li>\n<li>Akumulators: 48V 20Ah<\/li>\n<li>Kravnes\u012bba: 120 kg<\/li>\n<li>Uzl\u0101des laiks: 8-10h<\/li>\n<li>Maksim\u0101lais \u0101trums: 52km\/h<\/li>\n<\/ul>\n<p><strong>\u2666 Pieg\u0101des laiks 3-7 dienas<\/strong><br \/>\n<strong>\u2666 Ir noliktav\u0101<\/strong><\/p>\n","protected":false},"featured_media":16530,"template":"","meta":[],"product_cat":[1763,622],"product_tag":[],"class_list":{"0":"post-10882","1":"product","2":"type-product","3":"status-publish","4":"has-post-thumbnail","6":"product_cat-kugoo","7":"product_cat-elektriskie-skrejriteni","8":"product_shipping_class-suured-pakid","10":"first","11":"onbackorder","12":"sale","13":"taxable","14":"shipping-taxable","15":"purchasable","16":"product-type-simple"},"yoast_head":"<!-- This site is optimized with the Yoast SEO plugin v23.8 - https:\/\/yoast.com\/wordpress\/plugins\/seo\/ -->\n<title>Kugoo Kirin M5 Pro, 70 km - Ecocruiser<\/title>\n<meta name=\"description\" content=\"Kugoo Kirin M5 Pro, 70 km - Augstas kvalit\u0101tes z\u012bmoli, pla\u0161a izv\u0113le - Ecocruiser.ee - Ja jums ir k\u0101di jaut\u0101jumi, sazinieties ar info@projekt.vombat.ee\" \/>\n<meta name=\"robots\" content=\"noindex, follow, max-snippet:-1, max-image-preview:large, max-video-preview:-1\" \/>\n<meta property=\"og:locale\" content=\"en_GB\" \/>\n<meta property=\"og:type\" content=\"article\" \/>\n<meta property=\"og:title\" content=\"Kugoo Kirin M5 Pro, 70 km - Ecocruiser\" \/>\n<meta property=\"og:description\" content=\"Kugoo Kirin M5 Pro, 70 km - Augstas kvalit\u0101tes z\u012bmoli, pla\u0161a izv\u0113le - Ecocruiser.ee - Ja jums ir k\u0101di jaut\u0101jumi, sazinieties ar info@projekt.vombat.ee\" \/>\n<meta property=\"og:url\" content=\"https:\/\/projekt.vombat.ee\/eco\/lv\/pood\/elektriskie-skrejriteni\/kugoo-kirin-m5-pro-70-km\/\" \/>\n<meta property=\"og:site_name\" content=\"Ecocruiser\" \/>\n<meta property=\"article:modified_time\" content=\"2024-07-30T07:05:19+00:00\" \/>\n<meta property=\"og:image\" content=\"https:\/\/projekt.vombat.ee\/eco\/wp-content\/uploads\/2023\/03\/9c8dffb7a1a95230986c848140016261.png\" \/>\n\t<meta property=\"og:image:width\" content=\"892\" \/>\n\t<meta property=\"og:image:height\" content=\"848\" \/>\n\t<meta property=\"og:image:type\" content=\"image\/png\" \/>\n<meta name=\"twitter:card\" content=\"summary_large_image\" \/>\n<meta name=\"twitter:label1\" content=\"Estimated reading time\" \/>\n\t<meta name=\"twitter:data1\" content=\"2 minutes\" \/>\n<script type=\"application\/ld+json\" class=\"yoast-schema-graph\">{\"@context\":\"https:\/\/schema.org\",\"@graph\":[{\"@type\":\"WebPage\",\"@id\":\"https:\/\/projekt.vombat.ee\/eco\/lv\/pood\/elektriskie-skrejriteni\/kugoo-kirin-m5-pro-70-km\/\",\"url\":\"https:\/\/projekt.vombat.ee\/eco\/lv\/pood\/elektriskie-skrejriteni\/kugoo-kirin-m5-pro-70-km\/\",\"name\":\"Kugoo Kirin M5 Pro, 70 km - Ecocruiser\",\"isPartOf\":{\"@id\":\"https:\/\/projekt.vombat.ee\/eco\/#website\"},\"primaryImageOfPage\":{\"@id\":\"https:\/\/projekt.vombat.ee\/eco\/lv\/pood\/elektriskie-skrejriteni\/kugoo-kirin-m5-pro-70-km\/#primaryimage\"},\"image\":{\"@id\":\"https:\/\/projekt.vombat.ee\/eco\/lv\/pood\/elektriskie-skrejriteni\/kugoo-kirin-m5-pro-70-km\/#primaryimage\"},\"thumbnailUrl\":\"https:\/\/projekt.vombat.ee\/eco\/wp-content\/uploads\/2023\/03\/9c8dffb7a1a95230986c848140016261.png\",\"datePublished\":\"2023-07-09T14:38:55+00:00\",\"dateModified\":\"2024-07-30T07:05:19+00:00\",\"description\":\"Kugoo Kirin M5 Pro, 70 km - Augstas kvalit\u0101tes z\u012bmoli, pla\u0161a izv\u0113le - Ecocruiser.ee - Ja jums ir k\u0101di jaut\u0101jumi, sazinieties ar info@projekt.vombat.ee\",\"breadcrumb\":{\"@id\":\"https:\/\/projekt.vombat.ee\/eco\/lv\/pood\/elektriskie-skrejriteni\/kugoo-kirin-m5-pro-70-km\/#breadcrumb\"},\"inLanguage\":\"en-GB\",\"potentialAction\":[{\"@type\":\"ReadAction\",\"target\":[\"https:\/\/projekt.vombat.ee\/eco\/lv\/pood\/elektriskie-skrejriteni\/kugoo-kirin-m5-pro-70-km\/\"]}]},{\"@type\":\"ImageObject\",\"inLanguage\":\"en-GB\",\"@id\":\"https:\/\/projekt.vombat.ee\/eco\/lv\/pood\/elektriskie-skrejriteni\/kugoo-kirin-m5-pro-70-km\/#primaryimage\",\"url\":\"https:\/\/projekt.vombat.ee\/eco\/wp-content\/uploads\/2023\/03\/9c8dffb7a1a95230986c848140016261.png\",\"contentUrl\":\"https:\/\/projekt.vombat.ee\/eco\/wp-content\/uploads\/2023\/03\/9c8dffb7a1a95230986c848140016261.png\",\"width\":892,\"height\":848},{\"@type\":\"BreadcrumbList\",\"@id\":\"https:\/\/projekt.vombat.ee\/eco\/lv\/pood\/elektriskie-skrejriteni\/kugoo-kirin-m5-pro-70-km\/#breadcrumb\",\"itemListElement\":[{\"@type\":\"ListItem\",\"position\":1,\"name\":\"Home\",\"item\":\"https:\/\/projekt.vombat.ee\/eco\/\"},{\"@type\":\"ListItem\",\"position\":2,\"name\":\"Pood\",\"item\":\"https:\/\/projekt.vombat.ee\/eco\/pood\/\"},{\"@type\":\"ListItem\",\"position\":3,\"name\":\"Kugoo Kirin M5 Pro, 70 km\"}]},{\"@type\":\"WebSite\",\"@id\":\"https:\/\/projekt.vombat.ee\/eco\/#website\",\"url\":\"https:\/\/projekt.vombat.ee\/eco\/\",\"name\":\"Ecocruiser\",\"description\":\"\",\"publisher\":{\"@id\":\"https:\/\/projekt.vombat.ee\/eco\/#organization\"},\"potentialAction\":[{\"@type\":\"SearchAction\",\"target\":{\"@type\":\"EntryPoint\",\"urlTemplate\":\"https:\/\/projekt.vombat.ee\/eco\/?s={search_term_string}\"},\"query-input\":{\"@type\":\"PropertyValueSpecification\",\"valueRequired\":true,\"valueName\":\"search_term_string\"}}],\"inLanguage\":\"en-GB\"},{\"@type\":\"Organization\",\"@id\":\"https:\/\/projekt.vombat.ee\/eco\/#organization\",\"name\":\"Ecocruiser\",\"url\":\"https:\/\/projekt.vombat.ee\/eco\/\",\"logo\":{\"@type\":\"ImageObject\",\"inLanguage\":\"en-GB\",\"@id\":\"https:\/\/projekt.vombat.ee\/eco\/#\/schema\/logo\/image\/\",\"url\":\"https:\/\/projekt.vombat.ee\/eco\/wp-content\/uploads\/2023\/03\/ECOCRUISER_5.png\",\"contentUrl\":\"https:\/\/projekt.vombat.ee\/eco\/wp-content\/uploads\/2023\/03\/ECOCRUISER_5.png\",\"width\":234,\"height\":91,\"caption\":\"Ecocruiser\"},\"image\":{\"@id\":\"https:\/\/projekt.vombat.ee\/eco\/#\/schema\/logo\/image\/\"}}]}<\/script>\n<!-- \/ Yoast SEO plugin. -->","yoast_head_json":{"title":"Kugoo Kirin M5 Pro, 70 km - Ecocruiser","description":"Kugoo Kirin M5 Pro, 70 km - Augstas kvalit\u0101tes z\u012bmoli, pla\u0161a izv\u0113le - Ecocruiser.ee - Ja jums ir k\u0101di jaut\u0101jumi, sazinieties ar info@projekt.vombat.ee","robots":{"index":"noindex","follow":"follow","max-snippet":"max-snippet:-1","max-image-preview":"max-image-preview:large","max-video-preview":"max-video-preview:-1"},"og_locale":"en_GB","og_type":"article","og_title":"Kugoo Kirin M5 Pro, 70 km - Ecocruiser","og_description":"Kugoo Kirin M5 Pro, 70 km - Augstas kvalit\u0101tes z\u012bmoli, pla\u0161a izv\u0113le - Ecocruiser.ee - Ja jums ir k\u0101di jaut\u0101jumi, sazinieties ar info@projekt.vombat.ee","og_url":"https:\/\/projekt.vombat.ee\/eco\/lv\/pood\/elektriskie-skrejriteni\/kugoo-kirin-m5-pro-70-km\/","og_site_name":"Ecocruiser","article_modified_time":"2024-07-30T07:05:19+00:00","og_image":[{"width":892,"height":848,"url":"https:\/\/projekt.vombat.ee\/eco\/wp-content\/uploads\/2023\/03\/9c8dffb7a1a95230986c848140016261.png","type":"image\/png"}],"twitter_card":"summary_large_image","twitter_misc":{"Estimated reading time":"2 minutes"},"schema":{"@context":"https:\/\/schema.org","@graph":[{"@type":"WebPage","@id":"https:\/\/projekt.vombat.ee\/eco\/lv\/pood\/elektriskie-skrejriteni\/kugoo-kirin-m5-pro-70-km\/","url":"https:\/\/projekt.vombat.ee\/eco\/lv\/pood\/elektriskie-skrejriteni\/kugoo-kirin-m5-pro-70-km\/","name":"Kugoo Kirin M5 Pro, 70 km - Ecocruiser","isPartOf":{"@id":"https:\/\/projekt.vombat.ee\/eco\/#website"},"primaryImageOfPage":{"@id":"https:\/\/projekt.vombat.ee\/eco\/lv\/pood\/elektriskie-skrejriteni\/kugoo-kirin-m5-pro-70-km\/#primaryimage"},"image":{"@id":"https:\/\/projekt.vombat.ee\/eco\/lv\/pood\/elektriskie-skrejriteni\/kugoo-kirin-m5-pro-70-km\/#primaryimage"},"thumbnailUrl":"https:\/\/projekt.vombat.ee\/eco\/wp-content\/uploads\/2023\/03\/9c8dffb7a1a95230986c848140016261.png","datePublished":"2023-07-09T14:38:55+00:00","dateModified":"2024-07-30T07:05:19+00:00","description":"Kugoo Kirin M5 Pro, 70 km - Augstas kvalit\u0101tes z\u012bmoli, pla\u0161a izv\u0113le - Ecocruiser.ee - Ja jums ir k\u0101di jaut\u0101jumi, sazinieties ar info@projekt.vombat.ee","breadcrumb":{"@id":"https:\/\/projekt.vombat.ee\/eco\/lv\/pood\/elektriskie-skrejriteni\/kugoo-kirin-m5-pro-70-km\/#breadcrumb"},"inLanguage":"en-GB","potentialAction":[{"@type":"ReadAction","target":["https:\/\/projekt.vombat.ee\/eco\/lv\/pood\/elektriskie-skrejriteni\/kugoo-kirin-m5-pro-70-km\/"]}]},{"@type":"ImageObject","inLanguage":"en-GB","@id":"https:\/\/projekt.vombat.ee\/eco\/lv\/pood\/elektriskie-skrejriteni\/kugoo-kirin-m5-pro-70-km\/#primaryimage","url":"https:\/\/projekt.vombat.ee\/eco\/wp-content\/uploads\/2023\/03\/9c8dffb7a1a95230986c848140016261.png","contentUrl":"https:\/\/projekt.vombat.ee\/eco\/wp-content\/uploads\/2023\/03\/9c8dffb7a1a95230986c848140016261.png","width":892,"height":848},{"@type":"BreadcrumbList","@id":"https:\/\/projekt.vombat.ee\/eco\/lv\/pood\/elektriskie-skrejriteni\/kugoo-kirin-m5-pro-70-km\/#breadcrumb","itemListElement":[{"@type":"ListItem","position":1,"name":"Home","item":"https:\/\/projekt.vombat.ee\/eco\/"},{"@type":"ListItem","position":2,"name":"Pood","item":"https:\/\/projekt.vombat.ee\/eco\/pood\/"},{"@type":"ListItem","position":3,"name":"Kugoo Kirin M5 Pro, 70 km"}]},{"@type":"WebSite","@id":"https:\/\/projekt.vombat.ee\/eco\/#website","url":"https:\/\/projekt.vombat.ee\/eco\/","name":"Ecocruiser","description":"","publisher":{"@id":"https:\/\/projekt.vombat.ee\/eco\/#organization"},"potentialAction":[{"@type":"SearchAction","target":{"@type":"EntryPoint","urlTemplate":"https:\/\/projekt.vombat.ee\/eco\/?s={search_term_string}"},"query-input":{"@type":"PropertyValueSpecification","valueRequired":true,"valueName":"search_term_string"}}],"inLanguage":"en-GB"},{"@type":"Organization","@id":"https:\/\/projekt.vombat.ee\/eco\/#organization","name":"Ecocruiser","url":"https:\/\/projekt.vombat.ee\/eco\/","logo":{"@type":"ImageObject","inLanguage":"en-GB","@id":"https:\/\/projekt.vombat.ee\/eco\/#\/schema\/logo\/image\/","url":"https:\/\/projekt.vombat.ee\/eco\/wp-content\/uploads\/2023\/03\/ECOCRUISER_5.png","contentUrl":"https:\/\/projekt.vombat.ee\/eco\/wp-content\/uploads\/2023\/03\/ECOCRUISER_5.png","width":234,"height":91,"caption":"Ecocruiser"},"image":{"@id":"https:\/\/projekt.vombat.ee\/eco\/#\/schema\/logo\/image\/"}}]}},"lang":"lv","translations":{"lv":10882,"ru":6270,"et":6261,"fi":7778,"en":15934,"fr":16961},"pll_sync_post":[],"_links":{"self":[{"href":"https:\/\/projekt.vombat.ee\/eco\/wp-json\/wp\/v2\/product\/10882"}],"collection":[{"href":"https:\/\/projekt.vombat.ee\/eco\/wp-json\/wp\/v2\/product"}],"about":[{"href":"https:\/\/projekt.vombat.ee\/eco\/wp-json\/wp\/v2\/types\/product"}],"version-history":[{"count":1,"href":"https:\/\/projekt.vombat.ee\/eco\/wp-json\/wp\/v2\/product\/10882\/revisions"}],"predecessor-version":[{"id":10891,"href":"https:\/\/projekt.vombat.ee\/eco\/wp-json\/wp\/v2\/product\/10882\/revisions\/10891"}],"wp:featuredmedia":[{"embeddable":true,"href":"https:\/\/projekt.vombat.ee\/eco\/wp-json\/wp\/v2\/media\/16530"}],"wp:attachment":[{"href":"https:\/\/projekt.vombat.ee\/eco\/wp-json\/wp\/v2\/media?parent=10882"}],"wp:term":[{"taxonomy":"product_cat","embeddable":true,"href":"https:\/\/projekt.vombat.ee\/eco\/wp-json\/wp\/v2\/product_cat?post=10882"},{"taxonomy":"product_tag","embeddable":true,"href":"https:\/\/projekt.vombat.ee\/eco\/wp-json\/wp\/v2\/product_tag?post=10882"}],"curies":[{"name":"wp","href":"https:\/\/api.w.org\/{rel}","templated":true}]}}