{"id":10874,"date":"2023-07-09T14:31:38","date_gmt":"2023-07-09T14:31:38","guid":{"rendered":"https:\/\/projekt.vombat.ee\/eco\/?post_type=product&#038;p=10874"},"modified":"2024-07-23T06:48:42","modified_gmt":"2024-07-23T06:48:42","slug":"kugoo-kirin-m4-pro-70km","status":"publish","type":"product","link":"https:\/\/projekt.vombat.ee\/eco\/lv\/pood\/elektriskie-skrejriteni\/kugoo-kirin-m4-pro-70km\/","title":{"rendered":"Kugoo Kirin M4 Pro, 70km"},"content":{"rendered":"<h1>KUGOO KIRIN M4 PRO<\/h1>\n<p>Kugoo Kirin M4 Pro ir viens no popul\u0101r\u0101kajiem Kugoo z\u012bmola p\u0101rst\u0101vjiem. M4 s\u0113rijas skrejrite\u0146i ir lieliska izv\u0113le tiem, kas mekl\u0113 skrejriteni ar vislab\u0101ko cenas un kvalit\u0101tes attiec\u012bbu. Motorollers, kas ir pietiekami jaud\u012bgs, nezaud\u0113jot brauk\u0161anas komfortu. Papildus tehniskajai pusei regul\u0113jam\u0101 augstuma st\u016bre padara \u0161o skrejriteni nedaudz \u012bpa\u0161\u0101ku,<\/p>\n<p>\u0160is modelis ir apr\u012bkots ar <strong>48V\/18Ah\/864Wh<\/strong> litija akumulatoru, kas ar vienu uzl\u0101di sp\u0113j nobraukt l\u012bdz <strong>70km<\/strong>. Papildus jaudai skrejritenis ir ar\u012b \u0101rk\u0101rt\u012bgi kompakts. To var saloc\u012bt aptuveni 1-2 min\u016bt\u0113s un saloc\u012bts lieliski iek\u013caujas jebkuras automa\u0161\u012bnas bag\u0101\u017eniek\u0101. Lai p\u0101rn\u0113s\u0101tu elektrisko skrejriteni nesaloc\u012bt\u0101 st\u0101vokl\u012b, st\u0101vo\u0161\u0101 kl\u0101ja aizmugur\u0113 ir uzst\u0101d\u012bta caurules formas konstrukcija, kuru ir \u013coti \u0113rti tur\u0113t rok\u0101s, p\u0101rn\u0113s\u0101jot. Ar\u012b \u0161\u012b konstrukcija \u013coti labi darbojas, braucot ar k\u0101ju balstu. Kugoo M4 Pro elektriskais skrejritenis ir apr\u012bkots ar <strong>500W<\/strong> BLDC elektromotoru.<\/p>\n<p><img fetchpriority=\"high\" decoding=\"async\" class=\"wp-image-7300 aligncenter\" src=\"https:\/\/www.xn--tuksimaailm-ffb.ee\/wp-content\/uploads\/2021\/12\/m4-pro-8a-300x148.png\" sizes=\"(max-width: 681px) 100vw, 681px\" srcset=\"https:\/\/www.xn--tuksimaailm-ffb.ee\/wp-content\/uploads\/2021\/12\/m4-pro-8a-300x148.png 300w, https:\/\/www.xn--tuksimaailm-ffb.ee\/wp-content\/uploads\/2021\/12\/m4-pro-8a-768x378.png 768w, https:\/\/www.xn--tuksimaailm-ffb.ee\/wp-content\/uploads\/2021\/12\/m4-pro-8a-609x300.png 609w, https:\/\/www.xn--tuksimaailm-ffb.ee\/wp-content\/uploads\/2021\/12\/m4-pro-8a-611x300.png 611w, https:\/\/www.xn--tuksimaailm-ffb.ee\/wp-content\/uploads\/2021\/12\/m4-pro-8a-600x295.png 600w, https:\/\/www.xn--tuksimaailm-ffb.ee\/wp-content\/uploads\/2021\/12\/m4-pro-8a.png 928w\" alt=\"kugoo m4 pro elektrit\u00f5ukeratas elektriline t\u00f5ukeratas elektrit\u00f5ukerattad\" width=\"681\" height=\"336\" \/><\/p>\n<h3>Inform\u0101cija<\/h3>\n<p>\u0100truma re\u017e\u012bms: 3<br \/>\nMaksim\u0101lais \u0101trums: 40-45km\/h<br \/>\nMaksim\u0101lais brauk\u0161anas att\u0101lums: 70 km<br \/>\nK\u0101p\u0161anas sp\u0113ja: 15\u00b0<br \/>\nMaksim\u0101l\u0101 slodze: 150 kg<\/p>\n<p>Motora tips: DC bezsuku motors<br \/>\nNomin\u0101l\u0101 jauda: 500W<br \/>\nAkumulatora tips: 18650 litija akumulators<br \/>\nAkumulatora ietilp\u012bba: 18Ah<br \/>\nNomin\u0101lais spriegums: 48V<br \/>\nUzl\u0101des laiks: 8 stundas<\/p>\n<p>Brem\u017eu tips: Disku bremzes<br \/>\nRiepu izm\u0113rs: 10 collas<br \/>\nPed\u0101\u013ca platums: 22 cm<\/p>\n<p>Produkta svars: 22,6 kg<br \/>\nProdukta izm\u0113rs (G x P x A): 119 x 60 x 112 cm<\/p>\n","protected":false},"excerpt":{"rendered":"<p><strong>KUGOO KIRIN M4 PRO\u00a0<\/strong><\/p>\n<ul>\n<li>Motors: 500W<\/li>\n<li>Akumulators: 48V 18AH<\/li>\n<li>Kravnes\u012bba: 150KG<\/li>\n<li>Maksim\u0101lais \u0101trums: 45km\/h<\/li>\n<li>Brauk\u0161anas diapazons: 70\u00a0km<\/li>\n<li>Uzl\u0101des laiks: 8h<\/li>\n<li>Pac\u0113luma le\u0146\u0137is: 15 \u00b0.<\/li>\n<li>Riepas: 10&#8243; pneimatisk\u0101s riepas<\/li>\n<li>N\u0101k ar s\u0113dekli<\/li>\n<\/ul>\n<p>&nbsp;<\/p>\n<p><strong>\u2666 Pieg\u0101des laiks 3-6 dienas<\/strong><br \/>\n<strong>\u2666 Ir noliktav\u0101<\/strong><\/p>\n","protected":false},"featured_media":10875,"template":"","meta":[],"product_cat":[1763,622],"product_tag":[],"class_list":{"0":"post-10874","1":"product","2":"type-product","3":"status-publish","4":"has-post-thumbnail","6":"product_cat-kugoo","7":"product_cat-elektriskie-skrejriteni","8":"product_shipping_class-suured-pakid","10":"first","11":"instock","12":"sale","13":"taxable","14":"shipping-taxable","15":"purchasable","16":"product-type-simple"},"yoast_head":"<!-- This site is optimized with the Yoast SEO plugin v23.8 - https:\/\/yoast.com\/wordpress\/plugins\/seo\/ -->\n<title>Kugoo Kirin M4 Pro, 70km - Ecocruiser<\/title>\n<meta name=\"description\" content=\"Kugoo Kirin M4 Pro, 70km - Kvaliteetsed br\u00e4ndid, lai valik - Ecocruiser.ee - K\u00fcsimuste korral v\u00f5ta \u00fchendust info@projekt.vombat.ee\" \/>\n<meta name=\"robots\" content=\"noindex, follow, max-snippet:-1, max-image-preview:large, max-video-preview:-1\" \/>\n<meta property=\"og:locale\" content=\"en_GB\" \/>\n<meta property=\"og:type\" content=\"article\" \/>\n<meta property=\"og:title\" content=\"Kugoo Kirin M4 Pro, 70km - Ecocruiser\" \/>\n<meta property=\"og:description\" content=\"Kugoo Kirin M4 Pro, 70km - Kvaliteetsed br\u00e4ndid, lai valik - Ecocruiser.ee - K\u00fcsimuste korral v\u00f5ta \u00fchendust info@projekt.vombat.ee\" \/>\n<meta property=\"og:url\" content=\"https:\/\/projekt.vombat.ee\/eco\/lv\/pood\/elektriskie-skrejriteni\/kugoo-kirin-m4-pro-70km\/\" \/>\n<meta property=\"og:site_name\" content=\"Ecocruiser\" \/>\n<meta property=\"article:modified_time\" content=\"2024-07-23T06:48:42+00:00\" \/>\n<meta property=\"og:image\" content=\"https:\/\/projekt.vombat.ee\/eco\/wp-content\/uploads\/2023\/03\/Kugoo-Kirin-M4-Pro.png\" \/>\n\t<meta property=\"og:image:width\" content=\"939\" \/>\n\t<meta property=\"og:image:height\" content=\"909\" \/>\n\t<meta property=\"og:image:type\" content=\"image\/png\" \/>\n<meta name=\"twitter:card\" content=\"summary_large_image\" \/>\n<meta name=\"twitter:label1\" content=\"Estimated reading time\" \/>\n\t<meta name=\"twitter:data1\" content=\"2 minutes\" \/>\n<script type=\"application\/ld+json\" class=\"yoast-schema-graph\">{\"@context\":\"https:\/\/schema.org\",\"@graph\":[{\"@type\":\"WebPage\",\"@id\":\"https:\/\/projekt.vombat.ee\/eco\/lv\/pood\/elektriskie-skrejriteni\/kugoo-kirin-m4-pro-70km\/\",\"url\":\"https:\/\/projekt.vombat.ee\/eco\/lv\/pood\/elektriskie-skrejriteni\/kugoo-kirin-m4-pro-70km\/\",\"name\":\"Kugoo Kirin M4 Pro, 70km - Ecocruiser\",\"isPartOf\":{\"@id\":\"https:\/\/projekt.vombat.ee\/eco\/#website\"},\"primaryImageOfPage\":{\"@id\":\"https:\/\/projekt.vombat.ee\/eco\/lv\/pood\/elektriskie-skrejriteni\/kugoo-kirin-m4-pro-70km\/#primaryimage\"},\"image\":{\"@id\":\"https:\/\/projekt.vombat.ee\/eco\/lv\/pood\/elektriskie-skrejriteni\/kugoo-kirin-m4-pro-70km\/#primaryimage\"},\"thumbnailUrl\":\"https:\/\/projekt.vombat.ee\/eco\/wp-content\/uploads\/2023\/03\/Kugoo-Kirin-M4-Pro.png\",\"datePublished\":\"2023-07-09T14:31:38+00:00\",\"dateModified\":\"2024-07-23T06:48:42+00:00\",\"description\":\"Kugoo Kirin M4 Pro, 70km - Kvaliteetsed br\u00e4ndid, lai valik - Ecocruiser.ee - K\u00fcsimuste korral v\u00f5ta \u00fchendust info@projekt.vombat.ee\",\"breadcrumb\":{\"@id\":\"https:\/\/projekt.vombat.ee\/eco\/lv\/pood\/elektriskie-skrejriteni\/kugoo-kirin-m4-pro-70km\/#breadcrumb\"},\"inLanguage\":\"en-GB\",\"potentialAction\":[{\"@type\":\"ReadAction\",\"target\":[\"https:\/\/projekt.vombat.ee\/eco\/lv\/pood\/elektriskie-skrejriteni\/kugoo-kirin-m4-pro-70km\/\"]}]},{\"@type\":\"ImageObject\",\"inLanguage\":\"en-GB\",\"@id\":\"https:\/\/projekt.vombat.ee\/eco\/lv\/pood\/elektriskie-skrejriteni\/kugoo-kirin-m4-pro-70km\/#primaryimage\",\"url\":\"https:\/\/projekt.vombat.ee\/eco\/wp-content\/uploads\/2023\/03\/Kugoo-Kirin-M4-Pro.png\",\"contentUrl\":\"https:\/\/projekt.vombat.ee\/eco\/wp-content\/uploads\/2023\/03\/Kugoo-Kirin-M4-Pro.png\",\"width\":939,\"height\":909,\"caption\":\"Kugoo Kirin M4 Pro\"},{\"@type\":\"BreadcrumbList\",\"@id\":\"https:\/\/projekt.vombat.ee\/eco\/lv\/pood\/elektriskie-skrejriteni\/kugoo-kirin-m4-pro-70km\/#breadcrumb\",\"itemListElement\":[{\"@type\":\"ListItem\",\"position\":1,\"name\":\"Home\",\"item\":\"https:\/\/projekt.vombat.ee\/eco\/\"},{\"@type\":\"ListItem\",\"position\":2,\"name\":\"Pood\",\"item\":\"https:\/\/projekt.vombat.ee\/eco\/pood\/\"},{\"@type\":\"ListItem\",\"position\":3,\"name\":\"Kugoo Kirin M4 Pro, 70km\"}]},{\"@type\":\"WebSite\",\"@id\":\"https:\/\/projekt.vombat.ee\/eco\/#website\",\"url\":\"https:\/\/projekt.vombat.ee\/eco\/\",\"name\":\"Ecocruiser\",\"description\":\"\",\"publisher\":{\"@id\":\"https:\/\/projekt.vombat.ee\/eco\/#organization\"},\"potentialAction\":[{\"@type\":\"SearchAction\",\"target\":{\"@type\":\"EntryPoint\",\"urlTemplate\":\"https:\/\/projekt.vombat.ee\/eco\/?s={search_term_string}\"},\"query-input\":{\"@type\":\"PropertyValueSpecification\",\"valueRequired\":true,\"valueName\":\"search_term_string\"}}],\"inLanguage\":\"en-GB\"},{\"@type\":\"Organization\",\"@id\":\"https:\/\/projekt.vombat.ee\/eco\/#organization\",\"name\":\"Ecocruiser\",\"url\":\"https:\/\/projekt.vombat.ee\/eco\/\",\"logo\":{\"@type\":\"ImageObject\",\"inLanguage\":\"en-GB\",\"@id\":\"https:\/\/projekt.vombat.ee\/eco\/#\/schema\/logo\/image\/\",\"url\":\"https:\/\/projekt.vombat.ee\/eco\/wp-content\/uploads\/2023\/03\/ECOCRUISER_5.png\",\"contentUrl\":\"https:\/\/projekt.vombat.ee\/eco\/wp-content\/uploads\/2023\/03\/ECOCRUISER_5.png\",\"width\":234,\"height\":91,\"caption\":\"Ecocruiser\"},\"image\":{\"@id\":\"https:\/\/projekt.vombat.ee\/eco\/#\/schema\/logo\/image\/\"}}]}<\/script>\n<!-- \/ Yoast SEO plugin. -->","yoast_head_json":{"title":"Kugoo Kirin M4 Pro, 70km - Ecocruiser","description":"Kugoo Kirin M4 Pro, 70km - Kvaliteetsed br\u00e4ndid, lai valik - Ecocruiser.ee - K\u00fcsimuste korral v\u00f5ta \u00fchendust info@projekt.vombat.ee","robots":{"index":"noindex","follow":"follow","max-snippet":"max-snippet:-1","max-image-preview":"max-image-preview:large","max-video-preview":"max-video-preview:-1"},"og_locale":"en_GB","og_type":"article","og_title":"Kugoo Kirin M4 Pro, 70km - Ecocruiser","og_description":"Kugoo Kirin M4 Pro, 70km - Kvaliteetsed br\u00e4ndid, lai valik - Ecocruiser.ee - K\u00fcsimuste korral v\u00f5ta \u00fchendust info@projekt.vombat.ee","og_url":"https:\/\/projekt.vombat.ee\/eco\/lv\/pood\/elektriskie-skrejriteni\/kugoo-kirin-m4-pro-70km\/","og_site_name":"Ecocruiser","article_modified_time":"2024-07-23T06:48:42+00:00","og_image":[{"width":939,"height":909,"url":"https:\/\/projekt.vombat.ee\/eco\/wp-content\/uploads\/2023\/03\/Kugoo-Kirin-M4-Pro.png","type":"image\/png"}],"twitter_card":"summary_large_image","twitter_misc":{"Estimated reading time":"2 minutes"},"schema":{"@context":"https:\/\/schema.org","@graph":[{"@type":"WebPage","@id":"https:\/\/projekt.vombat.ee\/eco\/lv\/pood\/elektriskie-skrejriteni\/kugoo-kirin-m4-pro-70km\/","url":"https:\/\/projekt.vombat.ee\/eco\/lv\/pood\/elektriskie-skrejriteni\/kugoo-kirin-m4-pro-70km\/","name":"Kugoo Kirin M4 Pro, 70km - Ecocruiser","isPartOf":{"@id":"https:\/\/projekt.vombat.ee\/eco\/#website"},"primaryImageOfPage":{"@id":"https:\/\/projekt.vombat.ee\/eco\/lv\/pood\/elektriskie-skrejriteni\/kugoo-kirin-m4-pro-70km\/#primaryimage"},"image":{"@id":"https:\/\/projekt.vombat.ee\/eco\/lv\/pood\/elektriskie-skrejriteni\/kugoo-kirin-m4-pro-70km\/#primaryimage"},"thumbnailUrl":"https:\/\/projekt.vombat.ee\/eco\/wp-content\/uploads\/2023\/03\/Kugoo-Kirin-M4-Pro.png","datePublished":"2023-07-09T14:31:38+00:00","dateModified":"2024-07-23T06:48:42+00:00","description":"Kugoo Kirin M4 Pro, 70km - Kvaliteetsed br\u00e4ndid, lai valik - Ecocruiser.ee - K\u00fcsimuste korral v\u00f5ta \u00fchendust info@projekt.vombat.ee","breadcrumb":{"@id":"https:\/\/projekt.vombat.ee\/eco\/lv\/pood\/elektriskie-skrejriteni\/kugoo-kirin-m4-pro-70km\/#breadcrumb"},"inLanguage":"en-GB","potentialAction":[{"@type":"ReadAction","target":["https:\/\/projekt.vombat.ee\/eco\/lv\/pood\/elektriskie-skrejriteni\/kugoo-kirin-m4-pro-70km\/"]}]},{"@type":"ImageObject","inLanguage":"en-GB","@id":"https:\/\/projekt.vombat.ee\/eco\/lv\/pood\/elektriskie-skrejriteni\/kugoo-kirin-m4-pro-70km\/#primaryimage","url":"https:\/\/projekt.vombat.ee\/eco\/wp-content\/uploads\/2023\/03\/Kugoo-Kirin-M4-Pro.png","contentUrl":"https:\/\/projekt.vombat.ee\/eco\/wp-content\/uploads\/2023\/03\/Kugoo-Kirin-M4-Pro.png","width":939,"height":909,"caption":"Kugoo Kirin M4 Pro"},{"@type":"BreadcrumbList","@id":"https:\/\/projekt.vombat.ee\/eco\/lv\/pood\/elektriskie-skrejriteni\/kugoo-kirin-m4-pro-70km\/#breadcrumb","itemListElement":[{"@type":"ListItem","position":1,"name":"Home","item":"https:\/\/projekt.vombat.ee\/eco\/"},{"@type":"ListItem","position":2,"name":"Pood","item":"https:\/\/projekt.vombat.ee\/eco\/pood\/"},{"@type":"ListItem","position":3,"name":"Kugoo Kirin M4 Pro, 70km"}]},{"@type":"WebSite","@id":"https:\/\/projekt.vombat.ee\/eco\/#website","url":"https:\/\/projekt.vombat.ee\/eco\/","name":"Ecocruiser","description":"","publisher":{"@id":"https:\/\/projekt.vombat.ee\/eco\/#organization"},"potentialAction":[{"@type":"SearchAction","target":{"@type":"EntryPoint","urlTemplate":"https:\/\/projekt.vombat.ee\/eco\/?s={search_term_string}"},"query-input":{"@type":"PropertyValueSpecification","valueRequired":true,"valueName":"search_term_string"}}],"inLanguage":"en-GB"},{"@type":"Organization","@id":"https:\/\/projekt.vombat.ee\/eco\/#organization","name":"Ecocruiser","url":"https:\/\/projekt.vombat.ee\/eco\/","logo":{"@type":"ImageObject","inLanguage":"en-GB","@id":"https:\/\/projekt.vombat.ee\/eco\/#\/schema\/logo\/image\/","url":"https:\/\/projekt.vombat.ee\/eco\/wp-content\/uploads\/2023\/03\/ECOCRUISER_5.png","contentUrl":"https:\/\/projekt.vombat.ee\/eco\/wp-content\/uploads\/2023\/03\/ECOCRUISER_5.png","width":234,"height":91,"caption":"Ecocruiser"},"image":{"@id":"https:\/\/projekt.vombat.ee\/eco\/#\/schema\/logo\/image\/"}}]}},"lang":"lv","translations":{"lv":10874,"ru":5274,"et":2513,"fi":8337,"en":15943,"fr":16971},"pll_sync_post":[],"_links":{"self":[{"href":"https:\/\/projekt.vombat.ee\/eco\/wp-json\/wp\/v2\/product\/10874"}],"collection":[{"href":"https:\/\/projekt.vombat.ee\/eco\/wp-json\/wp\/v2\/product"}],"about":[{"href":"https:\/\/projekt.vombat.ee\/eco\/wp-json\/wp\/v2\/types\/product"}],"version-history":[{"count":1,"href":"https:\/\/projekt.vombat.ee\/eco\/wp-json\/wp\/v2\/product\/10874\/revisions"}],"predecessor-version":[{"id":10880,"href":"https:\/\/projekt.vombat.ee\/eco\/wp-json\/wp\/v2\/product\/10874\/revisions\/10880"}],"wp:featuredmedia":[{"embeddable":true,"href":"https:\/\/projekt.vombat.ee\/eco\/wp-json\/wp\/v2\/media\/10875"}],"wp:attachment":[{"href":"https:\/\/projekt.vombat.ee\/eco\/wp-json\/wp\/v2\/media?parent=10874"}],"wp:term":[{"taxonomy":"product_cat","embeddable":true,"href":"https:\/\/projekt.vombat.ee\/eco\/wp-json\/wp\/v2\/product_cat?post=10874"},{"taxonomy":"product_tag","embeddable":true,"href":"https:\/\/projekt.vombat.ee\/eco\/wp-json\/wp\/v2\/product_tag?post=10874"}],"curies":[{"name":"wp","href":"https:\/\/api.w.org\/{rel}","templated":true}]}}