{"id":10724,"date":"2023-07-06T12:23:53","date_gmt":"2023-07-06T12:23:53","guid":{"rendered":"https:\/\/projekt.vombat.ee\/eco\/?post_type=product&#038;p=10724"},"modified":"2024-07-11T11:33:12","modified_gmt":"2024-07-11T11:33:12","slug":"la-vida-naiste-linnaratas-valge-korviga","status":"publish","type":"product","link":"https:\/\/projekt.vombat.ee\/eco\/pood\/jalgrattad\/naiste-jalgrattad\/la-vida-naiste-linnaratas-valge-korviga\/","title":{"rendered":"La Vida Naiste linnaratas valge korviga"},"content":{"rendered":"<h1><big><strong>La Vida Naiste linnaratas valge korviga<\/strong><\/big><\/h1>\n<p><img fetchpriority=\"high\" decoding=\"async\" class=\"\" src=\"https:\/\/rowerylavida.pl\/4729-large_default\/rower-miejski-damski-26-bialy-z-koszem-j-.jpg\" width=\"556\" height=\"834\" \/><\/p>\n<h3>Info<\/h3>\n<ul>\n<li><b>Raam: soliidne ja stiilne valge<\/b><\/li>\n<li><b>Raami suurus: 18,75&#8243; 48 cm<\/b><\/li>\n<li><b>Ratta suurus: 26&#8243;<\/b><\/li>\n<li><b>Pidurid: Torpeedo (jalad) + V-pidurid (k\u00e4epide)<\/b><\/li>\n<li><b>Valgustus: akutoitega LED-tuled ees ja taga<\/b><\/li>\n<li><b>Velje t\u00fc\u00fcp: alumiinium, tugevdatud<\/b><\/li>\n<li><b>K\u00e4epidemed: Profileeritud<\/b><\/li>\n<li><b>Juhtraud: Profileeritud teras<\/b><\/li>\n<li><b>Juhtraua vars: ZOOM<\/b><\/li>\n<li><b>Pedaalid: plastikust helkuritega<\/b><\/li>\n<li><b>Poritiivad: metallist<\/b><\/li>\n<li><b>Iste: valge polsterdatud<\/b><\/li>\n<\/ul>\n","protected":false},"excerpt":{"rendered":"<p><strong>La Vida Naiste linnarattas valge korviga<\/strong><\/p>\n<ul>\n<li><b>Raami suurus [tolli]: 18,75&#8243; 48 cm<\/b><\/li>\n<li><b>Ratta suurus [tolli]: 26<\/b><\/li>\n<li><b>Pidurid: Torpeedo (jalad) + V-pidurid (k\u00e4epide)<\/b><\/li>\n<li><b>Valgustus: akutoitega LED-tuled ees ja taga<\/b><\/li>\n<li><b>Rehvid: HAKUBA<\/b><\/li>\n<li><b>Velje t\u00fc\u00fcp: alumiinium, tugevdatud<\/b><\/li>\n<li><b>K\u00e4epidemed: Profileeritud<\/b><\/li>\n<li><b>Juhtraud: Profileeritud teras<\/b><\/li>\n<li><strong>Sobib s\u00f5itjale pikkusega 165-185cm<\/strong><\/li>\n<\/ul>\n<p>&nbsp;<\/p>\n<ul>\n<li><strong>Tarneaeg 2-7 p\u00e4eva<\/strong><\/li>\n<li><strong>Laos<\/strong><\/li>\n<\/ul>\n","protected":false},"featured_media":10725,"template":"","meta":[],"product_cat":[1725,1727],"product_tag":[],"class_list":{"0":"post-10724","1":"product","2":"type-product","3":"status-publish","4":"has-post-thumbnail","6":"product_cat-jalgrattad","7":"product_cat-naiste-jalgrattad","8":"product_shipping_class-suured-pakid","10":"first","11":"outofstock","12":"sale","13":"taxable","14":"shipping-taxable","15":"purchasable","16":"product-type-simple"},"yoast_head":"<!-- This site is optimized with the Yoast SEO plugin v23.8 - https:\/\/yoast.com\/wordpress\/plugins\/seo\/ -->\n<title>La Vida Naiste linnaratas valge korviga - Ecocruiser<\/title>\n<meta name=\"description\" content=\"Raami suurus [tolli]: 18,75&quot; 48 cm. Ratta suurus [tolli]: 26. Pidurid: Torpeedo (jalad) + V-pidurid (k\u00e4epide). Valgustus: akutoitega LED-tuled ees ja taga. Rehvid: HAKUBA. Velje t\u00fc\u00fcp: alumiinium, tugevdatud. K\u00e4epidemed: ProfileeritudJuhtraud: Profileeritud teras\" \/>\n<meta name=\"robots\" content=\"noindex, follow, max-snippet:-1, max-image-preview:large, max-video-preview:-1\" \/>\n<meta property=\"og:locale\" content=\"en_GB\" \/>\n<meta property=\"og:type\" content=\"article\" \/>\n<meta property=\"og:title\" content=\"La Vida Naiste linnaratas valge korviga - Ecocruiser\" \/>\n<meta property=\"og:description\" content=\"Raami suurus [tolli]: 18,75&quot; 48 cm. Ratta suurus [tolli]: 26. Pidurid: Torpeedo (jalad) + V-pidurid (k\u00e4epide). Valgustus: akutoitega LED-tuled ees ja taga. Rehvid: HAKUBA. Velje t\u00fc\u00fcp: alumiinium, tugevdatud. K\u00e4epidemed: ProfileeritudJuhtraud: Profileeritud teras\" \/>\n<meta property=\"og:url\" content=\"https:\/\/projekt.vombat.ee\/eco\/pood\/jalgrattad\/naiste-jalgrattad\/la-vida-naiste-linnaratas-valge-korviga\/\" \/>\n<meta property=\"og:site_name\" content=\"Ecocruiser\" \/>\n<meta property=\"article:modified_time\" content=\"2024-07-11T11:33:12+00:00\" \/>\n<meta property=\"og:image\" content=\"https:\/\/projekt.vombat.ee\/eco\/wp-content\/uploads\/2023\/07\/Naiste-linnarattas-valge-korviga.jpeg\" \/>\n\t<meta property=\"og:image:width\" content=\"800\" \/>\n\t<meta property=\"og:image:height\" content=\"1200\" \/>\n\t<meta property=\"og:image:type\" content=\"image\/jpeg\" \/>\n<meta name=\"twitter:card\" content=\"summary_large_image\" \/>\n<meta name=\"twitter:label1\" content=\"Estimated reading time\" \/>\n\t<meta name=\"twitter:data1\" content=\"1 minute\" \/>\n<script type=\"application\/ld+json\" class=\"yoast-schema-graph\">{\"@context\":\"https:\/\/schema.org\",\"@graph\":[{\"@type\":\"WebPage\",\"@id\":\"https:\/\/projekt.vombat.ee\/eco\/pood\/jalgrattad\/naiste-jalgrattad\/la-vida-naiste-linnaratas-valge-korviga\/\",\"url\":\"https:\/\/projekt.vombat.ee\/eco\/pood\/jalgrattad\/naiste-jalgrattad\/la-vida-naiste-linnaratas-valge-korviga\/\",\"name\":\"La Vida Naiste linnaratas valge korviga - Ecocruiser\",\"isPartOf\":{\"@id\":\"https:\/\/projekt.vombat.ee\/eco\/#website\"},\"primaryImageOfPage\":{\"@id\":\"https:\/\/projekt.vombat.ee\/eco\/pood\/jalgrattad\/naiste-jalgrattad\/la-vida-naiste-linnaratas-valge-korviga\/#primaryimage\"},\"image\":{\"@id\":\"https:\/\/projekt.vombat.ee\/eco\/pood\/jalgrattad\/naiste-jalgrattad\/la-vida-naiste-linnaratas-valge-korviga\/#primaryimage\"},\"thumbnailUrl\":\"https:\/\/projekt.vombat.ee\/eco\/wp-content\/uploads\/2023\/07\/Naiste-linnarattas-valge-korviga.jpeg\",\"datePublished\":\"2023-07-06T12:23:53+00:00\",\"dateModified\":\"2024-07-11T11:33:12+00:00\",\"description\":\"Raami suurus [tolli]: 18,75\\\" 48 cm. Ratta suurus [tolli]: 26. Pidurid: Torpeedo (jalad) + V-pidurid (k\u00e4epide). Valgustus: akutoitega LED-tuled ees ja taga. Rehvid: HAKUBA. Velje t\u00fc\u00fcp: alumiinium, tugevdatud. K\u00e4epidemed: ProfileeritudJuhtraud: Profileeritud teras\",\"breadcrumb\":{\"@id\":\"https:\/\/projekt.vombat.ee\/eco\/pood\/jalgrattad\/naiste-jalgrattad\/la-vida-naiste-linnaratas-valge-korviga\/#breadcrumb\"},\"inLanguage\":\"en-GB\",\"potentialAction\":[{\"@type\":\"ReadAction\",\"target\":[\"https:\/\/projekt.vombat.ee\/eco\/pood\/jalgrattad\/naiste-jalgrattad\/la-vida-naiste-linnaratas-valge-korviga\/\"]}]},{\"@type\":\"ImageObject\",\"inLanguage\":\"en-GB\",\"@id\":\"https:\/\/projekt.vombat.ee\/eco\/pood\/jalgrattad\/naiste-jalgrattad\/la-vida-naiste-linnaratas-valge-korviga\/#primaryimage\",\"url\":\"https:\/\/projekt.vombat.ee\/eco\/wp-content\/uploads\/2023\/07\/Naiste-linnarattas-valge-korviga.jpeg\",\"contentUrl\":\"https:\/\/projekt.vombat.ee\/eco\/wp-content\/uploads\/2023\/07\/Naiste-linnarattas-valge-korviga.jpeg\",\"width\":800,\"height\":1200},{\"@type\":\"BreadcrumbList\",\"@id\":\"https:\/\/projekt.vombat.ee\/eco\/pood\/jalgrattad\/naiste-jalgrattad\/la-vida-naiste-linnaratas-valge-korviga\/#breadcrumb\",\"itemListElement\":[{\"@type\":\"ListItem\",\"position\":1,\"name\":\"Home\",\"item\":\"https:\/\/projekt.vombat.ee\/eco\/\"},{\"@type\":\"ListItem\",\"position\":2,\"name\":\"Pood\",\"item\":\"https:\/\/projekt.vombat.ee\/eco\/pood\/\"},{\"@type\":\"ListItem\",\"position\":3,\"name\":\"La Vida Naiste linnaratas valge korviga\"}]},{\"@type\":\"WebSite\",\"@id\":\"https:\/\/projekt.vombat.ee\/eco\/#website\",\"url\":\"https:\/\/projekt.vombat.ee\/eco\/\",\"name\":\"Ecocruiser\",\"description\":\"\",\"publisher\":{\"@id\":\"https:\/\/projekt.vombat.ee\/eco\/#organization\"},\"potentialAction\":[{\"@type\":\"SearchAction\",\"target\":{\"@type\":\"EntryPoint\",\"urlTemplate\":\"https:\/\/projekt.vombat.ee\/eco\/?s={search_term_string}\"},\"query-input\":{\"@type\":\"PropertyValueSpecification\",\"valueRequired\":true,\"valueName\":\"search_term_string\"}}],\"inLanguage\":\"en-GB\"},{\"@type\":\"Organization\",\"@id\":\"https:\/\/projekt.vombat.ee\/eco\/#organization\",\"name\":\"Ecocruiser\",\"url\":\"https:\/\/projekt.vombat.ee\/eco\/\",\"logo\":{\"@type\":\"ImageObject\",\"inLanguage\":\"en-GB\",\"@id\":\"https:\/\/projekt.vombat.ee\/eco\/#\/schema\/logo\/image\/\",\"url\":\"https:\/\/projekt.vombat.ee\/eco\/wp-content\/uploads\/2023\/03\/ECOCRUISER_5.png\",\"contentUrl\":\"https:\/\/projekt.vombat.ee\/eco\/wp-content\/uploads\/2023\/03\/ECOCRUISER_5.png\",\"width\":234,\"height\":91,\"caption\":\"Ecocruiser\"},\"image\":{\"@id\":\"https:\/\/projekt.vombat.ee\/eco\/#\/schema\/logo\/image\/\"}}]}<\/script>\n<!-- \/ Yoast SEO plugin. -->","yoast_head_json":{"title":"La Vida Naiste linnaratas valge korviga - Ecocruiser","description":"Raami suurus [tolli]: 18,75\" 48 cm. Ratta suurus [tolli]: 26. Pidurid: Torpeedo (jalad) + V-pidurid (k\u00e4epide). Valgustus: akutoitega LED-tuled ees ja taga. Rehvid: HAKUBA. Velje t\u00fc\u00fcp: alumiinium, tugevdatud. K\u00e4epidemed: ProfileeritudJuhtraud: Profileeritud teras","robots":{"index":"noindex","follow":"follow","max-snippet":"max-snippet:-1","max-image-preview":"max-image-preview:large","max-video-preview":"max-video-preview:-1"},"og_locale":"en_GB","og_type":"article","og_title":"La Vida Naiste linnaratas valge korviga - Ecocruiser","og_description":"Raami suurus [tolli]: 18,75\" 48 cm. Ratta suurus [tolli]: 26. Pidurid: Torpeedo (jalad) + V-pidurid (k\u00e4epide). Valgustus: akutoitega LED-tuled ees ja taga. Rehvid: HAKUBA. Velje t\u00fc\u00fcp: alumiinium, tugevdatud. K\u00e4epidemed: ProfileeritudJuhtraud: Profileeritud teras","og_url":"https:\/\/projekt.vombat.ee\/eco\/pood\/jalgrattad\/naiste-jalgrattad\/la-vida-naiste-linnaratas-valge-korviga\/","og_site_name":"Ecocruiser","article_modified_time":"2024-07-11T11:33:12+00:00","og_image":[{"width":800,"height":1200,"url":"https:\/\/projekt.vombat.ee\/eco\/wp-content\/uploads\/2023\/07\/Naiste-linnarattas-valge-korviga.jpeg","type":"image\/jpeg"}],"twitter_card":"summary_large_image","twitter_misc":{"Estimated reading time":"1 minute"},"schema":{"@context":"https:\/\/schema.org","@graph":[{"@type":"WebPage","@id":"https:\/\/projekt.vombat.ee\/eco\/pood\/jalgrattad\/naiste-jalgrattad\/la-vida-naiste-linnaratas-valge-korviga\/","url":"https:\/\/projekt.vombat.ee\/eco\/pood\/jalgrattad\/naiste-jalgrattad\/la-vida-naiste-linnaratas-valge-korviga\/","name":"La Vida Naiste linnaratas valge korviga - Ecocruiser","isPartOf":{"@id":"https:\/\/projekt.vombat.ee\/eco\/#website"},"primaryImageOfPage":{"@id":"https:\/\/projekt.vombat.ee\/eco\/pood\/jalgrattad\/naiste-jalgrattad\/la-vida-naiste-linnaratas-valge-korviga\/#primaryimage"},"image":{"@id":"https:\/\/projekt.vombat.ee\/eco\/pood\/jalgrattad\/naiste-jalgrattad\/la-vida-naiste-linnaratas-valge-korviga\/#primaryimage"},"thumbnailUrl":"https:\/\/projekt.vombat.ee\/eco\/wp-content\/uploads\/2023\/07\/Naiste-linnarattas-valge-korviga.jpeg","datePublished":"2023-07-06T12:23:53+00:00","dateModified":"2024-07-11T11:33:12+00:00","description":"Raami suurus [tolli]: 18,75\" 48 cm. Ratta suurus [tolli]: 26. Pidurid: Torpeedo (jalad) + V-pidurid (k\u00e4epide). Valgustus: akutoitega LED-tuled ees ja taga. Rehvid: HAKUBA. Velje t\u00fc\u00fcp: alumiinium, tugevdatud. K\u00e4epidemed: ProfileeritudJuhtraud: Profileeritud teras","breadcrumb":{"@id":"https:\/\/projekt.vombat.ee\/eco\/pood\/jalgrattad\/naiste-jalgrattad\/la-vida-naiste-linnaratas-valge-korviga\/#breadcrumb"},"inLanguage":"en-GB","potentialAction":[{"@type":"ReadAction","target":["https:\/\/projekt.vombat.ee\/eco\/pood\/jalgrattad\/naiste-jalgrattad\/la-vida-naiste-linnaratas-valge-korviga\/"]}]},{"@type":"ImageObject","inLanguage":"en-GB","@id":"https:\/\/projekt.vombat.ee\/eco\/pood\/jalgrattad\/naiste-jalgrattad\/la-vida-naiste-linnaratas-valge-korviga\/#primaryimage","url":"https:\/\/projekt.vombat.ee\/eco\/wp-content\/uploads\/2023\/07\/Naiste-linnarattas-valge-korviga.jpeg","contentUrl":"https:\/\/projekt.vombat.ee\/eco\/wp-content\/uploads\/2023\/07\/Naiste-linnarattas-valge-korviga.jpeg","width":800,"height":1200},{"@type":"BreadcrumbList","@id":"https:\/\/projekt.vombat.ee\/eco\/pood\/jalgrattad\/naiste-jalgrattad\/la-vida-naiste-linnaratas-valge-korviga\/#breadcrumb","itemListElement":[{"@type":"ListItem","position":1,"name":"Home","item":"https:\/\/projekt.vombat.ee\/eco\/"},{"@type":"ListItem","position":2,"name":"Pood","item":"https:\/\/projekt.vombat.ee\/eco\/pood\/"},{"@type":"ListItem","position":3,"name":"La Vida Naiste linnaratas valge korviga"}]},{"@type":"WebSite","@id":"https:\/\/projekt.vombat.ee\/eco\/#website","url":"https:\/\/projekt.vombat.ee\/eco\/","name":"Ecocruiser","description":"","publisher":{"@id":"https:\/\/projekt.vombat.ee\/eco\/#organization"},"potentialAction":[{"@type":"SearchAction","target":{"@type":"EntryPoint","urlTemplate":"https:\/\/projekt.vombat.ee\/eco\/?s={search_term_string}"},"query-input":{"@type":"PropertyValueSpecification","valueRequired":true,"valueName":"search_term_string"}}],"inLanguage":"en-GB"},{"@type":"Organization","@id":"https:\/\/projekt.vombat.ee\/eco\/#organization","name":"Ecocruiser","url":"https:\/\/projekt.vombat.ee\/eco\/","logo":{"@type":"ImageObject","inLanguage":"en-GB","@id":"https:\/\/projekt.vombat.ee\/eco\/#\/schema\/logo\/image\/","url":"https:\/\/projekt.vombat.ee\/eco\/wp-content\/uploads\/2023\/03\/ECOCRUISER_5.png","contentUrl":"https:\/\/projekt.vombat.ee\/eco\/wp-content\/uploads\/2023\/03\/ECOCRUISER_5.png","width":234,"height":91,"caption":"Ecocruiser"},"image":{"@id":"https:\/\/projekt.vombat.ee\/eco\/#\/schema\/logo\/image\/"}}]}},"lang":"et","translations":{"et":10724},"pll_sync_post":[],"_links":{"self":[{"href":"https:\/\/projekt.vombat.ee\/eco\/wp-json\/wp\/v2\/product\/10724"}],"collection":[{"href":"https:\/\/projekt.vombat.ee\/eco\/wp-json\/wp\/v2\/product"}],"about":[{"href":"https:\/\/projekt.vombat.ee\/eco\/wp-json\/wp\/v2\/types\/product"}],"version-history":[{"count":5,"href":"https:\/\/projekt.vombat.ee\/eco\/wp-json\/wp\/v2\/product\/10724\/revisions"}],"predecessor-version":[{"id":10778,"href":"https:\/\/projekt.vombat.ee\/eco\/wp-json\/wp\/v2\/product\/10724\/revisions\/10778"}],"wp:featuredmedia":[{"embeddable":true,"href":"https:\/\/projekt.vombat.ee\/eco\/wp-json\/wp\/v2\/media\/10725"}],"wp:attachment":[{"href":"https:\/\/projekt.vombat.ee\/eco\/wp-json\/wp\/v2\/media?parent=10724"}],"wp:term":[{"taxonomy":"product_cat","embeddable":true,"href":"https:\/\/projekt.vombat.ee\/eco\/wp-json\/wp\/v2\/product_cat?post=10724"},{"taxonomy":"product_tag","embeddable":true,"href":"https:\/\/projekt.vombat.ee\/eco\/wp-json\/wp\/v2\/product_tag?post=10724"}],"curies":[{"name":"wp","href":"https:\/\/api.w.org\/{rel}","templated":true}]}}