{"id":10692,"date":"2023-07-05T10:08:33","date_gmt":"2023-07-05T10:08:33","guid":{"rendered":"https:\/\/projekt.vombat.ee\/eco\/?post_type=product&#038;p=10692"},"modified":"2024-04-08T09:57:31","modified_gmt":"2024-04-08T09:57:31","slug":"fiido-t1-pro-elektrijalgratas-150km","status":"publish","type":"product","link":"https:\/\/projekt.vombat.ee\/eco\/pood\/brandid\/fiido\/fiido-t1-pro-elektrijalgratas-150km\/","title":{"rendered":"Fiido T1 pro elektrijalgratas, 150km"},"content":{"rendered":"<h1><strong>Fiido T1 elektrijalgratas<\/strong><\/h1>\n<div class=\"product-image-with-text block-margin\" data-content-type=\"row\" data-appearance=\"full-width\" data-enable-parallax=\"0\" data-parallax-speed=\"0.5\" data-background-images=\"{}\" data-background-type=\"image\" data-video-loop=\"true\" data-video-play-only-visible=\"true\" data-video-lazy-load=\"true\" data-video-fallback-src=\"\" data-element=\"main\" data-pb-style=\"F9I1NO1\">\n<div class=\"row-full-width-inner\" data-element=\"inner\">\n<div class=\"pagebuilder-column-group\" data-background-images=\"{}\" data-content-type=\"column-group\" data-appearance=\"default\" data-grid-size=\"12\" data-element=\"main\" data-pb-style=\"PKGVMWI\">\n<div class=\"pagebuilder-column-line\" data-content-type=\"column-line\" data-element=\"main\" data-pb-style=\"UAJD9DO\">\n<div class=\"pagebuilder-column\" data-content-type=\"column\" data-appearance=\"full-height\" data-background-images=\"{}\" data-element=\"main\" data-pb-style=\"TMGYJXB\">\n<figure data-content-type=\"image\" data-appearance=\"full-width\" data-element=\"main\" data-pb-style=\"RYFUNGX\"><img decoding=\"async\" class=\"pagebuilder-mobile-hidden\" title=\"\" src=\"https:\/\/assets.fiido.com\/media\/wysiwyg\/For-Unrivalled-Speed_1.jpg\" alt=\"\" data-element=\"desktop_image\" data-pb-style=\"R0H2P3C\" \/><\/figure>\n<\/div>\n<div class=\"pagebuilder-column\" data-content-type=\"column\" data-appearance=\"full-height\" data-background-images=\"{}\" data-element=\"main\" data-pb-style=\"VSW8PI5\">\n<div data-content-type=\"html\" data-appearance=\"default\" data-element=\"main\" data-decoded=\"true\">\n<div class=\"block__text\">\n<h3 class=\"custom title\" style=\"text-align: left;\">V\u00f5rratu kiiruse ja v\u00f5imsuse jaoks<\/h3>\n<p class=\"sub-title\" style=\"text-align: left;\">250 W v\u00f5imsust on pakitud Fiido T1 pro mootorisse, mis on \u00fchendatud 7-k\u00e4igulise k\u00e4iguvahetiga; see tipptasemel masin suudab saavutada muljetavaldava tippkiiruse 25 km\/h. 7-k\u00e4iguline sujuv k\u00e4igukang t\u00f6\u00f6tab j\u00e4rjekindlalt 4 v\u00f5imendustasemega.<\/p>\n<\/div>\n<\/div>\n<\/div>\n<\/div>\n<\/div>\n<\/div>\n<\/div>\n<div class=\"product-image-with-text row-reverse block-margin\" data-content-type=\"row\" data-appearance=\"full-width\" data-enable-parallax=\"0\" data-parallax-speed=\"0.5\" data-background-images=\"{}\" data-background-type=\"image\" data-video-loop=\"true\" data-video-play-only-visible=\"true\" data-video-lazy-load=\"true\" data-video-fallback-src=\"\" data-element=\"main\" data-pb-style=\"OV5HW5J\">\n<div class=\"row-full-width-inner\" data-element=\"inner\"><\/div>\n<\/div>\n<div class=\"product-image-with-text row-reverse\" data-content-type=\"row\" data-appearance=\"full-width\" data-enable-parallax=\"0\" data-parallax-speed=\"0.5\" data-background-images=\"{}\" data-background-type=\"image\" data-video-loop=\"true\" data-video-play-only-visible=\"true\" data-video-lazy-load=\"true\" data-video-fallback-src=\"\" data-element=\"main\" data-pb-style=\"F94A9GM\">\n<div class=\"row-full-width-inner\" data-element=\"inner\">\n<div class=\"pagebuilder-column-group fiido-t1-block\" data-background-images=\"{}\" data-content-type=\"column-group\" data-appearance=\"default\" data-grid-size=\"12\" data-element=\"main\" data-pb-style=\"T8BHMIF\">\n<div class=\"pagebuilder-column-line\" data-content-type=\"column-line\" data-element=\"main\" data-pb-style=\"B49PY82\">\n<div class=\"pagebuilder-column\" data-content-type=\"column\" data-appearance=\"full-height\" data-background-images=\"{}\" data-element=\"main\" data-pb-style=\"U2VJY0X\">\n<figure data-content-type=\"image\" data-appearance=\"full-width\" data-element=\"main\" data-pb-style=\"SEUVCMP\"><img decoding=\"async\" class=\"pagebuilder-mobile-hidden\" title=\"\" src=\"https:\/\/assets.fiido.com\/media\/wysiwyg\/Superior-Battery-And-Range_1.jpg\" alt=\"\" data-element=\"desktop_image\" data-pb-style=\"B3M6SVU\" \/><\/figure>\n<\/div>\n<div class=\"pagebuilder-column\" data-content-type=\"column\" data-appearance=\"full-height\" data-background-images=\"{}\" data-element=\"main\" data-pb-style=\"A4I1IRQ\">\n<div data-content-type=\"html\" data-appearance=\"default\" data-element=\"main\" data-decoded=\"true\">\n<div class=\"block__text\">\n<h3 class=\"custom title\">Suurep\u00e4rane aku ja t\u00f6\u00f6ulatus<\/h3>\n<p class=\"sub-title\">Fiido T1 on t\u00f6\u00f6valmis 974,4 Wh suure mahutavusega akuga, mis suudab toiteajamiga s\u00f5itudel l\u00e4bida 150 km ja t\u00e4isgaasil s\u00f5ites muljetavaldava 100 km s\u00f5iduulatusega. Kaasasoleva kiirlaadimisega T1 on j\u00e4rjestikuste pikkade reiside jaoks h\u00f5lpsasti t\u00f6\u00f6korras ja ideaalne sagedastele reisijatele.<\/p>\n<\/div>\n<\/div>\n<\/div>\n<\/div>\n<\/div>\n<\/div>\n<\/div>\n<div class=\"product-image-with-text block-margin\" data-content-type=\"row\" data-appearance=\"full-width\" data-enable-parallax=\"0\" data-parallax-speed=\"0.5\" data-background-images=\"{}\" data-background-type=\"image\" data-video-loop=\"true\" data-video-play-only-visible=\"true\" data-video-lazy-load=\"true\" data-video-fallback-src=\"\" data-element=\"main\" data-pb-style=\"R77YYOX\">\n<div class=\"row-full-width-inner\" data-element=\"inner\">\n<div class=\"pagebuilder-column-group\" data-background-images=\"{}\" data-content-type=\"column-group\" data-appearance=\"default\" data-grid-size=\"12\" data-element=\"main\" data-pb-style=\"FTGP2FW\">\n<div class=\"pagebuilder-column-line\" data-content-type=\"column-line\" data-element=\"main\" data-pb-style=\"I4AP9HP\">\n<div class=\"pagebuilder-column\" data-content-type=\"column\" data-appearance=\"full-height\" data-background-images=\"{}\" data-element=\"main\" data-pb-style=\"BP8RWPE\">\n<figure data-content-type=\"image\" data-appearance=\"full-width\" data-element=\"main\" data-pb-style=\"M8M6R11\"><img decoding=\"async\" class=\"pagebuilder-mobile-hidden\" title=\"\" src=\"https:\/\/assets.fiido.com\/media\/wysiwyg\/Ergonomic-Simplicity.jpg\" alt=\"\" data-element=\"desktop_image\" data-pb-style=\"GPT3X51\" \/><\/figure>\n<\/div>\n<div class=\"pagebuilder-column\" data-content-type=\"column\" data-appearance=\"full-height\" data-background-images=\"{}\" data-element=\"main\" data-pb-style=\"B3CNYWX\">\n<div data-content-type=\"html\" data-appearance=\"default\" data-element=\"main\" data-decoded=\"true\">\n<div class=\"block__text\">\n<h3 class=\"custom title\">Ergonoomiline lihtsus<\/h3>\n<div class=\"sub-title\">T1 kasutajas\u00f5bralik disain on keskendunud mugava s\u00f5idukogemuse pakkumisele.\u00a0Eriti lai sadul ja p\u00f5rutusi summutav istmetoru koos tugeva pika k\u00e4iguga vedrustushargi ja 20-tolliste rehvidega tagavad, et pikim ja raskeim teekond on v\u00e4hen\u00f5udlik ja lihtne.<\/div>\n<div><\/div>\n<div><strong><img decoding=\"async\" class=\"pagebuilder-mobile-hidden alignnone\" title=\"\" src=\"https:\/\/assets.fiido.com\/media\/wysiwyg\/Carrying-Capacity.jpg\" alt=\"\" data-element=\"desktop_image\" data-pb-style=\"N8LXY9L\" \/><\/strong><\/div>\n<\/div>\n<\/div>\n<\/div>\n<\/div>\n<\/div>\n<\/div>\n<\/div>\n<div class=\"product-image-with-text row-reverse block-margin\" data-content-type=\"row\" data-appearance=\"full-width\" data-enable-parallax=\"0\" data-parallax-speed=\"0.5\" data-background-images=\"{}\" data-background-type=\"image\" data-video-loop=\"true\" data-video-play-only-visible=\"true\" data-video-lazy-load=\"true\" data-video-fallback-src=\"\" data-element=\"main\" data-pb-style=\"G13D69S\">\n<div class=\"row-full-width-inner\" data-element=\"inner\">\n<div class=\"pagebuilder-column-group\" data-background-images=\"{}\" data-content-type=\"column-group\" data-appearance=\"default\" data-grid-size=\"12\" data-element=\"main\" data-pb-style=\"IQVK4A5\">\n<div class=\"pagebuilder-column-line\" data-content-type=\"column-line\" data-element=\"main\" data-pb-style=\"LWWKTQF\">\n<div class=\"pagebuilder-column\" data-content-type=\"column\" data-appearance=\"full-height\" data-background-images=\"{}\" data-element=\"main\" data-pb-style=\"HE9X6Q3\">\n<div data-content-type=\"html\" data-appearance=\"default\" data-element=\"main\" data-decoded=\"true\">\n<div class=\"block__text\">\n<h3 class=\"custom title\">Kandev\u00f5ime igale vajadusele<\/h3>\n<p class=\"sub-title\">Alumiiniumisulamist raam ja tugevast magneesiumisulamist \u00fches t\u00fckis velgedest koosnev Fiido T1 talub 200 kg raskust. Sellel elektrijalgrattal on uuenduslik kaalujaotusdisain, mis annab s\u00f5iduistmele 120 kg kandev\u00f5ime ja lisaks 80 kg tagaraamile.<\/p>\n<p><img decoding=\"async\" class=\"pagebuilder-mobile-hidden\" title=\"\" src=\"https:\/\/assets.fiido.com\/media\/wysiwyg\/Your-Welfare.jpg\" alt=\"\" data-element=\"desktop_image\" data-pb-style=\"JIHG7H1\" \/><\/p>\n<\/div>\n<\/div>\n<\/div>\n<\/div>\n<\/div>\n<\/div>\n<\/div>\n<div class=\"product-image-with-text block-margin\" data-content-type=\"row\" data-appearance=\"full-width\" data-enable-parallax=\"0\" data-parallax-speed=\"0.5\" data-background-images=\"{}\" data-background-type=\"image\" data-video-loop=\"true\" data-video-play-only-visible=\"true\" data-video-lazy-load=\"true\" data-video-fallback-src=\"\" data-element=\"main\" data-pb-style=\"JHDPE7D\">\n<div class=\"row-full-width-inner\" data-element=\"inner\">\n<div class=\"pagebuilder-column-group\" data-background-images=\"{}\" data-content-type=\"column-group\" data-appearance=\"default\" data-grid-size=\"12\" data-element=\"main\" data-pb-style=\"AA7V8Y4\">\n<div class=\"pagebuilder-column-line\" data-content-type=\"column-line\" data-element=\"main\" data-pb-style=\"Q60G0XY\">\n<div class=\"pagebuilder-column\" style=\"text-align: center;\" data-content-type=\"column\" data-appearance=\"full-height\" data-background-images=\"{}\" data-element=\"main\" data-pb-style=\"F88UO3D\"><\/div>\n<div class=\"pagebuilder-column\" data-content-type=\"column\" data-appearance=\"full-height\" data-background-images=\"{}\" data-element=\"main\" data-pb-style=\"B1QAPMP\">\n<div data-content-type=\"html\" data-appearance=\"default\" data-element=\"main\" data-decoded=\"true\">\n<div class=\"block__text\">\n<h3 class=\"custom title\">Teie heaolu esirinnas<\/h3>\n<p class=\"sub-title\">T1 on p\u00fchendunud teie v\u00f5imalikult turvalisele hoidmisele, seet\u00f5ttu on see varustatud suure kontrastss ekraaniga, mis edastab kogu olulise teabe \u00fche pilguga, segi otsese p\u00e4ikesevalguse k\u00e4es, et tagada t\u00e4ielik teadmine teie \u00fcmbrusega.<\/p>\n<h3 class=\"sub-title\">Info<\/h3>\n<p>Kiirus: 25km\/h(piirajaga)<br \/>\nT\u00f6\u00f6temperatuur: -10\u00b0\uff5e50\u00b0<br \/>\nRaami materjal :Alumiiniumisulam<br \/>\nSisendpinge: 100\uff5e240V<br \/>\nS\u00fcsteemi pinge: 48 V 4<br \/>\nAku: 20Ah<br \/>\nAku garantii: 1 aastat<br \/>\nElektritoega l\u00e4bis\u00f5it: 150km<br \/>\nEkraan LED-ekraan<br \/>\nK\u00e4igud: Shimano 7 k\u00e4iku<br \/>\nKett: KMC Z7<br \/>\nPedaalid kaasas: Jah<br \/>\nK\u00e4epidemed: Kummist<br \/>\nJuhtraud: alumiiniumsulamist<br \/>\nMootor: harjadeta k\u00e4igukastiga mootor<br \/>\nMootor nimiv\u00f5imsus: 250W(piirajaga)<br \/>\nRatta suurus: 20&#8243;<br \/>\nRehvi suurus: 20 \u00d7 4,0 tolli paks rehv<br \/>\nRehvid: CST<br \/>\nNetokaal: 36,2KG<br \/>\nSadula k\u00f5rgus: 80-112cm<br \/>\nM\u00f5\u00f5dud: 180cm*69cm*118cm<br \/>\nMaksimaalne koormus: 200 kg<br \/>\nSobib s\u00f5itjale pikkusega ca 155-200 cm.<\/p>\n<\/div>\n<\/div>\n<\/div>\n<\/div>\n<\/div>\n<\/div>\n<\/div>\n<div style=\"text-align: center;\" data-content-type=\"row\" data-appearance=\"contained\" data-element=\"main\">\n<div class=\"nav-spec\" data-enable-parallax=\"0\" data-parallax-speed=\"0.5\" data-background-images=\"{}\" data-background-type=\"image\" data-video-loop=\"true\" data-video-play-only-visible=\"true\" data-video-lazy-load=\"true\" data-video-fallback-src=\"\" data-element=\"inner\" data-pb-style=\"CKJ23GY\"><\/div>\n<\/div>\n<div data-content-type=\"row\" data-appearance=\"contained\" data-element=\"main\">\n<div class=\"tab-header open\" style=\"text-align: center;\" data-enable-parallax=\"0\" data-parallax-speed=\"0.5\" data-background-images=\"{}\" data-background-type=\"image\" data-video-loop=\"true\" data-video-play-only-visible=\"true\" data-video-lazy-load=\"true\" data-video-fallback-src=\"\" data-element=\"inner\" data-pb-style=\"VDD30BQ\"><\/div>\n<\/div>\n","protected":false},"excerpt":{"rendered":"<p><strong>Fiido T1 elektrijalgratas<\/strong><\/p>\n<ul>\n<li><strong>MOOTOR: 250W(piirajaga)<\/strong><\/li>\n<li><strong>TIPPKIIRUS: 25 km\/h(piirajaga)<\/strong><\/li>\n<li><strong>AKU: 48 V 20Ah<\/strong><\/li>\n<li><strong>MAX KAAL: 200 kg<\/strong><\/li>\n<li><strong>SOBIB S\u00d5ITJALE PIKKUSEGA: 155-200 cm.<\/strong><\/li>\n<li><strong>S\u00d5IDUULATUS: 150km<\/strong><\/li>\n<\/ul>\n<p>&nbsp;<\/p>\n<ul>\n<li><strong>Tarneaeg 2-7 p\u00e4eva<\/strong><\/li>\n<li><strong>Laos<\/strong><\/li>\n<\/ul>\n","protected":false},"featured_media":10698,"template":"","meta":[],"product_cat":[1652,52,905],"product_tag":[964],"class_list":{"0":"post-10692","1":"product","2":"type-product","3":"status-publish","4":"has-post-thumbnail","6":"product_cat-fiido","7":"product_cat-elektrirattad","8":"product_cat-maastikurattad","9":"product_tag-elektriratas","10":"product_shipping_class-suured-pakid","12":"first","13":"instock","14":"sale","15":"taxable","16":"shipping-taxable","17":"purchasable","18":"product-type-simple"},"yoast_head":"<!-- This site is optimized with the Yoast SEO plugin v23.8 - https:\/\/yoast.com\/wordpress\/plugins\/seo\/ -->\n<title>Fiido T1 pro elektrijalgratas, 150km - Ecocruiser<\/title>\n<meta name=\"description\" content=\"250W v\u00f5imsust on pakitud Fiido T1 pro mootorisse. See tipptasemel masin suudab saavutada muljetavaldava tippkiiruse 25 km\/h.\u00a0T1 on t\u00f6\u00f6valmis 974,4Wh suure mahutavusega akuga.\" \/>\n<meta name=\"robots\" content=\"noindex, follow, max-snippet:-1, max-image-preview:large, max-video-preview:-1\" \/>\n<meta property=\"og:locale\" content=\"en_GB\" \/>\n<meta property=\"og:type\" content=\"article\" \/>\n<meta property=\"og:title\" content=\"Fiido T1 pro elektrijalgratas, 150km - Ecocruiser\" \/>\n<meta property=\"og:description\" content=\"250W v\u00f5imsust on pakitud Fiido T1 pro mootorisse. See tipptasemel masin suudab saavutada muljetavaldava tippkiiruse 25 km\/h.\u00a0T1 on t\u00f6\u00f6valmis 974,4Wh suure mahutavusega akuga.\" \/>\n<meta property=\"og:url\" content=\"https:\/\/projekt.vombat.ee\/eco\/pood\/brandid\/fiido\/fiido-t1-pro-elektrijalgratas-150km\/\" \/>\n<meta property=\"og:site_name\" content=\"Ecocruiser\" \/>\n<meta property=\"article:modified_time\" content=\"2024-04-08T09:57:31+00:00\" \/>\n<meta property=\"og:image\" content=\"https:\/\/projekt.vombat.ee\/eco\/wp-content\/uploads\/2023\/07\/FiidoT1.jpeg\" \/>\n\t<meta property=\"og:image:width\" content=\"1000\" \/>\n\t<meta property=\"og:image:height\" content=\"1000\" \/>\n\t<meta property=\"og:image:type\" content=\"image\/jpeg\" \/>\n<meta name=\"twitter:card\" content=\"summary_large_image\" \/>\n<meta name=\"twitter:label1\" content=\"Estimated reading time\" \/>\n\t<meta name=\"twitter:data1\" content=\"3 minutes\" \/>\n<script type=\"application\/ld+json\" class=\"yoast-schema-graph\">{\"@context\":\"https:\/\/schema.org\",\"@graph\":[{\"@type\":\"WebPage\",\"@id\":\"https:\/\/projekt.vombat.ee\/eco\/pood\/brandid\/fiido\/fiido-t1-pro-elektrijalgratas-150km\/\",\"url\":\"https:\/\/projekt.vombat.ee\/eco\/pood\/brandid\/fiido\/fiido-t1-pro-elektrijalgratas-150km\/\",\"name\":\"Fiido T1 pro elektrijalgratas, 150km - Ecocruiser\",\"isPartOf\":{\"@id\":\"https:\/\/projekt.vombat.ee\/eco\/#website\"},\"primaryImageOfPage\":{\"@id\":\"https:\/\/projekt.vombat.ee\/eco\/pood\/brandid\/fiido\/fiido-t1-pro-elektrijalgratas-150km\/#primaryimage\"},\"image\":{\"@id\":\"https:\/\/projekt.vombat.ee\/eco\/pood\/brandid\/fiido\/fiido-t1-pro-elektrijalgratas-150km\/#primaryimage\"},\"thumbnailUrl\":\"https:\/\/projekt.vombat.ee\/eco\/wp-content\/uploads\/2023\/07\/FiidoT1.jpeg\",\"datePublished\":\"2023-07-05T10:08:33+00:00\",\"dateModified\":\"2024-04-08T09:57:31+00:00\",\"description\":\"250W v\u00f5imsust on pakitud Fiido T1 pro mootorisse. See tipptasemel masin suudab saavutada muljetavaldava tippkiiruse 25 km\/h.\u00a0T1 on t\u00f6\u00f6valmis 974,4Wh suure mahutavusega akuga.\",\"breadcrumb\":{\"@id\":\"https:\/\/projekt.vombat.ee\/eco\/pood\/brandid\/fiido\/fiido-t1-pro-elektrijalgratas-150km\/#breadcrumb\"},\"inLanguage\":\"en-GB\",\"potentialAction\":[{\"@type\":\"ReadAction\",\"target\":[\"https:\/\/projekt.vombat.ee\/eco\/pood\/brandid\/fiido\/fiido-t1-pro-elektrijalgratas-150km\/\"]}]},{\"@type\":\"ImageObject\",\"inLanguage\":\"en-GB\",\"@id\":\"https:\/\/projekt.vombat.ee\/eco\/pood\/brandid\/fiido\/fiido-t1-pro-elektrijalgratas-150km\/#primaryimage\",\"url\":\"https:\/\/projekt.vombat.ee\/eco\/wp-content\/uploads\/2023\/07\/FiidoT1.jpeg\",\"contentUrl\":\"https:\/\/projekt.vombat.ee\/eco\/wp-content\/uploads\/2023\/07\/FiidoT1.jpeg\",\"width\":1000,\"height\":1000,\"caption\":\"Fiido T1 pro\"},{\"@type\":\"BreadcrumbList\",\"@id\":\"https:\/\/projekt.vombat.ee\/eco\/pood\/brandid\/fiido\/fiido-t1-pro-elektrijalgratas-150km\/#breadcrumb\",\"itemListElement\":[{\"@type\":\"ListItem\",\"position\":1,\"name\":\"Home\",\"item\":\"https:\/\/projekt.vombat.ee\/eco\/\"},{\"@type\":\"ListItem\",\"position\":2,\"name\":\"Pood\",\"item\":\"https:\/\/projekt.vombat.ee\/eco\/pood\/\"},{\"@type\":\"ListItem\",\"position\":3,\"name\":\"Fiido T1 pro elektrijalgratas, 150km\"}]},{\"@type\":\"WebSite\",\"@id\":\"https:\/\/projekt.vombat.ee\/eco\/#website\",\"url\":\"https:\/\/projekt.vombat.ee\/eco\/\",\"name\":\"Ecocruiser\",\"description\":\"\",\"publisher\":{\"@id\":\"https:\/\/projekt.vombat.ee\/eco\/#organization\"},\"potentialAction\":[{\"@type\":\"SearchAction\",\"target\":{\"@type\":\"EntryPoint\",\"urlTemplate\":\"https:\/\/projekt.vombat.ee\/eco\/?s={search_term_string}\"},\"query-input\":{\"@type\":\"PropertyValueSpecification\",\"valueRequired\":true,\"valueName\":\"search_term_string\"}}],\"inLanguage\":\"en-GB\"},{\"@type\":\"Organization\",\"@id\":\"https:\/\/projekt.vombat.ee\/eco\/#organization\",\"name\":\"Ecocruiser\",\"url\":\"https:\/\/projekt.vombat.ee\/eco\/\",\"logo\":{\"@type\":\"ImageObject\",\"inLanguage\":\"en-GB\",\"@id\":\"https:\/\/projekt.vombat.ee\/eco\/#\/schema\/logo\/image\/\",\"url\":\"https:\/\/projekt.vombat.ee\/eco\/wp-content\/uploads\/2023\/03\/ECOCRUISER_5.png\",\"contentUrl\":\"https:\/\/projekt.vombat.ee\/eco\/wp-content\/uploads\/2023\/03\/ECOCRUISER_5.png\",\"width\":234,\"height\":91,\"caption\":\"Ecocruiser\"},\"image\":{\"@id\":\"https:\/\/projekt.vombat.ee\/eco\/#\/schema\/logo\/image\/\"}}]}<\/script>\n<!-- \/ Yoast SEO plugin. -->","yoast_head_json":{"title":"Fiido T1 pro elektrijalgratas, 150km - Ecocruiser","description":"250W v\u00f5imsust on pakitud Fiido T1 pro mootorisse. See tipptasemel masin suudab saavutada muljetavaldava tippkiiruse 25 km\/h.\u00a0T1 on t\u00f6\u00f6valmis 974,4Wh suure mahutavusega akuga.","robots":{"index":"noindex","follow":"follow","max-snippet":"max-snippet:-1","max-image-preview":"max-image-preview:large","max-video-preview":"max-video-preview:-1"},"og_locale":"en_GB","og_type":"article","og_title":"Fiido T1 pro elektrijalgratas, 150km - Ecocruiser","og_description":"250W v\u00f5imsust on pakitud Fiido T1 pro mootorisse. See tipptasemel masin suudab saavutada muljetavaldava tippkiiruse 25 km\/h.\u00a0T1 on t\u00f6\u00f6valmis 974,4Wh suure mahutavusega akuga.","og_url":"https:\/\/projekt.vombat.ee\/eco\/pood\/brandid\/fiido\/fiido-t1-pro-elektrijalgratas-150km\/","og_site_name":"Ecocruiser","article_modified_time":"2024-04-08T09:57:31+00:00","og_image":[{"width":1000,"height":1000,"url":"https:\/\/projekt.vombat.ee\/eco\/wp-content\/uploads\/2023\/07\/FiidoT1.jpeg","type":"image\/jpeg"}],"twitter_card":"summary_large_image","twitter_misc":{"Estimated reading time":"3 minutes"},"schema":{"@context":"https:\/\/schema.org","@graph":[{"@type":"WebPage","@id":"https:\/\/projekt.vombat.ee\/eco\/pood\/brandid\/fiido\/fiido-t1-pro-elektrijalgratas-150km\/","url":"https:\/\/projekt.vombat.ee\/eco\/pood\/brandid\/fiido\/fiido-t1-pro-elektrijalgratas-150km\/","name":"Fiido T1 pro elektrijalgratas, 150km - Ecocruiser","isPartOf":{"@id":"https:\/\/projekt.vombat.ee\/eco\/#website"},"primaryImageOfPage":{"@id":"https:\/\/projekt.vombat.ee\/eco\/pood\/brandid\/fiido\/fiido-t1-pro-elektrijalgratas-150km\/#primaryimage"},"image":{"@id":"https:\/\/projekt.vombat.ee\/eco\/pood\/brandid\/fiido\/fiido-t1-pro-elektrijalgratas-150km\/#primaryimage"},"thumbnailUrl":"https:\/\/projekt.vombat.ee\/eco\/wp-content\/uploads\/2023\/07\/FiidoT1.jpeg","datePublished":"2023-07-05T10:08:33+00:00","dateModified":"2024-04-08T09:57:31+00:00","description":"250W v\u00f5imsust on pakitud Fiido T1 pro mootorisse. See tipptasemel masin suudab saavutada muljetavaldava tippkiiruse 25 km\/h.\u00a0T1 on t\u00f6\u00f6valmis 974,4Wh suure mahutavusega akuga.","breadcrumb":{"@id":"https:\/\/projekt.vombat.ee\/eco\/pood\/brandid\/fiido\/fiido-t1-pro-elektrijalgratas-150km\/#breadcrumb"},"inLanguage":"en-GB","potentialAction":[{"@type":"ReadAction","target":["https:\/\/projekt.vombat.ee\/eco\/pood\/brandid\/fiido\/fiido-t1-pro-elektrijalgratas-150km\/"]}]},{"@type":"ImageObject","inLanguage":"en-GB","@id":"https:\/\/projekt.vombat.ee\/eco\/pood\/brandid\/fiido\/fiido-t1-pro-elektrijalgratas-150km\/#primaryimage","url":"https:\/\/projekt.vombat.ee\/eco\/wp-content\/uploads\/2023\/07\/FiidoT1.jpeg","contentUrl":"https:\/\/projekt.vombat.ee\/eco\/wp-content\/uploads\/2023\/07\/FiidoT1.jpeg","width":1000,"height":1000,"caption":"Fiido T1 pro"},{"@type":"BreadcrumbList","@id":"https:\/\/projekt.vombat.ee\/eco\/pood\/brandid\/fiido\/fiido-t1-pro-elektrijalgratas-150km\/#breadcrumb","itemListElement":[{"@type":"ListItem","position":1,"name":"Home","item":"https:\/\/projekt.vombat.ee\/eco\/"},{"@type":"ListItem","position":2,"name":"Pood","item":"https:\/\/projekt.vombat.ee\/eco\/pood\/"},{"@type":"ListItem","position":3,"name":"Fiido T1 pro elektrijalgratas, 150km"}]},{"@type":"WebSite","@id":"https:\/\/projekt.vombat.ee\/eco\/#website","url":"https:\/\/projekt.vombat.ee\/eco\/","name":"Ecocruiser","description":"","publisher":{"@id":"https:\/\/projekt.vombat.ee\/eco\/#organization"},"potentialAction":[{"@type":"SearchAction","target":{"@type":"EntryPoint","urlTemplate":"https:\/\/projekt.vombat.ee\/eco\/?s={search_term_string}"},"query-input":{"@type":"PropertyValueSpecification","valueRequired":true,"valueName":"search_term_string"}}],"inLanguage":"en-GB"},{"@type":"Organization","@id":"https:\/\/projekt.vombat.ee\/eco\/#organization","name":"Ecocruiser","url":"https:\/\/projekt.vombat.ee\/eco\/","logo":{"@type":"ImageObject","inLanguage":"en-GB","@id":"https:\/\/projekt.vombat.ee\/eco\/#\/schema\/logo\/image\/","url":"https:\/\/projekt.vombat.ee\/eco\/wp-content\/uploads\/2023\/03\/ECOCRUISER_5.png","contentUrl":"https:\/\/projekt.vombat.ee\/eco\/wp-content\/uploads\/2023\/03\/ECOCRUISER_5.png","width":234,"height":91,"caption":"Ecocruiser"},"image":{"@id":"https:\/\/projekt.vombat.ee\/eco\/#\/schema\/logo\/image\/"}}]}},"lang":"et","translations":{"et":10692},"pll_sync_post":[],"_links":{"self":[{"href":"https:\/\/projekt.vombat.ee\/eco\/wp-json\/wp\/v2\/product\/10692"}],"collection":[{"href":"https:\/\/projekt.vombat.ee\/eco\/wp-json\/wp\/v2\/product"}],"about":[{"href":"https:\/\/projekt.vombat.ee\/eco\/wp-json\/wp\/v2\/types\/product"}],"version-history":[{"count":8,"href":"https:\/\/projekt.vombat.ee\/eco\/wp-json\/wp\/v2\/product\/10692\/revisions"}],"predecessor-version":[{"id":15558,"href":"https:\/\/projekt.vombat.ee\/eco\/wp-json\/wp\/v2\/product\/10692\/revisions\/15558"}],"wp:featuredmedia":[{"embeddable":true,"href":"https:\/\/projekt.vombat.ee\/eco\/wp-json\/wp\/v2\/media\/10698"}],"wp:attachment":[{"href":"https:\/\/projekt.vombat.ee\/eco\/wp-json\/wp\/v2\/media?parent=10692"}],"wp:term":[{"taxonomy":"product_cat","embeddable":true,"href":"https:\/\/projekt.vombat.ee\/eco\/wp-json\/wp\/v2\/product_cat?post=10692"},{"taxonomy":"product_tag","embeddable":true,"href":"https:\/\/projekt.vombat.ee\/eco\/wp-json\/wp\/v2\/product_tag?post=10692"}],"curies":[{"name":"wp","href":"https:\/\/api.w.org\/{rel}","templated":true}]}}