{"id":10575,"date":"2023-06-28T11:45:33","date_gmt":"2023-06-28T11:45:33","guid":{"rendered":"https:\/\/projekt.vombat.ee\/eco\/?post_type=product&#038;p=10575"},"modified":"2024-04-06T08:35:52","modified_gmt":"2024-04-06T08:35:52","slug":"burchda-rx50-elektriratas-120km-1000w-48v-18ah","status":"publish","type":"product","link":"https:\/\/projekt.vombat.ee\/eco\/pood\/elektrirattad\/maastikurattad\/burchda-rx50-elektriratas-120km-1000w-48v-18ah\/","title":{"rendered":"BURCHDA RX510 Elektriratas,120km"},"content":{"rendered":"<h3>BURCHDA RX510 Elektriratas 18\u2033<\/h3>\n<h3><img decoding=\"async\" class=\"msub_k4 mupj_5k mjru_k4 mse2_k4 mp7g_f6 mq1m_0 mj7u_0 m7er_k4 lazyloaded\" src=\"https:\/\/a.allegroimg.com\/original\/11d3a7\/b318f137435b9989603a0e4308ff\/Electric-Bicycle-1000W-18AH-45KM-H-Large-frame-Rechargeable-battery-lithium-ion\" sizes=\"100vw\" srcset=\"https:\/\/a.allegroimg.com\/s360\/11d3a7\/b318f137435b9989603a0e4308ff\/Electric-Bicycle-1000W-18AH-45KM-H-Large-frame-Rechargeable-battery-lithium-ion 360w,https:\/\/a.allegroimg.com\/s720\/11d3a7\/b318f137435b9989603a0e4308ff\/Electric-Bicycle-1000W-18AH-45KM-H-Large-frame-Rechargeable-battery-lithium-ion 720w,https:\/\/a.allegroimg.com\/s1024\/11d3a7\/b318f137435b9989603a0e4308ff\/Electric-Bicycle-1000W-18AH-45KM-H-Large-frame-Rechargeable-battery-lithium-ion 750w,https:\/\/a.allegroimg.com\/original\/11d3a7\/b318f137435b9989603a0e4308ff\/Electric-Bicycle-1000W-18AH-45KM-H-Large-frame-Rechargeable-battery-lithium-ion 750w\" alt=\"Electric Bicycle 1000W 18AH 45KM\/H Large frame Rechargeable battery lithium-ion\" width=\"750px\" data-src=\"https:\/\/a.allegroimg.com\/original\/11d3a7\/b318f137435b9989603a0e4308ff\/Electric-Bicycle-1000W-18AH-45KM-H-Large-frame-Rechargeable-battery-lithium-ion\" data-srcset=\"https:\/\/a.allegroimg.com\/s360\/11d3a7\/b318f137435b9989603a0e4308ff\/Electric-Bicycle-1000W-18AH-45KM-H-Large-frame-Rechargeable-battery-lithium-ion 360w,https:\/\/a.allegroimg.com\/s720\/11d3a7\/b318f137435b9989603a0e4308ff\/Electric-Bicycle-1000W-18AH-45KM-H-Large-frame-Rechargeable-battery-lithium-ion 720w,https:\/\/a.allegroimg.com\/s1024\/11d3a7\/b318f137435b9989603a0e4308ff\/Electric-Bicycle-1000W-18AH-45KM-H-Large-frame-Rechargeable-battery-lithium-ion 750w,https:\/\/a.allegroimg.com\/original\/11d3a7\/b318f137435b9989603a0e4308ff\/Electric-Bicycle-1000W-18AH-45KM-H-Large-frame-Rechargeable-battery-lithium-ion 750w\" \/><\/h3>\n<h3>Mootor<\/h3>\n<p>Elektrijalgratas BURCHDA RX510 on varustatud v\u00f5imsa 48 V 250 W harjadeta k\u00e4igukastiga mootoriga, mis aitab teil s\u00f5ita kiirusel 25 km\/h (piirajaga).<\/p>\n<p><img decoding=\"async\" class=\"msub_k4 mupj_5k mjru_k4 mse2_k4 mp7g_f6 mq1m_0 mj7u_0 m7er_k4 lazyloaded\" src=\"https:\/\/a.allegroimg.com\/original\/11165f\/7a0173c44fff8aa25ab146fad1cf\/2023-Electric-Bike-1000W-120KM-Oil-Brake-Brakes-hydraulic-disc\" sizes=\"(min-width: 1200px) 560px, (min-width: 992px) 50vw, 100vw\" srcset=\"https:\/\/a.allegroimg.com\/s360\/11165f\/7a0173c44fff8aa25ab146fad1cf\/2023-Electric-Bike-1000W-120KM-Oil-Brake-Brakes-hydraulic-disc 324w,https:\/\/a.allegroimg.com\/s720\/11165f\/7a0173c44fff8aa25ab146fad1cf\/2023-Electric-Bike-1000W-120KM-Oil-Brake-Brakes-hydraulic-disc 648w,https:\/\/a.allegroimg.com\/s1024\/11165f\/7a0173c44fff8aa25ab146fad1cf\/2023-Electric-Bike-1000W-120KM-Oil-Brake-Brakes-hydraulic-disc 750w,https:\/\/a.allegroimg.com\/original\/11165f\/7a0173c44fff8aa25ab146fad1cf\/2023-Electric-Bike-1000W-120KM-Oil-Brake-Brakes-hydraulic-disc 750w\" alt=\"2023 Electric Bike 1000W 120KM Oil Brake Brakes hydraulic disc\" width=\"750px\" data-src=\"https:\/\/a.allegroimg.com\/original\/11165f\/7a0173c44fff8aa25ab146fad1cf\/2023-Electric-Bike-1000W-120KM-Oil-Brake-Brakes-hydraulic-disc\" data-srcset=\"https:\/\/a.allegroimg.com\/s360\/11165f\/7a0173c44fff8aa25ab146fad1cf\/2023-Electric-Bike-1000W-120KM-Oil-Brake-Brakes-hydraulic-disc 324w,https:\/\/a.allegroimg.com\/s720\/11165f\/7a0173c44fff8aa25ab146fad1cf\/2023-Electric-Bike-1000W-120KM-Oil-Brake-Brakes-hydraulic-disc 648w,https:\/\/a.allegroimg.com\/s1024\/11165f\/7a0173c44fff8aa25ab146fad1cf\/2023-Electric-Bike-1000W-120KM-Oil-Brake-Brakes-hydraulic-disc 750w,https:\/\/a.allegroimg.com\/original\/11165f\/7a0173c44fff8aa25ab146fad1cf\/2023-Electric-Bike-1000W-120KM-Oil-Brake-Brakes-hydraulic-disc 750w\" \/><\/p>\n<h3>48v18ah eemaldatav liitium<\/h3>\n<p>K\u00fcmme kokkupandav elektrijalgratas on varustatud 18Ah akuga, selle v\u00f5imsusega aku suudab s\u00f5ita 60-70KM \u00fche aku t\u00e4islaadimisega puhtal elektrireziimil, laadimisaeg 5 tundi.<\/p>\n<p><img fetchpriority=\"high\" decoding=\"async\" class=\"msub_k4 mupj_5k mjru_k4 mse2_k4 mp7g_f6 mq1m_0 mj7u_0 m7er_k4 lazyloaded\" src=\"https:\/\/a.allegroimg.com\/original\/11d050\/c2b85455486a8a8fa41eace4f6b4\/2023-Electric-Bike-1000W-120KM-Oil-Brake-Frame-Material-aluminum\" sizes=\"(min-width: 1200px) 560px, (min-width: 992px) 50vw, 100vw\" srcset=\"https:\/\/a.allegroimg.com\/s360\/11d050\/c2b85455486a8a8fa41eace4f6b4\/2023-Electric-Bike-1000W-120KM-Oil-Brake-Frame-Material-aluminum 284w,https:\/\/a.allegroimg.com\/s720\/11d050\/c2b85455486a8a8fa41eace4f6b4\/2023-Electric-Bike-1000W-120KM-Oil-Brake-Frame-Material-aluminum 568w,https:\/\/a.allegroimg.com\/s1024\/11d050\/c2b85455486a8a8fa41eace4f6b4\/2023-Electric-Bike-1000W-120KM-Oil-Brake-Frame-Material-aluminum 808w,https:\/\/a.allegroimg.com\/s1440\/11d050\/c2b85455486a8a8fa41eace4f6b4\/2023-Electric-Bike-1000W-120KM-Oil-Brake-Frame-Material-aluminum 900w,https:\/\/a.allegroimg.com\/original\/11d050\/c2b85455486a8a8fa41eace4f6b4\/2023-Electric-Bike-1000W-120KM-Oil-Brake-Frame-Material-aluminum 900w\" alt=\"2023 Electric Bike 1000W 120KM Oil Brake Frame Material aluminum\" width=\"746\" height=\"946\" data-src=\"https:\/\/a.allegroimg.com\/original\/11d050\/c2b85455486a8a8fa41eace4f6b4\/2023-Electric-Bike-1000W-120KM-Oil-Brake-Frame-Material-aluminum\" data-srcset=\"https:\/\/a.allegroimg.com\/s360\/11d050\/c2b85455486a8a8fa41eace4f6b4\/2023-Electric-Bike-1000W-120KM-Oil-Brake-Frame-Material-aluminum 284w,https:\/\/a.allegroimg.com\/s720\/11d050\/c2b85455486a8a8fa41eace4f6b4\/2023-Electric-Bike-1000W-120KM-Oil-Brake-Frame-Material-aluminum 568w,https:\/\/a.allegroimg.com\/s1024\/11d050\/c2b85455486a8a8fa41eace4f6b4\/2023-Electric-Bike-1000W-120KM-Oil-Brake-Frame-Material-aluminum 808w,https:\/\/a.allegroimg.com\/s1440\/11d050\/c2b85455486a8a8fa41eace4f6b4\/2023-Electric-Bike-1000W-120KM-Oil-Brake-Frame-Material-aluminum 900w,https:\/\/a.allegroimg.com\/original\/11d050\/c2b85455486a8a8fa41eace4f6b4\/2023-Electric-Bike-1000W-120KM-Oil-Brake-Frame-Material-aluminum 900w\" \/><\/p>\n<h3>Kvaliteetne piduris\u00fcsteem<\/h3>\n<p>Sellel BURCHDA e-jalgrattal on kvaliteetne h\u00fcdrauliline pidur ja Shimano 8-k\u00e4iguline s\u00fcsteem, mis v\u00f5imaldab teil h\u00f5lpsasti valida erinevaid kiirusi igat t\u00fc\u00fcpi tee jaoks, millega soovite s\u00f5ita. Intelligentne p\u00fcsikiiruse hoidja.<\/p>\n<p><img decoding=\"async\" class=\"msub_k4 mupj_5k mjru_k4 mse2_k4 mp7g_f6 mq1m_0 mj7u_0 m7er_k4 lazyloaded\" src=\"https:\/\/a.allegroimg.com\/original\/11b0d2\/23d1ccbe4ba2945888c21ee53840\/2023-Electric-Bike-1000W-120KM-Oil-Brake-Shock-Absorption-front\" sizes=\"(min-width: 1200px) 560px, (min-width: 992px) 50vw, 100vw\" srcset=\"https:\/\/a.allegroimg.com\/s360\/11b0d2\/23d1ccbe4ba2945888c21ee53840\/2023-Electric-Bike-1000W-120KM-Oil-Brake-Shock-Absorption-front 210w,https:\/\/a.allegroimg.com\/s720\/11b0d2\/23d1ccbe4ba2945888c21ee53840\/2023-Electric-Bike-1000W-120KM-Oil-Brake-Shock-Absorption-front 421w,https:\/\/a.allegroimg.com\/s1024\/11b0d2\/23d1ccbe4ba2945888c21ee53840\/2023-Electric-Bike-1000W-120KM-Oil-Brake-Shock-Absorption-front 599w,https:\/\/a.allegroimg.com\/s1440\/11b0d2\/23d1ccbe4ba2945888c21ee53840\/2023-Electric-Bike-1000W-120KM-Oil-Brake-Shock-Absorption-front 723w,https:\/\/a.allegroimg.com\/original\/11b0d2\/23d1ccbe4ba2945888c21ee53840\/2023-Electric-Bike-1000W-120KM-Oil-Brake-Shock-Absorption-front 723w\" alt=\"2023 Electric Bike 1000W 120KM Oil Brake Shock Absorption front\" width=\"570\" height=\"973\" data-src=\"https:\/\/a.allegroimg.com\/original\/11b0d2\/23d1ccbe4ba2945888c21ee53840\/2023-Electric-Bike-1000W-120KM-Oil-Brake-Shock-Absorption-front\" data-srcset=\"https:\/\/a.allegroimg.com\/s360\/11b0d2\/23d1ccbe4ba2945888c21ee53840\/2023-Electric-Bike-1000W-120KM-Oil-Brake-Shock-Absorption-front 210w,https:\/\/a.allegroimg.com\/s720\/11b0d2\/23d1ccbe4ba2945888c21ee53840\/2023-Electric-Bike-1000W-120KM-Oil-Brake-Shock-Absorption-front 421w,https:\/\/a.allegroimg.com\/s1024\/11b0d2\/23d1ccbe4ba2945888c21ee53840\/2023-Electric-Bike-1000W-120KM-Oil-Brake-Shock-Absorption-front 599w,https:\/\/a.allegroimg.com\/s1440\/11b0d2\/23d1ccbe4ba2945888c21ee53840\/2023-Electric-Bike-1000W-120KM-Oil-Brake-Shock-Absorption-front 723w,https:\/\/a.allegroimg.com\/original\/11b0d2\/23d1ccbe4ba2945888c21ee53840\/2023-Electric-Bike-1000W-120KM-Oil-Brake-Shock-Absorption-front 723w\" \/><\/p>\n<h3>Nutikas LCD-ekraan<\/h3>\n<p>K\u00fcmme kvaliteetse v\u00e4rvilise LCD-ekraaniga varustatud m\u00e4gijalgratast pakub v\u00f5imsust, kiirust ja l\u00e4bis\u00f5idukaugust.<\/p>\n<p><img decoding=\"async\" class=\"msub_k4 mupj_5k mjru_k4 mse2_k4 mp7g_f6 mq1m_0 mj7u_0 m7er_k4 lazyloaded\" src=\"https:\/\/a.allegroimg.com\/original\/11f0ac\/c51c16a84fc38c81456784fc98f0\/2023-Electric-Bike-1000W-120KM-Oil-Brake-Rechargeable-battery-lithium-ion\" sizes=\"100vw\" srcset=\"https:\/\/a.allegroimg.com\/s360\/11f0ac\/c51c16a84fc38c81456784fc98f0\/2023-Electric-Bike-1000W-120KM-Oil-Brake-Rechargeable-battery-lithium-ion 360w,https:\/\/a.allegroimg.com\/s720\/11f0ac\/c51c16a84fc38c81456784fc98f0\/2023-Electric-Bike-1000W-120KM-Oil-Brake-Rechargeable-battery-lithium-ion 720w,https:\/\/a.allegroimg.com\/s1024\/11f0ac\/c51c16a84fc38c81456784fc98f0\/2023-Electric-Bike-1000W-120KM-Oil-Brake-Rechargeable-battery-lithium-ion 1023w,https:\/\/a.allegroimg.com\/s1440\/11f0ac\/c51c16a84fc38c81456784fc98f0\/2023-Electric-Bike-1000W-120KM-Oil-Brake-Rechargeable-battery-lithium-ion 1440w,https:\/\/a.allegroimg.com\/original\/11f0ac\/c51c16a84fc38c81456784fc98f0\/2023-Electric-Bike-1000W-120KM-Oil-Brake-Rechargeable-battery-lithium-ion 1896w\" alt=\"2023 Electric Bike 1000W 120KM Oil Brake Rechargeable battery lithium-ion\" width=\"875\" height=\"399\" data-src=\"https:\/\/a.allegroimg.com\/original\/11f0ac\/c51c16a84fc38c81456784fc98f0\/2023-Electric-Bike-1000W-120KM-Oil-Brake-Rechargeable-battery-lithium-ion\" data-srcset=\"https:\/\/a.allegroimg.com\/s360\/11f0ac\/c51c16a84fc38c81456784fc98f0\/2023-Electric-Bike-1000W-120KM-Oil-Brake-Rechargeable-battery-lithium-ion 360w,https:\/\/a.allegroimg.com\/s720\/11f0ac\/c51c16a84fc38c81456784fc98f0\/2023-Electric-Bike-1000W-120KM-Oil-Brake-Rechargeable-battery-lithium-ion 720w,https:\/\/a.allegroimg.com\/s1024\/11f0ac\/c51c16a84fc38c81456784fc98f0\/2023-Electric-Bike-1000W-120KM-Oil-Brake-Rechargeable-battery-lithium-ion 1023w,https:\/\/a.allegroimg.com\/s1440\/11f0ac\/c51c16a84fc38c81456784fc98f0\/2023-Electric-Bike-1000W-120KM-Oil-Brake-Rechargeable-battery-lithium-ion 1440w,https:\/\/a.allegroimg.com\/original\/11f0ac\/c51c16a84fc38c81456784fc98f0\/2023-Electric-Bike-1000W-120KM-Oil-Brake-Rechargeable-battery-lithium-ion 1896w\" \/><\/p>\n<h3>Alumiiniumraam<\/h3>\n<p>BURCHDA elektrilisel maastikurattal on 26 \u00d7 4,0 tolli esmaklassilised rehvid reisimiseks, lumeteedel, liivateedel ja maastikul s\u00f5itmiseks.<\/p>\n<p><img loading=\"lazy\" decoding=\"async\" class=\"msub_k4 mupj_5k mjru_k4 mse2_k4 mp7g_f6 mq1m_0 mj7u_0 m7er_k4 lazyloaded\" src=\"https:\/\/a.allegroimg.com\/original\/117baf\/0b95bb8643bba3b1aaacbe3d9cc1\/2023-Electric-Bike-1000W-120KM-Oil-Brake-Color-gray\" sizes=\"100vw\" srcset=\"https:\/\/a.allegroimg.com\/s360\/117baf\/0b95bb8643bba3b1aaacbe3d9cc1\/2023-Electric-Bike-1000W-120KM-Oil-Brake-Color-gray 360w,https:\/\/a.allegroimg.com\/s720\/117baf\/0b95bb8643bba3b1aaacbe3d9cc1\/2023-Electric-Bike-1000W-120KM-Oil-Brake-Color-gray 720w,https:\/\/a.allegroimg.com\/s1024\/117baf\/0b95bb8643bba3b1aaacbe3d9cc1\/2023-Electric-Bike-1000W-120KM-Oil-Brake-Color-gray 1024w,https:\/\/a.allegroimg.com\/s1440\/117baf\/0b95bb8643bba3b1aaacbe3d9cc1\/2023-Electric-Bike-1000W-120KM-Oil-Brake-Color-gray 1440w,https:\/\/a.allegroimg.com\/original\/117baf\/0b95bb8643bba3b1aaacbe3d9cc1\/2023-Electric-Bike-1000W-120KM-Oil-Brake-Color-gray 1514w\" alt=\"2023 Electric Bike 1000W 120KM Oil Brake Color gray\" width=\"828\" height=\"665\" data-src=\"https:\/\/a.allegroimg.com\/original\/117baf\/0b95bb8643bba3b1aaacbe3d9cc1\/2023-Electric-Bike-1000W-120KM-Oil-Brake-Color-gray\" data-srcset=\"https:\/\/a.allegroimg.com\/s360\/117baf\/0b95bb8643bba3b1aaacbe3d9cc1\/2023-Electric-Bike-1000W-120KM-Oil-Brake-Color-gray 360w,https:\/\/a.allegroimg.com\/s720\/117baf\/0b95bb8643bba3b1aaacbe3d9cc1\/2023-Electric-Bike-1000W-120KM-Oil-Brake-Color-gray 720w,https:\/\/a.allegroimg.com\/s1024\/117baf\/0b95bb8643bba3b1aaacbe3d9cc1\/2023-Electric-Bike-1000W-120KM-Oil-Brake-Color-gray 1024w,https:\/\/a.allegroimg.com\/s1440\/117baf\/0b95bb8643bba3b1aaacbe3d9cc1\/2023-Electric-Bike-1000W-120KM-Oil-Brake-Color-gray 1440w,https:\/\/a.allegroimg.com\/original\/117baf\/0b95bb8643bba3b1aaacbe3d9cc1\/2023-Electric-Bike-1000W-120KM-Oil-Brake-Color-gray 1514w\" \/><\/p>\n<p>&nbsp;<\/p>\n<h3>Info<\/h3>\n<p>Mootor: 250W(piirajaga)<\/p>\n<p>Aku: 48V 18AH 864Wh<\/p>\n<p>K\u00e4igukast: 8SP<\/p>\n<p>Pedaalid: tugevast alumiiniumist pedaalid<\/p>\n<p>Max s\u00f5iduulatus: 100-120km<\/p>\n<p>Kiirus: 25KM\/H (piirajaga)<\/p>\n<p>Rehvid: 26\u2033*4,0<\/p>\n<p>Ekraan: S2 v\u00e4rviline ekraan<\/p>\n<p>S\u00f5idu re\u017eiimid: viis re\u017eiimi<\/p>\n<p>Pidur: DYISLAND \u00f5lipidur<\/p>\n<p>Maksimaalne koormus: 180 kg<\/p>\n<p>Esituli: LED esituli + LED tagatuli<\/p>\n<p>K\u00e4igud: Shimano M315 s\u00f5rmet\u00f5mme, TY300 tagat\u00f5mme<\/p>\n<p>Muud funktsioonid: helisignaal, esituled, p\u00fcsikiiruse hoidja<\/p>\n<p>Kaal: 32,5 kg<\/p>\n<p>Laadimisaeg 6 h<\/p>\n<p>Tootmisaasta 2023<\/p>\n<p>Pakis kaasas:<\/p>\n<p>1. Lukk 2. Telefonihoidik 3. Rattapump 4. T\u00f6\u00f6riistad 5. Esituli 6. Laadija 7. Poritiivad 8. Pakiraam<\/p>\n","protected":false},"excerpt":{"rendered":"<p class=\"mp4t_0 mryx_0 mj7a_4 mp0t_ji m9qz_yo munh_0 m3h2_0 mqu1_1j mgmw_wo mgn2_21 mgn2_25_s\">BURCHDA RX50 <span style=\"font-size: inherit;\">Elektriratas on sobilik s\u00f5itjale pikkusega 160-200cm<\/span><\/p>\n<ul>\n<li>Mootor: 250W(piirajaga)<\/li>\n<li>Aku: 48V 18AH 864Wh<\/li>\n<li>Max s\u00f5iduulatus: 100-120km<\/li>\n<li>Kiirus: 25km\/h (piirajaga)<\/li>\n<li>Rehvid: 26\u2033*4,0<\/li>\n<li>Maksimaalne koormus: 180 kg<\/li>\n<li>Kaal: 31 kg<\/li>\n<li>Laadimisaeg 6 h<\/li>\n<\/ul>\n<p>&nbsp;<\/p>\n<p><strong>\u2666 Tarneaeg 2-6 p\u00e4eva<\/strong><br \/>\n<strong>\u2666 Laos<\/strong><\/p>\n","protected":false},"featured_media":10581,"template":"","meta":[],"product_cat":[52,905],"product_tag":[],"class_list":{"0":"post-10575","1":"product","2":"type-product","3":"status-publish","4":"has-post-thumbnail","6":"product_cat-elektrirattad","7":"product_cat-maastikurattad","8":"product_shipping_class-suured-pakid","10":"first","11":"instock","12":"sale","13":"taxable","14":"shipping-taxable","15":"purchasable","16":"product-type-simple"},"yoast_head":"<!-- This site is optimized with the Yoast SEO plugin v23.8 - https:\/\/yoast.com\/wordpress\/plugins\/seo\/ -->\n<title>BURCHDA RX510 Elektriratas,120km - Ecocruiser<\/title>\n<meta name=\"robots\" content=\"noindex, follow, max-snippet:-1, max-image-preview:large, max-video-preview:-1\" \/>\n<meta property=\"og:locale\" content=\"en_GB\" \/>\n<meta property=\"og:type\" content=\"article\" \/>\n<meta property=\"og:title\" content=\"BURCHDA RX510 Elektriratas,120km - Ecocruiser\" \/>\n<meta property=\"og:description\" content=\"BURCHDA RX50 Elektriratas on sobilik s\u00f5itjale pikkusega 160-200cm    Mootor: 250W(piirajaga)  Aku: 48V 18AH 864Wh  Max s\u00f5iduulatus: 100-120km  Kiirus: 25km\/h (piirajaga)  Rehvid: 26\u2033*4,0  Maksimaalne koormus: 180 kg  Kaal: 31 kg  Laadimisaeg 6 h  &nbsp;  \u2666 Tarneaeg 2-6 p\u00e4eva \u2666 Laos\" \/>\n<meta property=\"og:url\" content=\"https:\/\/projekt.vombat.ee\/eco\/pood\/elektrirattad\/maastikurattad\/burchda-rx50-elektriratas-120km-1000w-48v-18ah\/\" \/>\n<meta property=\"og:site_name\" content=\"Ecocruiser\" \/>\n<meta property=\"article:modified_time\" content=\"2024-04-06T08:35:52+00:00\" \/>\n<meta property=\"og:image\" content=\"https:\/\/projekt.vombat.ee\/eco\/wp-content\/uploads\/2023\/06\/1111.webp\" \/>\n\t<meta property=\"og:image:width\" content=\"800\" \/>\n\t<meta property=\"og:image:height\" content=\"800\" \/>\n\t<meta property=\"og:image:type\" content=\"image\/webp\" \/>\n<meta name=\"twitter:card\" content=\"summary_large_image\" \/>\n<meta name=\"twitter:label1\" content=\"Estimated reading time\" \/>\n\t<meta name=\"twitter:data1\" content=\"3 minutes\" \/>\n<script type=\"application\/ld+json\" class=\"yoast-schema-graph\">{\"@context\":\"https:\/\/schema.org\",\"@graph\":[{\"@type\":\"WebPage\",\"@id\":\"https:\/\/projekt.vombat.ee\/eco\/pood\/elektrirattad\/maastikurattad\/burchda-rx50-elektriratas-120km-1000w-48v-18ah\/\",\"url\":\"https:\/\/projekt.vombat.ee\/eco\/pood\/elektrirattad\/maastikurattad\/burchda-rx50-elektriratas-120km-1000w-48v-18ah\/\",\"name\":\"BURCHDA RX510 Elektriratas,120km - Ecocruiser\",\"isPartOf\":{\"@id\":\"https:\/\/projekt.vombat.ee\/eco\/#website\"},\"primaryImageOfPage\":{\"@id\":\"https:\/\/projekt.vombat.ee\/eco\/pood\/elektrirattad\/maastikurattad\/burchda-rx50-elektriratas-120km-1000w-48v-18ah\/#primaryimage\"},\"image\":{\"@id\":\"https:\/\/projekt.vombat.ee\/eco\/pood\/elektrirattad\/maastikurattad\/burchda-rx50-elektriratas-120km-1000w-48v-18ah\/#primaryimage\"},\"thumbnailUrl\":\"https:\/\/projekt.vombat.ee\/eco\/wp-content\/uploads\/2023\/06\/1111.webp\",\"datePublished\":\"2023-06-28T11:45:33+00:00\",\"dateModified\":\"2024-04-06T08:35:52+00:00\",\"breadcrumb\":{\"@id\":\"https:\/\/projekt.vombat.ee\/eco\/pood\/elektrirattad\/maastikurattad\/burchda-rx50-elektriratas-120km-1000w-48v-18ah\/#breadcrumb\"},\"inLanguage\":\"en-GB\",\"potentialAction\":[{\"@type\":\"ReadAction\",\"target\":[\"https:\/\/projekt.vombat.ee\/eco\/pood\/elektrirattad\/maastikurattad\/burchda-rx50-elektriratas-120km-1000w-48v-18ah\/\"]}]},{\"@type\":\"ImageObject\",\"inLanguage\":\"en-GB\",\"@id\":\"https:\/\/projekt.vombat.ee\/eco\/pood\/elektrirattad\/maastikurattad\/burchda-rx50-elektriratas-120km-1000w-48v-18ah\/#primaryimage\",\"url\":\"https:\/\/projekt.vombat.ee\/eco\/wp-content\/uploads\/2023\/06\/1111.webp\",\"contentUrl\":\"https:\/\/projekt.vombat.ee\/eco\/wp-content\/uploads\/2023\/06\/1111.webp\",\"width\":800,\"height\":800,\"caption\":\"BURCHDA RX50\"},{\"@type\":\"BreadcrumbList\",\"@id\":\"https:\/\/projekt.vombat.ee\/eco\/pood\/elektrirattad\/maastikurattad\/burchda-rx50-elektriratas-120km-1000w-48v-18ah\/#breadcrumb\",\"itemListElement\":[{\"@type\":\"ListItem\",\"position\":1,\"name\":\"Home\",\"item\":\"https:\/\/projekt.vombat.ee\/eco\/\"},{\"@type\":\"ListItem\",\"position\":2,\"name\":\"Pood\",\"item\":\"https:\/\/projekt.vombat.ee\/eco\/pood\/\"},{\"@type\":\"ListItem\",\"position\":3,\"name\":\"BURCHDA RX510 Elektriratas,120km\"}]},{\"@type\":\"WebSite\",\"@id\":\"https:\/\/projekt.vombat.ee\/eco\/#website\",\"url\":\"https:\/\/projekt.vombat.ee\/eco\/\",\"name\":\"Ecocruiser\",\"description\":\"\",\"publisher\":{\"@id\":\"https:\/\/projekt.vombat.ee\/eco\/#organization\"},\"potentialAction\":[{\"@type\":\"SearchAction\",\"target\":{\"@type\":\"EntryPoint\",\"urlTemplate\":\"https:\/\/projekt.vombat.ee\/eco\/?s={search_term_string}\"},\"query-input\":{\"@type\":\"PropertyValueSpecification\",\"valueRequired\":true,\"valueName\":\"search_term_string\"}}],\"inLanguage\":\"en-GB\"},{\"@type\":\"Organization\",\"@id\":\"https:\/\/projekt.vombat.ee\/eco\/#organization\",\"name\":\"Ecocruiser\",\"url\":\"https:\/\/projekt.vombat.ee\/eco\/\",\"logo\":{\"@type\":\"ImageObject\",\"inLanguage\":\"en-GB\",\"@id\":\"https:\/\/projekt.vombat.ee\/eco\/#\/schema\/logo\/image\/\",\"url\":\"https:\/\/projekt.vombat.ee\/eco\/wp-content\/uploads\/2023\/03\/ECOCRUISER_5.png\",\"contentUrl\":\"https:\/\/projekt.vombat.ee\/eco\/wp-content\/uploads\/2023\/03\/ECOCRUISER_5.png\",\"width\":234,\"height\":91,\"caption\":\"Ecocruiser\"},\"image\":{\"@id\":\"https:\/\/projekt.vombat.ee\/eco\/#\/schema\/logo\/image\/\"}}]}<\/script>\n<!-- \/ Yoast SEO plugin. -->","yoast_head_json":{"title":"BURCHDA RX510 Elektriratas,120km - Ecocruiser","robots":{"index":"noindex","follow":"follow","max-snippet":"max-snippet:-1","max-image-preview":"max-image-preview:large","max-video-preview":"max-video-preview:-1"},"og_locale":"en_GB","og_type":"article","og_title":"BURCHDA RX510 Elektriratas,120km - Ecocruiser","og_description":"BURCHDA RX50 Elektriratas on sobilik s\u00f5itjale pikkusega 160-200cm    Mootor: 250W(piirajaga)  Aku: 48V 18AH 864Wh  Max s\u00f5iduulatus: 100-120km  Kiirus: 25km\/h (piirajaga)  Rehvid: 26\u2033*4,0  Maksimaalne koormus: 180 kg  Kaal: 31 kg  Laadimisaeg 6 h  &nbsp;  \u2666 Tarneaeg 2-6 p\u00e4eva \u2666 Laos","og_url":"https:\/\/projekt.vombat.ee\/eco\/pood\/elektrirattad\/maastikurattad\/burchda-rx50-elektriratas-120km-1000w-48v-18ah\/","og_site_name":"Ecocruiser","article_modified_time":"2024-04-06T08:35:52+00:00","og_image":[{"width":800,"height":800,"url":"https:\/\/projekt.vombat.ee\/eco\/wp-content\/uploads\/2023\/06\/1111.webp","type":"image\/webp"}],"twitter_card":"summary_large_image","twitter_misc":{"Estimated reading time":"3 minutes"},"schema":{"@context":"https:\/\/schema.org","@graph":[{"@type":"WebPage","@id":"https:\/\/projekt.vombat.ee\/eco\/pood\/elektrirattad\/maastikurattad\/burchda-rx50-elektriratas-120km-1000w-48v-18ah\/","url":"https:\/\/projekt.vombat.ee\/eco\/pood\/elektrirattad\/maastikurattad\/burchda-rx50-elektriratas-120km-1000w-48v-18ah\/","name":"BURCHDA RX510 Elektriratas,120km - Ecocruiser","isPartOf":{"@id":"https:\/\/projekt.vombat.ee\/eco\/#website"},"primaryImageOfPage":{"@id":"https:\/\/projekt.vombat.ee\/eco\/pood\/elektrirattad\/maastikurattad\/burchda-rx50-elektriratas-120km-1000w-48v-18ah\/#primaryimage"},"image":{"@id":"https:\/\/projekt.vombat.ee\/eco\/pood\/elektrirattad\/maastikurattad\/burchda-rx50-elektriratas-120km-1000w-48v-18ah\/#primaryimage"},"thumbnailUrl":"https:\/\/projekt.vombat.ee\/eco\/wp-content\/uploads\/2023\/06\/1111.webp","datePublished":"2023-06-28T11:45:33+00:00","dateModified":"2024-04-06T08:35:52+00:00","breadcrumb":{"@id":"https:\/\/projekt.vombat.ee\/eco\/pood\/elektrirattad\/maastikurattad\/burchda-rx50-elektriratas-120km-1000w-48v-18ah\/#breadcrumb"},"inLanguage":"en-GB","potentialAction":[{"@type":"ReadAction","target":["https:\/\/projekt.vombat.ee\/eco\/pood\/elektrirattad\/maastikurattad\/burchda-rx50-elektriratas-120km-1000w-48v-18ah\/"]}]},{"@type":"ImageObject","inLanguage":"en-GB","@id":"https:\/\/projekt.vombat.ee\/eco\/pood\/elektrirattad\/maastikurattad\/burchda-rx50-elektriratas-120km-1000w-48v-18ah\/#primaryimage","url":"https:\/\/projekt.vombat.ee\/eco\/wp-content\/uploads\/2023\/06\/1111.webp","contentUrl":"https:\/\/projekt.vombat.ee\/eco\/wp-content\/uploads\/2023\/06\/1111.webp","width":800,"height":800,"caption":"BURCHDA RX50"},{"@type":"BreadcrumbList","@id":"https:\/\/projekt.vombat.ee\/eco\/pood\/elektrirattad\/maastikurattad\/burchda-rx50-elektriratas-120km-1000w-48v-18ah\/#breadcrumb","itemListElement":[{"@type":"ListItem","position":1,"name":"Home","item":"https:\/\/projekt.vombat.ee\/eco\/"},{"@type":"ListItem","position":2,"name":"Pood","item":"https:\/\/projekt.vombat.ee\/eco\/pood\/"},{"@type":"ListItem","position":3,"name":"BURCHDA RX510 Elektriratas,120km"}]},{"@type":"WebSite","@id":"https:\/\/projekt.vombat.ee\/eco\/#website","url":"https:\/\/projekt.vombat.ee\/eco\/","name":"Ecocruiser","description":"","publisher":{"@id":"https:\/\/projekt.vombat.ee\/eco\/#organization"},"potentialAction":[{"@type":"SearchAction","target":{"@type":"EntryPoint","urlTemplate":"https:\/\/projekt.vombat.ee\/eco\/?s={search_term_string}"},"query-input":{"@type":"PropertyValueSpecification","valueRequired":true,"valueName":"search_term_string"}}],"inLanguage":"en-GB"},{"@type":"Organization","@id":"https:\/\/projekt.vombat.ee\/eco\/#organization","name":"Ecocruiser","url":"https:\/\/projekt.vombat.ee\/eco\/","logo":{"@type":"ImageObject","inLanguage":"en-GB","@id":"https:\/\/projekt.vombat.ee\/eco\/#\/schema\/logo\/image\/","url":"https:\/\/projekt.vombat.ee\/eco\/wp-content\/uploads\/2023\/03\/ECOCRUISER_5.png","contentUrl":"https:\/\/projekt.vombat.ee\/eco\/wp-content\/uploads\/2023\/03\/ECOCRUISER_5.png","width":234,"height":91,"caption":"Ecocruiser"},"image":{"@id":"https:\/\/projekt.vombat.ee\/eco\/#\/schema\/logo\/image\/"}}]}},"lang":"et","translations":{"et":10575},"pll_sync_post":[],"_links":{"self":[{"href":"https:\/\/projekt.vombat.ee\/eco\/wp-json\/wp\/v2\/product\/10575"}],"collection":[{"href":"https:\/\/projekt.vombat.ee\/eco\/wp-json\/wp\/v2\/product"}],"about":[{"href":"https:\/\/projekt.vombat.ee\/eco\/wp-json\/wp\/v2\/types\/product"}],"version-history":[{"count":7,"href":"https:\/\/projekt.vombat.ee\/eco\/wp-json\/wp\/v2\/product\/10575\/revisions"}],"predecessor-version":[{"id":15551,"href":"https:\/\/projekt.vombat.ee\/eco\/wp-json\/wp\/v2\/product\/10575\/revisions\/15551"}],"wp:featuredmedia":[{"embeddable":true,"href":"https:\/\/projekt.vombat.ee\/eco\/wp-json\/wp\/v2\/media\/10581"}],"wp:attachment":[{"href":"https:\/\/projekt.vombat.ee\/eco\/wp-json\/wp\/v2\/media?parent=10575"}],"wp:term":[{"taxonomy":"product_cat","embeddable":true,"href":"https:\/\/projekt.vombat.ee\/eco\/wp-json\/wp\/v2\/product_cat?post=10575"},{"taxonomy":"product_tag","embeddable":true,"href":"https:\/\/projekt.vombat.ee\/eco\/wp-json\/wp\/v2\/product_tag?post=10575"}],"curies":[{"name":"wp","href":"https:\/\/api.w.org\/{rel}","templated":true}]}}