{"id":10277,"date":"2023-06-14T08:29:23","date_gmt":"2023-06-14T08:29:23","guid":{"rendered":"https:\/\/projekt.vombat.ee\/eco\/?post_type=product&#038;p=10277"},"modified":"2024-04-12T10:40:33","modified_gmt":"2024-04-12T10:40:33","slug":"burchda-rx70-elektriratas-120km","status":"publish","type":"product","link":"https:\/\/projekt.vombat.ee\/eco\/pood\/elektrirattad\/maastikurattad\/burchda-rx70-elektriratas-120km\/","title":{"rendered":"Burchda RX170 Elektriratas, 120km"},"content":{"rendered":"<h3>Burchda RX170<\/h3>\n<h3><img decoding=\"async\" class=\"msub_k4 mupj_5k mjru_k4 mse2_k4 mp7g_f6 mq1m_0 mj7u_0 m7er_k4 lazyloaded\" src=\"https:\/\/a.allegroimg.com\/original\/11d148\/aa40ec644f2b8aef8db9d9110fbf\/Urban-Electric-Bike-Burchda-RX70-1000W-120KM-Rechargeable-battery-lithium-ion\" sizes=\"100vw\" srcset=\"https:\/\/a.allegroimg.com\/s360\/11d148\/aa40ec644f2b8aef8db9d9110fbf\/Urban-Electric-Bike-Burchda-RX70-1000W-120KM-Rechargeable-battery-lithium-ion 360w,https:\/\/a.allegroimg.com\/s720\/11d148\/aa40ec644f2b8aef8db9d9110fbf\/Urban-Electric-Bike-Burchda-RX70-1000W-120KM-Rechargeable-battery-lithium-ion 720w,https:\/\/a.allegroimg.com\/s1024\/11d148\/aa40ec644f2b8aef8db9d9110fbf\/Urban-Electric-Bike-Burchda-RX70-1000W-120KM-Rechargeable-battery-lithium-ion 1024w,https:\/\/a.allegroimg.com\/s1440\/11d148\/aa40ec644f2b8aef8db9d9110fbf\/Urban-Electric-Bike-Burchda-RX70-1000W-120KM-Rechargeable-battery-lithium-ion 1280w,https:\/\/a.allegroimg.com\/original\/11d148\/aa40ec644f2b8aef8db9d9110fbf\/Urban-Electric-Bike-Burchda-RX70-1000W-120KM-Rechargeable-battery-lithium-ion 1280w\" alt=\"Urban Electric Bike Burchda RX70 1000W 120KM Rechargeable battery lithium-ion\" width=\"1280px\" data-src=\"https:\/\/a.allegroimg.com\/original\/11d148\/aa40ec644f2b8aef8db9d9110fbf\/Urban-Electric-Bike-Burchda-RX70-1000W-120KM-Rechargeable-battery-lithium-ion\" data-srcset=\"https:\/\/a.allegroimg.com\/s360\/11d148\/aa40ec644f2b8aef8db9d9110fbf\/Urban-Electric-Bike-Burchda-RX70-1000W-120KM-Rechargeable-battery-lithium-ion 360w,https:\/\/a.allegroimg.com\/s720\/11d148\/aa40ec644f2b8aef8db9d9110fbf\/Urban-Electric-Bike-Burchda-RX70-1000W-120KM-Rechargeable-battery-lithium-ion 720w,https:\/\/a.allegroimg.com\/s1024\/11d148\/aa40ec644f2b8aef8db9d9110fbf\/Urban-Electric-Bike-Burchda-RX70-1000W-120KM-Rechargeable-battery-lithium-ion 1024w,https:\/\/a.allegroimg.com\/s1440\/11d148\/aa40ec644f2b8aef8db9d9110fbf\/Urban-Electric-Bike-Burchda-RX70-1000W-120KM-Rechargeable-battery-lithium-ion 1280w,https:\/\/a.allegroimg.com\/original\/11d148\/aa40ec644f2b8aef8db9d9110fbf\/Urban-Electric-Bike-Burchda-RX70-1000W-120KM-Rechargeable-battery-lithium-ion 1280w\" \/><\/h3>\n<h3>18Ah suure v\u00f5imsusega liitiumaku<\/h3>\n<p>Aku on raami sees ja selle saab laadimiseks eemaldada v\u00f5i raami sees laadida. See v\u00f5tab v\u00e4he ruumi, on turvaline ja vastupidav ning annab rattale atraktiivse v\u00e4limuse.<\/p>\n<p><img fetchpriority=\"high\" decoding=\"async\" class=\"msub_k4 mupj_5k mjru_k4 mse2_k4 mp7g_f6 mq1m_0 mj7u_0 m7er_k4 lazyloaded\" src=\"https:\/\/a.allegroimg.com\/original\/1115a5\/81527b91432d813177cf89be8f60\/Urban-Electric-Bike-Burchda-RX70-1000W-120KM-Weight-29-kg\" sizes=\"(min-width: 1200px) 560px, (min-width: 992px) 50vw, 100vw\" srcset=\"https:\/\/a.allegroimg.com\/s360\/1115a5\/81527b91432d813177cf89be8f60\/Urban-Electric-Bike-Burchda-RX70-1000W-120KM-Weight-29-kg 284w,https:\/\/a.allegroimg.com\/s720\/1115a5\/81527b91432d813177cf89be8f60\/Urban-Electric-Bike-Burchda-RX70-1000W-120KM-Weight-29-kg 568w,https:\/\/a.allegroimg.com\/s1024\/1115a5\/81527b91432d813177cf89be8f60\/Urban-Electric-Bike-Burchda-RX70-1000W-120KM-Weight-29-kg 808w,https:\/\/a.allegroimg.com\/s1440\/1115a5\/81527b91432d813177cf89be8f60\/Urban-Electric-Bike-Burchda-RX70-1000W-120KM-Weight-29-kg 900w,https:\/\/a.allegroimg.com\/original\/1115a5\/81527b91432d813177cf89be8f60\/Urban-Electric-Bike-Burchda-RX70-1000W-120KM-Weight-29-kg 900w\" alt=\"Urban Electric Bike Burchda RX70 1000W 120KM Weight 29 kg\" width=\"354\" height=\"449\" data-src=\"https:\/\/a.allegroimg.com\/original\/1115a5\/81527b91432d813177cf89be8f60\/Urban-Electric-Bike-Burchda-RX70-1000W-120KM-Weight-29-kg\" data-srcset=\"https:\/\/a.allegroimg.com\/s360\/1115a5\/81527b91432d813177cf89be8f60\/Urban-Electric-Bike-Burchda-RX70-1000W-120KM-Weight-29-kg 284w,https:\/\/a.allegroimg.com\/s720\/1115a5\/81527b91432d813177cf89be8f60\/Urban-Electric-Bike-Burchda-RX70-1000W-120KM-Weight-29-kg 568w,https:\/\/a.allegroimg.com\/s1024\/1115a5\/81527b91432d813177cf89be8f60\/Urban-Electric-Bike-Burchda-RX70-1000W-120KM-Weight-29-kg 808w,https:\/\/a.allegroimg.com\/s1440\/1115a5\/81527b91432d813177cf89be8f60\/Urban-Electric-Bike-Burchda-RX70-1000W-120KM-Weight-29-kg 900w,https:\/\/a.allegroimg.com\/original\/1115a5\/81527b91432d813177cf89be8f60\/Urban-Electric-Bike-Burchda-RX70-1000W-120KM-Weight-29-kg 900w\" \/><\/p>\n<h3>Suure v\u00f5imsusega harjadeta mootor<\/h3>\n<p><img decoding=\"async\" class=\"msub_k4 mupj_5k mjru_k4 mse2_k4 mp7g_f6 mq1m_0 mj7u_0 m7er_k4 lazyloaded\" src=\"https:\/\/a.allegroimg.com\/original\/11a5c2\/7ccb67354f89b84cb0bf0b351179\/Urban-Electric-Bike-Burchda-RX70-1000W-120KM-Frame-Material-aluminum\" sizes=\"(min-width: 1200px) 560px, (min-width: 992px) 50vw, 100vw\" srcset=\"https:\/\/a.allegroimg.com\/s360\/11a5c2\/7ccb67354f89b84cb0bf0b351179\/Urban-Electric-Bike-Burchda-RX70-1000W-120KM-Frame-Material-aluminum 324w,https:\/\/a.allegroimg.com\/s720\/11a5c2\/7ccb67354f89b84cb0bf0b351179\/Urban-Electric-Bike-Burchda-RX70-1000W-120KM-Frame-Material-aluminum 648w,https:\/\/a.allegroimg.com\/s1024\/11a5c2\/7ccb67354f89b84cb0bf0b351179\/Urban-Electric-Bike-Burchda-RX70-1000W-120KM-Frame-Material-aluminum 750w,https:\/\/a.allegroimg.com\/original\/11a5c2\/7ccb67354f89b84cb0bf0b351179\/Urban-Electric-Bike-Burchda-RX70-1000W-120KM-Frame-Material-aluminum 750w\" alt=\"Urban Electric Bike Burchda RX70 1000W 120KM Frame Material aluminum\" width=\"443\" height=\"492\" data-src=\"https:\/\/a.allegroimg.com\/original\/11a5c2\/7ccb67354f89b84cb0bf0b351179\/Urban-Electric-Bike-Burchda-RX70-1000W-120KM-Frame-Material-aluminum\" data-srcset=\"https:\/\/a.allegroimg.com\/s360\/11a5c2\/7ccb67354f89b84cb0bf0b351179\/Urban-Electric-Bike-Burchda-RX70-1000W-120KM-Frame-Material-aluminum 324w,https:\/\/a.allegroimg.com\/s720\/11a5c2\/7ccb67354f89b84cb0bf0b351179\/Urban-Electric-Bike-Burchda-RX70-1000W-120KM-Frame-Material-aluminum 648w,https:\/\/a.allegroimg.com\/s1024\/11a5c2\/7ccb67354f89b84cb0bf0b351179\/Urban-Electric-Bike-Burchda-RX70-1000W-120KM-Frame-Material-aluminum 750w,https:\/\/a.allegroimg.com\/original\/11a5c2\/7ccb67354f89b84cb0bf0b351179\/Urban-Electric-Bike-Burchda-RX70-1000W-120KM-Frame-Material-aluminum 750w\" \/><\/p>\n<h3>Multifunktsionaalne v\u00e4rviline LCD ekraan<\/h3>\n<p>Multifunktsionaalne v\u00e4rviline LCD-ekraan kuvab korraga mitut teavet, sealhulgas aku j\u00e4lgimist, kiirust, l\u00e4bitud vahemaad ja k\u00e4igu seadistusi. Saate neid pedaalimise ajal LCD-ekraanil h\u00f5lpsalt reguleerida. USB-port v\u00f5imaldab seadet igal ajal laadida.<\/p>\n<p><img decoding=\"async\" class=\"msub_k4 mupj_5k mjru_k4 mse2_k4 mp7g_f6 mq1m_0 mj7u_0 m7er_k4 lazyloaded\" src=\"https:\/\/a.allegroimg.com\/original\/115771\/085b40e140798adcf7f4537467df\/Urban-Electric-Bike-Burchda-RX70-1000W-120KM-Shock-Absorption-front\" sizes=\"100vw\" srcset=\"https:\/\/a.allegroimg.com\/s360\/115771\/085b40e140798adcf7f4537467df\/Urban-Electric-Bike-Burchda-RX70-1000W-120KM-Shock-Absorption-front 360w,https:\/\/a.allegroimg.com\/s720\/115771\/085b40e140798adcf7f4537467df\/Urban-Electric-Bike-Burchda-RX70-1000W-120KM-Shock-Absorption-front 720w,https:\/\/a.allegroimg.com\/s1024\/115771\/085b40e140798adcf7f4537467df\/Urban-Electric-Bike-Burchda-RX70-1000W-120KM-Shock-Absorption-front 1023w,https:\/\/a.allegroimg.com\/s1440\/115771\/085b40e140798adcf7f4537467df\/Urban-Electric-Bike-Burchda-RX70-1000W-120KM-Shock-Absorption-front 1440w,https:\/\/a.allegroimg.com\/original\/115771\/085b40e140798adcf7f4537467df\/Urban-Electric-Bike-Burchda-RX70-1000W-120KM-Shock-Absorption-front 1896w\" alt=\"Urban Electric Bike Burchda RX70 1000W 120KM Shock Absorption front\" width=\"684\" height=\"312\" data-src=\"https:\/\/a.allegroimg.com\/original\/115771\/085b40e140798adcf7f4537467df\/Urban-Electric-Bike-Burchda-RX70-1000W-120KM-Shock-Absorption-front\" data-srcset=\"https:\/\/a.allegroimg.com\/s360\/115771\/085b40e140798adcf7f4537467df\/Urban-Electric-Bike-Burchda-RX70-1000W-120KM-Shock-Absorption-front 360w,https:\/\/a.allegroimg.com\/s720\/115771\/085b40e140798adcf7f4537467df\/Urban-Electric-Bike-Burchda-RX70-1000W-120KM-Shock-Absorption-front 720w,https:\/\/a.allegroimg.com\/s1024\/115771\/085b40e140798adcf7f4537467df\/Urban-Electric-Bike-Burchda-RX70-1000W-120KM-Shock-Absorption-front 1023w,https:\/\/a.allegroimg.com\/s1440\/115771\/085b40e140798adcf7f4537467df\/Urban-Electric-Bike-Burchda-RX70-1000W-120KM-Shock-Absorption-front 1440w,https:\/\/a.allegroimg.com\/original\/115771\/085b40e140798adcf7f4537467df\/Urban-Electric-Bike-Burchda-RX70-1000W-120KM-Shock-Absorption-front 1896w\" \/><\/p>\n<h3>Esihargi amortisaatorid<\/h3>\n<p>Tugev s\u00fcsinikterasest vedrustuskahvel tagab sujuva s\u00f5idu ka konarlikul teel. BURCHDA RX170 pakub pehmendust ja l\u00f6\u00f6gisummutust erinevatel maastikel s\u00f5ites ning on v\u00e4ga m\u00f5nus s\u00f5ita.<\/p>\n<p><img loading=\"lazy\" decoding=\"async\" class=\"msub_k4 mupj_5k mjru_k4 mse2_k4 mp7g_f6 mq1m_0 mj7u_0 m7er_k4 lazyloaded\" src=\"https:\/\/a.allegroimg.com\/original\/1170a6\/f309662f498b80622a56ad576bd0\/Urban-Electric-Bike-Burchda-RX70-1000W-120KM-Wheel-Size-27-5\" sizes=\"(min-width: 1200px) 560px, (min-width: 992px) 50vw, 100vw\" srcset=\"https:\/\/a.allegroimg.com\/s360\/1170a6\/f309662f498b80622a56ad576bd0\/Urban-Electric-Bike-Burchda-RX70-1000W-120KM-Wheel-Size-27-5 334w,https:\/\/a.allegroimg.com\/s720\/1170a6\/f309662f498b80622a56ad576bd0\/Urban-Electric-Bike-Burchda-RX70-1000W-120KM-Wheel-Size-27-5 669w,https:\/\/a.allegroimg.com\/s1024\/1170a6\/f309662f498b80622a56ad576bd0\/Urban-Electric-Bike-Burchda-RX70-1000W-120KM-Wheel-Size-27-5 750w,https:\/\/a.allegroimg.com\/original\/1170a6\/f309662f498b80622a56ad576bd0\/Urban-Electric-Bike-Burchda-RX70-1000W-120KM-Wheel-Size-27-5 750w\" alt=\"Urban Electric Bike Burchda RX70 1000W 120KM Wheel Size (&quot;) 27,5\" width=\"668\" height=\"718\" data-src=\"https:\/\/a.allegroimg.com\/original\/1170a6\/f309662f498b80622a56ad576bd0\/Urban-Electric-Bike-Burchda-RX70-1000W-120KM-Wheel-Size-27-5\" data-srcset=\"https:\/\/a.allegroimg.com\/s360\/1170a6\/f309662f498b80622a56ad576bd0\/Urban-Electric-Bike-Burchda-RX70-1000W-120KM-Wheel-Size-27-5 334w,https:\/\/a.allegroimg.com\/s720\/1170a6\/f309662f498b80622a56ad576bd0\/Urban-Electric-Bike-Burchda-RX70-1000W-120KM-Wheel-Size-27-5 669w,https:\/\/a.allegroimg.com\/s1024\/1170a6\/f309662f498b80622a56ad576bd0\/Urban-Electric-Bike-Burchda-RX70-1000W-120KM-Wheel-Size-27-5 750w,https:\/\/a.allegroimg.com\/original\/1170a6\/f309662f498b80622a56ad576bd0\/Urban-Electric-Bike-Burchda-RX70-1000W-120KM-Wheel-Size-27-5 750w\" \/><\/p>\n<ul>\n<li>Eesoleva tee valgustus<\/li>\n<li>Tagumine istme tuli<\/li>\n<li>Tagumise auto hoiatus ohutu pikivahe hoidmiseks<\/li>\n<\/ul>\n<p><img loading=\"lazy\" decoding=\"async\" class=\"msub_k4 mupj_5k mjru_k4 mse2_k4 mp7g_f6 mq1m_0 mj7u_0 m7er_k4 lazyloaded\" src=\"https:\/\/a.allegroimg.com\/original\/1170a3\/3483afa147e88c71a590c68b4106\/Urban-Electric-Bike-Burchda-RX70-1000W-120KM-Color-gray\" sizes=\"100vw\" srcset=\"https:\/\/a.allegroimg.com\/s360\/1170a3\/3483afa147e88c71a590c68b4106\/Urban-Electric-Bike-Burchda-RX70-1000W-120KM-Color-gray 360w,https:\/\/a.allegroimg.com\/s720\/1170a3\/3483afa147e88c71a590c68b4106\/Urban-Electric-Bike-Burchda-RX70-1000W-120KM-Color-gray 720w,https:\/\/a.allegroimg.com\/s1024\/1170a3\/3483afa147e88c71a590c68b4106\/Urban-Electric-Bike-Burchda-RX70-1000W-120KM-Color-gray 1024w,https:\/\/a.allegroimg.com\/s1440\/1170a3\/3483afa147e88c71a590c68b4106\/Urban-Electric-Bike-Burchda-RX70-1000W-120KM-Color-gray 1440w,https:\/\/a.allegroimg.com\/original\/1170a3\/3483afa147e88c71a590c68b4106\/Urban-Electric-Bike-Burchda-RX70-1000W-120KM-Color-gray 1514w\" alt=\"Urban Electric Bike Burchda RX70 1000W 120KM Color gray\" width=\"732\" height=\"588\" data-src=\"https:\/\/a.allegroimg.com\/original\/1170a3\/3483afa147e88c71a590c68b4106\/Urban-Electric-Bike-Burchda-RX70-1000W-120KM-Color-gray\" data-srcset=\"https:\/\/a.allegroimg.com\/s360\/1170a3\/3483afa147e88c71a590c68b4106\/Urban-Electric-Bike-Burchda-RX70-1000W-120KM-Color-gray 360w,https:\/\/a.allegroimg.com\/s720\/1170a3\/3483afa147e88c71a590c68b4106\/Urban-Electric-Bike-Burchda-RX70-1000W-120KM-Color-gray 720w,https:\/\/a.allegroimg.com\/s1024\/1170a3\/3483afa147e88c71a590c68b4106\/Urban-Electric-Bike-Burchda-RX70-1000W-120KM-Color-gray 1024w,https:\/\/a.allegroimg.com\/s1440\/1170a3\/3483afa147e88c71a590c68b4106\/Urban-Electric-Bike-Burchda-RX70-1000W-120KM-Color-gray 1440w,https:\/\/a.allegroimg.com\/original\/1170a3\/3483afa147e88c71a590c68b4106\/Urban-Electric-Bike-Burchda-RX70-1000W-120KM-Color-gray 1514w\" \/><\/p>\n<h3>Info<\/h3>\n<p>Toote parameetrid:<\/p>\n<p>Raam: 27,5-tolline alumiiniumist rattaraam<\/p>\n<p>K\u00e4igukast: 8SP<\/p>\n<p>Pedaalid: tugevast alumiiniumist pedaalid<\/p>\n<p>Mootor: 250 W(piirajaga)<\/p>\n<p>Aku: 48V 18AH 864Wh<\/p>\n<p>Maksimaalne s\u00f5iduulatus: 100 ~ 120km<\/p>\n<p>Kiirus: 25 KM\/H (piirajaga)<\/p>\n<p>Laadimisaeg: 6 h<\/p>\n<p>Rehv: 27,5&#8243;* 2,8<\/p>\n<p>V\u00f5imsus: viis v\u00f5imsust<\/p>\n<p>Pidur: DYISLAND \u00f5lipidur<\/p>\n<p>Maksimaalne koormus: 180 kg<\/p>\n<p>Kaal: 29 kg<\/p>\n<p>Esituli: LED esituli + LED tagatuli<\/p>\n<p>K\u00e4igud: Shimano M315 s\u00f5rmet\u00f5mme, TY300 tagat\u00f5mme<\/p>\n<p>Muud funktsioonid: helisignaal, esituled, p\u00fcsikiiruse hoidja<\/p>\n<p>Pakis kaasas:<\/p>\n<p>1. Lukk 2. Telefonihoidik 3. Rattapump 4. T\u00f6\u00f6riistad 5. Esituli 6. Laadija 7. Poritiivad 8. Pakiraam<\/p>\n","protected":false},"excerpt":{"rendered":"<p><strong>Burchda RX170<\/strong> Elektriratas<\/p>\n<ul>\n<li>Mootor: 250W(piirajaga)<\/li>\n<li>Laadimisaeg: 6 h<\/li>\n<li>Aku: 48V 18AH 864Wh<\/li>\n<li>Max s\u00f5iduulatus : 100 ~ 120km<\/li>\n<li>Kiirus: 25 KM\/H (piirajaga)<\/li>\n<li>Rehv: 27,5&#8243;* 2,8<\/li>\n<li>Maksimaalne koormus: 180 kg<\/li>\n<\/ul>\n<p><strong>\u2666 Tarneaeg 2-6 p\u00e4eva<\/strong><br \/>\n<strong>\u2666 Laos<\/strong><\/p>\n","protected":false},"featured_media":14108,"template":"","meta":[],"product_cat":[52,905],"product_tag":[],"class_list":{"0":"post-10277","1":"product","2":"type-product","3":"status-publish","4":"has-post-thumbnail","6":"product_cat-elektrirattad","7":"product_cat-maastikurattad","8":"product_shipping_class-suured-pakid","10":"first","11":"instock","12":"sale","13":"taxable","14":"shipping-taxable","15":"purchasable","16":"product-type-simple"},"yoast_head":"<!-- This site is optimized with the Yoast SEO plugin v23.8 - https:\/\/yoast.com\/wordpress\/plugins\/seo\/ -->\n<title>Burchda RX170 Elektriratas, 120km - Ecocruiser<\/title>\n<meta name=\"description\" content=\"Burchda RX70 ElektriratasMootor: 250 W Maksimaalne v\u00f5imsus: 259 W Aku: 48V 18AH 864Wh\" \/>\n<meta name=\"robots\" content=\"noindex, follow, max-snippet:-1, max-image-preview:large, max-video-preview:-1\" \/>\n<meta property=\"og:locale\" content=\"en_GB\" \/>\n<meta property=\"og:type\" content=\"article\" \/>\n<meta property=\"og:title\" content=\"Burchda RX170 Elektriratas, 120km - Ecocruiser\" \/>\n<meta property=\"og:description\" content=\"Burchda RX70 ElektriratasMootor: 250 W Maksimaalne v\u00f5imsus: 259 W Aku: 48V 18AH 864Wh\" \/>\n<meta property=\"og:url\" content=\"https:\/\/projekt.vombat.ee\/eco\/pood\/elektrirattad\/maastikurattad\/burchda-rx70-elektriratas-120km\/\" \/>\n<meta property=\"og:site_name\" content=\"Ecocruiser\" \/>\n<meta property=\"article:modified_time\" content=\"2024-04-12T10:40:33+00:00\" \/>\n<meta property=\"og:image\" content=\"https:\/\/projekt.vombat.ee\/eco\/wp-content\/uploads\/2023\/06\/1-15.webp\" \/>\n\t<meta property=\"og:image:width\" content=\"823\" \/>\n\t<meta property=\"og:image:height\" content=\"823\" \/>\n\t<meta property=\"og:image:type\" content=\"image\/webp\" \/>\n<meta name=\"twitter:card\" content=\"summary_large_image\" \/>\n<meta name=\"twitter:label1\" content=\"Estimated reading time\" \/>\n\t<meta name=\"twitter:data1\" content=\"3 minutes\" \/>\n<script type=\"application\/ld+json\" class=\"yoast-schema-graph\">{\"@context\":\"https:\/\/schema.org\",\"@graph\":[{\"@type\":\"WebPage\",\"@id\":\"https:\/\/projekt.vombat.ee\/eco\/pood\/elektrirattad\/maastikurattad\/burchda-rx70-elektriratas-120km\/\",\"url\":\"https:\/\/projekt.vombat.ee\/eco\/pood\/elektrirattad\/maastikurattad\/burchda-rx70-elektriratas-120km\/\",\"name\":\"Burchda RX170 Elektriratas, 120km - Ecocruiser\",\"isPartOf\":{\"@id\":\"https:\/\/projekt.vombat.ee\/eco\/#website\"},\"primaryImageOfPage\":{\"@id\":\"https:\/\/projekt.vombat.ee\/eco\/pood\/elektrirattad\/maastikurattad\/burchda-rx70-elektriratas-120km\/#primaryimage\"},\"image\":{\"@id\":\"https:\/\/projekt.vombat.ee\/eco\/pood\/elektrirattad\/maastikurattad\/burchda-rx70-elektriratas-120km\/#primaryimage\"},\"thumbnailUrl\":\"https:\/\/projekt.vombat.ee\/eco\/wp-content\/uploads\/2023\/06\/1-15.webp\",\"datePublished\":\"2023-06-14T08:29:23+00:00\",\"dateModified\":\"2024-04-12T10:40:33+00:00\",\"description\":\"Burchda RX70 ElektriratasMootor: 250 W Maksimaalne v\u00f5imsus: 259 W Aku: 48V 18AH 864Wh\",\"breadcrumb\":{\"@id\":\"https:\/\/projekt.vombat.ee\/eco\/pood\/elektrirattad\/maastikurattad\/burchda-rx70-elektriratas-120km\/#breadcrumb\"},\"inLanguage\":\"en-GB\",\"potentialAction\":[{\"@type\":\"ReadAction\",\"target\":[\"https:\/\/projekt.vombat.ee\/eco\/pood\/elektrirattad\/maastikurattad\/burchda-rx70-elektriratas-120km\/\"]}]},{\"@type\":\"ImageObject\",\"inLanguage\":\"en-GB\",\"@id\":\"https:\/\/projekt.vombat.ee\/eco\/pood\/elektrirattad\/maastikurattad\/burchda-rx70-elektriratas-120km\/#primaryimage\",\"url\":\"https:\/\/projekt.vombat.ee\/eco\/wp-content\/uploads\/2023\/06\/1-15.webp\",\"contentUrl\":\"https:\/\/projekt.vombat.ee\/eco\/wp-content\/uploads\/2023\/06\/1-15.webp\",\"width\":823,\"height\":823},{\"@type\":\"BreadcrumbList\",\"@id\":\"https:\/\/projekt.vombat.ee\/eco\/pood\/elektrirattad\/maastikurattad\/burchda-rx70-elektriratas-120km\/#breadcrumb\",\"itemListElement\":[{\"@type\":\"ListItem\",\"position\":1,\"name\":\"Home\",\"item\":\"https:\/\/projekt.vombat.ee\/eco\/\"},{\"@type\":\"ListItem\",\"position\":2,\"name\":\"Pood\",\"item\":\"https:\/\/projekt.vombat.ee\/eco\/pood\/\"},{\"@type\":\"ListItem\",\"position\":3,\"name\":\"Burchda RX170 Elektriratas, 120km\"}]},{\"@type\":\"WebSite\",\"@id\":\"https:\/\/projekt.vombat.ee\/eco\/#website\",\"url\":\"https:\/\/projekt.vombat.ee\/eco\/\",\"name\":\"Ecocruiser\",\"description\":\"\",\"publisher\":{\"@id\":\"https:\/\/projekt.vombat.ee\/eco\/#organization\"},\"potentialAction\":[{\"@type\":\"SearchAction\",\"target\":{\"@type\":\"EntryPoint\",\"urlTemplate\":\"https:\/\/projekt.vombat.ee\/eco\/?s={search_term_string}\"},\"query-input\":{\"@type\":\"PropertyValueSpecification\",\"valueRequired\":true,\"valueName\":\"search_term_string\"}}],\"inLanguage\":\"en-GB\"},{\"@type\":\"Organization\",\"@id\":\"https:\/\/projekt.vombat.ee\/eco\/#organization\",\"name\":\"Ecocruiser\",\"url\":\"https:\/\/projekt.vombat.ee\/eco\/\",\"logo\":{\"@type\":\"ImageObject\",\"inLanguage\":\"en-GB\",\"@id\":\"https:\/\/projekt.vombat.ee\/eco\/#\/schema\/logo\/image\/\",\"url\":\"https:\/\/projekt.vombat.ee\/eco\/wp-content\/uploads\/2023\/03\/ECOCRUISER_5.png\",\"contentUrl\":\"https:\/\/projekt.vombat.ee\/eco\/wp-content\/uploads\/2023\/03\/ECOCRUISER_5.png\",\"width\":234,\"height\":91,\"caption\":\"Ecocruiser\"},\"image\":{\"@id\":\"https:\/\/projekt.vombat.ee\/eco\/#\/schema\/logo\/image\/\"}}]}<\/script>\n<!-- \/ Yoast SEO plugin. -->","yoast_head_json":{"title":"Burchda RX170 Elektriratas, 120km - Ecocruiser","description":"Burchda RX70 ElektriratasMootor: 250 W Maksimaalne v\u00f5imsus: 259 W Aku: 48V 18AH 864Wh","robots":{"index":"noindex","follow":"follow","max-snippet":"max-snippet:-1","max-image-preview":"max-image-preview:large","max-video-preview":"max-video-preview:-1"},"og_locale":"en_GB","og_type":"article","og_title":"Burchda RX170 Elektriratas, 120km - Ecocruiser","og_description":"Burchda RX70 ElektriratasMootor: 250 W Maksimaalne v\u00f5imsus: 259 W Aku: 48V 18AH 864Wh","og_url":"https:\/\/projekt.vombat.ee\/eco\/pood\/elektrirattad\/maastikurattad\/burchda-rx70-elektriratas-120km\/","og_site_name":"Ecocruiser","article_modified_time":"2024-04-12T10:40:33+00:00","og_image":[{"width":823,"height":823,"url":"https:\/\/projekt.vombat.ee\/eco\/wp-content\/uploads\/2023\/06\/1-15.webp","type":"image\/webp"}],"twitter_card":"summary_large_image","twitter_misc":{"Estimated reading time":"3 minutes"},"schema":{"@context":"https:\/\/schema.org","@graph":[{"@type":"WebPage","@id":"https:\/\/projekt.vombat.ee\/eco\/pood\/elektrirattad\/maastikurattad\/burchda-rx70-elektriratas-120km\/","url":"https:\/\/projekt.vombat.ee\/eco\/pood\/elektrirattad\/maastikurattad\/burchda-rx70-elektriratas-120km\/","name":"Burchda RX170 Elektriratas, 120km - Ecocruiser","isPartOf":{"@id":"https:\/\/projekt.vombat.ee\/eco\/#website"},"primaryImageOfPage":{"@id":"https:\/\/projekt.vombat.ee\/eco\/pood\/elektrirattad\/maastikurattad\/burchda-rx70-elektriratas-120km\/#primaryimage"},"image":{"@id":"https:\/\/projekt.vombat.ee\/eco\/pood\/elektrirattad\/maastikurattad\/burchda-rx70-elektriratas-120km\/#primaryimage"},"thumbnailUrl":"https:\/\/projekt.vombat.ee\/eco\/wp-content\/uploads\/2023\/06\/1-15.webp","datePublished":"2023-06-14T08:29:23+00:00","dateModified":"2024-04-12T10:40:33+00:00","description":"Burchda RX70 ElektriratasMootor: 250 W Maksimaalne v\u00f5imsus: 259 W Aku: 48V 18AH 864Wh","breadcrumb":{"@id":"https:\/\/projekt.vombat.ee\/eco\/pood\/elektrirattad\/maastikurattad\/burchda-rx70-elektriratas-120km\/#breadcrumb"},"inLanguage":"en-GB","potentialAction":[{"@type":"ReadAction","target":["https:\/\/projekt.vombat.ee\/eco\/pood\/elektrirattad\/maastikurattad\/burchda-rx70-elektriratas-120km\/"]}]},{"@type":"ImageObject","inLanguage":"en-GB","@id":"https:\/\/projekt.vombat.ee\/eco\/pood\/elektrirattad\/maastikurattad\/burchda-rx70-elektriratas-120km\/#primaryimage","url":"https:\/\/projekt.vombat.ee\/eco\/wp-content\/uploads\/2023\/06\/1-15.webp","contentUrl":"https:\/\/projekt.vombat.ee\/eco\/wp-content\/uploads\/2023\/06\/1-15.webp","width":823,"height":823},{"@type":"BreadcrumbList","@id":"https:\/\/projekt.vombat.ee\/eco\/pood\/elektrirattad\/maastikurattad\/burchda-rx70-elektriratas-120km\/#breadcrumb","itemListElement":[{"@type":"ListItem","position":1,"name":"Home","item":"https:\/\/projekt.vombat.ee\/eco\/"},{"@type":"ListItem","position":2,"name":"Pood","item":"https:\/\/projekt.vombat.ee\/eco\/pood\/"},{"@type":"ListItem","position":3,"name":"Burchda RX170 Elektriratas, 120km"}]},{"@type":"WebSite","@id":"https:\/\/projekt.vombat.ee\/eco\/#website","url":"https:\/\/projekt.vombat.ee\/eco\/","name":"Ecocruiser","description":"","publisher":{"@id":"https:\/\/projekt.vombat.ee\/eco\/#organization"},"potentialAction":[{"@type":"SearchAction","target":{"@type":"EntryPoint","urlTemplate":"https:\/\/projekt.vombat.ee\/eco\/?s={search_term_string}"},"query-input":{"@type":"PropertyValueSpecification","valueRequired":true,"valueName":"search_term_string"}}],"inLanguage":"en-GB"},{"@type":"Organization","@id":"https:\/\/projekt.vombat.ee\/eco\/#organization","name":"Ecocruiser","url":"https:\/\/projekt.vombat.ee\/eco\/","logo":{"@type":"ImageObject","inLanguage":"en-GB","@id":"https:\/\/projekt.vombat.ee\/eco\/#\/schema\/logo\/image\/","url":"https:\/\/projekt.vombat.ee\/eco\/wp-content\/uploads\/2023\/03\/ECOCRUISER_5.png","contentUrl":"https:\/\/projekt.vombat.ee\/eco\/wp-content\/uploads\/2023\/03\/ECOCRUISER_5.png","width":234,"height":91,"caption":"Ecocruiser"},"image":{"@id":"https:\/\/projekt.vombat.ee\/eco\/#\/schema\/logo\/image\/"}}]}},"lang":"et","translations":{"et":10277},"pll_sync_post":[],"_links":{"self":[{"href":"https:\/\/projekt.vombat.ee\/eco\/wp-json\/wp\/v2\/product\/10277"}],"collection":[{"href":"https:\/\/projekt.vombat.ee\/eco\/wp-json\/wp\/v2\/product"}],"about":[{"href":"https:\/\/projekt.vombat.ee\/eco\/wp-json\/wp\/v2\/types\/product"}],"version-history":[{"count":10,"href":"https:\/\/projekt.vombat.ee\/eco\/wp-json\/wp\/v2\/product\/10277\/revisions"}],"predecessor-version":[{"id":15641,"href":"https:\/\/projekt.vombat.ee\/eco\/wp-json\/wp\/v2\/product\/10277\/revisions\/15641"}],"wp:featuredmedia":[{"embeddable":true,"href":"https:\/\/projekt.vombat.ee\/eco\/wp-json\/wp\/v2\/media\/14108"}],"wp:attachment":[{"href":"https:\/\/projekt.vombat.ee\/eco\/wp-json\/wp\/v2\/media?parent=10277"}],"wp:term":[{"taxonomy":"product_cat","embeddable":true,"href":"https:\/\/projekt.vombat.ee\/eco\/wp-json\/wp\/v2\/product_cat?post=10277"},{"taxonomy":"product_tag","embeddable":true,"href":"https:\/\/projekt.vombat.ee\/eco\/wp-json\/wp\/v2\/product_tag?post=10277"}],"curies":[{"name":"wp","href":"https:\/\/api.w.org\/{rel}","templated":true}]}}