{"id":10259,"date":"2023-06-27T16:42:28","date_gmt":"2023-06-27T16:42:28","guid":{"rendered":"https:\/\/projekt.vombat.ee\/eco\/?post_type=product&#038;p=10259"},"modified":"2023-06-27T16:42:29","modified_gmt":"2023-06-27T16:42:29","slug":"laste-elektriline-krossikas-torrot-trial-one-tr2","status":"publish","type":"product","link":"https:\/\/projekt.vombat.ee\/eco\/pood\/laste-krossikad\/laste-elektriline-krossikas-torrot-trial-one-tr2\/","title":{"rendered":"LASTE ELEKTRILINE KROSSIKAS TORROT TRIAL ONE TR2"},"content":{"rendered":"<p><strong>LASTE ELEKTRILINE KROSSIKAS TORROT TRIAL ONE TR2<\/strong><\/p>\n<div class=\"product__destacados-item\">\n<div class=\"product__destacados-item--text s-14\">Sobib vanusele\u00a0<b><b>6-11. <\/b><\/b>T\u00d5HUS <strong>e<\/strong><b><b>nergiat taastav s\u00fcsteem. H\u00fcdrauliline piduris\u00fcsteem 160 mm ketastega. <\/b><\/b>Juhtmeta juhtimine meie\u00a0<b>rakendusest<\/b>\u00a0Androidi\u00a0<b>ja iOS-i<\/b> seadmetele.<\/div>\n<div class=\"product__destacados-item--text s-14\">\n<div><\/div>\n<div class=\"product__destacados-item\">\n<section id=\"highlight\" class=\"product__section\">\n<h3 class=\"product__section-title\">Funktsioonid<\/h3>\n<div class=\"container centered container--padded\">\n<div class=\"product__hightlights\">\n<section class=\"m-b--25\">\n<div class=\"row row-xs--middle row-xs--start row-md--start \">\n<div class=\"col-xs-12 col-md full-section-image-normal\"><img decoding=\"async\" class=\"img-block img-center loaded\" src=\"https:\/\/torrot.com\/uploads\/_CGSmartImage\/img-fa2a3b98aebd4e5e99b8e904f9e2b740-Torrot-Fabrica-210421-30.jpg\" alt=\"MOOTOR. Elektriline s\u00fcda\" data-src=\"https:\/\/torrot.com\/uploads\/_CGSmartImage\/img-fa2a3b98aebd4e5e99b8e904f9e2b740-Torrot-Fabrica-210421-30.jpg\" data-was-processed=\"true\" \/><\/div>\n<div class=\"col-xs-12 col-md-6 col-xl-8\">\n<div class=\"hightlight__content\">\n<h3 class=\"hightlight__title\">MOOTOR.<\/h3>\n<h3 class=\"hightlight__title\">Elektriline s\u00fcda<\/h3>\n<div class=\"hightlight__text\">\n<p>V\u00e4ike jalgratas, SUUR v\u00f5imsus.\u00a0Programmeeritav v\u00f5imsus kuni 840W TR1-s ja\u00a0<strong>kuni 1500W<\/strong> TR2-s.<\/p>\n<\/div>\n<\/div>\n<\/div>\n<\/div>\n<\/section>\n<section class=\"m-b--25\">\n<div class=\"row row-xs--middle row-xs--start row-md--start row--reverse\">\n<div class=\"col-xs-12 col-md-6 col-xl-8\">\n<div class=\"hightlight__content\">\n<h3 class=\"hightlight__title\">AKU<\/h3>\n<div class=\"hightlight__text\">\n<p>Kergesti eemaldatav ja taaslaetav.\u00a0Toodetud liitiumist, mis t\u00e4hendab v\u00e4iksemat kaalu ning suuremat v\u00f5imsust ja ulatust.<\/p>\n<p>Kahtlemata parim m\u00e4nguv\u00e4ljaku kaaslane tulevastele t\u0161empionidele.\u00a0T\u00e4nu programmeeritavale v\u00f5imsusele on see\u00a0<strong>ideaalne valem prooviversiooni p\u00e4\u00e4semiseks<\/strong>\u00a0.<\/p>\n<\/div>\n<\/div>\n<\/div>\n<\/div>\n<\/section>\n<section class=\"m-b--25\">\n<div class=\"row row-xs--middle row-xs--start row-md--start \">\n<div class=\"col-xs-12 col-md full-section-image-normal\"><img decoding=\"async\" class=\"img-block img-center loaded\" src=\"https:\/\/torrot.com\/uploads\/_CGSmartImage\/img-71c49596cc15ad0930a798a5c155a2aa-Dise%C3%B1o-sin-t%C3%ADtulo2.jpg\" alt=\"SUSPENSION\" data-src=\"https:\/\/torrot.com\/uploads\/_CGSmartImage\/img-71c49596cc15ad0930a798a5c155a2aa-Dise\u00f1o-sin-t\u00edtulo2.jpg\" data-was-processed=\"true\" \/><\/div>\n<div class=\"col-xs-12 col-md-6 col-xl-8\">\n<div class=\"hightlight__content\">\n<h3 class=\"hightlight__title\">VEDRUSTUS<\/h3>\n<div class=\"hightlight__text\">\n<p><strong>Trotsige raskusj\u00f5udu<\/strong>\u00a0esivedrustuse\u00a0<strong>95 mm<\/strong>\u00a0k\u00e4iguga ja tagumise \u00f5liamortisaatoriga, eelkoormuse reguleerimisega\u00a0<strong>125 mm<\/strong> k\u00e4igupikkus.<\/p>\n<\/div>\n<\/div>\n<\/div>\n<\/div>\n<\/section>\n<section class=\"m-b--25\">\n<div class=\"row row-xs--middle row-xs--start row-md--start row--reverse\">\n<div class=\"col-xs-12 col-md full-section-image-reverse\"><img decoding=\"async\" class=\"img-block img-center loaded\" src=\"https:\/\/torrot.com\/uploads\/_CGSmartImage\/img-190ad48f64653730d6b5129506ec23a7-Motocross-Detalle-Frenos.jpg\" alt=\"PIDURID\" data-src=\"https:\/\/torrot.com\/uploads\/_CGSmartImage\/img-190ad48f64653730d6b5129506ec23a7-Motocross-Detalle-Frenos.jpg\" data-was-processed=\"true\" \/><\/div>\n<div class=\"col-xs-12 col-md-6 col-xl-8\">\n<div class=\"hightlight__content\">\n<h3 class=\"hightlight__title\">PIDURID<\/h3>\n<div class=\"hightlight__text\">\n<p><strong>H\u00fcdrauliline eesmine ja tagumine piduris\u00fcsteem<\/strong> (160 mm) on ideaalne positsiooni hoidmiseks k\u00f5ige otsustavamatel hetkedel.<\/p>\n<\/div>\n<\/div>\n<\/div>\n<\/div>\n<\/section>\n<section class=\"m-b--25\">\n<div class=\"row row-xs--middle row-xs--start row-md--start \">\n<div class=\"col-xs-12 col-md-6 col-xl-8\">\n<div class=\"hightlight__content\">\n<h3 id=\"highlight_app\" class=\"s-26 txt-upper\">RAKENDUSE KOGEMUS<\/h3>\n<h3 class=\"hightlight__title\">Jalgratta t\u00e4ielik juhtimine teie k\u00e4es<\/h3>\n<div class=\"hightlight__text\">\n<p><strong>Rakenduse KIDS<\/strong>\u00a0abil\u00a0saate kohandada jalgratta erinevaid parameetreid, nagu\u00a0<strong>kiirus<\/strong>,\u00a0<strong>v\u00f5imsus<\/strong>\u00a0,\u00a0<strong>gaasipedaali\u00a0<\/strong><strong>reaktsioon<\/strong>\u00a0ja\u00a0<strong>regenereerimine<\/strong>\u00a0, et kohandada ratta k\u00e4itumist s\u00f5itja oskustega ja vanemate jaoks k\u00f5ige huvitavama asjaga: vanemliku\u00a0<strong>kontrolliga<\/strong>\u00a0.\u00a0Juhtmeta juhtseade, mis v\u00f5imaldab vanematel mootorratast nutitelefonist eemalt piirata, konfigureerida ja isegi ohutult lahti \u00fchendada. Rakendus, mille oleme v\u00e4lja t\u00f6\u00f6tanud oma elektriliste KIDS-rataste jaoks, on saadaval\u00a0<strong>Androidi<\/strong>\u00a0ja\u00a0<strong>iOS-i<\/strong>\u00a0seadmetele.<\/p>\n<\/div>\n<\/div>\n<\/div>\n<\/div>\n<\/section>\n<\/div>\n<\/div>\n<\/section>\n<section id=\"speci\" class=\"product__section product__section--especificaciones\">\n<div class=\" container centered container--padded\"><\/div>\n<\/section>\n<\/div>\n<\/div>\n<\/div>\n<div class=\"product__destacados-item\"><\/div>\n","protected":false},"excerpt":{"rendered":"<p><strong>LASTE ELEKTRILINE KROSSIKAS TORROT TRIAL ONE TR2<\/strong><\/p>\n<ul>\n<li><strong>Sobib vanusele\u00a06-11.<\/strong><\/li>\n<li><strong>T\u00d5HUS energiat taastav s\u00fcsteem. <\/strong><\/li>\n<li><strong>H\u00fcdrauliline piduris\u00fcsteem 160 mm ketastega. <\/strong><\/li>\n<li><strong>Juhtmeta juhtimine meie\u00a0rakendusest\u00a0Androidi\u00a0ja iOS-i seadmetele.<\/strong><\/li>\n<li><strong><strong>AKU: vahetatav 46,8V \/ 6,6Ah \/ 309Wh \/ 13S 3P.<\/strong><\/strong><\/li>\n<li class=\"spec-spec\"><strong>KAAL30 kg (66 LBS) (koos akuga).<\/strong><\/li>\n<li class=\"spec-spec\"><strong>MAX\u00a0RATTURI KAAL30 kg (66 LBS).<\/strong><\/li>\n<\/ul>\n<p>&nbsp;<\/p>\n<ul>\n<li><strong>Tarneaeg 2-7 p\u00e4eva<\/strong><\/li>\n<li><strong>laos<\/strong><\/li>\n<\/ul>\n","protected":false},"featured_media":10260,"template":"","meta":[],"product_cat":[1723],"product_tag":[],"class_list":{"0":"post-10259","1":"product","2":"type-product","3":"status-publish","4":"has-post-thumbnail","6":"product_cat-laste-krossikad","7":"product_shipping_class-suured-pakid","9":"first","10":"instock","11":"taxable","12":"shipping-taxable","13":"purchasable","14":"product-type-simple"},"yoast_head":"<!-- This site is optimized with the Yoast SEO plugin v23.8 - https:\/\/yoast.com\/wordpress\/plugins\/seo\/ -->\n<title>LASTE ELEKTRILINE KROSSIKAS TORROT TRIAL ONE TR2 - Ecocruiser<\/title>\n<meta name=\"description\" content=\"Sobib vanusele\u00a06-11. T\u00d5HUS energiat taastav s\u00fcsteem. H\u00fcdrauliline piduris\u00fcsteem 160 mm ketastega. Juhtmeta juhtimine meie\u00a0rakendusest\u00a0Androidi\u00a0ja iOS-i seadmetele.\" \/>\n<meta name=\"robots\" content=\"noindex, follow, max-snippet:-1, max-image-preview:large, max-video-preview:-1\" \/>\n<meta property=\"og:locale\" content=\"en_GB\" \/>\n<meta property=\"og:type\" content=\"article\" \/>\n<meta property=\"og:title\" content=\"LASTE ELEKTRILINE KROSSIKAS TORROT TRIAL ONE TR2 - Ecocruiser\" \/>\n<meta property=\"og:description\" content=\"Sobib vanusele\u00a06-11. T\u00d5HUS energiat taastav s\u00fcsteem. H\u00fcdrauliline piduris\u00fcsteem 160 mm ketastega. Juhtmeta juhtimine meie\u00a0rakendusest\u00a0Androidi\u00a0ja iOS-i seadmetele.\" \/>\n<meta property=\"og:url\" content=\"https:\/\/projekt.vombat.ee\/eco\/pood\/laste-krossikad\/laste-elektriline-krossikas-torrot-trial-one-tr2\/\" \/>\n<meta property=\"og:site_name\" content=\"Ecocruiser\" \/>\n<meta property=\"article:modified_time\" content=\"2023-06-27T16:42:29+00:00\" \/>\n<meta property=\"og:image\" content=\"https:\/\/projekt.vombat.ee\/eco\/wp-content\/uploads\/2023\/06\/TR2-Laste-Motokross.jpeg\" \/>\n\t<meta property=\"og:image:width\" content=\"1024\" \/>\n\t<meta property=\"og:image:height\" content=\"736\" \/>\n\t<meta property=\"og:image:type\" content=\"image\/jpeg\" \/>\n<meta name=\"twitter:card\" content=\"summary_large_image\" \/>\n<meta name=\"twitter:label1\" content=\"Estimated reading time\" \/>\n\t<meta name=\"twitter:data1\" content=\"2 minutes\" \/>\n<script type=\"application\/ld+json\" class=\"yoast-schema-graph\">{\"@context\":\"https:\/\/schema.org\",\"@graph\":[{\"@type\":\"WebPage\",\"@id\":\"https:\/\/projekt.vombat.ee\/eco\/pood\/laste-krossikad\/laste-elektriline-krossikas-torrot-trial-one-tr2\/\",\"url\":\"https:\/\/projekt.vombat.ee\/eco\/pood\/laste-krossikad\/laste-elektriline-krossikas-torrot-trial-one-tr2\/\",\"name\":\"LASTE ELEKTRILINE KROSSIKAS TORROT TRIAL ONE TR2 - Ecocruiser\",\"isPartOf\":{\"@id\":\"https:\/\/projekt.vombat.ee\/eco\/#website\"},\"primaryImageOfPage\":{\"@id\":\"https:\/\/projekt.vombat.ee\/eco\/pood\/laste-krossikad\/laste-elektriline-krossikas-torrot-trial-one-tr2\/#primaryimage\"},\"image\":{\"@id\":\"https:\/\/projekt.vombat.ee\/eco\/pood\/laste-krossikad\/laste-elektriline-krossikas-torrot-trial-one-tr2\/#primaryimage\"},\"thumbnailUrl\":\"https:\/\/projekt.vombat.ee\/eco\/wp-content\/uploads\/2023\/06\/TR2-Laste-Motokross.jpeg\",\"datePublished\":\"2023-06-27T16:42:28+00:00\",\"dateModified\":\"2023-06-27T16:42:29+00:00\",\"description\":\"Sobib vanusele\u00a06-11. T\u00d5HUS energiat taastav s\u00fcsteem. H\u00fcdrauliline piduris\u00fcsteem 160 mm ketastega. Juhtmeta juhtimine meie\u00a0rakendusest\u00a0Androidi\u00a0ja iOS-i seadmetele.\",\"breadcrumb\":{\"@id\":\"https:\/\/projekt.vombat.ee\/eco\/pood\/laste-krossikad\/laste-elektriline-krossikas-torrot-trial-one-tr2\/#breadcrumb\"},\"inLanguage\":\"en-GB\",\"potentialAction\":[{\"@type\":\"ReadAction\",\"target\":[\"https:\/\/projekt.vombat.ee\/eco\/pood\/laste-krossikad\/laste-elektriline-krossikas-torrot-trial-one-tr2\/\"]}]},{\"@type\":\"ImageObject\",\"inLanguage\":\"en-GB\",\"@id\":\"https:\/\/projekt.vombat.ee\/eco\/pood\/laste-krossikad\/laste-elektriline-krossikas-torrot-trial-one-tr2\/#primaryimage\",\"url\":\"https:\/\/projekt.vombat.ee\/eco\/wp-content\/uploads\/2023\/06\/TR2-Laste-Motokross.jpeg\",\"contentUrl\":\"https:\/\/projekt.vombat.ee\/eco\/wp-content\/uploads\/2023\/06\/TR2-Laste-Motokross.jpeg\",\"width\":1024,\"height\":736},{\"@type\":\"BreadcrumbList\",\"@id\":\"https:\/\/projekt.vombat.ee\/eco\/pood\/laste-krossikad\/laste-elektriline-krossikas-torrot-trial-one-tr2\/#breadcrumb\",\"itemListElement\":[{\"@type\":\"ListItem\",\"position\":1,\"name\":\"Home\",\"item\":\"https:\/\/projekt.vombat.ee\/eco\/\"},{\"@type\":\"ListItem\",\"position\":2,\"name\":\"Pood\",\"item\":\"https:\/\/projekt.vombat.ee\/eco\/pood\/\"},{\"@type\":\"ListItem\",\"position\":3,\"name\":\"LASTE ELEKTRILINE KROSSIKAS TORROT TRIAL ONE TR2\"}]},{\"@type\":\"WebSite\",\"@id\":\"https:\/\/projekt.vombat.ee\/eco\/#website\",\"url\":\"https:\/\/projekt.vombat.ee\/eco\/\",\"name\":\"Ecocruiser\",\"description\":\"\",\"publisher\":{\"@id\":\"https:\/\/projekt.vombat.ee\/eco\/#organization\"},\"potentialAction\":[{\"@type\":\"SearchAction\",\"target\":{\"@type\":\"EntryPoint\",\"urlTemplate\":\"https:\/\/projekt.vombat.ee\/eco\/?s={search_term_string}\"},\"query-input\":{\"@type\":\"PropertyValueSpecification\",\"valueRequired\":true,\"valueName\":\"search_term_string\"}}],\"inLanguage\":\"en-GB\"},{\"@type\":\"Organization\",\"@id\":\"https:\/\/projekt.vombat.ee\/eco\/#organization\",\"name\":\"Ecocruiser\",\"url\":\"https:\/\/projekt.vombat.ee\/eco\/\",\"logo\":{\"@type\":\"ImageObject\",\"inLanguage\":\"en-GB\",\"@id\":\"https:\/\/projekt.vombat.ee\/eco\/#\/schema\/logo\/image\/\",\"url\":\"https:\/\/projekt.vombat.ee\/eco\/wp-content\/uploads\/2023\/03\/ECOCRUISER_5.png\",\"contentUrl\":\"https:\/\/projekt.vombat.ee\/eco\/wp-content\/uploads\/2023\/03\/ECOCRUISER_5.png\",\"width\":234,\"height\":91,\"caption\":\"Ecocruiser\"},\"image\":{\"@id\":\"https:\/\/projekt.vombat.ee\/eco\/#\/schema\/logo\/image\/\"}}]}<\/script>\n<!-- \/ Yoast SEO plugin. -->","yoast_head_json":{"title":"LASTE ELEKTRILINE KROSSIKAS TORROT TRIAL ONE TR2 - Ecocruiser","description":"Sobib vanusele\u00a06-11. T\u00d5HUS energiat taastav s\u00fcsteem. H\u00fcdrauliline piduris\u00fcsteem 160 mm ketastega. Juhtmeta juhtimine meie\u00a0rakendusest\u00a0Androidi\u00a0ja iOS-i seadmetele.","robots":{"index":"noindex","follow":"follow","max-snippet":"max-snippet:-1","max-image-preview":"max-image-preview:large","max-video-preview":"max-video-preview:-1"},"og_locale":"en_GB","og_type":"article","og_title":"LASTE ELEKTRILINE KROSSIKAS TORROT TRIAL ONE TR2 - Ecocruiser","og_description":"Sobib vanusele\u00a06-11. T\u00d5HUS energiat taastav s\u00fcsteem. H\u00fcdrauliline piduris\u00fcsteem 160 mm ketastega. Juhtmeta juhtimine meie\u00a0rakendusest\u00a0Androidi\u00a0ja iOS-i seadmetele.","og_url":"https:\/\/projekt.vombat.ee\/eco\/pood\/laste-krossikad\/laste-elektriline-krossikas-torrot-trial-one-tr2\/","og_site_name":"Ecocruiser","article_modified_time":"2023-06-27T16:42:29+00:00","og_image":[{"width":1024,"height":736,"url":"https:\/\/projekt.vombat.ee\/eco\/wp-content\/uploads\/2023\/06\/TR2-Laste-Motokross.jpeg","type":"image\/jpeg"}],"twitter_card":"summary_large_image","twitter_misc":{"Estimated reading time":"2 minutes"},"schema":{"@context":"https:\/\/schema.org","@graph":[{"@type":"WebPage","@id":"https:\/\/projekt.vombat.ee\/eco\/pood\/laste-krossikad\/laste-elektriline-krossikas-torrot-trial-one-tr2\/","url":"https:\/\/projekt.vombat.ee\/eco\/pood\/laste-krossikad\/laste-elektriline-krossikas-torrot-trial-one-tr2\/","name":"LASTE ELEKTRILINE KROSSIKAS TORROT TRIAL ONE TR2 - Ecocruiser","isPartOf":{"@id":"https:\/\/projekt.vombat.ee\/eco\/#website"},"primaryImageOfPage":{"@id":"https:\/\/projekt.vombat.ee\/eco\/pood\/laste-krossikad\/laste-elektriline-krossikas-torrot-trial-one-tr2\/#primaryimage"},"image":{"@id":"https:\/\/projekt.vombat.ee\/eco\/pood\/laste-krossikad\/laste-elektriline-krossikas-torrot-trial-one-tr2\/#primaryimage"},"thumbnailUrl":"https:\/\/projekt.vombat.ee\/eco\/wp-content\/uploads\/2023\/06\/TR2-Laste-Motokross.jpeg","datePublished":"2023-06-27T16:42:28+00:00","dateModified":"2023-06-27T16:42:29+00:00","description":"Sobib vanusele\u00a06-11. T\u00d5HUS energiat taastav s\u00fcsteem. H\u00fcdrauliline piduris\u00fcsteem 160 mm ketastega. Juhtmeta juhtimine meie\u00a0rakendusest\u00a0Androidi\u00a0ja iOS-i seadmetele.","breadcrumb":{"@id":"https:\/\/projekt.vombat.ee\/eco\/pood\/laste-krossikad\/laste-elektriline-krossikas-torrot-trial-one-tr2\/#breadcrumb"},"inLanguage":"en-GB","potentialAction":[{"@type":"ReadAction","target":["https:\/\/projekt.vombat.ee\/eco\/pood\/laste-krossikad\/laste-elektriline-krossikas-torrot-trial-one-tr2\/"]}]},{"@type":"ImageObject","inLanguage":"en-GB","@id":"https:\/\/projekt.vombat.ee\/eco\/pood\/laste-krossikad\/laste-elektriline-krossikas-torrot-trial-one-tr2\/#primaryimage","url":"https:\/\/projekt.vombat.ee\/eco\/wp-content\/uploads\/2023\/06\/TR2-Laste-Motokross.jpeg","contentUrl":"https:\/\/projekt.vombat.ee\/eco\/wp-content\/uploads\/2023\/06\/TR2-Laste-Motokross.jpeg","width":1024,"height":736},{"@type":"BreadcrumbList","@id":"https:\/\/projekt.vombat.ee\/eco\/pood\/laste-krossikad\/laste-elektriline-krossikas-torrot-trial-one-tr2\/#breadcrumb","itemListElement":[{"@type":"ListItem","position":1,"name":"Home","item":"https:\/\/projekt.vombat.ee\/eco\/"},{"@type":"ListItem","position":2,"name":"Pood","item":"https:\/\/projekt.vombat.ee\/eco\/pood\/"},{"@type":"ListItem","position":3,"name":"LASTE ELEKTRILINE KROSSIKAS TORROT TRIAL ONE TR2"}]},{"@type":"WebSite","@id":"https:\/\/projekt.vombat.ee\/eco\/#website","url":"https:\/\/projekt.vombat.ee\/eco\/","name":"Ecocruiser","description":"","publisher":{"@id":"https:\/\/projekt.vombat.ee\/eco\/#organization"},"potentialAction":[{"@type":"SearchAction","target":{"@type":"EntryPoint","urlTemplate":"https:\/\/projekt.vombat.ee\/eco\/?s={search_term_string}"},"query-input":{"@type":"PropertyValueSpecification","valueRequired":true,"valueName":"search_term_string"}}],"inLanguage":"en-GB"},{"@type":"Organization","@id":"https:\/\/projekt.vombat.ee\/eco\/#organization","name":"Ecocruiser","url":"https:\/\/projekt.vombat.ee\/eco\/","logo":{"@type":"ImageObject","inLanguage":"en-GB","@id":"https:\/\/projekt.vombat.ee\/eco\/#\/schema\/logo\/image\/","url":"https:\/\/projekt.vombat.ee\/eco\/wp-content\/uploads\/2023\/03\/ECOCRUISER_5.png","contentUrl":"https:\/\/projekt.vombat.ee\/eco\/wp-content\/uploads\/2023\/03\/ECOCRUISER_5.png","width":234,"height":91,"caption":"Ecocruiser"},"image":{"@id":"https:\/\/projekt.vombat.ee\/eco\/#\/schema\/logo\/image\/"}}]}},"lang":"et","translations":{"et":10259},"pll_sync_post":[],"_links":{"self":[{"href":"https:\/\/projekt.vombat.ee\/eco\/wp-json\/wp\/v2\/product\/10259"}],"collection":[{"href":"https:\/\/projekt.vombat.ee\/eco\/wp-json\/wp\/v2\/product"}],"about":[{"href":"https:\/\/projekt.vombat.ee\/eco\/wp-json\/wp\/v2\/types\/product"}],"version-history":[{"count":3,"href":"https:\/\/projekt.vombat.ee\/eco\/wp-json\/wp\/v2\/product\/10259\/revisions"}],"predecessor-version":[{"id":10522,"href":"https:\/\/projekt.vombat.ee\/eco\/wp-json\/wp\/v2\/product\/10259\/revisions\/10522"}],"wp:featuredmedia":[{"embeddable":true,"href":"https:\/\/projekt.vombat.ee\/eco\/wp-json\/wp\/v2\/media\/10260"}],"wp:attachment":[{"href":"https:\/\/projekt.vombat.ee\/eco\/wp-json\/wp\/v2\/media?parent=10259"}],"wp:term":[{"taxonomy":"product_cat","embeddable":true,"href":"https:\/\/projekt.vombat.ee\/eco\/wp-json\/wp\/v2\/product_cat?post=10259"},{"taxonomy":"product_tag","embeddable":true,"href":"https:\/\/projekt.vombat.ee\/eco\/wp-json\/wp\/v2\/product_tag?post=10259"}],"curies":[{"name":"wp","href":"https:\/\/api.w.org\/{rel}","templated":true}]}}