{"id":10251,"date":"2023-06-27T16:41:16","date_gmt":"2023-06-27T16:41:16","guid":{"rendered":"https:\/\/projekt.vombat.ee\/eco\/?post_type=product&#038;p=10251"},"modified":"2023-06-27T16:42:49","modified_gmt":"2023-06-27T16:42:49","slug":"laste-elektriline-krossikas-torrot-motocross-two-mx2","status":"publish","type":"product","link":"https:\/\/projekt.vombat.ee\/eco\/pood\/uued-tooted\/laste-elektriline-krossikas-torrot-motocross-two-mx2\/","title":{"rendered":"LASTE ELEKTRILINE KROSSIKAS TORROT MOTOCROSS TWO MX2"},"content":{"rendered":"<p><strong>LASTE ELEKTRILINE KROSSIKAS TORROT MOTOCROSS TWO, (MX2)<\/strong><\/p>\n<p>Sobib vanusele\u00a0<b>6-11. <\/b>MAKSIMUM KIIRUS: <b>44 km\/h (27 mph). <\/b>Kiirusepiiraja on kaasas. <b>Energiat taastav s\u00fcsteem. H\u00fcdrauliline piduris\u00fcsteem\u00a0160 mm ketastega. Juhtmeta juhtimine meie\u00a0rakendusest\u00a0Androidi\u00a0ja iOS-i seadmetele.<\/b><\/p>\n<p>&nbsp;<\/p>\n<section id=\"highlight\" class=\"product__section\">\n<h3 class=\"product__section-title\">Funktsioonid<\/h3>\n<div class=\"container centered container--padded\">\n<div class=\"product__hightlights\">\n<section class=\"m-b--25\">\n<div class=\"row row-xs--middle row-xs--start row-md--start \">\n<div class=\"col-xs-12 col-md full-section-image-normal\"><img decoding=\"async\" class=\"img-block img-center loaded\" src=\"https:\/\/torrot.com\/uploads\/_CGSmartImage\/img-c8bdf868c6573e85dc493bdb060b49d3-Torrot-Fabrica-210421-30.jpg\" alt=\"MOOTOR. Elektriline s\u00fcda\" data-src=\"https:\/\/torrot.com\/uploads\/_CGSmartImage\/img-c8bdf868c6573e85dc493bdb060b49d3-Torrot-Fabrica-210421-30.jpg\" data-was-processed=\"true\" \/><\/div>\n<div class=\"col-xs-12 col-md-6 col-xl-8\">\n<div class=\"hightlight__content\">\n<h3 class=\"hightlight__title\">MOOTOR.\u00a0Elektriline s\u00fcda<\/h3>\n<div class=\"hightlight__text\">\n<p>V\u00e4ike jalgratas, SUUR v\u00f5imsus.\u00a0Programmeeritav v\u00f5imsus kuni 840W MX1-s ja\u00a0<strong>kuni 1500W<\/strong> MX2-s.<\/p>\n<\/div>\n<\/div>\n<\/div>\n<\/div>\n<\/section>\n<section class=\"m-b--25\">\n<div class=\"row row-xs--middle row-xs--start row-md--start row--reverse\">\n<div class=\"col-xs-12 col-md-6 col-xl-8\">\n<div class=\"hightlight__content\">\n<h3 class=\"hightlight__title\">AKU<\/h3>\n<div class=\"hightlight__text\">\n<p>Kergesti eemaldatav ja taaslaetav.\u00a0Toodetud liitiumist, mis t\u00e4hendab v\u00e4iksemat kaalu ning suuremat v\u00f5imsust ja ulatust.<\/p>\n<p>Kahtlemata parim m\u00e4nguv\u00e4ljaku kaaslane tulevastele t\u0161empionidele.\u00a0Programmeeritava v\u00f5imsusega muudab see\u00a0<strong>ideaalseks valemiks maastikus\u00f5iduks<\/strong>\u00a0.<\/p>\n<\/div>\n<\/div>\n<\/div>\n<\/div>\n<\/section>\n<section class=\"m-b--25\">\n<div class=\"row row-xs--middle row-xs--start row-md--start \">\n<div class=\"col-xs-12 col-md full-section-image-normal\"><img decoding=\"async\" class=\"img-block img-center loaded\" src=\"https:\/\/torrot.com\/uploads\/_CGSmartImage\/img-d652b94c0ad6bd826388725a99947ff8-Dise%C3%B1o-sin-t%C3%ADtulo1.jpg\" alt=\"SUSPENSION\" data-src=\"https:\/\/torrot.com\/uploads\/_CGSmartImage\/img-d652b94c0ad6bd826388725a99947ff8-Dise\u00f1o-sin-t\u00edtulo1.jpg\" data-was-processed=\"true\" \/><\/div>\n<div class=\"col-xs-12 col-md-6 col-xl-8\">\n<div class=\"hightlight__content\">\n<h3 class=\"hightlight__title\">VEDRUSTUS<\/h3>\n<div class=\"hightlight__text\">\n<p>Esivedrustuse\u00a0<strong>95 mm<\/strong>\u00a0k\u00e4iguga ja tagumise \u00f5liamortisaatoriga eelkoormuse reguleerimisega\u00a0<strong>125 mm<\/strong>\u00a0k\u00e4iguga*\u00a0<strong>saate trotsida ja \u00fcletada mistahes maastikul .\u00a0<\/strong><em>*MX2<\/em><\/p>\n<\/div>\n<\/div>\n<\/div>\n<\/div>\n<\/section>\n<section class=\"m-b--25\">\n<div class=\"row row-xs--middle row-xs--start row-md--start row--reverse\">\n<div class=\"col-xs-12 col-md full-section-image-reverse\"><img decoding=\"async\" class=\"img-block img-center loaded\" src=\"https:\/\/torrot.com\/uploads\/_CGSmartImage\/img-499f1c27b420caa3c5108016c8e76480-Motocross-Detalle-Frenos.jpg\" alt=\"PIDURID\" data-src=\"https:\/\/torrot.com\/uploads\/_CGSmartImage\/img-499f1c27b420caa3c5108016c8e76480-Motocross-Detalle-Frenos.jpg\" data-was-processed=\"true\" \/><\/div>\n<div class=\"col-xs-12 col-md-6 col-xl-8\">\n<div class=\"hightlight__content\">\n<h3 class=\"hightlight__title\">PIDURID<\/h3>\n<div class=\"hightlight__text\">\n<p>Loodud metsikult maastikul liikumiseks.\u00a0<strong>H\u00fcdrauliline esi- ja tagapiduris\u00fcsteem<\/strong> (160 mm), mis t\u00f6\u00f6tab suurep\u00e4raselt ka mudas.<\/p>\n<\/div>\n<\/div>\n<\/div>\n<\/div>\n<\/section>\n<section class=\"m-b--25\">\n<div class=\"row row-xs--middle row-xs--start row-md--start \">\n<div class=\"col-xs-12 col-md-6 col-xl-8\">\n<div class=\"hightlight__content\">\n<h3 id=\"highlight_app\" class=\"s-26 txt-upper\">RAKENDUSE KOGEMUS<\/h3>\n<h3 class=\"hightlight__title\">Jalgratta t\u00e4ielik juhtimine teie k\u00e4es<\/h3>\n<div class=\"hightlight__text\">\n<p><strong>Rakenduse KIDS<\/strong>\u00a0abil\u00a0saate kohandada jalgratta erinevaid parameetreid, nagu\u00a0<strong>kiirus<\/strong>\u00a0,\u00a0<strong>v\u00f5imsus<\/strong>\u00a0,\u00a0<strong>gaasipedaali reaktsioon<\/strong>\u00a0ja\u00a0<strong>regenereerimine<\/strong>\u00a0, et kohandada ratta k\u00e4itumist s\u00f5itja oskustega ja vanemate jaoks k\u00f5ige huvitavama asjaga: vanemliku\u00a0<strong>kontrolliga<\/strong>.\u00a0Juhtmeta juhtseade, mis v\u00f5imaldab vanematel mootorratast nutitelefonist eemalt piirata, konfigureerida ja isegi ohutult lahti \u00fchendada. Rakendus, mille oleme v\u00e4lja t\u00f6\u00f6tanud oma elektriliste KIDS-rataste jaoks, on saadaval\u00a0<strong>Androidi<\/strong>\u00a0ja\u00a0<strong>iOS-i<\/strong> seadmetele.<\/p>\n<\/div>\n<\/div>\n<\/div>\n<\/div>\n<\/section>\n<\/div>\n<\/div>\n<\/section>\n","protected":false},"excerpt":{"rendered":"<p><strong>LASTE ELEKTRILINE KROSSIKAS TORROT MOTOCROSS TWO, (MX2)<\/strong><\/p>\n<ul>\n<li><strong>Sobib vanusele\u00a06-11. <\/strong><\/li>\n<li><strong>MAKSIMUM KIIRUS: 44 km\/h (27 mph). <\/strong><\/li>\n<li><strong>Kiirusepiiraja on kaasas.<\/strong><\/li>\n<li><strong>Energiat taastav s\u00fcsteem. <\/strong><\/li>\n<li><strong>PIDURID: H\u00fcdrauliline piduris\u00fcsteem 160 mm ketastega. <\/strong><\/li>\n<li><strong>Juhtmeta juhtimine meie rakendusest Androidi ja iOS-i seadmetele.<\/strong><\/li>\n<li class=\"spec-spec\"><strong>KAAL: 31,5 kg (69 LBS) (koos akuga).<\/strong><\/li>\n<li class=\"spec-spec\"><strong>MAX RATTURI KAAL: 30 kg (66 LBS).<\/strong><\/li>\n<li class=\"spec-spec\"><strong>LAADIJA54,6 V \/ 2A (\u22484 tundi kuni t\u00e4ieliku laadimiseni).<\/strong><\/li>\n<\/ul>\n<p>&nbsp;<\/p>\n<ul>\n<li><strong>Tarneaeg 2-6 p\u00e4eva<\/strong><\/li>\n<li><strong>Laos<\/strong><\/li>\n<\/ul>\n","protected":false},"featured_media":10252,"template":"","meta":[],"product_cat":[1723,15],"product_tag":[],"class_list":{"0":"post-10251","1":"product","2":"type-product","3":"status-publish","4":"has-post-thumbnail","6":"product_cat-laste-krossikad","7":"product_cat-uued-tooted","8":"product_shipping_class-suured-pakid","10":"first","11":"instock","12":"taxable","13":"shipping-taxable","14":"purchasable","15":"product-type-simple"},"yoast_head":"<!-- This site is optimized with the Yoast SEO plugin v23.8 - https:\/\/yoast.com\/wordpress\/plugins\/seo\/ -->\n<title>LASTE ELEKTRILINE KROSSIKAS TORROT MOTOCROSS TWO MX2 - Ecocruiser<\/title>\n<meta name=\"description\" content=\"Sobib vanusele\u00a06-11. MAKSIMUM KIIRUS: 44 km\/h (27 mph). Kiirusepiiraja on kaasas. Energiat taastav s\u00fcsteem. H\u00fcdrauliline piduris\u00fcsteem\u00a0160 mm ketastega.\" \/>\n<meta name=\"robots\" content=\"noindex, follow, max-snippet:-1, max-image-preview:large, max-video-preview:-1\" \/>\n<meta property=\"og:locale\" content=\"en_GB\" \/>\n<meta property=\"og:type\" content=\"article\" \/>\n<meta property=\"og:title\" content=\"LASTE ELEKTRILINE KROSSIKAS TORROT MOTOCROSS TWO MX2 - Ecocruiser\" \/>\n<meta property=\"og:description\" content=\"Sobib vanusele\u00a06-11. MAKSIMUM KIIRUS: 44 km\/h (27 mph). Kiirusepiiraja on kaasas. Energiat taastav s\u00fcsteem. H\u00fcdrauliline piduris\u00fcsteem\u00a0160 mm ketastega.\" \/>\n<meta property=\"og:url\" content=\"https:\/\/projekt.vombat.ee\/eco\/pood\/uued-tooted\/laste-elektriline-krossikas-torrot-motocross-two-mx2\/\" \/>\n<meta property=\"og:site_name\" content=\"Ecocruiser\" \/>\n<meta property=\"article:modified_time\" content=\"2023-06-27T16:42:49+00:00\" \/>\n<meta property=\"og:image\" content=\"https:\/\/projekt.vombat.ee\/eco\/wp-content\/uploads\/2023\/06\/Laste-MX2-krossikas.jpeg\" \/>\n\t<meta property=\"og:image:width\" content=\"1024\" \/>\n\t<meta property=\"og:image:height\" content=\"736\" \/>\n\t<meta property=\"og:image:type\" content=\"image\/jpeg\" \/>\n<meta name=\"twitter:card\" content=\"summary_large_image\" \/>\n<meta name=\"twitter:label1\" content=\"Estimated reading time\" \/>\n\t<meta name=\"twitter:data1\" content=\"2 minutes\" \/>\n<script type=\"application\/ld+json\" class=\"yoast-schema-graph\">{\"@context\":\"https:\/\/schema.org\",\"@graph\":[{\"@type\":\"WebPage\",\"@id\":\"https:\/\/projekt.vombat.ee\/eco\/pood\/uued-tooted\/laste-elektriline-krossikas-torrot-motocross-two-mx2\/\",\"url\":\"https:\/\/projekt.vombat.ee\/eco\/pood\/uued-tooted\/laste-elektriline-krossikas-torrot-motocross-two-mx2\/\",\"name\":\"LASTE ELEKTRILINE KROSSIKAS TORROT MOTOCROSS TWO MX2 - Ecocruiser\",\"isPartOf\":{\"@id\":\"https:\/\/projekt.vombat.ee\/eco\/#website\"},\"primaryImageOfPage\":{\"@id\":\"https:\/\/projekt.vombat.ee\/eco\/pood\/uued-tooted\/laste-elektriline-krossikas-torrot-motocross-two-mx2\/#primaryimage\"},\"image\":{\"@id\":\"https:\/\/projekt.vombat.ee\/eco\/pood\/uued-tooted\/laste-elektriline-krossikas-torrot-motocross-two-mx2\/#primaryimage\"},\"thumbnailUrl\":\"https:\/\/projekt.vombat.ee\/eco\/wp-content\/uploads\/2023\/06\/Laste-MX2-krossikas.jpeg\",\"datePublished\":\"2023-06-27T16:41:16+00:00\",\"dateModified\":\"2023-06-27T16:42:49+00:00\",\"description\":\"Sobib vanusele\u00a06-11. MAKSIMUM KIIRUS: 44 km\/h (27 mph). Kiirusepiiraja on kaasas. Energiat taastav s\u00fcsteem. H\u00fcdrauliline piduris\u00fcsteem\u00a0160 mm ketastega.\",\"breadcrumb\":{\"@id\":\"https:\/\/projekt.vombat.ee\/eco\/pood\/uued-tooted\/laste-elektriline-krossikas-torrot-motocross-two-mx2\/#breadcrumb\"},\"inLanguage\":\"en-GB\",\"potentialAction\":[{\"@type\":\"ReadAction\",\"target\":[\"https:\/\/projekt.vombat.ee\/eco\/pood\/uued-tooted\/laste-elektriline-krossikas-torrot-motocross-two-mx2\/\"]}]},{\"@type\":\"ImageObject\",\"inLanguage\":\"en-GB\",\"@id\":\"https:\/\/projekt.vombat.ee\/eco\/pood\/uued-tooted\/laste-elektriline-krossikas-torrot-motocross-two-mx2\/#primaryimage\",\"url\":\"https:\/\/projekt.vombat.ee\/eco\/wp-content\/uploads\/2023\/06\/Laste-MX2-krossikas.jpeg\",\"contentUrl\":\"https:\/\/projekt.vombat.ee\/eco\/wp-content\/uploads\/2023\/06\/Laste-MX2-krossikas.jpeg\",\"width\":1024,\"height\":736},{\"@type\":\"BreadcrumbList\",\"@id\":\"https:\/\/projekt.vombat.ee\/eco\/pood\/uued-tooted\/laste-elektriline-krossikas-torrot-motocross-two-mx2\/#breadcrumb\",\"itemListElement\":[{\"@type\":\"ListItem\",\"position\":1,\"name\":\"Home\",\"item\":\"https:\/\/projekt.vombat.ee\/eco\/\"},{\"@type\":\"ListItem\",\"position\":2,\"name\":\"Pood\",\"item\":\"https:\/\/projekt.vombat.ee\/eco\/pood\/\"},{\"@type\":\"ListItem\",\"position\":3,\"name\":\"LASTE ELEKTRILINE KROSSIKAS TORROT MOTOCROSS TWO MX2\"}]},{\"@type\":\"WebSite\",\"@id\":\"https:\/\/projekt.vombat.ee\/eco\/#website\",\"url\":\"https:\/\/projekt.vombat.ee\/eco\/\",\"name\":\"Ecocruiser\",\"description\":\"\",\"publisher\":{\"@id\":\"https:\/\/projekt.vombat.ee\/eco\/#organization\"},\"potentialAction\":[{\"@type\":\"SearchAction\",\"target\":{\"@type\":\"EntryPoint\",\"urlTemplate\":\"https:\/\/projekt.vombat.ee\/eco\/?s={search_term_string}\"},\"query-input\":{\"@type\":\"PropertyValueSpecification\",\"valueRequired\":true,\"valueName\":\"search_term_string\"}}],\"inLanguage\":\"en-GB\"},{\"@type\":\"Organization\",\"@id\":\"https:\/\/projekt.vombat.ee\/eco\/#organization\",\"name\":\"Ecocruiser\",\"url\":\"https:\/\/projekt.vombat.ee\/eco\/\",\"logo\":{\"@type\":\"ImageObject\",\"inLanguage\":\"en-GB\",\"@id\":\"https:\/\/projekt.vombat.ee\/eco\/#\/schema\/logo\/image\/\",\"url\":\"https:\/\/projekt.vombat.ee\/eco\/wp-content\/uploads\/2023\/03\/ECOCRUISER_5.png\",\"contentUrl\":\"https:\/\/projekt.vombat.ee\/eco\/wp-content\/uploads\/2023\/03\/ECOCRUISER_5.png\",\"width\":234,\"height\":91,\"caption\":\"Ecocruiser\"},\"image\":{\"@id\":\"https:\/\/projekt.vombat.ee\/eco\/#\/schema\/logo\/image\/\"}}]}<\/script>\n<!-- \/ Yoast SEO plugin. -->","yoast_head_json":{"title":"LASTE ELEKTRILINE KROSSIKAS TORROT MOTOCROSS TWO MX2 - Ecocruiser","description":"Sobib vanusele\u00a06-11. MAKSIMUM KIIRUS: 44 km\/h (27 mph). Kiirusepiiraja on kaasas. Energiat taastav s\u00fcsteem. H\u00fcdrauliline piduris\u00fcsteem\u00a0160 mm ketastega.","robots":{"index":"noindex","follow":"follow","max-snippet":"max-snippet:-1","max-image-preview":"max-image-preview:large","max-video-preview":"max-video-preview:-1"},"og_locale":"en_GB","og_type":"article","og_title":"LASTE ELEKTRILINE KROSSIKAS TORROT MOTOCROSS TWO MX2 - Ecocruiser","og_description":"Sobib vanusele\u00a06-11. MAKSIMUM KIIRUS: 44 km\/h (27 mph). Kiirusepiiraja on kaasas. Energiat taastav s\u00fcsteem. H\u00fcdrauliline piduris\u00fcsteem\u00a0160 mm ketastega.","og_url":"https:\/\/projekt.vombat.ee\/eco\/pood\/uued-tooted\/laste-elektriline-krossikas-torrot-motocross-two-mx2\/","og_site_name":"Ecocruiser","article_modified_time":"2023-06-27T16:42:49+00:00","og_image":[{"width":1024,"height":736,"url":"https:\/\/projekt.vombat.ee\/eco\/wp-content\/uploads\/2023\/06\/Laste-MX2-krossikas.jpeg","type":"image\/jpeg"}],"twitter_card":"summary_large_image","twitter_misc":{"Estimated reading time":"2 minutes"},"schema":{"@context":"https:\/\/schema.org","@graph":[{"@type":"WebPage","@id":"https:\/\/projekt.vombat.ee\/eco\/pood\/uued-tooted\/laste-elektriline-krossikas-torrot-motocross-two-mx2\/","url":"https:\/\/projekt.vombat.ee\/eco\/pood\/uued-tooted\/laste-elektriline-krossikas-torrot-motocross-two-mx2\/","name":"LASTE ELEKTRILINE KROSSIKAS TORROT MOTOCROSS TWO MX2 - Ecocruiser","isPartOf":{"@id":"https:\/\/projekt.vombat.ee\/eco\/#website"},"primaryImageOfPage":{"@id":"https:\/\/projekt.vombat.ee\/eco\/pood\/uued-tooted\/laste-elektriline-krossikas-torrot-motocross-two-mx2\/#primaryimage"},"image":{"@id":"https:\/\/projekt.vombat.ee\/eco\/pood\/uued-tooted\/laste-elektriline-krossikas-torrot-motocross-two-mx2\/#primaryimage"},"thumbnailUrl":"https:\/\/projekt.vombat.ee\/eco\/wp-content\/uploads\/2023\/06\/Laste-MX2-krossikas.jpeg","datePublished":"2023-06-27T16:41:16+00:00","dateModified":"2023-06-27T16:42:49+00:00","description":"Sobib vanusele\u00a06-11. MAKSIMUM KIIRUS: 44 km\/h (27 mph). Kiirusepiiraja on kaasas. Energiat taastav s\u00fcsteem. H\u00fcdrauliline piduris\u00fcsteem\u00a0160 mm ketastega.","breadcrumb":{"@id":"https:\/\/projekt.vombat.ee\/eco\/pood\/uued-tooted\/laste-elektriline-krossikas-torrot-motocross-two-mx2\/#breadcrumb"},"inLanguage":"en-GB","potentialAction":[{"@type":"ReadAction","target":["https:\/\/projekt.vombat.ee\/eco\/pood\/uued-tooted\/laste-elektriline-krossikas-torrot-motocross-two-mx2\/"]}]},{"@type":"ImageObject","inLanguage":"en-GB","@id":"https:\/\/projekt.vombat.ee\/eco\/pood\/uued-tooted\/laste-elektriline-krossikas-torrot-motocross-two-mx2\/#primaryimage","url":"https:\/\/projekt.vombat.ee\/eco\/wp-content\/uploads\/2023\/06\/Laste-MX2-krossikas.jpeg","contentUrl":"https:\/\/projekt.vombat.ee\/eco\/wp-content\/uploads\/2023\/06\/Laste-MX2-krossikas.jpeg","width":1024,"height":736},{"@type":"BreadcrumbList","@id":"https:\/\/projekt.vombat.ee\/eco\/pood\/uued-tooted\/laste-elektriline-krossikas-torrot-motocross-two-mx2\/#breadcrumb","itemListElement":[{"@type":"ListItem","position":1,"name":"Home","item":"https:\/\/projekt.vombat.ee\/eco\/"},{"@type":"ListItem","position":2,"name":"Pood","item":"https:\/\/projekt.vombat.ee\/eco\/pood\/"},{"@type":"ListItem","position":3,"name":"LASTE ELEKTRILINE KROSSIKAS TORROT MOTOCROSS TWO MX2"}]},{"@type":"WebSite","@id":"https:\/\/projekt.vombat.ee\/eco\/#website","url":"https:\/\/projekt.vombat.ee\/eco\/","name":"Ecocruiser","description":"","publisher":{"@id":"https:\/\/projekt.vombat.ee\/eco\/#organization"},"potentialAction":[{"@type":"SearchAction","target":{"@type":"EntryPoint","urlTemplate":"https:\/\/projekt.vombat.ee\/eco\/?s={search_term_string}"},"query-input":{"@type":"PropertyValueSpecification","valueRequired":true,"valueName":"search_term_string"}}],"inLanguage":"en-GB"},{"@type":"Organization","@id":"https:\/\/projekt.vombat.ee\/eco\/#organization","name":"Ecocruiser","url":"https:\/\/projekt.vombat.ee\/eco\/","logo":{"@type":"ImageObject","inLanguage":"en-GB","@id":"https:\/\/projekt.vombat.ee\/eco\/#\/schema\/logo\/image\/","url":"https:\/\/projekt.vombat.ee\/eco\/wp-content\/uploads\/2023\/03\/ECOCRUISER_5.png","contentUrl":"https:\/\/projekt.vombat.ee\/eco\/wp-content\/uploads\/2023\/03\/ECOCRUISER_5.png","width":234,"height":91,"caption":"Ecocruiser"},"image":{"@id":"https:\/\/projekt.vombat.ee\/eco\/#\/schema\/logo\/image\/"}}]}},"lang":"et","translations":{"et":10251},"pll_sync_post":[],"_links":{"self":[{"href":"https:\/\/projekt.vombat.ee\/eco\/wp-json\/wp\/v2\/product\/10251"}],"collection":[{"href":"https:\/\/projekt.vombat.ee\/eco\/wp-json\/wp\/v2\/product"}],"about":[{"href":"https:\/\/projekt.vombat.ee\/eco\/wp-json\/wp\/v2\/types\/product"}],"version-history":[{"count":6,"href":"https:\/\/projekt.vombat.ee\/eco\/wp-json\/wp\/v2\/product\/10251\/revisions"}],"predecessor-version":[{"id":10571,"href":"https:\/\/projekt.vombat.ee\/eco\/wp-json\/wp\/v2\/product\/10251\/revisions\/10571"}],"wp:featuredmedia":[{"embeddable":true,"href":"https:\/\/projekt.vombat.ee\/eco\/wp-json\/wp\/v2\/media\/10252"}],"wp:attachment":[{"href":"https:\/\/projekt.vombat.ee\/eco\/wp-json\/wp\/v2\/media?parent=10251"}],"wp:term":[{"taxonomy":"product_cat","embeddable":true,"href":"https:\/\/projekt.vombat.ee\/eco\/wp-json\/wp\/v2\/product_cat?post=10251"},{"taxonomy":"product_tag","embeddable":true,"href":"https:\/\/projekt.vombat.ee\/eco\/wp-json\/wp\/v2\/product_tag?post=10251"}],"curies":[{"name":"wp","href":"https:\/\/api.w.org\/{rel}","templated":true}]}}