{"id":10245,"date":"2023-06-27T16:36:45","date_gmt":"2023-06-27T16:36:45","guid":{"rendered":"https:\/\/projekt.vombat.ee\/eco\/?post_type=product&#038;p=10245"},"modified":"2023-06-27T16:37:03","modified_gmt":"2023-06-27T16:37:03","slug":"laste-elektriline-krossikas-torrot-motocross-one-mx1","status":"publish","type":"product","link":"https:\/\/projekt.vombat.ee\/eco\/pood\/laste-krossikad\/laste-elektriline-krossikas-torrot-motocross-one-mx1\/","title":{"rendered":"LASTE ELEKTRILINE KROSSIKAS TORROT MOTOCROSS ONE, MX1"},"content":{"rendered":"<div class=\"product__destacados-item\">\n<div><strong>LASTE ELEKTRILINE KROSSIKAS TORROT MOTOCROSS ONE, (MX1)<\/strong><\/div>\n<div><\/div>\n<div>\n<p><strong><strong>See mudel pakub noortele s\u00f5itjatele \u00fcletamatuid aistinguid t\u00e4nu tippkiirusele ja kiirendusele. Selle tugev raam, peaaegu h\u00e4vimatud plastid ja v\u00f5imsus teevad sellest ainulaadse mootorratta. <\/strong><span style=\"font-size: inherit;\">V\u00e4ike jalgratas, SUUR v\u00f5imsus.\u00a0Programmeeritav v\u00f5imsus kuni 840W MX1-s ja\u00a0<\/span>kuni 1500W<span style=\"font-size: inherit;\">\u00a0MX2-s.<\/span><\/strong><\/p>\n<div class=\"mbl__pusher\">\n<section class=\"global__content\"><main class=\"global__main\" role=\"main\"><\/p>\n<article class=\"product product--detail js-product\">\n<div class=\"product__main\">\n<section id=\"highlight\" class=\"product__section\">\n<div class=\"container centered container--padded\">\n<div class=\"product__hightlights\">\n<section class=\"m-b--25\">\n<div class=\"row row-xs--middle row-xs--start row-md--start row--reverse\">\n<div class=\"col-xs-12 col-md full-section-image-reverse\">\n<div class=\"video_wrapper is-selectable\"><\/div>\n<\/div>\n<div class=\"col-xs-12 col-md-6 col-xl-8\">\n<div class=\"hightlight__content\">\n<h3 class=\"hightlight__title\">AKU<\/h3>\n<h3 class=\"hightlight__title\"><small>Kergesti eemaldatav ja taaslaetav.\u00a0Toodetud liitiumist, mis t\u00e4hendab v\u00e4iksemat kaalu ning suuremat v\u00f5imsust ja ulatust.<\/small><\/h3>\n<div class=\"hightlight__text\">\n<p>Kahtlemata parim m\u00e4nguv\u00e4ljaku kaaslane tulevastele t\u0161empionidele.\u00a0Programmeeritava v\u00f5imsusega muudab see\u00a0<strong>ideaalseks valemiks maastikus\u00f5iduks<\/strong>\u00a0.<\/p>\n<\/div>\n<\/div>\n<\/div>\n<\/div>\n<\/section>\n<section class=\"m-b--25\">\n<div class=\"row row-xs--middle row-xs--start row-md--start \">\n<div class=\"col-xs-12 col-md full-section-image-normal\"><img decoding=\"async\" class=\"img-block img-center loaded\" src=\"https:\/\/torrot.com\/uploads\/_CGSmartImage\/img-d652b94c0ad6bd826388725a99947ff8-Dise%C3%B1o-sin-t%C3%ADtulo1.jpg\" alt=\"SUSPENSION\" data-src=\"https:\/\/torrot.com\/uploads\/_CGSmartImage\/img-d652b94c0ad6bd826388725a99947ff8-Dise\u00f1o-sin-t\u00edtulo1.jpg\" data-was-processed=\"true\" \/><\/div>\n<div class=\"col-xs-12 col-md-6 col-xl-8\">\n<div class=\"hightlight__content\">\n<h3 class=\"hightlight__title\">Vedrustus<\/h3>\n<div class=\"hightlight__text\">\n<p>Esivedrustuse\u00a0<strong>95 mm<\/strong>\u00a0k\u00e4iguga ja tagumise \u00f5liamortisaatoriga eelkoormuse reguleerimisega\u00a0<strong>125 mm<\/strong>\u00a0k\u00e4iguga*\u00a0<strong>saate trotsida ja \u00fcletada mistahes maastikul .\u00a0<\/strong><em>*MX2<\/em><\/p>\n<\/div>\n<\/div>\n<\/div>\n<\/div>\n<\/section>\n<section class=\"m-b--25\">\n<div class=\"row row-xs--middle row-xs--start row-md--start row--reverse\">\n<div class=\"col-xs-12 col-md full-section-image-reverse\"><img decoding=\"async\" class=\"img-block img-center loaded\" src=\"https:\/\/torrot.com\/uploads\/_CGSmartImage\/img-499f1c27b420caa3c5108016c8e76480-Motocross-Detalle-Frenos.jpg\" alt=\"PIDURID\" data-src=\"https:\/\/torrot.com\/uploads\/_CGSmartImage\/img-499f1c27b420caa3c5108016c8e76480-Motocross-Detalle-Frenos.jpg\" data-was-processed=\"true\" \/><\/div>\n<div class=\"col-xs-12 col-md-6 col-xl-8\">\n<div class=\"hightlight__content\">\n<h3 class=\"hightlight__title\">PIDURID<\/h3>\n<div class=\"hightlight__text\">\n<p>Loodud metsikult maastikul liikumiseks.\u00a0<strong>H\u00fcdrauliline esi- ja tagapiduris\u00fcsteem<\/strong> (160 mm), mis t\u00f6\u00f6tab suurep\u00e4raselt ka mudas.<\/p>\n<\/div>\n<\/div>\n<\/div>\n<\/div>\n<\/section>\n<section class=\"m-b--25\">\n<div class=\"row row-xs--middle row-xs--start row-md--start \">\n<div class=\"col-xs-12 col-md-6 col-xl-8\">\n<div class=\"hightlight__content\">\n<h3 id=\"highlight_app\" class=\"s-26 txt-upper\">RAKENDUSE KOGEMUS<\/h3>\n<h3 class=\"hightlight__title\">Jalgratta t\u00e4ielik juhtimine teie k\u00e4es<\/h3>\n<div class=\"hightlight__text\">\n<p><strong>Rakenduse KIDS<\/strong>\u00a0abil\u00a0saate kohandada jalgratta erinevaid parameetreid, nagu\u00a0<strong>kiirus<\/strong>\u00a0,\u00a0<strong>v\u00f5imsus<\/strong>\u00a0,\u00a0<strong>gaasipedaali reaktsioon<\/strong>\u00a0ja\u00a0<strong>regenereerimine<\/strong>\u00a0, et kohandada ratta k\u00e4itumist s\u00f5itja oskustega ja vanemate jaoks k\u00f5ige huvitavama asjaga: vanemliku\u00a0<strong>kontrolliga<\/strong>\u00a0.\u00a0Juhtmeta juhtseade, mis v\u00f5imaldab vanematel mootorratast nutitelefonist eemalt piirata, konfigureerida ja isegi ohutult lahti \u00fchendada.<\/p>\n<p>Rakendus, mille oleme v\u00e4lja t\u00f6\u00f6tanud oma elektriliste KIDS-rataste jaoks, on saadaval\u00a0<strong>Androidi<\/strong>\u00a0ja\u00a0<strong>iOS-i<\/strong>\u00a0seadmetele.<\/p>\n<\/div>\n<\/div>\n<\/div>\n<\/div>\n<\/section>\n<\/div>\n<\/div>\n<\/section>\n<section id=\"speci\" class=\"product__section product__section--especificaciones\">\n<div class=\" container centered container--padded\">\n<div class=\"js-spec\">\n<div class=\"spec-blocks\">\n<div id=\"spec25\" class=\"spec-block cf is-active\">\n<div class=\"spec-inner right\">\n<div class=\"spec-group\">\n<h4 class=\"spec-title txt-upper\">TSIKLLI OSA<\/h4>\n<div class=\"spec-spec\">RAAMTorukujuline &#8211; teras.<\/div>\n<div class=\"spec-spec\">ESIVEDRUSTUSH\u00fcdrauliline kahvli k\u00e4ik 95mm.<\/div>\n<div class=\"spec-spec\">TAGUMINE VEDRUSTUSEelkoormuse reguleerimisega amortisaator 85 mm k\u00e4iguga.<\/div>\n<div class=\"spec-spec\">VELJEDEes: 10&#8243; x 1,60&#8243; |\u00a0Tagumine: 10&#8243; x 1,60&#8243;.<\/div>\n<div class=\"spec-spec\">REHVIDEsiosa: Michelin Starcross 10\u201d 2,50 |\u00a0Taga: Michelin Starcross 10\u201d 2,50.<\/div>\n<div class=\"spec-spec\">PIDURIDEes: 160mm h\u00fcdrauliline |\u00a0Tagumine: 160 mm h\u00fcdrauliline.<\/div>\n<\/div>\n<div class=\"spec-group\">\n<h4 class=\"spec-title txt-upper\">MOOTOR<\/h4>\n<div class=\"spec-spec\">AKUVahetatav 46,8V \/ 6,6Ah \/ 309Wh \/ 13S 3P.<\/div>\n<div class=\"spec-spec\">MOOTORI KONTROLLER48V \/ APP-i abil programmeeritavad parameetrid: kiirus, v\u00f5imsus, gaasipedaali reaktsioon ja mootori kinnipidamine (regenereerimine).<\/div>\n<div class=\"spec-spec\">V\u00d5IMSUSProgrammeeritav v\u00f5imsus kuni 840W.\u00a0Maksimaalne kiirus 42 km\/h (26 miili tunnis).<\/div>\n<\/div>\n<div class=\"spec-group\">\n<h4 class=\"spec-title txt-upper\">FUNKTSIOONID<\/h4>\n<div class=\"spec-spec\">KAAL31,5 kg (69 LBS) (koos akuga).<\/div>\n<div class=\"spec-spec\">MAX\u00a0RATTURI KAAL30 kg (66 LBS).<\/div>\n<div class=\"spec-spec\">LAADIJA54,6 V \/ 2A (\u22484 tundi kuni t\u00e4ieliku laadimiseni).<\/div>\n<div class=\"spec-spec\">TEISEDSisaldab toitel\u00fclitit 50-100%.\u00a0Bluetooth-moodul rakenduse (iOS\/Android) kaugparameetrite programmeerimise ja vanemliku kontrolli kaudu.\u00a0Reguleeritav k\u00f5rgus kahes erinevas asendis (kohaldub ainult \u00dcHE SEERIA puhul).<\/div>\n<\/div>\n<\/div>\n<\/div>\n<\/div>\n<\/div>\n<\/div>\n<\/section>\n<section id=\"downloads\" class=\"product__section\">\n<h3 class=\"product__section-title\">Allalaadimised<\/h3>\n<\/section>\n<section id=\"preorder\" class=\"product__section container centered container--padded\">\n<div class=\"row\">\n<div class=\"col-xs-12 col-md-4 preorder-right\">\n<div class=\"preorder-right__inner\">\n<h5 class=\"m-t--15\">V\u00e4rv<\/h5>\n<div class=\"product-colors__form product-colors__switch flex m-t--10\"><\/div>\n<p><img decoding=\"async\" class=\"preorder__image-select js-color-switch-img loading\" src=\"https:\/\/torrot.com\/uploads\/_CGSmartImage\/img-6c9922ca3f623b67924163bd8b40f0f5-eright-5be158a1bea7a.jpg\" data-was-processed=\"true\" \/><\/p>\n<\/div>\n<\/div>\n<div class=\"col-xs-12 col-sm--first col-md-8 preorder-left\"><\/div>\n<\/div>\n<\/section>\n<\/div>\n<\/article>\n<p>&nbsp;<\/p>\n<p>&nbsp;<\/p>\n<p>&nbsp;<\/p>\n<p>&nbsp;<\/p>\n<p>&nbsp;<\/p>\n<p><\/main><\/section>\n<\/div>\n<\/div>\n<\/div>\n<div class=\"product__destacados-item\">\n<div class=\"product__destacados-item--title txt-upper txt-bold txt--primary m-b--10\"><\/div>\n<\/div>\n","protected":false},"excerpt":{"rendered":"<p><strong>LASTE ELEKTRILINE KROSSIKAS TORROT MOTOCROSS ONE, (MX1)<\/strong><\/p>\n<div class=\"product__destacados-item\">\n<ul>\n<li><strong>M\u00d5ELDUD SPETSIAALSELT NOORELE. Sobib vanusele 4-7 aastat. <\/strong><\/li>\n<li><strong>MAKSIMUM KIIRUS: 42 km\/h (26 mph)<\/strong><\/li>\n<li><strong>Kiirusepiiraja on kaasas.<\/strong><\/li>\n<li><strong>T\u00d5HUS ja energiat taastav s\u00fcsteem.<\/strong><\/li>\n<li><strong>PIDURID: h\u00fcdrauliline piduris\u00fcsteem 160 mm ketastega<\/strong><\/li>\n<li><strong>VANEMLIK KONTROLL: Juhtmeta juhtimine meie rakendusest\u00a0Androidi\u00a0ja iOS-i seadmetele.<\/strong><\/li>\n<li><strong>AKU: Vahetatav 46,8V \/ 6,6Ah \/ 309Wh \/ 13S 3P.<\/strong><\/li>\n<li class=\"spec-spec\"><strong>KAAL 31,5 kg (69 LBS) (koos akuga).<\/strong><\/li>\n<li class=\"spec-spec\"><strong>MAX RATTURI KAAL 30 kg\u00a0<\/strong><\/li>\n<li class=\"spec-spec\"><strong>LAADIJA 54,6 V \/ 2A (\u22484 tundi kuni t\u00e4ieliku laadimiseni).<\/strong><\/li>\n<\/ul>\n<\/div>\n<ul>\n<li><strong>Tarneaeg 2-6 p\u00e4eva<\/strong><\/li>\n<li><strong>Laos<\/strong><\/li>\n<\/ul>\n<div class=\"product__destacados-item\"><\/div>\n<div class=\"product__destacados-item\"><\/div>\n","protected":false},"featured_media":10247,"template":"","meta":[],"product_cat":[1723],"product_tag":[],"class_list":{"0":"post-10245","1":"product","2":"type-product","3":"status-publish","4":"has-post-thumbnail","6":"product_cat-laste-krossikad","7":"product_shipping_class-suured-pakid","9":"first","10":"instock","11":"taxable","12":"shipping-taxable","13":"purchasable","14":"product-type-simple"},"yoast_head":"<!-- This site is optimized with the Yoast SEO plugin v23.8 - https:\/\/yoast.com\/wordpress\/plugins\/seo\/ -->\n<title>LASTE ELEKTRILINE KROSSIKAS TORROT MOTOCROSS ONE, MX1 - Ecocruiser<\/title>\n<meta name=\"description\" content=\"M\u00d5ELDUD SPETSIAALSELT NOORTE RATTUJALE. Sobib vanusele\u00a04-7 aastat. MAKSIMUM KIIRUS 42 km\/h (26 mph)Kiirusepiiraja on kaasas.T\u00d5HUS ja energiat taastav s\u00fcsteem. PIDURID on h\u00fcdrauliline piduris\u00fcsteem\u00a0160 mm\" \/>\n<meta name=\"robots\" content=\"noindex, follow, max-snippet:-1, max-image-preview:large, max-video-preview:-1\" \/>\n<meta property=\"og:locale\" content=\"en_GB\" \/>\n<meta property=\"og:type\" content=\"article\" \/>\n<meta property=\"og:title\" content=\"LASTE ELEKTRILINE KROSSIKAS TORROT MOTOCROSS ONE, MX1 - Ecocruiser\" \/>\n<meta property=\"og:description\" content=\"M\u00d5ELDUD SPETSIAALSELT NOORTE RATTUJALE. Sobib vanusele\u00a04-7 aastat. MAKSIMUM KIIRUS 42 km\/h (26 mph)Kiirusepiiraja on kaasas.T\u00d5HUS ja energiat taastav s\u00fcsteem. PIDURID on h\u00fcdrauliline piduris\u00fcsteem\u00a0160 mm\" \/>\n<meta property=\"og:url\" content=\"https:\/\/projekt.vombat.ee\/eco\/pood\/laste-krossikad\/laste-elektriline-krossikas-torrot-motocross-one-mx1\/\" \/>\n<meta property=\"og:site_name\" content=\"Ecocruiser\" \/>\n<meta property=\"article:modified_time\" content=\"2023-06-27T16:37:03+00:00\" \/>\n<meta property=\"og:image\" content=\"https:\/\/projekt.vombat.ee\/eco\/wp-content\/uploads\/2023\/06\/Laste-krossikas.jpeg\" \/>\n\t<meta property=\"og:image:width\" content=\"500\" \/>\n\t<meta property=\"og:image:height\" content=\"359\" \/>\n\t<meta property=\"og:image:type\" content=\"image\/jpeg\" \/>\n<meta name=\"twitter:card\" content=\"summary_large_image\" \/>\n<meta name=\"twitter:label1\" content=\"Estimated reading time\" \/>\n\t<meta name=\"twitter:data1\" content=\"3 minutes\" \/>\n<script type=\"application\/ld+json\" class=\"yoast-schema-graph\">{\"@context\":\"https:\/\/schema.org\",\"@graph\":[{\"@type\":\"WebPage\",\"@id\":\"https:\/\/projekt.vombat.ee\/eco\/pood\/laste-krossikad\/laste-elektriline-krossikas-torrot-motocross-one-mx1\/\",\"url\":\"https:\/\/projekt.vombat.ee\/eco\/pood\/laste-krossikad\/laste-elektriline-krossikas-torrot-motocross-one-mx1\/\",\"name\":\"LASTE ELEKTRILINE KROSSIKAS TORROT MOTOCROSS ONE, MX1 - Ecocruiser\",\"isPartOf\":{\"@id\":\"https:\/\/projekt.vombat.ee\/eco\/#website\"},\"primaryImageOfPage\":{\"@id\":\"https:\/\/projekt.vombat.ee\/eco\/pood\/laste-krossikad\/laste-elektriline-krossikas-torrot-motocross-one-mx1\/#primaryimage\"},\"image\":{\"@id\":\"https:\/\/projekt.vombat.ee\/eco\/pood\/laste-krossikad\/laste-elektriline-krossikas-torrot-motocross-one-mx1\/#primaryimage\"},\"thumbnailUrl\":\"https:\/\/projekt.vombat.ee\/eco\/wp-content\/uploads\/2023\/06\/Laste-krossikas.jpeg\",\"datePublished\":\"2023-06-27T16:36:45+00:00\",\"dateModified\":\"2023-06-27T16:37:03+00:00\",\"description\":\"M\u00d5ELDUD SPETSIAALSELT NOORTE RATTUJALE. Sobib vanusele\u00a04-7 aastat. MAKSIMUM KIIRUS 42 km\/h (26 mph)Kiirusepiiraja on kaasas.T\u00d5HUS ja energiat taastav s\u00fcsteem. PIDURID on h\u00fcdrauliline piduris\u00fcsteem\u00a0160 mm\",\"breadcrumb\":{\"@id\":\"https:\/\/projekt.vombat.ee\/eco\/pood\/laste-krossikad\/laste-elektriline-krossikas-torrot-motocross-one-mx1\/#breadcrumb\"},\"inLanguage\":\"en-GB\",\"potentialAction\":[{\"@type\":\"ReadAction\",\"target\":[\"https:\/\/projekt.vombat.ee\/eco\/pood\/laste-krossikad\/laste-elektriline-krossikas-torrot-motocross-one-mx1\/\"]}]},{\"@type\":\"ImageObject\",\"inLanguage\":\"en-GB\",\"@id\":\"https:\/\/projekt.vombat.ee\/eco\/pood\/laste-krossikad\/laste-elektriline-krossikas-torrot-motocross-one-mx1\/#primaryimage\",\"url\":\"https:\/\/projekt.vombat.ee\/eco\/wp-content\/uploads\/2023\/06\/Laste-krossikas.jpeg\",\"contentUrl\":\"https:\/\/projekt.vombat.ee\/eco\/wp-content\/uploads\/2023\/06\/Laste-krossikas.jpeg\",\"width\":500,\"height\":359},{\"@type\":\"BreadcrumbList\",\"@id\":\"https:\/\/projekt.vombat.ee\/eco\/pood\/laste-krossikad\/laste-elektriline-krossikas-torrot-motocross-one-mx1\/#breadcrumb\",\"itemListElement\":[{\"@type\":\"ListItem\",\"position\":1,\"name\":\"Home\",\"item\":\"https:\/\/projekt.vombat.ee\/eco\/\"},{\"@type\":\"ListItem\",\"position\":2,\"name\":\"Pood\",\"item\":\"https:\/\/projekt.vombat.ee\/eco\/pood\/\"},{\"@type\":\"ListItem\",\"position\":3,\"name\":\"LASTE ELEKTRILINE KROSSIKAS TORROT MOTOCROSS ONE, MX1\"}]},{\"@type\":\"WebSite\",\"@id\":\"https:\/\/projekt.vombat.ee\/eco\/#website\",\"url\":\"https:\/\/projekt.vombat.ee\/eco\/\",\"name\":\"Ecocruiser\",\"description\":\"\",\"publisher\":{\"@id\":\"https:\/\/projekt.vombat.ee\/eco\/#organization\"},\"potentialAction\":[{\"@type\":\"SearchAction\",\"target\":{\"@type\":\"EntryPoint\",\"urlTemplate\":\"https:\/\/projekt.vombat.ee\/eco\/?s={search_term_string}\"},\"query-input\":{\"@type\":\"PropertyValueSpecification\",\"valueRequired\":true,\"valueName\":\"search_term_string\"}}],\"inLanguage\":\"en-GB\"},{\"@type\":\"Organization\",\"@id\":\"https:\/\/projekt.vombat.ee\/eco\/#organization\",\"name\":\"Ecocruiser\",\"url\":\"https:\/\/projekt.vombat.ee\/eco\/\",\"logo\":{\"@type\":\"ImageObject\",\"inLanguage\":\"en-GB\",\"@id\":\"https:\/\/projekt.vombat.ee\/eco\/#\/schema\/logo\/image\/\",\"url\":\"https:\/\/projekt.vombat.ee\/eco\/wp-content\/uploads\/2023\/03\/ECOCRUISER_5.png\",\"contentUrl\":\"https:\/\/projekt.vombat.ee\/eco\/wp-content\/uploads\/2023\/03\/ECOCRUISER_5.png\",\"width\":234,\"height\":91,\"caption\":\"Ecocruiser\"},\"image\":{\"@id\":\"https:\/\/projekt.vombat.ee\/eco\/#\/schema\/logo\/image\/\"}}]}<\/script>\n<!-- \/ Yoast SEO plugin. -->","yoast_head_json":{"title":"LASTE ELEKTRILINE KROSSIKAS TORROT MOTOCROSS ONE, MX1 - Ecocruiser","description":"M\u00d5ELDUD SPETSIAALSELT NOORTE RATTUJALE. Sobib vanusele\u00a04-7 aastat. MAKSIMUM KIIRUS 42 km\/h (26 mph)Kiirusepiiraja on kaasas.T\u00d5HUS ja energiat taastav s\u00fcsteem. PIDURID on h\u00fcdrauliline piduris\u00fcsteem\u00a0160 mm","robots":{"index":"noindex","follow":"follow","max-snippet":"max-snippet:-1","max-image-preview":"max-image-preview:large","max-video-preview":"max-video-preview:-1"},"og_locale":"en_GB","og_type":"article","og_title":"LASTE ELEKTRILINE KROSSIKAS TORROT MOTOCROSS ONE, MX1 - Ecocruiser","og_description":"M\u00d5ELDUD SPETSIAALSELT NOORTE RATTUJALE. Sobib vanusele\u00a04-7 aastat. MAKSIMUM KIIRUS 42 km\/h (26 mph)Kiirusepiiraja on kaasas.T\u00d5HUS ja energiat taastav s\u00fcsteem. PIDURID on h\u00fcdrauliline piduris\u00fcsteem\u00a0160 mm","og_url":"https:\/\/projekt.vombat.ee\/eco\/pood\/laste-krossikad\/laste-elektriline-krossikas-torrot-motocross-one-mx1\/","og_site_name":"Ecocruiser","article_modified_time":"2023-06-27T16:37:03+00:00","og_image":[{"width":500,"height":359,"url":"https:\/\/projekt.vombat.ee\/eco\/wp-content\/uploads\/2023\/06\/Laste-krossikas.jpeg","type":"image\/jpeg"}],"twitter_card":"summary_large_image","twitter_misc":{"Estimated reading time":"3 minutes"},"schema":{"@context":"https:\/\/schema.org","@graph":[{"@type":"WebPage","@id":"https:\/\/projekt.vombat.ee\/eco\/pood\/laste-krossikad\/laste-elektriline-krossikas-torrot-motocross-one-mx1\/","url":"https:\/\/projekt.vombat.ee\/eco\/pood\/laste-krossikad\/laste-elektriline-krossikas-torrot-motocross-one-mx1\/","name":"LASTE ELEKTRILINE KROSSIKAS TORROT MOTOCROSS ONE, MX1 - Ecocruiser","isPartOf":{"@id":"https:\/\/projekt.vombat.ee\/eco\/#website"},"primaryImageOfPage":{"@id":"https:\/\/projekt.vombat.ee\/eco\/pood\/laste-krossikad\/laste-elektriline-krossikas-torrot-motocross-one-mx1\/#primaryimage"},"image":{"@id":"https:\/\/projekt.vombat.ee\/eco\/pood\/laste-krossikad\/laste-elektriline-krossikas-torrot-motocross-one-mx1\/#primaryimage"},"thumbnailUrl":"https:\/\/projekt.vombat.ee\/eco\/wp-content\/uploads\/2023\/06\/Laste-krossikas.jpeg","datePublished":"2023-06-27T16:36:45+00:00","dateModified":"2023-06-27T16:37:03+00:00","description":"M\u00d5ELDUD SPETSIAALSELT NOORTE RATTUJALE. Sobib vanusele\u00a04-7 aastat. MAKSIMUM KIIRUS 42 km\/h (26 mph)Kiirusepiiraja on kaasas.T\u00d5HUS ja energiat taastav s\u00fcsteem. PIDURID on h\u00fcdrauliline piduris\u00fcsteem\u00a0160 mm","breadcrumb":{"@id":"https:\/\/projekt.vombat.ee\/eco\/pood\/laste-krossikad\/laste-elektriline-krossikas-torrot-motocross-one-mx1\/#breadcrumb"},"inLanguage":"en-GB","potentialAction":[{"@type":"ReadAction","target":["https:\/\/projekt.vombat.ee\/eco\/pood\/laste-krossikad\/laste-elektriline-krossikas-torrot-motocross-one-mx1\/"]}]},{"@type":"ImageObject","inLanguage":"en-GB","@id":"https:\/\/projekt.vombat.ee\/eco\/pood\/laste-krossikad\/laste-elektriline-krossikas-torrot-motocross-one-mx1\/#primaryimage","url":"https:\/\/projekt.vombat.ee\/eco\/wp-content\/uploads\/2023\/06\/Laste-krossikas.jpeg","contentUrl":"https:\/\/projekt.vombat.ee\/eco\/wp-content\/uploads\/2023\/06\/Laste-krossikas.jpeg","width":500,"height":359},{"@type":"BreadcrumbList","@id":"https:\/\/projekt.vombat.ee\/eco\/pood\/laste-krossikad\/laste-elektriline-krossikas-torrot-motocross-one-mx1\/#breadcrumb","itemListElement":[{"@type":"ListItem","position":1,"name":"Home","item":"https:\/\/projekt.vombat.ee\/eco\/"},{"@type":"ListItem","position":2,"name":"Pood","item":"https:\/\/projekt.vombat.ee\/eco\/pood\/"},{"@type":"ListItem","position":3,"name":"LASTE ELEKTRILINE KROSSIKAS TORROT MOTOCROSS ONE, MX1"}]},{"@type":"WebSite","@id":"https:\/\/projekt.vombat.ee\/eco\/#website","url":"https:\/\/projekt.vombat.ee\/eco\/","name":"Ecocruiser","description":"","publisher":{"@id":"https:\/\/projekt.vombat.ee\/eco\/#organization"},"potentialAction":[{"@type":"SearchAction","target":{"@type":"EntryPoint","urlTemplate":"https:\/\/projekt.vombat.ee\/eco\/?s={search_term_string}"},"query-input":{"@type":"PropertyValueSpecification","valueRequired":true,"valueName":"search_term_string"}}],"inLanguage":"en-GB"},{"@type":"Organization","@id":"https:\/\/projekt.vombat.ee\/eco\/#organization","name":"Ecocruiser","url":"https:\/\/projekt.vombat.ee\/eco\/","logo":{"@type":"ImageObject","inLanguage":"en-GB","@id":"https:\/\/projekt.vombat.ee\/eco\/#\/schema\/logo\/image\/","url":"https:\/\/projekt.vombat.ee\/eco\/wp-content\/uploads\/2023\/03\/ECOCRUISER_5.png","contentUrl":"https:\/\/projekt.vombat.ee\/eco\/wp-content\/uploads\/2023\/03\/ECOCRUISER_5.png","width":234,"height":91,"caption":"Ecocruiser"},"image":{"@id":"https:\/\/projekt.vombat.ee\/eco\/#\/schema\/logo\/image\/"}}]}},"lang":"et","translations":{"et":10245},"pll_sync_post":[],"_links":{"self":[{"href":"https:\/\/projekt.vombat.ee\/eco\/wp-json\/wp\/v2\/product\/10245"}],"collection":[{"href":"https:\/\/projekt.vombat.ee\/eco\/wp-json\/wp\/v2\/product"}],"about":[{"href":"https:\/\/projekt.vombat.ee\/eco\/wp-json\/wp\/v2\/types\/product"}],"version-history":[{"count":7,"href":"https:\/\/projekt.vombat.ee\/eco\/wp-json\/wp\/v2\/product\/10245\/revisions"}],"predecessor-version":[{"id":10565,"href":"https:\/\/projekt.vombat.ee\/eco\/wp-json\/wp\/v2\/product\/10245\/revisions\/10565"}],"wp:featuredmedia":[{"embeddable":true,"href":"https:\/\/projekt.vombat.ee\/eco\/wp-json\/wp\/v2\/media\/10247"}],"wp:attachment":[{"href":"https:\/\/projekt.vombat.ee\/eco\/wp-json\/wp\/v2\/media?parent=10245"}],"wp:term":[{"taxonomy":"product_cat","embeddable":true,"href":"https:\/\/projekt.vombat.ee\/eco\/wp-json\/wp\/v2\/product_cat?post=10245"},{"taxonomy":"product_tag","embeddable":true,"href":"https:\/\/projekt.vombat.ee\/eco\/wp-json\/wp\/v2\/product_tag?post=10245"}],"curies":[{"name":"wp","href":"https:\/\/api.w.org\/{rel}","templated":true}]}}