{"id":10139,"date":"2023-06-07T12:09:40","date_gmt":"2023-06-07T12:09:40","guid":{"rendered":"https:\/\/projekt.vombat.ee\/eco\/?post_type=product&#038;p=10139"},"modified":"2024-04-06T08:39:10","modified_gmt":"2024-04-06T08:39:10","slug":"burchda-rx20-elektriratas-120km-250-w-48v-18ah","status":"publish","type":"product","link":"https:\/\/projekt.vombat.ee\/eco\/pood\/elektrirattad\/maastikurattad\/burchda-rx20-elektriratas-120km-250-w-48v-18ah\/","title":{"rendered":"BURCHDA RX210 Elektriratas, 120km, 48V 18AH"},"content":{"rendered":"<h3>BURCHDA RX210 Elektriratas 18&#8243;<\/h3>\n<h3><img fetchpriority=\"high\" decoding=\"async\" class=\"msub_k4 mupj_5k mjru_k4 mse2_k4 mp7g_f6 mq1m_0 mj7u_0 m7er_k4 lazyloaded\" src=\"https:\/\/a.allegroimg.com\/original\/110224\/a6ed18204352967d3a8fcfe61143\/2023-Electric-Bike-1000W-120KM-Oil-Brake-EAN-GTIN-4537364492807\" sizes=\"(min-width: 1200px) 560px, (min-width: 992px) 50vw, 100vw\" srcset=\"https:\/\/a.allegroimg.com\/s360\/110224\/a6ed18204352967d3a8fcfe61143\/2023-Electric-Bike-1000W-120KM-Oil-Brake-EAN-GTIN-4537364492807 360w,https:\/\/a.allegroimg.com\/s720\/110224\/a6ed18204352967d3a8fcfe61143\/2023-Electric-Bike-1000W-120KM-Oil-Brake-EAN-GTIN-4537364492807 720w,https:\/\/a.allegroimg.com\/s1024\/110224\/a6ed18204352967d3a8fcfe61143\/2023-Electric-Bike-1000W-120KM-Oil-Brake-EAN-GTIN-4537364492807 1000w,https:\/\/a.allegroimg.com\/original\/110224\/a6ed18204352967d3a8fcfe61143\/2023-Electric-Bike-1000W-120KM-Oil-Brake-EAN-GTIN-4537364492807 1000w\" alt=\"2023 Electric Bike 1000W 120KM Oil Brake EAN (GTIN) 4537364492807\" width=\"491\" height=\"491\" data-src=\"https:\/\/a.allegroimg.com\/original\/110224\/a6ed18204352967d3a8fcfe61143\/2023-Electric-Bike-1000W-120KM-Oil-Brake-EAN-GTIN-4537364492807\" data-srcset=\"https:\/\/a.allegroimg.com\/s360\/110224\/a6ed18204352967d3a8fcfe61143\/2023-Electric-Bike-1000W-120KM-Oil-Brake-EAN-GTIN-4537364492807 360w,https:\/\/a.allegroimg.com\/s720\/110224\/a6ed18204352967d3a8fcfe61143\/2023-Electric-Bike-1000W-120KM-Oil-Brake-EAN-GTIN-4537364492807 720w,https:\/\/a.allegroimg.com\/s1024\/110224\/a6ed18204352967d3a8fcfe61143\/2023-Electric-Bike-1000W-120KM-Oil-Brake-EAN-GTIN-4537364492807 1000w,https:\/\/a.allegroimg.com\/original\/110224\/a6ed18204352967d3a8fcfe61143\/2023-Electric-Bike-1000W-120KM-Oil-Brake-EAN-GTIN-4537364492807 1000w\" \/><\/h3>\n<h3>250 W mootor<\/h3>\n<p>Elektrijalgratas BURCHDA RX20 on varustatud v\u00f5imsa 48 V 250 W harjadeta k\u00e4igukastiga mootoriga, mis aitab teil s\u00f5ita kiirusel 25 km\/h (piirajaga).<\/p>\n<p><img decoding=\"async\" class=\"msub_k4 mupj_5k mjru_k4 mse2_k4 mp7g_f6 mq1m_0 mj7u_0 m7er_k4 lazyloaded\" src=\"https:\/\/a.allegroimg.com\/original\/11165f\/7a0173c44fff8aa25ab146fad1cf\/2023-Electric-Bike-1000W-120KM-Oil-Brake-Brakes-hydraulic-disc\" sizes=\"(min-width: 1200px) 560px, (min-width: 992px) 50vw, 100vw\" srcset=\"https:\/\/a.allegroimg.com\/s360\/11165f\/7a0173c44fff8aa25ab146fad1cf\/2023-Electric-Bike-1000W-120KM-Oil-Brake-Brakes-hydraulic-disc 324w,https:\/\/a.allegroimg.com\/s720\/11165f\/7a0173c44fff8aa25ab146fad1cf\/2023-Electric-Bike-1000W-120KM-Oil-Brake-Brakes-hydraulic-disc 648w,https:\/\/a.allegroimg.com\/s1024\/11165f\/7a0173c44fff8aa25ab146fad1cf\/2023-Electric-Bike-1000W-120KM-Oil-Brake-Brakes-hydraulic-disc 750w,https:\/\/a.allegroimg.com\/original\/11165f\/7a0173c44fff8aa25ab146fad1cf\/2023-Electric-Bike-1000W-120KM-Oil-Brake-Brakes-hydraulic-disc 750w\" alt=\"2023 Electric Bike 1000W 120KM Oil Brake Brakes hydraulic disc\" width=\"750px\" data-src=\"https:\/\/a.allegroimg.com\/original\/11165f\/7a0173c44fff8aa25ab146fad1cf\/2023-Electric-Bike-1000W-120KM-Oil-Brake-Brakes-hydraulic-disc\" data-srcset=\"https:\/\/a.allegroimg.com\/s360\/11165f\/7a0173c44fff8aa25ab146fad1cf\/2023-Electric-Bike-1000W-120KM-Oil-Brake-Brakes-hydraulic-disc 324w,https:\/\/a.allegroimg.com\/s720\/11165f\/7a0173c44fff8aa25ab146fad1cf\/2023-Electric-Bike-1000W-120KM-Oil-Brake-Brakes-hydraulic-disc 648w,https:\/\/a.allegroimg.com\/s1024\/11165f\/7a0173c44fff8aa25ab146fad1cf\/2023-Electric-Bike-1000W-120KM-Oil-Brake-Brakes-hydraulic-disc 750w,https:\/\/a.allegroimg.com\/original\/11165f\/7a0173c44fff8aa25ab146fad1cf\/2023-Electric-Bike-1000W-120KM-Oil-Brake-Brakes-hydraulic-disc 750w\" \/><\/p>\n<h3>48v18ah eemaldatav liitium<\/h3>\n<p>K\u00fcmme kokkupandav elektrijalgratas on varustatud 18Ah akuga, selle v\u00f5imsusega aku suudab s\u00f5ita 60-70KM \u00fche aku t\u00e4islaadimisega puhtal elektrireziimil, laadimisaeg 5 tundi.<\/p>\n<p><img decoding=\"async\" class=\"msub_k4 mupj_5k mjru_k4 mse2_k4 mp7g_f6 mq1m_0 mj7u_0 m7er_k4 lazyloaded\" src=\"https:\/\/a.allegroimg.com\/original\/11d050\/c2b85455486a8a8fa41eace4f6b4\/2023-Electric-Bike-1000W-120KM-Oil-Brake-Frame-Material-aluminum\" sizes=\"(min-width: 1200px) 560px, (min-width: 992px) 50vw, 100vw\" srcset=\"https:\/\/a.allegroimg.com\/s360\/11d050\/c2b85455486a8a8fa41eace4f6b4\/2023-Electric-Bike-1000W-120KM-Oil-Brake-Frame-Material-aluminum 284w,https:\/\/a.allegroimg.com\/s720\/11d050\/c2b85455486a8a8fa41eace4f6b4\/2023-Electric-Bike-1000W-120KM-Oil-Brake-Frame-Material-aluminum 568w,https:\/\/a.allegroimg.com\/s1024\/11d050\/c2b85455486a8a8fa41eace4f6b4\/2023-Electric-Bike-1000W-120KM-Oil-Brake-Frame-Material-aluminum 808w,https:\/\/a.allegroimg.com\/s1440\/11d050\/c2b85455486a8a8fa41eace4f6b4\/2023-Electric-Bike-1000W-120KM-Oil-Brake-Frame-Material-aluminum 900w,https:\/\/a.allegroimg.com\/original\/11d050\/c2b85455486a8a8fa41eace4f6b4\/2023-Electric-Bike-1000W-120KM-Oil-Brake-Frame-Material-aluminum 900w\" alt=\"2023 Electric Bike 1000W 120KM Oil Brake Frame Material aluminum\" width=\"746\" height=\"946\" data-src=\"https:\/\/a.allegroimg.com\/original\/11d050\/c2b85455486a8a8fa41eace4f6b4\/2023-Electric-Bike-1000W-120KM-Oil-Brake-Frame-Material-aluminum\" data-srcset=\"https:\/\/a.allegroimg.com\/s360\/11d050\/c2b85455486a8a8fa41eace4f6b4\/2023-Electric-Bike-1000W-120KM-Oil-Brake-Frame-Material-aluminum 284w,https:\/\/a.allegroimg.com\/s720\/11d050\/c2b85455486a8a8fa41eace4f6b4\/2023-Electric-Bike-1000W-120KM-Oil-Brake-Frame-Material-aluminum 568w,https:\/\/a.allegroimg.com\/s1024\/11d050\/c2b85455486a8a8fa41eace4f6b4\/2023-Electric-Bike-1000W-120KM-Oil-Brake-Frame-Material-aluminum 808w,https:\/\/a.allegroimg.com\/s1440\/11d050\/c2b85455486a8a8fa41eace4f6b4\/2023-Electric-Bike-1000W-120KM-Oil-Brake-Frame-Material-aluminum 900w,https:\/\/a.allegroimg.com\/original\/11d050\/c2b85455486a8a8fa41eace4f6b4\/2023-Electric-Bike-1000W-120KM-Oil-Brake-Frame-Material-aluminum 900w\" \/><\/p>\n<h3>Kvaliteetne piduris\u00fcsteem<\/h3>\n<p>Sellel BURCHDA e-jalgrattal on kvaliteetne h\u00fcdrauliline pidur ja Shimano 8-k\u00e4iguline s\u00fcsteem, mis v\u00f5imaldab teil h\u00f5lpsasti valida erinevaid kiirusi igat t\u00fc\u00fcpi tee jaoks, millega soovite s\u00f5ita. Intelligentne p\u00fcsikiiruse hoidja.<\/p>\n<p><img decoding=\"async\" class=\"msub_k4 mupj_5k mjru_k4 mse2_k4 mp7g_f6 mq1m_0 mj7u_0 m7er_k4 lazyloaded\" src=\"https:\/\/a.allegroimg.com\/original\/11b0d2\/23d1ccbe4ba2945888c21ee53840\/2023-Electric-Bike-1000W-120KM-Oil-Brake-Shock-Absorption-front\" sizes=\"(min-width: 1200px) 560px, (min-width: 992px) 50vw, 100vw\" srcset=\"https:\/\/a.allegroimg.com\/s360\/11b0d2\/23d1ccbe4ba2945888c21ee53840\/2023-Electric-Bike-1000W-120KM-Oil-Brake-Shock-Absorption-front 210w,https:\/\/a.allegroimg.com\/s720\/11b0d2\/23d1ccbe4ba2945888c21ee53840\/2023-Electric-Bike-1000W-120KM-Oil-Brake-Shock-Absorption-front 421w,https:\/\/a.allegroimg.com\/s1024\/11b0d2\/23d1ccbe4ba2945888c21ee53840\/2023-Electric-Bike-1000W-120KM-Oil-Brake-Shock-Absorption-front 599w,https:\/\/a.allegroimg.com\/s1440\/11b0d2\/23d1ccbe4ba2945888c21ee53840\/2023-Electric-Bike-1000W-120KM-Oil-Brake-Shock-Absorption-front 723w,https:\/\/a.allegroimg.com\/original\/11b0d2\/23d1ccbe4ba2945888c21ee53840\/2023-Electric-Bike-1000W-120KM-Oil-Brake-Shock-Absorption-front 723w\" alt=\"2023 Electric Bike 1000W 120KM Oil Brake Shock Absorption front\" width=\"570\" height=\"973\" data-src=\"https:\/\/a.allegroimg.com\/original\/11b0d2\/23d1ccbe4ba2945888c21ee53840\/2023-Electric-Bike-1000W-120KM-Oil-Brake-Shock-Absorption-front\" data-srcset=\"https:\/\/a.allegroimg.com\/s360\/11b0d2\/23d1ccbe4ba2945888c21ee53840\/2023-Electric-Bike-1000W-120KM-Oil-Brake-Shock-Absorption-front 210w,https:\/\/a.allegroimg.com\/s720\/11b0d2\/23d1ccbe4ba2945888c21ee53840\/2023-Electric-Bike-1000W-120KM-Oil-Brake-Shock-Absorption-front 421w,https:\/\/a.allegroimg.com\/s1024\/11b0d2\/23d1ccbe4ba2945888c21ee53840\/2023-Electric-Bike-1000W-120KM-Oil-Brake-Shock-Absorption-front 599w,https:\/\/a.allegroimg.com\/s1440\/11b0d2\/23d1ccbe4ba2945888c21ee53840\/2023-Electric-Bike-1000W-120KM-Oil-Brake-Shock-Absorption-front 723w,https:\/\/a.allegroimg.com\/original\/11b0d2\/23d1ccbe4ba2945888c21ee53840\/2023-Electric-Bike-1000W-120KM-Oil-Brake-Shock-Absorption-front 723w\" \/><\/p>\n<h3>Nutikas LCD-ekraan<\/h3>\n<p>K\u00fcmme kvaliteetse v\u00e4rvilise LCD-ekraaniga varustatud m\u00e4gijalgratast pakub v\u00f5imsust, kiirust ja l\u00e4bis\u00f5idukaugust.<\/p>\n<p><img loading=\"lazy\" decoding=\"async\" class=\"msub_k4 mupj_5k mjru_k4 mse2_k4 mp7g_f6 mq1m_0 mj7u_0 m7er_k4 lazyloaded\" src=\"https:\/\/a.allegroimg.com\/original\/11f0ac\/c51c16a84fc38c81456784fc98f0\/2023-Electric-Bike-1000W-120KM-Oil-Brake-Rechargeable-battery-lithium-ion\" sizes=\"100vw\" srcset=\"https:\/\/a.allegroimg.com\/s360\/11f0ac\/c51c16a84fc38c81456784fc98f0\/2023-Electric-Bike-1000W-120KM-Oil-Brake-Rechargeable-battery-lithium-ion 360w,https:\/\/a.allegroimg.com\/s720\/11f0ac\/c51c16a84fc38c81456784fc98f0\/2023-Electric-Bike-1000W-120KM-Oil-Brake-Rechargeable-battery-lithium-ion 720w,https:\/\/a.allegroimg.com\/s1024\/11f0ac\/c51c16a84fc38c81456784fc98f0\/2023-Electric-Bike-1000W-120KM-Oil-Brake-Rechargeable-battery-lithium-ion 1023w,https:\/\/a.allegroimg.com\/s1440\/11f0ac\/c51c16a84fc38c81456784fc98f0\/2023-Electric-Bike-1000W-120KM-Oil-Brake-Rechargeable-battery-lithium-ion 1440w,https:\/\/a.allegroimg.com\/original\/11f0ac\/c51c16a84fc38c81456784fc98f0\/2023-Electric-Bike-1000W-120KM-Oil-Brake-Rechargeable-battery-lithium-ion 1896w\" alt=\"2023 Electric Bike 1000W 120KM Oil Brake Rechargeable battery lithium-ion\" width=\"875\" height=\"399\" data-src=\"https:\/\/a.allegroimg.com\/original\/11f0ac\/c51c16a84fc38c81456784fc98f0\/2023-Electric-Bike-1000W-120KM-Oil-Brake-Rechargeable-battery-lithium-ion\" data-srcset=\"https:\/\/a.allegroimg.com\/s360\/11f0ac\/c51c16a84fc38c81456784fc98f0\/2023-Electric-Bike-1000W-120KM-Oil-Brake-Rechargeable-battery-lithium-ion 360w,https:\/\/a.allegroimg.com\/s720\/11f0ac\/c51c16a84fc38c81456784fc98f0\/2023-Electric-Bike-1000W-120KM-Oil-Brake-Rechargeable-battery-lithium-ion 720w,https:\/\/a.allegroimg.com\/s1024\/11f0ac\/c51c16a84fc38c81456784fc98f0\/2023-Electric-Bike-1000W-120KM-Oil-Brake-Rechargeable-battery-lithium-ion 1023w,https:\/\/a.allegroimg.com\/s1440\/11f0ac\/c51c16a84fc38c81456784fc98f0\/2023-Electric-Bike-1000W-120KM-Oil-Brake-Rechargeable-battery-lithium-ion 1440w,https:\/\/a.allegroimg.com\/original\/11f0ac\/c51c16a84fc38c81456784fc98f0\/2023-Electric-Bike-1000W-120KM-Oil-Brake-Rechargeable-battery-lithium-ion 1896w\" \/><\/p>\n<h3>Alumiiniumraam<\/h3>\n<p>BURCHDA elektrilisel maastikurattal on 26 \u00d7 4,0 tolli esmaklassilised rehvid reisimiseks, lumeteedel, liivateedel ja maastikul s\u00f5itmiseks.<\/p>\n<p><img loading=\"lazy\" decoding=\"async\" class=\"msub_k4 mupj_5k mjru_k4 mse2_k4 mp7g_f6 mq1m_0 mj7u_0 m7er_k4 lazyloaded\" src=\"https:\/\/a.allegroimg.com\/original\/117baf\/0b95bb8643bba3b1aaacbe3d9cc1\/2023-Electric-Bike-1000W-120KM-Oil-Brake-Color-gray\" sizes=\"100vw\" srcset=\"https:\/\/a.allegroimg.com\/s360\/117baf\/0b95bb8643bba3b1aaacbe3d9cc1\/2023-Electric-Bike-1000W-120KM-Oil-Brake-Color-gray 360w,https:\/\/a.allegroimg.com\/s720\/117baf\/0b95bb8643bba3b1aaacbe3d9cc1\/2023-Electric-Bike-1000W-120KM-Oil-Brake-Color-gray 720w,https:\/\/a.allegroimg.com\/s1024\/117baf\/0b95bb8643bba3b1aaacbe3d9cc1\/2023-Electric-Bike-1000W-120KM-Oil-Brake-Color-gray 1024w,https:\/\/a.allegroimg.com\/s1440\/117baf\/0b95bb8643bba3b1aaacbe3d9cc1\/2023-Electric-Bike-1000W-120KM-Oil-Brake-Color-gray 1440w,https:\/\/a.allegroimg.com\/original\/117baf\/0b95bb8643bba3b1aaacbe3d9cc1\/2023-Electric-Bike-1000W-120KM-Oil-Brake-Color-gray 1514w\" alt=\"2023 Electric Bike 1000W 120KM Oil Brake Color gray\" width=\"828\" height=\"665\" data-src=\"https:\/\/a.allegroimg.com\/original\/117baf\/0b95bb8643bba3b1aaacbe3d9cc1\/2023-Electric-Bike-1000W-120KM-Oil-Brake-Color-gray\" data-srcset=\"https:\/\/a.allegroimg.com\/s360\/117baf\/0b95bb8643bba3b1aaacbe3d9cc1\/2023-Electric-Bike-1000W-120KM-Oil-Brake-Color-gray 360w,https:\/\/a.allegroimg.com\/s720\/117baf\/0b95bb8643bba3b1aaacbe3d9cc1\/2023-Electric-Bike-1000W-120KM-Oil-Brake-Color-gray 720w,https:\/\/a.allegroimg.com\/s1024\/117baf\/0b95bb8643bba3b1aaacbe3d9cc1\/2023-Electric-Bike-1000W-120KM-Oil-Brake-Color-gray 1024w,https:\/\/a.allegroimg.com\/s1440\/117baf\/0b95bb8643bba3b1aaacbe3d9cc1\/2023-Electric-Bike-1000W-120KM-Oil-Brake-Color-gray 1440w,https:\/\/a.allegroimg.com\/original\/117baf\/0b95bb8643bba3b1aaacbe3d9cc1\/2023-Electric-Bike-1000W-120KM-Oil-Brake-Color-gray 1514w\" \/><\/p>\n<p>&nbsp;<\/p>\n<h3>Info<\/h3>\n<p>Mootor: 250 W(piirajaga)<\/p>\n<p>Aku: 48V 18AH 864Wh<\/p>\n<p>K\u00e4igukast: 8SP<\/p>\n<p>Pedaalid: tugevast alumiiniumist pedaalid<\/p>\n<p>S\u00f5iduulatus: 100-120km<\/p>\n<p>Kiirus: 25 KM\/H (piirajaga)<\/p>\n<p>Rehvid: 26&#8243;*4,0<\/p>\n<p>Ekraan: S2 v\u00e4rviline ekraan<\/p>\n<p>S\u00f5idu re\u017eiimid: viis re\u017eiimi<\/p>\n<p>Pidur: DYISLAND \u00f5lipidur<\/p>\n<p>Maksimaalne koormus: 180 kg<\/p>\n<p>Esituli: LED esituli + LED tagatuli<\/p>\n<p>K\u00e4igud: Shimano M315 s\u00f5rmet\u00f5mme, TY300 tagat\u00f5mme<\/p>\n<p>Muud funktsioonid: helisignaal, esituled, p\u00fcsikiiruse hoidja<\/p>\n<p>Kaal: 32,5 kg<\/p>\n<p>Laadimisaeg 6 h<\/p>\n<p>Tootmisaasta 2023<\/p>\n<p>Paki kaasas:<\/p>\n<p>1. Lukk 2. Telefonihoidik 3. Rattapump 4. T\u00f6\u00f6riistad 5. Esituli 6. Laadija 7. Poritiivad 8. Pakiraam<\/p>\n","protected":false},"excerpt":{"rendered":"<p><strong>BURCHDA RX210<\/strong> Elektriratas on sobilik s\u00f5itjale pikkusega 160-200cm<\/p>\n<ul>\n<li>Mootor: 250W(piirajaga)<\/li>\n<li>Aku: 48V 18AH 864Wh<\/li>\n<li>S\u00f5iduulatus: 100-120km<\/li>\n<li>Kiirus: 25 km\/h (piirajaga)<\/li>\n<li>Rehvid: 26&#8243;*4,0<\/li>\n<li>Maksimaalne koormus: 180 kg<\/li>\n<li>Kaal: 32,5 kg<\/li>\n<li>Laadimisaeg 6 h<\/li>\n<\/ul>\n<p>&nbsp;<\/p>\n<p><strong>\u2666 Tarneaeg 2-6 p\u00e4eva<\/strong><br \/>\n<strong>\u2666 Laos<\/strong><\/p>\n","protected":false},"featured_media":13807,"template":"","meta":[],"product_cat":[52,905],"product_tag":[],"class_list":{"0":"post-10139","1":"product","2":"type-product","3":"status-publish","4":"has-post-thumbnail","6":"product_cat-elektrirattad","7":"product_cat-maastikurattad","8":"product_shipping_class-suured-pakid","10":"first","11":"instock","12":"sale","13":"taxable","14":"shipping-taxable","15":"purchasable","16":"product-type-simple"},"yoast_head":"<!-- This site is optimized with the Yoast SEO plugin v23.8 - https:\/\/yoast.com\/wordpress\/plugins\/seo\/ -->\n<title>BURCHDA RX210 Elektriratas, 120km, 48V 18AH - Ecocruiser<\/title>\n<meta name=\"description\" content=\"BURCHDA RX20 Elektriratas on sobilik s\u00f5itjale pikkusega 160-200cm Mootor: 250 W Aku: 48V 18AH 864Wh Puhtalt elektriline l\u00e4bis\u00f5it: 50-60km Abiire\u017eiim: 100-120km\" \/>\n<meta name=\"robots\" content=\"noindex, follow, max-snippet:-1, max-image-preview:large, max-video-preview:-1\" \/>\n<meta property=\"og:locale\" content=\"en_GB\" \/>\n<meta property=\"og:type\" content=\"article\" \/>\n<meta property=\"og:title\" content=\"BURCHDA RX210 Elektriratas, 120km, 48V 18AH - Ecocruiser\" \/>\n<meta property=\"og:description\" content=\"BURCHDA RX20 Elektriratas on sobilik s\u00f5itjale pikkusega 160-200cm Mootor: 250 W Aku: 48V 18AH 864Wh Puhtalt elektriline l\u00e4bis\u00f5it: 50-60km Abiire\u017eiim: 100-120km\" \/>\n<meta property=\"og:url\" content=\"https:\/\/projekt.vombat.ee\/eco\/pood\/elektrirattad\/maastikurattad\/burchda-rx20-elektriratas-120km-250-w-48v-18ah\/\" \/>\n<meta property=\"og:site_name\" content=\"Ecocruiser\" \/>\n<meta property=\"article:modified_time\" content=\"2024-04-06T08:39:10+00:00\" \/>\n<meta property=\"og:image\" content=\"https:\/\/projekt.vombat.ee\/eco\/wp-content\/uploads\/2023\/06\/BURCHDA-RX20-26-inch-All-terrain-Electric-Bike-518792-0.jpg\" \/>\n\t<meta property=\"og:image:width\" content=\"1000\" \/>\n\t<meta property=\"og:image:height\" content=\"1000\" \/>\n\t<meta property=\"og:image:type\" content=\"image\/jpeg\" \/>\n<meta name=\"twitter:card\" content=\"summary_large_image\" \/>\n<meta name=\"twitter:label1\" content=\"Estimated reading time\" \/>\n\t<meta name=\"twitter:data1\" content=\"3 minutes\" \/>\n<script type=\"application\/ld+json\" class=\"yoast-schema-graph\">{\"@context\":\"https:\/\/schema.org\",\"@graph\":[{\"@type\":\"WebPage\",\"@id\":\"https:\/\/projekt.vombat.ee\/eco\/pood\/elektrirattad\/maastikurattad\/burchda-rx20-elektriratas-120km-250-w-48v-18ah\/\",\"url\":\"https:\/\/projekt.vombat.ee\/eco\/pood\/elektrirattad\/maastikurattad\/burchda-rx20-elektriratas-120km-250-w-48v-18ah\/\",\"name\":\"BURCHDA RX210 Elektriratas, 120km, 48V 18AH - Ecocruiser\",\"isPartOf\":{\"@id\":\"https:\/\/projekt.vombat.ee\/eco\/#website\"},\"primaryImageOfPage\":{\"@id\":\"https:\/\/projekt.vombat.ee\/eco\/pood\/elektrirattad\/maastikurattad\/burchda-rx20-elektriratas-120km-250-w-48v-18ah\/#primaryimage\"},\"image\":{\"@id\":\"https:\/\/projekt.vombat.ee\/eco\/pood\/elektrirattad\/maastikurattad\/burchda-rx20-elektriratas-120km-250-w-48v-18ah\/#primaryimage\"},\"thumbnailUrl\":\"https:\/\/projekt.vombat.ee\/eco\/wp-content\/uploads\/2023\/06\/BURCHDA-RX20-26-inch-All-terrain-Electric-Bike-518792-0.jpg\",\"datePublished\":\"2023-06-07T12:09:40+00:00\",\"dateModified\":\"2024-04-06T08:39:10+00:00\",\"description\":\"BURCHDA RX20 Elektriratas on sobilik s\u00f5itjale pikkusega 160-200cm Mootor: 250 W Aku: 48V 18AH 864Wh Puhtalt elektriline l\u00e4bis\u00f5it: 50-60km Abiire\u017eiim: 100-120km\",\"breadcrumb\":{\"@id\":\"https:\/\/projekt.vombat.ee\/eco\/pood\/elektrirattad\/maastikurattad\/burchda-rx20-elektriratas-120km-250-w-48v-18ah\/#breadcrumb\"},\"inLanguage\":\"en-GB\",\"potentialAction\":[{\"@type\":\"ReadAction\",\"target\":[\"https:\/\/projekt.vombat.ee\/eco\/pood\/elektrirattad\/maastikurattad\/burchda-rx20-elektriratas-120km-250-w-48v-18ah\/\"]}]},{\"@type\":\"ImageObject\",\"inLanguage\":\"en-GB\",\"@id\":\"https:\/\/projekt.vombat.ee\/eco\/pood\/elektrirattad\/maastikurattad\/burchda-rx20-elektriratas-120km-250-w-48v-18ah\/#primaryimage\",\"url\":\"https:\/\/projekt.vombat.ee\/eco\/wp-content\/uploads\/2023\/06\/BURCHDA-RX20-26-inch-All-terrain-Electric-Bike-518792-0.jpg\",\"contentUrl\":\"https:\/\/projekt.vombat.ee\/eco\/wp-content\/uploads\/2023\/06\/BURCHDA-RX20-26-inch-All-terrain-Electric-Bike-518792-0.jpg\",\"width\":1000,\"height\":1000},{\"@type\":\"BreadcrumbList\",\"@id\":\"https:\/\/projekt.vombat.ee\/eco\/pood\/elektrirattad\/maastikurattad\/burchda-rx20-elektriratas-120km-250-w-48v-18ah\/#breadcrumb\",\"itemListElement\":[{\"@type\":\"ListItem\",\"position\":1,\"name\":\"Home\",\"item\":\"https:\/\/projekt.vombat.ee\/eco\/\"},{\"@type\":\"ListItem\",\"position\":2,\"name\":\"Pood\",\"item\":\"https:\/\/projekt.vombat.ee\/eco\/pood\/\"},{\"@type\":\"ListItem\",\"position\":3,\"name\":\"BURCHDA RX210 Elektriratas, 120km, 48V 18AH\"}]},{\"@type\":\"WebSite\",\"@id\":\"https:\/\/projekt.vombat.ee\/eco\/#website\",\"url\":\"https:\/\/projekt.vombat.ee\/eco\/\",\"name\":\"Ecocruiser\",\"description\":\"\",\"publisher\":{\"@id\":\"https:\/\/projekt.vombat.ee\/eco\/#organization\"},\"potentialAction\":[{\"@type\":\"SearchAction\",\"target\":{\"@type\":\"EntryPoint\",\"urlTemplate\":\"https:\/\/projekt.vombat.ee\/eco\/?s={search_term_string}\"},\"query-input\":{\"@type\":\"PropertyValueSpecification\",\"valueRequired\":true,\"valueName\":\"search_term_string\"}}],\"inLanguage\":\"en-GB\"},{\"@type\":\"Organization\",\"@id\":\"https:\/\/projekt.vombat.ee\/eco\/#organization\",\"name\":\"Ecocruiser\",\"url\":\"https:\/\/projekt.vombat.ee\/eco\/\",\"logo\":{\"@type\":\"ImageObject\",\"inLanguage\":\"en-GB\",\"@id\":\"https:\/\/projekt.vombat.ee\/eco\/#\/schema\/logo\/image\/\",\"url\":\"https:\/\/projekt.vombat.ee\/eco\/wp-content\/uploads\/2023\/03\/ECOCRUISER_5.png\",\"contentUrl\":\"https:\/\/projekt.vombat.ee\/eco\/wp-content\/uploads\/2023\/03\/ECOCRUISER_5.png\",\"width\":234,\"height\":91,\"caption\":\"Ecocruiser\"},\"image\":{\"@id\":\"https:\/\/projekt.vombat.ee\/eco\/#\/schema\/logo\/image\/\"}}]}<\/script>\n<!-- \/ Yoast SEO plugin. -->","yoast_head_json":{"title":"BURCHDA RX210 Elektriratas, 120km, 48V 18AH - Ecocruiser","description":"BURCHDA RX20 Elektriratas on sobilik s\u00f5itjale pikkusega 160-200cm Mootor: 250 W Aku: 48V 18AH 864Wh Puhtalt elektriline l\u00e4bis\u00f5it: 50-60km Abiire\u017eiim: 100-120km","robots":{"index":"noindex","follow":"follow","max-snippet":"max-snippet:-1","max-image-preview":"max-image-preview:large","max-video-preview":"max-video-preview:-1"},"og_locale":"en_GB","og_type":"article","og_title":"BURCHDA RX210 Elektriratas, 120km, 48V 18AH - Ecocruiser","og_description":"BURCHDA RX20 Elektriratas on sobilik s\u00f5itjale pikkusega 160-200cm Mootor: 250 W Aku: 48V 18AH 864Wh Puhtalt elektriline l\u00e4bis\u00f5it: 50-60km Abiire\u017eiim: 100-120km","og_url":"https:\/\/projekt.vombat.ee\/eco\/pood\/elektrirattad\/maastikurattad\/burchda-rx20-elektriratas-120km-250-w-48v-18ah\/","og_site_name":"Ecocruiser","article_modified_time":"2024-04-06T08:39:10+00:00","og_image":[{"width":1000,"height":1000,"url":"https:\/\/projekt.vombat.ee\/eco\/wp-content\/uploads\/2023\/06\/BURCHDA-RX20-26-inch-All-terrain-Electric-Bike-518792-0.jpg","type":"image\/jpeg"}],"twitter_card":"summary_large_image","twitter_misc":{"Estimated reading time":"3 minutes"},"schema":{"@context":"https:\/\/schema.org","@graph":[{"@type":"WebPage","@id":"https:\/\/projekt.vombat.ee\/eco\/pood\/elektrirattad\/maastikurattad\/burchda-rx20-elektriratas-120km-250-w-48v-18ah\/","url":"https:\/\/projekt.vombat.ee\/eco\/pood\/elektrirattad\/maastikurattad\/burchda-rx20-elektriratas-120km-250-w-48v-18ah\/","name":"BURCHDA RX210 Elektriratas, 120km, 48V 18AH - Ecocruiser","isPartOf":{"@id":"https:\/\/projekt.vombat.ee\/eco\/#website"},"primaryImageOfPage":{"@id":"https:\/\/projekt.vombat.ee\/eco\/pood\/elektrirattad\/maastikurattad\/burchda-rx20-elektriratas-120km-250-w-48v-18ah\/#primaryimage"},"image":{"@id":"https:\/\/projekt.vombat.ee\/eco\/pood\/elektrirattad\/maastikurattad\/burchda-rx20-elektriratas-120km-250-w-48v-18ah\/#primaryimage"},"thumbnailUrl":"https:\/\/projekt.vombat.ee\/eco\/wp-content\/uploads\/2023\/06\/BURCHDA-RX20-26-inch-All-terrain-Electric-Bike-518792-0.jpg","datePublished":"2023-06-07T12:09:40+00:00","dateModified":"2024-04-06T08:39:10+00:00","description":"BURCHDA RX20 Elektriratas on sobilik s\u00f5itjale pikkusega 160-200cm Mootor: 250 W Aku: 48V 18AH 864Wh Puhtalt elektriline l\u00e4bis\u00f5it: 50-60km Abiire\u017eiim: 100-120km","breadcrumb":{"@id":"https:\/\/projekt.vombat.ee\/eco\/pood\/elektrirattad\/maastikurattad\/burchda-rx20-elektriratas-120km-250-w-48v-18ah\/#breadcrumb"},"inLanguage":"en-GB","potentialAction":[{"@type":"ReadAction","target":["https:\/\/projekt.vombat.ee\/eco\/pood\/elektrirattad\/maastikurattad\/burchda-rx20-elektriratas-120km-250-w-48v-18ah\/"]}]},{"@type":"ImageObject","inLanguage":"en-GB","@id":"https:\/\/projekt.vombat.ee\/eco\/pood\/elektrirattad\/maastikurattad\/burchda-rx20-elektriratas-120km-250-w-48v-18ah\/#primaryimage","url":"https:\/\/projekt.vombat.ee\/eco\/wp-content\/uploads\/2023\/06\/BURCHDA-RX20-26-inch-All-terrain-Electric-Bike-518792-0.jpg","contentUrl":"https:\/\/projekt.vombat.ee\/eco\/wp-content\/uploads\/2023\/06\/BURCHDA-RX20-26-inch-All-terrain-Electric-Bike-518792-0.jpg","width":1000,"height":1000},{"@type":"BreadcrumbList","@id":"https:\/\/projekt.vombat.ee\/eco\/pood\/elektrirattad\/maastikurattad\/burchda-rx20-elektriratas-120km-250-w-48v-18ah\/#breadcrumb","itemListElement":[{"@type":"ListItem","position":1,"name":"Home","item":"https:\/\/projekt.vombat.ee\/eco\/"},{"@type":"ListItem","position":2,"name":"Pood","item":"https:\/\/projekt.vombat.ee\/eco\/pood\/"},{"@type":"ListItem","position":3,"name":"BURCHDA RX210 Elektriratas, 120km, 48V 18AH"}]},{"@type":"WebSite","@id":"https:\/\/projekt.vombat.ee\/eco\/#website","url":"https:\/\/projekt.vombat.ee\/eco\/","name":"Ecocruiser","description":"","publisher":{"@id":"https:\/\/projekt.vombat.ee\/eco\/#organization"},"potentialAction":[{"@type":"SearchAction","target":{"@type":"EntryPoint","urlTemplate":"https:\/\/projekt.vombat.ee\/eco\/?s={search_term_string}"},"query-input":{"@type":"PropertyValueSpecification","valueRequired":true,"valueName":"search_term_string"}}],"inLanguage":"en-GB"},{"@type":"Organization","@id":"https:\/\/projekt.vombat.ee\/eco\/#organization","name":"Ecocruiser","url":"https:\/\/projekt.vombat.ee\/eco\/","logo":{"@type":"ImageObject","inLanguage":"en-GB","@id":"https:\/\/projekt.vombat.ee\/eco\/#\/schema\/logo\/image\/","url":"https:\/\/projekt.vombat.ee\/eco\/wp-content\/uploads\/2023\/03\/ECOCRUISER_5.png","contentUrl":"https:\/\/projekt.vombat.ee\/eco\/wp-content\/uploads\/2023\/03\/ECOCRUISER_5.png","width":234,"height":91,"caption":"Ecocruiser"},"image":{"@id":"https:\/\/projekt.vombat.ee\/eco\/#\/schema\/logo\/image\/"}}]}},"lang":"et","translations":{"et":10139},"pll_sync_post":[],"_links":{"self":[{"href":"https:\/\/projekt.vombat.ee\/eco\/wp-json\/wp\/v2\/product\/10139"}],"collection":[{"href":"https:\/\/projekt.vombat.ee\/eco\/wp-json\/wp\/v2\/product"}],"about":[{"href":"https:\/\/projekt.vombat.ee\/eco\/wp-json\/wp\/v2\/types\/product"}],"version-history":[{"count":6,"href":"https:\/\/projekt.vombat.ee\/eco\/wp-json\/wp\/v2\/product\/10139\/revisions"}],"predecessor-version":[{"id":15553,"href":"https:\/\/projekt.vombat.ee\/eco\/wp-json\/wp\/v2\/product\/10139\/revisions\/15553"}],"wp:featuredmedia":[{"embeddable":true,"href":"https:\/\/projekt.vombat.ee\/eco\/wp-json\/wp\/v2\/media\/13807"}],"wp:attachment":[{"href":"https:\/\/projekt.vombat.ee\/eco\/wp-json\/wp\/v2\/media?parent=10139"}],"wp:term":[{"taxonomy":"product_cat","embeddable":true,"href":"https:\/\/projekt.vombat.ee\/eco\/wp-json\/wp\/v2\/product_cat?post=10139"},{"taxonomy":"product_tag","embeddable":true,"href":"https:\/\/projekt.vombat.ee\/eco\/wp-json\/wp\/v2\/product_tag?post=10139"}],"curies":[{"name":"wp","href":"https:\/\/api.w.org\/{rel}","templated":true}]}}