{"id":10121,"date":"2023-06-06T14:16:22","date_gmt":"2023-06-06T14:16:22","guid":{"rendered":"https:\/\/projekt.vombat.ee\/eco\/?post_type=product&#038;p=10121"},"modified":"2023-11-20T13:25:46","modified_gmt":"2023-11-20T13:25:46","slug":"muvi-executive-elektriroller-85-km","status":"publish","type":"product","link":"https:\/\/projekt.vombat.ee\/eco\/pood\/elektrirollerid\/muvi-executive-elektriroller-85-km\/","title":{"rendered":"Torrot Muvi Executive 250W Elektriroller, 85 km"},"content":{"rendered":"<h3>Info<\/h3>\n<p>RAAM: Torukujuline terasraam<br \/>\nESINE VEDRUSTUS: H\u00fcdrauliline teleskoopkahvel<br \/>\nTAGAVEDRUSTUS: Eelkoormuse reguleerimisega k\u00fclgmine monoamort<br \/>\nVELJED\/REHVID: Alumiinium 16&#8243; x 2,15 \/ 90\/80\u201316<br \/>\nPIDURID: H\u00fcdrauliline kombineeritud piduris\u00fcsteem 220mm EES \/ 200mm TAGA<br \/>\nMOOTOR: Torrot harjadeta AC PMSM<br \/>\nV\u00d5IMSUS: 4,1CV (3 kw) \/ 35 Nm<br \/>\nMAKSIMUM KIIRUS: 25km\/h (piirajaga)<br \/>\nAKU: Eemaldatav 2 x 48V 35,2Ah LiNiCoMn<br \/>\nS\u00d5IDUULATUS: 85 km (ECO-re\u017eiim)<br \/>\nFUNKTSIOONID: Intelligentne LCD 4-tolline 320&#215;240, mida saab kohandada APP kaudu (iOS \/ Android)<br \/>\nKAAL: 96 kg (koos patareidega)<\/p>\n","protected":false},"excerpt":{"rendered":"<p>Muvi Executive Elektrirolleriga on \u00e4\u00e4rmiselt lihtne s\u00f5ita ja \u00fclimugav. elektrirolleriga on kaasas k\u00f5ik, mida otsite, et linnas l\u00f5busalt, turvaliselt ja t\u00f5husalt liikuda.<\/p>\n<p>Loodud inimestele, kes hindavad aega ja praktilisust \u00fcle k\u00f5ige.<\/p>\n<ul>\n<li>Kaal: 96 kg<\/li>\n<li>V\u00f5imsus: 4,1 CV (3 kW) 125cc<\/li>\n<li>S\u00f5iduulatus: 85 km<\/li>\n<li>Maksimaalne kiirus: 25 km\/h (piirajaga)<\/li>\n<li>100% Disainitud ja toodetud Hispaanias<\/li>\n<li>Sobib vanuses 15 kuni 99 aastat<\/li>\n<li>Programmeeritav ja juhitav nutitelefoni rakendusega<\/li>\n<li>2-aastane t\u00e4isgarantii v\u00f5i 40 000 km<\/li>\n<li>Keskkonnas\u00f5bralik ja vaikne, ideaalne viis linnas t\u00f5husalt ringi liikuda<\/li>\n<li>Kahekohaline roller<\/li>\n<\/ul>\n<p>\u2666\u00a0<strong>Tarneaeg 3-7 p\u00e4eva<\/strong><br \/>\n\u2666\u00a0<strong>Laos<\/strong><\/p>\n","protected":false},"featured_media":10122,"template":"","meta":[],"product_cat":[1662],"product_tag":[],"class_list":{"0":"post-10121","1":"product","2":"type-product","3":"status-publish","4":"has-post-thumbnail","6":"product_cat-elektrirollerid","7":"product_shipping_class-suured-pakid","9":"first","10":"instock","11":"taxable","12":"shipping-taxable","13":"purchasable","14":"product-type-simple"},"yoast_head":"<!-- This site is optimized with the Yoast SEO plugin v23.8 - https:\/\/yoast.com\/wordpress\/plugins\/seo\/ -->\n<title>Torrot Muvi Executive 250W Elektriroller, 85 km - Ecocruiser<\/title>\n<meta name=\"description\" content=\"Muvi Executive Elektrirolleriga on \u00e4\u00e4rmiselt lihtne s\u00f5ita ja \u00fclimugav. elektrirolleriga on kaasas k\u00f5ik, mida otsite, et linnas l\u00f5busalt, turvaliselt ja t\u00f5husalt liikuda.Loodud inimestele, kes hindavad aega ja praktilisust \u00fcle k\u00f5ige.\" \/>\n<meta name=\"robots\" content=\"noindex, follow, max-snippet:-1, max-image-preview:large, max-video-preview:-1\" \/>\n<meta property=\"og:locale\" content=\"en_GB\" \/>\n<meta property=\"og:type\" content=\"article\" \/>\n<meta property=\"og:title\" content=\"Torrot Muvi Executive 250W Elektriroller, 85 km - Ecocruiser\" \/>\n<meta property=\"og:description\" content=\"Muvi Executive Elektrirolleriga on \u00e4\u00e4rmiselt lihtne s\u00f5ita ja \u00fclimugav. elektrirolleriga on kaasas k\u00f5ik, mida otsite, et linnas l\u00f5busalt, turvaliselt ja t\u00f5husalt liikuda.Loodud inimestele, kes hindavad aega ja praktilisust \u00fcle k\u00f5ige.\" \/>\n<meta property=\"og:url\" content=\"https:\/\/projekt.vombat.ee\/eco\/pood\/elektrirollerid\/muvi-executive-elektriroller-85-km\/\" \/>\n<meta property=\"og:site_name\" content=\"Ecocruiser\" \/>\n<meta property=\"article:modified_time\" content=\"2023-11-20T13:25:46+00:00\" \/>\n<meta property=\"og:image\" content=\"https:\/\/projekt.vombat.ee\/eco\/wp-content\/uploads\/2023\/06\/1-7.jpg\" \/>\n\t<meta property=\"og:image:width\" content=\"1024\" \/>\n\t<meta property=\"og:image:height\" content=\"706\" \/>\n\t<meta property=\"og:image:type\" content=\"image\/jpeg\" \/>\n<meta name=\"twitter:card\" content=\"summary_large_image\" \/>\n<meta name=\"twitter:label1\" content=\"Estimated reading time\" \/>\n\t<meta name=\"twitter:data1\" content=\"1 minute\" \/>\n<script type=\"application\/ld+json\" class=\"yoast-schema-graph\">{\"@context\":\"https:\/\/schema.org\",\"@graph\":[{\"@type\":\"WebPage\",\"@id\":\"https:\/\/projekt.vombat.ee\/eco\/pood\/elektrirollerid\/muvi-executive-elektriroller-85-km\/\",\"url\":\"https:\/\/projekt.vombat.ee\/eco\/pood\/elektrirollerid\/muvi-executive-elektriroller-85-km\/\",\"name\":\"Torrot Muvi Executive 250W Elektriroller, 85 km - Ecocruiser\",\"isPartOf\":{\"@id\":\"https:\/\/projekt.vombat.ee\/eco\/#website\"},\"primaryImageOfPage\":{\"@id\":\"https:\/\/projekt.vombat.ee\/eco\/pood\/elektrirollerid\/muvi-executive-elektriroller-85-km\/#primaryimage\"},\"image\":{\"@id\":\"https:\/\/projekt.vombat.ee\/eco\/pood\/elektrirollerid\/muvi-executive-elektriroller-85-km\/#primaryimage\"},\"thumbnailUrl\":\"https:\/\/projekt.vombat.ee\/eco\/wp-content\/uploads\/2023\/06\/1-7.jpg\",\"datePublished\":\"2023-06-06T14:16:22+00:00\",\"dateModified\":\"2023-11-20T13:25:46+00:00\",\"description\":\"Muvi Executive Elektrirolleriga on \u00e4\u00e4rmiselt lihtne s\u00f5ita ja \u00fclimugav. elektrirolleriga on kaasas k\u00f5ik, mida otsite, et linnas l\u00f5busalt, turvaliselt ja t\u00f5husalt liikuda.Loodud inimestele, kes hindavad aega ja praktilisust \u00fcle k\u00f5ige.\",\"breadcrumb\":{\"@id\":\"https:\/\/projekt.vombat.ee\/eco\/pood\/elektrirollerid\/muvi-executive-elektriroller-85-km\/#breadcrumb\"},\"inLanguage\":\"en-GB\",\"potentialAction\":[{\"@type\":\"ReadAction\",\"target\":[\"https:\/\/projekt.vombat.ee\/eco\/pood\/elektrirollerid\/muvi-executive-elektriroller-85-km\/\"]}]},{\"@type\":\"ImageObject\",\"inLanguage\":\"en-GB\",\"@id\":\"https:\/\/projekt.vombat.ee\/eco\/pood\/elektrirollerid\/muvi-executive-elektriroller-85-km\/#primaryimage\",\"url\":\"https:\/\/projekt.vombat.ee\/eco\/wp-content\/uploads\/2023\/06\/1-7.jpg\",\"contentUrl\":\"https:\/\/projekt.vombat.ee\/eco\/wp-content\/uploads\/2023\/06\/1-7.jpg\",\"width\":1024,\"height\":706},{\"@type\":\"BreadcrumbList\",\"@id\":\"https:\/\/projekt.vombat.ee\/eco\/pood\/elektrirollerid\/muvi-executive-elektriroller-85-km\/#breadcrumb\",\"itemListElement\":[{\"@type\":\"ListItem\",\"position\":1,\"name\":\"Home\",\"item\":\"https:\/\/projekt.vombat.ee\/eco\/\"},{\"@type\":\"ListItem\",\"position\":2,\"name\":\"Pood\",\"item\":\"https:\/\/projekt.vombat.ee\/eco\/pood\/\"},{\"@type\":\"ListItem\",\"position\":3,\"name\":\"Torrot Muvi Executive 250W Elektriroller, 85 km\"}]},{\"@type\":\"WebSite\",\"@id\":\"https:\/\/projekt.vombat.ee\/eco\/#website\",\"url\":\"https:\/\/projekt.vombat.ee\/eco\/\",\"name\":\"Ecocruiser\",\"description\":\"\",\"publisher\":{\"@id\":\"https:\/\/projekt.vombat.ee\/eco\/#organization\"},\"potentialAction\":[{\"@type\":\"SearchAction\",\"target\":{\"@type\":\"EntryPoint\",\"urlTemplate\":\"https:\/\/projekt.vombat.ee\/eco\/?s={search_term_string}\"},\"query-input\":{\"@type\":\"PropertyValueSpecification\",\"valueRequired\":true,\"valueName\":\"search_term_string\"}}],\"inLanguage\":\"en-GB\"},{\"@type\":\"Organization\",\"@id\":\"https:\/\/projekt.vombat.ee\/eco\/#organization\",\"name\":\"Ecocruiser\",\"url\":\"https:\/\/projekt.vombat.ee\/eco\/\",\"logo\":{\"@type\":\"ImageObject\",\"inLanguage\":\"en-GB\",\"@id\":\"https:\/\/projekt.vombat.ee\/eco\/#\/schema\/logo\/image\/\",\"url\":\"https:\/\/projekt.vombat.ee\/eco\/wp-content\/uploads\/2023\/03\/ECOCRUISER_5.png\",\"contentUrl\":\"https:\/\/projekt.vombat.ee\/eco\/wp-content\/uploads\/2023\/03\/ECOCRUISER_5.png\",\"width\":234,\"height\":91,\"caption\":\"Ecocruiser\"},\"image\":{\"@id\":\"https:\/\/projekt.vombat.ee\/eco\/#\/schema\/logo\/image\/\"}}]}<\/script>\n<!-- \/ Yoast SEO plugin. -->","yoast_head_json":{"title":"Torrot Muvi Executive 250W Elektriroller, 85 km - Ecocruiser","description":"Muvi Executive Elektrirolleriga on \u00e4\u00e4rmiselt lihtne s\u00f5ita ja \u00fclimugav. elektrirolleriga on kaasas k\u00f5ik, mida otsite, et linnas l\u00f5busalt, turvaliselt ja t\u00f5husalt liikuda.Loodud inimestele, kes hindavad aega ja praktilisust \u00fcle k\u00f5ige.","robots":{"index":"noindex","follow":"follow","max-snippet":"max-snippet:-1","max-image-preview":"max-image-preview:large","max-video-preview":"max-video-preview:-1"},"og_locale":"en_GB","og_type":"article","og_title":"Torrot Muvi Executive 250W Elektriroller, 85 km - Ecocruiser","og_description":"Muvi Executive Elektrirolleriga on \u00e4\u00e4rmiselt lihtne s\u00f5ita ja \u00fclimugav. elektrirolleriga on kaasas k\u00f5ik, mida otsite, et linnas l\u00f5busalt, turvaliselt ja t\u00f5husalt liikuda.Loodud inimestele, kes hindavad aega ja praktilisust \u00fcle k\u00f5ige.","og_url":"https:\/\/projekt.vombat.ee\/eco\/pood\/elektrirollerid\/muvi-executive-elektriroller-85-km\/","og_site_name":"Ecocruiser","article_modified_time":"2023-11-20T13:25:46+00:00","og_image":[{"width":1024,"height":706,"url":"https:\/\/projekt.vombat.ee\/eco\/wp-content\/uploads\/2023\/06\/1-7.jpg","type":"image\/jpeg"}],"twitter_card":"summary_large_image","twitter_misc":{"Estimated reading time":"1 minute"},"schema":{"@context":"https:\/\/schema.org","@graph":[{"@type":"WebPage","@id":"https:\/\/projekt.vombat.ee\/eco\/pood\/elektrirollerid\/muvi-executive-elektriroller-85-km\/","url":"https:\/\/projekt.vombat.ee\/eco\/pood\/elektrirollerid\/muvi-executive-elektriroller-85-km\/","name":"Torrot Muvi Executive 250W Elektriroller, 85 km - Ecocruiser","isPartOf":{"@id":"https:\/\/projekt.vombat.ee\/eco\/#website"},"primaryImageOfPage":{"@id":"https:\/\/projekt.vombat.ee\/eco\/pood\/elektrirollerid\/muvi-executive-elektriroller-85-km\/#primaryimage"},"image":{"@id":"https:\/\/projekt.vombat.ee\/eco\/pood\/elektrirollerid\/muvi-executive-elektriroller-85-km\/#primaryimage"},"thumbnailUrl":"https:\/\/projekt.vombat.ee\/eco\/wp-content\/uploads\/2023\/06\/1-7.jpg","datePublished":"2023-06-06T14:16:22+00:00","dateModified":"2023-11-20T13:25:46+00:00","description":"Muvi Executive Elektrirolleriga on \u00e4\u00e4rmiselt lihtne s\u00f5ita ja \u00fclimugav. elektrirolleriga on kaasas k\u00f5ik, mida otsite, et linnas l\u00f5busalt, turvaliselt ja t\u00f5husalt liikuda.Loodud inimestele, kes hindavad aega ja praktilisust \u00fcle k\u00f5ige.","breadcrumb":{"@id":"https:\/\/projekt.vombat.ee\/eco\/pood\/elektrirollerid\/muvi-executive-elektriroller-85-km\/#breadcrumb"},"inLanguage":"en-GB","potentialAction":[{"@type":"ReadAction","target":["https:\/\/projekt.vombat.ee\/eco\/pood\/elektrirollerid\/muvi-executive-elektriroller-85-km\/"]}]},{"@type":"ImageObject","inLanguage":"en-GB","@id":"https:\/\/projekt.vombat.ee\/eco\/pood\/elektrirollerid\/muvi-executive-elektriroller-85-km\/#primaryimage","url":"https:\/\/projekt.vombat.ee\/eco\/wp-content\/uploads\/2023\/06\/1-7.jpg","contentUrl":"https:\/\/projekt.vombat.ee\/eco\/wp-content\/uploads\/2023\/06\/1-7.jpg","width":1024,"height":706},{"@type":"BreadcrumbList","@id":"https:\/\/projekt.vombat.ee\/eco\/pood\/elektrirollerid\/muvi-executive-elektriroller-85-km\/#breadcrumb","itemListElement":[{"@type":"ListItem","position":1,"name":"Home","item":"https:\/\/projekt.vombat.ee\/eco\/"},{"@type":"ListItem","position":2,"name":"Pood","item":"https:\/\/projekt.vombat.ee\/eco\/pood\/"},{"@type":"ListItem","position":3,"name":"Torrot Muvi Executive 250W Elektriroller, 85 km"}]},{"@type":"WebSite","@id":"https:\/\/projekt.vombat.ee\/eco\/#website","url":"https:\/\/projekt.vombat.ee\/eco\/","name":"Ecocruiser","description":"","publisher":{"@id":"https:\/\/projekt.vombat.ee\/eco\/#organization"},"potentialAction":[{"@type":"SearchAction","target":{"@type":"EntryPoint","urlTemplate":"https:\/\/projekt.vombat.ee\/eco\/?s={search_term_string}"},"query-input":{"@type":"PropertyValueSpecification","valueRequired":true,"valueName":"search_term_string"}}],"inLanguage":"en-GB"},{"@type":"Organization","@id":"https:\/\/projekt.vombat.ee\/eco\/#organization","name":"Ecocruiser","url":"https:\/\/projekt.vombat.ee\/eco\/","logo":{"@type":"ImageObject","inLanguage":"en-GB","@id":"https:\/\/projekt.vombat.ee\/eco\/#\/schema\/logo\/image\/","url":"https:\/\/projekt.vombat.ee\/eco\/wp-content\/uploads\/2023\/03\/ECOCRUISER_5.png","contentUrl":"https:\/\/projekt.vombat.ee\/eco\/wp-content\/uploads\/2023\/03\/ECOCRUISER_5.png","width":234,"height":91,"caption":"Ecocruiser"},"image":{"@id":"https:\/\/projekt.vombat.ee\/eco\/#\/schema\/logo\/image\/"}}]}},"lang":"et","translations":{"et":10121},"pll_sync_post":[],"_links":{"self":[{"href":"https:\/\/projekt.vombat.ee\/eco\/wp-json\/wp\/v2\/product\/10121"}],"collection":[{"href":"https:\/\/projekt.vombat.ee\/eco\/wp-json\/wp\/v2\/product"}],"about":[{"href":"https:\/\/projekt.vombat.ee\/eco\/wp-json\/wp\/v2\/types\/product"}],"version-history":[{"count":7,"href":"https:\/\/projekt.vombat.ee\/eco\/wp-json\/wp\/v2\/product\/10121\/revisions"}],"predecessor-version":[{"id":12669,"href":"https:\/\/projekt.vombat.ee\/eco\/wp-json\/wp\/v2\/product\/10121\/revisions\/12669"}],"wp:featuredmedia":[{"embeddable":true,"href":"https:\/\/projekt.vombat.ee\/eco\/wp-json\/wp\/v2\/media\/10122"}],"wp:attachment":[{"href":"https:\/\/projekt.vombat.ee\/eco\/wp-json\/wp\/v2\/media?parent=10121"}],"wp:term":[{"taxonomy":"product_cat","embeddable":true,"href":"https:\/\/projekt.vombat.ee\/eco\/wp-json\/wp\/v2\/product_cat?post=10121"},{"taxonomy":"product_tag","embeddable":true,"href":"https:\/\/projekt.vombat.ee\/eco\/wp-json\/wp\/v2\/product_tag?post=10121"}],"curies":[{"name":"wp","href":"https:\/\/api.w.org\/{rel}","templated":true}]}}