{"id":10090,"date":"2023-06-06T09:03:58","date_gmt":"2023-06-06T09:03:58","guid":{"rendered":"https:\/\/projekt.vombat.ee\/eco\/?post_type=product&#038;p=10090"},"modified":"2023-06-06T09:22:30","modified_gmt":"2023-06-06T09:22:30","slug":"orient-cargo-3-kastiratas","status":"publish","type":"product","link":"https:\/\/projekt.vombat.ee\/eco\/pood\/kastirattad\/orient-cargo-3-kastiratas\/","title":{"rendered":"Orient Cargo 3 Kastiratas"},"content":{"rendered":"<p>Jalgrataste, jalgratta varuosade ja lisavarustuse tootja\u00a0<strong>Orient<\/strong>\u00a0alustas tegevust\u00a0<strong>1945. aastal<\/strong>\u00a0<strong>Kreekas<\/strong>. End t\u00fc\u00fcpiliseks Kreeka pere\u00e4riks kutsuv <strong>Orient<\/strong>\u00a0on v\u00e4ga populaarne kodumaal ja ekspordib oma tooteid n\u00fc\u00fcdseks juba \u00fcle terve Euroopa.<\/p>\n<h3>Info<\/h3>\n<ul>\n<li>Raam: HITEN CARGO<\/li>\n<li>Ratta suurus: TAGA 26 \/ EES 20 tolli<\/li>\n<li>Vabak\u00e4ik: SHIMANO TZ500<\/li>\n<li>Sadul: URBAN VEDRADEGA<\/li>\n<li>Poritiivad: ESI- JA TAGAMINE METAL<\/li>\n<li>K\u00e4iguvahetaja: TAGUMINE SHIMANO TY300<\/li>\n<li>Veljed: ALLOY DOUBLE WALL<\/li>\n<li>K\u00e4iguvahetus: SHIMANO SLTX30\/6<\/li>\n<li>Kaal: 58 kg<\/li>\n<li>Laadimiskaal: 150 kg<\/li>\n<li>Ratta m\u00f5\u00f5dud BIKE 2340*880*1260mm<\/li>\n<li>Kasti m\u00f5\u00f5dud: 930*650*510mm<\/li>\n<li>4 kohta lastele, turvarihmadega<\/li>\n<li>Tuled: ESI- JA TAGUMINE<\/li>\n<\/ul>\n","protected":false},"excerpt":{"rendered":"<p><strong>Orient Cargo 3 kastiratas<\/strong> on m\u00f5eldud inimestele, kes soovivad rattaga j\u00f5uda punktist A punkti B ja samal ajal kasutada ratast mitte \u00fcksnes isikliku transpordivahendina.<\/p>\n<p>Pereema, kes peab viima kaks last eemalasuvasse lasteaeda, hipster, kes tahab oma suuremat sorti koeraga liikuda Loomelinnakus asuvasse idufirmasse v\u00f5i hoopis kuller, kes peab transportima mitut suuremahulist pakki korraga?<\/p>\n<p>Lahendus sulle on olemas! Ruumikas kargoratas on keskkonnas\u00f5bralik s\u00f5iduvahend, millega saab s\u00f5idutada lapsi lasteaeda ja koduteel Ikeast l\u00e4bi s\u00f5ita, et tuua koju uus \u00f6\u00f6kapp. Ja lisaks veel kodul\u00e4hedasest toidupoest l\u00e4bi vurada, et s\u00f6\u00f6gipoolist kaasa haarata.<\/p>\n<p>&nbsp;<\/p>\n<ul>\n<li>Kaal: 58 kg<\/li>\n<li>Kandev\u00f5ime: 150 kg<\/li>\n<li>Ratta m\u00f5\u00f5dud: 2340*880*1260mm<\/li>\n<li>Kasti m\u00f5\u00f5dud: 930*650*510mm<\/li>\n<li>4 kohta lastele, turvarihmadega<\/li>\n<\/ul>\n<p>&nbsp;<\/p>\n<p>\u2666\u00a0<strong>Tarneaeg 4-10 p\u00e4eva<\/strong><br \/>\n\u2666\u00a0<strong>Laos<\/strong><\/p>\n","protected":false},"featured_media":10092,"template":"","meta":[],"product_cat":[1503],"product_tag":[],"class_list":{"0":"post-10090","1":"product","2":"type-product","3":"status-publish","4":"has-post-thumbnail","6":"product_cat-kastirattad","7":"product_shipping_class-suured-pakid","9":"first","10":"instock","11":"taxable","12":"shipping-taxable","13":"purchasable","14":"product-type-simple"},"yoast_head":"<!-- This site is optimized with the Yoast SEO plugin v23.8 - https:\/\/yoast.com\/wordpress\/plugins\/seo\/ -->\n<title>Orient Cargo 3 Kastiratas - Ecocruiser<\/title>\n<meta name=\"description\" content=\"Kastiratas Orient Cargo 3 on m\u00f5eldud inimestele, kes soovivad rattaga j\u00f5uda punktist A punkti B ja samal ajal kasutada ratast mitte \u00fcksnes isikliku transpordivahendina.\" \/>\n<meta name=\"robots\" content=\"noindex, follow, max-snippet:-1, max-image-preview:large, max-video-preview:-1\" \/>\n<meta property=\"og:locale\" content=\"en_GB\" \/>\n<meta property=\"og:type\" content=\"article\" \/>\n<meta property=\"og:title\" content=\"Orient Cargo 3 Kastiratas - Ecocruiser\" \/>\n<meta property=\"og:description\" content=\"Kastiratas Orient Cargo 3 on m\u00f5eldud inimestele, kes soovivad rattaga j\u00f5uda punktist A punkti B ja samal ajal kasutada ratast mitte \u00fcksnes isikliku transpordivahendina.\" \/>\n<meta property=\"og:url\" content=\"https:\/\/projekt.vombat.ee\/eco\/pood\/kastirattad\/orient-cargo-3-kastiratas\/\" \/>\n<meta property=\"og:site_name\" content=\"Ecocruiser\" \/>\n<meta property=\"article:modified_time\" content=\"2023-06-06T09:22:30+00:00\" \/>\n<meta property=\"og:image\" content=\"https:\/\/projekt.vombat.ee\/eco\/wp-content\/uploads\/2023\/06\/1-3.jpg\" \/>\n\t<meta property=\"og:image:width\" content=\"1500\" \/>\n\t<meta property=\"og:image:height\" content=\"823\" \/>\n\t<meta property=\"og:image:type\" content=\"image\/jpeg\" \/>\n<meta name=\"twitter:card\" content=\"summary_large_image\" \/>\n<meta name=\"twitter:label1\" content=\"Estimated reading time\" \/>\n\t<meta name=\"twitter:data1\" content=\"1 minute\" \/>\n<script type=\"application\/ld+json\" class=\"yoast-schema-graph\">{\"@context\":\"https:\/\/schema.org\",\"@graph\":[{\"@type\":\"WebPage\",\"@id\":\"https:\/\/projekt.vombat.ee\/eco\/pood\/kastirattad\/orient-cargo-3-kastiratas\/\",\"url\":\"https:\/\/projekt.vombat.ee\/eco\/pood\/kastirattad\/orient-cargo-3-kastiratas\/\",\"name\":\"Orient Cargo 3 Kastiratas - Ecocruiser\",\"isPartOf\":{\"@id\":\"https:\/\/projekt.vombat.ee\/eco\/#website\"},\"primaryImageOfPage\":{\"@id\":\"https:\/\/projekt.vombat.ee\/eco\/pood\/kastirattad\/orient-cargo-3-kastiratas\/#primaryimage\"},\"image\":{\"@id\":\"https:\/\/projekt.vombat.ee\/eco\/pood\/kastirattad\/orient-cargo-3-kastiratas\/#primaryimage\"},\"thumbnailUrl\":\"https:\/\/projekt.vombat.ee\/eco\/wp-content\/uploads\/2023\/06\/1-3.jpg\",\"datePublished\":\"2023-06-06T09:03:58+00:00\",\"dateModified\":\"2023-06-06T09:22:30+00:00\",\"description\":\"Kastiratas Orient Cargo 3 on m\u00f5eldud inimestele, kes soovivad rattaga j\u00f5uda punktist A punkti B ja samal ajal kasutada ratast mitte \u00fcksnes isikliku transpordivahendina.\",\"breadcrumb\":{\"@id\":\"https:\/\/projekt.vombat.ee\/eco\/pood\/kastirattad\/orient-cargo-3-kastiratas\/#breadcrumb\"},\"inLanguage\":\"en-GB\",\"potentialAction\":[{\"@type\":\"ReadAction\",\"target\":[\"https:\/\/projekt.vombat.ee\/eco\/pood\/kastirattad\/orient-cargo-3-kastiratas\/\"]}]},{\"@type\":\"ImageObject\",\"inLanguage\":\"en-GB\",\"@id\":\"https:\/\/projekt.vombat.ee\/eco\/pood\/kastirattad\/orient-cargo-3-kastiratas\/#primaryimage\",\"url\":\"https:\/\/projekt.vombat.ee\/eco\/wp-content\/uploads\/2023\/06\/1-3.jpg\",\"contentUrl\":\"https:\/\/projekt.vombat.ee\/eco\/wp-content\/uploads\/2023\/06\/1-3.jpg\",\"width\":1500,\"height\":823},{\"@type\":\"BreadcrumbList\",\"@id\":\"https:\/\/projekt.vombat.ee\/eco\/pood\/kastirattad\/orient-cargo-3-kastiratas\/#breadcrumb\",\"itemListElement\":[{\"@type\":\"ListItem\",\"position\":1,\"name\":\"Home\",\"item\":\"https:\/\/projekt.vombat.ee\/eco\/\"},{\"@type\":\"ListItem\",\"position\":2,\"name\":\"Pood\",\"item\":\"https:\/\/projekt.vombat.ee\/eco\/pood\/\"},{\"@type\":\"ListItem\",\"position\":3,\"name\":\"Orient Cargo 3 Kastiratas\"}]},{\"@type\":\"WebSite\",\"@id\":\"https:\/\/projekt.vombat.ee\/eco\/#website\",\"url\":\"https:\/\/projekt.vombat.ee\/eco\/\",\"name\":\"Ecocruiser\",\"description\":\"\",\"publisher\":{\"@id\":\"https:\/\/projekt.vombat.ee\/eco\/#organization\"},\"potentialAction\":[{\"@type\":\"SearchAction\",\"target\":{\"@type\":\"EntryPoint\",\"urlTemplate\":\"https:\/\/projekt.vombat.ee\/eco\/?s={search_term_string}\"},\"query-input\":{\"@type\":\"PropertyValueSpecification\",\"valueRequired\":true,\"valueName\":\"search_term_string\"}}],\"inLanguage\":\"en-GB\"},{\"@type\":\"Organization\",\"@id\":\"https:\/\/projekt.vombat.ee\/eco\/#organization\",\"name\":\"Ecocruiser\",\"url\":\"https:\/\/projekt.vombat.ee\/eco\/\",\"logo\":{\"@type\":\"ImageObject\",\"inLanguage\":\"en-GB\",\"@id\":\"https:\/\/projekt.vombat.ee\/eco\/#\/schema\/logo\/image\/\",\"url\":\"https:\/\/projekt.vombat.ee\/eco\/wp-content\/uploads\/2023\/03\/ECOCRUISER_5.png\",\"contentUrl\":\"https:\/\/projekt.vombat.ee\/eco\/wp-content\/uploads\/2023\/03\/ECOCRUISER_5.png\",\"width\":234,\"height\":91,\"caption\":\"Ecocruiser\"},\"image\":{\"@id\":\"https:\/\/projekt.vombat.ee\/eco\/#\/schema\/logo\/image\/\"}}]}<\/script>\n<!-- \/ Yoast SEO plugin. -->","yoast_head_json":{"title":"Orient Cargo 3 Kastiratas - Ecocruiser","description":"Kastiratas Orient Cargo 3 on m\u00f5eldud inimestele, kes soovivad rattaga j\u00f5uda punktist A punkti B ja samal ajal kasutada ratast mitte \u00fcksnes isikliku transpordivahendina.","robots":{"index":"noindex","follow":"follow","max-snippet":"max-snippet:-1","max-image-preview":"max-image-preview:large","max-video-preview":"max-video-preview:-1"},"og_locale":"en_GB","og_type":"article","og_title":"Orient Cargo 3 Kastiratas - Ecocruiser","og_description":"Kastiratas Orient Cargo 3 on m\u00f5eldud inimestele, kes soovivad rattaga j\u00f5uda punktist A punkti B ja samal ajal kasutada ratast mitte \u00fcksnes isikliku transpordivahendina.","og_url":"https:\/\/projekt.vombat.ee\/eco\/pood\/kastirattad\/orient-cargo-3-kastiratas\/","og_site_name":"Ecocruiser","article_modified_time":"2023-06-06T09:22:30+00:00","og_image":[{"width":1500,"height":823,"url":"https:\/\/projekt.vombat.ee\/eco\/wp-content\/uploads\/2023\/06\/1-3.jpg","type":"image\/jpeg"}],"twitter_card":"summary_large_image","twitter_misc":{"Estimated reading time":"1 minute"},"schema":{"@context":"https:\/\/schema.org","@graph":[{"@type":"WebPage","@id":"https:\/\/projekt.vombat.ee\/eco\/pood\/kastirattad\/orient-cargo-3-kastiratas\/","url":"https:\/\/projekt.vombat.ee\/eco\/pood\/kastirattad\/orient-cargo-3-kastiratas\/","name":"Orient Cargo 3 Kastiratas - Ecocruiser","isPartOf":{"@id":"https:\/\/projekt.vombat.ee\/eco\/#website"},"primaryImageOfPage":{"@id":"https:\/\/projekt.vombat.ee\/eco\/pood\/kastirattad\/orient-cargo-3-kastiratas\/#primaryimage"},"image":{"@id":"https:\/\/projekt.vombat.ee\/eco\/pood\/kastirattad\/orient-cargo-3-kastiratas\/#primaryimage"},"thumbnailUrl":"https:\/\/projekt.vombat.ee\/eco\/wp-content\/uploads\/2023\/06\/1-3.jpg","datePublished":"2023-06-06T09:03:58+00:00","dateModified":"2023-06-06T09:22:30+00:00","description":"Kastiratas Orient Cargo 3 on m\u00f5eldud inimestele, kes soovivad rattaga j\u00f5uda punktist A punkti B ja samal ajal kasutada ratast mitte \u00fcksnes isikliku transpordivahendina.","breadcrumb":{"@id":"https:\/\/projekt.vombat.ee\/eco\/pood\/kastirattad\/orient-cargo-3-kastiratas\/#breadcrumb"},"inLanguage":"en-GB","potentialAction":[{"@type":"ReadAction","target":["https:\/\/projekt.vombat.ee\/eco\/pood\/kastirattad\/orient-cargo-3-kastiratas\/"]}]},{"@type":"ImageObject","inLanguage":"en-GB","@id":"https:\/\/projekt.vombat.ee\/eco\/pood\/kastirattad\/orient-cargo-3-kastiratas\/#primaryimage","url":"https:\/\/projekt.vombat.ee\/eco\/wp-content\/uploads\/2023\/06\/1-3.jpg","contentUrl":"https:\/\/projekt.vombat.ee\/eco\/wp-content\/uploads\/2023\/06\/1-3.jpg","width":1500,"height":823},{"@type":"BreadcrumbList","@id":"https:\/\/projekt.vombat.ee\/eco\/pood\/kastirattad\/orient-cargo-3-kastiratas\/#breadcrumb","itemListElement":[{"@type":"ListItem","position":1,"name":"Home","item":"https:\/\/projekt.vombat.ee\/eco\/"},{"@type":"ListItem","position":2,"name":"Pood","item":"https:\/\/projekt.vombat.ee\/eco\/pood\/"},{"@type":"ListItem","position":3,"name":"Orient Cargo 3 Kastiratas"}]},{"@type":"WebSite","@id":"https:\/\/projekt.vombat.ee\/eco\/#website","url":"https:\/\/projekt.vombat.ee\/eco\/","name":"Ecocruiser","description":"","publisher":{"@id":"https:\/\/projekt.vombat.ee\/eco\/#organization"},"potentialAction":[{"@type":"SearchAction","target":{"@type":"EntryPoint","urlTemplate":"https:\/\/projekt.vombat.ee\/eco\/?s={search_term_string}"},"query-input":{"@type":"PropertyValueSpecification","valueRequired":true,"valueName":"search_term_string"}}],"inLanguage":"en-GB"},{"@type":"Organization","@id":"https:\/\/projekt.vombat.ee\/eco\/#organization","name":"Ecocruiser","url":"https:\/\/projekt.vombat.ee\/eco\/","logo":{"@type":"ImageObject","inLanguage":"en-GB","@id":"https:\/\/projekt.vombat.ee\/eco\/#\/schema\/logo\/image\/","url":"https:\/\/projekt.vombat.ee\/eco\/wp-content\/uploads\/2023\/03\/ECOCRUISER_5.png","contentUrl":"https:\/\/projekt.vombat.ee\/eco\/wp-content\/uploads\/2023\/03\/ECOCRUISER_5.png","width":234,"height":91,"caption":"Ecocruiser"},"image":{"@id":"https:\/\/projekt.vombat.ee\/eco\/#\/schema\/logo\/image\/"}}]}},"lang":"et","translations":{"et":10090},"pll_sync_post":[],"_links":{"self":[{"href":"https:\/\/projekt.vombat.ee\/eco\/wp-json\/wp\/v2\/product\/10090"}],"collection":[{"href":"https:\/\/projekt.vombat.ee\/eco\/wp-json\/wp\/v2\/product"}],"about":[{"href":"https:\/\/projekt.vombat.ee\/eco\/wp-json\/wp\/v2\/types\/product"}],"version-history":[{"count":1,"href":"https:\/\/projekt.vombat.ee\/eco\/wp-json\/wp\/v2\/product\/10090\/revisions"}],"predecessor-version":[{"id":10097,"href":"https:\/\/projekt.vombat.ee\/eco\/wp-json\/wp\/v2\/product\/10090\/revisions\/10097"}],"wp:featuredmedia":[{"embeddable":true,"href":"https:\/\/projekt.vombat.ee\/eco\/wp-json\/wp\/v2\/media\/10092"}],"wp:attachment":[{"href":"https:\/\/projekt.vombat.ee\/eco\/wp-json\/wp\/v2\/media?parent=10090"}],"wp:term":[{"taxonomy":"product_cat","embeddable":true,"href":"https:\/\/projekt.vombat.ee\/eco\/wp-json\/wp\/v2\/product_cat?post=10090"},{"taxonomy":"product_tag","embeddable":true,"href":"https:\/\/projekt.vombat.ee\/eco\/wp-json\/wp\/v2\/product_tag?post=10090"}],"curies":[{"name":"wp","href":"https:\/\/api.w.org\/{rel}","templated":true}]}}