{"id":10084,"date":"2023-06-06T08:56:00","date_gmt":"2023-06-06T08:56:00","guid":{"rendered":"https:\/\/projekt.vombat.ee\/eco\/?post_type=product&#038;p=10084"},"modified":"2023-06-06T09:01:35","modified_gmt":"2023-06-06T09:01:35","slug":"orient-cargo-3-elektriline-kastiratas","status":"publish","type":"product","link":"https:\/\/projekt.vombat.ee\/eco\/pood\/kastirattad\/orient-cargo-3-elektriline-kastiratas\/","title":{"rendered":"Orient Cargo 3 Elektriline kastiratas"},"content":{"rendered":"<p>Jalgrataste, jalgratta varuosade ja lisavarustuse tootja\u00a0<strong>Orient<\/strong>\u00a0alustas tegevust\u00a0<strong>1945. aastal<\/strong>\u00a0<strong>Kreekas<\/strong>. End t\u00fc\u00fcpiliseks Kreeka pere\u00e4riks kutsuv <strong>Orient<\/strong>\u00a0on v\u00e4ga populaarne kodumaal ja ekspordib oma tooteid n\u00fc\u00fcdseks juba \u00fcle terve Euroopa.<\/p>\n<h3>Info<\/h3>\n<ul>\n<li>Raam: Hiten Cargo<\/li>\n<li>Mootor: 250 W<\/li>\n<li>Velje (ratta) suurus: esiratas 20\u2033, tagaratas 26\u2033<\/li>\n<li>Pidurid: t\u00f5husad<strong>\u00a0Promax V-pidurid<\/strong><\/li>\n<li>K\u00e4iguvaheti:\u00a0<strong>Shimano<\/strong>\u00a0TY300<\/li>\n<li>Kaal: 69 kg<\/li>\n<li>Kandev\u00f5ime: 150 kg<\/li>\n<li>Ratta m\u00f5\u00f5dud: 2340 x 880 x 1260 mm<\/li>\n<li>Kasti m\u00f5\u00f5dud: 930 x 650 x 510 mm<\/li>\n<li>4 kohta lastele, turvarihmadega<\/li>\n<li>Aku: 36V 9Ah<\/li>\n<\/ul>\n","protected":false},"excerpt":{"rendered":"<p>Kastiratas on m\u00f5eldud inimestele, kes soovivad rattaga j\u00f5uda punktist A punkti B ja samal ajal kasutada ratast mitte \u00fcksnes isikliku transpordivahendina.<\/p>\n<p>Pereema, kes peab viima kaks last eemalasuvasse lasteaeda, hipster, kes tahab oma suuremat sorti koeraga liikuda Loomelinnakus asuvasse idufirmasse v\u00f5i hoopis kuller, kes peab transportima mitut suuremahulist pakki korraga?<\/p>\n<p>Lahendus sulle on olemas! Ruumikas kargoratas on keskkonnas\u00f5bralik s\u00f5iduvahend, millega saab s\u00f5idutada lapsi lasteaeda ja koduteel Ikeast l\u00e4bi s\u00f5ita, et tuua koju uus \u00f6\u00f6kapp. Ja lisaks veel kodul\u00e4hedasest toidupoest l\u00e4bi vurada, et s\u00f6\u00f6gipoolist kaasa haarata.<\/p>\n<p>&nbsp;<\/p>\n<ul>\n<li>Mootor: 250 W<\/li>\n<li>Kaal: 69 kg<\/li>\n<li>Kandev\u00f5ime: 150 kg<\/li>\n<li>Ratta m\u00f5\u00f5dud: 2340 x 880 x 1260 mm<\/li>\n<li>Kasti m\u00f5\u00f5dud: 930 x 650 x 510 mm<\/li>\n<li>4 kohta lastele, turvarihmadega<\/li>\n<li>Aku: 36V 9Ah<\/li>\n<\/ul>\n<p>&nbsp;<\/p>\n<p>\u2666\u00a0<strong>Tarneaeg 4-10 p\u00e4eva<\/strong><br \/>\n\u2666\u00a0<strong>Laos<\/strong><\/p>\n","protected":false},"featured_media":10085,"template":"","meta":[],"product_cat":[1503],"product_tag":[],"class_list":{"0":"post-10084","1":"product","2":"type-product","3":"status-publish","4":"has-post-thumbnail","6":"product_cat-kastirattad","7":"product_shipping_class-suured-pakid","9":"first","10":"instock","11":"taxable","12":"shipping-taxable","13":"purchasable","14":"product-type-simple"},"yoast_head":"<!-- This site is optimized with the Yoast SEO plugin v23.8 - https:\/\/yoast.com\/wordpress\/plugins\/seo\/ -->\n<title>Orient Cargo 3 Elektriline kastiratas - Ecocruiser<\/title>\n<meta name=\"description\" content=\"Kastiratas Orient Cargo 3 on m\u00f5eldud inimestele, kes soovivad rattaga j\u00f5uda punktist A punkti B ja samal ajal kasutada ratast mitte \u00fcksnes isikliku transpordivahendina.\" \/>\n<meta name=\"robots\" content=\"noindex, follow, max-snippet:-1, max-image-preview:large, max-video-preview:-1\" \/>\n<meta property=\"og:locale\" content=\"en_GB\" \/>\n<meta property=\"og:type\" content=\"article\" \/>\n<meta property=\"og:title\" content=\"Orient Cargo 3 Elektriline kastiratas - Ecocruiser\" \/>\n<meta property=\"og:description\" content=\"Kastiratas Orient Cargo 3 on m\u00f5eldud inimestele, kes soovivad rattaga j\u00f5uda punktist A punkti B ja samal ajal kasutada ratast mitte \u00fcksnes isikliku transpordivahendina.\" \/>\n<meta property=\"og:url\" content=\"https:\/\/projekt.vombat.ee\/eco\/pood\/kastirattad\/orient-cargo-3-elektriline-kastiratas\/\" \/>\n<meta property=\"og:site_name\" content=\"Ecocruiser\" \/>\n<meta property=\"article:modified_time\" content=\"2023-06-06T09:01:35+00:00\" \/>\n<meta property=\"og:image\" content=\"https:\/\/projekt.vombat.ee\/eco\/wp-content\/uploads\/2023\/06\/1-2.jpg\" \/>\n\t<meta property=\"og:image:width\" content=\"1500\" \/>\n\t<meta property=\"og:image:height\" content=\"825\" \/>\n\t<meta property=\"og:image:type\" content=\"image\/jpeg\" \/>\n<meta name=\"twitter:card\" content=\"summary_large_image\" \/>\n<meta name=\"twitter:label1\" content=\"Estimated reading time\" \/>\n\t<meta name=\"twitter:data1\" content=\"1 minute\" \/>\n<script type=\"application\/ld+json\" class=\"yoast-schema-graph\">{\"@context\":\"https:\/\/schema.org\",\"@graph\":[{\"@type\":\"WebPage\",\"@id\":\"https:\/\/projekt.vombat.ee\/eco\/pood\/kastirattad\/orient-cargo-3-elektriline-kastiratas\/\",\"url\":\"https:\/\/projekt.vombat.ee\/eco\/pood\/kastirattad\/orient-cargo-3-elektriline-kastiratas\/\",\"name\":\"Orient Cargo 3 Elektriline kastiratas - Ecocruiser\",\"isPartOf\":{\"@id\":\"https:\/\/projekt.vombat.ee\/eco\/#website\"},\"primaryImageOfPage\":{\"@id\":\"https:\/\/projekt.vombat.ee\/eco\/pood\/kastirattad\/orient-cargo-3-elektriline-kastiratas\/#primaryimage\"},\"image\":{\"@id\":\"https:\/\/projekt.vombat.ee\/eco\/pood\/kastirattad\/orient-cargo-3-elektriline-kastiratas\/#primaryimage\"},\"thumbnailUrl\":\"https:\/\/projekt.vombat.ee\/eco\/wp-content\/uploads\/2023\/06\/1-2.jpg\",\"datePublished\":\"2023-06-06T08:56:00+00:00\",\"dateModified\":\"2023-06-06T09:01:35+00:00\",\"description\":\"Kastiratas Orient Cargo 3 on m\u00f5eldud inimestele, kes soovivad rattaga j\u00f5uda punktist A punkti B ja samal ajal kasutada ratast mitte \u00fcksnes isikliku transpordivahendina.\",\"breadcrumb\":{\"@id\":\"https:\/\/projekt.vombat.ee\/eco\/pood\/kastirattad\/orient-cargo-3-elektriline-kastiratas\/#breadcrumb\"},\"inLanguage\":\"en-GB\",\"potentialAction\":[{\"@type\":\"ReadAction\",\"target\":[\"https:\/\/projekt.vombat.ee\/eco\/pood\/kastirattad\/orient-cargo-3-elektriline-kastiratas\/\"]}]},{\"@type\":\"ImageObject\",\"inLanguage\":\"en-GB\",\"@id\":\"https:\/\/projekt.vombat.ee\/eco\/pood\/kastirattad\/orient-cargo-3-elektriline-kastiratas\/#primaryimage\",\"url\":\"https:\/\/projekt.vombat.ee\/eco\/wp-content\/uploads\/2023\/06\/1-2.jpg\",\"contentUrl\":\"https:\/\/projekt.vombat.ee\/eco\/wp-content\/uploads\/2023\/06\/1-2.jpg\",\"width\":1500,\"height\":825,\"caption\":\"Orient Cargo 3\"},{\"@type\":\"BreadcrumbList\",\"@id\":\"https:\/\/projekt.vombat.ee\/eco\/pood\/kastirattad\/orient-cargo-3-elektriline-kastiratas\/#breadcrumb\",\"itemListElement\":[{\"@type\":\"ListItem\",\"position\":1,\"name\":\"Home\",\"item\":\"https:\/\/projekt.vombat.ee\/eco\/\"},{\"@type\":\"ListItem\",\"position\":2,\"name\":\"Pood\",\"item\":\"https:\/\/projekt.vombat.ee\/eco\/pood\/\"},{\"@type\":\"ListItem\",\"position\":3,\"name\":\"Orient Cargo 3 Elektriline kastiratas\"}]},{\"@type\":\"WebSite\",\"@id\":\"https:\/\/projekt.vombat.ee\/eco\/#website\",\"url\":\"https:\/\/projekt.vombat.ee\/eco\/\",\"name\":\"Ecocruiser\",\"description\":\"\",\"publisher\":{\"@id\":\"https:\/\/projekt.vombat.ee\/eco\/#organization\"},\"potentialAction\":[{\"@type\":\"SearchAction\",\"target\":{\"@type\":\"EntryPoint\",\"urlTemplate\":\"https:\/\/projekt.vombat.ee\/eco\/?s={search_term_string}\"},\"query-input\":{\"@type\":\"PropertyValueSpecification\",\"valueRequired\":true,\"valueName\":\"search_term_string\"}}],\"inLanguage\":\"en-GB\"},{\"@type\":\"Organization\",\"@id\":\"https:\/\/projekt.vombat.ee\/eco\/#organization\",\"name\":\"Ecocruiser\",\"url\":\"https:\/\/projekt.vombat.ee\/eco\/\",\"logo\":{\"@type\":\"ImageObject\",\"inLanguage\":\"en-GB\",\"@id\":\"https:\/\/projekt.vombat.ee\/eco\/#\/schema\/logo\/image\/\",\"url\":\"https:\/\/projekt.vombat.ee\/eco\/wp-content\/uploads\/2023\/03\/ECOCRUISER_5.png\",\"contentUrl\":\"https:\/\/projekt.vombat.ee\/eco\/wp-content\/uploads\/2023\/03\/ECOCRUISER_5.png\",\"width\":234,\"height\":91,\"caption\":\"Ecocruiser\"},\"image\":{\"@id\":\"https:\/\/projekt.vombat.ee\/eco\/#\/schema\/logo\/image\/\"}}]}<\/script>\n<!-- \/ Yoast SEO plugin. -->","yoast_head_json":{"title":"Orient Cargo 3 Elektriline kastiratas - Ecocruiser","description":"Kastiratas Orient Cargo 3 on m\u00f5eldud inimestele, kes soovivad rattaga j\u00f5uda punktist A punkti B ja samal ajal kasutada ratast mitte \u00fcksnes isikliku transpordivahendina.","robots":{"index":"noindex","follow":"follow","max-snippet":"max-snippet:-1","max-image-preview":"max-image-preview:large","max-video-preview":"max-video-preview:-1"},"og_locale":"en_GB","og_type":"article","og_title":"Orient Cargo 3 Elektriline kastiratas - Ecocruiser","og_description":"Kastiratas Orient Cargo 3 on m\u00f5eldud inimestele, kes soovivad rattaga j\u00f5uda punktist A punkti B ja samal ajal kasutada ratast mitte \u00fcksnes isikliku transpordivahendina.","og_url":"https:\/\/projekt.vombat.ee\/eco\/pood\/kastirattad\/orient-cargo-3-elektriline-kastiratas\/","og_site_name":"Ecocruiser","article_modified_time":"2023-06-06T09:01:35+00:00","og_image":[{"width":1500,"height":825,"url":"https:\/\/projekt.vombat.ee\/eco\/wp-content\/uploads\/2023\/06\/1-2.jpg","type":"image\/jpeg"}],"twitter_card":"summary_large_image","twitter_misc":{"Estimated reading time":"1 minute"},"schema":{"@context":"https:\/\/schema.org","@graph":[{"@type":"WebPage","@id":"https:\/\/projekt.vombat.ee\/eco\/pood\/kastirattad\/orient-cargo-3-elektriline-kastiratas\/","url":"https:\/\/projekt.vombat.ee\/eco\/pood\/kastirattad\/orient-cargo-3-elektriline-kastiratas\/","name":"Orient Cargo 3 Elektriline kastiratas - Ecocruiser","isPartOf":{"@id":"https:\/\/projekt.vombat.ee\/eco\/#website"},"primaryImageOfPage":{"@id":"https:\/\/projekt.vombat.ee\/eco\/pood\/kastirattad\/orient-cargo-3-elektriline-kastiratas\/#primaryimage"},"image":{"@id":"https:\/\/projekt.vombat.ee\/eco\/pood\/kastirattad\/orient-cargo-3-elektriline-kastiratas\/#primaryimage"},"thumbnailUrl":"https:\/\/projekt.vombat.ee\/eco\/wp-content\/uploads\/2023\/06\/1-2.jpg","datePublished":"2023-06-06T08:56:00+00:00","dateModified":"2023-06-06T09:01:35+00:00","description":"Kastiratas Orient Cargo 3 on m\u00f5eldud inimestele, kes soovivad rattaga j\u00f5uda punktist A punkti B ja samal ajal kasutada ratast mitte \u00fcksnes isikliku transpordivahendina.","breadcrumb":{"@id":"https:\/\/projekt.vombat.ee\/eco\/pood\/kastirattad\/orient-cargo-3-elektriline-kastiratas\/#breadcrumb"},"inLanguage":"en-GB","potentialAction":[{"@type":"ReadAction","target":["https:\/\/projekt.vombat.ee\/eco\/pood\/kastirattad\/orient-cargo-3-elektriline-kastiratas\/"]}]},{"@type":"ImageObject","inLanguage":"en-GB","@id":"https:\/\/projekt.vombat.ee\/eco\/pood\/kastirattad\/orient-cargo-3-elektriline-kastiratas\/#primaryimage","url":"https:\/\/projekt.vombat.ee\/eco\/wp-content\/uploads\/2023\/06\/1-2.jpg","contentUrl":"https:\/\/projekt.vombat.ee\/eco\/wp-content\/uploads\/2023\/06\/1-2.jpg","width":1500,"height":825,"caption":"Orient Cargo 3"},{"@type":"BreadcrumbList","@id":"https:\/\/projekt.vombat.ee\/eco\/pood\/kastirattad\/orient-cargo-3-elektriline-kastiratas\/#breadcrumb","itemListElement":[{"@type":"ListItem","position":1,"name":"Home","item":"https:\/\/projekt.vombat.ee\/eco\/"},{"@type":"ListItem","position":2,"name":"Pood","item":"https:\/\/projekt.vombat.ee\/eco\/pood\/"},{"@type":"ListItem","position":3,"name":"Orient Cargo 3 Elektriline kastiratas"}]},{"@type":"WebSite","@id":"https:\/\/projekt.vombat.ee\/eco\/#website","url":"https:\/\/projekt.vombat.ee\/eco\/","name":"Ecocruiser","description":"","publisher":{"@id":"https:\/\/projekt.vombat.ee\/eco\/#organization"},"potentialAction":[{"@type":"SearchAction","target":{"@type":"EntryPoint","urlTemplate":"https:\/\/projekt.vombat.ee\/eco\/?s={search_term_string}"},"query-input":{"@type":"PropertyValueSpecification","valueRequired":true,"valueName":"search_term_string"}}],"inLanguage":"en-GB"},{"@type":"Organization","@id":"https:\/\/projekt.vombat.ee\/eco\/#organization","name":"Ecocruiser","url":"https:\/\/projekt.vombat.ee\/eco\/","logo":{"@type":"ImageObject","inLanguage":"en-GB","@id":"https:\/\/projekt.vombat.ee\/eco\/#\/schema\/logo\/image\/","url":"https:\/\/projekt.vombat.ee\/eco\/wp-content\/uploads\/2023\/03\/ECOCRUISER_5.png","contentUrl":"https:\/\/projekt.vombat.ee\/eco\/wp-content\/uploads\/2023\/03\/ECOCRUISER_5.png","width":234,"height":91,"caption":"Ecocruiser"},"image":{"@id":"https:\/\/projekt.vombat.ee\/eco\/#\/schema\/logo\/image\/"}}]}},"lang":"et","translations":{"et":10084},"pll_sync_post":[],"_links":{"self":[{"href":"https:\/\/projekt.vombat.ee\/eco\/wp-json\/wp\/v2\/product\/10084"}],"collection":[{"href":"https:\/\/projekt.vombat.ee\/eco\/wp-json\/wp\/v2\/product"}],"about":[{"href":"https:\/\/projekt.vombat.ee\/eco\/wp-json\/wp\/v2\/types\/product"}],"version-history":[{"count":2,"href":"https:\/\/projekt.vombat.ee\/eco\/wp-json\/wp\/v2\/product\/10084\/revisions"}],"predecessor-version":[{"id":10091,"href":"https:\/\/projekt.vombat.ee\/eco\/wp-json\/wp\/v2\/product\/10084\/revisions\/10091"}],"wp:featuredmedia":[{"embeddable":true,"href":"https:\/\/projekt.vombat.ee\/eco\/wp-json\/wp\/v2\/media\/10085"}],"wp:attachment":[{"href":"https:\/\/projekt.vombat.ee\/eco\/wp-json\/wp\/v2\/media?parent=10084"}],"wp:term":[{"taxonomy":"product_cat","embeddable":true,"href":"https:\/\/projekt.vombat.ee\/eco\/wp-json\/wp\/v2\/product_cat?post=10084"},{"taxonomy":"product_tag","embeddable":true,"href":"https:\/\/projekt.vombat.ee\/eco\/wp-json\/wp\/v2\/product_tag?post=10084"}],"curies":[{"name":"wp","href":"https:\/\/api.w.org\/{rel}","templated":true}]}}