{"id":10047,"date":"2023-06-04T17:50:32","date_gmt":"2023-06-04T17:50:32","guid":{"rendered":"https:\/\/projekt.vombat.ee\/eco\/?post_type=product&#038;p=10047"},"modified":"2023-06-04T17:52:27","modified_gmt":"2023-06-04T17:52:27","slug":"elektriline-go-kart-2x150w","status":"publish","type":"product","link":"https:\/\/projekt.vombat.ee\/eco\/pood\/laste-elektrisoidukid\/elektriline-go-kart-2x150w\/","title":{"rendered":"Elektriline Go-kart, 2x150W"},"content":{"rendered":"<h1>Elektriline Go-kart, 2x150W<\/h1>\n<h5><strong>SPETSIFIKATSIOON<\/strong><\/h5>\n<p><strong>Mootorid<\/strong><\/p>\n<p>2 x 150W<\/p>\n<p><strong>Aku<\/strong><\/p>\n<p>24V10Ah<\/p>\n<p><strong>Rehvid<\/strong><\/p>\n<p>Eesmised: EVA kummist 22 x 8 cm,<\/p>\n<p>Taga: plastmass 27 x 11 cm<\/p>\n<p><strong>Valgustus<\/strong><\/p>\n<ul>\n<li>LED valgustus ees, taga<\/li>\n<\/ul>\n<p><strong>Audio<\/strong><\/p>\n<ul>\n<li>Raadio<\/li>\n<li>Bluetooth<\/li>\n<\/ul>\n<p><strong>Istme m\u00f5\u00f5dud<\/strong><\/p>\n<ul>\n<li>S\u00fcgavus 27 cm,<\/li>\n<li>Laius 33 cm,<\/li>\n<li>K\u00f5rgus 32 cm,<\/li>\n<\/ul>\n<p><strong>Kardi m\u00f5\u00f5dud<\/strong><\/p>\n<ul>\n<li>Pikkus 124 cm,<\/li>\n<li>Laius 83 cm,<\/li>\n<li>K\u00f5rgus 71cm,<\/li>\n<\/ul>\n<p><strong>Kardi kaal<\/strong><\/p>\n<p>30 kg,<\/p>\n<p><strong>Pakendi m\u00f5\u00f5dud<\/strong><\/p>\n<p>127x59x38cm,<\/p>\n<p><strong>Pakendi kaalud<\/strong><\/p>\n<p>37 kg,<\/p>\n<p><strong>Kandev\u00f5ime<\/strong><\/p>\n<p>60 kg,<\/p>\n<p>DRIFT FUNCTION<\/p>\n","protected":false},"excerpt":{"rendered":"<h5>Elektriauto Mercedes G63 AMG, 2x45W<\/h5>\n<p>&nbsp;<\/p>\n<ul>\n<li><span class=\"a-list-item\">2x150W mootorid<\/span><\/li>\n<li><span class=\"a-list-item\">Turvav\u00f6\u00f6 ja pehme start funktsioon<\/span><\/li>\n<li><span class=\"a-list-item\">LED esituled<\/span><\/li>\n<li>Kardi m\u00f5\u00f5dud: 124 x 83 x 71 cm<\/li>\n<li>Kaal: 30 Kg<\/li>\n<\/ul>\n","protected":false},"featured_media":10051,"template":"","meta":[],"product_cat":[1655],"product_tag":[],"class_list":{"0":"post-10047","1":"product","2":"type-product","3":"status-publish","4":"has-post-thumbnail","6":"product_cat-laste-elektrisoidukid","8":"first","9":"instock","10":"taxable","11":"shipping-taxable","12":"purchasable","13":"product-type-variable"},"yoast_head":"<!-- This site is optimized with the Yoast SEO plugin v23.8 - https:\/\/yoast.com\/wordpress\/plugins\/seo\/ -->\n<title>Elektriline Go-kart, 2x150W - Ecocruiser<\/title>\n<meta name=\"description\" content=\"Elektriline Go-kart, 2x150W - Kvaliteetsed br\u00e4ndid, lai valik - Ecocruiser.ee - K\u00fcsimuste korral v\u00f5ta \u00fchendust info@projekt.vombat.ee\" \/>\n<meta name=\"robots\" content=\"noindex, follow, max-snippet:-1, max-image-preview:large, max-video-preview:-1\" \/>\n<meta property=\"og:locale\" content=\"en_GB\" \/>\n<meta property=\"og:type\" content=\"article\" \/>\n<meta property=\"og:title\" content=\"Elektriline Go-kart, 2x150W - Ecocruiser\" \/>\n<meta property=\"og:description\" content=\"Elektriline Go-kart, 2x150W - Kvaliteetsed br\u00e4ndid, lai valik - Ecocruiser.ee - K\u00fcsimuste korral v\u00f5ta \u00fchendust info@projekt.vombat.ee\" \/>\n<meta property=\"og:url\" content=\"https:\/\/projekt.vombat.ee\/eco\/pood\/laste-elektrisoidukid\/elektriline-go-kart-2x150w\/\" \/>\n<meta property=\"og:site_name\" content=\"Ecocruiser\" \/>\n<meta property=\"article:modified_time\" content=\"2023-06-04T17:52:27+00:00\" \/>\n<meta property=\"og:image\" content=\"https:\/\/projekt.vombat.ee\/eco\/wp-content\/uploads\/2023\/06\/Fast-3-Drift-Battery-Go-Kart-for-Kids-White.jpg\" \/>\n\t<meta property=\"og:image:width\" content=\"1618\" \/>\n\t<meta property=\"og:image:height\" content=\"1080\" \/>\n\t<meta property=\"og:image:type\" content=\"image\/jpeg\" \/>\n<meta name=\"twitter:card\" content=\"summary_large_image\" \/>\n<meta name=\"twitter:label1\" content=\"Estimated reading time\" \/>\n\t<meta name=\"twitter:data1\" content=\"1 minute\" \/>\n<script type=\"application\/ld+json\" class=\"yoast-schema-graph\">{\"@context\":\"https:\/\/schema.org\",\"@graph\":[{\"@type\":\"WebPage\",\"@id\":\"https:\/\/projekt.vombat.ee\/eco\/pood\/laste-elektrisoidukid\/elektriline-go-kart-2x150w\/\",\"url\":\"https:\/\/projekt.vombat.ee\/eco\/pood\/laste-elektrisoidukid\/elektriline-go-kart-2x150w\/\",\"name\":\"Elektriline Go-kart, 2x150W - Ecocruiser\",\"isPartOf\":{\"@id\":\"https:\/\/projekt.vombat.ee\/eco\/#website\"},\"primaryImageOfPage\":{\"@id\":\"https:\/\/projekt.vombat.ee\/eco\/pood\/laste-elektrisoidukid\/elektriline-go-kart-2x150w\/#primaryimage\"},\"image\":{\"@id\":\"https:\/\/projekt.vombat.ee\/eco\/pood\/laste-elektrisoidukid\/elektriline-go-kart-2x150w\/#primaryimage\"},\"thumbnailUrl\":\"https:\/\/projekt.vombat.ee\/eco\/wp-content\/uploads\/2023\/06\/Fast-3-Drift-Battery-Go-Kart-for-Kids-White.jpg\",\"datePublished\":\"2023-06-04T17:50:32+00:00\",\"dateModified\":\"2023-06-04T17:52:27+00:00\",\"description\":\"Elektriline Go-kart, 2x150W - Kvaliteetsed br\u00e4ndid, lai valik - Ecocruiser.ee - K\u00fcsimuste korral v\u00f5ta \u00fchendust info@projekt.vombat.ee\",\"breadcrumb\":{\"@id\":\"https:\/\/projekt.vombat.ee\/eco\/pood\/laste-elektrisoidukid\/elektriline-go-kart-2x150w\/#breadcrumb\"},\"inLanguage\":\"en-GB\",\"potentialAction\":[{\"@type\":\"ReadAction\",\"target\":[\"https:\/\/projekt.vombat.ee\/eco\/pood\/laste-elektrisoidukid\/elektriline-go-kart-2x150w\/\"]}]},{\"@type\":\"ImageObject\",\"inLanguage\":\"en-GB\",\"@id\":\"https:\/\/projekt.vombat.ee\/eco\/pood\/laste-elektrisoidukid\/elektriline-go-kart-2x150w\/#primaryimage\",\"url\":\"https:\/\/projekt.vombat.ee\/eco\/wp-content\/uploads\/2023\/06\/Fast-3-Drift-Battery-Go-Kart-for-Kids-White.jpg\",\"contentUrl\":\"https:\/\/projekt.vombat.ee\/eco\/wp-content\/uploads\/2023\/06\/Fast-3-Drift-Battery-Go-Kart-for-Kids-White.jpg\",\"width\":1618,\"height\":1080},{\"@type\":\"BreadcrumbList\",\"@id\":\"https:\/\/projekt.vombat.ee\/eco\/pood\/laste-elektrisoidukid\/elektriline-go-kart-2x150w\/#breadcrumb\",\"itemListElement\":[{\"@type\":\"ListItem\",\"position\":1,\"name\":\"Home\",\"item\":\"https:\/\/projekt.vombat.ee\/eco\/\"},{\"@type\":\"ListItem\",\"position\":2,\"name\":\"Pood\",\"item\":\"https:\/\/projekt.vombat.ee\/eco\/pood\/\"},{\"@type\":\"ListItem\",\"position\":3,\"name\":\"Elektriline Go-kart, 2x150W\"}]},{\"@type\":\"WebSite\",\"@id\":\"https:\/\/projekt.vombat.ee\/eco\/#website\",\"url\":\"https:\/\/projekt.vombat.ee\/eco\/\",\"name\":\"Ecocruiser\",\"description\":\"\",\"publisher\":{\"@id\":\"https:\/\/projekt.vombat.ee\/eco\/#organization\"},\"potentialAction\":[{\"@type\":\"SearchAction\",\"target\":{\"@type\":\"EntryPoint\",\"urlTemplate\":\"https:\/\/projekt.vombat.ee\/eco\/?s={search_term_string}\"},\"query-input\":{\"@type\":\"PropertyValueSpecification\",\"valueRequired\":true,\"valueName\":\"search_term_string\"}}],\"inLanguage\":\"en-GB\"},{\"@type\":\"Organization\",\"@id\":\"https:\/\/projekt.vombat.ee\/eco\/#organization\",\"name\":\"Ecocruiser\",\"url\":\"https:\/\/projekt.vombat.ee\/eco\/\",\"logo\":{\"@type\":\"ImageObject\",\"inLanguage\":\"en-GB\",\"@id\":\"https:\/\/projekt.vombat.ee\/eco\/#\/schema\/logo\/image\/\",\"url\":\"https:\/\/projekt.vombat.ee\/eco\/wp-content\/uploads\/2023\/03\/ECOCRUISER_5.png\",\"contentUrl\":\"https:\/\/projekt.vombat.ee\/eco\/wp-content\/uploads\/2023\/03\/ECOCRUISER_5.png\",\"width\":234,\"height\":91,\"caption\":\"Ecocruiser\"},\"image\":{\"@id\":\"https:\/\/projekt.vombat.ee\/eco\/#\/schema\/logo\/image\/\"}}]}<\/script>\n<!-- \/ Yoast SEO plugin. -->","yoast_head_json":{"title":"Elektriline Go-kart, 2x150W - Ecocruiser","description":"Elektriline Go-kart, 2x150W - Kvaliteetsed br\u00e4ndid, lai valik - Ecocruiser.ee - K\u00fcsimuste korral v\u00f5ta \u00fchendust info@projekt.vombat.ee","robots":{"index":"noindex","follow":"follow","max-snippet":"max-snippet:-1","max-image-preview":"max-image-preview:large","max-video-preview":"max-video-preview:-1"},"og_locale":"en_GB","og_type":"article","og_title":"Elektriline Go-kart, 2x150W - Ecocruiser","og_description":"Elektriline Go-kart, 2x150W - Kvaliteetsed br\u00e4ndid, lai valik - Ecocruiser.ee - K\u00fcsimuste korral v\u00f5ta \u00fchendust info@projekt.vombat.ee","og_url":"https:\/\/projekt.vombat.ee\/eco\/pood\/laste-elektrisoidukid\/elektriline-go-kart-2x150w\/","og_site_name":"Ecocruiser","article_modified_time":"2023-06-04T17:52:27+00:00","og_image":[{"width":1618,"height":1080,"url":"https:\/\/projekt.vombat.ee\/eco\/wp-content\/uploads\/2023\/06\/Fast-3-Drift-Battery-Go-Kart-for-Kids-White.jpg","type":"image\/jpeg"}],"twitter_card":"summary_large_image","twitter_misc":{"Estimated reading time":"1 minute"},"schema":{"@context":"https:\/\/schema.org","@graph":[{"@type":"WebPage","@id":"https:\/\/projekt.vombat.ee\/eco\/pood\/laste-elektrisoidukid\/elektriline-go-kart-2x150w\/","url":"https:\/\/projekt.vombat.ee\/eco\/pood\/laste-elektrisoidukid\/elektriline-go-kart-2x150w\/","name":"Elektriline Go-kart, 2x150W - Ecocruiser","isPartOf":{"@id":"https:\/\/projekt.vombat.ee\/eco\/#website"},"primaryImageOfPage":{"@id":"https:\/\/projekt.vombat.ee\/eco\/pood\/laste-elektrisoidukid\/elektriline-go-kart-2x150w\/#primaryimage"},"image":{"@id":"https:\/\/projekt.vombat.ee\/eco\/pood\/laste-elektrisoidukid\/elektriline-go-kart-2x150w\/#primaryimage"},"thumbnailUrl":"https:\/\/projekt.vombat.ee\/eco\/wp-content\/uploads\/2023\/06\/Fast-3-Drift-Battery-Go-Kart-for-Kids-White.jpg","datePublished":"2023-06-04T17:50:32+00:00","dateModified":"2023-06-04T17:52:27+00:00","description":"Elektriline Go-kart, 2x150W - Kvaliteetsed br\u00e4ndid, lai valik - Ecocruiser.ee - K\u00fcsimuste korral v\u00f5ta \u00fchendust info@projekt.vombat.ee","breadcrumb":{"@id":"https:\/\/projekt.vombat.ee\/eco\/pood\/laste-elektrisoidukid\/elektriline-go-kart-2x150w\/#breadcrumb"},"inLanguage":"en-GB","potentialAction":[{"@type":"ReadAction","target":["https:\/\/projekt.vombat.ee\/eco\/pood\/laste-elektrisoidukid\/elektriline-go-kart-2x150w\/"]}]},{"@type":"ImageObject","inLanguage":"en-GB","@id":"https:\/\/projekt.vombat.ee\/eco\/pood\/laste-elektrisoidukid\/elektriline-go-kart-2x150w\/#primaryimage","url":"https:\/\/projekt.vombat.ee\/eco\/wp-content\/uploads\/2023\/06\/Fast-3-Drift-Battery-Go-Kart-for-Kids-White.jpg","contentUrl":"https:\/\/projekt.vombat.ee\/eco\/wp-content\/uploads\/2023\/06\/Fast-3-Drift-Battery-Go-Kart-for-Kids-White.jpg","width":1618,"height":1080},{"@type":"BreadcrumbList","@id":"https:\/\/projekt.vombat.ee\/eco\/pood\/laste-elektrisoidukid\/elektriline-go-kart-2x150w\/#breadcrumb","itemListElement":[{"@type":"ListItem","position":1,"name":"Home","item":"https:\/\/projekt.vombat.ee\/eco\/"},{"@type":"ListItem","position":2,"name":"Pood","item":"https:\/\/projekt.vombat.ee\/eco\/pood\/"},{"@type":"ListItem","position":3,"name":"Elektriline Go-kart, 2x150W"}]},{"@type":"WebSite","@id":"https:\/\/projekt.vombat.ee\/eco\/#website","url":"https:\/\/projekt.vombat.ee\/eco\/","name":"Ecocruiser","description":"","publisher":{"@id":"https:\/\/projekt.vombat.ee\/eco\/#organization"},"potentialAction":[{"@type":"SearchAction","target":{"@type":"EntryPoint","urlTemplate":"https:\/\/projekt.vombat.ee\/eco\/?s={search_term_string}"},"query-input":{"@type":"PropertyValueSpecification","valueRequired":true,"valueName":"search_term_string"}}],"inLanguage":"en-GB"},{"@type":"Organization","@id":"https:\/\/projekt.vombat.ee\/eco\/#organization","name":"Ecocruiser","url":"https:\/\/projekt.vombat.ee\/eco\/","logo":{"@type":"ImageObject","inLanguage":"en-GB","@id":"https:\/\/projekt.vombat.ee\/eco\/#\/schema\/logo\/image\/","url":"https:\/\/projekt.vombat.ee\/eco\/wp-content\/uploads\/2023\/03\/ECOCRUISER_5.png","contentUrl":"https:\/\/projekt.vombat.ee\/eco\/wp-content\/uploads\/2023\/03\/ECOCRUISER_5.png","width":234,"height":91,"caption":"Ecocruiser"},"image":{"@id":"https:\/\/projekt.vombat.ee\/eco\/#\/schema\/logo\/image\/"}}]}},"lang":"et","translations":{"et":10047},"pll_sync_post":[],"_links":{"self":[{"href":"https:\/\/projekt.vombat.ee\/eco\/wp-json\/wp\/v2\/product\/10047"}],"collection":[{"href":"https:\/\/projekt.vombat.ee\/eco\/wp-json\/wp\/v2\/product"}],"about":[{"href":"https:\/\/projekt.vombat.ee\/eco\/wp-json\/wp\/v2\/types\/product"}],"version-history":[{"count":1,"href":"https:\/\/projekt.vombat.ee\/eco\/wp-json\/wp\/v2\/product\/10047\/revisions"}],"predecessor-version":[{"id":10057,"href":"https:\/\/projekt.vombat.ee\/eco\/wp-json\/wp\/v2\/product\/10047\/revisions\/10057"}],"wp:featuredmedia":[{"embeddable":true,"href":"https:\/\/projekt.vombat.ee\/eco\/wp-json\/wp\/v2\/media\/10051"}],"wp:attachment":[{"href":"https:\/\/projekt.vombat.ee\/eco\/wp-json\/wp\/v2\/media?parent=10047"}],"wp:term":[{"taxonomy":"product_cat","embeddable":true,"href":"https:\/\/projekt.vombat.ee\/eco\/wp-json\/wp\/v2\/product_cat?post=10047"},{"taxonomy":"product_tag","embeddable":true,"href":"https:\/\/projekt.vombat.ee\/eco\/wp-json\/wp\/v2\/product_tag?post=10047"}],"curies":[{"name":"wp","href":"https:\/\/api.w.org\/{rel}","templated":true}]}}