{"id":7237,"date":"2023-03-26T10:23:17","date_gmt":"2023-03-26T10:23:17","guid":{"rendered":"https:\/\/projekt.vombat.ee\/eco\/?page_id=7237"},"modified":"2023-03-26T10:23:17","modified_gmt":"2023-03-26T10:23:17","slug":"myyntiehdot","status":"publish","type":"page","link":"https:\/\/projekt.vombat.ee\/eco\/fi\/myyntiehdot\/","title":{"rendered":"MYYNTIEHDOT"},"content":{"rendered":"<h1>MYYNTIEHDOT<\/h1>\n<p><strong>1. YLEISTEN MYYNTIEHTOJEN VOIMASSAOLO<\/strong><br \/>\n1.1. Yleiset myyntiehdot koskevat ecocruiser.eu:n asiakkaiden (j\u00e4ljemp\u00e4n\u00e4 Asiakas) ja Ecocruiser.eu Gofain Marketing Agency O\u00dc:n omistajaa (rekisterinumero 14506370, rek.osoite Harju maakond, Saue vald, Alliku k\u00fcla, Kriisa, 76403). , j\u00e4ljemp\u00e4n\u00e4 ecocruiser.eu) ostaessaan tavaroita syntyvist\u00e4 oikeussuhteista.<\/p>\n<p>1.2. Yleiset myyntiehdot eiv\u00e4t voi olla ristiriidassa Viron tasavallassa voimassa olevien lakis\u00e4\u00e4teisten normien kanssa ja tarvittaessa (riitojen tai puuttuvien tietojen tapauksessa) n\u00e4it\u00e4 normeja on t\u00e4ydennetty.<\/p>\n<p>1.3. N\u00e4iden Yleisten myyntiehtojen lis\u00e4ksi Asiakkaan ja ecocruiser.eu:n v\u00e4lisi\u00e4 suhteita s\u00e4\u00e4telev\u00e4t ecocruiser.eu:n tuotetiedot, hinnasto, ostotiedot ja vakiintuneet hyv\u00e4t k\u00e4yt\u00e4nn\u00f6t.<\/p>\n<p>1.4. Ecocruiser.eu pid\u00e4tt\u00e4\u00e4 oikeuden muuttaa yksipuolisesti n\u00e4it\u00e4 ehtoja ja tuotteiden hintoja tehokkuuden, kilpailukyvyn, tulevan kehityksen ja tuotevalikoiman t\u00e4ydent\u00e4misen tai uudelleenj\u00e4rjestelyn vuoksi. Muutokset ja lis\u00e4ykset ehtoihin ja tuotteiden hintoihin astuvat voimaan siit\u00e4 hetkest\u00e4, kun mainittu tieto ilmestyy www.ecocruiser.eu -sivulle. Jos Asiakas on j\u00e4tt\u00e4nyt tilauksensa ennen ehtojen muutosten voimaantuloa, Asiakkaaseen sovelletaan tilauksen tekohetkell\u00e4 voimassa olevia ehtoja, ellei laissa tai n\u00e4iss\u00e4 ehdoissa toisin s\u00e4\u00e4det\u00e4.<\/p>\n<p>1.5. Ecocruiser.eu ja Asiakas haluavat k\u00e4yd\u00e4 kauppaa ecocruiser.eu-verkkosivuston kautta t\u00e4ss\u00e4 asiakirjassa esitetyin ehdoin. Tekem\u00e4ll\u00e4 tilauksen ecocruiser.eu-verkkosivustolla ja suorittamalla ennakkomaksun asiakas vahvistaa lukeneensa myyntiehdot ja hyv\u00e4ksyv\u00e4ns\u00e4 ne.<\/p>\n<p>1.6. Tuotteiden mukana olevat kuvat ovat havainnollistavia.<\/p>\n<p><strong>2. ECOCRUISER.EU HINNASTO<\/strong><br \/>\n2.1. Ecocruiser.eu-verkkokaupassa myyt\u00e4vien tuotteiden hinnat ovat euroina eiv\u00e4tk\u00e4 sis\u00e4ll\u00e4 toimituskuluja.<\/p>\n<p>2.2. Tavaran toimituksen hinta riippuu asiakkaan tilausta tehdess\u00e4\u00e4n valitsemasta toimitustavasta.<\/p>\n<p>2.3. Ecocruiser.eu pid\u00e4tt\u00e4\u00e4 oikeuden muuttaa hintoja. Mik\u00e4li asiakas on j\u00e4tt\u00e4nyt tilauksensa ennen hinnanmuutoksen voimaantuloa, koskee h\u00e4nt\u00e4 se hinta, joka oli tilauksen tekohetkell\u00e4 n\u00e4kynyt ennakkomaksulaskussa.<\/p>\n<p><strong>3. OSTOSKORI JA TILAUSKAN MUODOSTAMINEN<\/strong><br \/>\n3.1. Voit tilata tuotteita verkkokaupastamme ilman rekister\u00f6itymist\u00e4, mutta rekister\u00f6ityihin k\u00e4ytt\u00e4jiin voi kohdistua lis\u00e4alennuksia. J\u00e4rjestelm\u00e4 on turvallinen ja k\u00e4tev\u00e4 k\u00e4ytt\u00e4\u00e4, ja henkil\u00f6tiedot ovat suojassamme.<br \/>\n3.2. Jotta voit l\u00e4hett\u00e4\u00e4 tilauksen, sinun on suoritettava seuraavat toimet:<br \/>\n1) Lis\u00e4\u00e4 sopiva tuote\/tuotteet ostoskoriin;<br \/>\n2) Siirry ostoskoriin painamalla sivun yl\u00e4reunassa olevaa ostoskorin muotoista painiketta;<br \/>\n3) T\u00e4yt\u00e4 pyydetyt solut, valitse sopiva kuljetus- ja maksutapa;<br \/>\n4) Lue osto- ja myyntiehdot ja vahvista suostumuksesi, jos hyv\u00e4ksyt;<br \/>\n5) Paina &#8220;L\u00e4het\u00e4 tilaus&#8221; -painiketta ja suorita tilausmaksu.<br \/>\nNyt ei en\u00e4\u00e4 tarvitse kuin odottaa, kunnes saat tilausvahvistuksen s\u00e4hk\u00f6postiisi ja tilauksesi alkaa valmistua.<br \/>\n<strong>4. MAKSU TILATUISTA TAVAROIISTA<\/strong><br \/>\n4.1. Kun olet maksanut ostoksen, muista painaa &#8220;Takaisin kauppiaalle&#8221; -painiketta.<br \/>\n4.2. Voit maksaa tilauksesi nopeasti ja turvallisesti nettisivuillamme pankkilinkkien, osamaksukumppanien kautta sek\u00e4 laskun\/e-laskun perusteella.<br \/>\n4.2.1. Tuemme seuraavia pankkilinkkej\u00e4: Swedbank, SEB, LHV-pankki, Luminor-pankki ja COOP-pankki. Maksut v\u00e4litt\u00e4\u00e4 Gofain Marketing Agency O\u00dc.<br \/>\n4.3. Tilaus k\u00e4sitell\u00e4\u00e4n heti, kun suorittamasi maksu on saapunut kokonaisuudessaan k\u00e4ytt\u00f6tilillesi.<br \/>\n4.4 Maksuihin liittyv\u00e4t palvelumaksut maksaa asiakas.<br \/>\n<strong>5. TUOTTEIDEN TOIMITUS JA LUOVUTUS<\/strong><br \/>\n5.1. Jos olet onnistuneesti maksanut tavarasi, saat s\u00e4hk\u00f6postiisi &#8220;tilausvahvistettu&#8221; kirjeen, jossa on tarkat tiedot. Jos et ole saanut t\u00e4t\u00e4 kirjett\u00e4, muista olla yhteydess\u00e4 asiakaspalveluun. T\u00e4m\u00e4n j\u00e4lkeen tilauksesi k\u00e4sitell\u00e4\u00e4n. Kun tuote on valmis, se l\u00e4hetet\u00e4\u00e4n sinulle ja saat v\u00e4litt\u00f6m\u00e4sti s\u00e4hk\u00f6postin, jossa lukee &#8220;Tilauksesi on l\u00e4hetetty&#8221;.<br \/>\n5.1.1. HUOM! Ei toimitusta\/noutoa pyh\u00e4p\u00e4ivin\u00e4.<br \/>\n5.2. Tarkat ja ajantasaiset toimitustavat ja niiden hinnan saat selville Kuljetustiedot -sivulta. Viite: Kuljetustiedot<br \/>\n5.3. Mik\u00e4li asiakas ei nouda pakettia ajoissa ja se palautetaan ecocruiser.eu:lle, asiakas on velvollinen maksamaan palautukseen liittyv\u00e4t kulut sek\u00e4 halutessaan uudelleenpostituskulut.<\/p>\n<p><strong>6. TILAUKSEN PERUUTUS JA TUOTTEEN PALAUTUS<\/strong><br \/>\n6.1. Asiakkaalla on oikeus peruuttaa sopimus ja vaihtaa tai palauttaa tavara 14 p\u00e4iv\u00e4n kuluessa tilauksensa vastaanottamisesta syyt\u00e4 ilmoittamatta. Mik\u00e4li asiakas peruuttaa sopimuksen, tulee asiakkaan palauttaa tavarat v\u00e4litt\u00f6m\u00e4sti, kuitenkin viimeist\u00e4\u00e4n 14 p\u00e4iv\u00e4n kuluessa.<br \/>\n6.2. Tavaraa voidaan kokeilla ja tarkastaa sen sopivuuden tai sopimattomuuden varmistamiseksi, mutta tavaroita ja sen pakkauksia tulee kokeilla mahdollisimman v\u00e4h\u00e4n. Kokeilu tarkoittaa v\u00e4hitt\u00e4isliikkeiss\u00e4 tavanomaista vastaavaa k\u00e4ytt\u00f6\u00e4 ennen ostoa.<br \/>\n6.3. Palautettavan tuotteen tulee olla alkuper\u00e4isess\u00e4 pakkauksessaan alkuper\u00e4isill\u00e4 merkinn\u00f6ill\u00e4 ja yht\u00e4 monimutkainen kuin toimitushetkell\u00e4 asiakkaalle. Jos tavaran pakkaus on mahdollista avata pakkausta vahingoittamatta, asiakas sitoutuu avaamaan pakkauksen t\u00e4ll\u00e4 tavalla. Jos tavaran alkuper\u00e4inen pakkaus on vaurioitunut tai tavaran k\u00e4ytt\u00f6 tavaran koeaikana ylitt\u00e4\u00e4 sen kohtuullisen laajuuden, joka on tarpeen tavaroihin tutustumiseksi tai jos palautettava tavara ei ole samanlaisessa kunnossa kuin uusi vastaava tavara, T\u00e4ll\u00f6in ecocruiser.eu:lla on oikeus yksipuolisesti v\u00e4hent\u00e4\u00e4 Asiakkaalle palautettavasta summasta tavaran arvon aleneminen.vastaava korvaus. Korvauksen suuruus m\u00e4\u00e4r\u00e4ytyy joka kerta palautettavan tavaran mahdollisen arvon alenemisen laajuuden perusteella ja korvauksen m\u00e4\u00e4r\u00e4 ilmoitetaan asiakkaalle mahdollisimman pian korvauksen m\u00e4\u00e4r\u00e4n m\u00e4\u00e4ritt\u00e4misen j\u00e4lkeen.<br \/>\n6.4 Tavaran palautuskustannukset maksaa asiakas, ellei palautuksen syyn\u00e4 ole se, ett\u00e4 palautettava tuote ei vastaa tilattua (esim. v\u00e4\u00e4r\u00e4 tai viallinen tuote).<br \/>\n6.5. Asiakkaan on palautettava tavara 14 p\u00e4iv\u00e4n kuluessa hakemuksen j\u00e4tt\u00e4misest\u00e4 tai todistettava, ett\u00e4 h\u00e4n on luovuttanut tavarat rahdinkuljettajalle edell\u00e4 mainitun ajan kuluessa.<br \/>\n6.6. Palautetun tavaran saatuaan Ecocruiser.eu palauttaa ostajalle v\u00e4litt\u00f6m\u00e4sti, mutta viimeist\u00e4\u00e4n 14 p\u00e4iv\u00e4n kuluessa peruuttamisilmoituksen vastaanottamisesta, kaikki ostajalta sopimuksen mukaiset maksut.<br \/>\n6.7. Ecocruiser.eu voi kielt\u00e4yty\u00e4 maksamasta hyvityksi\u00e4, kunnes sopimuksen alainen tuote on palautettu tai kunnes asiakas on toimittanut todisteet tuotteen palauttamisesta sen mukaan, kumpi tapahtuu ensin.<br \/>\n6.8 Mik\u00e4li asiakas on nimenomaisesti valinnut muun toimitustavan kuin Ecocruiser.eu:n tarjoaman halvimman vakiotoimitustavan, ecocruiser.eu:n ei tarvitse palauttaa kuluttajalle kustannuksia, jotka ylitt\u00e4v\u00e4t vakiotoimitustapaan liittyv\u00e4t kulut.<br \/>\n6.9 Ecocruiser.eu:lla on oikeus vet\u00e4yty\u00e4 kaupasta ja vaatia asiakkaalta tavaran palautus, jos tuotteen hinta verkkokaupassa on virheen vuoksi merkitty selv\u00e4sti alle tavaran markkinahinnan.<br \/>\n6.10. Peruuttaakseen tavaran asiakkaan tulee t\u00e4ytt\u00e4\u00e4 tavaran peruuttamishakemus, joka l\u00f6ytyy t\u00e4\u00e4lt\u00e4: Tavaran palautushakemus<br \/>\n6.11. Hakemuksen j\u00e4tt\u00e4misen j\u00e4lkeen voit l\u00e4hett\u00e4\u00e4 tavarat Haaberst Smartpostiin tai Haaberst rim Omniva -pakettiautomaattiin numeroon +372 566338381, tai isomman tuotteen tapauksessa palauttaa toimistollemme osoitteessa Meistri 16-304, 13517 Tallinna.<br \/>\n6.12 Hakemuksen j\u00e4tt\u00e4misaika on 2 vuotta. T\u00e4ll\u00f6in tulee huomioida, ett\u00e4 jos tuotteessa ilmenee virheit\u00e4 6 kuukauden kuluessa ostosta, niiden oletetaan olevan olemassa jo ostohetkell\u00e4, ellei Ecocruiser.eu toisin osoita. Kuluttajan on 6 kuukauden kuluttua tavaran ostosta todistettava, ett\u00e4 kyseess\u00e4 on valmistusvirhe, ei kuluttajan omasta virheellisest\u00e4 k\u00e4yt\u00f6st\u00e4 aiheutunut virhe.<br \/>\n6.13. Asiakkaalla on virhetapauksissa oikeus ottaa yhteytt\u00e4 verkkokauppaan viimeist\u00e4\u00e4n kahden kuukauden kuluessa l\u00e4hett\u00e4m\u00e4ll\u00e4 s\u00e4hk\u00f6postia osoitteeseen info@projekt.vombat.ee tai soittamalla puhelimitse: +372 56638381. Ecocruiser.eu vastaa kuluttajan valitukseen kirjallisesti tai kirjallisen j\u00e4ljent\u00e4misen mahdollistavassa muodossa 15 p\u00e4iv\u00e4n kuluessa.<br \/>\n6.14. Mik\u00e4li tilattua tavaraa ei voida toimittaa tavaran loppumisen vuoksi tai jostain muusta syyst\u00e4, asiasta ilmoitetaan ostajalle mahdollisimman pian ja maksetut rahat (mukaan lukien tavaran toimituskulut) palautetaan, p\u00e4\u00e4s\u00e4\u00e4nt\u00f6isesti 1-2 ty\u00f6p\u00e4iv\u00e4\u00e4. Maksutavasta riippuen sen saapuminen voi kest\u00e4\u00e4 jopa 7 ty\u00f6p\u00e4iv\u00e4\u00e4.<\/p>\n<p><strong>7. VASTUU JA YLIVOIMAINEN ESTE<\/strong><br \/>\n7.1. Ecocruiser.eu vastaa Asiakkaalle vahingosta, jonka ecocruiser.eu on aiheuttanut n\u00e4iden ehtojen vastaisesti Viron tasavallassa voimassa olevan lains\u00e4\u00e4d\u00e4nn\u00f6n mukaisissa tapauksissa ja laajuudessa.<\/p>\n<p>7.2. Asiakas vastaa ecocruiser.eu:lle asiakkaan n\u00e4iden ehtojen rikkomisesta aiheutuneista vahingoista Viron tasavallassa voimassa olevan lains\u00e4\u00e4d\u00e4nn\u00f6n edellytt\u00e4miss\u00e4 tapauksissa ja laajuudessa.<\/p>\n<p>7.3. Kumpikaan osapuoli ei ole vastuussa toiselle osapuolelle, eik\u00e4 sen k\u00e4ytt\u00e4ytymist\u00e4 pidet\u00e4 n\u00e4iden ehtojen rikkomisena, joka johtuu sen velvoitteiden viiv\u00e4stymisest\u00e4 tai laiminly\u00f6nnist\u00e4, jos viiv\u00e4stykseen tai laiminly\u00f6ntiin on syy &#8211; suoritus ei ollut mainitun osapuolen hallinnassa (force majeure).<\/p>\n<p>7.4 Ecocruiser.eu ei korvaa Asiakkaalle kustannuksia, jotka aiheutuvat siit\u00e4, ett\u00e4 Asiakas on ottanut velvoitteita kolmansia osapuolia kohtaan (jotka eiv\u00e4t ole riippuvaisia \u200b\u200bEcocruiser.eu:sta) olosuhteissa, jotka ovat ristiriidassa n\u00e4iden ehtojen kanssa.<\/p>\n<p><strong>8. MUUT EHDOT<\/strong><br \/>\n8.1. Ecocruiser.eu k\u00e4ytt\u00e4\u00e4 Asiakkaan antamia henkil\u00f6tietoja vain asiakkaan ostotilauksen toteuttamiseen. Tietoja k\u00e4sitell\u00e4\u00e4n luottamuksellisesti eik\u00e4 niit\u00e4 luovuteta kolmansille osapuolille, paitsi mik\u00e4li Asiakkaan valitsema toimitustapa niin vaatii ja lain m\u00e4\u00e4r\u00e4\u00e4miss\u00e4 tapauksissa.<\/p>\n<p>8.2. Ecocruiser.eu pid\u00e4tt\u00e4\u00e4 oikeuden l\u00e4hett\u00e4\u00e4 Asiakkaalle tietoja uusista tuotteista ja erikoistarjouksista, mik\u00e4li Asiakas on tilannut ecocruiser.eu -uutiskirjeen. Asiakkaalla on oikeus pyyt\u00e4\u00e4 tietojensa poistamista ecocruiser.eu-tietokannasta.<\/p>\n<p>8.3 N\u00e4iss\u00e4 ehdoissa s\u00e4\u00e4ntelem\u00e4tt\u00f6miss\u00e4 asioissa Asiakas ja ecocruiser.eu noudattavat Viron tasavallassa voimassa olevaa lains\u00e4\u00e4d\u00e4nt\u00f6\u00e4 ja muita osapuolten v\u00e4lisi\u00e4 suhteita s\u00e4\u00e4televi\u00e4 lakeja.<\/p>\n<p>8.4 N\u00e4iden ehtojen t\u00e4ytt\u00e4misest\u00e4 aiheutuvat erimielisyydet ja erimielisyydet osapuolet ratkaisevat ensisijaisesti neuvotteluteitse. Mik\u00e4li Sopimuksesta aiheutuvia erimielisyyksi\u00e4 ei saada ratkaistua osapuolten v\u00e4lisill\u00e4 neuvotteluilla, sek\u00e4 Asiakkaalla ett\u00e4 ecocruiser.eu:lla on oikeus hakea oikeuksiaan kuluttajansuojalautakunnalta tai tuomioistuimelta. Lis\u00e4ksi Euroopan unionin s\u00e4hk\u00f6isen ymp\u00e4rist\u00f6n ODR-alusta (Online Dispute Resolution) on avoin kaikille asiakkaille, jotta he voivat ratkaista valituksia verkkokauppiaiden kanssa osoitteessa http:\/\/ec.europa.eu\/odr.<\/p>\n<p><strong>9. LOPPUS\u00c4\u00c4NN\u00d6KSET<\/strong><br \/>\n9.1. N\u00e4ihin tilausehtoihin ja ecocruiser.eu verkkokaupan osto- ja myyntisopimuksiin sovelletaan Viron lakia. Jos jokin tilausehtojen ehto on virheellinen, se ei vaikuta muiden tilausehtojen tai osto- ja myyntisopimuksen voimassaoloon. Mit\u00e4t\u00f6n m\u00e4\u00e4r\u00e4ys korvataan s\u00e4\u00e4nn\u00f6ksell\u00e4, joka on oikeudellisesti ja taloudellisesti l\u00e4hinn\u00e4 mit\u00e4t\u00f6nt\u00e4 s\u00e4\u00e4nn\u00f6st\u00e4.<\/p>\n","protected":false},"excerpt":{"rendered":"<p>MYYNTIEHDOT 1. YLEISTEN MYYNTIEHTOJEN VOIMASSAOLO 1.1. Yleiset myyntiehdot koskevat ecocruiser.eu:n asiakkaiden (j\u00e4ljemp\u00e4n\u00e4 Asiakas) ja Ecocruiser.eu Gofain Marketing Agency O\u00dc:n omistajaa (rekisterinumero 14506370, rek.osoite Harju maakond, Saue vald, Alliku k\u00fcla, Kriisa, 76403). , j\u00e4ljemp\u00e4n\u00e4 ecocruiser.eu) ostaessaan tavaroita syntyvist\u00e4 oikeussuhteista. 1.2. Yleiset myyntiehdot eiv\u00e4t voi olla ristiriidassa Viron tasavallassa voimassa olevien lakis\u00e4\u00e4teisten normien kanssa ja tarvittaessa (riitojen tai puuttuvien tietojen tapauksessa) n\u00e4it\u00e4\u2026<\/p>\n","protected":false},"author":3,"featured_media":0,"parent":0,"menu_order":0,"comment_status":"closed","ping_status":"closed","template":"","meta":{"footnotes":""},"class_list":["post-7237","page","type-page","status-publish","hentry"],"yoast_head":"<!-- This site is optimized with the Yoast SEO plugin v23.8 - https:\/\/yoast.com\/wordpress\/plugins\/seo\/ -->\n<title>MYYNTIEHDOT - Ecocruiser<\/title>\n<meta name=\"robots\" content=\"noindex, follow, max-snippet:-1, max-image-preview:large, max-video-preview:-1\" \/>\n<meta property=\"og:locale\" content=\"en_GB\" \/>\n<meta property=\"og:type\" content=\"article\" \/>\n<meta property=\"og:title\" content=\"MYYNTIEHDOT - Ecocruiser\" \/>\n<meta property=\"og:description\" content=\"MYYNTIEHDOT 1. YLEISTEN MYYNTIEHTOJEN VOIMASSAOLO 1.1. Yleiset myyntiehdot koskevat ecocruiser.eu:n asiakkaiden (j\u00e4ljemp\u00e4n\u00e4 Asiakas) ja Ecocruiser.eu Gofain Marketing Agency O\u00dc:n omistajaa (rekisterinumero 14506370, rek.osoite Harju maakond, Saue vald, Alliku k\u00fcla, Kriisa, 76403). , j\u00e4ljemp\u00e4n\u00e4 ecocruiser.eu) ostaessaan tavaroita syntyvist\u00e4 oikeussuhteista. 1.2. Yleiset myyntiehdot eiv\u00e4t voi olla ristiriidassa Viron tasavallassa voimassa olevien lakis\u00e4\u00e4teisten normien kanssa ja tarvittaessa (riitojen tai puuttuvien tietojen tapauksessa) n\u00e4it\u00e4\u2026\" \/>\n<meta property=\"og:url\" content=\"https:\/\/projekt.vombat.ee\/eco\/fi\/myyntiehdot\/\" \/>\n<meta property=\"og:site_name\" content=\"Ecocruiser\" \/>\n<meta name=\"twitter:card\" content=\"summary_large_image\" \/>\n<meta name=\"twitter:label1\" content=\"Estimated reading time\" \/>\n\t<meta name=\"twitter:data1\" content=\"7 minutes\" \/>\n<script type=\"application\/ld+json\" class=\"yoast-schema-graph\">{\"@context\":\"https:\/\/schema.org\",\"@graph\":[{\"@type\":\"WebPage\",\"@id\":\"https:\/\/projekt.vombat.ee\/eco\/fi\/myyntiehdot\/\",\"url\":\"https:\/\/projekt.vombat.ee\/eco\/fi\/myyntiehdot\/\",\"name\":\"MYYNTIEHDOT - Ecocruiser\",\"isPartOf\":{\"@id\":\"https:\/\/projekt.vombat.ee\/eco\/#website\"},\"datePublished\":\"2023-03-26T10:23:17+00:00\",\"dateModified\":\"2023-03-26T10:23:17+00:00\",\"breadcrumb\":{\"@id\":\"https:\/\/projekt.vombat.ee\/eco\/fi\/myyntiehdot\/#breadcrumb\"},\"inLanguage\":\"en-GB\",\"potentialAction\":[{\"@type\":\"ReadAction\",\"target\":[\"https:\/\/projekt.vombat.ee\/eco\/fi\/myyntiehdot\/\"]}]},{\"@type\":\"BreadcrumbList\",\"@id\":\"https:\/\/projekt.vombat.ee\/eco\/fi\/myyntiehdot\/#breadcrumb\",\"itemListElement\":[{\"@type\":\"ListItem\",\"position\":1,\"name\":\"Home\",\"item\":\"https:\/\/projekt.vombat.ee\/eco\/\"},{\"@type\":\"ListItem\",\"position\":2,\"name\":\"MYYNTIEHDOT\"}]},{\"@type\":\"WebSite\",\"@id\":\"https:\/\/projekt.vombat.ee\/eco\/#website\",\"url\":\"https:\/\/projekt.vombat.ee\/eco\/\",\"name\":\"Ecocruiser\",\"description\":\"\",\"publisher\":{\"@id\":\"https:\/\/projekt.vombat.ee\/eco\/#organization\"},\"potentialAction\":[{\"@type\":\"SearchAction\",\"target\":{\"@type\":\"EntryPoint\",\"urlTemplate\":\"https:\/\/projekt.vombat.ee\/eco\/?s={search_term_string}\"},\"query-input\":{\"@type\":\"PropertyValueSpecification\",\"valueRequired\":true,\"valueName\":\"search_term_string\"}}],\"inLanguage\":\"en-GB\"},{\"@type\":\"Organization\",\"@id\":\"https:\/\/projekt.vombat.ee\/eco\/#organization\",\"name\":\"Ecocruiser\",\"url\":\"https:\/\/projekt.vombat.ee\/eco\/\",\"logo\":{\"@type\":\"ImageObject\",\"inLanguage\":\"en-GB\",\"@id\":\"https:\/\/projekt.vombat.ee\/eco\/#\/schema\/logo\/image\/\",\"url\":\"https:\/\/projekt.vombat.ee\/eco\/wp-content\/uploads\/2023\/03\/ECOCRUISER_5.png\",\"contentUrl\":\"https:\/\/projekt.vombat.ee\/eco\/wp-content\/uploads\/2023\/03\/ECOCRUISER_5.png\",\"width\":234,\"height\":91,\"caption\":\"Ecocruiser\"},\"image\":{\"@id\":\"https:\/\/projekt.vombat.ee\/eco\/#\/schema\/logo\/image\/\"}}]}<\/script>\n<!-- \/ Yoast SEO plugin. -->","yoast_head_json":{"title":"MYYNTIEHDOT - Ecocruiser","robots":{"index":"noindex","follow":"follow","max-snippet":"max-snippet:-1","max-image-preview":"max-image-preview:large","max-video-preview":"max-video-preview:-1"},"og_locale":"en_GB","og_type":"article","og_title":"MYYNTIEHDOT - Ecocruiser","og_description":"MYYNTIEHDOT 1. YLEISTEN MYYNTIEHTOJEN VOIMASSAOLO 1.1. Yleiset myyntiehdot koskevat ecocruiser.eu:n asiakkaiden (j\u00e4ljemp\u00e4n\u00e4 Asiakas) ja Ecocruiser.eu Gofain Marketing Agency O\u00dc:n omistajaa (rekisterinumero 14506370, rek.osoite Harju maakond, Saue vald, Alliku k\u00fcla, Kriisa, 76403). , j\u00e4ljemp\u00e4n\u00e4 ecocruiser.eu) ostaessaan tavaroita syntyvist\u00e4 oikeussuhteista. 1.2. Yleiset myyntiehdot eiv\u00e4t voi olla ristiriidassa Viron tasavallassa voimassa olevien lakis\u00e4\u00e4teisten normien kanssa ja tarvittaessa (riitojen tai puuttuvien tietojen tapauksessa) n\u00e4it\u00e4\u2026","og_url":"https:\/\/projekt.vombat.ee\/eco\/fi\/myyntiehdot\/","og_site_name":"Ecocruiser","twitter_card":"summary_large_image","twitter_misc":{"Estimated reading time":"7 minutes"},"schema":{"@context":"https:\/\/schema.org","@graph":[{"@type":"WebPage","@id":"https:\/\/projekt.vombat.ee\/eco\/fi\/myyntiehdot\/","url":"https:\/\/projekt.vombat.ee\/eco\/fi\/myyntiehdot\/","name":"MYYNTIEHDOT - Ecocruiser","isPartOf":{"@id":"https:\/\/projekt.vombat.ee\/eco\/#website"},"datePublished":"2023-03-26T10:23:17+00:00","dateModified":"2023-03-26T10:23:17+00:00","breadcrumb":{"@id":"https:\/\/projekt.vombat.ee\/eco\/fi\/myyntiehdot\/#breadcrumb"},"inLanguage":"en-GB","potentialAction":[{"@type":"ReadAction","target":["https:\/\/projekt.vombat.ee\/eco\/fi\/myyntiehdot\/"]}]},{"@type":"BreadcrumbList","@id":"https:\/\/projekt.vombat.ee\/eco\/fi\/myyntiehdot\/#breadcrumb","itemListElement":[{"@type":"ListItem","position":1,"name":"Home","item":"https:\/\/projekt.vombat.ee\/eco\/"},{"@type":"ListItem","position":2,"name":"MYYNTIEHDOT"}]},{"@type":"WebSite","@id":"https:\/\/projekt.vombat.ee\/eco\/#website","url":"https:\/\/projekt.vombat.ee\/eco\/","name":"Ecocruiser","description":"","publisher":{"@id":"https:\/\/projekt.vombat.ee\/eco\/#organization"},"potentialAction":[{"@type":"SearchAction","target":{"@type":"EntryPoint","urlTemplate":"https:\/\/projekt.vombat.ee\/eco\/?s={search_term_string}"},"query-input":{"@type":"PropertyValueSpecification","valueRequired":true,"valueName":"search_term_string"}}],"inLanguage":"en-GB"},{"@type":"Organization","@id":"https:\/\/projekt.vombat.ee\/eco\/#organization","name":"Ecocruiser","url":"https:\/\/projekt.vombat.ee\/eco\/","logo":{"@type":"ImageObject","inLanguage":"en-GB","@id":"https:\/\/projekt.vombat.ee\/eco\/#\/schema\/logo\/image\/","url":"https:\/\/projekt.vombat.ee\/eco\/wp-content\/uploads\/2023\/03\/ECOCRUISER_5.png","contentUrl":"https:\/\/projekt.vombat.ee\/eco\/wp-content\/uploads\/2023\/03\/ECOCRUISER_5.png","width":234,"height":91,"caption":"Ecocruiser"},"image":{"@id":"https:\/\/projekt.vombat.ee\/eco\/#\/schema\/logo\/image\/"}}]}},"lang":"fi","translations":{"fi":7237,"ru":5136,"et":1902,"lv":5860,"en":12175,"fr":17143},"pll_sync_post":[],"_links":{"self":[{"href":"https:\/\/projekt.vombat.ee\/eco\/wp-json\/wp\/v2\/pages\/7237"}],"collection":[{"href":"https:\/\/projekt.vombat.ee\/eco\/wp-json\/wp\/v2\/pages"}],"about":[{"href":"https:\/\/projekt.vombat.ee\/eco\/wp-json\/wp\/v2\/types\/page"}],"author":[{"embeddable":true,"href":"https:\/\/projekt.vombat.ee\/eco\/wp-json\/wp\/v2\/users\/3"}],"replies":[{"embeddable":true,"href":"https:\/\/projekt.vombat.ee\/eco\/wp-json\/wp\/v2\/comments?post=7237"}],"version-history":[{"count":1,"href":"https:\/\/projekt.vombat.ee\/eco\/wp-json\/wp\/v2\/pages\/7237\/revisions"}],"predecessor-version":[{"id":7239,"href":"https:\/\/projekt.vombat.ee\/eco\/wp-json\/wp\/v2\/pages\/7237\/revisions\/7239"}],"wp:attachment":[{"href":"https:\/\/projekt.vombat.ee\/eco\/wp-json\/wp\/v2\/media?parent=7237"}],"curies":[{"name":"wp","href":"https:\/\/api.w.org\/{rel}","templated":true}]}}