{"id":7227,"date":"2023-03-26T10:14:42","date_gmt":"2023-03-26T10:14:42","guid":{"rendered":"https:\/\/projekt.vombat.ee\/eco\/?page_id=7227"},"modified":"2023-03-26T10:14:42","modified_gmt":"2023-03-26T10:14:42","slug":"tietosuojakaytanto","status":"publish","type":"page","link":"https:\/\/projekt.vombat.ee\/eco\/fi\/tietosuojakaytanto\/","title":{"rendered":"Tietosuojak\u00e4yt\u00e4nt\u00f6"},"content":{"rendered":"<p>Ecocruiser.eu-verkkokauppaa yll\u00e4pit\u00e4\u00e4 Gofain Marketing Agency O\u00dc. P\u00e4\u00e4toimialana on v\u00e4hitt\u00e4ismyynti Internetin kautta. T\u00e4m\u00e4n sivuston ecocruiser.eu tarkoitus on esitell\u00e4 ja myyd\u00e4 s\u00e4hk\u00f6ajoneuvoja.<\/p>\n<p>K\u00e4sittelemme henkil\u00f6tietoja EU:n yleisen tietosuoja-asetuksen (GDPR, EU 2016\/679) ja Viron tasavallan lakien mukaisesti. Tietosuojak\u00e4yt\u00e4nt\u00f6mme selitt\u00e4\u00e4, miten ja miksi ker\u00e4\u00e4mme ja k\u00e4sittelemme henkil\u00f6tietoja.<\/p>\n<p><strong>MIT\u00c4 HENKIL\u00d6TIEDOT KER\u00c4\u00c4MME?<\/strong><br \/>\nHenkil\u00f6tietojasi ei ker\u00e4t\u00e4 vieraillessasi ecocruiser.eu-sivustolla. Sinulla on mahdollisuus antaa henkil\u00f6tietoja vapaaehtoisesti liittyess\u00e4si postituslistalle tai tehdess\u00e4si tilauksen. Sinulta kysyt\u00e4\u00e4n:<\/p>\n<p>nimi<br \/>\ns\u00e4hk\u00f6postiosoite<br \/>\npuhelinnumero<br \/>\n<strong>MIKSI KER\u00c4\u00c4MME HENKIL\u00d6TIEDOT?<\/strong><br \/>\nKer\u00e4\u00e4mme ja k\u00e4sittelemme henkil\u00f6tietoja seuraaviin tarkoituksiin:<\/p>\n<p>l\u00e4hett\u00e4\u00e4ksesi vastauksia kysymyksiisi.<br \/>\nuutiskirjeiden l\u00e4hett\u00e4miseen<br \/>\nt\u00e4ytt\u00e4\u00e4ksemme meille tekem\u00e4si tilaukset<br \/>\n<strong>TIETOJEN SIIRTO EU:N ULKOPUOLELLA<\/strong><br \/>\nGofain Marketing Agency O\u00dc ei siirr\u00e4 asiakastietoja Euroopan (EU) talousalueen ulkopuolelle. K\u00e4sittelemme henkil\u00f6tietojasi luottamuksellisina emmek\u00e4 luovuta niit\u00e4 muille osapuolille. Yritys v\u00e4litt\u00e4\u00e4 tiedot maksuista Maksekeskus AS:lle, joka on valtuutettu henkil\u00f6 (jur) tietojenk\u00e4sittelyyn.<\/p>\n<p><strong>HENKIL\u00d6TIETOJEN SIIRTO EU:N ULKOPUOLELLE<\/strong><br \/>\nEmme siirr\u00e4 henkil\u00f6tietojasi Euroopan unionin tai Euroopan talousalueen (ETA) ulkopuolelle.<\/p>\n<p><strong>TIETOTURVA<\/strong><br \/>\nPyrimme suojaamaan tietojasi luvattomalta k\u00e4yt\u00f6lt\u00e4 tai luvattomalta muuttamiselta, paljastamiselta tai tietomurroilta.<\/p>\n<p>Tietoturvan varmistamiseksi teemme seuraavasti:<\/p>\n<p>K\u00e4sittelemme kaikkia henkil\u00f6tietoja luottamuksellisina.<br \/>\nK\u00e4yt\u00e4mme vain SSL-salattuja palveluita.<br \/>\nRajoitamme p\u00e4\u00e4sy\u00e4 henkil\u00f6tietoihin tarjoamalla p\u00e4\u00e4syn vain niille ty\u00f6ntekij\u00f6ille ja alihankkijoille, jotka tarvitsevat tietoja k\u00e4sitell\u00e4kseen niit\u00e4, joihin sovelletaan tiukkoja sopimukseen perustuvia salassapitovelvoitteita ja joille voidaan m\u00e4\u00e4r\u00e4t\u00e4 seuraamuksia tai irtisanominen, jos he eiv\u00e4t t\u00e4yt\u00e4 n\u00e4it\u00e4 velvoitteita.<br \/>\nS\u00e4ilyt\u00e4mme henkil\u00f6tietoja p\u00e4\u00e4osin digitaalisessa muodossa emmek\u00e4 paperilla varmistaaksemme turvallisemman p\u00e4\u00e4synhallinnan.<br \/>\nHenkil\u00f6tietovarasto on suojattu tarvittavilla IT-teknisill\u00e4 ja organisatorisilla suojatoimenpiteill\u00e4.<br \/>\nVaikka k\u00e4yt\u00e4mme tiukkoja turvallisuuss\u00e4\u00e4nt\u00f6j\u00e4 ymp\u00e4rist\u00f6\u00f6mme saapuville henkil\u00f6tiedoille, on huomattava, ett\u00e4 Internet ei ole koskaan t\u00e4ysin turvallinen, emmek\u00e4 voi taata meille l\u00e4hett\u00e4miesi tietojen turvallista siirtoa. Tietojen l\u00e4hett\u00e4misen turvallisuus on aina omalla vastuullasi.<\/p>\n<p><strong>MIT\u00c4 OIKEUDET SINULLA ON JA MITEN NE K\u00c4YTT\u00c4\u00c4N?<\/strong><br \/>\nJos olet antanut suostumuksesi henkil\u00f6tietojesi ker\u00e4\u00e4miseen, k\u00e4sittelyyn ja k\u00e4ytt\u00f6\u00f6n tietyll\u00e4 tavalla, voit peruuttaa suostumuksesi milloin tahansa tulevaisuudessa.<\/p>\n<p>Sovellettavan tietosuojalains\u00e4\u00e4d\u00e4nn\u00f6n mukaisesti sinulla on oikeus:<\/p>\n<p>Pyyd\u00e4 p\u00e4\u00e4sy\u00e4 henkil\u00f6tietoihisi.<br \/>\nPyyd\u00e4 henkil\u00f6tietojesi korjaamista.<br \/>\nPyyd\u00e4 henkil\u00f6tietojesi poistamista.<br \/>\nPyyd\u00e4 henkil\u00f6tietojesi k\u00e4sittelyn rajoittamista.<br \/>\nPyyd\u00e4 henkil\u00f6tietojesi siirtoa.<br \/>\nPyyd\u00e4 henkil\u00f6tietojesi k\u00e4sittely\u00e4 koskevan suostumuksen peruuttamista.<br \/>\nVastustaa automatisoitua p\u00e4\u00e4t\u00f6ksentekoa (mukaan lukien profilointi).<br \/>\nSovelluksen on voitava tunnistaa sinut yksil\u00f6llisesti. K\u00e4ytt\u00e4\u00e4ksesi oikeuksiasi ja v\u00e4litt\u00e4\u00e4ksesi pyynt\u00f6si, ota meihin yhteytt\u00e4 kohdassa (&#8220;Ota yhteytt\u00e4&#8221;) m\u00e4\u00e4ritellyll\u00e4 tavalla.<\/p>\n<p>Huomaa, ett\u00e4 voit pyyt\u00e4\u00e4 henkil\u00f6tietojesi poistamista, k\u00e4sittelyn rajoittamista jne. vain, jos t\u00e4m\u00e4 on oikeusperustan ja tietosuojalains\u00e4\u00e4d\u00e4nn\u00f6n mukaista.<\/p>\n<p>Jos sinulla on valituksia, sinulla on oikeus tehd\u00e4 valitus toimivaltaiselle tietosuojaviranomaiselle. Teemme yhteisty\u00f6t\u00e4 asianomaisten s\u00e4\u00e4ntelyviranomaisten, mukaan lukien paikalliset tietosuojaviranomaiset, kanssa henkil\u00f6tietojen siirtoon liittyvien valitusten ratkaisemiseksi.<\/p>\n<p><strong>KUINKA KAUAN S\u00c4ILYTT\u00c4MME HENKIL\u00d6TIEDOTTASI?<\/strong><br \/>\nHenkil\u00f6tietojasi s\u00e4ilytet\u00e4\u00e4n niin kauan kuin se on tarpeen pyyt\u00e4miesi palvelujen tarjoamiseksi. Jos henkil\u00f6tietoja ei ole k\u00e4ytetty kolmeen per\u00e4kk\u00e4iseen vuoteen, poistamme henkil\u00f6tietosi tai anonymisoimme henkil\u00f6tietosi, ellei pakollisia s\u00e4ilytysvaatimuksia ole.<\/p>\n<p>Ker\u00e4ttyj\u00e4 henkil\u00f6kohtaisia \u200b\u200btietoja s\u00e4ilytet\u00e4\u00e4n toistaiseksi.<\/p>\n<p><strong>EHDOT JA MUUTOKSET TIETOSUOJAK\u00c4YT\u00c4NT\u00d6\u00d6N<\/strong><br \/>\nK\u00e4ytt\u00e4m\u00e4ll\u00e4 t\u00e4t\u00e4 verkkosivustoa olet lukenut ja hyv\u00e4ksyt n\u00e4m\u00e4 ehdot.<\/p>\n<p>Tietosuojak\u00e4yt\u00e4nt\u00f6mme voi muuttua ajoittain. Emme v\u00e4henn\u00e4 tietosuojak\u00e4yt\u00e4nn\u00f6n mukaisia \u200b\u200boikeuksiasi ilman nimenomaista suostumustasi. Ilmoitamme tietosuojak\u00e4yt\u00e4nn\u00f6n muutoksista t\u00e4ll\u00e4 sivulla ja l\u00e4het\u00e4mme tarkemman ilmoituksen merkitt\u00e4vist\u00e4 muutoksista.<\/p>\n<p><strong>OTA YHTEYTT\u00c4; OTA YHTEYTT\u00c4<\/strong><br \/>\nJos sinulla on kysytt\u00e4v\u00e4\u00e4, ota yhteytt\u00e4 asiakaspalveluun puhelimitse (+372) 56638381 tai l\u00e4het\u00e4 s\u00e4hk\u00f6postia osoitteeseen info@projekt.vombat.ee Lis\u00e4tietoja ja yhteystiedot l\u00f6yd\u00e4t t\u00e4\u00e4lt\u00e4!<\/p>\n","protected":false},"excerpt":{"rendered":"<p>Ecocruiser.eu-verkkokauppaa yll\u00e4pit\u00e4\u00e4 Gofain Marketing Agency O\u00dc. P\u00e4\u00e4toimialana on v\u00e4hitt\u00e4ismyynti Internetin kautta. T\u00e4m\u00e4n sivuston ecocruiser.eu tarkoitus on esitell\u00e4 ja myyd\u00e4 s\u00e4hk\u00f6ajoneuvoja. K\u00e4sittelemme henkil\u00f6tietoja EU:n yleisen tietosuoja-asetuksen (GDPR, EU 2016\/679) ja Viron tasavallan lakien mukaisesti. Tietosuojak\u00e4yt\u00e4nt\u00f6mme selitt\u00e4\u00e4, miten ja miksi ker\u00e4\u00e4mme ja k\u00e4sittelemme henkil\u00f6tietoja. MIT\u00c4 HENKIL\u00d6TIEDOT KER\u00c4\u00c4MME? Henkil\u00f6tietojasi ei ker\u00e4t\u00e4 vieraillessasi ecocruiser.eu-sivustolla. Sinulla on mahdollisuus antaa henkil\u00f6tietoja vapaaehtoisesti liittyess\u00e4si postituslistalle tai tehdess\u00e4si\u2026<\/p>\n","protected":false},"author":3,"featured_media":0,"parent":0,"menu_order":0,"comment_status":"closed","ping_status":"open","template":"","meta":{"footnotes":""},"class_list":["post-7227","page","type-page","status-publish","hentry"],"yoast_head":"<!-- This site is optimized with the Yoast SEO plugin v23.8 - https:\/\/yoast.com\/wordpress\/plugins\/seo\/ -->\n<title>Tietosuojak\u00e4yt\u00e4nt\u00f6 - Ecocruiser<\/title>\n<meta name=\"robots\" content=\"noindex, follow, max-snippet:-1, max-image-preview:large, max-video-preview:-1\" \/>\n<meta property=\"og:locale\" content=\"en_GB\" \/>\n<meta property=\"og:type\" content=\"article\" \/>\n<meta property=\"og:title\" content=\"Tietosuojak\u00e4yt\u00e4nt\u00f6 - Ecocruiser\" \/>\n<meta property=\"og:description\" content=\"Ecocruiser.eu-verkkokauppaa yll\u00e4pit\u00e4\u00e4 Gofain Marketing Agency O\u00dc. P\u00e4\u00e4toimialana on v\u00e4hitt\u00e4ismyynti Internetin kautta. T\u00e4m\u00e4n sivuston ecocruiser.eu tarkoitus on esitell\u00e4 ja myyd\u00e4 s\u00e4hk\u00f6ajoneuvoja. K\u00e4sittelemme henkil\u00f6tietoja EU:n yleisen tietosuoja-asetuksen (GDPR, EU 2016\/679) ja Viron tasavallan lakien mukaisesti. Tietosuojak\u00e4yt\u00e4nt\u00f6mme selitt\u00e4\u00e4, miten ja miksi ker\u00e4\u00e4mme ja k\u00e4sittelemme henkil\u00f6tietoja. MIT\u00c4 HENKIL\u00d6TIEDOT KER\u00c4\u00c4MME? Henkil\u00f6tietojasi ei ker\u00e4t\u00e4 vieraillessasi ecocruiser.eu-sivustolla. Sinulla on mahdollisuus antaa henkil\u00f6tietoja vapaaehtoisesti liittyess\u00e4si postituslistalle tai tehdess\u00e4si\u2026\" \/>\n<meta property=\"og:url\" content=\"https:\/\/projekt.vombat.ee\/eco\/fi\/tietosuojakaytanto\/\" \/>\n<meta property=\"og:site_name\" content=\"Ecocruiser\" \/>\n<meta name=\"twitter:card\" content=\"summary_large_image\" \/>\n<meta name=\"twitter:label1\" content=\"Estimated reading time\" \/>\n\t<meta name=\"twitter:data1\" content=\"3 minutes\" \/>\n<script type=\"application\/ld+json\" class=\"yoast-schema-graph\">{\"@context\":\"https:\/\/schema.org\",\"@graph\":[{\"@type\":\"WebPage\",\"@id\":\"https:\/\/projekt.vombat.ee\/eco\/fi\/tietosuojakaytanto\/\",\"url\":\"https:\/\/projekt.vombat.ee\/eco\/fi\/tietosuojakaytanto\/\",\"name\":\"Tietosuojak\u00e4yt\u00e4nt\u00f6 - Ecocruiser\",\"isPartOf\":{\"@id\":\"https:\/\/projekt.vombat.ee\/eco\/#website\"},\"datePublished\":\"2023-03-26T10:14:42+00:00\",\"dateModified\":\"2023-03-26T10:14:42+00:00\",\"breadcrumb\":{\"@id\":\"https:\/\/projekt.vombat.ee\/eco\/fi\/tietosuojakaytanto\/#breadcrumb\"},\"inLanguage\":\"en-GB\",\"potentialAction\":[{\"@type\":\"ReadAction\",\"target\":[\"https:\/\/projekt.vombat.ee\/eco\/fi\/tietosuojakaytanto\/\"]}]},{\"@type\":\"BreadcrumbList\",\"@id\":\"https:\/\/projekt.vombat.ee\/eco\/fi\/tietosuojakaytanto\/#breadcrumb\",\"itemListElement\":[{\"@type\":\"ListItem\",\"position\":1,\"name\":\"Home\",\"item\":\"https:\/\/projekt.vombat.ee\/eco\/\"},{\"@type\":\"ListItem\",\"position\":2,\"name\":\"Tietosuojak\u00e4yt\u00e4nt\u00f6\"}]},{\"@type\":\"WebSite\",\"@id\":\"https:\/\/projekt.vombat.ee\/eco\/#website\",\"url\":\"https:\/\/projekt.vombat.ee\/eco\/\",\"name\":\"Ecocruiser\",\"description\":\"\",\"publisher\":{\"@id\":\"https:\/\/projekt.vombat.ee\/eco\/#organization\"},\"potentialAction\":[{\"@type\":\"SearchAction\",\"target\":{\"@type\":\"EntryPoint\",\"urlTemplate\":\"https:\/\/projekt.vombat.ee\/eco\/?s={search_term_string}\"},\"query-input\":{\"@type\":\"PropertyValueSpecification\",\"valueRequired\":true,\"valueName\":\"search_term_string\"}}],\"inLanguage\":\"en-GB\"},{\"@type\":\"Organization\",\"@id\":\"https:\/\/projekt.vombat.ee\/eco\/#organization\",\"name\":\"Ecocruiser\",\"url\":\"https:\/\/projekt.vombat.ee\/eco\/\",\"logo\":{\"@type\":\"ImageObject\",\"inLanguage\":\"en-GB\",\"@id\":\"https:\/\/projekt.vombat.ee\/eco\/#\/schema\/logo\/image\/\",\"url\":\"https:\/\/projekt.vombat.ee\/eco\/wp-content\/uploads\/2023\/03\/ECOCRUISER_5.png\",\"contentUrl\":\"https:\/\/projekt.vombat.ee\/eco\/wp-content\/uploads\/2023\/03\/ECOCRUISER_5.png\",\"width\":234,\"height\":91,\"caption\":\"Ecocruiser\"},\"image\":{\"@id\":\"https:\/\/projekt.vombat.ee\/eco\/#\/schema\/logo\/image\/\"}}]}<\/script>\n<!-- \/ Yoast SEO plugin. -->","yoast_head_json":{"title":"Tietosuojak\u00e4yt\u00e4nt\u00f6 - Ecocruiser","robots":{"index":"noindex","follow":"follow","max-snippet":"max-snippet:-1","max-image-preview":"max-image-preview:large","max-video-preview":"max-video-preview:-1"},"og_locale":"en_GB","og_type":"article","og_title":"Tietosuojak\u00e4yt\u00e4nt\u00f6 - Ecocruiser","og_description":"Ecocruiser.eu-verkkokauppaa yll\u00e4pit\u00e4\u00e4 Gofain Marketing Agency O\u00dc. P\u00e4\u00e4toimialana on v\u00e4hitt\u00e4ismyynti Internetin kautta. T\u00e4m\u00e4n sivuston ecocruiser.eu tarkoitus on esitell\u00e4 ja myyd\u00e4 s\u00e4hk\u00f6ajoneuvoja. K\u00e4sittelemme henkil\u00f6tietoja EU:n yleisen tietosuoja-asetuksen (GDPR, EU 2016\/679) ja Viron tasavallan lakien mukaisesti. Tietosuojak\u00e4yt\u00e4nt\u00f6mme selitt\u00e4\u00e4, miten ja miksi ker\u00e4\u00e4mme ja k\u00e4sittelemme henkil\u00f6tietoja. MIT\u00c4 HENKIL\u00d6TIEDOT KER\u00c4\u00c4MME? Henkil\u00f6tietojasi ei ker\u00e4t\u00e4 vieraillessasi ecocruiser.eu-sivustolla. Sinulla on mahdollisuus antaa henkil\u00f6tietoja vapaaehtoisesti liittyess\u00e4si postituslistalle tai tehdess\u00e4si\u2026","og_url":"https:\/\/projekt.vombat.ee\/eco\/fi\/tietosuojakaytanto\/","og_site_name":"Ecocruiser","twitter_card":"summary_large_image","twitter_misc":{"Estimated reading time":"3 minutes"},"schema":{"@context":"https:\/\/schema.org","@graph":[{"@type":"WebPage","@id":"https:\/\/projekt.vombat.ee\/eco\/fi\/tietosuojakaytanto\/","url":"https:\/\/projekt.vombat.ee\/eco\/fi\/tietosuojakaytanto\/","name":"Tietosuojak\u00e4yt\u00e4nt\u00f6 - Ecocruiser","isPartOf":{"@id":"https:\/\/projekt.vombat.ee\/eco\/#website"},"datePublished":"2023-03-26T10:14:42+00:00","dateModified":"2023-03-26T10:14:42+00:00","breadcrumb":{"@id":"https:\/\/projekt.vombat.ee\/eco\/fi\/tietosuojakaytanto\/#breadcrumb"},"inLanguage":"en-GB","potentialAction":[{"@type":"ReadAction","target":["https:\/\/projekt.vombat.ee\/eco\/fi\/tietosuojakaytanto\/"]}]},{"@type":"BreadcrumbList","@id":"https:\/\/projekt.vombat.ee\/eco\/fi\/tietosuojakaytanto\/#breadcrumb","itemListElement":[{"@type":"ListItem","position":1,"name":"Home","item":"https:\/\/projekt.vombat.ee\/eco\/"},{"@type":"ListItem","position":2,"name":"Tietosuojak\u00e4yt\u00e4nt\u00f6"}]},{"@type":"WebSite","@id":"https:\/\/projekt.vombat.ee\/eco\/#website","url":"https:\/\/projekt.vombat.ee\/eco\/","name":"Ecocruiser","description":"","publisher":{"@id":"https:\/\/projekt.vombat.ee\/eco\/#organization"},"potentialAction":[{"@type":"SearchAction","target":{"@type":"EntryPoint","urlTemplate":"https:\/\/projekt.vombat.ee\/eco\/?s={search_term_string}"},"query-input":{"@type":"PropertyValueSpecification","valueRequired":true,"valueName":"search_term_string"}}],"inLanguage":"en-GB"},{"@type":"Organization","@id":"https:\/\/projekt.vombat.ee\/eco\/#organization","name":"Ecocruiser","url":"https:\/\/projekt.vombat.ee\/eco\/","logo":{"@type":"ImageObject","inLanguage":"en-GB","@id":"https:\/\/projekt.vombat.ee\/eco\/#\/schema\/logo\/image\/","url":"https:\/\/projekt.vombat.ee\/eco\/wp-content\/uploads\/2023\/03\/ECOCRUISER_5.png","contentUrl":"https:\/\/projekt.vombat.ee\/eco\/wp-content\/uploads\/2023\/03\/ECOCRUISER_5.png","width":234,"height":91,"caption":"Ecocruiser"},"image":{"@id":"https:\/\/projekt.vombat.ee\/eco\/#\/schema\/logo\/image\/"}}]}},"lang":"fi","translations":{"fi":7227,"ru":5087,"et":3,"en":5092,"lv":5094,"fr":17133},"pll_sync_post":[],"_links":{"self":[{"href":"https:\/\/projekt.vombat.ee\/eco\/wp-json\/wp\/v2\/pages\/7227"}],"collection":[{"href":"https:\/\/projekt.vombat.ee\/eco\/wp-json\/wp\/v2\/pages"}],"about":[{"href":"https:\/\/projekt.vombat.ee\/eco\/wp-json\/wp\/v2\/types\/page"}],"author":[{"embeddable":true,"href":"https:\/\/projekt.vombat.ee\/eco\/wp-json\/wp\/v2\/users\/3"}],"replies":[{"embeddable":true,"href":"https:\/\/projekt.vombat.ee\/eco\/wp-json\/wp\/v2\/comments?post=7227"}],"version-history":[{"count":1,"href":"https:\/\/projekt.vombat.ee\/eco\/wp-json\/wp\/v2\/pages\/7227\/revisions"}],"predecessor-version":[{"id":7229,"href":"https:\/\/projekt.vombat.ee\/eco\/wp-json\/wp\/v2\/pages\/7227\/revisions\/7229"}],"wp:attachment":[{"href":"https:\/\/projekt.vombat.ee\/eco\/wp-json\/wp\/v2\/media?parent=7227"}],"curies":[{"name":"wp","href":"https:\/\/api.w.org\/{rel}","templated":true}]}}