{"id":7224,"date":"2023-03-26T10:09:18","date_gmt":"2023-03-26T10:09:18","guid":{"rendered":"https:\/\/projekt.vombat.ee\/eco\/?page_id=7224"},"modified":"2023-03-26T11:02:53","modified_gmt":"2023-03-26T11:02:53","slug":"ottaa-yhteytta","status":"publish","type":"page","link":"https:\/\/projekt.vombat.ee\/eco\/fi\/ottaa-yhteytta\/","title":{"rendered":"Ottaa yhteytt\u00e4"},"content":{"rendered":"<h2 class=\"elementor-heading-title elementor-size-default\" style=\"text-align: center;\"><span style=\"color: #99cc00;\">ECOCRUISER<\/span><\/h2>\n<p style=\"text-align: center;\">Tervetuloa Ecocruiseriin, joka on kaikkien s\u00e4hk\u00f6py\u00f6r\u00e4- ja s\u00e4hk\u00f6skootteritarpeesi ensisijainen kohde. Yhten\u00e4 Euroopan suurimmista s\u00e4hk\u00f6py\u00f6r\u00e4- ja e-skootterimyym\u00e4l\u00f6ist\u00e4 olemme ylpeit\u00e4 voidessamme tarjota asiakkaillemme huippulaadukkaita tuotteita ja poikkeuksellista asiakaspalvelua.<\/p>\n<p style=\"text-align: center;\">Ecocruiser tarjoaa laajan valikoiman s\u00e4hk\u00f6py\u00f6ri\u00e4 ja e-skoottereita kaikkiin tarpeisiin ja budjetteihin. Etsitp\u00e4 sitten tehokasta s\u00e4hk\u00f6py\u00f6r\u00e4\u00e4 t\u00f6ihin matkustamiseen tai hauskaa ja tyylik\u00e4st\u00e4 e-skootteria kaupunkiasi tutustumiseen, meilt\u00e4 l\u00f6yd\u00e4t kaiken.<\/p>\n<p style=\"text-align: center;\">Asiantuntijatiimimme on aina valmis auttamaan sinua valitsemaan oikean tuotteen tarpeisiisi. Suhtaudumme intohimoisesti s\u00e4hk\u00f6py\u00f6riin ja s\u00e4hk\u00f6skoottereihin ja uskomme niiden mahdollisuuksiin muuttaa liikkuvuutta kaupungeissamme. Tavoitteenamme on auttaa asiakkaitamme tekem\u00e4\u00e4n tietoisia p\u00e4\u00e4t\u00f6ksi\u00e4 ja tarjota heille parasta mahdollista neuvontaa ja tukea.<\/p>\n<p style=\"text-align: center;\">Tarjoamme my\u00f6s erilaisia \u200b\u200blis\u00e4varusteita ja osia, jotka parantavat s\u00e4hk\u00f6py\u00f6r\u00e4si tai e-skootterisi suorituskyky\u00e4 ja toimivuutta. Laadukkaista akuista ja latureista kest\u00e4viin renkaisiin ja jarruihin, meill\u00e4 on kaikki mit\u00e4 tarvitset ajoneuvosi sujuvaan k\u00e4yntiin.<\/p>\n<p style=\"text-align: center;\">Ymm\u00e4rr\u00e4mme Ecocruiserilla, ett\u00e4 s\u00e4hk\u00f6py\u00f6r\u00e4n tai e-skootterin ostaminen voi olla merkitt\u00e4v\u00e4 investointi. Siksi tarjoamme joustavia rahoitusvaihtoehtoja tehd\u00e4ksesi ostostasi edullisemman. Annamme my\u00f6s kattavat takuut kaikille tuotteillemme antaaksemme asiakkaillemme mielenrauhan.<\/p>\n<p style=\"text-align: center;\">Joten miksi odottaa? Vieraile myym\u00e4l\u00e4ss\u00e4mme jo t\u00e4n\u00e4\u00e4n ja koe s\u00e4hk\u00f6py\u00f6r\u00e4ll\u00e4 tai e-skootterilla ajamisen j\u00e4nnitys. Yst\u00e4v\u00e4llinen ja asiantunteva henkil\u00f6kuntamme auttaa sinua mielell\u00e4\u00e4n ja vastaa kysymyksiisi.<\/p>\n<p><img fetchpriority=\"high\" decoding=\"async\" class=\"attachment-large size-large wp-image-2559 aligncenter\" src=\"https:\/\/projekt.vombat.ee\/eco\/wp-content\/uploads\/2023\/02\/scooters-2.jpg\" sizes=\"(max-width: 767px) 100vw, 500px\" srcset=\"https:\/\/projekt.vombat.ee\/eco\/wp-content\/uploads\/2023\/02\/scooters-2.jpg 500w, https:\/\/projekt.vombat.ee\/eco\/wp-content\/uploads\/2023\/02\/scooters-2-300x200.jpg 300w, https:\/\/projekt.vombat.ee\/eco\/wp-content\/uploads\/2023\/02\/scooters-2-370x247.jpg 370w\" alt=\"\" width=\"500\" height=\"334\" \/><\/p>\n<p>&nbsp;<\/p>\n","protected":false},"excerpt":{"rendered":"<p>ECOCRUISER Tervetuloa Ecocruiseriin, joka on kaikkien s\u00e4hk\u00f6py\u00f6r\u00e4- ja s\u00e4hk\u00f6skootteritarpeesi ensisijainen kohde. Yhten\u00e4 Euroopan suurimmista s\u00e4hk\u00f6py\u00f6r\u00e4- ja e-skootterimyym\u00e4l\u00f6ist\u00e4 olemme ylpeit\u00e4 voidessamme tarjota asiakkaillemme huippulaadukkaita tuotteita ja poikkeuksellista asiakaspalvelua. Ecocruiser tarjoaa laajan valikoiman s\u00e4hk\u00f6py\u00f6ri\u00e4 ja e-skoottereita kaikkiin tarpeisiin ja budjetteihin. Etsitp\u00e4 sitten tehokasta s\u00e4hk\u00f6py\u00f6r\u00e4\u00e4 t\u00f6ihin matkustamiseen tai hauskaa ja tyylik\u00e4st\u00e4 e-skootteria kaupunkiasi tutustumiseen, meilt\u00e4 l\u00f6yd\u00e4t kaiken. Asiantuntijatiimimme on aina valmis auttamaan sinua\u2026<\/p>\n","protected":false},"author":3,"featured_media":0,"parent":0,"menu_order":0,"comment_status":"closed","ping_status":"closed","template":"elementor_header_footer","meta":{"footnotes":""},"class_list":["post-7224","page","type-page","status-publish","hentry"],"yoast_head":"<!-- This site is optimized with the Yoast SEO plugin v23.8 - https:\/\/yoast.com\/wordpress\/plugins\/seo\/ -->\n<title>Ottaa yhteytt\u00e4 - Ecocruiser<\/title>\n<meta name=\"description\" content=\"Ecocruiser.ee - Asiakaspalvelu: (+372) 56638381 ; S\u00e4hk\u00f6posti: info@projekt.vombat.ee. Tunnetut merkit, laadukas valikoima\" \/>\n<meta name=\"robots\" content=\"noindex, follow, max-snippet:-1, max-image-preview:large, max-video-preview:-1\" \/>\n<meta property=\"og:locale\" content=\"en_GB\" \/>\n<meta property=\"og:type\" content=\"article\" \/>\n<meta property=\"og:title\" content=\"Ottaa yhteytt\u00e4 - Ecocruiser\" \/>\n<meta property=\"og:description\" content=\"Ecocruiser.ee - Asiakaspalvelu: (+372) 56638381 ; S\u00e4hk\u00f6posti: info@projekt.vombat.ee. Tunnetut merkit, laadukas valikoima\" \/>\n<meta property=\"og:url\" content=\"https:\/\/projekt.vombat.ee\/eco\/fi\/ottaa-yhteytta\/\" \/>\n<meta property=\"og:site_name\" content=\"Ecocruiser\" \/>\n<meta property=\"article:modified_time\" content=\"2023-03-26T11:02:53+00:00\" \/>\n<meta property=\"og:image\" content=\"https:\/\/projekt.vombat.ee\/eco\/wp-content\/uploads\/2023\/02\/scooters-2.jpg\" \/>\n<meta name=\"twitter:card\" content=\"summary_large_image\" \/>\n<meta name=\"twitter:label1\" content=\"Estimated reading time\" \/>\n\t<meta name=\"twitter:data1\" content=\"2 minutes\" \/>\n<script type=\"application\/ld+json\" class=\"yoast-schema-graph\">{\"@context\":\"https:\/\/schema.org\",\"@graph\":[{\"@type\":\"WebPage\",\"@id\":\"https:\/\/projekt.vombat.ee\/eco\/fi\/ottaa-yhteytta\/\",\"url\":\"https:\/\/projekt.vombat.ee\/eco\/fi\/ottaa-yhteytta\/\",\"name\":\"Ottaa yhteytt\u00e4 - Ecocruiser\",\"isPartOf\":{\"@id\":\"https:\/\/projekt.vombat.ee\/eco\/#website\"},\"primaryImageOfPage\":{\"@id\":\"https:\/\/projekt.vombat.ee\/eco\/fi\/ottaa-yhteytta\/#primaryimage\"},\"image\":{\"@id\":\"https:\/\/projekt.vombat.ee\/eco\/fi\/ottaa-yhteytta\/#primaryimage\"},\"thumbnailUrl\":\"https:\/\/projekt.vombat.ee\/eco\/wp-content\/uploads\/2023\/02\/scooters-2.jpg\",\"datePublished\":\"2023-03-26T10:09:18+00:00\",\"dateModified\":\"2023-03-26T11:02:53+00:00\",\"description\":\"Ecocruiser.ee - Asiakaspalvelu: (+372) 56638381 ; S\u00e4hk\u00f6posti: info@projekt.vombat.ee. Tunnetut merkit, laadukas valikoima\",\"breadcrumb\":{\"@id\":\"https:\/\/projekt.vombat.ee\/eco\/fi\/ottaa-yhteytta\/#breadcrumb\"},\"inLanguage\":\"en-GB\",\"potentialAction\":[{\"@type\":\"ReadAction\",\"target\":[\"https:\/\/projekt.vombat.ee\/eco\/fi\/ottaa-yhteytta\/\"]}]},{\"@type\":\"ImageObject\",\"inLanguage\":\"en-GB\",\"@id\":\"https:\/\/projekt.vombat.ee\/eco\/fi\/ottaa-yhteytta\/#primaryimage\",\"url\":\"https:\/\/projekt.vombat.ee\/eco\/wp-content\/uploads\/2023\/02\/scooters-2.jpg\",\"contentUrl\":\"https:\/\/projekt.vombat.ee\/eco\/wp-content\/uploads\/2023\/02\/scooters-2.jpg\",\"width\":500,\"height\":334},{\"@type\":\"BreadcrumbList\",\"@id\":\"https:\/\/projekt.vombat.ee\/eco\/fi\/ottaa-yhteytta\/#breadcrumb\",\"itemListElement\":[{\"@type\":\"ListItem\",\"position\":1,\"name\":\"Home\",\"item\":\"https:\/\/projekt.vombat.ee\/eco\/\"},{\"@type\":\"ListItem\",\"position\":2,\"name\":\"Ottaa yhteytt\u00e4\"}]},{\"@type\":\"WebSite\",\"@id\":\"https:\/\/projekt.vombat.ee\/eco\/#website\",\"url\":\"https:\/\/projekt.vombat.ee\/eco\/\",\"name\":\"Ecocruiser\",\"description\":\"\",\"publisher\":{\"@id\":\"https:\/\/projekt.vombat.ee\/eco\/#organization\"},\"potentialAction\":[{\"@type\":\"SearchAction\",\"target\":{\"@type\":\"EntryPoint\",\"urlTemplate\":\"https:\/\/projekt.vombat.ee\/eco\/?s={search_term_string}\"},\"query-input\":{\"@type\":\"PropertyValueSpecification\",\"valueRequired\":true,\"valueName\":\"search_term_string\"}}],\"inLanguage\":\"en-GB\"},{\"@type\":\"Organization\",\"@id\":\"https:\/\/projekt.vombat.ee\/eco\/#organization\",\"name\":\"Ecocruiser\",\"url\":\"https:\/\/projekt.vombat.ee\/eco\/\",\"logo\":{\"@type\":\"ImageObject\",\"inLanguage\":\"en-GB\",\"@id\":\"https:\/\/projekt.vombat.ee\/eco\/#\/schema\/logo\/image\/\",\"url\":\"https:\/\/projekt.vombat.ee\/eco\/wp-content\/uploads\/2023\/03\/ECOCRUISER_5.png\",\"contentUrl\":\"https:\/\/projekt.vombat.ee\/eco\/wp-content\/uploads\/2023\/03\/ECOCRUISER_5.png\",\"width\":234,\"height\":91,\"caption\":\"Ecocruiser\"},\"image\":{\"@id\":\"https:\/\/projekt.vombat.ee\/eco\/#\/schema\/logo\/image\/\"}}]}<\/script>\n<!-- \/ Yoast SEO plugin. -->","yoast_head_json":{"title":"Ottaa yhteytt\u00e4 - Ecocruiser","description":"Ecocruiser.ee - Asiakaspalvelu: (+372) 56638381 ; S\u00e4hk\u00f6posti: info@projekt.vombat.ee. Tunnetut merkit, laadukas valikoima","robots":{"index":"noindex","follow":"follow","max-snippet":"max-snippet:-1","max-image-preview":"max-image-preview:large","max-video-preview":"max-video-preview:-1"},"og_locale":"en_GB","og_type":"article","og_title":"Ottaa yhteytt\u00e4 - Ecocruiser","og_description":"Ecocruiser.ee - Asiakaspalvelu: (+372) 56638381 ; S\u00e4hk\u00f6posti: info@projekt.vombat.ee. Tunnetut merkit, laadukas valikoima","og_url":"https:\/\/projekt.vombat.ee\/eco\/fi\/ottaa-yhteytta\/","og_site_name":"Ecocruiser","article_modified_time":"2023-03-26T11:02:53+00:00","og_image":[{"url":"https:\/\/projekt.vombat.ee\/eco\/wp-content\/uploads\/2023\/02\/scooters-2.jpg"}],"twitter_card":"summary_large_image","twitter_misc":{"Estimated reading time":"2 minutes"},"schema":{"@context":"https:\/\/schema.org","@graph":[{"@type":"WebPage","@id":"https:\/\/projekt.vombat.ee\/eco\/fi\/ottaa-yhteytta\/","url":"https:\/\/projekt.vombat.ee\/eco\/fi\/ottaa-yhteytta\/","name":"Ottaa yhteytt\u00e4 - Ecocruiser","isPartOf":{"@id":"https:\/\/projekt.vombat.ee\/eco\/#website"},"primaryImageOfPage":{"@id":"https:\/\/projekt.vombat.ee\/eco\/fi\/ottaa-yhteytta\/#primaryimage"},"image":{"@id":"https:\/\/projekt.vombat.ee\/eco\/fi\/ottaa-yhteytta\/#primaryimage"},"thumbnailUrl":"https:\/\/projekt.vombat.ee\/eco\/wp-content\/uploads\/2023\/02\/scooters-2.jpg","datePublished":"2023-03-26T10:09:18+00:00","dateModified":"2023-03-26T11:02:53+00:00","description":"Ecocruiser.ee - Asiakaspalvelu: (+372) 56638381 ; S\u00e4hk\u00f6posti: info@projekt.vombat.ee. Tunnetut merkit, laadukas valikoima","breadcrumb":{"@id":"https:\/\/projekt.vombat.ee\/eco\/fi\/ottaa-yhteytta\/#breadcrumb"},"inLanguage":"en-GB","potentialAction":[{"@type":"ReadAction","target":["https:\/\/projekt.vombat.ee\/eco\/fi\/ottaa-yhteytta\/"]}]},{"@type":"ImageObject","inLanguage":"en-GB","@id":"https:\/\/projekt.vombat.ee\/eco\/fi\/ottaa-yhteytta\/#primaryimage","url":"https:\/\/projekt.vombat.ee\/eco\/wp-content\/uploads\/2023\/02\/scooters-2.jpg","contentUrl":"https:\/\/projekt.vombat.ee\/eco\/wp-content\/uploads\/2023\/02\/scooters-2.jpg","width":500,"height":334},{"@type":"BreadcrumbList","@id":"https:\/\/projekt.vombat.ee\/eco\/fi\/ottaa-yhteytta\/#breadcrumb","itemListElement":[{"@type":"ListItem","position":1,"name":"Home","item":"https:\/\/projekt.vombat.ee\/eco\/"},{"@type":"ListItem","position":2,"name":"Ottaa yhteytt\u00e4"}]},{"@type":"WebSite","@id":"https:\/\/projekt.vombat.ee\/eco\/#website","url":"https:\/\/projekt.vombat.ee\/eco\/","name":"Ecocruiser","description":"","publisher":{"@id":"https:\/\/projekt.vombat.ee\/eco\/#organization"},"potentialAction":[{"@type":"SearchAction","target":{"@type":"EntryPoint","urlTemplate":"https:\/\/projekt.vombat.ee\/eco\/?s={search_term_string}"},"query-input":{"@type":"PropertyValueSpecification","valueRequired":true,"valueName":"search_term_string"}}],"inLanguage":"en-GB"},{"@type":"Organization","@id":"https:\/\/projekt.vombat.ee\/eco\/#organization","name":"Ecocruiser","url":"https:\/\/projekt.vombat.ee\/eco\/","logo":{"@type":"ImageObject","inLanguage":"en-GB","@id":"https:\/\/projekt.vombat.ee\/eco\/#\/schema\/logo\/image\/","url":"https:\/\/projekt.vombat.ee\/eco\/wp-content\/uploads\/2023\/03\/ECOCRUISER_5.png","contentUrl":"https:\/\/projekt.vombat.ee\/eco\/wp-content\/uploads\/2023\/03\/ECOCRUISER_5.png","width":234,"height":91,"caption":"Ecocruiser"},"image":{"@id":"https:\/\/projekt.vombat.ee\/eco\/#\/schema\/logo\/image\/"}}]}},"lang":"fi","translations":{"fi":7224,"et":1173,"lv":10960,"en":12178,"ru":16129,"fr":17123},"pll_sync_post":[],"_links":{"self":[{"href":"https:\/\/projekt.vombat.ee\/eco\/wp-json\/wp\/v2\/pages\/7224"}],"collection":[{"href":"https:\/\/projekt.vombat.ee\/eco\/wp-json\/wp\/v2\/pages"}],"about":[{"href":"https:\/\/projekt.vombat.ee\/eco\/wp-json\/wp\/v2\/types\/page"}],"author":[{"embeddable":true,"href":"https:\/\/projekt.vombat.ee\/eco\/wp-json\/wp\/v2\/users\/3"}],"replies":[{"embeddable":true,"href":"https:\/\/projekt.vombat.ee\/eco\/wp-json\/wp\/v2\/comments?post=7224"}],"version-history":[{"count":4,"href":"https:\/\/projekt.vombat.ee\/eco\/wp-json\/wp\/v2\/pages\/7224\/revisions"}],"predecessor-version":[{"id":7251,"href":"https:\/\/projekt.vombat.ee\/eco\/wp-json\/wp\/v2\/pages\/7224\/revisions\/7251"}],"wp:attachment":[{"href":"https:\/\/projekt.vombat.ee\/eco\/wp-json\/wp\/v2\/media?parent=7224"}],"curies":[{"name":"wp","href":"https:\/\/api.w.org\/{rel}","templated":true}]}}